{"id":45575,"date":"2024-01-25T19:02:28","date_gmt":"2024-01-26T00:02:28","guid":{"rendered":"https:\/\/www.sisinternational.com\/?page_id=45575"},"modified":"2026-01-31T00:29:36","modified_gmt":"2026-01-31T05:29:36","slug":"rebranding-eines-luxushotels","status":"publish","type":"page","link":"https:\/\/www.sisinternational.com\/de\/losungen\/reise-tourismus-und-gastgewerbeberatung\/rebranding-eines-luxushotels\/","title":{"rendered":"Rebranding eines Luxushotels"},"content":{"rendered":"<h1 class=\"wp-block-heading\">Rebranding eines Luxushotels<\/h1>\n\n\n\n<figure class=\"gb-block-image gb-block-image-506b3784\"><img loading=\"lazy\" decoding=\"async\" width=\"1456\" height=\"816\" class=\"gb-image gb-image-506b3784\" src=\"https:\/\/www.sisinternational.com\/wp-content\/uploads\/2025\/08\/Luxury-car-3.jpg\" alt=\"SIS International Marktforschung &amp; Strategie\" title=\"Luxury car (3)\" srcset=\"https:\/\/www.sisinternational.com\/wp-content\/uploads\/2025\/08\/Luxury-car-3.jpg 1456w, https:\/\/www.sisinternational.com\/wp-content\/uploads\/2025\/08\/Luxury-car-3-300x168.jpg 300w, https:\/\/www.sisinternational.com\/wp-content\/uploads\/2025\/08\/Luxury-car-3-1024x574.jpg 1024w, https:\/\/www.sisinternational.com\/wp-content\/uploads\/2025\/08\/Luxury-car-3-768x430.jpg 768w, https:\/\/www.sisinternational.com\/wp-content\/uploads\/2025\/08\/Luxury-car-3-18x10.jpg 18w\" sizes=\"auto, (max-width: 1456px) 100vw, 1456px\"><\/figure>\n\n\n\n<p><\/p>\n\n\n\n<hr class=\"wp-block-separator has-alpha-channel-opacity is-style-dots\"\/>\n\n\n\n<p>What does it mean for a luxury hotel to reinvent itself in an era where guest expectations are as diverse as they are demanding? Luxury hotel rebranding delves into the very essence of what luxury means in the modern context. <\/p>\n\n\n\n<h2 class=\"wp-block-heading\">Was ist ein Rebranding f\u00fcr Luxushotels?<\/h2>\n\n\n\n<p>Bei der Neugestaltung eines Luxushotels muss man sich eingehend damit befassen, was ein Hotel einzigartig macht und wie es sich auf einem \u00fcberf\u00fcllten Markt differenzieren kann. Es geht darum, Luxus auf eine Weise neu zu definieren, die f\u00fcr die G\u00e4ste von heute relevant und ansprechend ist. Dies k\u00f6nnte bedeuten, modernste Technologie f\u00fcr ein nahtloses G\u00e4steerlebnis zu integrieren, nachhaltige Praktiken einzuf\u00fchren, um umweltbewusste Reisende anzusprechen, oder einzigartige, lokalisierte Erlebnisse zu schaffen, die ein Gef\u00fchl von Ort vermitteln.<\/p>\n\n\n\n<h2 class=\"wp-block-heading\">Die Bedeutung der Neugestaltung von Luxushotels heute<\/h2>\n\n\n\n<p>Luxury hotel rebranding allows establishments to stay in tune with changing customer preferences and expectations. <a title=\"Beratung zur Neugestaltung des Hotelresorts\" href=\"https:\/\/www.sisinternational.com\/de\/losungen\/reise-tourismus-und-gastgewerbeberatung\/beratung-zur-neugestaltung-des-markenauftritts-eines-ruckzugshotels\/\" data-wpil-monitor-id=\"2866\">Rebranding allows hotels<\/a> to realign their offerings and services with these emerging trends, ensuring they continue to attract discerning travelers.<\/p>\n\n\n\n<p>Dar\u00fcber hinaus, <a title=\"Beratung zur Neugestaltung des Markenauftritts von Budget-Hotels\" data-wpil-monitor-id=\"2888\" href=\"https:\/\/www.sisinternational.com\/de\/losungen\/reise-tourismus-und-gastgewerbeberatung\/beratung-zur-neugestaltung-des-markenauftritts-von-budgethotels\/\">rebranding in the luxury hotel<\/a> sector often involves embracing new technologies and innovations. This adaptation is crucial in an age where digital integration can significantly enhance the guest experience. From mobile check-ins to AI-powered personal assistants, luxury hotel rebranding often includes integrating technological advancements to streamline operations and offer guests unmatched convenience and personalization.<\/p>\n\n\n\n<h2 class=\"wp-block-heading\">Wann sollte ein Rebranding f\u00fcr Luxushotels durchgef\u00fchrt werden?<\/h2>\n\n\n\n<p>Den richtigen Zeitpunkt f\u00fcr die Neugestaltung eines Luxushotels zu erkennen, ist der Schl\u00fcssel zur Maximierung seiner Wirkung und zur Sicherstellung seines Erfolgs. Mehrere Indikatoren deuten darauf hin, dass f\u00fcr ein Hotel der richtige Zeitpunkt f\u00fcr einen Rebranding-Prozess sein k\u00f6nnte.<\/p>\n\n\n\n<ul class=\"wp-block-list\">\n<li><strong>Veraltetes Markenimage:<\/strong> If a hotel&#8217;s brand image feels outdated or no longer resonates with its target market, it might be time for a rebrand. <\/li>\n\n\n\n<li><strong>Konkurrenzdruck:<\/strong> In a highly competitive industry, staying ahead (or at least on par with competitors) is crucial. If rival hotels are rebranding and upgrading their offerings, it may be a strong indicator to consider a rebrand. <\/li>\n\n\n\n<li><strong>Leistungserweiterung bzw. Leistungs\u00e4nderung:<\/strong> Wenn ein Hotel sein Angebot erweitert, neue M\u00e4rkte erschlie\u00dft oder bedeutende Ver\u00e4nderungen in Betrieb oder Management durchf\u00fchrt, kann ein Rebranding dabei helfen, diese Ver\u00e4nderungen effektiv zu kommunizieren. Es ist eine Gelegenheit, das Hotel mit einer frischen Perspektive und aktualisierten Angeboten erneut auf den Markt zu bringen.<\/li>\n\n\n\n<li><strong>Negative Bewertungen:<\/strong> Wenn ein Hotel unter einer negativen \u00f6ffentlichen Wahrnehmung oder schlechten Bewertungen leidet, kann ein Rebranding wie ein Neustart wirken. Es ist eine Gelegenheit, die Probleme anzugehen, notwendige Verbesserungen vorzunehmen und das Hotel als neue und verbesserte Version seiner selbst vorzustellen.<\/li>\n<\/ul>\n\n\n\n<h2 class=\"wp-block-heading\">Wie wird ein Rebranding eines Luxushotels durchgef\u00fchrt?<\/h2>\n\n\n\n<p>The first step in luxury hotel <a title=\"Rebranding Marktforschung\" href=\"https:\/\/www.sisinternational.com\/de\/losungen\/branding-und-kundenforschungslosungen\/rebranding-marktforschung\/\" data-wpil-monitor-id=\"6688\">rebranding often involves extensive market research<\/a> and analysis. This phase is crucial for understanding current market trends, guest preferences, and the competitive landscape. It helps in identifying the unique selling points of the hotel and how they can be enhanced or reimagined to attract the modern luxury traveler.<\/p>\n\n\n\n<p>Nach der Forschungsphase wird eine neue Markenstrategie entwickelt. Diese Strategie umfasst alles von der visuellen Identit\u00e4t des Hotels (wie Logos und Themen) bis hin zu seiner Botschaft und Positionierung auf dem Markt. Sie ist eine Blaupause, die alle nachfolgenden Rebranding-Bem\u00fchungen leitet und Konsistenz und Koh\u00e4renz in der Wahrnehmung der Marke gew\u00e4hrleistet.<\/p>\n\n\n\n<p>Ein weiterer wichtiger Aspekt ist die Aktualisierung des Serviceangebots und des G\u00e4steerlebnisses. Dies kann die Einf\u00fchrung neuer Services, die \u00dcberarbeitung bestehender Services oder sogar die Schulung des Personals zur Bereitstellung eines neuen Serviceniveaus bedeuten. Ziel ist es, sicherzustellen, dass jeder Aspekt des G\u00e4steerlebnisses mit dem neuen Image \u00fcbereinstimmt und die Erwartungen der G\u00e4ste \u00fcbertrifft.<\/p>\n\n\n\n<p>Auch die digitale Transformation spielt eine wesentliche Rolle. Dabei geht es um die Aktualisierung der digitalen Pr\u00e4senz des Hotels, einschlie\u00dflich der Website, der Online-Buchungsplattformen und der Social-Media-Kan\u00e4le. Das digitale Erlebnis sollte nahtlos und benutzerfreundlich sein und die neue Markenidentit\u00e4t des Hotels widerspiegeln.<\/p>\n\n\n\n<h2 class=\"wp-block-heading\">Was k\u00f6nnen Unternehmen von der Neugestaltung eines Luxushotels erwarten?<\/h2>\n\n\n\n<p>Luxury hotel rebranding is expected to bring the following results:<\/p>\n\n\n\n<ul class=\"wp-block-list\">\n<li><strong>Verbessertes Markenimage:<\/strong> One of the most immediate and noticeable outcomes of luxury hotel rebranding is an enhanced brand image. The rebrand often results in a more contemporary, appealing, and relevant brand identity that resonates with current and potential guests. <\/li>\n\n\n\n<li><strong>Betriebsverbesserungen:<\/strong> Dazu k\u00f6nnen beispielsweise die Optimierung von Prozessen, die Einf\u00fchrung neuer Technologien oder die Verbesserung von Servicestandards geh\u00f6ren. Diese Verbesserungen tragen nicht nur zu einem besseren G\u00e4steerlebnis bei, sondern auch zur Effizienz und Effektivit\u00e4t des Hotelbetriebs.<\/li>\n\n\n\n<li><strong>Marktdifferenzierung:<\/strong> Nach einem Rebranding k\u00f6nnen sich Hotels h\u00e4ufig besser vom Markt abheben. Ein erfolgreiches Rebranding kann einem Hotel helfen, sich abzuheben, indem es seine einzigartigen Qualit\u00e4ten und Angebote hervorhebt, es von der Konkurrenz abhebt und ihm einen Wettbewerbsvorteil verschafft.<\/li>\n<\/ul>\n\n\n\n<h2 class=\"wp-block-heading\">Chancen f\u00fcr Unternehmen<\/h2>\n\n\n\n<p>Das Rebranding eines Luxushotels er\u00f6ffnet Unternehmen in der Hotelbranche zahlreiche M\u00f6glichkeiten. Diese M\u00f6glichkeiten f\u00f6rdern Wachstum, Innovation und langfristigen Erfolg. Hier sind einige der wichtigsten M\u00f6glichkeiten, die sich aus dem Rebranding eines Luxushotels ergeben:<\/p>\n\n\n\n<ul class=\"wp-block-list\">\n<li><strong>Erweiterung der Marktreichweite:<\/strong> Luxury hotel rebranding can help luxury hotels appeal to a broader demographic, including younger travelers and international guests. <\/li>\n\n\n\n<li><strong>Eine st\u00e4rkere Markenidentit\u00e4t schaffen:<\/strong> Ein erfolgreiches Rebranding eines Luxushotels kann die Markenidentit\u00e4t eines Hotels erheblich st\u00e4rken. Diese verbesserte Identit\u00e4t sorgt f\u00fcr ein einpr\u00e4gsameres und unverwechselbareres Markenimage im Ged\u00e4chtnis der G\u00e4ste und hebt das Hotel von seinen Mitbewerbern ab.<\/li>\n\n\n\n<li><strong>Innovative Dienstleistungen und Angebote:<\/strong> Luxury hotel rebranding often involves introducing innovative services and offerings. This can include new dining concepts, unique guest experiences, or incorporating cutting-edge technology. <\/li>\n\n\n\n<li><strong>Aufbau von Partnerschaften und Kooperationen:<\/strong> Rebranding can open doors to new partnerships and collaborations with other businesses, from local artisans and suppliers to international brands. <\/li>\n<\/ul>","protected":false},"excerpt":{"rendered":"<p>Bei der Neugestaltung des Markenauftritts eines Luxushotels geht es darum, den Begriff \u201eLuxus\u201c auf eine Weise neu zu definieren, die f\u00fcr die G\u00e4ste von heute relevant ist und einen einzigartigen Eindruck hinterl\u00e4sst.<\/p>","protected":false},"author":1,"featured_media":65028,"parent":44644,"menu_order":5,"comment_status":"closed","ping_status":"closed","template":"","meta":{"_uag_custom_page_level_css":"","footnotes":""},"class_list":["post-45575","page","type-page","status-publish","has-post-thumbnail"],"uagb_featured_image_src":{"full":["https:\/\/www.sisinternational.com\/wp-content\/uploads\/2025\/08\/Luxury-car-3.jpg",1456,816,false],"thumbnail":["https:\/\/www.sisinternational.com\/wp-content\/uploads\/2025\/08\/Luxury-car-3-150x150.jpg",150,150,true],"medium":["https:\/\/www.sisinternational.com\/wp-content\/uploads\/2025\/08\/Luxury-car-3-300x168.jpg",300,168,true],"medium_large":["https:\/\/www.sisinternational.com\/wp-content\/uploads\/2025\/08\/Luxury-car-3-768x430.jpg",768,430,true],"large":["https:\/\/www.sisinternational.com\/wp-content\/uploads\/2025\/08\/Luxury-car-3-1024x574.jpg",1024,574,true],"1536x1536":["https:\/\/www.sisinternational.com\/wp-content\/uploads\/2025\/08\/Luxury-car-3.jpg",1456,816,false],"2048x2048":["https:\/\/www.sisinternational.com\/wp-content\/uploads\/2025\/08\/Luxury-car-3.jpg",1456,816,false],"trp-custom-language-flag":["https:\/\/www.sisinternational.com\/wp-content\/uploads\/2025\/08\/Luxury-car-3-18x10.jpg",18,10,true]},"uagb_author_info":{"display_name":"Ruth Stanat","author_link":"https:\/\/www.sisinternational.com\/de\/author\/expert\/"},"uagb_comment_info":0,"uagb_excerpt":"Luxury hotel rebranding is about redefining luxury in a way that is relevant and uniquely resonant to today's guests.","_links":{"self":[{"href":"https:\/\/www.sisinternational.com\/de\/wp-json\/wp\/v2\/pages\/45575","targetHints":{"allow":["GET"]}}],"collection":[{"href":"https:\/\/www.sisinternational.com\/de\/wp-json\/wp\/v2\/pages"}],"about":[{"href":"https:\/\/www.sisinternational.com\/de\/wp-json\/wp\/v2\/types\/page"}],"author":[{"embeddable":true,"href":"https:\/\/www.sisinternational.com\/de\/wp-json\/wp\/v2\/users\/1"}],"replies":[{"embeddable":true,"href":"https:\/\/www.sisinternational.com\/de\/wp-json\/wp\/v2\/comments?post=45575"}],"version-history":[{"count":6,"href":"https:\/\/www.sisinternational.com\/de\/wp-json\/wp\/v2\/pages\/45575\/revisions"}],"predecessor-version":[{"id":82080,"href":"https:\/\/www.sisinternational.com\/de\/wp-json\/wp\/v2\/pages\/45575\/revisions\/82080"}],"up":[{"embeddable":true,"href":"https:\/\/www.sisinternational.com\/de\/wp-json\/wp\/v2\/pages\/44644"}],"wp:featuredmedia":[{"embeddable":true,"href":"https:\/\/www.sisinternational.com\/de\/wp-json\/wp\/v2\/media\/65028"}],"wp:attachment":[{"href":"https:\/\/www.sisinternational.com\/de\/wp-json\/wp\/v2\/media?parent=45575"}],"curies":[{"name":"wp","href":"https:\/\/api.w.org\/{rel}","templated":true}]}}