{"id":45218,"date":"2024-01-16T11:12:33","date_gmt":"2024-01-16T16:12:33","guid":{"rendered":"https:\/\/www.sisinternational.com\/?page_id=45218"},"modified":"2026-01-25T17:44:44","modified_gmt":"2026-01-25T22:44:44","slug":"frachtautomatisierung-beratung-zu-kunstlicher-intelligenz","status":"publish","type":"page","link":"https:\/\/www.sisinternational.com\/de\/losungen\/ai-marktforschung-und-strategieberatung\/frachtautomatisierung-beratung-zu-kunstlicher-intelligenz\/","title":{"rendered":"Beratung zu Frachtautomatisierung und k\u00fcnstlicher Intelligenz"},"content":{"rendered":"<h1 class=\"wp-block-heading\">Beratung zu Frachtautomatisierung und k\u00fcnstlicher Intelligenz <\/h1>\n\n\n\n<figure class=\"gb-block-image gb-block-image-9a3d0463\"><img loading=\"lazy\" decoding=\"async\" width=\"1456\" height=\"816\" class=\"gb-image gb-image-9a3d0463\" src=\"https:\/\/www.sisinternational.com\/wp-content\/uploads\/2025\/10\/Freight-Automation-2.jpg\" alt=\"SIS International Marktforschung &amp; Strategie\" title=\"Freight Automation (2)\" srcset=\"https:\/\/www.sisinternational.com\/wp-content\/uploads\/2025\/10\/Freight-Automation-2.jpg 1456w, https:\/\/www.sisinternational.com\/wp-content\/uploads\/2025\/10\/Freight-Automation-2-300x168.jpg 300w, https:\/\/www.sisinternational.com\/wp-content\/uploads\/2025\/10\/Freight-Automation-2-1024x574.jpg 1024w, https:\/\/www.sisinternational.com\/wp-content\/uploads\/2025\/10\/Freight-Automation-2-768x430.jpg 768w, https:\/\/www.sisinternational.com\/wp-content\/uploads\/2025\/10\/Freight-Automation-2-18x10.jpg 18w\" sizes=\"auto, (max-width: 1456px) 100vw, 1456px\"><\/figure>\n\n\n\n<hr class=\"wp-block-separator has-alpha-channel-opacity is-style-dots\"\/>\n\n\n\n<p>Frachtautomatisierung und Beratung zu k\u00fcnstlicher Intelligenz bieten umfassende L\u00f6sungen, die die Art und Weise revolutionieren, wie Waren weltweit transportiert und verwaltet werden. Es ist eine dynamische Schnittstelle, an der Logistik auf Spitzentechnologie trifft und die Frachtbranche in eine neue \u00c4ra intelligenter, effizienter und zuverl\u00e4ssiger Abl\u00e4ufe katapultiert.<\/p>\n\n\n\n<h2 class=\"wp-block-heading\">Welche Rolle spielt die Beratung zu Frachtautomatisierung und k\u00fcnstlicher Intelligenz heute?<\/h2>\n\n\n\n<p>Freight automation and artificial intelligence consulting focus on integrating advanced technological solutions into the freight and logistics industry. They aim to reduce manual intervention, increasing operations&#8217; speed, accuracy, and efficiency.<\/p>\n\n\n\n<p>Therefore, freight automation and <a href=\"https:\/\/www.sisinternational.com\/de\/losungen\/ai-marktforschung-und-strategieberatung\/markteinfuhrung-kunstliche-intelligenz-beratung\/\" title=\"Go-To-Market Beratung zu K\u00fcnstlicher Intelligenz\"  data-wpil-monitor-id=\"2067\">artificial intelligence consulting<\/a> are about strategically implementing these technologies to transform how goods are moved and managed, analyzing the specific needs and challenges of a freight operation, and devising tailored AI and automation strategies.<\/p>\n\n\n\n<h2 class=\"wp-block-heading\">Bedeutung der Frachtautomatisierung und der Beratung zu k\u00fcnstlicher Intelligenz heute<\/h2>\n\n\n\n<figure class=\"gb-block-image gb-block-image-ee794d5a\"><img loading=\"lazy\" decoding=\"async\" width=\"1456\" height=\"816\" class=\"gb-image gb-image-ee794d5a\" src=\"https:\/\/www.sisinternational.com\/wp-content\/uploads\/2025\/10\/Freight-Automation-5.jpg\" alt=\"SIS International Marktforschung &amp; Strategie\" title=\"Freight Automation (5)\" srcset=\"https:\/\/www.sisinternational.com\/wp-content\/uploads\/2025\/10\/Freight-Automation-5.jpg 1456w, https:\/\/www.sisinternational.com\/wp-content\/uploads\/2025\/10\/Freight-Automation-5-300x168.jpg 300w, https:\/\/www.sisinternational.com\/wp-content\/uploads\/2025\/10\/Freight-Automation-5-1024x574.jpg 1024w, https:\/\/www.sisinternational.com\/wp-content\/uploads\/2025\/10\/Freight-Automation-5-768x430.jpg 768w, https:\/\/www.sisinternational.com\/wp-content\/uploads\/2025\/10\/Freight-Automation-5-18x10.jpg 18w\" sizes=\"auto, (max-width: 1456px) 100vw, 1456px\"><\/figure>\n\n\n\n<p><\/p>\n\n\n\n<p>This consulting can substantially reduce operational costs by optimizing routes, predictive maintenance, and resource allocation. This is particularly crucial in a competitive market where cost efficiency can be a key differentiator. Moreover, since the dynamic nature of the logistics market requires businesses to be highly adaptable, AI and automation offer the agility to swiftly respond to changing consumer demands and market conditions.<\/p>\n\n\n\n<p>However, freight <a href=\"https:\/\/www.sisinternational.com\/de\/losungen\/ai-marktforschung-und-strategieberatung\/branding-automatisierung-ki-beratung\/\" title=\"Beratung zu Branding-Automatisierung und k\u00fcnstlicher Intelligenz\"  data-wpil-monitor-id=\"2222\">automation and artificial intelligence consulting<\/a> have countless benefits for companies. Some of the main advantages are as follows:<\/p>\n\n\n\n<ul class=\"wp-block-list\">\n<li><strong>Verbesserte Genauigkeit und Zuverl\u00e4ssigkeit:<\/strong> Automation reduces the likelihood of human error, while AI provides reliable predictions and real-time data analysis, ensuring higher accuracy in operations and decision-making.<\/li>\n\n\n\n<li><strong>Verbesserter Kundenservice:<\/strong> Mit Echtzeit-Tracking, vorhergesagten Lieferzeiten und automatischen Kundenbenachrichtigungen k\u00f6nnen Unternehmen einen erstklassigen Kundenservice bieten und so die Zufriedenheit und Loyalit\u00e4t steigern.<\/li>\n\n\n\n<li><strong>Skalierbarkeit:<\/strong> Automatisierungs- und KI-Systeme lassen sich problemlos skalieren, um dem Wachstum Rechnung zu tragen und erh\u00f6hte Volumina zu bew\u00e4ltigen, weshalb sie ideal f\u00fcr Unternehmen sind, die ihren Betrieb ausweiten m\u00f6chten.<\/li>\n\n\n\n<li><strong>Nachhaltigkeit:<\/strong> Optimierte Routen und effiziente Abl\u00e4ufe tragen zu geringeren Emissionen bei, w\u00e4hrend KI bei der Planung und Umsetzung nachhaltiger Praktiken in der gesamten Lieferkette helfen kann.<\/li>\n\n\n\n<li><strong>Wettbewerbsvorteil:<\/strong> Businesses that adopt <a href=\"https:\/\/www.sisinternational.com\/de\/competitive-intelligence-in-ny\/\" title=\"Competitive Intelligence in NY\"  data-wpil-monitor-id=\"1295\">freight automation and artificial intelligence<\/a> consulting can gain a significant competitive edge by offering faster, more reliable, and cost-effective services.<\/li>\n<\/ul>\n\n\n\n<h2 class=\"wp-block-heading\">Wie unterscheidet sich die Beratung zu Frachtautomatisierung und k\u00fcnstlicher Intelligenz von traditioneller Marktforschung?<\/h2>\n\n\n\n<p>Freight <a href=\"https:\/\/www.sisinternational.com\/de\/losungen\/ai-marktforschung-und-strategieberatung\/restaurantautomatisierung-beratung-zu-kunstlicher-intelligenz\/\" title=\"Beratung zu Restaurantautomatisierung und k\u00fcnstlicher Intelligenz\"  data-wpil-monitor-id=\"2335\">automation and artificial intelligence consulting<\/a> differ from conventional market research regarding their emphasis, approaches, and ultimate objectives. Although both are instrumental in business growth and strategic planning, they fulfill distinct roles:<\/p>\n\n\n\n<ul class=\"wp-block-list\">\n<li><strong>Fokus und Ziel:<\/strong> Traditional market research primarily aims to understand market trends, customer behavior, and competitive landscapes. In contrast, freight automation and AI <a href=\"https:\/\/www.sisinternational.com\/de\/losungen\/ai-marktforschung-und-strategieberatung\/beratung-zur-ki-automatisierung-in-der-lieferkette\/\" title=\"Beratung zur KI-Automatisierung in der Lieferkette\"  data-wpil-monitor-id=\"4411\">Beratung<\/a> focus on optimizing logistics and supply chain operations using advanced technology.<\/li>\n\n\n\n<li><strong>Anwendung und Umsetzung:<\/strong> Die Erkenntnisse aus der Marktforschung werden in der Regel zur Entwicklung von Marketingstrategien, Produktentwicklungen und Kundenbindungsinitiativen verwendet. Gleichzeitig wirken sich Frachtautomatisierung und KI-Beratung direkt auf Betriebsprozesse wie Routenoptimierung, Bestandsverwaltung und automatisierte Lagerhaltung aus.<\/li>\n\n\n\n<li><strong>Ergebnis:<\/strong> Das Ergebnis der Marktforschung ist in der Regel ein besseres Verst\u00e4ndnis des Marktes und der Kundenbed\u00fcrfnisse, was zu verbesserten Verkaufs- und Marketingbem\u00fchungen f\u00fchrt. Im Gegensatz dazu f\u00fchrt die Frachtautomatisierung und KI-Beratung zu einer h\u00f6heren Betriebseffizienz, Kosteneinsparungen und einer verbesserten Logistikleistung.<\/li>\n<\/ul>\n\n\n\n<h2 class=\"wp-block-heading\">Technologien und Tools f\u00fcr die Frachtautomatisierung und Beratung zu k\u00fcnstlicher Intelligenz<\/h2>\n\n\n\n<figure class=\"gb-block-image gb-block-image-00877f88\"><img loading=\"lazy\" decoding=\"async\" width=\"1456\" height=\"816\" class=\"gb-image gb-image-00877f88\" src=\"https:\/\/www.sisinternational.com\/wp-content\/uploads\/2025\/10\/Freight-Automation-1.jpg\" alt=\"SIS International Marktforschung &amp; Strategie\" title=\"Freight Automation (1)\" srcset=\"https:\/\/www.sisinternational.com\/wp-content\/uploads\/2025\/10\/Freight-Automation-1.jpg 1456w, https:\/\/www.sisinternational.com\/wp-content\/uploads\/2025\/10\/Freight-Automation-1-300x168.jpg 300w, https:\/\/www.sisinternational.com\/wp-content\/uploads\/2025\/10\/Freight-Automation-1-1024x574.jpg 1024w, https:\/\/www.sisinternational.com\/wp-content\/uploads\/2025\/10\/Freight-Automation-1-768x430.jpg 768w, https:\/\/www.sisinternational.com\/wp-content\/uploads\/2025\/10\/Freight-Automation-1-18x10.jpg 18w\" sizes=\"auto, (max-width: 1456px) 100vw, 1456px\"><\/figure>\n\n\n\n<p><\/p>\n\n\n\n<p>In freight <a href=\"https:\/\/www.sisinternational.com\/de\/losungen\/ai-marktforschung-und-strategieberatung\/nahrungserganzungsmittel-automatisierung-kunstliche-intelligenz-beratung\/\" title=\"Beratung zur Automatisierung von Nahrungserg\u00e4nzungsmitteln und k\u00fcnstlicher Intelligenz\"  data-wpil-monitor-id=\"2359\">automation and artificial intelligence consulting<\/a>, various specific technologies and tools are employed to enhance efficiency, accuracy, and decision-making in the logistics and transportation sector.<\/p>\n\n\n\n<ul class=\"wp-block-list\">\n<li><strong>Telematik- und Flottenmanagementsysteme:<\/strong> Marken wie Samsara und Omnitracs bieten fortschrittliche Flottenmanagementl\u00f6sungen, die Echtzeitdaten zu Fahrzeugstandorten, Kraftstoffverbrauch und Fahrerverhalten liefern.<\/li>\n\n\n\n<li><strong>Software zur Routenoptimierung:<\/strong> Tools wie Route4Me und ORTEC erm\u00f6glichen eine optimierte Routenplanung f\u00fcr Lieferungen, wodurch der Kraftstoffverbrauch gesenkt und die Lieferzeiten verbessert werden.<\/li>\n\n\n\n<li><strong>Transportmanagementsysteme (TMS):<\/strong> Systeme wie SAP Transportation Management und Oracle Transportation Management bieten umfassende L\u00f6sungen f\u00fcr die Verwaltung von Transportvorg\u00e4ngen.<\/li>\n<\/ul>\n\n\n\n<h2 class=\"wp-block-heading\">Erwartete Ergebnisse aus der Beratung zu Frachtautomatisierung und k\u00fcnstlicher Intelligenz<\/h2>\n\n\n\n<p>Engaging in freight <a href=\"https:\/\/www.sisinternational.com\/de\/losungen\/ai-marktforschung-und-strategieberatung\/b2b-automatisierung-kunstliche-intelligenz-beratung\/\" title=\"B2B-Automatisierung und k\u00fcnstliche Intelligenz-Beratung\"  data-wpil-monitor-id=\"2418\">automation and artificial intelligence consulting<\/a> is expected to yield significant results for businesses, transforming various aspects of logistics and supply chain management \u2013 and here are some key outcomes that businesses can anticipate:<\/p>\n\n\n\n<ul class=\"wp-block-list\">\n<li><strong>H\u00f6here Betriebseffizienz:<\/strong> Automatisierung und KI k\u00f6nnen viele Aspekte des Frachtbetriebs, von der Lagerverwaltung bis zur Routenplanung, rationalisieren und so zu einer h\u00f6heren Gesamteffizienz f\u00fchren.<\/li>\n\n\n\n<li><strong>Kostenreduzierung:<\/strong> Durch Routenoptimierung, Reduzierung des Kraftstoffverbrauchs und Minimierung von Leerlaufzeiten k\u00f6nnen KI und Automatisierung zu einer deutlichen Senkung der Betriebskosten beitragen.<\/li>\n\n\n\n<li><strong>Verbesserte Kundenzufriedenheit:<\/strong> Mithilfe von Echtzeit-Tracking-Funktionen und pr\u00e4diktiver Analytik k\u00f6nnen Unternehmen durch p\u00fcnktliche Lieferungen und proaktive Kommunikation einen besseren Kundenservice bieten.<\/li>\n\n\n\n<li><strong>Verbesserungen der Nachhaltigkeit:<\/strong> Die Optimierung der Routen und die Reduzierung von Leerlaufzeiten tragen zu geringeren CO2-Emissionen bei und unterst\u00fctzen nachhaltigere Frachtpraktiken.<\/li>\n\n\n\n<li><strong>Wettbewerbsvorteil:<\/strong> Fr\u00fche Anwender von Frachtautomatisierung und KI-Technologien k\u00f6nnen sich einen Wettbewerbsvorteil verschaffen, indem sie schnellere, effizientere und kosteng\u00fcnstigere Dienste anbieten.<\/li>\n<\/ul>\n\n\n\n<h2 class=\"wp-block-heading\">Gelegenheiten<\/h2>\n\n\n\n<p>The integration of freight automation and <a href=\"https:\/\/www.sisinternational.com\/de\/einfuhrung-von-kunstlicher-intelligenz-in-kleinen-unternehmen\/\" title=\"Einf\u00fchrung von K\u00fcnstlicher Intelligenz (KI) in kleinen Unternehmen\"  data-wpil-monitor-id=\"2811\">artificial intelligence presents numerous opportunities for businesses<\/a> in the logistics and supply chain sector. Here&#8217;s a brief look at some of these opportunities:<\/p>\n\n\n\n<ul class=\"wp-block-list\">\n<li><strong>Operative Exzellenz:<\/strong> Businesses can achieve operational excellence through streamlined processes, improved efficiency, and reduced human error. Automation and AI can enhance logistics operations, including inventory management, loading and unloading processes, and route optimization.<\/li>\n\n\n\n<li><strong>Skalierbarkeit und Flexibilit\u00e4t:<\/strong> KI- und Automatisierungsl\u00f6sungen bieten Skalierbarkeit, sodass Unternehmen erh\u00f6hte Mengen effizient bew\u00e4ltigen und sich an Marktver\u00e4nderungen anpassen k\u00f6nnen.<\/li>\n\n\n\n<li><strong>Innovation und Wettbewerbsf\u00e4higkeit am Markt:<\/strong> Durch die Implementierung modernster Technologien im Frachtbetrieb k\u00f6nnen sich Unternehmen als Marktf\u00fchrer und Innovatoren in der Logistikbranche positionieren.<\/li>\n\n\n\n<li><strong>Risikomanagement:<\/strong> Pr\u00e4diktive Analysen und intelligente Entscheidungstools helfen dabei, potenzielle Risiken in der Lieferkette zu identifizieren und zu mindern.<\/li>\n\n\n\n<li><strong>Gesch\u00e4ftshorizonte erweitern:<\/strong> Freight <a href=\"https:\/\/www.sisinternational.com\/de\/losungen\/ai-marktforschung-und-strategieberatung\/ol-und-gasautomatisierung-kunstliche-intelligenz-beratung\/\" title=\"Beratung zu Automatisierung in der \u00d6l- und Gasindustrie und k\u00fcnstlicher Intelligenz\"  data-wpil-monitor-id=\"2771\">automation and artificial intelligence consulting<\/a> open up new possibilities in logistics such as exploring new business models and expanding into new markets.<\/li>\n<\/ul>\n\n\n\n<h2 class=\"wp-block-heading\">Herausforderungen<\/h2>\n\n\n\n<figure class=\"gb-block-image gb-block-image-9132afd8\"><img loading=\"lazy\" decoding=\"async\" width=\"1456\" height=\"816\" class=\"gb-image gb-image-9132afd8\" src=\"https:\/\/www.sisinternational.com\/wp-content\/uploads\/2025\/10\/Freight-Automation-4.jpg\" alt=\"SIS International Marktforschung &amp; Strategie\" title=\"Freight Automation (4)\" srcset=\"https:\/\/www.sisinternational.com\/wp-content\/uploads\/2025\/10\/Freight-Automation-4.jpg 1456w, https:\/\/www.sisinternational.com\/wp-content\/uploads\/2025\/10\/Freight-Automation-4-300x168.jpg 300w, https:\/\/www.sisinternational.com\/wp-content\/uploads\/2025\/10\/Freight-Automation-4-1024x574.jpg 1024w, https:\/\/www.sisinternational.com\/wp-content\/uploads\/2025\/10\/Freight-Automation-4-768x430.jpg 768w, https:\/\/www.sisinternational.com\/wp-content\/uploads\/2025\/10\/Freight-Automation-4-18x10.jpg 18w\" sizes=\"auto, (max-width: 1456px) 100vw, 1456px\"><\/figure>\n\n\n\n<p><\/p>\n\n\n\n<p>Freight <a href=\"https:\/\/www.sisinternational.com\/de\/losungen\/ai-marktforschung-und-strategieberatung\/biotechnologie-automatisierung-kunstliche-intelligenz-beratung\/\" title=\"Beratung zu Automatisierung der Biotechnologie und k\u00fcnstlicher Intelligenz\"  data-wpil-monitor-id=\"3913\">automation and artificial intelligence consulting<\/a> also present certain challenges that businesses must navigate \u2013 and addressing these challenges is crucial for a successful implementation:<\/p>\n\n\n\n<ul class=\"wp-block-list\">\n<li><strong>Komplexer Integrationsprozess:<\/strong> Die nahtlose Integration neuer Technologien in vorhandene Systeme und Prozesse kann komplex und zeitaufw\u00e4ndig sein und erfordert spezielles Fachwissen.<\/li>\n\n\n\n<li><strong>Bedenken hinsichtlich Datenschutz und Sicherheit:<\/strong> Angesichts der zunehmenden Abh\u00e4ngigkeit von datengesteuerten L\u00f6sungen wird die Gew\u00e4hrleistung der Sicherheit und des Schutzes von Daten zu einer kritischen Herausforderung, insbesondere im Zusammenhang mit vertraulichen Frachtinformationen.<\/li>\n\n\n\n<li><strong>Zuverl\u00e4ssigkeit und Abh\u00e4ngigkeit der Technologie:<\/strong> Es bestehen m\u00f6glicherweise Bedenken hinsichtlich der Zuverl\u00e4ssigkeit von KI- und Automatisierungssystemen, insbesondere bei kritischen Logistikvorg\u00e4ngen. Eine \u00fcberm\u00e4\u00dfige Abh\u00e4ngigkeit von diesen Technologien kann im Falle von Systemausf\u00e4llen Risiken bergen.<\/li>\n\n\n\n<li><strong>Laufende Wartung und Updates:<\/strong> KI- und Automatisierungssysteme erfordern kontinuierliche \u00dcberwachung, Wartung und regelm\u00e4\u00dfige Updates, was ressourcenintensiv sein kann.<\/li>\n\n\n\n<li><strong>Skalierbarkeit und Zukunftssicherheit:<\/strong> Eine zentrale Herausforderung besteht darin, sicherzustellen, dass KI- und Automatisierungsl\u00f6sungen skalierbar und an zuk\u00fcnftige technologische Fortschritte und Marktver\u00e4nderungen anpassbar sind.<\/li>\n<\/ul>\n\n\n\n<h2 class=\"wp-block-heading\">SIS Solutions: Beratung zu Frachtautomatisierung und k\u00fcnstlicher Intelligenz<\/h2>\n\n\n\n<p>At SIS, we recognize the transformative potential of freight automation and <a href=\"https:\/\/www.sisinternational.com\/de\/losungen\/ai-marktforschung-und-strategieberatung\/versand-logistik-automatisierung-ki-beratung\/\" title=\"Versand- und Logistikautomatisierung und KI-Beratung\"  data-wpil-monitor-id=\"4384\">k\u00fcnstliche Intelligenz<\/a> in revolutionizing the logistics and transportation industry. <a href=\"https:\/\/www.linkedin.com\/company\/sisinternationalresearch\/\" target=\"_blank\" rel=\"noopener\">Our consulting solutions<\/a> offer a strategic roadmap for businesses to seamlessly integrate automation and AI technologies into their freight operations, unlocking new efficiency, reliability, and sustainability levels. Here&#8217;s how we can help:<\/p>\n\n\n\n<ul class=\"wp-block-list\">\n<li><strong>Umfassende Marktanalyse:<\/strong> Our team conducts in-depth market analysis to identify emerging trends, technological advancements, and competitive dynamics within the freight and logistics industry. We provide insights into how automation and AI reshape freight operations and offer strategic recommendations to capitalize on new opportunities.<\/li>\n\n\n\n<li><strong>Entwicklung ma\u00dfgeschneiderter L\u00f6sungen:<\/strong> We develop customized automation and AI solutions tailored to address our clients&#8217; freight operations&#8217; specific challenges and operational contexts.\u00a0<\/li>\n\n\n\n<li><strong>Einbindung der Stakeholder:<\/strong> We engage all stakeholders, including operational staff, management, and external partners, to understand different perspectives and ensure the solutions meet their requirements. Effective stakeholder engagement is crucial for successfully implementing and adopting automation and AI technologies in freight operations.<\/li>\n\n\n\n<li><strong>Fachwissen und Ausbildung:<\/strong> Wir stellen Fachwissen und Schulungen bereit, um sicherzustellen, dass die Mitarbeiter ausreichend f\u00fcr die Arbeit mit neuen Automatisierungs- und KI-Technologien geschult sind. Dar\u00fcber hinaus greifen wir auf spezialisiertes Fachwissen zur\u00fcck, entweder intern oder durch externe Berater, um den Erfolg dieser Initiativen zu steigern.<\/li>\n\n\n\n<li><strong>Einhaltung gesetzlicher Vorschriften und Sicherheit:<\/strong> Wir stellen sicher, dass die Automatisierungs- und KI-L\u00f6sungen alle relevanten Vorschriften und Standards erf\u00fcllen, und minimieren so das Risiko der Nichteinhaltung. Datenschutz, Cybersicherheit und die Einhaltung gesetzlicher Vorschriften haben bei unserem Beratungsansatz h\u00f6chste Priorit\u00e4t.<\/li>\n\n\n\n<li><strong>Kontinuierliche \u00dcberwachung und Optimierung:<\/strong> We provide ongoing support to monitor the performance of automation and AI systems, identify areas for improvement, and optimize their performance. Constant monitoring and optimization are essential for long-term success and adaptation to evolving needs in freight operations.<\/li>\n\n\n\n<li><strong>Integration in vorhandene Infrastruktur:<\/strong> We help businesses integrate new automation and AI technologies seamlessly with their freight systems and infrastructure. Compatibility, scalability, and minimal disruption are key considerations in our integration approach.<\/li>\n<\/ul>\n\n\n\n<p>Partner with SIS for comprehensive freight <a href=\"https:\/\/www.sisinternational.com\/de\/losungen\/ai-marktforschung-und-strategieberatung\/getrankeautomatisierung-kunstliche-intelligenz-beratung\/\" title=\"Beratung zu Getr\u00e4nkeautomatisierung und k\u00fcnstlicher Intelligenz\" data-wpil-monitor-id=\"3929\">automation and artificial intelligence consulting<\/a> solutions that drive innovation, efficiency, and sustainability in the logistics and transportation industry. With our strategic approach and industry expertise, we help clients unlock the full potential of automation and AI to create smarter, more efficient, and reliable freight networks.<\/p>\n\n\n\n<h2 class=\"wp-block-heading\">Unser Standort in New York<\/h2>\n\n\n\n<p>  <iframe loading=\"lazy\" src=\"https:\/\/www.google.com\/maps\/embed?pb=!1m18!1m12!1m3!1d3022.976188376966!2d-73.99130312499956!3d40.740549471389315!2m3!1f0!2f0!3f0!3m2!1i1024!2i768!4f13.1!3m3!1m2!1s0x89c259a15798c731%3A0xd695d09bdd495f25!2s11%20E%2022nd%20St%20FL%202%2C%20New%20York%2C%20NY%2010010%2C%20USA!5e0!3m2!1sen!2spe!4v1726171763526!5m2!1sen!2spe\" width=\"600\" height=\"450\" allowfullscreen=\"allowfullscreen\" data-mce-fragment=\"1\"><\/iframe>  <\/p>\n\n\n\n<h3 class=\"wp-block-heading\">11 E 22nd Street, Floor 2, New York, NY 10010 T: +1(212) 505-6805<\/h3>\n\n\n\n<hr class=\"wp-block-separator has-alpha-channel-opacity\"\/>\n\n\n\n<h2 class=\"wp-block-heading\"><span style=\"font-weight: 400;\">\u00dcber SIS International<\/span><\/h2>\n\n\n\n<p><a href=\"https:\/\/www.sisinternational.com\/de\/\"><span style=\"font-weight: 400;\">SIS International<\/span><\/a><span style=\"font-weight: 400;\"> bietet quantitative, qualitative und strategische Forschung an. Wir liefern Daten, Tools, Strategien, Berichte und Erkenntnisse zur Entscheidungsfindung. Wir f\u00fchren auch Interviews, Umfragen, Fokusgruppen und andere Methoden und Ans\u00e4tze der Marktforschung durch.<\/span><a href=\"https:\/\/www.sisinternational.com\/de\/uber-sis-international-research\/contact-sis-international-market-research\/\"><span style=\"font-weight: 400;\"> Kontakt<\/span><\/a><span style=\"font-weight: 400;\"> f\u00fcr Ihr n\u00e4chstes Marktforschungsprojekt.<\/span><\/p>\n\n\n\n<hr class=\"wp-block-separator has-alpha-channel-opacity\"\/>\n\n\n\n<h2 class=\"wp-block-heading\">&nbsp;<\/h2>\n\n\n\n<p><\/p>\n\n\n\n<p><\/p>","protected":false},"excerpt":{"rendered":"<p>Frachtautomatisierung und KI-Beratung vereinen fortschrittliche Technologien, um manuelle Eingriffe zu reduzieren und Geschwindigkeit, Genauigkeit und Effizienz zu verbessern.<\/p>","protected":false},"author":1,"featured_media":71635,"parent":44406,"menu_order":54,"comment_status":"closed","ping_status":"closed","template":"","meta":{"footnotes":""},"class_list":["post-45218","page","type-page","status-publish","has-post-thumbnail"],"_links":{"self":[{"href":"https:\/\/www.sisinternational.com\/de\/wp-json\/wp\/v2\/pages\/45218","targetHints":{"allow":["GET"]}}],"collection":[{"href":"https:\/\/www.sisinternational.com\/de\/wp-json\/wp\/v2\/pages"}],"about":[{"href":"https:\/\/www.sisinternational.com\/de\/wp-json\/wp\/v2\/types\/page"}],"author":[{"embeddable":true,"href":"https:\/\/www.sisinternational.com\/de\/wp-json\/wp\/v2\/users\/1"}],"replies":[{"embeddable":true,"href":"https:\/\/www.sisinternational.com\/de\/wp-json\/wp\/v2\/comments?post=45218"}],"version-history":[{"count":21,"href":"https:\/\/www.sisinternational.com\/de\/wp-json\/wp\/v2\/pages\/45218\/revisions"}],"predecessor-version":[{"id":78458,"href":"https:\/\/www.sisinternational.com\/de\/wp-json\/wp\/v2\/pages\/45218\/revisions\/78458"}],"up":[{"embeddable":true,"href":"https:\/\/www.sisinternational.com\/de\/wp-json\/wp\/v2\/pages\/44406"}],"wp:featuredmedia":[{"embeddable":true,"href":"https:\/\/www.sisinternational.com\/de\/wp-json\/wp\/v2\/media\/71635"}],"wp:attachment":[{"href":"https:\/\/www.sisinternational.com\/de\/wp-json\/wp\/v2\/media?parent=45218"}],"curies":[{"name":"wp","href":"https:\/\/api.w.org\/{rel}","templated":true}]}}