{"id":45185,"date":"2024-01-15T22:48:43","date_gmt":"2024-01-16T03:48:43","guid":{"rendered":"https:\/\/www.sisinternational.com\/?page_id=45185"},"modified":"2026-01-27T16:50:38","modified_gmt":"2026-01-27T21:50:38","slug":"bergbau-naturliche-ressourcen-automatisierung-kunstliche-intelligenz-beratung","status":"publish","type":"page","link":"https:\/\/www.sisinternational.com\/de\/losungen\/ai-marktforschung-und-strategieberatung\/bergbau-naturliche-ressourcen-automatisierung-kunstliche-intelligenz-beratung\/","title":{"rendered":"Automatisierung und KI-Beratung im Bergbau und in der nat\u00fcrlichen Ressourcen"},"content":{"rendered":"<h1 class=\"gb-headline gb-headline-0bdc7cd0 gb-headline-text\">Automatisierung und Beratung zu k\u00fcnstlicher Intelligenz im Bergbau und in der nat\u00fcrlichen Ressourcen <\/h1>\n\n\n\n<figure class=\"gb-block-image gb-block-image-19beb3d4\"><img loading=\"lazy\" decoding=\"async\" width=\"1456\" height=\"816\" class=\"gb-image gb-image-19beb3d4\" src=\"https:\/\/www.sisinternational.com\/wp-content\/uploads\/2025\/10\/Mining-and-Natural-Resources-3.jpg\" alt=\"SIS International Marktforschung &amp; Strategie\" title=\"Mining and Natural Resources (3)\" srcset=\"https:\/\/www.sisinternational.com\/wp-content\/uploads\/2025\/10\/Mining-and-Natural-Resources-3.jpg 1456w, https:\/\/www.sisinternational.com\/wp-content\/uploads\/2025\/10\/Mining-and-Natural-Resources-3-300x168.jpg 300w, https:\/\/www.sisinternational.com\/wp-content\/uploads\/2025\/10\/Mining-and-Natural-Resources-3-1024x574.jpg 1024w, https:\/\/www.sisinternational.com\/wp-content\/uploads\/2025\/10\/Mining-and-Natural-Resources-3-768x430.jpg 768w, https:\/\/www.sisinternational.com\/wp-content\/uploads\/2025\/10\/Mining-and-Natural-Resources-3-18x10.jpg 18w\" sizes=\"auto, (max-width: 1456px) 100vw, 1456px\"><\/figure>\n\n\n\n<p><\/p>\n\n\n\n<hr class=\"wp-block-separator has-alpha-channel-opacity\"\/>\n\n\n\n<p class=\"p1\">Diese Synergie aus Technologie und Branchenexpertise revolutioniert die Art und Weise, wie wir nat\u00fcrliche Ressourcen erkunden, gewinnen und verwalten. Und die Integration der Automatisierung von Bergbau und nat\u00fcrlichen Ressourcen sowie der Beratung zu k\u00fcnstlicher Intelligenz stellt einen transformativen Sprung nach vorne dar, der Unternehmen hilft, neue Markttrends zu ihrem Vorteil zu nutzen.<\/p>\n\n\n\n<h2 class=\"wp-block-heading p1\">Automatisierung und Beratung zu k\u00fcnstlicher Intelligenz im Bergbau und in der Rohstoffbranche verstehen<\/h2>\n\n\n\n<p class=\"p1\">Mining and natural resources automation and artificial intelligence consulting leverage automation technologies and AI to optimize the various aspects of mining and natural resource extraction. This includes everything from exploration and drilling to processing and logistics. It creates smarter, more efficient, and safer operations by leveraging data-driven insights to make informed decisions that can lead to more effective exploration and resource extraction techniques.<\/p>\n\n\n\n<h2 class=\"wp-block-heading p1\">Warum ben\u00f6tigen Unternehmen Beratung zu Automatisierung und k\u00fcnstlicher Intelligenz im Bergbau und in der Rohstoffbranche?<\/h2>\n\n\n\n<p class=\"p1\">Businesses are turning to automation and artificial intelligence consulting to stay ahead. Consulting reduces the need for human presence in dangerous mining environments, while AI can predict hazardous situations, significantly reducing the risk of accidents.<\/p>\n\n\n\n<p class=\"p1\">Actually, mining and natural <a href=\"https:\/\/www.sisinternational.com\/de\/losungen\/ai-marktforschung-und-strategieberatung\/change-management-automatisierung-kunstliche-intelligenz-beratung\/\" title=\"Change-Management-Automatisierung und KI-Beratung\"  data-wpil-monitor-id=\"7625\">resources automation and artificial intelligence consulting<\/a> can optimize resource usage and manage waste more effectively, contributing to more sustainable practices\u2026 But, it has many other benefits for global businesses, including:<\/p>\n\n\n\n<ul class=\"wp-block-list\">\n<li><b>Erh\u00f6hte Effizienz und Produktivit\u00e4t: <\/b>Automatisierung und KI steigern die betriebliche Effizienz erheblich. Automatisierte Maschinen k\u00f6nnen kontinuierlich und pr\u00e4ziser arbeiten als von Menschen bediente Ger\u00e4te, was zu h\u00f6herer Produktivit\u00e4t und geringeren Betriebsausfallzeiten f\u00fchrt.<\/li>\n\n\n\n<li><b>Verbessertes Ressourcenmanagement:<\/b> KI-Algorithmen k\u00f6nnen geologische Daten genauer und effizienter analysieren als herk\u00f6mmliche Methoden, was zu einem besseren Ressourcenmanagement f\u00fchrt. Dazu geh\u00f6ren pr\u00e4ziseres Bohren, weniger Abfall und optimale Ressourcengewinnung.<\/li>\n\n\n\n<li><b>Kostenreduzierung:<\/b> Automation reduces the need for a large human workforce, especially in hazardous and remote locations, thus lowering labor costs. AI-driven operational efficiencies also minimize waste and energy consumption, cutting operational costs.<\/li>\n\n\n\n<li><b>Umweltvertr\u00e4glichkeit: <\/b>Consulting can help monitor and minimize the environmental impacts of mining activities. It includes optimizing resource usage, managing waste, and reducing the carbon footprint of mining operations.<\/li>\n\n\n\n<li><b>Wettbewerbsvorteil:<\/b> Unternehmen, die Beratung anbieten, sind oft Vorreiter bei Innovationen in der Branche. Dies verschafft ihnen einen Wettbewerbsvorteil in Bezug auf Betriebseffizienz, Kostenmanagement und Umweltverantwortung.<\/li>\n<\/ul>\n\n\n\n<h2 class=\"wp-block-heading\">Wann sollten Unternehmen eine Beratung f\u00fcr Automatisierung und k\u00fcnstliche Intelligenz im Bergbau und in der Rohstoffwirtschaft in Anspruch nehmen?<\/h2>\n\n\n\n<figure class=\"gb-block-image gb-block-image-913cba62\"><img loading=\"lazy\" decoding=\"async\" width=\"1456\" height=\"816\" class=\"gb-image gb-image-913cba62\" src=\"https:\/\/www.sisinternational.com\/wp-content\/uploads\/2025\/10\/Mining-and-Natural-Resources-2.jpg\" alt=\"SIS International Marktforschung &amp; Strategie\" title=\"Mining and Natural Resources (2)\" srcset=\"https:\/\/www.sisinternational.com\/wp-content\/uploads\/2025\/10\/Mining-and-Natural-Resources-2.jpg 1456w, https:\/\/www.sisinternational.com\/wp-content\/uploads\/2025\/10\/Mining-and-Natural-Resources-2-300x168.jpg 300w, https:\/\/www.sisinternational.com\/wp-content\/uploads\/2025\/10\/Mining-and-Natural-Resources-2-1024x574.jpg 1024w, https:\/\/www.sisinternational.com\/wp-content\/uploads\/2025\/10\/Mining-and-Natural-Resources-2-768x430.jpg 768w, https:\/\/www.sisinternational.com\/wp-content\/uploads\/2025\/10\/Mining-and-Natural-Resources-2-18x10.jpg 18w\" sizes=\"auto, (max-width: 1456px) 100vw, 1456px\"><\/figure>\n\n\n\n<p class=\"p1\">ICH<\/p>\n\n\n\n<p class=\"p1\">dentifying the optimal scenario to delve into consulting is crucial for fully reaping its advantages \u2013 and guaranteeing effective implementation. Some key scenarios to consider in mining and natural resources automation and artificial intelligence consulting are:<\/p>\n\n\n\n<ul class=\"wp-block-list\">\n<li><b>Betriebliche Herausforderungen: <\/b>If a business faces high operational costs, low productivity, or safety issues, it\u2019s a strong indicator that automation and AI could bring significant improvements.<\/li>\n\n\n\n<li><b>Marktwettbewerb: <\/b>Adopting AI and automation can provide a significant competitive advantage in terms of efficiency, cost savings, and innovation.<\/li>\n\n\n\n<li><b>Technologische Upgrades: <\/b>If a business is already upgrading its technological infrastructure, integrating AI and automation as part of this overhaul can maximize the return on investment and future-proof operations.<\/li>\n\n\n\n<li><b>Einschr\u00e4nkungen hinsichtlich der Belegschaft: <\/b>In regions with a shortage of skilled labor or where the workforce is exposed to hazardous conditions, automation can fill critical gaps and improve safety.<\/li>\n\n\n\n<li><b>Globale Branchentrends<\/b>: Es ist entscheidend, mit den globalen Trends und technologischen Fortschritten im Bergbau- und Rohstoffsektor Schritt zu halten. Die Einf\u00fchrung von KI und Automatisierung als Reaktion auf diese Trends stellt sicher, dass das Unternehmen relevant und wettbewerbsf\u00e4hig bleibt.<\/li>\n<\/ul>\n\n\n\n<h2 class=\"wp-block-heading p1\">Beratung zu Automatisierung im Bergbau und in der Rohstoffwirtschaft sowie k\u00fcnstlicher Intelligenz und die erwarteten Ergebnisse<\/h2>\n\n\n\n<p class=\"p5\">When mining and natural resources businesses invest in automation and artificial intelligence consulting, there are several results businesses can anticipate. These results span various aspects of operations, offering transformative changes that align with business and environmental goals.<\/p>\n\n\n\n<ul class=\"wp-block-list\">\n<li><b>Verbesserte Betriebseffizienz: <\/b>Mining and natural resources automation and artificial intelligence consulting can streamline numerous mining processes, leading to increased operational efficiency.\u00a0<\/li>\n\n\n\n<li><b>Kostenreduzierung: <\/b>Over time, integrating AI and automation technologies can lead to considerable cost savings.\u00a0<\/li>\n\n\n\n<li><b>Erh\u00f6hte Produktionskapazit\u00e4t: <\/b>Durch Automatisierung kann der Bergbaubetrieb kontinuierlich weiterlaufen, was zu einer Steigerung der Produktionskapazit\u00e4t f\u00fchrt. KI-optimierte Prozesse stellen zudem sicher, dass diese erh\u00f6hte Kapazit\u00e4t nicht auf Kosten der Qualit\u00e4t oder Sicherheit geht.<\/li>\n\n\n\n<li><b>Reduzierte Umweltbelastung: <\/b>Consulting can help minimize the environmental footprint of mining operations.\u00a0<\/li>\n\n\n\n<li><b>Anpassungsf\u00e4higkeit an Marktver\u00e4nderungen: <\/b>KI und Automatisierung bieten die Flexibilit\u00e4t, den Betrieb schnell an Marktschwankungen oder regulatorische \u00c4nderungen anzupassen.<\/li>\n<\/ul>\n\n\n\n<h2 class=\"wp-block-heading p4\">Trends in der Automatisierung von Bergbau und nat\u00fcrlichen Ressourcen sowie in der Beratung zu k\u00fcnstlicher Intelligenz<\/h2>\n\n\n\n<p class=\"p5\">The mining and natural resources sector is witnessing rapid technological advancements, with automation and artificial intelligence playing a pivotal role. Keeping up with these trends is essential for businesses in this industry to stay competitive and efficient. Here are some of the current trends in mining and natural resources automation and AI consulting:<\/p>\n\n\n\n<ul class=\"wp-block-list\">\n<li><b>Verst\u00e4rkter Einsatz von Robotik und Automatisierung:<\/b> Es gibt einen wachsenden Trend, Roboter im Bergbau f\u00fcr Aufgaben wie Bohren, Sprengen und Materialtransport einzusetzen. Diese automatisierten Systeme steigern die Effizienz und reduzieren den Bedarf menschlicher Eingriffe bei gef\u00e4hrlichen Aufgaben.<\/li>\n\n\n\n<li><b>KI-gesteuerte vorausschauende Wartung:<\/b> Utilizing AI to predict equipment failures and schedule maintenance is becoming increasingly common. This approach helps reduce downtime and extend the lifespan of expensive mining equipment.<\/li>\n\n\n\n<li><b>Integration des IoT in den Bergbaubetrieb:<\/b> The Internet of Things (IoT) is increasingly integrated into mining equipment and operations. Sensors and IoT devices collect vast amounts of data AI systems analyze to optimize operations and monitor environmental conditions.<\/li>\n\n\n\n<li><b>Nachhaltige und umweltfreundliche Praktiken:<\/b> Es gibt einen starken Trend, KI und Automatisierung zu nutzen, um nachhaltigere Bergbaupraktiken zu erreichen. Dazu geh\u00f6ren die Optimierung des Energieverbrauchs, die Reduzierung von Abfall und die Minimierung der Umweltauswirkungen von Bergbauaktivit\u00e4ten.<\/li>\n\n\n\n<li><b>Virtuelle und Erweiterte Realit\u00e4t f\u00fcr Schulungen: <\/b>VR and AR are\u00a0on the rise, providing a safe and interactive environment for training workers in complex and hazardous tasks.<\/li>\n<\/ul>\n\n\n\n<h2 class=\"wp-block-heading\">Technologien und Werkzeuge im Bergbau und in der Rohstoffbranche Automatisierung und Beratung zu k\u00fcnstlicher Intelligenz<\/h2>\n\n\n\n<p>Eine Vielzahl fortschrittlicher Technologien und Tools wird genutzt, um die Automatisierung voranzutreiben und k\u00fcnstliche Intelligenz zu integrieren. Diese Technologien sind von entscheidender Bedeutung f\u00fcr die Umgestaltung des Bergbaubetriebs und machen ihn sicherer, effizienter und nachhaltiger. Hier ist ein \u00dcberblick \u00fcber einige Schl\u00fcsseltechnologien und bemerkenswerte Tools oder Marken, die in diesem Sektor erhebliche Auswirkungen haben:<\/p>\n\n\n\n<ul class=\"wp-block-list\">\n<li><b>Autonome und ferngesteuerte Fahrzeuge:<\/b> Marken wie Caterpillar und Komatsu sind Vorreiter bei der Entwicklung autonomer Lkw und Maschinen f\u00fcr den Bergbau. Diese Fahrzeuge verbessern die Sicherheit und Effizienz, indem sie in gef\u00e4hrlichen Umgebungen ohne direkte menschliche Kontrolle eingesetzt werden.<\/li>\n\n\n\n<li><b>Drohnen f\u00fcr Vermessung und Inspektion:<\/b> Drones are increasingly used for aerial surveying of mining sites, offering a safe and cost-effective way to gather detailed geographical information.<\/li>\n\n\n\n<li><b>IoT-Sensoren und -Ger\u00e4te: <\/b>Unternehmen wie Bosch und Siemens bieten fortschrittliche IoT-Sensoren und -Ger\u00e4te an, die Echtzeitdaten zur Ger\u00e4teleistung, zu Umgebungsbedingungen und zur Sicherheit der Arbeiter erfassen und so eine proaktive Verwaltung des Bergbaubetriebs erm\u00f6glichen.<\/li>\n<\/ul>\n\n\n\n<h2 class=\"wp-block-heading p5\">Gelegenheiten und Herausforderungen<\/h2>\n\n\n\n<figure class=\"gb-block-image gb-block-image-4e4cbac6\"><img loading=\"lazy\" decoding=\"async\" width=\"1456\" height=\"816\" class=\"gb-image gb-image-4e4cbac6\" src=\"https:\/\/www.sisinternational.com\/wp-content\/uploads\/2025\/10\/Mining-and-Natural-Resources-1.jpg\" alt=\"SIS International Marktforschung &amp; Strategie\" title=\"Mining and Natural Resources (1)\" srcset=\"https:\/\/www.sisinternational.com\/wp-content\/uploads\/2025\/10\/Mining-and-Natural-Resources-1.jpg 1456w, https:\/\/www.sisinternational.com\/wp-content\/uploads\/2025\/10\/Mining-and-Natural-Resources-1-300x168.jpg 300w, https:\/\/www.sisinternational.com\/wp-content\/uploads\/2025\/10\/Mining-and-Natural-Resources-1-1024x574.jpg 1024w, https:\/\/www.sisinternational.com\/wp-content\/uploads\/2025\/10\/Mining-and-Natural-Resources-1-768x430.jpg 768w, https:\/\/www.sisinternational.com\/wp-content\/uploads\/2025\/10\/Mining-and-Natural-Resources-1-18x10.jpg 18w\" sizes=\"auto, (max-width: 1456px) 100vw, 1456px\"><\/figure>\n\n\n\n<p><\/p>\n\n\n\n<p class=\"p11\">Mining and natural resources businesses invest in automation and artificial intelligence consulting, which presents significant opportunities and notable challenges. Understanding and effectively managing these can help companies to maximize the benefits and mitigate potential drawbacks.<\/p>\n\n\n\n<h3 class=\"wp-block-heading p11\">Gelegenheiten<\/h3>\n\n\n\n<ul class=\"wp-block-list\">\n<li><b>Betriebseffizienz und Produktivit\u00e4t:<\/b> Bergbau- und Rohstoffunternehmen investieren in Automatisierungs- und k\u00fcnstliche Intelligenzberatung, um die Betriebseffizienz deutlich zu steigern, was zu h\u00f6herer Produktivit\u00e4t, schnelleren Verarbeitungszeiten und einer effizienteren Ressourcennutzung f\u00fchrt.<\/li>\n\n\n\n<li><b>Datengesteuerte Entscheidungsfindung: <\/b>Bergbau- und Rohstoffunternehmen investieren in Automatisierung und k\u00fcnstliche Intelligenzberatung, um<span class=\"Apple-converted-space\">\u00a0 <\/span>wertvolle Einblicke in den Betrieb und helfen Unternehmen dabei, fundierte Entscheidungen \u00fcber Ressourcenmanagement, Explorationsstrategien und Marktpositionierung zu treffen.<\/li>\n\n\n\n<li><b>Wettbewerbsvorteil:<\/b> Wer im Bergbau fr\u00fchzeitig auf KI und Automatisierung setzt, kann sich einen erheblichen Wettbewerbsvorteil verschaffen, indem er die Effizienz steigert, die Kosten senkt und sein Engagement f\u00fcr Innovation und Nachhaltigkeit unter Beweis stellt.<\/li>\n<\/ul>\n\n\n\n<h3 class=\"wp-block-heading p11\">Herausforderungen<\/h3>\n\n\n\n<ul class=\"wp-block-list\">\n<li><b>Technische Komplexit\u00e4t und Qualifikationsl\u00fccken: <\/b>The complexity of AI and automation technologies requires specialized skills. There is often a gap between the necessary technical expertise and the available workforce skills.<\/li>\n\n\n\n<li><b>Integration mit bestehenden Systemen:<\/b> Die Integration neuer Technologien in bestehende Systeme und Prozesse kann eine Herausforderung darstellen und erhebliche Anpassungen oder \u00dcberarbeitungen erfordern.<\/li>\n\n\n\n<li><b>Cybersicherheitsrisiken:<\/b> Increased reliance on digital systems raises cybersecurity concerns. Protecting sensitive data and ensuring the security of automated systems is crucial.<\/li>\n<\/ul>\n\n\n\n<h2 class=\"wp-block-heading\">SIS Solutions: Beratung zu Automatisierung und k\u00fcnstlicher Intelligenz im Bergbau und in der Rohstoffbranche<\/h2>\n\n\n\n<p>We provide benefits such as increased efficiency, productivity, enhanced resource management, cost reduction, environmental sustainability, and competitive edge. <a href=\"https:\/\/www.linkedin.com\/company\/sisinternationalresearch\/\" target=\"_blank\" rel=\"noopener\">Our researchers<\/a> conduct strategic analyses to transform information into actionable insights for clients considering automation and AI in mining and natural resources. This includes:<\/p>\n\n\n\n<ul class=\"wp-block-list\">\n<li>Optimierung von Exploration, Bohrung, Verarbeitung und Logistik durch Automatisierung und KI.<\/li>\n\n\n\n<li>Optimierung der Bergbauprozesse f\u00fcr mehr Effizienz und Sicherheit.<\/li>\n\n\n\n<li>Pr\u00e4ventive Wartung zur Reduzierung von Ger\u00e4teausfallzeiten.<\/li>\n\n\n\n<li>IoT-Integration zur Betriebsoptimierung in Echtzeit.<\/li>\n\n\n\n<li>Robotik und Automatisierung f\u00fcr gef\u00e4hrliche Aufgaben.<\/li>\n\n\n\n<li>KI f\u00fcr pr\u00e4zises Ressourcenmanagement und Abfallreduzierung.<\/li>\n\n\n\n<li>VR und AR f\u00fcr sicheres und effektives Training.<\/li>\n<\/ul>\n\n\n\n<p>Unsere umfangreichen Branchenverbindungen, die wir \u00fcber drei Jahrzehnte aufgebaut haben, erm\u00f6glichen einen umfassenden Ansatz f\u00fcr die Automatisierung von Bergbau und nat\u00fcrlichen Ressourcen sowie die KI-Beratung. Das SIS-Strategieteam integriert die neuesten Fortschritte, unterst\u00fctzt von unseren weltweiten Niederlassungen, um ma\u00dfgeschneiderte L\u00f6sungen bereitzustellen, die auf die spezifischen Herausforderungen und Chancen des Sektors eingehen.<\/p>\n\n\n\n<h2 class=\"wp-block-heading\">Unser Standort in New York<\/h2>\n\n\n\n<p>  <iframe loading=\"lazy\" src=\"https:\/\/www.google.com\/maps\/embed?pb=!1m18!1m12!1m3!1d3022.976188376966!2d-73.99130312499956!3d40.740549471389315!2m3!1f0!2f0!3f0!3m2!1i1024!2i768!4f13.1!3m3!1m2!1s0x89c259a15798c731%3A0xd695d09bdd495f25!2s11%20E%2022nd%20St%20FL%202%2C%20New%20York%2C%20NY%2010010%2C%20USA!5e0!3m2!1sen!2spe!4v1726171763526!5m2!1sen!2spe\" width=\"600\" height=\"450\" allowfullscreen=\"allowfullscreen\" data-mce-fragment=\"1\"><\/iframe>  <\/p>\n\n\n\n<h3 class=\"wp-block-heading\">11 E 22nd Street, Floor 2, New York, NY 10010 T: +1(212) 505-6805<\/h3>\n\n\n\n<hr class=\"wp-block-separator has-alpha-channel-opacity\"\/>\n\n\n\n<h2 class=\"wp-block-heading\"><span style=\"font-weight: 400;\">\u00dcber SIS International<\/span><\/h2>\n\n\n\n<p><a href=\"https:\/\/www.sisinternational.com\/de\/\"><span style=\"font-weight: 400;\">SIS International<\/span><\/a><span style=\"font-weight: 400;\"> bietet quantitative, qualitative und strategische Forschung an. Wir liefern Daten, Tools, Strategien, Berichte und Erkenntnisse zur Entscheidungsfindung. Wir f\u00fchren auch Interviews, Umfragen, Fokusgruppen und andere Methoden und Ans\u00e4tze der Marktforschung durch.<\/span><a href=\"https:\/\/www.sisinternational.com\/de\/uber-sis-international-research\/contact-sis-international-market-research\/\"><span style=\"font-weight: 400;\"> Kontakt<\/span><\/a><span style=\"font-weight: 400;\"> f\u00fcr Ihr n\u00e4chstes Marktforschungsprojekt.<\/span><\/p>\n\n\n\n<hr class=\"wp-block-separator has-alpha-channel-opacity\"\/>","protected":false},"excerpt":{"rendered":"<p>Die Beratung zu Automatisierung im Bergbau und in der nat\u00fcrlichen Ressourcen sowie zu k\u00fcnstlicher Intelligenz konzentriert sich auf die Optimierung des Bergbaus und der Gewinnung nat\u00fcrlicher Ressourcen.<\/p>","protected":false},"author":1,"featured_media":71561,"parent":44406,"menu_order":51,"comment_status":"closed","ping_status":"closed","template":"","meta":{"footnotes":""},"class_list":["post-45185","page","type-page","status-publish","has-post-thumbnail"],"_links":{"self":[{"href":"https:\/\/www.sisinternational.com\/de\/wp-json\/wp\/v2\/pages\/45185","targetHints":{"allow":["GET"]}}],"collection":[{"href":"https:\/\/www.sisinternational.com\/de\/wp-json\/wp\/v2\/pages"}],"about":[{"href":"https:\/\/www.sisinternational.com\/de\/wp-json\/wp\/v2\/types\/page"}],"author":[{"embeddable":true,"href":"https:\/\/www.sisinternational.com\/de\/wp-json\/wp\/v2\/users\/1"}],"replies":[{"embeddable":true,"href":"https:\/\/www.sisinternational.com\/de\/wp-json\/wp\/v2\/comments?post=45185"}],"version-history":[{"count":8,"href":"https:\/\/www.sisinternational.com\/de\/wp-json\/wp\/v2\/pages\/45185\/revisions"}],"predecessor-version":[{"id":81248,"href":"https:\/\/www.sisinternational.com\/de\/wp-json\/wp\/v2\/pages\/45185\/revisions\/81248"}],"up":[{"embeddable":true,"href":"https:\/\/www.sisinternational.com\/de\/wp-json\/wp\/v2\/pages\/44406"}],"wp:featuredmedia":[{"embeddable":true,"href":"https:\/\/www.sisinternational.com\/de\/wp-json\/wp\/v2\/media\/71561"}],"wp:attachment":[{"href":"https:\/\/www.sisinternational.com\/de\/wp-json\/wp\/v2\/media?parent=45185"}],"curies":[{"name":"wp","href":"https:\/\/api.w.org\/{rel}","templated":true}]}}