{"id":45171,"date":"2024-01-15T21:43:23","date_gmt":"2024-01-16T02:43:23","guid":{"rendered":"https:\/\/www.sisinternational.com\/?page_id=45171"},"modified":"2026-02-18T13:39:53","modified_gmt":"2026-02-18T18:39:53","slug":"nahrungserganzungsmittel-automatisierung-kunstliche-intelligenz-beratung","status":"publish","type":"page","link":"https:\/\/www.sisinternational.com\/de\/losungen\/ai-marktforschung-und-strategieberatung\/nahrungserganzungsmittel-automatisierung-kunstliche-intelligenz-beratung\/","title":{"rendered":"Beratung zur Automatisierung von Nahrungserg\u00e4nzungsmitteln und k\u00fcnstlicher Intelligenz"},"content":{"rendered":"<h1 class=\"wp-block-heading\">Beratung zur Automatisierung von Nahrungserg\u00e4nzungsmitteln und k\u00fcnstlicher Intelligenz<\/h1>\n\n\n\n<figure class=\"gb-block-image gb-block-image-91cbbb2e\"><img loading=\"lazy\" decoding=\"async\" width=\"1456\" height=\"816\" class=\"gb-image gb-image-91cbbb2e\" src=\"https:\/\/www.sisinternational.com\/wp-content\/uploads\/2025\/08\/Nutritional-supplement-3.jpg\" alt=\"SIS International Marktforschung &amp; Strategie\" title=\"Nutritional supplement (3)\" srcset=\"https:\/\/www.sisinternational.com\/wp-content\/uploads\/2025\/08\/Nutritional-supplement-3.jpg 1456w, https:\/\/www.sisinternational.com\/wp-content\/uploads\/2025\/08\/Nutritional-supplement-3-300x168.jpg 300w, https:\/\/www.sisinternational.com\/wp-content\/uploads\/2025\/08\/Nutritional-supplement-3-1024x574.jpg 1024w, https:\/\/www.sisinternational.com\/wp-content\/uploads\/2025\/08\/Nutritional-supplement-3-768x430.jpg 768w, https:\/\/www.sisinternational.com\/wp-content\/uploads\/2025\/08\/Nutritional-supplement-3-18x10.jpg 18w\" sizes=\"auto, (max-width: 1456px) 100vw, 1456px\"><\/figure>\n\n\n\n<p><\/p>\n\n\n\n<p>Is the future of health and wellness forged by the hands of technology? As consumers increasingly seek personalized health solutions and the market for supplements expands, the integration of advanced technologies is transforming how nutritional products are developed, produced, and distributed. <\/p>\n\n\n\n<p>That\u2019s why nutritional supplements automation and artificial intelligence consulting is at the forefront of this transformation, offering an unprecedented opportunity to elevate the standards of health and wellness products to new heights of excellence.<\/p>\n\n\n\n<h2 class=\"wp-block-heading\">Die Rolle der Automatisierung von Nahrungserg\u00e4nzungsmitteln und der Beratung zu k\u00fcnstlicher Intelligenz und ihre Bedeutung<\/h2>\n\n\n\n<p>Nutritional supplements <a title=\"Beratung zu Getr\u00e4nkeautomatisierung und k\u00fcnstlicher Intelligenz\" href=\"https:\/\/www.sisinternational.com\/de\/losungen\/ai-marktforschung-und-strategieberatung\/getrankeautomatisierung-kunstliche-intelligenz-beratung\/\" data-wpil-monitor-id=\"3949\">automation and artificial intelligence consulting<\/a> refers to the application of AI technologies and automation processes in the field of dietary supplements. This consulting service leverages AI for personalized supplement recommendations based on individual health data, automating production lines for efficiency and precision in supplement manufacturing, and employing data analytics for market research and trend analysis.<\/p>\n\n\n\n<p>Sie bietet Pr\u00e4zision und Konsistenz in der Herstellung und stellt sicher, dass die Produkte den hohen Standards f\u00fcr Verbrauchersicherheit und Einhaltung gesetzlicher Vorschriften entsprechen. Dar\u00fcber hinaus verringert die Automatisierung das Risiko menschlicher Fehler im Herstellungsprozess erheblich, was angesichts der komplexen Rezepturen, die Nahrungserg\u00e4nzungsmittel h\u00e4ufig enthalten, ein wichtiger Aspekt ist.<\/p>\n\n\n\n<p>Dar\u00fcber hinaus kann die Beratung das Bestandsmanagement optimieren, die Nachfrage vorhersagen und die Logistik rationalisieren, um sicherzustellen, dass die Produkte die Verbraucher rechtzeitig erreichen. Insbesondere bringt sie viele weitere Vorteile mit sich, wie zum Beispiel:<\/p>\n\n\n\n<ul class=\"wp-block-list\">\n<li><strong>Datengesteuerte Erkenntnisse f\u00fcr die Produktentwicklung:<\/strong> KI nutzt Big-Data-Analysen, um Erkenntnisse \u00fcber Verbrauchertrends und -pr\u00e4ferenzen zu gewinnen und so die Entwicklung neuer und verbesserter Nahrungserg\u00e4nzungsmittel zu unterst\u00fctzen.<\/li>\n\n\n\n<li><strong>Personalisierte Produktangebote:<\/strong> KI kann Herstellern dabei helfen, ihre Produkte an die individuellen Bed\u00fcrfnisse der Verbraucher anzupassen und so dem Trend zur Personalisierung im Gesundheits- und Wellnessbereich Rechnung zu tragen.<\/li>\n\n\n\n<li><strong>Verbesserte Einhaltung gesetzlicher Vorschriften:<\/strong> Durch die Automatisierung von Fertigungsprozessen kann die Einhaltung strenger Gesundheits- und Sicherheitsvorschriften sichergestellt und das Risiko von Strafen wegen Nichteinhaltung verringert werden.<\/li>\n\n\n\n<li><strong>Marktreaktivit\u00e4t:<\/strong> Dank der F\u00e4higkeit der KI, Marktdaten schnell zu analysieren, k\u00f6nnen Hersteller von Nahrungserg\u00e4nzungsmitteln rasch auf sich \u00e4ndernde Verbraucherbed\u00fcrfnisse und neue Gesundheitstrends reagieren.<\/li>\n\n\n\n<li><strong>Verbessertes Kundenerlebnis:<\/strong> Indem sie Abl\u00e4ufe optimieren und die Produktion gezielter Nahrungserg\u00e4nzungsmittel erm\u00f6glichen, tragen KI und Automatisierung zu einem insgesamt besseren Kundenerlebnis bei.<\/li>\n<\/ul>\n\n\n\n<h2 class=\"wp-block-heading\">Schl\u00fcsselfaktoren f\u00fcr den Erfolg bei der Automatisierung von Nahrungserg\u00e4nzungsmitteln und der Beratung zu k\u00fcnstlicher Intelligenz<\/h2>\n\n\n\n<p>Die erfolgreiche Implementierung von Automatisierung und k\u00fcnstlicher Intelligenz in der Nahrungserg\u00e4nzungsmittelbranche h\u00e4ngt von mehreren Schl\u00fcsselfaktoren ab, darunter:.<\/p>\n\n\n\n<ul class=\"wp-block-list\">\n<li><strong>Auswahl der richtigen Technologien:<\/strong> Selecting appropriate automation and AI technologies that suit the specific needs of nutritional supplement manufacturing is critical. <\/li>\n\n\n\n<li><strong>Einhaltung gesetzlicher Vorschriften:<\/strong> Die Nahrungserg\u00e4nzungsmittelbranche unterliegt strengen Vorschriften. Automatisierungs- und KI-L\u00f6sungen m\u00fcssen alle relevanten Gesundheits- und Sicherheitsvorschriften, Qualit\u00e4tsstandards und Kennzeichnungsanforderungen erf\u00fcllen.<\/li>\n\n\n\n<li><strong>Effektives \u00c4nderungsmanagement:<\/strong> Die Implementierung neuer Technologien erfordert erhebliche \u00c4nderungen der Betriebsabl\u00e4ufe. Um einen reibungslosen \u00dcbergang zu erm\u00f6glichen und die Zustimmung aller Beteiligten sicherzustellen, sind effektive \u00c4nderungsmanagementstrategien erforderlich.<\/li>\n\n\n\n<li><strong>Lieferanten- und Partnerbeziehungen:<\/strong> Durch den Aufbau enger Beziehungen zu Technologieanbietern und Beratungspartnern k\u00f6nnen Sie auf fortschrittliche Technologien, kompetente Beratung und fortlaufende Unterst\u00fctzung zugreifen.<\/li>\n<\/ul>\n\n\n\n<h2 class=\"wp-block-heading\">Was Sie von der Automatisierung von Nahrungserg\u00e4nzungsmitteln und der Beratung zu k\u00fcnstlicher Intelligenz erwarten k\u00f6nnen<\/h2>\n\n\n\n<p>Engaging in nutritional supplements automation and artificial <a title=\"Einf\u00fchrung von K\u00fcnstlicher Intelligenz (KI) in kleinen Unternehmen\" href=\"https:\/\/www.sisinternational.com\/de\/einfuhrung-von-kunstlicher-intelligenz-in-kleinen-unternehmen\/\" data-wpil-monitor-id=\"2814\">intelligence consulting<\/a> offers a wide range of positive outcomes for businesses in this industry \u2013 and companies can expect several impactful changes and enhancements, including:<\/p>\n\n\n\n<ul class=\"wp-block-list\">\n<li><strong>Optimierte Herstellungsprozesse:<\/strong> Mithilfe der Automatisierungstechnologie lassen sich zahlreiche Herstellungsprozesse \u2013 von der Sortierung der Inhaltsstoffe und der Dosierungsformulierung bis hin zur Verpackung und Etikettierung \u2013 rationalisieren, was zu einer h\u00f6heren Betriebseffizienz f\u00fchrt.<\/li>\n\n\n\n<li><strong>Kostenreduzierung:<\/strong> Durch verbesserte Effizienz und weniger Abfall k\u00f6nnen Unternehmen mit einer Senkung der Herstellungskosten rechnen. Durch Automatisierung wird der Bedarf an manueller Arbeit verringert, w\u00e4hrend KI die Ressourcennutzung optimiert.<\/li>\n\n\n\n<li><strong>Personalisierte Produktangebote:<\/strong> Durch den Einsatz k\u00fcnstlicher Intelligenz k\u00f6nnen Unternehmen personalisiertere und gezieltere Nahrungserg\u00e4nzungsmittel entwickeln, die auf die individuellen Gesundheitsbed\u00fcrfnisse und Vorlieben der Verbraucher abgestimmt sind.<\/li>\n\n\n\n<li><strong>Verbessertes Supply Chain Management:<\/strong> KI-Tools werden das Supply Chain Management verbessern, die Nachfrage pr\u00e4ziser vorhersagen, Lagerbest\u00e4nde optimieren und eine rechtzeitige Beschaffung von Rohstoffen gew\u00e4hrleisten.<\/li>\n\n\n\n<li><strong>Compliance und Sicherheitsgarantie:<\/strong> Nutritional supplements <a title=\"Beratung zur Automatisierung des Investment Banking und zur k\u00fcnstlichen Intelligenz\" data-wpil-monitor-id=\"4125\" href=\"https:\/\/www.sisinternational.com\/de\/losungen\/fintech-strategieberatung-forschung\/investment-banking-automatisierung-ki-beratung\/\">automation and artificial intelligence consulting<\/a> will help ensure compliance with health and safety regulations, reducing the risk of non-compliance penalties and product recalls.<\/li>\n<\/ul>\n\n\n\n<h2 class=\"wp-block-heading\">Was sind die aktuellen Trends in der Automatisierung von Nahrungserg\u00e4nzungsmitteln und der Beratung zu k\u00fcnstlicher Intelligenz?<\/h2>\n\n\n\n<p>The nutritional supplements industry is undergoing rapid transformation \u2013 and the current trends in nutritional supplements <a title=\"Beratung zu Sportautomatisierung und k\u00fcnstlicher Intelligenz\" href=\"https:\/\/www.sisinternational.com\/de\/losungen\/ai-marktforschung-und-strategieberatung\/sportautomatisierung-kunstliche-intelligenz-beratung\/\" data-wpil-monitor-id=\"4358\">automation and artificial intelligence consulting<\/a> are shaping the future of the industry in several key ways:<\/p>\n\n\n\n<ul class=\"wp-block-list\">\n<li><strong>KI-gest\u00fctzte pr\u00e4diktive Analytik:<\/strong> Durch den Einsatz pr\u00e4diktiver Analysen k\u00f6nnen Hersteller Markttrends, Verbraucherverhalten und Lieferbedarf vorhersehen, was zu einer effektiveren Bestandsverwaltung und effektiveren Marketingstrategien f\u00fchrt.<\/li>\n\n\n\n<li><strong>Verst\u00e4rkter Einsatz von IoT-Ger\u00e4ten:<\/strong> IoT-Ger\u00e4te werden im Herstellungsprozess zunehmend zur Echtzeit\u00fcberwachung der Produktion eingesetzt und gew\u00e4hrleisten so die Qualit\u00e4tskontrolle und Betriebseffizienz.<\/li>\n\n\n\n<li><strong>Nachhaltigkeitsfokus:<\/strong> Es gibt einen wachsenden Trend, KI und Automatisierung zu nutzen, um nachhaltigere Fertigungspraktiken voranzutreiben, beispielsweise durch Optimierung der Ressourcennutzung und Abfallreduzierung.<\/li>\n\n\n\n<li><strong>Verbesserte Qualit\u00e4tskontrolle mit Computer Vision:<\/strong> Die Integration von Computer-Vision-Systemen in Qualit\u00e4tskontrollprozesse erm\u00f6glicht eine genauere Erkennung von M\u00e4ngeln und Unstimmigkeiten in Nahrungserg\u00e4nzungsmitteln.<\/li>\n\n\n\n<li><strong>Intelligente Verpackungsl\u00f6sungen:<\/strong> Der Einsatz intelligenter Verpackungen auf Basis k\u00fcnstlicher Intelligenz und IoT verbessert die Nachverfolgung, Authentizit\u00e4t und Verbraucherbindung von Nahrungserg\u00e4nzungsmitteln.<\/li>\n<\/ul>\n\n\n\n<h2 class=\"wp-block-heading\">Chancen in der Beratung zur Automatisierung von Nahrungserg\u00e4nzungsmitteln und k\u00fcnstlicher Intelligenz<\/h2>\n\n\n\n<p>Nutritional supplements <a title=\"Beratung zu Automatisierung im \u00f6ffentlichen Gesundheitswesen und k\u00fcnstlicher Intelligenz\" href=\"https:\/\/www.sisinternational.com\/de\/losungen\/ai-marktforschung-und-strategieberatung\/automatisierung-im-gesundheitswesen-beratung-zu-kunstlicher-intelligenz\/\" data-wpil-monitor-id=\"4435\">automation and artificial intelligence consulting<\/a> present a wealth of opportunities, paving the way for innovation, efficiency, and market growth. Key opportunities in this area include:<\/p>\n\n\n\n<ul class=\"wp-block-list\">\n<li><strong>Erweiterte Qualit\u00e4tskontrolle:<\/strong> Mithilfe von KI und Automatisierung k\u00f6nnen Hersteller h\u00f6here Standards der Qualit\u00e4tskontrolle erreichen und so sicherstellen, dass ihre Produkte sicher und wirksam sind und den gesetzlichen Normen entsprechen.<\/li>\n\n\n\n<li><strong>Verbessertes Engagement der Verbraucher:<\/strong> KI-gesteuerte Tools k\u00f6nnen wertvolle Einblicke in das Verbraucherverhalten liefern und es Unternehmen erm\u00f6glichen, gezielte Marketingstrategien zu entwickeln und die Kundenbindung zu verbessern.<\/li>\n\n\n\n<li><strong>Innovative Produktentwicklung:<\/strong> <a title=\"Automatisierung von K\u00f6rperpflegeprodukten und KI-Beratung\" data-wpil-monitor-id=\"2486\" href=\"https:\/\/www.sisinternational.com\/de\/losungen\/ai-marktforschung-und-strategieberatung\/automatisierung-von-korperpflegeprodukten-ki-beratung\/\">Nutritional supplements automation and artificial intelligence<\/a> consulting can help identify emerging health trends and novel ingredients, facilitating the development of innovative supplement products.<\/li>\n\n\n\n<li><strong>Verbesserungen der Nachhaltigkeit:<\/strong> Automatisierung und KI k\u00f6nnen zu nachhaltigeren Fertigungsverfahren beitragen, die Ressourcennutzung optimieren und Abfall reduzieren.<\/li>\n\n\n\n<li><strong>Globale Marktexpansion:<\/strong> <a title=\"Globales KI- und Automatisierungsberatungsunternehmen\" data-wpil-monitor-id=\"2394\" href=\"https:\/\/www.sisinternational.com\/de\/losungen\/ai-marktforschung-und-strategieberatung\/globales-beratungsunternehmen-fur-ki-automatisierung\/\">Nutritional supplements automation and artificial intelligence<\/a> consulting enable businesses to scale up and expand their reach into new markets more efficiently and effectively.<\/li>\n<\/ul>\n\n\n\n<h2 class=\"wp-block-heading\">Zukunftsaussichten f\u00fcr die Automatisierung von Nahrungserg\u00e4nzungsmitteln und die Beratung zu k\u00fcnstlicher Intelligenz<\/h2>\n\n\n\n<p>The future of nutritional supplements automation and <a title=\"Beratung zur Automatisierung der Technologiebranche und zu k\u00fcnstlicher Intelligenz\" href=\"https:\/\/www.sisinternational.com\/de\/losungen\/ai-marktforschung-und-strategieberatung\/technologie-industrie-automatisierung-kunstliche-intelligenz-beratung\/\" data-wpil-monitor-id=\"4436\">artificial intelligence consulting<\/a> is expected to grow as technology continues to advance \u2013 and several key trends and developments are likely to shape this field:<\/p>\n\n\n\n<ul class=\"wp-block-list\">\n<li><strong>Fortgeschrittene Robotik und Automatisierung:<\/strong> Der Einsatz immer ausgefeilterer Roboter und Automatisierungstechnologien in der Fertigung wird sich weiter entwickeln und zu noch gr\u00f6\u00dferer Effizienz, Pr\u00e4zision und Flexibilit\u00e4t in den Produktionsprozessen f\u00fchren.<\/li>\n\n\n\n<li><strong>Integration von Genomik und KI:<\/strong> Die Integration der Genomik in die k\u00fcnstliche Intelligenz bei der Entwicklung von Nahrungserg\u00e4nzungsmitteln ist ein potenzieller Wachstumsbereich, der die Entwicklung ma\u00dfgeschneiderter Nahrungserg\u00e4nzungsmittel auf der Grundlage genetischer Profile erm\u00f6glicht.<\/li>\n\n\n\n<li><strong>Verst\u00e4rkter Einsatz von IoT und tragbaren Technologien:<\/strong> Der Einsatz des IoT und tragbarer Gesundheitsger\u00e4te wird wertvolle Daten liefern, die von KI-Systemen genutzt werden k\u00f6nnen, um auf der Grundlage von Gesundheitsmetriken in Echtzeit Nahrungserg\u00e4nzungsmittel zu empfehlen und anzupassen.<\/li>\n\n\n\n<li><strong>Weitere kollaborative Modelle:<\/strong> M\u00f6glicherweise gibt es einen Trend zu st\u00e4rker kollaborativen Modellen zwischen Technologieanbietern, Ern\u00e4hrungsexperten und Herstellern, der zu innovativen Ans\u00e4tzen und L\u00f6sungen f\u00fchrt.<\/li>\n\n\n\n<li><strong>Regulatorische Entwicklung:<\/strong> Die regulatorischen Rahmenbedingungen k\u00f6nnen sich weiterentwickeln, um mit dem technologischen Fortschritt Schritt zu halten und angesichts sich rasch \u00e4ndernder Herstellungsverfahren die Verbrauchersicherheit und Produktwirksamkeit zu gew\u00e4hrleisten.<\/li>\n<\/ul>\n\n\n\n<h2 class=\"wp-block-heading\">SIS Solutions: Beratung zur Automatisierung von Nahrungserg\u00e4nzungsmitteln und k\u00fcnstlicher Intelligenz<\/h2>\n\n\n\n<p>Wir bieten Kunden im Bereich Nahrungserg\u00e4nzungsmittel Vorteile wie eine verbesserte Produktionseffizienz, personalisierte Ern\u00e4hrungspl\u00e4ne und ein verbessertes Lieferkettenmanagement. Unsere Forscher nutzen strategische Analysen f\u00fcr umsetzbare Erkenntnisse, ber\u00fccksichtigen Automatisierung und KI mit einer umfassenden Marktperspektive und liefern ma\u00dfgeschneiderte L\u00f6sungen.<\/p>\n\n\n\n<ol class=\"wp-block-list\">\n<li>Rationalisierung der Fertigungsprozesse<\/li>\n\n\n\n<li>Personalisierte Produktempfehlungen<\/li>\n\n\n\n<li>Fortgeschrittene Marktforschungstechniken<\/li>\n\n\n\n<li>Supply Chain Optimierung<\/li>\n\n\n\n<li>Strategien zur Einhaltung gesetzlicher Vorschriften<\/li>\n\n\n\n<li>Technologische Integration und Modernisierung<\/li>\n\n\n\n<li>Analyse des Verbraucherverhaltens<\/li>\n<\/ol>\n\n\n\n<p>Unser umfangreiches Netzwerk mit Branchenspezialisten bereichert unser Wissen \u00fcber Nahrungserg\u00e4nzungsmittel und kombiniert die neuesten Trends mit lokalem Fachwissen auf der ganzen Welt.<\/p>","protected":false},"excerpt":{"rendered":"<p>Die Beratung zu Automatisierung von Nahrungserg\u00e4nzungsmitteln und k\u00fcnstlicher Intelligenz ist f\u00fcr die Gewichtsverlust- und Nahrungserg\u00e4nzungsmittelbranche wichtig.<\/p>","protected":false},"author":1,"featured_media":64088,"parent":44406,"menu_order":47,"comment_status":"closed","ping_status":"closed","template":"","meta":{"footnotes":""},"class_list":["post-45171","page","type-page","status-publish","has-post-thumbnail"],"_links":{"self":[{"href":"https:\/\/www.sisinternational.com\/de\/wp-json\/wp\/v2\/pages\/45171","targetHints":{"allow":["GET"]}}],"collection":[{"href":"https:\/\/www.sisinternational.com\/de\/wp-json\/wp\/v2\/pages"}],"about":[{"href":"https:\/\/www.sisinternational.com\/de\/wp-json\/wp\/v2\/types\/page"}],"author":[{"embeddable":true,"href":"https:\/\/www.sisinternational.com\/de\/wp-json\/wp\/v2\/users\/1"}],"replies":[{"embeddable":true,"href":"https:\/\/www.sisinternational.com\/de\/wp-json\/wp\/v2\/comments?post=45171"}],"version-history":[{"count":11,"href":"https:\/\/www.sisinternational.com\/de\/wp-json\/wp\/v2\/pages\/45171\/revisions"}],"predecessor-version":[{"id":83030,"href":"https:\/\/www.sisinternational.com\/de\/wp-json\/wp\/v2\/pages\/45171\/revisions\/83030"}],"up":[{"embeddable":true,"href":"https:\/\/www.sisinternational.com\/de\/wp-json\/wp\/v2\/pages\/44406"}],"wp:featuredmedia":[{"embeddable":true,"href":"https:\/\/www.sisinternational.com\/de\/wp-json\/wp\/v2\/media\/64088"}],"wp:attachment":[{"href":"https:\/\/www.sisinternational.com\/de\/wp-json\/wp\/v2\/media?parent=45171"}],"curies":[{"name":"wp","href":"https:\/\/api.w.org\/{rel}","templated":true}]}}