{"id":45169,"date":"2024-01-15T21:25:48","date_gmt":"2024-01-16T02:25:48","guid":{"rendered":"https:\/\/www.sisinternational.com\/?page_id=45169"},"modified":"2026-01-25T18:27:11","modified_gmt":"2026-01-25T23:27:11","slug":"fertigungsautomatisierung-beratung-zu-kunstlicher-intelligenz","status":"publish","type":"page","link":"https:\/\/www.sisinternational.com\/de\/losungen\/ai-marktforschung-und-strategieberatung\/fertigungsautomatisierung-beratung-zu-kunstlicher-intelligenz\/","title":{"rendered":"Beratung zu Fertigungsautomatisierung und k\u00fcnstlicher Intelligenz"},"content":{"rendered":"<h1 class=\"wp-block-heading\">Beratung zu Fertigungsautomatisierung und k\u00fcnstlicher Intelligenz<\/h1>\n\n\n\n<figure class=\"gb-block-image gb-block-image-b59bc2f5\"><img loading=\"lazy\" decoding=\"async\" width=\"1456\" height=\"816\" class=\"gb-image gb-image-b59bc2f5\" src=\"https:\/\/www.sisinternational.com\/wp-content\/uploads\/2025\/10\/Manufacturing-Automation-2.jpg\" alt=\"SIS International Marktforschung &amp; Strategie\" title=\"Manufacturing Automation (2)\" srcset=\"https:\/\/www.sisinternational.com\/wp-content\/uploads\/2025\/10\/Manufacturing-Automation-2.jpg 1456w, https:\/\/www.sisinternational.com\/wp-content\/uploads\/2025\/10\/Manufacturing-Automation-2-300x168.jpg 300w, https:\/\/www.sisinternational.com\/wp-content\/uploads\/2025\/10\/Manufacturing-Automation-2-1024x574.jpg 1024w, https:\/\/www.sisinternational.com\/wp-content\/uploads\/2025\/10\/Manufacturing-Automation-2-768x430.jpg 768w, https:\/\/www.sisinternational.com\/wp-content\/uploads\/2025\/10\/Manufacturing-Automation-2-18x10.jpg 18w\" sizes=\"auto, (max-width: 1456px) 100vw, 1456px\"><\/figure>\n\n\n\n<p><\/p>\n\n\n\n<hr class=\"wp-block-separator has-alpha-channel-opacity\"\/>\n\n\n\n<p>As the manufacturing sector stands at the crossroads of digital transformation, integrating cutting-edge automation and AI technologies is an operational need. Manufacturing automation and artificial intelligence consulting have emerged as a key tool to reshape supply chain management and overall business efficiency.<\/p>\n\n\n\n<h2 class=\"wp-block-heading\">Was ist Beratung zu Fertigungsautomatisierung und k\u00fcnstlicher Intelligenz?<\/h2>\n\n\n\n<p>Die Beratung zu Fertigungsautomatisierung und k\u00fcnstlicher Intelligenz konzentriert sich auf die Integration fortschrittlicher Automatisierungs- und KI-Technologien in Fertigungsprozesse. Die Beratung in diesem Bereich umfasst die Bewertung der aktuellen Prozesse eines Herstellers, die Identifizierung von Bereichen, in denen Automatisierung und KI Verbesserungen bringen k\u00f6nnen \u2013 und dann die Entwicklung und Implementierung von L\u00f6sungen, die auf die spezifischen Anforderungen des Betriebs zugeschnitten sind.<\/p>\n\n\n\n<h2 class=\"wp-block-heading\">Warum Unternehmen Beratung zu Fertigungsautomatisierung und k\u00fcnstlicher Intelligenz ben\u00f6tigen<\/h2>\n\n\n\n<figure class=\"gb-block-image gb-block-image-0dd73a59\"><img loading=\"lazy\" decoding=\"async\" width=\"1456\" height=\"816\" class=\"gb-image gb-image-0dd73a59\" src=\"https:\/\/www.sisinternational.com\/wp-content\/uploads\/2025\/10\/Manufacturing-Automation-3.jpg\" alt=\"SIS International Marktforschung &amp; Strategie\" title=\"Manufacturing Automation (3)\" srcset=\"https:\/\/www.sisinternational.com\/wp-content\/uploads\/2025\/10\/Manufacturing-Automation-3.jpg 1456w, https:\/\/www.sisinternational.com\/wp-content\/uploads\/2025\/10\/Manufacturing-Automation-3-300x168.jpg 300w, https:\/\/www.sisinternational.com\/wp-content\/uploads\/2025\/10\/Manufacturing-Automation-3-1024x574.jpg 1024w, https:\/\/www.sisinternational.com\/wp-content\/uploads\/2025\/10\/Manufacturing-Automation-3-768x430.jpg 768w, https:\/\/www.sisinternational.com\/wp-content\/uploads\/2025\/10\/Manufacturing-Automation-3-18x10.jpg 18w\" sizes=\"auto, (max-width: 1456px) 100vw, 1456px\"><\/figure>\n\n\n\n<p><\/p>\n\n\n\n<p>Herstellung <a href=\"https:\/\/www.sisinternational.com\/de\/losungen\/ai-marktforschung-und-strategieberatung\/sportautomatisierung-kunstliche-intelligenz-beratung\/\" title=\"Beratung zu Sportautomatisierung und k\u00fcnstlicher Intelligenz\"  data-wpil-monitor-id=\"4361\">automation and artificial intelligence consulting<\/a> help businesses set up AI-enhanced quality control systems that can detect defects and issues that might be missed by the human eye, ensuring higher product quality. Automation and AI also enable manufacturers to quickly adjust production lines and processes to meet these changing demands.<\/p>\n\n\n\n<p>Dar\u00fcber hinaus kann Beratung zu nachhaltigeren Herstellungsverfahren beitragen, indem sie die Ressourcennutzung optimiert, Abfall reduziert und den Energieverbrauch senkt. Sie hat jedoch noch viele weitere Vorteile, wie zum Beispiel:<\/p>\n\n\n\n<ul class=\"wp-block-list\">\n<li><strong>Verbesserte Produktqualit\u00e4t und -konsistenz:<\/strong> Automated systems ensure precision and consistency in manufacturing, leading to higher-quality products. AI-driven quality control can identify defects or variations, ensuring that products meet stringent quality standards.<\/li>\n\n\n\n<li><strong>Verbesserte Skalierbarkeit:<\/strong> Herstellung <a href=\"https:\/\/www.sisinternational.com\/de\/losungen\/ai-marktforschung-und-strategieberatung\/automatisierung-im-gesundheitswesen-beratung-zu-kunstlicher-intelligenz\/\" title=\"Beratung zu Automatisierung im \u00f6ffentlichen Gesundheitswesen und k\u00fcnstlicher Intelligenz\"  data-wpil-monitor-id=\"4440\">automation and artificial intelligence consulting<\/a> enable manufacturers to scale their operations up or down more easily, responding effectively to market demands without a corresponding increase in costs or complexity.<\/li>\n\n\n\n<li><strong>Datengesteuerte Erkenntnisse und Entscheidungsfindung:<\/strong> Der KI-Aspekt der Beratung hilft Herstellern, das Potenzial ihrer Daten voll auszusch\u00f6pfen. Durch die Analyse von Daten aus verschiedenen Quellen kann KI Erkenntnisse f\u00fcr bessere Entscheidungen liefern, von der vorausschauenden Wartung bis zur Optimierung der Lieferkette.<\/li>\n\n\n\n<li><strong>Erh\u00f6hte Flexibilit\u00e4t und Anpassung:<\/strong> Automatisierungs- und KI-Systeme erm\u00f6glichen eine gr\u00f6\u00dfere Flexibilit\u00e4t in den Herstellungsprozessen und erleichtern die individuelle Anpassung von Produkten an neue Markttrends oder Kundenpr\u00e4ferenzen.<\/li>\n\n\n\n<li><strong>Verbesserte Arbeitssicherheit:<\/strong> Durch die Automatisierung gef\u00e4hrlicher oder sich wiederholender Aufgaben wird das Unfall- und Verletzungsrisiko verringert und eine sicherere Arbeitsumgebung geschaffen.<\/li>\n<\/ul>\n\n\n\n<h2 class=\"wp-block-heading\">Unterschiede zwischen Fertigungsautomatisierung und k\u00fcnstlicher Intelligenz Beratung unterscheidet sich von traditioneller Marktforschung<\/h2>\n\n\n\n<p>Traditional market research primarily concentrates on understanding market trends, consumer behaviors, and preferences. In contrast, <a href=\"https:\/\/www.sisinternational.com\/de\/losungen\/ai-marktforschung-und-strategieberatung\/technologie-industrie-automatisierung-kunstliche-intelligenz-beratung\/\" title=\"Beratung zur Automatisierung der Technologiebranche und zu k\u00fcnstlicher Intelligenz\"  data-wpil-monitor-id=\"4441\">manufacturing automation and artificial intelligence consulting<\/a> focus on enhancing manufacturing processes through technology. It involves the application of AI and automation to improve efficiency, productivity, and innovation in manufacturing operations.<\/p>\n\n\n\n<p>While traditional market research utilizes data to understand external market dynamics and consumer sentiments, manufacturing <a href=\"https:\/\/www.sisinternational.com\/de\/losungen\/ai-marktforschung-und-strategieberatung\/transportautomatisierung-beratung-zu-kunstlicher-intelligenz\/\" title=\"Beratung zu Transportautomatisierung und k\u00fcnstlicher Intelligenz\"  data-wpil-monitor-id=\"4497\">automation and artificial intelligence consulting<\/a> leverage data for internal process optimization. Manufacturing <a href=\"https:\/\/www.sisinternational.com\/de\/losungen\/ai-marktforschung-und-strategieberatung\/workflow-automatisierung-beratung-zu-kunstlicher-intelligenz\/\" title=\"Beratung zur Workflow-Automatisierung und k\u00fcnstlichen Intelligenz\"  data-wpil-monitor-id=\"4788\">automation and artificial intelligence consulting<\/a> tend to have a more direct and long-term strategic impact on the business\u2019s core operations. They improve current manufacturing processes and also sets the stage for ongoing innovation and adaptation to future technological advancements.<\/p>\n\n\n\n<h2 class=\"wp-block-heading\">Schl\u00fcsselfaktoren f\u00fcr den Erfolg in der Fertigungsautomatisierung und Beratung zu k\u00fcnstlicher Intelligenz<\/h2>\n\n\n\n<figure class=\"gb-block-image gb-block-image-97e2d763\"><img loading=\"lazy\" decoding=\"async\" width=\"1456\" height=\"816\" class=\"gb-image gb-image-97e2d763\" src=\"https:\/\/www.sisinternational.com\/wp-content\/uploads\/2025\/10\/Manufacturing-Automation-4.jpg\" alt=\"SIS International Marktforschung &amp; Strategie\" title=\"Manufacturing Automation (4)\" srcset=\"https:\/\/www.sisinternational.com\/wp-content\/uploads\/2025\/10\/Manufacturing-Automation-4.jpg 1456w, https:\/\/www.sisinternational.com\/wp-content\/uploads\/2025\/10\/Manufacturing-Automation-4-300x168.jpg 300w, https:\/\/www.sisinternational.com\/wp-content\/uploads\/2025\/10\/Manufacturing-Automation-4-1024x574.jpg 1024w, https:\/\/www.sisinternational.com\/wp-content\/uploads\/2025\/10\/Manufacturing-Automation-4-768x430.jpg 768w, https:\/\/www.sisinternational.com\/wp-content\/uploads\/2025\/10\/Manufacturing-Automation-4-18x10.jpg 18w\" sizes=\"auto, (max-width: 1456px) 100vw, 1456px\"><\/figure>\n\n\n\n<p><\/p>\n\n\n\n<p>Businesses must meet certain criteria to successfully engage in <a href=\"https:\/\/sisaisolutions.com\/application-of-ai-in-manufacturing\/\" target=\"_blank\" rel=\"noopener\">manufacturing automation and artificial intelligence consulting<\/a>. These factors are essential in ensuring the effective implementation and optimization of these technologies in manufacturing.<\/p>\n\n\n\n<ul class=\"wp-block-list\">\n<li><strong>Robuste Dateninfrastruktur:<\/strong> Die Grundlage effektiver KI-Anwendungen in der Fertigung ist eine robuste Dateninfrastruktur. Genaue, umfassende und Echtzeit-Datenerfassungs- und -verwaltungssysteme sind entscheidend, damit KI-Algorithmen effektiv funktionieren und wertvolle Erkenntnisse liefern.<\/li>\n\n\n\n<li><strong>Auswahl geeigneter Technologien:<\/strong> Identifying and choosing the right automation and AI technologies that fit the specific needs of the manufacturing process is crucial.\u00a0<\/li>\n\n\n\n<li><strong>Engagement und Schulung der Mitarbeiter:<\/strong> Successful implementation requires the engagement and training of employees. Workers must be educated on the new technologies, how they will impact their roles, and the benefits they bring to ensure smooth adoption and operation.<\/li>\n\n\n\n<li><strong>Risikomanagement und Compliance:<\/strong> Ensuring that the automation and AI solutions comply with relevant regulations and standards, especially regarding safety and data security, is essential.<\/li>\n\n\n\n<li><strong>Messung des ROI und der Wirkung:<\/strong> Die regelm\u00e4\u00dfige Messung des Return on Investment (ROI) und der Gesamtauswirkungen von Automatisierung und KI auf die Fertigungsabl\u00e4ufe ist von entscheidender Bedeutung, um ihre Wirksamkeit zu verstehen und zuk\u00fcnftige Technologieentscheidungen zu steuern.<\/li>\n<\/ul>\n\n\n\n<h2 class=\"wp-block-heading\">Welche Ergebnisse sind von der Beratung zu Fertigungsautomatisierung und k\u00fcnstlicher Intelligenz zu erwarten?<\/h2>\n\n\n\n<p>Durch die Einbeziehung von Beratung lassen sich im Fertigungsbetrieb erhebliche Ergebnisse erzielen, das Wachstum steigern und einen Wettbewerbsvorteil sichern. Zu den wichtigsten erwarteten Ergebnissen z\u00e4hlen:<\/p>\n\n\n\n<ul class=\"wp-block-list\">\n<li><strong>Verbesserte Produktqualit\u00e4t:<\/strong> Automatisierte Systeme sorgen f\u00fcr konsistente und pr\u00e4zise Fertigungsergebnisse und verbessern die Produktqualit\u00e4t deutlich. KI-gest\u00fctzte Qualit\u00e4tskontrollsysteme k\u00f6nnen Fehler erkennen und beheben und so hohe Qualit\u00e4tsstandards gew\u00e4hrleisten.<\/li>\n\n\n\n<li><strong>Kostenreduzierung:<\/strong> Durch Automatisierung werden die Arbeitskosten f\u00fcr manuelle Aufgaben gesenkt und Fehler minimiert, die zu kostspieligen Nacharbeiten f\u00fchren k\u00f6nnten. KI-gesteuerte Prozessoptimierungen tragen ebenfalls zur Kosteneinsparung bei, indem sie Abfall reduzieren und die Energieeffizienz verbessern.<\/li>\n\n\n\n<li><strong>Datengesteuerte betriebliche Erkenntnisse:<\/strong> AI&#8217;s ability to analyze vast amounts of operational data leads to deeper insights, enabling more informed decision-making in predictive maintenance, supply chain management, and production planning.<\/li>\n\n\n\n<li><strong>Mehr Flexibilit\u00e4t und Skalierbarkeit:<\/strong> Automation and AI provide the flexibility to quickly adapt production processes to changing market demands. They also allow for scalability, enabling manufacturers to increase production without proportionately growing costs.<\/li>\n\n\n\n<li><strong>Reduzierte Ausfallzeiten:<\/strong> AI-powered predictive maintenance reduces unplanned downtime by foreseeing equipment failures and scheduling timely maintenance.<\/li>\n<\/ul>\n\n\n\n<h2 class=\"wp-block-heading\">Technologien und Tools in der Fertigungsautomatisierung und Beratung zu k\u00fcnstlicher Intelligenz<\/h2>\n\n\n\n<figure class=\"gb-block-image gb-block-image-5be4d956\"><img loading=\"lazy\" decoding=\"async\" width=\"1456\" height=\"816\" class=\"gb-image gb-image-5be4d956\" src=\"https:\/\/www.sisinternational.com\/wp-content\/uploads\/2025\/10\/Manufacturing-Automation-1.jpg\" alt=\"SIS International Marktforschung &amp; Strategie\" title=\"Manufacturing Automation (1)\" srcset=\"https:\/\/www.sisinternational.com\/wp-content\/uploads\/2025\/10\/Manufacturing-Automation-1.jpg 1456w, https:\/\/www.sisinternational.com\/wp-content\/uploads\/2025\/10\/Manufacturing-Automation-1-300x168.jpg 300w, https:\/\/www.sisinternational.com\/wp-content\/uploads\/2025\/10\/Manufacturing-Automation-1-1024x574.jpg 1024w, https:\/\/www.sisinternational.com\/wp-content\/uploads\/2025\/10\/Manufacturing-Automation-1-768x430.jpg 768w, https:\/\/www.sisinternational.com\/wp-content\/uploads\/2025\/10\/Manufacturing-Automation-1-18x10.jpg 18w\" sizes=\"auto, (max-width: 1456px) 100vw, 1456px\"><\/figure>\n\n\n\n<p><\/p>\n\n\n\n<p>The field of manufacturing <a href=\"https:\/\/www.sisinternational.com\/de\/losungen\/ai-marktforschung-und-strategieberatung\/beratung-zur-automatisierung-im-gesundheitswesen-und-zu-kunstlicher-intelligenz\/\" title=\"Beratung zu Automatisierung im Gesundheitswesen und k\u00fcnstlicher Intelligenz\" data-wpil-monitor-id=\"4857\">automation and artificial intelligence consulting<\/a> leverages a wide array of technologies and tools. These are essential in transforming traditional manufacturing processes into advanced, efficient systems.<\/p>\n\n\n\n<ul class=\"wp-block-list\">\n<li><strong>Plattformen f\u00fcr maschinelles Lernen:<\/strong> TensorFlow und PyTorch werden zur Entwicklung benutzerdefinierter KI-Modelle verwendet, die Ger\u00e4teausf\u00e4lle vorhersagen, Produktionspl\u00e4ne optimieren und die Qualit\u00e4tskontrolle verbessern k\u00f6nnen.<\/li>\n\n\n\n<li><strong>IoT-Plattformen:<\/strong> Siemens MindSphere and GE Predix collect and analyze data from connected devices to monitor and optimize manufacturing processes.<\/li>\n\n\n\n<li><strong>KI-Optimierungssoftware:<\/strong> Tools wie die Google AI Platform helfen bei der Optimierung verschiedener Aspekte der Fertigung, von der Ressourcenzuweisung bis zum Energieverbrauch.<\/li>\n\n\n\n<li><strong>3D-Drucktechnologien:<\/strong> 3D-Druck oder additive Fertigung von Unternehmen wie Stratasys und 3D Systems wird zunehmend in die Fertigung integriert, um schnelles Prototyping und Produktion zu erm\u00f6glichen.<\/li>\n\n\n\n<li><strong>Edge-Computing-L\u00f6sungen:<\/strong> Technologies from companies like Cisco facilitate edge computing in manufacturing environments, enabling faster processing and decision-making at the data collection site.<\/li>\n<\/ul>\n\n\n\n<h2 class=\"wp-block-heading\">Chancen in der Fertigungsautomatisierung und der Beratung zu k\u00fcnstlicher Intelligenz<\/h2>\n\n\n\n<p>Die Integration von Automatisierung und k\u00fcnstlicher Intelligenz in die Fertigung er\u00f6ffnet Unternehmen in diesem Sektor eine F\u00fclle von M\u00f6glichkeiten. Diese M\u00f6glichkeiten steigern die Betriebseffizienz und ebnen den Weg f\u00fcr innovative Ans\u00e4tze zur Bew\u00e4ltigung von Fertigungsherausforderungen.<\/p>\n\n\n\n<ul class=\"wp-block-list\">\n<li><strong>Energie- und Ressourceneffizienz:<\/strong> KI kann die Nutzung von Ressourcen, einschlie\u00dflich Rohstoffen und Energie, optimieren und so zu nachhaltigeren und kosteng\u00fcnstigeren Herstellungsprozessen beitragen.<\/li>\n\n\n\n<li><strong>Arbeitssicherheit und Ergonomie:<\/strong> Durch die Automatisierung werden gef\u00e4hrliche Aufgaben \u00fcbernommen, wodurch die Zahl der Arbeitsunf\u00e4lle verringert und die allgemeine Sicherheit und Ergonomie der Mitarbeiter verbessert wird.<\/li>\n\n\n\n<li><strong>Marktreaktivit\u00e4t:<\/strong> Mithilfe von Automatisierung und KI k\u00f6nnen Hersteller rasch auf Marktver\u00e4nderungen reagieren und Produktionslinien und -prozesse rasch an neue Trends oder Anforderungen anpassen.<\/li>\n\n\n\n<li><strong>F&amp;E und Produktentwicklung:<\/strong> Auf KI basierende Erkenntnisse k\u00f6nnen Forschungs- und Entwicklungsbem\u00fchungen unterst\u00fctzen und zu innovativen Produktdesigns und -verbesserungen f\u00fchren.<\/li>\n\n\n\n<li><strong>Globale Wettbewerbsf\u00e4higkeit:<\/strong> <a href=\"https:\/\/www.sisinternational.com\/de\/losungen\/ai-marktforschung-und-strategieberatung\/globales-beratungsunternehmen-fur-ki-automatisierung\/\" title=\"Globales KI- und Automatisierungsberatungsunternehmen\" data-wpil-monitor-id=\"2412\">Manufacturing automation and artificial intelligence<\/a> consulting can help manufacturers compete globally, improving both cost efficiency and product quality, which are critical factors in international markets.<\/li>\n<\/ul>\n\n\n\n<h2 class=\"wp-block-heading\">SIS Solutions: Beratung zu Fertigungsautomatisierung und k\u00fcnstlicher Intelligenz<\/h2>\n\n\n\n<p>We provide strategic insights and AI solutions to revolutionize manufacturing processes, ensuring higher product quality, operational efficiency, and sustainability. <a href=\"https:\/\/www.linkedin.com\/company\/sisinternationalresearch\/\" target=\"_blank\" rel=\"noopener\">Our approach<\/a> to strategic analysis and actionable insights helps clients harness the power of AI and automation for enhanced scalability, data-driven decision-making, and worker safety. Solutions include robust data infrastructure, selection of appropriate technologies, employee training, risk management, and measuring ROI.<\/p>\n\n\n\n<ul class=\"wp-block-list\">\n<li>Entwicklung der Dateninfrastruktur<\/li>\n\n\n\n<li>Technologieauswahl und -integration<\/li>\n\n\n\n<li>Mitarbeiterbindung und Schulungsprogramme<\/li>\n\n\n\n<li>Compliance- und Risikomanagementstrategien<\/li>\n\n\n\n<li>ROI- und Impact-Messsysteme<\/li>\n\n\n\n<li>Betriebseinblicke und vorausschauende Wartung<\/li>\n\n\n\n<li>Verbesserte Skalierbarkeit und Flexibilit\u00e4t<\/li>\n<\/ul>\n\n\n\n<p>Dank unseres umfassenden Branchennetzwerks kann SIS umfassende Einblicke in die Fertigungsautomatisierung bieten, unterst\u00fctzt durch die neuesten Methoden und Technologien unseres globalen Teams.<\/p>\n\n\n\n<h2 class=\"wp-block-heading\">Unser Standort in New York<\/h2>\n\n\n\n<p>  <iframe loading=\"lazy\" src=\"https:\/\/www.google.com\/maps\/embed?pb=!1m18!1m12!1m3!1d3022.976188376966!2d-73.99130312499956!3d40.740549471389315!2m3!1f0!2f0!3f0!3m2!1i1024!2i768!4f13.1!3m3!1m2!1s0x89c259a15798c731%3A0xd695d09bdd495f25!2s11%20E%2022nd%20St%20FL%202%2C%20New%20York%2C%20NY%2010010%2C%20USA!5e0!3m2!1sen!2spe!4v1726171763526!5m2!1sen!2spe\" width=\"600\" height=\"450\" allowfullscreen=\"allowfullscreen\" data-mce-fragment=\"1\"><\/iframe>  <\/p>\n\n\n\n<h3 class=\"wp-block-heading\">11 E 22nd Street, Floor 2, New York, NY 10010 T: +1(212) 505-6805<\/h3>\n\n\n\n<hr class=\"wp-block-separator has-alpha-channel-opacity\"\/>\n\n\n\n<h2 class=\"wp-block-heading\"><span style=\"font-weight: 400;\">\u00dcber SIS International<\/span><\/h2>\n\n\n\n<p><a href=\"https:\/\/www.sisinternational.com\/de\/\"><span style=\"font-weight: 400;\">SIS International<\/span><\/a><span style=\"font-weight: 400;\"> bietet quantitative, qualitative und strategische Forschung an. Wir liefern Daten, Tools, Strategien, Berichte und Erkenntnisse zur Entscheidungsfindung. Wir f\u00fchren auch Interviews, Umfragen, Fokusgruppen und andere Methoden und Ans\u00e4tze der Marktforschung durch.<\/span><a href=\"https:\/\/www.sisinternational.com\/de\/uber-sis-international-research\/contact-sis-international-market-research\/\"><span style=\"font-weight: 400;\"> Kontakt<\/span><\/a><span style=\"font-weight: 400;\"> f\u00fcr Ihr n\u00e4chstes Marktforschungsprojekt.<\/span><\/p>\n\n\n\n<hr class=\"wp-block-separator has-alpha-channel-opacity\"\/>","protected":false},"excerpt":{"rendered":"<p>Die Beratung zur Fertigungsautomatisierung und k\u00fcnstlichen Intelligenz integriert fortschrittliche Automatisierungs- und KI-Technologie in die Fertigungsprozesse.<\/p>","protected":false},"author":1,"featured_media":71592,"parent":44406,"menu_order":46,"comment_status":"closed","ping_status":"closed","template":"","meta":{"footnotes":""},"class_list":["post-45169","page","type-page","status-publish","has-post-thumbnail"],"_links":{"self":[{"href":"https:\/\/www.sisinternational.com\/de\/wp-json\/wp\/v2\/pages\/45169","targetHints":{"allow":["GET"]}}],"collection":[{"href":"https:\/\/www.sisinternational.com\/de\/wp-json\/wp\/v2\/pages"}],"about":[{"href":"https:\/\/www.sisinternational.com\/de\/wp-json\/wp\/v2\/types\/page"}],"author":[{"embeddable":true,"href":"https:\/\/www.sisinternational.com\/de\/wp-json\/wp\/v2\/users\/1"}],"replies":[{"embeddable":true,"href":"https:\/\/www.sisinternational.com\/de\/wp-json\/wp\/v2\/comments?post=45169"}],"version-history":[{"count":12,"href":"https:\/\/www.sisinternational.com\/de\/wp-json\/wp\/v2\/pages\/45169\/revisions"}],"predecessor-version":[{"id":78807,"href":"https:\/\/www.sisinternational.com\/de\/wp-json\/wp\/v2\/pages\/45169\/revisions\/78807"}],"up":[{"embeddable":true,"href":"https:\/\/www.sisinternational.com\/de\/wp-json\/wp\/v2\/pages\/44406"}],"wp:featuredmedia":[{"embeddable":true,"href":"https:\/\/www.sisinternational.com\/de\/wp-json\/wp\/v2\/media\/71592"}],"wp:attachment":[{"href":"https:\/\/www.sisinternational.com\/de\/wp-json\/wp\/v2\/media?parent=45169"}],"curies":[{"name":"wp","href":"https:\/\/api.w.org\/{rel}","templated":true}]}}