{"id":45128,"date":"2024-01-15T09:38:01","date_gmt":"2024-01-15T14:38:01","guid":{"rendered":"https:\/\/www.sisinternational.com\/?page_id=45128"},"modified":"2026-02-19T00:34:31","modified_gmt":"2026-02-19T05:34:31","slug":"technologie-industrie-automatisierung-kunstliche-intelligenz-beratung","status":"publish","type":"page","link":"https:\/\/www.sisinternational.com\/de\/losungen\/ai-marktforschung-und-strategieberatung\/technologie-industrie-automatisierung-kunstliche-intelligenz-beratung\/","title":{"rendered":"Beratung zur Automatisierung der Technologiebranche und zu k\u00fcnstlicher Intelligenz"},"content":{"rendered":"<h1 class=\"wp-block-heading\">Beratung zur Automatisierung der Technologiebranche und zu k\u00fcnstlicher Intelligenz<\/h1>\n\n\n\n<figure class=\"gb-block-image gb-block-image-43f23f01\"><img loading=\"lazy\" decoding=\"async\" width=\"1456\" height=\"816\" class=\"gb-image gb-image-43f23f01\" src=\"https:\/\/www.sisinternational.com\/wp-content\/uploads\/2025\/10\/Investment-Banking-Automation-1.jpg\" alt=\"SIS International Marktforschung &amp; Strategie\" title=\"Investment Banking Automation (1)\" srcset=\"https:\/\/www.sisinternational.com\/wp-content\/uploads\/2025\/10\/Investment-Banking-Automation-1.jpg 1456w, https:\/\/www.sisinternational.com\/wp-content\/uploads\/2025\/10\/Investment-Banking-Automation-1-300x168.jpg 300w, https:\/\/www.sisinternational.com\/wp-content\/uploads\/2025\/10\/Investment-Banking-Automation-1-1024x574.jpg 1024w, https:\/\/www.sisinternational.com\/wp-content\/uploads\/2025\/10\/Investment-Banking-Automation-1-768x430.jpg 768w, https:\/\/www.sisinternational.com\/wp-content\/uploads\/2025\/10\/Investment-Banking-Automation-1-18x10.jpg 18w\" sizes=\"auto, (max-width: 1456px) 100vw, 1456px\"><\/figure>\n\n\n\n<p><\/p>\n\n\n\n<p>As industries move toward a digital-first approach, understanding the intricate mix of machines and algorithms becomes imperative for staying relevant and competitive. That\u2019s why technology industry automation and AI consulting are critical tools to navigate the complexities of digital transformation. <\/p>\n\n\n\n<p>This journey is about reshaping business models, enhancing operational efficiency, and redefining customer experiences in an era where artificial intelligence is a necessity.<\/p>\n\n\n\n<h2 class=\"wp-block-heading\">Was ist Beratung zur Automatisierung der Technologiebranche und zu k\u00fcnstlicher Intelligenz?<\/h2>\n\n\n\n<p><a title=\"Law Firm Technology Integration&nbsp;&nbsp;&nbsp;\" href=\"https:\/\/www.sisinternational.com\/de\/losungen\/legal-market-research\/law-firm-technology-integration\/\" data-wpil-monitor-id=\"960\">Technology industry automation and AI consulting<\/a> involves the strategic integration of artificial intelligence and automated systems into various aspects of business operations, aiming to enhance efficiency, reduce human error, and open new avenues for innovation and growth.<\/p>\n\n\n\n<p>Automation in the technology industry is not about replacing manual processes with machines; it&#8217;s about creating smarter workflows that can learn, adapt, and make decisions in real-time. <\/p>\n\n\n\n<h2 class=\"wp-block-heading\">Warum Unternehmen Beratung zu Automatisierung in der Technologiebranche und k\u00fcnstlicher Intelligenz ben\u00f6tigen<\/h2>\n\n\n\n<p>Automatisierungstools und KI-Systeme rationalisieren Abl\u00e4ufe, minimieren manuelle Aufgaben und verringern den Spielraum f\u00fcr menschliches Versagen. Diese Umstellung steigert nicht nur die Produktivit\u00e4t, sondern setzt auch Personalressourcen frei, die sich auf strategischere und kreativere Aufgaben konzentrieren k\u00f6nnen, wodurch das Potenzial der Belegschaft maximiert wird.<\/p>\n\n\n\n<p>Technologie <a title=\"Automatisierungs- und KI-Beratung f\u00fcr die Kabel- und Satellitenindustrie\" data-wpil-monitor-id=\"3876\" href=\"https:\/\/www.sisinternational.com\/de\/losungen\/ai-marktforschung-und-strategieberatung\/kabel-satellitenindustrie-automatisierung-ki-beratung\/\">industry automation and AI consulting<\/a> also offer AI-driven solutions that allow businesses to create personalized experiences for their customers. Particularly, it brings several benefits, including:<\/p>\n\n\n\n<ul class=\"wp-block-list\">\n<li><strong>Innovation und Produktentwicklung:<\/strong> Technologie <a title=\"Beratung zur Automatisierung der Elektronikindustrie und zu k\u00fcnstlicher Intelligenz\" data-wpil-monitor-id=\"1136\" href=\"https:\/\/www.sisinternational.com\/de\/losungen\/ai-marktforschung-und-strategieberatung\/elektronikindustrie-automatisierung-kunstliche-intelligenz-beratung\/\">industry automation and artificial intelligence consulting<\/a> open new avenues for innovation. AI can help businesses develop new products and services that align with evolving customer needs. <\/li>\n\n\n\n<li><strong>Mitarbeitererm\u00e4chtigung und Arbeitszufriedenheit:<\/strong> Contrary to the belief that automation and AI might displace human workers, these technologies can enhance job satisfaction. <\/li>\n\n\n\n<li><strong>Nachhaltiger und verantwortungsvoller Betrieb:<\/strong> Technology industry <a title=\"Beratung zu Transportautomatisierung und k\u00fcnstlicher Intelligenz\" data-wpil-monitor-id=\"4505\" href=\"https:\/\/www.sisinternational.com\/de\/losungen\/ai-marktforschung-und-strategieberatung\/transportautomatisierung-beratung-zu-kunstlicher-intelligenz\/\">automation and artificial intelligence consulting<\/a> can optimize resource use, leading to more sustainable operations. <\/li>\n<\/ul>\n\n\n\n<h2 class=\"wp-block-heading\">Wann sollten Unternehmen auf Beratung zu Automatisierung und k\u00fcnstlicher Intelligenz in der Technologiebranche zur\u00fcckgreifen?<\/h2>\n\n\n\n<p>F\u00fcr Unternehmen, die diese Technologien effektiv nutzen m\u00f6chten, ist es entscheidend, den richtigen Zeitpunkt f\u00fcr die Automatisierung der Technologiebranche und die Beratung zu KI zu erkennen. Mehrere Szenarien weisen auf die Notwendigkeit dieses strategischen Schritts hin:<\/p>\n\n\n\n<ul class=\"wp-block-list\">\n<li><strong>Eintritt in neue M\u00e4rkte oder Einf\u00fchrung neuer Produkte:<\/strong> Die Diversifizierung oder Expansion in neue M\u00e4rkte erfordert ein tiefes Verst\u00e4ndnis neuer Kundenst\u00e4mme und betrieblicher Herausforderungen. KI kann wertvolle Einblicke in Markttrends und Kundenpr\u00e4ferenzen liefern und so eine erfolgreiche Expansion unterst\u00fctzen.<\/li>\n\n\n\n<li><strong>Notwendigkeit zur Kostensenkung und Effizienzsteigerung:<\/strong> When businesses face pressure to reduce costs and improve operational efficiency, engaging in technology industry <a title=\"Beratung zur Workflow-Automatisierung und k\u00fcnstlichen Intelligenz\" data-wpil-monitor-id=\"4795\" href=\"https:\/\/www.sisinternational.com\/de\/losungen\/ai-marktforschung-und-strategieberatung\/workflow-automatisierung-beratung-zu-kunstlicher-intelligenz\/\">automation and artificial intelligence consulting<\/a> can be a game-changer. <\/li>\n\n\n\n<li><strong>Streben nach Innovation und F\u00fchrung:<\/strong> Unternehmen, die Branchenf\u00fchrer oder Innovatoren sein wollen, sollten sich KI und Automatisierung zu eigen machen. Diese Technologien sind wichtige Innovationstreiber und bieten neue M\u00f6glichkeiten zur Probleml\u00f6sung, Produktverbesserung und Serviceoptimierung.<\/li>\n\n\n\n<li><strong>Erf\u00fcllung der Nachhaltigkeitsziele des Unternehmens:<\/strong> For companies committed to sustainable practices, Technology industry <a title=\"Beratung zu Automatisierung im Gesundheitswesen und k\u00fcnstlicher Intelligenz\" data-wpil-monitor-id=\"4873\" href=\"https:\/\/www.sisinternational.com\/de\/losungen\/ai-marktforschung-und-strategieberatung\/beratung-zur-automatisierung-im-gesundheitswesen-und-zu-kunstlicher-intelligenz\/\">automation and artificial intelligence consulting<\/a> can optimize resource use, reduce waste, and contribute to more environmentally friendly operations.<\/li>\n<\/ul>\n\n\n\n<h2 class=\"wp-block-heading\">Welche Ergebnisse werden von der Beratung zur Automatisierung der Technologiebranche und zur k\u00fcnstlichen Intelligenz erwartet?<\/h2>\n\n\n\n<p>Die Automatisierung der Technologiebranche und die KI-Beratung erzielen f\u00fcr Unternehmen schnelle Ergebnisse und erm\u00f6glichen ihnen, durch L\u00f6sungen, die auf neue Trends abgestimmt sind, auf dem Markt wettbewerbsf\u00e4hig zu bleiben:<\/p>\n\n\n\n<ul class=\"wp-block-list\">\n<li><strong>Einsparma\u00dfnahmen:<\/strong> Technology industry <a title=\"Beratung zu Automatisierung der Biotechnologie und k\u00fcnstlicher Intelligenz\" data-wpil-monitor-id=\"6864\" href=\"https:\/\/www.sisinternational.com\/de\/losungen\/ai-marktforschung-und-strategieberatung\/biotechnologie-automatisierung-kunstliche-intelligenz-beratung\/\">automation and artificial intelligence consulting<\/a> lead to significant cost savings over time. Reduced manual labor, minimized errors, and optimized resource use all contribute to a healthier bottom line.<\/li>\n\n\n\n<li><strong>Risikominderung und Compliance:<\/strong> Durch diese Beratung k\u00f6nnen das Risikomanagement und die Compliance-\u00dcberwachung verbessert werden, was den Unternehmen in diesen entscheidenden Bereichen mehr Sicherheit und Gelassenheit bietet.<\/li>\n\n\n\n<li><strong>Mitarbeiterf\u00f6rderung:<\/strong> Durch die Automatisierung von Routineaufgaben k\u00f6nnen sich die Mitarbeiter auf h\u00f6herwertige Arbeiten konzentrieren, was zu einer h\u00f6heren Arbeitszufriedenheit, geringerer Fluktuation und einer engagierteren Belegschaft f\u00fchrt.<\/li>\n<\/ul>\n\n\n\n<h2 class=\"wp-block-heading\">Technologien und Tools in der Technologiebranche Automatisierung und k\u00fcnstliche Intelligenz Beratung<\/h2>\n\n\n\n<p>Die Landschaft der Automatisierung in der Technologiebranche und der KI-Beratung ist reich an einer Vielzahl von Tools und Technologien. Diese reichen von spezialisierter Software bis hin zu fortschrittlicher Hardware und spielen alle eine entscheidende Rolle bei der Umgestaltung der Gesch\u00e4ftsabl\u00e4ufe. Zu den wichtigsten Technologien und Tools geh\u00f6ren:<\/p>\n\n\n\n<ul class=\"wp-block-list\">\n<li><strong>Robotergest\u00fctzte Prozessautomatisierung (RPA):<\/strong> RPA tools like UiPath and Automation Anywhere allow businesses to automate routine and repetitive tasks. <\/li>\n\n\n\n<li><strong>Datenanalyse- und Visualisierungstools:<\/strong> Tools wie Tableau, Microsoft Power BI und SAS bieten leistungsstarke Datenanalyse- und Visualisierungsfunktionen. Sie helfen Unternehmen, gro\u00dfe Datens\u00e4tze zu verstehen und Erkenntnisse zu gewinnen, die die Entscheidungsfindung unterst\u00fctzen k\u00f6nnen.<\/li>\n\n\n\n<li><strong>Tools zur Verarbeitung nat\u00fcrlicher Sprache (NLP):<\/strong> NLP-Technologien, wie sie beispielsweise von OpenAI angeboten werden, erm\u00f6glichen es Maschinen, menschliche Sprache zu verstehen und darauf zu reagieren. Sie werden in Chatbots, Sprachassistenten und der Automatisierung des Kundendienstes eingesetzt.<\/li>\n\n\n\n<li><strong>Cloud-Computing-Plattformen:<\/strong> Plattformen wie Amazon Web Services (AWS), Microsoft Azure und Google Cloud Platform bieten skalierbare, flexible und kosteng\u00fcnstige Cloud-Computing-Ressourcen. Sie sind f\u00fcr die Speicherung und Verarbeitung gro\u00dfer Datenmengen, die f\u00fcr KI und Automatisierung erforderlich sind, unverzichtbar.<\/li>\n\n\n\n<li><strong>Enterprise Resource Planning (ERP)-Systeme:<\/strong> ERP-Systeme wie SAP, Oracle ERP Cloud und Microsoft Dynamics 365 nutzen KI und Automatisierung, um Gesch\u00e4ftsprozesse in verschiedenen Abteilungen zu optimieren.<\/li>\n<\/ul>\n\n\n\n<h2 class=\"wp-block-heading\">Chancen in der Technologiebranche \u2013 Automatisierung und k\u00fcnstliche Intelligenz \u2013 Beratung f\u00fcr Unternehmen<\/h2>\n\n\n\n<p>Die Integration von Automatisierung und k\u00fcnstlicher Intelligenz in die Technologiebranche er\u00f6ffnet Unternehmen viele wichtige Chancen \u2013 und hier sind einige der wichtigsten Chancen:<\/p>\n\n\n\n<ul class=\"wp-block-list\">\n<li><strong>Schaffung neuer Gesch\u00e4ftsmodelle:<\/strong> <a title=\"Einf\u00fchrung von K\u00fcnstlicher Intelligenz (KI) in kleinen Unternehmen\" data-wpil-monitor-id=\"2785\" href=\"https:\/\/www.sisinternational.com\/de\/einfuhrung-von-kunstlicher-intelligenz-in-kleinen-unternehmen\/\">Technology industry automation and artificial intelligence<\/a> consulting enable businesses to explore and establish innovative business models. For instance, companies can leverage AI to offer personalized services, subscription-based access to AI tools, or automated solutions as a service.<\/li>\n\n\n\n<li><strong>Marktexpansion und globale Reichweite:<\/strong> Diese Beratung erm\u00f6glicht es Unternehmen, ihre Reichweite weltweit mit minimalen Zusatzkosten zu vergr\u00f6\u00dfern und auszuweiten. Automatisierung und KI k\u00f6nnen die Komplexit\u00e4t des Betriebs in unterschiedlichen M\u00e4rkten mit unterschiedlichen Sprachen, Vorschriften und kulturellen Nuancen bew\u00e4ltigen.<\/li>\n\n\n\n<li><strong>Transformation der Belegschaft und Entwicklung neuer F\u00e4higkeiten:<\/strong> Der Wandel hin zu k\u00fcnstlicher Intelligenz und Automatisierung ver\u00e4ndert die Belegschaft und bietet Mitarbeitern die M\u00f6glichkeit, neue F\u00e4higkeiten im Bereich KI-Management, Datenanalyse und Technologieintegration zu entwickeln.<\/li>\n\n\n\n<li><strong>Betriebsstabilit\u00e4t:<\/strong> Technology industry <a title=\"Beratung zu Branding-Automatisierung und k\u00fcnstlicher Intelligenz\" data-wpil-monitor-id=\"6889\" href=\"https:\/\/www.sisinternational.com\/de\/losungen\/ai-marktforschung-und-strategieberatung\/branding-automatisierung-ki-beratung\/\">automation and artificial intelligence consulting<\/a> contribute to operational resilience, enabling businesses to quickly adapt to changes in the market or disruptions in the supply chain. This agility is crucial in today&#8217;s fast-paced business environment.<\/li>\n\n\n\n<li><strong>Nachhaltigkeit und \u00d6koeffizienz:<\/strong> Durch die Optimierung der Ressourcennutzung und die Abfallreduzierung kann es Unternehmen dabei helfen, ihre Nachhaltigkeitsziele zu erreichen, indem es ihre Betriebsabl\u00e4ufe \u00f6koeffizienter macht und die Einhaltung von Umweltvorschriften f\u00f6rdert.<\/li>\n<\/ul>\n\n\n\n<h2 class=\"wp-block-heading\">SIS Solutions: Beratung zu Automatisierung in der Technologiebranche und k\u00fcnstlicher Intelligenz<\/h2>\n\n\n\n<p>We provide innovative solutions to drive digital transformation in the technology industry, enhancing operational efficiency, and redefining customer experiences. Our researchers conduct strategic analyses to turn information into actionable insights and help you consider <a title=\"Transkription von Marktforschung\" href=\"https:\/\/www.sisinternational.com\/de\/losungen\/ubersetzung-und-transkription\/transkription-von-marktforschung\/\" data-wpil-monitor-id=\"5904\">technology industry automation and AI consulting<\/a> with a full market view \u2013 and our focus on strategic analysis and actionable insights goes beyond data and provides tailored solutions for clients.<\/p>\n\n\n\n<ul class=\"wp-block-list\">\n<li><strong>Implementierung der robotergest\u00fctzten Prozessautomatisierung (RPA):<\/strong> Unsere RPA-L\u00f6sungen automatisieren Routine- und Wiederholungsaufgaben, minimieren Fehler und verbessern die Effizienz verschiedener Gesch\u00e4ftsprozesse, was letztendlich zu erheblichen Kosteneinsparungen und einer h\u00f6heren Produktivit\u00e4t f\u00fchrt.<\/li>\n\n\n\n<li><strong>Datenanalyse- und Visualisierungsdienste:<\/strong> Durch den Einsatz fortschrittlicher Datenanalyse- und Visualisierungstools helfen wir Unternehmen dabei, aus gro\u00dfen Datens\u00e4tzen wertvolle Erkenntnisse zu gewinnen und so datengesteuerte Entscheidungen und strategische Planungen zu erm\u00f6glichen.<\/li>\n\n\n\n<li><strong>Integration der Verarbeitung nat\u00fcrlicher Sprache (NLP):<\/strong> Durch die Integration von NLP-Technologien erm\u00f6glichen wir Unternehmen die Entwicklung KI-gest\u00fctzter Chatbots, Sprachassistenten und L\u00f6sungen zur Automatisierung des Kundendienstes und verbessern so die Kundenbindung und -zufriedenheit.<\/li>\n\n\n\n<li><strong>Cloud-Computing-L\u00f6sungen:<\/strong> Unsere Cloud-Computing-L\u00f6sungen auf Basis von Plattformen wie AWS, Azure und Google Cloud bieten skalierbare und kosteng\u00fcnstige Ressourcen zum Speichern und Verarbeiten der f\u00fcr KI und Automatisierung erforderlichen Daten und gew\u00e4hrleisten so Flexibilit\u00e4t und Skalierbarkeit im Betrieb.<\/li>\n\n\n\n<li><strong>Optimierung des Enterprise Resource Planning (ERP)-Systems:<\/strong> Wir optimieren ERP-Systeme mithilfe von KI und Automatisierung, um Gesch\u00e4ftsprozesse zu rationalisieren, die Ressourcennutzung zu verbessern und die allgemeine Betriebseffizienz in verschiedenen Abteilungen zu steigern.<\/li>\n\n\n\n<li><strong>Entwicklung innovativer Gesch\u00e4ftsmodelle:<\/strong> Mit unseren Beratungsleistungen unterst\u00fctzen wir Unternehmen bei der Erkundung und Etablierung innovativer Gesch\u00e4ftsmodelle durch Nutzung von KI und Automatisierung, damit sie wettbewerbsf\u00e4hig bleiben und sich an sich entwickelnde Markttrends anpassen k\u00f6nnen.<\/li>\n\n\n\n<li><strong>Programme zur Transformation der Belegschaft:<\/strong> Unsere Programme zur Personaltransformation erleichtern die Entwicklung neuer F\u00e4higkeiten im KI-Management, der Datenanalyse und der Technologieintegration und stellen sicher, dass Unternehmen gut ger\u00fcstet sind, um in einer sich schnell entwickelnden digitalen Landschaft erfolgreich zu sein.<\/li>\n<\/ul>","protected":false},"excerpt":{"rendered":"<p>Die Automatisierung der Technologiebranche und die Integration von KI sorgen f\u00fcr mehr Effizienz, minimieren Fehler und f\u00f6rdern Innovationen f\u00fcr Unternehmen.<\/p>","protected":false},"author":1,"featured_media":71764,"parent":44406,"menu_order":42,"comment_status":"closed","ping_status":"closed","template":"","meta":{"footnotes":""},"class_list":["post-45128","page","type-page","status-publish","has-post-thumbnail"],"_links":{"self":[{"href":"https:\/\/www.sisinternational.com\/de\/wp-json\/wp\/v2\/pages\/45128","targetHints":{"allow":["GET"]}}],"collection":[{"href":"https:\/\/www.sisinternational.com\/de\/wp-json\/wp\/v2\/pages"}],"about":[{"href":"https:\/\/www.sisinternational.com\/de\/wp-json\/wp\/v2\/types\/page"}],"author":[{"embeddable":true,"href":"https:\/\/www.sisinternational.com\/de\/wp-json\/wp\/v2\/users\/1"}],"replies":[{"embeddable":true,"href":"https:\/\/www.sisinternational.com\/de\/wp-json\/wp\/v2\/comments?post=45128"}],"version-history":[{"count":15,"href":"https:\/\/www.sisinternational.com\/de\/wp-json\/wp\/v2\/pages\/45128\/revisions"}],"predecessor-version":[{"id":83068,"href":"https:\/\/www.sisinternational.com\/de\/wp-json\/wp\/v2\/pages\/45128\/revisions\/83068"}],"up":[{"embeddable":true,"href":"https:\/\/www.sisinternational.com\/de\/wp-json\/wp\/v2\/pages\/44406"}],"wp:featuredmedia":[{"embeddable":true,"href":"https:\/\/www.sisinternational.com\/de\/wp-json\/wp\/v2\/media\/71764"}],"wp:attachment":[{"href":"https:\/\/www.sisinternational.com\/de\/wp-json\/wp\/v2\/media?parent=45128"}],"curies":[{"name":"wp","href":"https:\/\/api.w.org\/{rel}","templated":true}]}}