{"id":45112,"date":"2024-01-14T18:00:42","date_gmt":"2024-01-14T23:00:42","guid":{"rendered":"https:\/\/www.sisinternational.com\/?page_id=45112"},"modified":"2026-02-18T12:46:45","modified_gmt":"2026-02-18T17:46:45","slug":"wirtschaftswachstum-handel-kunstliche-intelligenz-beratung","status":"publish","type":"page","link":"https:\/\/www.sisinternational.com\/de\/losungen\/ai-marktforschung-und-strategieberatung\/wirtschaftswachstum-handel-kunstliche-intelligenz-beratung\/","title":{"rendered":"Wirtschaftswachstum &amp; Handel K\u00fcnstliche Intelligenz Beratung"},"content":{"rendered":"<h1 class=\"wp-block-heading\">Wirtschaftswachstum &amp; Handel K\u00fcnstliche Intelligenz Beratung<\/h1>\n\n\n\n<figure class=\"gb-block-image gb-block-image-1f4ffd59\"><img loading=\"lazy\" decoding=\"async\" width=\"1456\" height=\"816\" class=\"gb-image gb-image-1f4ffd59\" src=\"https:\/\/www.sisinternational.com\/wp-content\/uploads\/2008\/12\/Economic-growth-1.jpg\" alt=\"SIS International Marktforschung &amp; Strategie\" title=\"Economic growth (1)\" srcset=\"https:\/\/www.sisinternational.com\/wp-content\/uploads\/2008\/12\/Economic-growth-1.jpg 1456w, https:\/\/www.sisinternational.com\/wp-content\/uploads\/2008\/12\/Economic-growth-1-300x168.jpg 300w, https:\/\/www.sisinternational.com\/wp-content\/uploads\/2008\/12\/Economic-growth-1-1024x574.jpg 1024w, https:\/\/www.sisinternational.com\/wp-content\/uploads\/2008\/12\/Economic-growth-1-768x430.jpg 768w, https:\/\/www.sisinternational.com\/wp-content\/uploads\/2008\/12\/Economic-growth-1-18x10.jpg 18w\" sizes=\"auto, (max-width: 1456px) 100vw, 1456px\"><\/figure>\n\n\n\n<p><\/p>\n\n\n\n<p>In an era where economies are increasingly interconnected, how can nations and businesses navigate the complexities of growth and trade? Economic growth &amp; trade AI consulting is emerging as a helpful tool, offering unparalleled insights and strategies. <\/p>\n\n\n\n<h2 class=\"wp-block-heading\">Was ist Beratung zu Wirtschaftswachstum und Handel im Bereich k\u00fcnstliche Intelligenz?<\/h2>\n\n\n\n<p>Wirtschaftlich <a title=\"Wachstumsberatung\" href=\"https:\/\/www.sisinternational.com\/de\/losungen\/sis-globales-wachstum\/wachstumsberatung\/\" data-wpil-monitor-id=\"6396\">growth &amp; trade AI consulting<\/a> is a specialized field that leverages AI to provide deep insights into economic trends, trade patterns, market dynamics, and the macroeconomic indicators that drive growth and trade. This form of consulting uses advanced AI algorithms to analyze vast datasets, including international trade statistics, economic reports, market trends, and financial indicators.<\/p>\n\n\n\n<h2 class=\"wp-block-heading\">Warum ben\u00f6tigen Unternehmen Beratung zu Wirtschaftswachstum und k\u00fcnstlicher Intelligenz im Handel?<\/h2>\n\n\n\n<p>Bei der globalen Expansion von Unternehmen ist es von entscheidender Bedeutung, die Nuancen verschiedener M\u00e4rkte zu verstehen. Die KI-Beratung f\u00fcr Wirtschaftswachstum und Handel bietet detaillierte Analysen verschiedener M\u00e4rkte und hilft Unternehmen, ihre Strategien an unterschiedliche wirtschaftliche Umgebungen anzupassen. Die KI-Beratung f\u00fcr Wirtschaftswachstum und Handel hilft Unternehmen auch dabei, mit Konjunkturschwankungen verbundene Risiken zu identifizieren und zu mindern. Dazu geh\u00f6rt die Analyse der Auswirkungen geopolitischer Ereignisse, Handelsstreitigkeiten und globaler Wirtschaftskrisen.<\/p>\n\n\n\n<p>Dar\u00fcber hinaus kann KI komplexe globale Lieferkettennetzwerke analysieren und Unternehmen dabei helfen, ihre Betriebsabl\u00e4ufe hinsichtlich Kosteneffizienz, Geschwindigkeit und Zuverl\u00e4ssigkeit zu optimieren, insbesondere angesichts globaler St\u00f6rungen.<\/p>\n\n\n\n<h2 class=\"wp-block-heading\">Wie unterscheidet sich die Beratung zu k\u00fcnstlichem Intelligenz im Bereich Wirtschaftswachstum und Handel von der herk\u00f6mmlichen Marktforschung?<\/h2>\n\n\n\n<p>Economic growth &amp; trade <a title=\"Beratung zu k\u00fcnstlicher Intelligenz im Reisebereich\" href=\"https:\/\/www.sisinternational.com\/de\/losungen\/ai-marktforschung-und-strategieberatung\/reiseberatung-mit-kunstlicher-intelligenz\/\" data-wpil-monitor-id=\"6908\">artificial intelligence consulting<\/a> differs significantly from traditional market research in several key aspects. These differences are rooted in the advanced capabilities of AI and the specific focus on economic and trade dynamics. Here\u2019s how these two approaches compare:<\/p>\n\n\n\n<ul class=\"wp-block-list\">\n<li><strong>Tiefe und Breite der Datenanalyse:<\/strong> Traditionelle Marktforschung st\u00fctzt sich h\u00e4ufig auf Umfragen, Fokusgruppen und Marktbeobachtungen und liefert wertvolle, aber manchmal begrenzte Erkenntnisse. Im Gegensatz dazu verwendet die KI-Beratung f\u00fcr Wirtschaftswachstum und Handel komplexe Algorithmen, um riesige Datens\u00e4tze zu analysieren, darunter globale Wirtschaftsindikatoren, Handelsmuster und Markttrends, und bietet so ein umfassenderes und detaillierteres Verst\u00e4ndnis der Wirtschaftslandschaft.<\/li>\n\n\n\n<li><strong>Pr\u00e4diktive Analytik:<\/strong> W\u00e4hrend sich traditionelle Marktforschung eher auf aktuelle oder historische Daten konzentriert, um Trends zu erkennen, zeichnet sich die Beratung zu Wirtschaftswachstum und Handel mit k\u00fcnstlicher Intelligenz durch pr\u00e4diktive Analysen aus. Sie verwendet fortschrittliche Modelle, um zuk\u00fcnftige wirtschaftliche Bedingungen, Marktbewegungen und Handelsimplikationen vorherzusagen und bietet so eine zukunftsorientierte Perspektive.<\/li>\n\n\n\n<li><strong>Ma\u00dfgeschneiderte und dynamische Einblicke:<\/strong> Wirtschaftswachstum und Handel KI-Beratung bietet individuellere Erkenntnisse, die auf spezifische Wirtschaftsfragen oder Handelsszenarien zugeschnitten sind. Sie kann sich dynamisch an neue Daten oder globale Ereignisse anpassen, w\u00e4hrend traditionelle Marktforschung typischerweise statisch ist und sich m\u00f6glicherweise nicht so schnell an ver\u00e4nderte Bedingungen anpasst.<\/li>\n<\/ul>\n\n\n\n<h3 class=\"wp-block-heading\">Schl\u00fcsselfaktoren f\u00fcr den Erfolg<\/h3>\n\n\n\n<p>Damit die KI-Beratung zu Wirtschaftswachstum und Handel effektiv ist und aussagekr\u00e4ftige Ergebnisse liefert, m\u00fcssen mehrere Schl\u00fcsselfaktoren f\u00fcr den Erfolg strategisch ber\u00fccksichtigt werden. Diese Faktoren sind entscheidend, um sicherzustellen, dass KI-gest\u00fctzte Erkenntnisse genau, relevant und umsetzbar sind.<\/p>\n\n\n\n<ul class=\"wp-block-list\">\n<li><strong>Zugriff auf qualitativ hochwertige Daten:<\/strong> The foundation of effective AI consulting in economics and trade is access to comprehensive and accurate data. <\/li>\n\n\n\n<li><strong>Anpassung und Anpassbarkeit:<\/strong> The ability to customize AI tools to specific economic and trade scenarios and adapt to changing global conditions is vital. <\/li>\n\n\n\n<li><strong>Klare Kommunikation der Erkenntnisse:<\/strong> Die F\u00e4higkeit, komplexe Erkenntnisse auf Basis KI klar und verst\u00e4ndlich an politische Entscheidungstr\u00e4ger, Unternehmensleiter und Interessenvertreter zu kommunizieren, ist der Schl\u00fcssel zu einer effektiven Entscheidungsfindung.<\/li>\n<\/ul>\n\n\n\n<h2 class=\"wp-block-heading\">Erwartete Ergebnisse aus Wirtschaftswachstum und Handel K\u00fcnstliche Intelligenz Beratung<\/h2>\n\n\n\n<p>Die Beratung zu Wirtschaftswachstum und Handel mit KI kann bedeutende Ergebnisse und Vorteile f\u00fcr Unternehmen, politische Entscheidungstr\u00e4ger und \u00d6konomen bringen. Folgendes ist zu erwarten:<\/p>\n\n\n\n<ul class=\"wp-block-list\">\n<li><strong>Informierte Wirtschafts- und Handelspolitik:<\/strong> Regierungen und internationale Organisationen k\u00f6nnen eine st\u00e4rker datengesteuerte und effektivere Wirtschafts- und Handelspolitik erwarten, die durch umfassende KI-Analysen globaler Markttrends und Wirtschaftsindikatoren untermauert wird.<\/li>\n\n\n\n<li><strong>Verbesserte Markteintrittsstrategien:<\/strong> Dank KI-gest\u00fctzter Einblicke in Marktbedingungen, Verbraucherverhalten und Wettbewerbsumfeld k\u00f6nnen Unternehmen fundiertere Strategien f\u00fcr den Eintritt in neue M\u00e4rkte oder die Expansion bestehender M\u00e4rkte entwickeln.<\/li>\n\n\n\n<li><strong>Verbessertes Risikomanagement:<\/strong> <a title=\"Risiko-KI-Beratung\" data-wpil-monitor-id=\"2615\" href=\"https:\/\/www.sisinternational.com\/de\/losungen\/ai-marktforschung-und-strategieberatung\/risiko-ki-beratung\/\">Economic growth &amp; trade artificial intelligence consulting<\/a> provides advanced tools for identifying and assessing economic and trade risks, enabling businesses and governments to formulate strategies to mitigate these risks effectively.<\/li>\n\n\n\n<li><strong>Optimierte Handelspraktiken:<\/strong> F\u00fcr Unternehmen, die im internationalen Handel t\u00e4tig sind, kann die Beratung zu Wirtschaftswachstum und k\u00fcnstlicher Intelligenz im Handel zu optimierten Handelspraktiken f\u00fchren, einschlie\u00dflich Lieferkettenmanagement, Preisstrategien und Einhaltung von Handelsvorschriften.<\/li>\n\n\n\n<li><strong>Strategische Investitionsentscheidungen:<\/strong> Mithilfe pr\u00e4diktiver Analytik und Trendanalysen k\u00f6nnen Anleger und Finanzinstitute mithilfe eines tieferen Verst\u00e4ndnisses des Wirtschafts- und Handelsumfelds strategischere Anlageentscheidungen treffen.<\/li>\n<\/ul>\n\n\n\n<h2 class=\"wp-block-heading\">Chancen f\u00fcr Wirtschaftswachstum und Handel K\u00fcnstliche Intelligenz \u2013 Beratung f\u00fcr Unternehmen<\/h2>\n\n\n\n<p>Die Integration k\u00fcnstlicher Intelligenz in Wirtschaftswachstum und Handelsberatung bietet Unternehmen zahlreiche Chancen. Diese Chancen k\u00f6nnen Innovationen vorantreiben, die strategische Planung verbessern und Wettbewerbsvorteile auf einem globalisierten Markt bieten.<\/p>\n\n\n\n<ul class=\"wp-block-list\">\n<li><strong>Markterweiterung und Diversifizierung:<\/strong> <a title=\"Marktintelligenz\" data-wpil-monitor-id=\"6775\" href=\"https:\/\/www.sisinternational.com\/de\/losungen\/strategieberatung\/marktintelligenz\/\">Economic growth &amp; trade artificial<\/a> intelligence consulting can identify promising new markets and sectors for expansion, helping businesses diversify their operations and reduce market-specific risks.<\/li>\n\n\n\n<li><strong>Verbesserte Wettbewerbsintelligenz:<\/strong> <a title=\"K\u00fcnstliche Intelligenz Competitive Intelligence Beratung\" data-wpil-monitor-id=\"2324\" href=\"https:\/\/www.sisinternational.com\/de\/losungen\/ai-marktforschung-und-strategieberatung\/kunstliche-intelligenz-wettbewerbsintelligenz-beratung\/\">Economic growth &amp; trade artificial intelligence consulting<\/a> can provide detailed competitive intelligence, helping businesses understand their competitors\u2019 strategies and market positions, and identifying gaps or opportunities in the market.<\/li>\n\n\n\n<li><strong>Optimierung der Lieferkette:<\/strong> Die Beratung zu Wirtschaftswachstum und Handel mit k\u00fcnstlicher Intelligenz kann wertvolle Erkenntnisse zur Optimierung globaler Lieferketten, zur Verbesserung der Effizienz und zur Senkung der Kosten bieten, insbesondere bei volatilen Konjunkturbedingungen.<\/li>\n\n\n\n<li><strong>Ma\u00dfgeschneiderte Produkt- und Serviceangebote:<\/strong> Durch das Verstehen regionaler Wirtschaftstrends und Verbraucherpr\u00e4ferenzen mithilfe von KI k\u00f6nnen Unternehmen ihre Produkte und Dienstleistungen an unterschiedliche M\u00e4rkte anpassen und so die Kundenzufriedenheit und -treue erh\u00f6hen.<\/li>\n\n\n\n<li><strong>Navigieren im regulatorischen Umfeld:<\/strong> Beratung zu Wirtschaftswachstum und Handel mit k\u00fcnstlicher Intelligenz kann Unternehmen dabei helfen, sich in den komplexen Regulierungslandschaften verschiedener L\u00e4nder zurechtzufinden, die Einhaltung von Vorschriften sicherzustellen und potenzielle rechtliche oder finanzielle Strafen zu vermeiden.<\/li>\n<\/ul>\n\n\n\n<h2 class=\"wp-block-heading\">Herausforderungen des Wirtschaftswachstums und des Handels K\u00fcnstliche Intelligenz-Beratung f\u00fcr Unternehmen<\/h2>\n\n\n\n<p>Economic growth &amp; trade AI consulting come with their set of challenges. These challenges must be acknowledged and addressed to fully leverage AI&#8217;s potential in this field \u2013 and here are some key challenges that businesses might encounter:<\/p>\n\n\n\n<ul class=\"wp-block-list\">\n<li><strong>Datenzug\u00e4nglichkeit und -qualit\u00e4t:<\/strong> Eine der gr\u00f6\u00dften Herausforderungen besteht darin, Zugang zu hochwertigen, umfassenden und aktuellen Daten zu erhalten. Die Wirksamkeit der KI-Beratung h\u00e4ngt weitgehend von der Verf\u00fcgbarkeit und Zuverl\u00e4ssigkeit von Wirtschafts- und Handelsdaten ab.<\/li>\n\n\n\n<li><strong>Komplexit\u00e4t globaler Wirtschaftssysteme:<\/strong> Die Weltwirtschaft ist ein komplexes System, das von einer Vielzahl von Faktoren beeinflusst wird, darunter politische Ereignisse, regulatorische \u00c4nderungen und unvorhergesehene globale Vorf\u00e4lle.<\/li>\n\n\n\n<li><strong>Mit dem technologischen Fortschritt Schritt halten:<\/strong> Der Bereich KI entwickelt sich rasant. Mit den neuesten Entwicklungen Schritt zu halten und KI-Strategien und -Tools kontinuierlich zu aktualisieren, kann ressourcenintensiv sein und erfordert st\u00e4ndige Aufmerksamkeit.<\/li>\n\n\n\n<li><strong>Abw\u00e4gung von KI-Erkenntnissen mit menschlicher Expertise:<\/strong> KI liefert zwar wertvolle Erkenntnisse, doch ist es entscheidend, diese mit menschlichem Fachwissen und Marktverst\u00e4ndnis abzugleichen. Es besteht die Gefahr, sich zu sehr auf KI zu verlassen, da diese m\u00f6glicherweise nicht immer nuancierte wirtschaftliche und kulturelle Faktoren ber\u00fccksichtigt.<\/li>\n\n\n\n<li><strong>Qualifikationsl\u00fccken und Schulungsbedarf:<\/strong> In Organisationen kann es Qualifikationsl\u00fccken geben, und Mitarbeiter m\u00fcssen geschult werden, um KI-gest\u00fctzte Erkenntnisse zu verstehen und effektiv zu nutzen. Investitionen in Schulungen und Entwicklung sind f\u00fcr die erfolgreiche Umsetzung von KI-Beratung unerl\u00e4sslich.<\/li>\n<\/ul>\n\n\n\n<h2 class=\"wp-block-heading\">SIS Solutions: Wirtschaftswachstum und KI-Beratung f\u00fcr den Handel<\/h2>\n\n\n\n<p>We provide clients with unparalleled insights into economic trends and trade dynamics, empowering them to make informed decisions and navigate the complexities of global markets with confidence. Our researchers conduct strategic analyses to turn information into actionable insights and help you consider <a title=\"Robotik-Marktforschung\" href=\"https:\/\/www.sisinternational.com\/de\/sachverstand\/branchen\/robotik-marktforschung\/\" data-wpil-monitor-id=\"5974\">economic growth and trade<\/a> with a full market view \u2013 and our focus on strategic analysis and actionable insights goes beyond data and provides tailored solutions for clients.<\/p>\n\n\n\n<ul class=\"wp-block-list\">\n<li><strong>Umfassende Marktanalyse:<\/strong> Unter Verwendung hochentwickelter KI-Algorithmen bieten wir detaillierte Analysen von Wirtschaftsindikatoren, Handelsmustern und Markttrends und vermitteln unseren Kunden so ein umfassendes Verst\u00e4ndnis der globalen Marktdynamik.<\/li>\n\n\n\n<li><strong>Pr\u00e4diktive Analytik:<\/strong> Unsere Prognosemodelle prognostizieren k\u00fcnftige wirtschaftliche Bedingungen und Marktbewegungen. So k\u00f6nnen unsere Kunden Trends vorhersehen und entsprechend planen, um Risiken zu mindern und Chancen zu maximieren.<\/li>\n\n\n\n<li><strong>Ma\u00dfgeschneiderte Strategieentwicklung:<\/strong> Wir passen unsere Beratungsleistungen an spezifische Wirtschafts- und Handelsszenarien an und bieten unseren Kunden individuelle Strategien, die auf ihre Ziele und Vorgaben abgestimmt sind.<\/li>\n\n\n\n<li><strong>Optimierung der Lieferkette:<\/strong> Durch eine detaillierte Analyse globaler Lieferkettennetzwerke unterst\u00fctzen wir Unternehmen dabei, ihre Betriebsabl\u00e4ufe hinsichtlich Kosteneffizienz, Belastbarkeit und Effizienz zu optimieren und so auch bei St\u00f6rungen einen reibungslosen Betrieb zu gew\u00e4hrleisten.<\/li>\n\n\n\n<li><strong>Risikomanagement-L\u00f6sungen:<\/strong> Unsere KI-gesteuerten Tools identifizieren und bewerten Wirtschafts- und Handelsrisiken und erm\u00f6glichen es unseren Kunden, robuste Risikomanagementstrategien zu entwickeln und ihre Interessen in einem volatilen globalen Umfeld zu sch\u00fctzen.<\/li>\n\n\n\n<li><strong>Strategische Anlageeinblicke:<\/strong> Wir bieten Investoren und Finanzinstituten strategische Einblicke in das Wirtschafts- und Handelsumfeld, unterst\u00fctzen fundierte Anlageentscheidungen und maximieren die Rendite.<\/li>\n\n\n\n<li><strong>Unterst\u00fctzung bei der Einhaltung gesetzlicher Vorschriften:<\/strong> Unsere Beratungsleistungen unterst\u00fctzen Unternehmen dabei, sich in den komplexen Regulierungslandschaften verschiedener L\u00e4nder zurechtzufinden, die Einhaltung der Vorschriften sicherzustellen und rechtliche und finanzielle Risiken zu minimieren.<\/li>\n<\/ul>\n\n\n\n<h2 class=\"wp-block-heading\">\u00dcber SIS International<\/h2>\n\n\n\n<p>SIS International bietet quantitative, qualitative und strategische Forschung an. Wir liefern Daten, Tools, Strategien, Berichte und Erkenntnisse zur Entscheidungsfindung. Wir f\u00fchren Interviews, Umfragen, Fokusgruppen und viele andere Methoden und Ans\u00e4tze der Marktforschung durch. Kontaktieren Sie uns f\u00fcr Ihr n\u00e4chstes Marktforschungsprojekt.<\/p>","protected":false},"excerpt":{"rendered":"<p>Wirtschaftswachstum &amp; Handel \u2013 Beratung zu k\u00fcnstlicher Intelligenz ist ein Spezialgebiet, das Einblicke in Wirtschaft, Handel und M\u00e4rkte bietet.<\/p>","protected":false},"author":1,"featured_media":68975,"parent":44406,"menu_order":39,"comment_status":"closed","ping_status":"closed","template":"","meta":{"footnotes":""},"class_list":["post-45112","page","type-page","status-publish","has-post-thumbnail"],"_links":{"self":[{"href":"https:\/\/www.sisinternational.com\/de\/wp-json\/wp\/v2\/pages\/45112","targetHints":{"allow":["GET"]}}],"collection":[{"href":"https:\/\/www.sisinternational.com\/de\/wp-json\/wp\/v2\/pages"}],"about":[{"href":"https:\/\/www.sisinternational.com\/de\/wp-json\/wp\/v2\/types\/page"}],"author":[{"embeddable":true,"href":"https:\/\/www.sisinternational.com\/de\/wp-json\/wp\/v2\/users\/1"}],"replies":[{"embeddable":true,"href":"https:\/\/www.sisinternational.com\/de\/wp-json\/wp\/v2\/comments?post=45112"}],"version-history":[{"count":9,"href":"https:\/\/www.sisinternational.com\/de\/wp-json\/wp\/v2\/pages\/45112\/revisions"}],"predecessor-version":[{"id":82999,"href":"https:\/\/www.sisinternational.com\/de\/wp-json\/wp\/v2\/pages\/45112\/revisions\/82999"}],"up":[{"embeddable":true,"href":"https:\/\/www.sisinternational.com\/de\/wp-json\/wp\/v2\/pages\/44406"}],"wp:featuredmedia":[{"embeddable":true,"href":"https:\/\/www.sisinternational.com\/de\/wp-json\/wp\/v2\/media\/68975"}],"wp:attachment":[{"href":"https:\/\/www.sisinternational.com\/de\/wp-json\/wp\/v2\/media?parent=45112"}],"curies":[{"name":"wp","href":"https:\/\/api.w.org\/{rel}","templated":true}]}}