{"id":45108,"date":"2024-01-14T16:37:49","date_gmt":"2024-01-14T21:37:49","guid":{"rendered":"https:\/\/www.sisinternational.com\/?page_id=45108"},"modified":"2026-01-27T16:50:40","modified_gmt":"2026-01-27T21:50:40","slug":"venture-capital-automatisierung-kunstliche-intelligenz-beratung","status":"publish","type":"page","link":"https:\/\/www.sisinternational.com\/de\/losungen\/fintech-strategieberatung-forschung\/venture-capital-automatisierung-kunstliche-intelligenz-beratung\/","title":{"rendered":"Beratung zu Venture-Capital-Automatisierung und k\u00fcnstlicher Intelligenz"},"content":{"rendered":"<h1 class=\"wp-block-heading\">Beratung zu Venture-Capital-Automatisierung und k\u00fcnstlicher Intelligenz<\/h1>\n\n\n\n<figure class=\"gb-block-image gb-block-image-8a268a4b\"><img loading=\"lazy\" decoding=\"async\" width=\"1456\" height=\"816\" class=\"gb-image gb-image-8a268a4b\" src=\"https:\/\/www.sisinternational.com\/wp-content\/uploads\/2025\/10\/Capital-Markets-Automation-4.jpg\" alt=\"SIS International Marktforschung &amp; Strategie\" title=\"Capital Markets Automation (4)\" srcset=\"https:\/\/www.sisinternational.com\/wp-content\/uploads\/2025\/10\/Capital-Markets-Automation-4.jpg 1456w, https:\/\/www.sisinternational.com\/wp-content\/uploads\/2025\/10\/Capital-Markets-Automation-4-300x168.jpg 300w, https:\/\/www.sisinternational.com\/wp-content\/uploads\/2025\/10\/Capital-Markets-Automation-4-1024x574.jpg 1024w, https:\/\/www.sisinternational.com\/wp-content\/uploads\/2025\/10\/Capital-Markets-Automation-4-768x430.jpg 768w, https:\/\/www.sisinternational.com\/wp-content\/uploads\/2025\/10\/Capital-Markets-Automation-4-18x10.jpg 18w\" sizes=\"auto, (max-width: 1456px) 100vw, 1456px\"><\/figure>\n\n\n\n<p><\/p>\n\n\n\n<hr class=\"wp-block-separator has-alpha-channel-opacity\"\/>\n\n\n\n<p>Venture capital automation and artificial intelligence consulting are reshaping how venture capital functions and the way investments are sourced, analyzed, and managed. This means a new era in the venture capital landscape, and businesses are already leveraging this consulting service to gain a competitive advantage.<\/p>\n\n\n\n<h2 class=\"wp-block-heading\">Was ist Beratung zu Venture-Capital-Automatisierung und k\u00fcnstlicher Intelligenz?<\/h2>\n\n\n\n<p>Venture capital automation and artificial intelligence consulting represent a cutting-edge convergence of technology and investment strategies. They involve applying artificial intelligence, machine learning, and automation technologies to the venture capital sector, fundamentally transforming how venture capital firms operate, make decisions, and achieve their goals.<\/p>\n\n\n\n<p>This form of consulting leverages AI to analyze market trends, predict startup success, and streamline investment processes. This speeds up the decision-making process and enhances the accuracy of predictions regarding a startup&#8217;s potential.<\/p>\n\n\n\n<h2 class=\"wp-block-heading\">Die entscheidende Bedeutung der Venture-Capital-Automatisierung und der Beratung zu k\u00fcnstlicher Intelligenz<\/h2>\n\n\n\n<p>Venture capital automation and <a href=\"https:\/\/www.sisinternational.com\/de\/losungen\/fintech-strategieberatung-forschung\/investment-banking-automatisierung-ki-beratung\/\" title=\"Beratung zur Automatisierung des Investment Banking und zur k\u00fcnstlichen Intelligenz\"  data-wpil-monitor-id=\"4102\">artificial intelligence consulting<\/a> bring a new level of efficiency and speed to this process by quickly analyzing large volumes of data to identify potential investment opportunities. It also provides deep insights and predictive analytics, allowing venture capitalists to make decisions based on comprehensive data analysis rather than solely on gut feeling or experience.<\/p>\n\n\n\n<p>Moreover, firms that leverage <a href=\"https:\/\/www.sisinternational.com\/de\/losungen\/ai-marktforschung-und-strategieberatung\/globales-beratungsunternehmen-fur-ki-automatisierung\/\" title=\"Globales KI- und Automatisierungsberatungsunternehmen\"  data-wpil-monitor-id=\"2404\">venture capital automation and artificial intelligence<\/a> consulting can gain a significant competitive advantage by identifying and capitalizing on investment opportunities more quickly and accurately.<\/p>\n\n\n\n<h2 class=\"wp-block-heading\">So implementieren Sie Venture-Capital-Automatisierung und Beratung zur k\u00fcnstlichen Intelligenz<\/h2>\n\n\n\n<figure class=\"gb-block-image gb-block-image-0208ac90\"><img loading=\"lazy\" decoding=\"async\" width=\"1456\" height=\"816\" class=\"gb-image gb-image-0208ac90\" src=\"https:\/\/www.sisinternational.com\/wp-content\/uploads\/2025\/10\/Capital-Markets-Automation-3.jpg\" alt=\"SIS International Marktforschung &amp; Strategie\" title=\"Capital Markets Automation (3)\" srcset=\"https:\/\/www.sisinternational.com\/wp-content\/uploads\/2025\/10\/Capital-Markets-Automation-3.jpg 1456w, https:\/\/www.sisinternational.com\/wp-content\/uploads\/2025\/10\/Capital-Markets-Automation-3-300x168.jpg 300w, https:\/\/www.sisinternational.com\/wp-content\/uploads\/2025\/10\/Capital-Markets-Automation-3-1024x574.jpg 1024w, https:\/\/www.sisinternational.com\/wp-content\/uploads\/2025\/10\/Capital-Markets-Automation-3-768x430.jpg 768w, https:\/\/www.sisinternational.com\/wp-content\/uploads\/2025\/10\/Capital-Markets-Automation-3-18x10.jpg 18w\" sizes=\"auto, (max-width: 1456px) 100vw, 1456px\"><\/figure>\n\n\n\n<p><\/p>\n\n\n\n<p>Die Durchf\u00fchrung von Venture-Capital-Automatisierungs- und KI-Beratungen erfordert einen strukturierten Ansatz, der technologisches Fachwissen mit fundierten Kenntnissen der Venture-Capital-Branche verbindet. Hier finden Sie eine Anleitung zur effektiven Implementierung dieser Technologien in einem Venture-Capital-Umfeld:<\/p>\n\n\n\n<ul class=\"wp-block-list\">\n<li><strong>Beurteilung der Bed\u00fcrfnisse und Ziele des Unternehmens:<\/strong> The first step is to understand the venture capital firm&#8217;s specific needs, challenges, and objectives.\u00a0<\/li>\n\n\n\n<li><strong>Auswahl der richtigen Technologien:<\/strong> Based on the assessment, the next step is to select the appropriate AI and automation technologies that align with the firm\u2019s needs.\u00a0<\/li>\n\n\n\n<li><strong>Datenerfassung und -verwaltung:<\/strong> F\u00fcr eine effektive KI-Implementierung ist der Zugriff auf qualitativ hochwertige Daten erforderlich. Das Sammeln und Organisieren relevanter Daten, einschlie\u00dflich Markttrends, Leistungskennzahlen von Startups und Finanzberichten, ist von entscheidender Bedeutung.<\/li>\n\n\n\n<li><strong>Anpassen von KI-L\u00f6sungen:<\/strong> Rather than adopting a one-size-fits-all approach, AI solutions should be customized to fit the unique context of the venture capital firm.\u00a0<\/li>\n\n\n\n<li><strong>Integration mit bestehenden Systemen:<\/strong> Integrating AI and automation technologies with the firm\u2019s existing IT infrastructure and software systems is vital for seamless operation.\u00a0<\/li>\n\n\n\n<li><strong>Testen und Validieren:<\/strong> Before full deployment, the AI and automation tools must be tested and validated. This includes running pilot projects or simulations to ensure the technology functions as intended and delivers accurate and useful insights.<\/li>\n\n\n\n<li><strong>Training and <\/strong><a href=\"https:\/\/www.sisinternational.com\/de\/losungen\/ai-marktforschung-und-strategieberatung\/change-management-automatisierung-kunstliche-intelligenz-beratung\/\" title=\"Change-Management-Automatisierung und KI-Beratung\"  data-wpil-monitor-id=\"7633\">Change Management: Implementing AI and automation<\/a> in venture capital often requires a shift in how teams work. Providing staff training and managing the change process is key to ensuring that the technology is used effectively and that the team adapts to new workflows.<\/li>\n\n\n\n<li><strong>Kontinuierliche \u00dcberwachung und Anpassung:<\/strong> Nach der Implementierung ist eine kontinuierliche \u00dcberwachung der Leistung der Technologie erforderlich. Die KI-Systeme m\u00fcssen m\u00f6glicherweise basierend auf der tats\u00e4chlichen Leistung und den sich \u00e4ndernden Marktbedingungen angepasst und feinabgestimmt werden.<\/li>\n<\/ul>\n\n\n\n<h2 class=\"wp-block-heading\">Was Sie von der Beratung zu Venture-Capital-Automatisierung und k\u00fcnstlicher Intelligenz erwarten k\u00f6nnen<\/h2>\n\n\n\n<p>Venture capital firms can anticipate several benefits from <a href=\"https:\/\/www.sisinternational.com\/de\/losungen\/ai-marktforschung-und-strategieberatung\/workflow-automatisierung-beratung-zu-kunstlicher-intelligenz\/\" title=\"Beratung zur Workflow-Automatisierung und k\u00fcnstlichen Intelligenz\"  data-wpil-monitor-id=\"6887\">automation and artificial intelligence consulting<\/a>. These advancements streamline the investment process and provide strategic advantages in the highly competitive venture capital landscape.<\/p>\n\n\n\n<ul class=\"wp-block-list\">\n<li><strong>Verbessertes Deal Sourcing:<\/strong> AI-driven tools can scan vast amounts of data to identify potential investment opportunities that align with the firm&#8217;s criteria, leading to more efficient and diverse deal sourcing.<\/li>\n\n\n\n<li><strong>Verbesserte Due-Diligence-Prozesse:<\/strong> KI und Automatisierung k\u00f6nnen den Due-Diligence-Prozess erheblich rationalisieren und die Finanzen, Marktpositionen und das Wachstumspotenzial von Startups schneller und genauer analysieren als mit herk\u00f6mmlichen Methoden.<\/li>\n\n\n\n<li><strong>Personalisierte Anlagestrategien:<\/strong> AI algorithms can tailor investment strategies to a firm&#8217;s specific goals and risk appetites, leading to more customized portfolio management.<\/li>\n\n\n\n<li><strong>Betriebseffizienz:<\/strong> Durch die Automatisierung von Routineaufgaben wie Datenerfassung, Berichterstellung und Portfolio\u00fcberwachung wird die Betriebseffizienz gesteigert, sodass sich das Unternehmen auf strategisches Wachstum und den Aufbau von Beziehungen konzentrieren kann.<\/li>\n\n\n\n<li><strong>Wettbewerbsvorteil:<\/strong> Durch die Nutzung der neuesten Fortschritte in den Bereichen KI und Automatisierung k\u00f6nnen Risikokapitalfirmen einen erheblichen Wettbewerbsvorteil bei der Identifizierung und Sicherung lukrativer Investitionsm\u00f6glichkeiten erlangen.<\/li>\n<\/ul>\n\n\n\n<h2 class=\"wp-block-heading\">Aktuelle Entwicklungen<\/h2>\n\n\n\n<figure class=\"gb-block-image gb-block-image-930d5958\"><img loading=\"lazy\" decoding=\"async\" width=\"1456\" height=\"816\" class=\"gb-image gb-image-930d5958\" src=\"https:\/\/www.sisinternational.com\/wp-content\/uploads\/2025\/10\/Capital-Markets-Automation-2.jpg\" alt=\"SIS International Marktforschung &amp; Strategie\" title=\"Capital Markets Automation (2)\" srcset=\"https:\/\/www.sisinternational.com\/wp-content\/uploads\/2025\/10\/Capital-Markets-Automation-2.jpg 1456w, https:\/\/www.sisinternational.com\/wp-content\/uploads\/2025\/10\/Capital-Markets-Automation-2-300x168.jpg 300w, https:\/\/www.sisinternational.com\/wp-content\/uploads\/2025\/10\/Capital-Markets-Automation-2-1024x574.jpg 1024w, https:\/\/www.sisinternational.com\/wp-content\/uploads\/2025\/10\/Capital-Markets-Automation-2-768x430.jpg 768w, https:\/\/www.sisinternational.com\/wp-content\/uploads\/2025\/10\/Capital-Markets-Automation-2-18x10.jpg 18w\" sizes=\"auto, (max-width: 1456px) 100vw, 1456px\"><\/figure>\n\n\n\n<p><\/p>\n\n\n\n<p>Automation and artificial intelligence are driving significant changes in how venture capital firms operate and make investment decisions \u2013 and here are some of the current trends in venture capital automation and <a href=\"https:\/\/www.sisinternational.com\/de\/losungen\/ai-marktforschung-und-strategieberatung\/reiseberatung-mit-kunstlicher-intelligenz\/\" title=\"Beratung zu k\u00fcnstlicher Intelligenz im Reisebereich\"  data-wpil-monitor-id=\"6910\">artificial intelligence consulting<\/a>:<\/p>\n\n\n\n<ul class=\"wp-block-list\">\n<li><strong>Big Data im Deal Sourcing:<\/strong> Venture capital firms leverage big data to identify and source deals. AI-driven tools analyze vast datasets to uncover hidden opportunities and emerging market trends that traditional methods might overlook.<\/li>\n\n\n\n<li><strong>KI im Portfoliomanagement:<\/strong> Der Einsatz von KI bei der Verwaltung und \u00dcberwachung von Anlageportfolios nimmt zu. KI-Tools bieten Echtzeitanalysen und Einblicke in die Portfolio-Performance und erm\u00f6glichen so eine effektivere Verwaltung und zeitnahe Entscheidungsfindung.<\/li>\n\n\n\n<li><strong>Blockchain f\u00fcr die Verfolgung und Verwaltung von Investitionen:<\/strong> Die Blockchain-Technologie wird auf ihr Potenzial bei der Verfolgung und Verwaltung von Investitionen untersucht und bietet verbesserte Transparenz, Sicherheit und Effizienz.<\/li>\n\n\n\n<li><strong>Integration von ESG-Faktoren:<\/strong> Venture capital <a href=\"https:\/\/www.sisinternational.com\/de\/losungen\/ai-marktforschung-und-strategieberatung\/restaurantautomatisierung-beratung-zu-kunstlicher-intelligenz\/\" title=\"Beratung zu Restaurantautomatisierung und k\u00fcnstlicher Intelligenz\"  data-wpil-monitor-id=\"7237\">automation and artificial intelligence consulting<\/a> analyze investments based on environmental, social, and governance (ESG) criteria, aligning with the growing trend toward sustainable and responsible investing.<\/li>\n\n\n\n<li><strong>Cloud Computing und KI-as-a-Service:<\/strong> Die Nutzung von Cloud-Computing und KI-as-a-Service-Modellen nimmt zu. Dadurch erhalten Risikokapitalfirmen Zugriff auf fortschrittliche KI-Tools und Analysen, ohne erheblich in die IT-Infrastruktur investieren zu m\u00fcssen.<\/li>\n<\/ul>\n\n\n\n<h2 class=\"wp-block-heading\">Gelegenheiten<\/h2>\n\n\n\n<p>Venture capital <a href=\"https:\/\/www.sisinternational.com\/de\/losungen\/ai-marktforschung-und-strategieberatung\/vertriebsautomatisierung-kunstliche-intelligenz-beratung\/\" title=\"Beratung zu Vertriebsautomatisierung und k\u00fcnstlicher Intelligenz\"  data-wpil-monitor-id=\"7248\">automation and artificial intelligence consulting<\/a> offer businesses a range of transformative opportunities. These technological advancements enhance existing practices and also pave the way for innovative approaches and strategies in venture capital.<\/p>\n\n\n\n<ul class=\"wp-block-list\">\n<li><strong>Datengesteuerte Anlagestrategien:<\/strong> AI&#8217;s ability to analyze vast datasets allows venture capital firms to develop more informed and strategic investment approaches. AI can uncover insights into market trends, startup performance, and consumer behavior that can guide investment decisions.<\/li>\n\n\n\n<li><strong>Personalisierte Investor Relations:<\/strong> Venture capital automation and artificial intelligence <a href=\"https:\/\/www.sisinternational.com\/de\/sachverstand\/branchen\/dei-kommunikationsberatung\/\" title=\"DEI-Kommunikationsberatung\"  data-wpil-monitor-id=\"5057\">consulting can help tailor communication<\/a> and reports to investors based on their preferences and interests, enhancing investor relations and engagement.<\/li>\n\n\n\n<li><strong>Wettbewerbsvorteil in einem \u00fcberf\u00fcllten Markt:<\/strong> <a href=\"https:\/\/www.sisinternational.com\/de\/competitive-intelligence-in-ny\/\" title=\"Competitive Intelligence in NY\"  data-wpil-monitor-id=\"1281\">Venture capital automation and artificial intelligence<\/a> consulting can provide venture capital firms with a competitive edge, enabling them to identify and capitalize on investment opportunities more swiftly and accurately.<\/li>\n<\/ul>\n\n\n\n<h2 class=\"wp-block-heading\">Herausforderungen der Venture-Capital-Automatisierung und der k\u00fcnstlichen Intelligenz-Beratung f\u00fcr Unternehmen<\/h2>\n\n\n\n<figure class=\"gb-block-image gb-block-image-41e89159\"><img loading=\"lazy\" decoding=\"async\" width=\"1456\" height=\"816\" class=\"gb-image gb-image-41e89159\" src=\"https:\/\/www.sisinternational.com\/wp-content\/uploads\/2025\/10\/Capital-Markets-Automation-1.jpg\" alt=\"SIS International Marktforschung &amp; Strategie\" title=\"Capital Markets Automation (1)\" srcset=\"https:\/\/www.sisinternational.com\/wp-content\/uploads\/2025\/10\/Capital-Markets-Automation-1.jpg 1456w, https:\/\/www.sisinternational.com\/wp-content\/uploads\/2025\/10\/Capital-Markets-Automation-1-300x168.jpg 300w, https:\/\/www.sisinternational.com\/wp-content\/uploads\/2025\/10\/Capital-Markets-Automation-1-1024x574.jpg 1024w, https:\/\/www.sisinternational.com\/wp-content\/uploads\/2025\/10\/Capital-Markets-Automation-1-768x430.jpg 768w, https:\/\/www.sisinternational.com\/wp-content\/uploads\/2025\/10\/Capital-Markets-Automation-1-18x10.jpg 18w\" sizes=\"auto, (max-width: 1456px) 100vw, 1456px\"><\/figure>\n\n\n\n<p><\/p>\n\n\n\n<p>Die Chancen, die sich durch die Risikokapitalautomatisierung und die Beratung zu k\u00fcnstlicher Intelligenz ergeben, sind zwar betr\u00e4chtlich, es gibt jedoch auch erhebliche Herausforderungen, die Unternehmen bew\u00e4ltigen m\u00fcssen. Hier sind einige der wichtigsten Herausforderungen:<\/p>\n\n\n\n<ul class=\"wp-block-list\">\n<li><strong>Umgang mit Datenschutz und ethischen Bedenken:<\/strong> Da KI und Automatisierung mit sensiblen Daten umgehen, ist der Schutz der Privatsph\u00e4re und die Ber\u00fccksichtigung ethischer Bedenken von entscheidender Bedeutung. Die Einhaltung der Datenschutzbestimmungen und die Wahrung des Vertrauens der Anleger sind wichtige \u00dcberlegungen.<\/li>\n\n\n\n<li><strong>Cybersicherheitsrisiken:<\/strong> Mit der zunehmenden Abh\u00e4ngigkeit von digitalen Technologien steigen auch die Cybersicherheitsrisiken. Der Schutz sensibler Investitionsdaten vor Cyberbedrohungen ist f\u00fcr Risikokapitalfirmen, die KI und Automatisierung nutzen, eine st\u00e4ndige Herausforderung.<\/li>\n\n\n\n<li><strong>Talentakquise und -schulung:<\/strong> Skilled professionals who can manage and interpret AI systems are needed. Recruiting and training staff to work effectively with new technologies is an ongoing challenge.<\/li>\n\n\n\n<li>\u00dcber SIS International<\/li>\n<\/ul>\n\n\n\n<h2 class=\"wp-block-heading\">SIS Solutions: Beratung zu Venture-Capital-Automatisierung und k\u00fcnstlicher Intelligenz<\/h2>\n\n\n\n<p>Bei SIS bieten wir hochmoderne Beratungsdienste f\u00fcr Risikokapitalautomatisierung und k\u00fcnstliche Intelligenz an, die die Arbeitsweise von Risikokapitalfirmen und die Art und Weise, wie sie Investitionsentscheidungen treffen, revolutionieren sollen. Unsere ma\u00dfgeschneiderten L\u00f6sungen nutzen die neuesten Fortschritte in den Bereichen KI und Automatisierung, um Prozesse zu optimieren, die Entscheidungsfindung zu verbessern und strategisches Wachstum voranzutreiben. So k\u00f6nnen wir helfen:<\/p>\n\n\n\n<ul class=\"wp-block-list\">\n<li><strong>Umfassende Bedarfsanalyse:<\/strong> We begin by thoroughly assessing your venture capital firm&#8217;s needs, goals, and existing processes. Our experts analyze your investment strategies, deal-sourcing methods, and portfolio management practices to identify areas where AI and automation can drive value and efficiency.<\/li>\n\n\n\n<li><strong>Datenerfassung und -verwaltung:<\/strong> Wir unterst\u00fctzen Sie beim Sammeln und Organisieren relevanter Daten, darunter Markttrends, Leistungskennzahlen von Startups und Finanzberichte, um KI-gest\u00fctzte Erkenntnisse und Entscheidungsfindungen zu erm\u00f6glichen. Unsere Datenverwaltungsstrategien gew\u00e4hrleisten die Sicherheit, Integrit\u00e4t und Zug\u00e4nglichkeit Ihrer Investitionsdaten w\u00e4hrend des gesamten Prozesses.<\/li>\n\n\n\n<li><strong>Strategische Umsetzung und Schulung:<\/strong> Unser Team unterst\u00fctzt Sie w\u00e4hrend des gesamten Implementierungsprozesses und f\u00fchrt Sie durch die Integration von KI- und Automatisierungstechnologien in Ihre Arbeitsabl\u00e4ufe. Wir bieten Schulungen und Workshops an, um Ihre Mitarbeiter weiterzubilden und sicherzustellen, dass sie diese Technologien effektiv nutzen k\u00f6nnen, um Wachstum und Erfolg voranzutreiben.<\/li>\n\n\n\n<li><strong>Kontinuierliche \u00dcberwachung und Optimierung:<\/strong> Nach der Implementierung \u00fcberwachen wir kontinuierlich die Leistung der KI- und Automatisierungstools und nehmen auf der Grundlage von Feedback aus der Praxis und sich \u00e4ndernden Marktbedingungen die erforderlichen Anpassungen und Optimierungen vor. Unser Ziel ist es, sicherzustellen, dass Ihr Risikokapitalunternehmen in der heutigen dynamischen Landschaft agil, reaktionsschnell und wettbewerbsf\u00e4hig bleibt.<\/li>\n\n\n\n<li><strong>Einhaltung ethischer und gesetzlicher Vorschriften:<\/strong> Wir helfen Ihnen, Datenschutz-, Ethik- und Regulierungsaspekte im Zusammenhang mit KI und Automatisierung im Risikokapitalbereich zu ber\u00fccksichtigen. Unsere Experten sorgen daf\u00fcr, dass Ihr Unternehmen die Datenschutzbestimmungen einh\u00e4lt und w\u00e4hrend des gesamten Prozesses das Vertrauen der Anleger beh\u00e4lt.<\/li>\n<\/ul>\n\n\n\n<p>Partner with <a href=\"https:\/\/www.linkedin.com\/company\/sisinternationalresearch\/posts\/?feedView=all\" target=\"_blank\" rel=\"noopener\">SIS<\/a> to unlock the full potential of venture capital automation and artificial intelligence consulting. With our strategic guidance and innovative solutions, you can gain a competitive edge, drive growth, and maximize investment returns in today&#8217;s rapidly evolving market environment.<\/p>\n\n\n\n<h2 class=\"wp-block-heading\">Unser Standort in New York<\/h2>\n\n\n\n<p>  <iframe loading=\"lazy\" src=\"https:\/\/www.google.com\/maps\/embed?pb=!1m18!1m12!1m3!1d3022.976188376966!2d-73.99130312499956!3d40.740549471389315!2m3!1f0!2f0!3f0!3m2!1i1024!2i768!4f13.1!3m3!1m2!1s0x89c259a15798c731%3A0xd695d09bdd495f25!2s11%20E%2022nd%20St%20FL%202%2C%20New%20York%2C%20NY%2010010%2C%20USA!5e0!3m2!1sen!2spe!4v1726171763526!5m2!1sen!2spe\" width=\"600\" height=\"450\" allowfullscreen=\"allowfullscreen\" data-mce-fragment=\"1\"><\/iframe>  <\/p>\n\n\n\n<h3 class=\"wp-block-heading\">11 E 22nd Street, Floor 2, New York, NY 10010 T: +1(212) 505-6805<\/h3>\n\n\n\n<hr class=\"wp-block-separator has-alpha-channel-opacity\"\/>\n\n\n\n<h2 class=\"wp-block-heading\"><span style=\"font-weight: 400;\">\u00dcber SIS International<\/span><\/h2>\n\n\n\n<p><a href=\"https:\/\/www.sisinternational.com\/de\/\"><span style=\"font-weight: 400;\">SIS International<\/span><\/a><span style=\"font-weight: 400;\"> bietet quantitative, qualitative und strategische Forschung an. Wir liefern Daten, Tools, Strategien, Berichte und Erkenntnisse zur Entscheidungsfindung. Wir f\u00fchren auch Interviews, Umfragen, Fokusgruppen und andere Methoden und Ans\u00e4tze der Marktforschung durch.<\/span><a href=\"https:\/\/www.sisinternational.com\/de\/uber-sis-international-research\/contact-sis-international-market-research\/\"><span style=\"font-weight: 400;\"> Kontakt<\/span><\/a><span style=\"font-weight: 400;\"> f\u00fcr Ihr n\u00e4chstes Marktforschungsprojekt.<\/span><\/p>","protected":false},"excerpt":{"rendered":"<p>Die Automatisierung von Risikokapital und die Beratung zur k\u00fcnstlichen Intelligenz stellen eine hochmoderne Konvergenz von Technologie- und Anlagestrategien dar.<\/p>","protected":false},"author":1,"featured_media":71814,"parent":27462,"menu_order":50,"comment_status":"closed","ping_status":"closed","template":"","meta":{"footnotes":""},"class_list":["post-45108","page","type-page","status-publish","has-post-thumbnail"],"_links":{"self":[{"href":"https:\/\/www.sisinternational.com\/de\/wp-json\/wp\/v2\/pages\/45108","targetHints":{"allow":["GET"]}}],"collection":[{"href":"https:\/\/www.sisinternational.com\/de\/wp-json\/wp\/v2\/pages"}],"about":[{"href":"https:\/\/www.sisinternational.com\/de\/wp-json\/wp\/v2\/types\/page"}],"author":[{"embeddable":true,"href":"https:\/\/www.sisinternational.com\/de\/wp-json\/wp\/v2\/users\/1"}],"replies":[{"embeddable":true,"href":"https:\/\/www.sisinternational.com\/de\/wp-json\/wp\/v2\/comments?post=45108"}],"version-history":[{"count":15,"href":"https:\/\/www.sisinternational.com\/de\/wp-json\/wp\/v2\/pages\/45108\/revisions"}],"predecessor-version":[{"id":81256,"href":"https:\/\/www.sisinternational.com\/de\/wp-json\/wp\/v2\/pages\/45108\/revisions\/81256"}],"up":[{"embeddable":true,"href":"https:\/\/www.sisinternational.com\/de\/wp-json\/wp\/v2\/pages\/27462"}],"wp:featuredmedia":[{"embeddable":true,"href":"https:\/\/www.sisinternational.com\/de\/wp-json\/wp\/v2\/media\/71814"}],"wp:attachment":[{"href":"https:\/\/www.sisinternational.com\/de\/wp-json\/wp\/v2\/media?parent=45108"}],"curies":[{"name":"wp","href":"https:\/\/api.w.org\/{rel}","templated":true}]}}