{"id":45095,"date":"2024-01-13T16:13:39","date_gmt":"2024-01-13T21:13:39","guid":{"rendered":"https:\/\/www.sisinternational.com\/?page_id=45095"},"modified":"2026-01-27T16:38:48","modified_gmt":"2026-01-27T21:38:48","slug":"automatisierung-von-finanzdienstleistungen-beratung-zu-kunstlicher-intelligenz","status":"publish","type":"page","link":"https:\/\/www.sisinternational.com\/de\/losungen\/fintech-strategieberatung-forschung\/automatisierung-von-finanzdienstleistungen-beratung-zu-kunstlicher-intelligenz\/","title":{"rendered":"Beratung zur Automatisierung von Finanzdienstleistungen und k\u00fcnstlicher Intelligenz"},"content":{"rendered":"<h1 class=\"wp-block-heading\">Beratung zur Automatisierung von Finanzdienstleistungen und k\u00fcnstlicher Intelligenz<\/h1>\n\n\n\n<figure class=\"gb-block-image gb-block-image-0398f126\"><img loading=\"lazy\" decoding=\"async\" width=\"1456\" height=\"816\" class=\"gb-image gb-image-0398f126\" src=\"https:\/\/www.sisinternational.com\/wp-content\/uploads\/2025\/10\/Financial-Services-Transaction-1.jpg\" alt=\"SIS International Marktforschung &amp; Strategie\" title=\"Financial Services Transaction (1)\" srcset=\"https:\/\/www.sisinternational.com\/wp-content\/uploads\/2025\/10\/Financial-Services-Transaction-1.jpg 1456w, https:\/\/www.sisinternational.com\/wp-content\/uploads\/2025\/10\/Financial-Services-Transaction-1-300x168.jpg 300w, https:\/\/www.sisinternational.com\/wp-content\/uploads\/2025\/10\/Financial-Services-Transaction-1-1024x574.jpg 1024w, https:\/\/www.sisinternational.com\/wp-content\/uploads\/2025\/10\/Financial-Services-Transaction-1-768x430.jpg 768w, https:\/\/www.sisinternational.com\/wp-content\/uploads\/2025\/10\/Financial-Services-Transaction-1-18x10.jpg 18w\" sizes=\"auto, (max-width: 1456px) 100vw, 1456px\"><\/figure>\n\n\n\n<h1 class=\"wp-block-heading\">&nbsp;<\/h1>\n\n\n\n<p><\/p>\n\n\n\n<hr class=\"wp-block-separator has-alpha-channel-opacity\"\/>\n\n\n\n<p>Die Automatisierung von Finanzdienstleistungen und die Beratung zu k\u00fcnstlicher Intelligenz stellen einen Paradigmenwechsel dar, der die Art und Weise, wie wir mit Finanzsystemen und -dienstleistungen interagieren, grundlegend neu definiert. Diese Entwicklung ist kein fl\u00fcchtiger Trend, sondern ein Eckpfeiler der Modernisierung des Finanzwesens, bei dem die Rolle der KI \u00fcber die blo\u00dfe Unterst\u00fctzung hinausgeht und zu einer transformativen Kraft wird.<\/p>\n\n\n\n<h2 class=\"wp-block-heading\">Die Rolle der Beratung zur Automatisierung von Finanzdienstleistungen und zur k\u00fcnstlichen Intelligenz verstehen<\/h2>\n\n\n\n<p>Financial services automation and artificial intelligence consulting is a field that streamlines operations, enhances decision-making processes, and personalizes customer experiences. Consultants in this domain bridge the gap between technological potential and practical financial applications.<\/p>\n\n\n\n<p>They analyze a company\u2019s structure, workflow, and objectives, identifying areas where AI and automation can be integrated for optimal performance.<\/p>\n\n\n\n<h2 class=\"wp-block-heading\">Bedeutung der Beratung zur Automatisierung von Finanzdienstleistungen und k\u00fcnstlicher Intelligenz<\/h2>\n\n\n\n<figure class=\"gb-block-image gb-block-image-d5cfe508\"><img loading=\"lazy\" decoding=\"async\" width=\"1456\" height=\"816\" class=\"gb-image gb-image-d5cfe508\" src=\"https:\/\/www.sisinternational.com\/wp-content\/uploads\/2025\/10\/Financial-Services-Reorganization-4.jpg\" alt=\"SIS International Marktforschung &amp; Strategie\" title=\"Financial Services Reorganization (4)\" srcset=\"https:\/\/www.sisinternational.com\/wp-content\/uploads\/2025\/10\/Financial-Services-Reorganization-4.jpg 1456w, https:\/\/www.sisinternational.com\/wp-content\/uploads\/2025\/10\/Financial-Services-Reorganization-4-300x168.jpg 300w, https:\/\/www.sisinternational.com\/wp-content\/uploads\/2025\/10\/Financial-Services-Reorganization-4-1024x574.jpg 1024w, https:\/\/www.sisinternational.com\/wp-content\/uploads\/2025\/10\/Financial-Services-Reorganization-4-768x430.jpg 768w, https:\/\/www.sisinternational.com\/wp-content\/uploads\/2025\/10\/Financial-Services-Reorganization-4-18x10.jpg 18w\" sizes=\"auto, (max-width: 1456px) 100vw, 1456px\"><\/figure>\n\n\n\n<p><\/p>\n\n\n\n<p>Financial <a href=\"https:\/\/www.sisinternational.com\/de\/losungen\/ai-marktforschung-und-strategieberatung\/konsumguterservices-automatisierung-ki-beratung\/\" title=\"Beratung zu Automatisierung von Konsumg\u00fctern und Dienstleistungen sowie k\u00fcnstlicher Intelligenz\"  data-wpil-monitor-id=\"3870\">services automation and artificial intelligence consulting<\/a> drive efficiency in financial operations. Automation reduces the time and resources spent on repetitive tasks, while AI can process and analyze vast amounts of data far beyond human capability.<\/p>\n\n\n\n<p>Additionally, this consulting is a catalyst for innovation. It encourages financial institutions to think beyond traditional boundaries, exploring new models of financial services, products, and delivery methods. In any case, financial services <a href=\"https:\/\/www.sisinternational.com\/de\/losungen\/ai-marktforschung-und-strategieberatung\/workflow-automatisierung-beratung-zu-kunstlicher-intelligenz\/\" title=\"Beratung zur Workflow-Automatisierung und k\u00fcnstlichen Intelligenz\"  data-wpil-monitor-id=\"6895\">automation and artificial intelligence consulting<\/a> have many other benefits, including:<\/p>\n\n\n\n<ul class=\"wp-block-list\">\n<li><strong>Betriebseffizienz:<\/strong> Financial services automation and AI consulting help organizations adopt automation systems that streamline repetitive and time-consuming tasks such as data entry, transaction processing, and report generation.\u00a0<\/li>\n\n\n\n<li><strong>Risikomanagement und Compliance:<\/strong> KI- und maschinelle Lernmodelle sind in der Lage, potenzielle Risiken und Anomalien zu identifizieren, was f\u00fcr die Betrugserkennung und die Einhaltung gesetzlicher Vorschriften von entscheidender Bedeutung ist. Sie k\u00f6nnen mit der sich st\u00e4ndig \u00e4ndernden Regulierungslandschaft Schritt halten und so sicherstellen, dass die Finanzinstitute die Vorschriften einhalten.<\/li>\n\n\n\n<li><strong>Wettbewerbsvorteil:<\/strong> By adopting the latest in AI and automation, financial institutions can differentiate themselves in a crowded market.\u00a0<\/li>\n<\/ul>\n\n\n\n<h2 class=\"wp-block-heading\">Wann sollten Unternehmen Beratungsdienste zur Automatisierung von Finanzdienstleistungen und k\u00fcnstlicher Intelligenz in Anspruch nehmen?<\/h2>\n\n\n\n<p>Einige Indikatoren deuten darauf hin, dass es f\u00fcr ein Finanzinstitut an der Zeit ist, diese strategische Beratung in Betracht zu ziehen. Dazu z\u00e4hlen die folgenden Faktoren:<\/p>\n\n\n\n<ul class=\"wp-block-list\">\n<li><strong>Bedarf an betrieblicher Effizienz:<\/strong> Wenn eine Finanzorganisation mit zeitaufw\u00e4ndigen manuellen Prozessen, Fehlern und Ineffizienzen zu k\u00e4mpfen hat, ist das ein klares Zeichen daf\u00fcr, dass die Automatisierung von Finanzdienstleistungen und KI-Beratung von Vorteil sein k\u00f6nnten.<\/li>\n\n\n\n<li><strong>Herausforderungen in Bezug auf Wachstum und Skalierbarkeit:<\/strong> As a financial institution grows, the need to efficiently manage increased volumes of transactions and data becomes vital. Financial services <a href=\"https:\/\/www.sisinternational.com\/de\/financial-services-consulting\/financial-services-customer-satisfaction\/\" title=\"Financial Services Customer Satisfaction\"  data-wpil-monitor-id=\"7493\">automation and AI consulting<\/a> offer scalable solutions that can adapt to a growing customer base and evolving business needs.<\/li>\n\n\n\n<li><strong>Steigende Anforderungen an die Einhaltung gesetzlicher Vorschriften:<\/strong> Der Finanzsektor unterliegt h\u00e4ufig strengen regulatorischen Anforderungen. Institutionen, die vor der Herausforderung stehen, Compliance-Anforderungen zu erf\u00fcllen, insbesondere solche, die mit internationalen Vorschriften zu tun haben, k\u00f6nnen erheblich davon profitieren, dass KI Compliance-Prozesse verwalten und vereinfachen kann.<\/li>\n\n\n\n<li><strong>Konkurrenzdruck:<\/strong> If competitors adopt AI and automation, it&#8217;s important to consider similar advancements to remain competitive.\u00a0<\/li>\n\n\n\n<li><strong>Bedenken hinsichtlich der Cybersicherheit:<\/strong> With the increasing threat of cyberattacks and fraud, financial institutions looking to enhance their security protocols will find AI and automation invaluable.\u00a0<\/li>\n<\/ul>\n\n\n\n<h2 class=\"wp-block-heading\">Wie unterscheidet sich die Beratung zur Automatisierung von Finanzdienstleistungen und k\u00fcnstlicher Intelligenz von der traditionellen Marktforschung?<\/h2>\n\n\n\n<figure class=\"gb-block-image gb-block-image-d5b94538\"><img loading=\"lazy\" decoding=\"async\" width=\"1456\" height=\"816\" class=\"gb-image gb-image-d5b94538\" src=\"https:\/\/www.sisinternational.com\/wp-content\/uploads\/2025\/10\/Financial-Services-Transaction-2.jpg\" alt=\"SIS International Marktforschung &amp; Strategie\" title=\"Financial Services Transaction (2)\" srcset=\"https:\/\/www.sisinternational.com\/wp-content\/uploads\/2025\/10\/Financial-Services-Transaction-2.jpg 1456w, https:\/\/www.sisinternational.com\/wp-content\/uploads\/2025\/10\/Financial-Services-Transaction-2-300x168.jpg 300w, https:\/\/www.sisinternational.com\/wp-content\/uploads\/2025\/10\/Financial-Services-Transaction-2-1024x574.jpg 1024w, https:\/\/www.sisinternational.com\/wp-content\/uploads\/2025\/10\/Financial-Services-Transaction-2-768x430.jpg 768w, https:\/\/www.sisinternational.com\/wp-content\/uploads\/2025\/10\/Financial-Services-Transaction-2-18x10.jpg 18w\" sizes=\"auto, (max-width: 1456px) 100vw, 1456px\"><\/figure>\n\n\n\n<p><\/p>\n\n\n\n<p>Finanzdienstleistungen <a href=\"https:\/\/www.sisinternational.com\/de\/losungen\/ai-marktforschung-und-strategieberatung\/restaurantautomatisierung-beratung-zu-kunstlicher-intelligenz\/\" title=\"Beratung zu Restaurantautomatisierung und k\u00fcnstlicher Intelligenz\"  data-wpil-monitor-id=\"7239\">automation and artificial intelligence consulting<\/a> significantly diverge from traditional market research in their approach, methodology, and outcomes. Here&#8217;s a closer look at the differences:<\/p>\n\n\n\n<ul class=\"wp-block-list\">\n<li><strong>Datenanalyse und -verarbeitung:<\/strong> Traditionelle Marktforschung basiert h\u00e4ufig auf Umfragen, Fokusgruppen und historischen Daten, die meist statisch und von begrenztem Umfang sind. Im Gegensatz dazu nutzen die Automatisierung von Finanzdienstleistungen und die KI-Beratung dynamische Datenanalysen in Echtzeit und nutzen komplexe Algorithmen, um gro\u00dfe Datenmengen schnell und genau zu verarbeiten.<\/li>\n\n\n\n<li><strong>Pr\u00e4diktive Analytik:<\/strong> W\u00e4hrend traditionelle Marktforschung Erkenntnisse auf der Grundlage von Daten aus der Vergangenheit und Gegenwart liefert, zeichnen sich die Automatisierung von Finanzdienstleistungen und die KI-Beratung durch pr\u00e4diktive Analysen aus. KI-Algorithmen k\u00f6nnen zuk\u00fcnftige Trends, Kundenbed\u00fcrfnisse und Marktver\u00e4nderungen vorhersagen, sodass Finanzinstitute proaktiv statt reaktiv handeln k\u00f6nnen.<\/li>\n\n\n\n<li><strong>Personalisierung:<\/strong> KI und Automatisierung erm\u00f6glichen einen hochgradig personalisierten Ansatz f\u00fcr Kundenservice und Produktangebote, der \u00fcber den Rahmen traditioneller Marktforschung hinausgeht. KI-Systeme k\u00f6nnen individuelle Kundendaten analysieren, um ma\u00dfgeschneiderte Finanzberatung, Anlageoptionen und Serviceempfehlungen anzubieten.<\/li>\n<\/ul>\n\n\n\n<h2 class=\"wp-block-heading\">Schl\u00fcsselfaktoren f\u00fcr den Erfolg<\/h2>\n\n\n\n<p>For financial services <a href=\"https:\/\/www.sisinternational.com\/de\/losungen\/ai-marktforschung-und-strategieberatung\/vertriebsautomatisierung-kunstliche-intelligenz-beratung\/\" title=\"Beratung zu Vertriebsautomatisierung und k\u00fcnstlicher Intelligenz\"  data-wpil-monitor-id=\"7250\">automation and artificial intelligence consulting<\/a> to be effective, several key success factors need to be in place. These elements ensure that integrating AI and <a href=\"https:\/\/www.sisinternational.com\/de\/financial-services-consulting\/robotic-process-automation-in-financial-services\/\" title=\"Robotic Process Automation in Financial Services\"  data-wpil-monitor-id=\"1058\">automation into financial services<\/a> is technically successful and aligns with the business\u2019s strategic goals and industry standards.<\/p>\n\n\n\n<ul class=\"wp-block-list\">\n<li><strong>Qualit\u00e4t und Integration der Daten:<\/strong> Der Erfolg von KI-Systemen h\u00e4ngt in hohem Ma\u00dfe von der Qualit\u00e4t, Genauigkeit und Vollst\u00e4ndigkeit der von ihnen verwendeten Daten ab. Finanzinstitute m\u00fcssen \u00fcber robuste Datenmanagementpraktiken verf\u00fcgen, um sicherzustellen, dass die in KI-Systeme eingespeisten Daten zuverl\u00e4ssig sind. Ebenso wichtig ist die nahtlose Integration dieser Systeme in die vorhandene IT-Infrastruktur.<\/li>\n\n\n\n<li><strong>Kompetenz und Fachpersonal:<\/strong> Dazu geh\u00f6ren Experten f\u00fcr KI- und Automatisierungstechnologien, Datenwissenschaftler sowie Fachleute mit fundierten Kenntnissen der Finanzbranche und ihres regulatorischen Umfelds.<\/li>\n\n\n\n<li><strong>Kundenzentrierter Ansatz:<\/strong> AI and automation should be deployed to enhance the customer experience. This involves understanding customer needs, preferences, and behaviors to effectively tailor AI-driven services and products.<\/li>\n\n\n\n<li><strong>Skalierbarkeit und Flexibilit\u00e4t:<\/strong> Die KI- und Automatisierungsl\u00f6sungen m\u00fcssen skalierbar sein, um dem Wachstum Rechnung zu tragen, und flexibel genug, um sich an entwickelnde Gesch\u00e4ftsanforderungen und technologische Ver\u00e4nderungen anzupassen.<\/li>\n<\/ul>\n\n\n\n<h2 class=\"wp-block-heading\">Was Sie von der Beratung zur Automatisierung von Finanzdienstleistungen und k\u00fcnstlicher Intelligenz erwarten k\u00f6nnen<\/h2>\n\n\n\n<figure class=\"gb-block-image gb-block-image-dbeabd30\"><img loading=\"lazy\" decoding=\"async\" width=\"1456\" height=\"816\" class=\"gb-image gb-image-dbeabd30\" src=\"https:\/\/www.sisinternational.com\/wp-content\/uploads\/2025\/10\/Financial-Services-Reorganization-2.jpg\" alt=\"SIS International Marktforschung &amp; Strategie\" title=\"Financial Services Reorganization (2)\" srcset=\"https:\/\/www.sisinternational.com\/wp-content\/uploads\/2025\/10\/Financial-Services-Reorganization-2.jpg 1456w, https:\/\/www.sisinternational.com\/wp-content\/uploads\/2025\/10\/Financial-Services-Reorganization-2-300x168.jpg 300w, https:\/\/www.sisinternational.com\/wp-content\/uploads\/2025\/10\/Financial-Services-Reorganization-2-1024x574.jpg 1024w, https:\/\/www.sisinternational.com\/wp-content\/uploads\/2025\/10\/Financial-Services-Reorganization-2-768x430.jpg 768w, https:\/\/www.sisinternational.com\/wp-content\/uploads\/2025\/10\/Financial-Services-Reorganization-2-18x10.jpg 18w\" sizes=\"auto, (max-width: 1456px) 100vw, 1456px\"><\/figure>\n\n\n\n<p><\/p>\n\n\n\n<p>Wenn Unternehmen in die Beratung zur Automatisierung von Finanzdienstleistungen und k\u00fcnstlicher Intelligenz einsteigen, k\u00f6nnen sie mit mehreren Ergebnissen und Vorteilen rechnen:<\/p>\n\n\n\n<ul class=\"wp-block-list\">\n<li><strong>Verbessertes Risikomanagement:<\/strong> AI\u2019s predictive analytics and data processing capabilities allow for more accurate risk assessment and management.\u00a0<\/li>\n\n\n\n<li><strong>Datengesteuerte Erkenntnisse und Entscheidungsfindung:<\/strong> Die F\u00e4higkeit, gro\u00dfe Datenmengen mit KI zu analysieren, f\u00fchrt zu tieferen Erkenntnissen und unterst\u00fctzt eine fundiertere und strategischere Entscheidungsfindung. Finanzinstitute k\u00f6nnen Markttrends, Kundenverhalten und Betriebsleistung besser verstehen.<\/li>\n\n\n\n<li><strong>Wettbewerbsvorteil:<\/strong> By leveraging the latest technologies in AI and automation, financial institutions can differentiate themselves in the market. This technological edge can attract and retain new customers, contributing to business growth.<\/li>\n\n\n\n<li><strong>Verbesserte Compliance und Sicherheit:<\/strong> KI-Tools k\u00f6nnen mit der sich st\u00e4ndig weiterentwickelnden Regulierungslandschaft Schritt halten und Institutionen dabei helfen, die Vorschriften einzuhalten. Dar\u00fcber hinaus kann KI Sicherheitsma\u00dfnahmen verbessern und betr\u00fcgerische Aktivit\u00e4ten effektiver erkennen und verhindern als herk\u00f6mmliche Systeme.<\/li>\n\n\n\n<li><strong>Kapitalrendite:<\/strong> W\u00e4hrend die anf\u00e4ngliche Investition in KI und Automatisierung betr\u00e4chtlich sein kann, f\u00fchren die langfristigen Vorteile wie Kosteneinsparungen, h\u00f6here Ums\u00e4tze und verbesserte Effizienz oft zu einer erheblichen Kapitalrendite.<\/li>\n<\/ul>\n\n\n\n<h2 class=\"wp-block-heading\">Chancen in der Beratung zu Automatisierung von Finanzdienstleistungen und k\u00fcnstlicher Intelligenz f\u00fcr Unternehmen<\/h2>\n\n\n\n<p>The integration of automation and artificial intelligence in financial services opens up several opportunities for businesses in the sector \u2013 and here are some of the key opportunities that companies can capitalize on:<\/p>\n\n\n\n<ul class=\"wp-block-list\">\n<li><strong>Ma\u00dfgeschneiderte Finanzprodukte und -dienstleistungen:<\/strong> AI enables financial institutions to offer highly personalized products and services. This includes customized investment advice, tailored banking services, and personalized insurance policies, all of which can significantly <a class=\"wpil_keyword_link\" href=\"https:\/\/www.sisinternational.com\/de\/verbesserung-der-kundenbeziehungen\/\"   title=\"So steigern Sie die Kundenzufriedenheit und begeistern unzufriedene Kunden\" data-wpil-keyword-link=\"linked\"  data-wpil-monitor-id=\"637\">improve customer satisfaction<\/a> and loyalty.<\/li>\n\n\n\n<li><strong>Expansion in neue M\u00e4rkte:<\/strong> KI und Automatisierung erleichtern Finanzinstituten die Ausweitung ihrer Dienstleistungen auf neue M\u00e4rkte und \u00fcberwinden dabei traditionelle Barrieren wie Sprache und die Einhaltung lokaler Vorschriften.<\/li>\n\n\n\n<li><strong>Nachhaltiges und verantwortungsvolles Banking:<\/strong> Financial services automation and artificial intelligence consulting can help financial institutions make more environmentally and socially responsible decisions, aligning with global sustainability goals.\u00a0<\/li>\n\n\n\n<li><strong>Schaffung kollaborativer \u00d6kosysteme:<\/strong> Financial services automation and artificial intelligence consulting enable the creation of collaborative ecosystems between financial institutions, fintech companies, and other stakeholders.\u00a0<\/li>\n<\/ul>\n\n\n\n<h2 class=\"wp-block-heading\">SIS Solutions: Beratung zur Automatisierung von Finanzdienstleistungen und k\u00fcnstlicher Intelligenz<\/h2>\n\n\n\n<figure class=\"gb-block-image gb-block-image-5f3b6288\"><img loading=\"lazy\" decoding=\"async\" width=\"1456\" height=\"816\" class=\"gb-image gb-image-5f3b6288\" src=\"https:\/\/www.sisinternational.com\/wp-content\/uploads\/2025\/10\/Financial-Services-Transaction-4.jpg\" alt=\"SIS International Marktforschung &amp; Strategie\" title=\"Financial Services Transaction (4)\" srcset=\"https:\/\/www.sisinternational.com\/wp-content\/uploads\/2025\/10\/Financial-Services-Transaction-4.jpg 1456w, https:\/\/www.sisinternational.com\/wp-content\/uploads\/2025\/10\/Financial-Services-Transaction-4-300x168.jpg 300w, https:\/\/www.sisinternational.com\/wp-content\/uploads\/2025\/10\/Financial-Services-Transaction-4-1024x574.jpg 1024w, https:\/\/www.sisinternational.com\/wp-content\/uploads\/2025\/10\/Financial-Services-Transaction-4-768x430.jpg 768w, https:\/\/www.sisinternational.com\/wp-content\/uploads\/2025\/10\/Financial-Services-Transaction-4-18x10.jpg 18w\" sizes=\"auto, (max-width: 1456px) 100vw, 1456px\"><\/figure>\n\n\n\n<p><\/p>\n\n\n\n<p>We provide innovative solutions to revolutionize the financial industry, leveraging the power of automation and artificial intelligence to drive efficiency, enhance decision-making processes, and personalize customer experiences. Our researchers conduct strategic analyses to turn information into actionable insights and help you consider financial <a href=\"https:\/\/www.sisinternational.com\/de\/sachverstand\/branchen\/robotik-marktforschung\/\" title=\"Robotik-Marktforschung\"  data-wpil-monitor-id=\"5977\">services automation and AI consulting<\/a> with a full market view \u2013 and our focus on strategic analysis and actionable insights goes beyond data and provides tailored solutions for clients.<\/p>\n\n\n\n<ul class=\"wp-block-list\">\n<li><strong>Optimierung des Risikomanagements:<\/strong> Our AI-driven solutions analyze vast amounts of data to identify potential risks and anomalies, enabling financial institutions to enhance risk management strategies and ensure regulatory compliance.<\/li>\n\n\n\n<li><strong>Steigerung der betrieblichen Effizienz:<\/strong> By implementing automation systems, we streamline repetitive tasks such as data entry, transaction processing, and report generation, leading to increased operational efficiency and reduced costs.<\/li>\n\n\n\n<li><strong>Personalisiertes Kundenerlebnis:<\/strong> Durch den Einsatz von KI-Algorithmen bieten wir hochgradig personalisierte Finanzberatung, Anlagestrategien und Kundenservice-Interaktionen und steigern so die Kundenzufriedenheit und -treue.<\/li>\n\n\n\n<li><strong>Verbesserung der Compliance und Sicherheit:<\/strong> Unsere KI-Tools erkennen und verhindern proaktiv betr\u00fcgerische Aktivit\u00e4ten, gew\u00e4hrleisten die Einhaltung gesetzlicher Anforderungen und verbessern die Cybersicherheitsma\u00dfnahmen.<\/li>\n\n\n\n<li><span style=\"box-sizing: border-box; margin: 0px; padding: 0px;\"><strong>Datengesteuerte Entscheidungsfindung:<\/strong> Durch die Analyse gro\u00dfer Datenmengen mit KI liefern wir tiefere Einblicke in Markttrends, Kundenverhalten und Betriebsleistung und unterst\u00fctzen so eine fundiertere und strategischere Entscheidungsfindung.<\/span><\/li>\n\n\n\n<li><strong>Skalierbare L\u00f6sungen f\u00fcr Wachstum:<\/strong> Unsere skalierbaren KI- und Automatisierungsl\u00f6sungen passen sich an sich entwickelnde Gesch\u00e4ftsanforderungen und technologische Ver\u00e4nderungen an und gew\u00e4hrleisten Flexibilit\u00e4t und Skalierbarkeit w\u00e4hrend des Wachstums von Finanzinstituten.<\/li>\n\n\n\n<li><strong>Entwicklung kundenspezifischer L\u00f6sungen:<\/strong> We develop customized AI solutions tailored to each financial institution&#8217;s unique needs and challenges, ensuring practical and relevant implementations that drive tangible results and long-term success.<\/li>\n<\/ul>\n\n\n\n<p>Our relationship with industry specialists, generated over the last three decades, allows <a href=\"https:\/\/www.linkedin.com\/company\/sisinternationalresearch\/\" target=\"_blank\" rel=\"noopener\">SIS<\/a> to go wide and deep into financial services automation and artificial intelligence consulting. The SIS strategy team pulls together the latest in financial <a href=\"https:\/\/www.sisinternational.com\/de\/prozessautomatisierungssysteme-in-den-usa\/\" title=\"Beratung zur Automatisierungsstrategie\" data-wpil-monitor-id=\"7455\">services automation<\/a> and AI consulting, working closely with our local offices abroad.<\/p>\n\n\n\n<h2 class=\"wp-block-heading\">Unser Standort in New York<\/h2>\n\n\n\n<p>  <iframe loading=\"lazy\" src=\"https:\/\/www.google.com\/maps\/embed?pb=!1m18!1m12!1m3!1d3022.976188376966!2d-73.99130312499956!3d40.740549471389315!2m3!1f0!2f0!3f0!3m2!1i1024!2i768!4f13.1!3m3!1m2!1s0x89c259a15798c731%3A0xd695d09bdd495f25!2s11%20E%2022nd%20St%20FL%202%2C%20New%20York%2C%20NY%2010010%2C%20USA!5e0!3m2!1sen!2spe!4v1726171763526!5m2!1sen!2spe\" width=\"600\" height=\"450\" allowfullscreen=\"allowfullscreen\" data-mce-fragment=\"1\"><\/iframe>  <\/p>\n\n\n\n<h3 class=\"wp-block-heading\">11 E 22nd Street, Floor 2, New York, NY 10010 T: +1(212) 505-6805<\/h3>\n\n\n\n<hr class=\"wp-block-separator has-alpha-channel-opacity\"\/>\n\n\n\n<h2 class=\"wp-block-heading\"><strong>\u00dcber SIS International<\/strong><\/h2>\n\n\n\n<p><a href=\"https:\/\/www.sisinternational.com\/de\/\"><span style=\"font-weight: 400;\">SIS International<\/span><\/a><span style=\"font-weight: 400;\"> bietet quantitative, qualitative und strategische Forschung an. Wir liefern Daten, Tools, Strategien, Berichte und Erkenntnisse zur Entscheidungsfindung. Wir f\u00fchren auch Interviews, Umfragen, Fokusgruppen und andere Methoden und Ans\u00e4tze der Marktforschung durch.<\/span><a href=\"https:\/\/www.sisinternational.com\/de\/uber-sis-international-research\/contact-sis-international-market-research\/\"><span style=\"font-weight: 400;\"> Kontakt<\/span><\/a><span style=\"font-weight: 400;\"> f\u00fcr Ihr n\u00e4chstes Marktforschungsprojekt.<\/span><\/p>\n\n\n\n<p><span style=\"font-weight: 400;\">&nbsp;<\/span><\/p>","protected":false},"excerpt":{"rendered":"<p>Durch die Automatisierung von Finanzdienstleistungen und die Beratung zu k\u00fcnstlicher Intelligenz werden Abl\u00e4ufe optimiert, die Entscheidungsfindung verbessert und das Kundenerlebnis individuell angepasst.<\/p>","protected":false},"author":1,"featured_media":71760,"parent":27462,"menu_order":48,"comment_status":"closed","ping_status":"closed","template":"","meta":{"footnotes":""},"class_list":["post-45095","page","type-page","status-publish","has-post-thumbnail"],"_links":{"self":[{"href":"https:\/\/www.sisinternational.com\/de\/wp-json\/wp\/v2\/pages\/45095","targetHints":{"allow":["GET"]}}],"collection":[{"href":"https:\/\/www.sisinternational.com\/de\/wp-json\/wp\/v2\/pages"}],"about":[{"href":"https:\/\/www.sisinternational.com\/de\/wp-json\/wp\/v2\/types\/page"}],"author":[{"embeddable":true,"href":"https:\/\/www.sisinternational.com\/de\/wp-json\/wp\/v2\/users\/1"}],"replies":[{"embeddable":true,"href":"https:\/\/www.sisinternational.com\/de\/wp-json\/wp\/v2\/comments?post=45095"}],"version-history":[{"count":15,"href":"https:\/\/www.sisinternational.com\/de\/wp-json\/wp\/v2\/pages\/45095\/revisions"}],"predecessor-version":[{"id":81120,"href":"https:\/\/www.sisinternational.com\/de\/wp-json\/wp\/v2\/pages\/45095\/revisions\/81120"}],"up":[{"embeddable":true,"href":"https:\/\/www.sisinternational.com\/de\/wp-json\/wp\/v2\/pages\/27462"}],"wp:featuredmedia":[{"embeddable":true,"href":"https:\/\/www.sisinternational.com\/de\/wp-json\/wp\/v2\/media\/71760"}],"wp:attachment":[{"href":"https:\/\/www.sisinternational.com\/de\/wp-json\/wp\/v2\/media?parent=45095"}],"curies":[{"name":"wp","href":"https:\/\/api.w.org\/{rel}","templated":true}]}}