{"id":45080,"date":"2024-01-13T15:05:56","date_gmt":"2024-01-13T20:05:56","guid":{"rendered":"https:\/\/www.sisinternational.com\/?page_id=45080"},"modified":"2026-02-19T00:39:23","modified_gmt":"2026-02-19T05:39:23","slug":"vertriebsautomatisierung-kunstliche-intelligenz-beratung","status":"publish","type":"page","link":"https:\/\/www.sisinternational.com\/de\/losungen\/ai-marktforschung-und-strategieberatung\/vertriebsautomatisierung-kunstliche-intelligenz-beratung\/","title":{"rendered":"Beratung zu Vertriebsautomatisierung und k\u00fcnstlicher Intelligenz"},"content":{"rendered":"<h1 class=\"wp-block-heading\">Beratung zu Vertriebsautomatisierung und k\u00fcnstlicher Intelligenz<\/h1>\n\n\n\n<figure class=\"gb-block-image gb-block-image-9d540f9c\"><img loading=\"lazy\" decoding=\"async\" width=\"1456\" height=\"816\" class=\"gb-image gb-image-9d540f9c\" src=\"https:\/\/www.sisinternational.com\/wp-content\/uploads\/2025\/10\/Sales-Engineering-2.jpg\" alt=\"SIS International Marktforschung &amp; Strategie\" title=\"Sales Engineering (2)\" srcset=\"https:\/\/www.sisinternational.com\/wp-content\/uploads\/2025\/10\/Sales-Engineering-2.jpg 1456w, https:\/\/www.sisinternational.com\/wp-content\/uploads\/2025\/10\/Sales-Engineering-2-300x168.jpg 300w, https:\/\/www.sisinternational.com\/wp-content\/uploads\/2025\/10\/Sales-Engineering-2-1024x574.jpg 1024w, https:\/\/www.sisinternational.com\/wp-content\/uploads\/2025\/10\/Sales-Engineering-2-768x430.jpg 768w, https:\/\/www.sisinternational.com\/wp-content\/uploads\/2025\/10\/Sales-Engineering-2-18x10.jpg 18w\" sizes=\"auto, (max-width: 1456px) 100vw, 1456px\"><\/figure>\n\n\n\n<p><\/p>\n\n\n\n<p>Beratung zu Vertriebsautomatisierung und k\u00fcnstlicher Intelligenz ist kein futuristisches Konzept mehr, sondern ein strategisches Muss in der heutigen schnelllebigen Gesch\u00e4ftswelt. Diese Integration modernster KI in Vertriebsprozesse revolutioniert die Art und Weise, wie Unternehmen mit ihren Kunden interagieren, ihre Vertriebspipelines verwalten \u2013 und letztendlich das Umsatzwachstum vorantreiben.<\/p>\n\n\n\n<h2 class=\"wp-block-heading\">Die entscheidende Rolle der Beratung zu Vertriebsautomatisierung und k\u00fcnstlicher Intelligenz<\/h2>\n\n\n\n<p>Beratung zu Vertriebsautomatisierung und k\u00fcnstlicher Intelligenz unterst\u00fctzt Unternehmen bei der Automatisierung von Routineaufgaben wie Dateneingabe, Lead-Tracking und Kundenkommunikation, sodass Vertriebsmitarbeiter sich auf strategischere Aspekte ihrer Aufgaben konzentrieren k\u00f6nnen.<\/p>\n\n\n\n<p>Die Aufgabe eines Beratungsunternehmens besteht darin, diese technologischen L\u00f6sungen an die individuellen Bed\u00fcrfnisse und Kontexte von Unternehmen anzupassen. Sie arbeiten daran, die F\u00e4higkeiten von KI- und Automatisierungstools an die spezifischen Ziele, Herausforderungen und Kundendynamiken jedes Unternehmens anzupassen.<\/p>\n\n\n\n<h2 class=\"wp-block-heading\">Warum brauchen Unternehmen Beratung zu Vertriebsautomatisierung und k\u00fcnstlicher Intelligenz?<\/h2>\n\n\n\n<p>Heutzutage erwarten Kunden personalisierte, effiziente und reaktionsschnelle Interaktionen. Mithilfe von Vertriebsautomatisierung und KI-Beratung k\u00f6nnen Unternehmen diese Erwartungen erf\u00fcllen, indem sie eine personalisierte Kommunikation im gro\u00dfen Ma\u00dfstab, zeitnahe Antworten und pr\u00e4diktive Einblicke in die Bed\u00fcrfnisse und Pr\u00e4ferenzen der Kunden erm\u00f6glichen.<\/p>\n\n\n\n<p>Zweitens ist das Datenvolumen, das Unternehmen verarbeiten m\u00fcssen, exponentiell gewachsen. Vertriebsautomatisierungssysteme organisieren und verarbeiten Daten effizient und liefern Vertriebsteams umsetzbare Erkenntnisse. K\u00fcnstliche Intelligenz geht noch einen Schritt weiter, indem sie Muster und Trends in Daten analysiert und pr\u00e4diktive Erkenntnisse und Empfehlungen bietet.<\/p>\n\n\n\n<p>Unternehmen m\u00fcssen sich nicht nur durch das, was sie verkaufen, hervorheben, sondern auch durch die Art und Weise, wie sie verkaufen. Vertriebsautomatisierung und KI-Beratung bieten Tools f\u00fcr eine strategischere Vertriebsplanung, gezieltes Marketing und effektives Lead-Management und verschaffen Unternehmen damit einen Wettbewerbsvorteil.<\/p>\n\n\n\n<h2 class=\"wp-block-heading\">Die wichtigsten Vorteile der Beratung zu Vertriebsautomatisierung und k\u00fcnstlicher Intelligenz<\/h2>\n\n\n\n<p>The benefits of integrating sales automation and artificial intelligence into business processes are extensive and transformative. <\/p>\n\n\n\n<ul class=\"wp-block-list\">\n<li><strong>Personalisierung im gro\u00dfen Ma\u00dfstab:<\/strong> Einer der herausragenden Vorteile der Vertriebsautomatisierung und KI-Beratung ist die M\u00f6glichkeit, Systeme zu implementieren, die personalisierte Kundenerlebnisse bieten. KI kann ma\u00dfgeschneiderte Produktempfehlungen, Inhalte und Kommunikation generieren und so das Kundenengagement und die Kundenzufriedenheit verbessern.<\/li>\n\n\n\n<li><strong>Erh\u00f6hte Verkaufsproduktivit\u00e4t:<\/strong> Automatisierungstools optimieren Vertriebsprozesse, verk\u00fcrzen die Verkaufszyklen und steigern die Gesamtproduktivit\u00e4t von Vertriebsteams. KI-gest\u00fctzte Erkenntnisse helfen auch dabei, Aufgaben zu priorisieren und die Zeit effektiver zu verwalten.<\/li>\n\n\n\n<li><strong>Skalierbarkeit:<\/strong> Vertriebsautomatisierungs- und KI-Systeme lassen sich mit dem Wachstum eines Unternehmens problemlos skalieren und unterst\u00fctzen erh\u00f6hte Mengen an Vertriebsaktivit\u00e4ten und Daten ohne proportionale Erh\u00f6hung der Ressourcen oder Kosten.<\/li>\n<\/ul>\n\n\n\n<h2 class=\"wp-block-heading\">Wann ist eine Beratung zu Vertriebsautomatisierung und k\u00fcnstlicher Intelligenz sinnvoll?<\/h2>\n\n\n\n<p>Den richtigen Zeitpunkt f\u00fcr die Beratung zu Vertriebsautomatisierung und KI zu bestimmen, ist entscheidend, um deren Vorteile zu maximieren und eine reibungslose Integration in Ihre Gesch\u00e4ftsprozesse sicherzustellen. Mehrere Schl\u00fcsselindikatoren deuten darauf hin, dass es f\u00fcr ein Unternehmen an der Zeit ist, diesen strategischen Schritt in Betracht zu ziehen:<\/p>\n\n\n\n<ul class=\"wp-block-list\">\n<li><strong>Ineffizienz im Lead Management:<\/strong> Ein weiteres Anzeichen sind Schwierigkeiten bei der effektiven Nachverfolgung und Pflege von Leads. KI und Automatisierung k\u00f6nnen das Lead-Management verbessern, indem sie Folgema\u00dfnahmen automatisieren und Leads basierend auf ihrem Verhalten und ihren Pr\u00e4ferenzen segmentieren.<\/li>\n\n\n\n<li><strong>Stagnierendes Umsatzwachstum:<\/strong> If sales growth is not keeping pace with industry benchmarks, it may be time to leverage sales <a title=\"Beratung zur Workflow-Automatisierung und k\u00fcnstlichen Intelligenz\" data-wpil-monitor-id=\"6898\" href=\"https:\/\/www.sisinternational.com\/de\/losungen\/ai-marktforschung-und-strategieberatung\/workflow-automatisierung-beratung-zu-kunstlicher-intelligenz\/\">automation and artificial intelligence consulting<\/a> to obtain new strategies for customer engagement and market penetration.<\/li>\n\n\n\n<li><strong>Herausforderungen bei der Umsatzprognose:<\/strong> Schwierigkeiten bei der genauen Prognose von Verk\u00e4ufen k\u00f6nnen mithilfe der pr\u00e4diktiven Analyse von KI behoben werden, die auf der Grundlage umfassender Datenanalysen genauere Prognosen bietet.<\/li>\n\n\n\n<li><strong>Skalierungsherausforderungen:<\/strong> For businesses looking to scale up, manual sales processes can become a bottleneck. <\/li>\n\n\n\n<li><strong>Konkurrenzdruck:<\/strong> Wenn Wettbewerber diese Technologien nutzen und sich einen Vorsprung verschaffen, ist das ein starkes Indiz daf\u00fcr, dass es an der Zeit ist, Vertriebsautomatisierung und KI einzuf\u00fchren, um wettbewerbsf\u00e4hig zu bleiben.<\/li>\n<\/ul>\n\n\n\n<h2 class=\"wp-block-heading\">Beratung zu Vertriebsautomatisierung und k\u00fcnstlicher Intelligenz: Erfolgsfaktor<\/h2>\n\n\n\n<p>Der Erfolg der Integration von Vertriebsautomatisierung und k\u00fcnstlicher Intelligenz in ein Unternehmen h\u00e4ngt von mehreren Schl\u00fcsselfaktoren ab. Das Verst\u00e4ndnis und die Ber\u00fccksichtigung dieser Elemente kann die Effektivit\u00e4t des Beratungsprozesses erheblich steigern und sicherstellen, dass die implementierten L\u00f6sungen die gew\u00fcnschten Ergebnisse erzielen.<\/p>\n\n\n\n<ul class=\"wp-block-list\">\n<li><strong>Klare Ziele und Strategie:<\/strong> Success begins with a clear understanding of what the business aims to achieve through <a title=\"Beratung zur Automatisierungsstrategie\" data-wpil-monitor-id=\"7458\" href=\"https:\/\/www.sisinternational.com\/de\/prozessautomatisierungssysteme-in-den-usa\/\">sales automation and artificial intelligence<\/a> consulting. Setting specific, measurable objectives ensures that the consulting process is focused and aligned with the business&#8217;s overall strategy.<\/li>\n\n\n\n<li><strong>Anpassung an Gesch\u00e4ftsanforderungen:<\/strong> Bei der Beratung zu Vertriebsautomatisierung und k\u00fcnstlicher Intelligenz liegt der Schwerpunkt auf der Anpassung von L\u00f6sungen an die individuellen Bed\u00fcrfnisse, Prozesse und Kundendynamiken des Unternehmens. Ein Einheitsansatz ist selten effektiv; Anpassung ist der Schl\u00fcssel.<\/li>\n\n\n\n<li><strong>Engagement und Schulung der Mitarbeiter:<\/strong> Der Erfolg jeder neuen Technologieimplementierung h\u00e4ngt von den Menschen ab, die sie nutzen. Die fr\u00fchzeitige Einbindung der Mitarbeiter in den Prozess, das Verst\u00e4ndnis ihrer Herausforderungen und die Bereitstellung angemessener Schulungen sind f\u00fcr die Einf\u00fchrung und effektive Nutzung von entscheidender Bedeutung.<\/li>\n\n\n\n<li><strong>Integration mit bestehenden Systemen:<\/strong> Die neuen Tools sollten sich nahtlos in die vorhandene IT-Infrastruktur und die Vertriebsprozesse integrieren lassen. Eine ordnungsgem\u00e4\u00dfe Integration sorgt f\u00fcr minimale St\u00f6rungen und maximiert den Nutzen sowohl alter als auch neuer Systeme.<\/li>\n\n\n\n<li><strong>Skalierbarkeit und Zukunftssicherheit:<\/strong> Die L\u00f6sungen sollten nicht nur den aktuellen Anforderungen entsprechen, sondern auch skalierbar und an zuk\u00fcnftiges Unternehmenswachstum und Marktver\u00e4nderungen anpassbar sein.<\/li>\n<\/ul>\n\n\n\n<h2 class=\"wp-block-heading\">Was Sie von der Beratung zu Vertriebsautomatisierung und k\u00fcnstlicher Intelligenz erwarten k\u00f6nnen<\/h2>\n\n\n\n<p>Wenn Unternehmen sich auf die Beratung zu Vertriebsautomatisierung und k\u00fcnstlicher Intelligenz einlassen, k\u00f6nnen sie mit einem umfassenden Prozess rechnen, der ihren Vertriebsansatz und ihre F\u00e4higkeiten ver\u00e4ndert, beispielsweise:<\/p>\n\n\n\n<ul class=\"wp-block-list\">\n<li><strong>Erste Einsch\u00e4tzung und Analyse:<\/strong> The consulting process usually begins with an in-depth assessment of the current sales processes, technologies in use, and overall business objectives. <\/li>\n\n\n\n<li><strong>Strategische Planung: <\/strong>Consultants will develop a strategic plan outlining how sales automation and AI can be used to meet the business&#8217;s sales objectives. <\/li>\n\n\n\n<li><strong>Schulung und Support:<\/strong> Um eine erfolgreiche Einf\u00fchrung zu gew\u00e4hrleisten, k\u00f6nnen Unternehmen eine gr\u00fcndliche Schulung ihrer Vertriebsteams im effektiven Einsatz der neuen Systeme erwarten. Dar\u00fcber hinaus wird fortlaufender Support angeboten, um alle Probleme oder Fragen zu l\u00f6sen, die w\u00e4hrend und nach der Implementierung auftreten.<\/li>\n\n\n\n<li><strong>Leistungs\u00fcberwachung und -optimierung:<\/strong> Berater erstellen Kennzahlen und KPIs, um die Leistung der implementierten L\u00f6sungen zu \u00fcberwachen. Regelm\u00e4\u00dfige \u00dcberpr\u00fcfungen und Optimierungen stellen sicher, dass die Systeme die gew\u00fcnschten Ergebnisse liefern und werden bei Bedarf auf der Grundlage der Leistungsdaten angepasst.<\/li>\n<\/ul>\n\n\n\n<h2 class=\"wp-block-heading\">Technologien und Tools in der Vertriebsautomatisierung und der Beratung zu k\u00fcnstlicher Intelligenz<\/h2>\n\n\n\n<p>Im Bereich der Vertriebsautomatisierung und der Beratung zu k\u00fcnstlicher Intelligenz gibt es eine breite Palette hochmoderner Technologien und Tools, die Vertriebsprozesse und Kundenbindung verbessern. Das Verst\u00e4ndnis dieser Technologien ist entscheidend, um zu erkennen, wie sie Vertriebsstrategien und -abl\u00e4ufe ver\u00e4ndern k\u00f6nnen.<\/p>\n\n\n\n<ul class=\"wp-block-list\">\n<li><strong>Customer Relationship Management (CRM)-Systeme:<\/strong> Fortgeschrittene CRM-Plattformen sind grundlegende Tools f\u00fcr die Vertriebsautomatisierung. Sie verwalten Kundendaten, verfolgen Interaktionen und automatisieren wichtige Vertriebsaufgaben wie E-Mail-Kommunikation, Lead-Tracking und Follow-up-Planung.<\/li>\n\n\n\n<li><strong>Chatbots und virtuelle Assistenten:<\/strong> KI-gesteuerte Chatbots und virtuelle Assistenten k\u00f6nnen erste Kundenanfragen bearbeiten, Produktinformationen bereitstellen und bei der Lead-Qualifizierung helfen, sodass Vertriebsmitarbeiter f\u00fcr komplexere Aufgaben frei werden.<\/li>\n\n\n\n<li><strong>Tools zur E-Mail-Automatisierung:<\/strong> Diese Tools automatisieren E-Mail-Kampagnen basierend auf dem Verhalten und den Vorlieben der Kunden. Sie k\u00f6nnen Nachrichten personalisieren, E-Mails planen und Engagement-Kennzahlen wie \u00d6ffnungsraten und Klickraten verfolgen.<\/li>\n\n\n\n<li><strong>Pr\u00e4diktive Verkaufsanalysen:<\/strong> Diese Technologie nutzt KI, um zuk\u00fcnftige Verkaufstrends auf der Grundlage historischer Daten vorherzusagen. Sie hilft bei der Identifizierung potenzieller Verkaufschancen und der Optimierung von Preisstrategien.<\/li>\n\n\n\n<li><strong>Tools zur Vertriebsintelligenz:<\/strong> Diese Tools sammeln und analysieren Daten aus verschiedenen externen Quellen, um Einblicke in Markttrends, Aktivit\u00e4ten der Konkurrenz und potenzielle Leads zu geben.<\/li>\n<\/ul>\n\n\n\n<h2 class=\"wp-block-heading\">Chancen in der Vertriebsautomatisierung und der k\u00fcnstlichen Intelligenzberatung f\u00fcr Unternehmen<\/h2>\n\n\n\n<p>Die M\u00f6glichkeiten, die sich durch die Beratung zu Vertriebsautomatisierung und k\u00fcnstlicher Intelligenz f\u00fcr Unternehmen ergeben, sind enorm. Der Einsatz dieser Technologien kann daher zu erheblichen Verbesserungen der Vertriebseffektivit\u00e4t und -effizienz f\u00fchren und neue Wege f\u00fcr Wachstum und Kundenbindung er\u00f6ffnen.<\/p>\n\n\n\n<ul class=\"wp-block-list\">\n<li><strong>H\u00f6here Vertriebsproduktivit\u00e4t und -effizienz:<\/strong> Durch die Automatisierung sich wiederholender Aufgaben k\u00f6nnen Vertriebsteams ihre Zeit effizienter verwalten, was zu einer h\u00f6heren Produktivit\u00e4t und mehr M\u00f6glichkeiten zum Abschluss von Gesch\u00e4ften f\u00fchrt.<\/li>\n\n\n\n<li><strong>Verbesserte Lead-Generierung und -Qualifizierung:<\/strong> Sales automation and artificial intelligence consulting enhance the process of identifying and qualifying leads, ensuring that sales efforts are focused on the most promising prospects, improving conversion rates.<\/li>\n\n\n\n<li><strong>Skalierbarkeit des Vertriebsbetriebs:<\/strong> Beratung zu Vertriebsautomatisierung und k\u00fcnstlicher Intelligenz l\u00e4sst sich problemlos mit dem Unternehmen skalieren und unterst\u00fctzt das Wachstum, ohne dass eine proportionale Erh\u00f6hung der Ressourcen erforderlich ist.<\/li>\n\n\n\n<li><strong>Innovative Verkaufspraktiken:<\/strong> Durch die Einbeziehung von Beratung zu Vertriebsautomatisierung und k\u00fcnstlicher Intelligenz positionieren sich Unternehmen an der Spitze innovativer Vertriebspraktiken und st\u00e4rken so ihren Ruf als zukunftsorientierte und kundenorientierte Organisationen.<\/li>\n<\/ul>\n\n\n\n<h2 class=\"wp-block-heading\">SIS Solutions: Beratung zu Vertriebsautomatisierung und k\u00fcnstlicher Intelligenz<\/h2>\n\n\n\n<p>Wir bieten umfassende L\u00f6sungen f\u00fcr Unternehmen, die ihre Vertriebsprozesse durch die Integration modernster KI- und Automatisierungstechnologien revolutionieren m\u00f6chten. Unsere Beratungsleistungen f\u00fcr Vertriebsautomatisierung und k\u00fcnstliche Intelligenz sind darauf ausgelegt, Vertriebspipelines zu optimieren, Kundeninteraktionen zu verbessern und das Umsatzwachstum voranzutreiben.<\/p>\n\n\n\n<ul class=\"wp-block-list\">\n<li><strong>Strategische Einblicke und ma\u00dfgeschneiderte L\u00f6sungen:<\/strong> Unsere Berater liefern strategische Einblicke, die auf Ihre Gesch\u00e4ftsziele, Herausforderungen und Kundendynamik zugeschnitten sind. Wir passen KI- und Automatisierungsl\u00f6sungen an Ihre individuellen Bed\u00fcrfnisse an und sorgen so f\u00fcr maximale Effektivit\u00e4t und einen maximalen ROI.<\/li>\n\n\n\n<li><strong>Personalisierung im gro\u00dfen Ma\u00dfstab:<\/strong> Durch die Nutzung KI-gest\u00fctzter Erkenntnisse erm\u00f6glichen wir personalisierte Kundenerlebnisse in gro\u00dfem Ma\u00dfstab. Unsere L\u00f6sungen generieren ma\u00dfgeschneiderte Produktempfehlungen, Inhalte und Kommunikation und verbessern so die Kundenbindung und -zufriedenheit.<\/li>\n\n\n\n<li><strong>Skalierbarkeit und Zukunftssicherheit:<\/strong> Unsere Beratungsleistungen bieten skalierbare L\u00f6sungen, die mit Ihrem Unternehmen wachsen und gr\u00f6\u00dfere Mengen an Vertriebsaktivit\u00e4ten und Daten unterst\u00fctzen, ohne dass Ressourcen oder Kosten proportional steigen. Wir sorgen daf\u00fcr, dass Ihre Vertriebsprozesse an zuk\u00fcnftige Marktver\u00e4nderungen anpassbar bleiben.<\/li>\n\n\n\n<li><strong>Schulung und Support:<\/strong> Wir bieten Ihren Vertriebsteams umfassende Schulungen zum effektiven Einsatz der neuen KI- und Automatisierungstools. Unser fortlaufender Support sorgt f\u00fcr eine reibungslose Implementierung und behandelt alle Probleme oder Fragen, die w\u00e4hrend und nach der Bereitstellung auftreten.<\/li>\n\n\n\n<li><strong>Leistungs\u00fcberwachung und -optimierung:<\/strong> Unsere Berater legen wichtige Kennzahlen und KPIs fest, um die Leistung der implementierten L\u00f6sungen zu \u00fcberwachen. Wir f\u00fchren regelm\u00e4\u00dfige \u00dcberpr\u00fcfungen und Optimierungen durch, um sicherzustellen, dass sie die gew\u00fcnschten Ergebnisse liefern, und passen sie auf der Grundlage der Leistungsdaten an.<\/li>\n\n\n\n<li><strong>Integration mit bestehenden Systemen:<\/strong> We ensure seamless integration of new tools with your existing IT infrastructure and sales processes. <\/li>\n<\/ul>\n\n\n\n<p>Dank unserer in den letzten drei Jahrzehnten aufgebauten Beziehungen zu Branchenspezialisten kann SIS fundiertes Fachwissen und Einblicke in die Beratung zu Vertriebsautomatisierung und k\u00fcnstlicher Intelligenz anbieten. Unser Strategieteam b\u00fcndelt die neuesten Fortschritte in diesen Bereichen und arbeitet eng mit unseren lokalen Niederlassungen im Ausland zusammen, um ma\u00dfgeschneiderte L\u00f6sungen f\u00fcr Ihre spezifischen Gesch\u00e4ftsanforderungen bereitzustellen.<\/p>","protected":false},"excerpt":{"rendered":"<p>Vertriebsautomatisierung und KI-Beratung automatisieren Routineaufgaben, sodass Vertriebsprofis sich auf strategischere Aspekte ihrer Rollen konzentrieren k\u00f6nnen.<\/p>","protected":false},"author":1,"featured_media":71802,"parent":44406,"menu_order":36,"comment_status":"closed","ping_status":"closed","template":"","meta":{"footnotes":""},"class_list":["post-45080","page","type-page","status-publish","has-post-thumbnail"],"_links":{"self":[{"href":"https:\/\/www.sisinternational.com\/de\/wp-json\/wp\/v2\/pages\/45080","targetHints":{"allow":["GET"]}}],"collection":[{"href":"https:\/\/www.sisinternational.com\/de\/wp-json\/wp\/v2\/pages"}],"about":[{"href":"https:\/\/www.sisinternational.com\/de\/wp-json\/wp\/v2\/types\/page"}],"author":[{"embeddable":true,"href":"https:\/\/www.sisinternational.com\/de\/wp-json\/wp\/v2\/users\/1"}],"replies":[{"embeddable":true,"href":"https:\/\/www.sisinternational.com\/de\/wp-json\/wp\/v2\/comments?post=45080"}],"version-history":[{"count":6,"href":"https:\/\/www.sisinternational.com\/de\/wp-json\/wp\/v2\/pages\/45080\/revisions"}],"predecessor-version":[{"id":83071,"href":"https:\/\/www.sisinternational.com\/de\/wp-json\/wp\/v2\/pages\/45080\/revisions\/83071"}],"up":[{"embeddable":true,"href":"https:\/\/www.sisinternational.com\/de\/wp-json\/wp\/v2\/pages\/44406"}],"wp:featuredmedia":[{"embeddable":true,"href":"https:\/\/www.sisinternational.com\/de\/wp-json\/wp\/v2\/media\/71802"}],"wp:attachment":[{"href":"https:\/\/www.sisinternational.com\/de\/wp-json\/wp\/v2\/media?parent=45080"}],"curies":[{"name":"wp","href":"https:\/\/api.w.org\/{rel}","templated":true}]}}