{"id":45076,"date":"2024-01-13T14:33:32","date_gmt":"2024-01-13T19:33:32","guid":{"rendered":"https:\/\/www.sisinternational.com\/?page_id=45076"},"modified":"2026-02-18T12:24:39","modified_gmt":"2026-02-18T17:24:39","slug":"beratungsunternehmen-fur-wachstumsstrategien","status":"publish","type":"page","link":"https:\/\/www.sisinternational.com\/de\/losungen\/ai-marktforschung-und-strategieberatung\/beratungsunternehmen-fur-wachstumsstrategien\/","title":{"rendered":"Beratungsunternehmen f\u00fcr Wachstumsstrategien"},"content":{"rendered":"<h1 class=\"wp-block-heading\">Beratungsunternehmen f\u00fcr Wachstumsstrategien<\/h1>\n\n\n\n<figure class=\"gb-block-image gb-block-image-3f1cc0ec\"><img loading=\"lazy\" decoding=\"async\" width=\"1456\" height=\"816\" class=\"gb-image gb-image-3f1cc0ec\" src=\"https:\/\/www.sisinternational.com\/wp-content\/uploads\/2025\/10\/AI-Sentiment-2.jpg\" alt=\"SIS International Marktforschung &amp; Strategie\" title=\"AI Sentiment (2)\" srcset=\"https:\/\/www.sisinternational.com\/wp-content\/uploads\/2025\/10\/AI-Sentiment-2.jpg 1456w, https:\/\/www.sisinternational.com\/wp-content\/uploads\/2025\/10\/AI-Sentiment-2-300x168.jpg 300w, https:\/\/www.sisinternational.com\/wp-content\/uploads\/2025\/10\/AI-Sentiment-2-1024x574.jpg 1024w, https:\/\/www.sisinternational.com\/wp-content\/uploads\/2025\/10\/AI-Sentiment-2-768x430.jpg 768w, https:\/\/www.sisinternational.com\/wp-content\/uploads\/2025\/10\/AI-Sentiment-2-18x10.jpg 18w\" sizes=\"auto, (max-width: 1456px) 100vw, 1456px\"><\/figure>\n\n\n\n<p><\/p>\n\n\n\n<p>In einer Welt, in der Ver\u00e4nderung die einzige Konstante ist, suchen Unternehmen zunehmend nach Wegen, um erfolgreich zu sein. Aus diesem Grund haben sich Beratungsfirmen f\u00fcr Wachstumsstrategien als wichtige Verb\u00fcndete bei dieser Suche erwiesen, da sie Erkenntnisse und Beratung bieten, die die Entwicklung eines Unternehmens ver\u00e4ndern k\u00f6nnen. Was genau bedeutet das? Wie kann eine Partnerschaft mit einer solchen Firma zum Erfolg f\u00fchren?<\/p>\n\n\n\n<h2 class=\"wp-block-heading\">Was ist ein Beratungsunternehmen f\u00fcr Wachstumsstrategien?<\/h2>\n\n\n\n<p>A growth <a title=\"Client Retention Strategies in Law Firms&nbsp;&nbsp;\" href=\"https:\/\/www.sisinternational.com\/de\/losungen\/legal-market-research\/client-retention-strategies-in-law-firms\/\" data-wpil-monitor-id=\"923\">strategy consulting firm<\/a> specializes in assisting businesses in identifying, developing, and implementing strategies to drive growth. Unlike generalist consulting firms, these entities focus on the specific challenges and opportunities associated with expanding a business&#8217;s market share, revenue, and overall presence in its industry.<\/p>\n\n\n\n<p>Diese Firmen analysieren die aktuelle Position eines Unternehmens, seinen Markt, seine Konkurrenten und m\u00f6gliche Expansionsbereiche. Sie bringen auch eine frische, externe Perspektive in ein Unternehmen ein, die oft entscheidend ist, um Chancen oder Herausforderungen zu erkennen, die aus interner Sicht m\u00f6glicherweise nicht offensichtlich sind.<\/p>\n\n\n\n<h2 class=\"wp-block-heading\">Warum Unternehmen die Unterst\u00fctzung einer Wachstumsstrategie-Beratungsfirma ben\u00f6tigen<\/h2>\n\n\n\n<p>These firms empower businesses to keep pace with market changes, carving out new opportunities for expansion and success. Today, markets are interconnected and influenced by global trends, technological advancements, and shifting consumer preferences. For this reason, a growth <a title=\"F\u00fchrendes Unternehmen f\u00fcr die Bewertung von Unternehmensstrategien\" href=\"https:\/\/www.sisinternational.com\/de\/top-unternehmen-fur-die-bewertung-von-unternehmensstrategien\/\" data-wpil-monitor-id=\"1501\">strategy consulting firm<\/a> provides the necessary expertise to decipher these complexities, offering insights that help businesses make informed decisions.<\/p>\n\n\n\n<p><a title=\"Wachstumsberatung\" href=\"https:\/\/www.sisinternational.com\/de\/losungen\/sis-globales-wachstum\/wachstumsberatung\/\" data-wpil-monitor-id=\"6399\">Growth strategy consultants<\/a> are particularly helpful at uncovering new avenues for expansion &#8211; whether it&#8217;s exploring new market segments, geographic regions, or product lines. Their external perspective and analytical tools enable them to spot opportunities that a business might overlook.<\/p>\n\n\n\n<p>Dar\u00fcber hinaus helfen diese Firmen den Unternehmen, die mit Wachstumsstrategien verbundenen Risiken zu verstehen und zu mindern, und sorgen so f\u00fcr einen ausgewogenen Ansatz bei der Verfolgung neuer Chancen. Die Beauftragung einer Beratungsfirma bringt einem Unternehmen jedoch eine Vielzahl von Vorteilen, darunter:<\/p>\n\n\n\n<ul class=\"wp-block-list\">\n<li><strong>Objektive und unvoreingenommene Perspektive:<\/strong> Ein Beratungsunternehmen bringt eine frische, unvoreingenommene Perspektive ein, die von entscheidender Bedeutung ist, um ungenutztes Potenzial zu erkennen und bestehende Annahmen in Frage zu stellen.<\/li>\n\n\n\n<li><strong>Ressourcenoptimierung:<\/strong> Ein Beratungsunternehmen f\u00fcr Wachstumsstrategien tr\u00e4gt dazu bei, dass die Ressourcen eines Unternehmens effizient eingesetzt werden. Es schafft Klarheit dar\u00fcber, wo und wie Ressourcen investiert werden m\u00fcssen, um maximale Auswirkungen auf das Wachstum zu erzielen.<\/li>\n\n\n\n<li><strong>Langfristigen Wert schaffen:<\/strong> Der ultimative Nutzen einer Wachstumsstrategie-Beratungsfirma liegt darin, dass sie Unternehmen dabei hilft, langfristigen Wert aufzubauen. Durch strategisches Wachstum k\u00f6nnen Unternehmen nachhaltige Umsatz- und Rentabilit\u00e4tssteigerungen erzielen und so im Laufe der Zeit ihre Marktposition und ihren Aktion\u00e4rswert verbessern.<\/li>\n<\/ul>\n\n\n\n<h2 class=\"wp-block-heading\">Worin unterscheidet sich eine Beratungsfirma f\u00fcr Wachstumsstrategien von einem traditionellen Marktforschungsunternehmen?<\/h2>\n\n\n\n<p>Ein Beratungsunternehmen f\u00fcr Wachstumsstrategien konzentriert sich auf die Entwicklung umsetzbarer Strategien, die direkt zum Wachstum und zur Expansion eines Unternehmens beitragen. Diese Strategien k\u00f6nnten den Eintritt in neue M\u00e4rkte, die Einf\u00fchrung neuer Produkte, die Optimierung des Betriebs oder die Umstrukturierung der Organisation umfassen. Ein traditionelles Marktforschungsunternehmen hingegen legt den Schwerpunkt auf das Sammeln und Analysieren von Daten zu Marktbedingungen, Verbraucherverhalten und Aktivit\u00e4ten der Konkurrenz.<\/p>\n\n\n\n<p>Wachstum <a title=\"Szenarioplanung Strategieberatung\" href=\"https:\/\/www.sisinternational.com\/de\/losungen\/strategieberatung\/szenarioplanung\/\" data-wpil-monitor-id=\"6780\">strategy consulting firms deliver strategic plans<\/a>, roadmaps for growth, and actionable recommendations. They might also include implementation support and performance monitoring frameworks. Traditional market research firms provide reports, statistical analyses, and insights about the market or customer base. These findings help businesses understand their environment but do not directly prescribe strategies for growth.<\/p>\n\n\n\n<h2 class=\"wp-block-heading\">Welche Technologien und Tools verwendet ein Beratungsunternehmen f\u00fcr Wachstumsstrategien?<\/h2>\n\n\n\n<p>Beratungsfirmen f\u00fcr Wachstumsstrategien nutzen eine Vielzahl von Technologien und Tools, um Daten zu analysieren, Projekte zu verwalten, mit Kunden zu kommunizieren und Abl\u00e4ufe zu optimieren. Hier sind einige spezifische Tools, die in dieser Branche h\u00e4ufig verwendet werden:<\/p>\n\n\n\n<ul class=\"wp-block-list\">\n<li><strong>Qualtrics:<\/strong> Ein Tool f\u00fcr Experience Management, einschlie\u00dflich Kunden- und Mitarbeiterbefragungen.<\/li>\n\n\n\n<li><strong>Microsoft Power BI:<\/strong> Eine Reihe von Analysetools zum Analysieren von Daten und Teilen von Erkenntnissen.<\/li>\n\n\n\n<li><strong>QuickBooks:<\/strong> Wird h\u00e4ufig f\u00fcr Buchhaltung, Rechnungsstellung und Finanzberichte verwendet.<\/li>\n\n\n\n<li><strong>Microsoft Azure:<\/strong> Cloud-Computing-Dienst zum Erstellen, Testen, Bereitstellen und Verwalten von Anwendungen.<\/li>\n<\/ul>\n\n\n\n<h2 class=\"wp-block-heading\">Was k\u00f6nnen Unternehmen von einer Beratungsfirma f\u00fcr Wachstumsstrategien erwarten?<\/h2>\n\n\n\n<p>Durch die Partnerschaft mit einem Beratungsunternehmen k\u00f6nnen Unternehmen mit einer Reihe wirkungsvoller Vorteile rechnen, die zu Marktwachstum f\u00fchren, wie zum Beispiel:<\/p>\n\n\n\n<ul class=\"wp-block-list\">\n<li><strong>Marktanalyse und Identifizierung von Chancen:<\/strong> Das Unternehmen f\u00fchrt eine eingehende Marktanalyse durch, bei der Branchentrends, Strategien der Wettbewerber und Kundenpr\u00e4ferenzen untersucht werden. Auf der Grundlage dieser Analyse werden potenzielle Wachstumschancen identifiziert, beispielsweise neue M\u00e4rkte, Kundensegmente oder Produktinnovationen.<\/li>\n\n\n\n<li><strong>Umsetzbare Empfehlungen und L\u00f6sungen:<\/strong> Das Beratungsunternehmen bietet umsetzbare Empfehlungen, die auf den individuellen Kontext des Unternehmens zugeschnitten sind. Dazu k\u00f6nnen Strategien f\u00fcr den Markteintritt, die Produktentwicklung, die digitale Transformation oder betriebliche Verbesserungen geh\u00f6ren.<\/li>\n\n\n\n<li><strong>Unterst\u00fctzung und Anleitung bei der Implementierung:<\/strong> Ein wesentlicher Aspekt der Rolle eines Wachstumsstrategie-Beratungsunternehmens besteht darin, die Umsetzung der empfohlenen Strategien zu unterst\u00fctzen. Dies kann die Beratung bei betrieblichen Ver\u00e4nderungen, die Unterst\u00fctzung bei der Einrichtung neuer Gesch\u00e4ftseinheiten oder die Leitung digitaler Transformationsbem\u00fchungen umfassen.<\/li>\n\n\n\n<li><strong>Leistungsmessung und kontinuierliche Verbesserung:<\/strong> Ein Beratungsunternehmen f\u00fcr Wachstumsstrategien erstellt au\u00dferdem Kennzahlen und Leistungskennzahlen (KPIs), um den Erfolg der Wachstumsstrategien zu messen. Sie helfen dabei, die Leistung kontinuierlich zu \u00fcberwachen und notwendige Anpassungen vorzunehmen, um eine kontinuierliche Verbesserung und Ausrichtung auf die Ziele sicherzustellen.<\/li>\n\n\n\n<li><strong>Kapazit\u00e4tsaufbau und Wissenstransfer:<\/strong> Diese Firmen konzentrieren sich auf den Aufbau der internen F\u00e4higkeiten des Unternehmens. Sie bieten h\u00e4ufig Schulungen und Workshops an, um die Qualifikation der Mitarbeiter des Unternehmens zu verbessern und sicherzustellen, dass das Unternehmen seine Wachstumsstrategien unabh\u00e4ngig aufrechterhalten und ausbauen kann.<\/li>\n<\/ul>\n\n\n\n<h2 class=\"wp-block-heading\">Beratungsunternehmen f\u00fcr Wachstumsstrategien und Chancen f\u00fcr Unternehmen<\/h2>\n\n\n\n<p>Eine Partnerschaft mit einem Beratungsunternehmen er\u00f6ffnet Unternehmen unz\u00e4hlige M\u00f6glichkeiten. Diese M\u00f6glichkeiten bringen sofortiges Wachstum und helfen, das Unternehmen f\u00fcr langfristigen Erfolg und Anpassungsf\u00e4higkeit in einem sich st\u00e4ndig ver\u00e4ndernden Marktumfeld zu positionieren.<\/p>\n\n\n\n<ul class=\"wp-block-list\">\n<li><strong>Diversifizierung von Produkten und Dienstleistungen:<\/strong> Berater f\u00fcr Wachstumsstrategien helfen Unternehmen, M\u00f6glichkeiten zur Diversifizierung ihres Angebots zu erkunden und zu nutzen. Diese Diversifizierung kann die Entwicklung neuer Produkte, das Hinzuf\u00fcgen von Dienstleistungen oder den Eintritt in neue Marktsegmente umfassen, wodurch das Risiko verringert und die Einnahmequellen erh\u00f6ht werden.<\/li>\n\n\n\n<li><strong>Expansion in neue M\u00e4rkte:<\/strong> Mithilfe der Expertise einer Wachstumsstrategie-Beratungsfirma k\u00f6nnen Unternehmen neue geografische oder demografische M\u00e4rkte identifizieren und strategisch erschlie\u00dfen.<\/li>\n\n\n\n<li><strong>Aufbau eines nachhaltigen Gesch\u00e4ftsmodells:<\/strong> Berater unterst\u00fctzen Unternehmen bei der Entwicklung nachhaltiger, langfristiger Wachstumsstrategien. Dazu geh\u00f6rt die Beratung zu umweltfreundlichen Praktiken, nachhaltiger Ressourcennutzung und Initiativen zur sozialen Verantwortung von Unternehmen, um das Unternehmen an zeitgen\u00f6ssischen globalen Werten und Erwartungen auszurichten.<\/li>\n\n\n\n<li><strong>Einf\u00fchrung der digitalen Transformation:<\/strong> In an increasingly digital world, growth strategy <a title=\"Strategieberatung f\u00fcr digitale Disruption\" data-wpil-monitor-id=\"2577\" href=\"https:\/\/www.sisinternational.com\/de\/strategieberatung-fur-digitale-disruption\/\">consulting firms<\/a> guide businesses in embracing digital transformation. This could include digital marketing strategies, adopting new technologies like AI and IoT, or digitizing operations for improved efficiency.<\/li>\n\n\n\n<li><strong>F\u00f6rderung von Innovation und Kreativit\u00e4t:<\/strong> Diese Unternehmen f\u00f6rdern eine Kultur der Innovation und Kreativit\u00e4t, die f\u00fcr kontinuierliches Wachstum und Anpassung entscheidend ist. Sie bringen neue Perspektiven ein, stellen konventionelles Denken in Frage und regen so neue Ideen und Ans\u00e4tze im Unternehmen an.<\/li>\n<\/ul>\n\n\n\n<h2 class=\"wp-block-heading\">SIS Solutions: Beratungsunternehmen f\u00fcr Wachstumsstrategien<\/h2>\n\n\n\n<p>At SIS, we specialize in providing comprehensive growth <a title=\"Nachhaltigkeitsstrategien f\u00fcr Unternehmen: Eine Siemens-Fallstudie\" href=\"https:\/\/www.sisinternational.com\/de\/nachhaltigkeitsstrategien-fur-unternehmen-eine-fallstudie-von-siemens\/\" data-wpil-monitor-id=\"7496\">Strategieberatung<\/a> services to help businesses navigate the complexities of today&#8217;s ever-changing market landscape and drive sustainable growth. Our tailored solutions combine strategic insights, market analysis, and actionable recommendations to position your business for success. Here&#8217;s how we can help:<\/p>\n\n\n\n<ul class=\"wp-block-list\">\n<li><strong>Strategische Analyse und Identifizierung von Chancen:<\/strong> Unsere Berater f\u00fchren eingehende Marktanalysen durch, um aufkommende Trends, Strategien der Konkurrenz und Kundenpr\u00e4ferenzen zu identifizieren. Wir helfen Ihnen, neue Wachstumsm\u00f6glichkeiten zu entdecken, sei es durch die Expansion in neue M\u00e4rkte, die Diversifizierung des Produktangebots oder die Optimierung bestehender Betriebsabl\u00e4ufe.<\/li>\n\n\n\n<li><strong>Umsetzbare Empfehlungen und L\u00f6sungen:<\/strong> Wir bieten umsetzbare Empfehlungen, die auf den individuellen Kontext und die Ziele Ihres Unternehmens zugeschnitten sind. Diese Empfehlungen k\u00f6nnen Strategien f\u00fcr den Markteintritt, die Produktentwicklung, die digitale Transformation oder betriebliche Verbesserungen umfassen, die alle auf nachhaltiges Wachstum und Wettbewerbsvorteile abzielen.<\/li>\n\n\n\n<li><strong>Unterst\u00fctzung und Anleitung bei der Implementierung:<\/strong> Wir bieten Ihnen w\u00e4hrend des gesamten Implementierungsprozesses praktische Unterst\u00fctzung und helfen Ihnen, strategische Empfehlungen in konkrete Ma\u00dfnahmen umzusetzen. Ob es um die Einrichtung neuer Gesch\u00e4ftseinheiten, die Neugestaltung von Prozessen oder die Einf\u00fchrung neuer Technologien geht, wir begleiten Sie bei jedem Schritt, um eine erfolgreiche Umsetzung zu gew\u00e4hrleisten.<\/li>\n\n\n\n<li><strong>Leistungsmessung und kontinuierliche Verbesserung:<\/strong> Wir legen Kennzahlen und Leistungskennzahlen (KPIs) fest, um den Erfolg Ihrer Wachstumsstrategien zu messen. Unser Team \u00fcberwacht die Leistung kontinuierlich und bietet fortlaufende Unterst\u00fctzung, um notwendige Anpassungen vorzunehmen und kontinuierliche Verbesserungen voranzutreiben.<\/li>\n\n\n\n<li><strong>Kapazit\u00e4tsaufbau und Wissenstransfer:<\/strong> Wir konzentrieren uns auf den Aufbau der internen F\u00e4higkeiten Ihrer Organisation, bieten Schulungen und Workshops an, um Ihre Mitarbeiter weiterzubilden und die Nachhaltigkeit von Wachstumsinitiativen sicherzustellen. Wir bef\u00e4higen Ihr Team, Verantwortung f\u00fcr Wachstumsstrategien zu \u00fcbernehmen und langfristigen Erfolg voranzutreiben.<\/li>\n\n\n\n<li><strong>Diversifikations- und Expansionsm\u00f6glichkeiten:<\/strong> Wir unterst\u00fctzen Unternehmen bei der Erkundung von M\u00f6glichkeiten zur Diversifizierung von Produkten und Dienstleistungen, der Expansion in neue M\u00e4rkte und dem Aufbau nachhaltiger Gesch\u00e4ftsmodelle. Unser Ziel ist es, Ihnen dabei zu helfen, neue Einnahmequellen zu erschlie\u00dfen, Risiken zu reduzieren und gleichzeitig Ihr Unternehmen auf langfristigen Erfolg auszurichten.<\/li>\n<\/ul>\n\n\n\n<p>Arbeiten Sie mit SIS zusammen, um neue Wachstumschancen zu erschlie\u00dfen und Ihr Unternehmen im heutigen dynamischen Marktumfeld f\u00fcr langfristigen Erfolg zu positionieren. Mit unserer strategischen Beratung und unseren umsetzbaren L\u00f6sungen k\u00f6nnen Sie Unsicherheiten mit Zuversicht meistern und nachhaltiges Wachstum vorantreiben, das dauerhaften Wert schafft.<\/p>","protected":false},"excerpt":{"rendered":"<p>Ein Beratungsunternehmen f\u00fcr Wachstumsstrategien hilft Branchen dabei, Strategien zur Ausweitung ihres Marktanteils, ihres Umsatzes und ihrer Pr\u00e4senz zu identifizieren, zu entwickeln und umzusetzen.<\/p>","protected":false},"author":1,"featured_media":71614,"parent":44406,"menu_order":35,"comment_status":"closed","ping_status":"closed","template":"","meta":{"footnotes":""},"class_list":["post-45076","page","type-page","status-publish","has-post-thumbnail"],"_links":{"self":[{"href":"https:\/\/www.sisinternational.com\/de\/wp-json\/wp\/v2\/pages\/45076","targetHints":{"allow":["GET"]}}],"collection":[{"href":"https:\/\/www.sisinternational.com\/de\/wp-json\/wp\/v2\/pages"}],"about":[{"href":"https:\/\/www.sisinternational.com\/de\/wp-json\/wp\/v2\/types\/page"}],"author":[{"embeddable":true,"href":"https:\/\/www.sisinternational.com\/de\/wp-json\/wp\/v2\/users\/1"}],"replies":[{"embeddable":true,"href":"https:\/\/www.sisinternational.com\/de\/wp-json\/wp\/v2\/comments?post=45076"}],"version-history":[{"count":11,"href":"https:\/\/www.sisinternational.com\/de\/wp-json\/wp\/v2\/pages\/45076\/revisions"}],"predecessor-version":[{"id":82982,"href":"https:\/\/www.sisinternational.com\/de\/wp-json\/wp\/v2\/pages\/45076\/revisions\/82982"}],"up":[{"embeddable":true,"href":"https:\/\/www.sisinternational.com\/de\/wp-json\/wp\/v2\/pages\/44406"}],"wp:featuredmedia":[{"embeddable":true,"href":"https:\/\/www.sisinternational.com\/de\/wp-json\/wp\/v2\/media\/71614"}],"wp:attachment":[{"href":"https:\/\/www.sisinternational.com\/de\/wp-json\/wp\/v2\/media?parent=45076"}],"curies":[{"name":"wp","href":"https:\/\/api.w.org\/{rel}","templated":true}]}}