{"id":44799,"date":"2024-01-07T20:14:05","date_gmt":"2024-01-08T01:14:05","guid":{"rendered":"https:\/\/www.sisinternational.com\/?page_id=44799"},"modified":"2026-02-18T12:29:39","modified_gmt":"2026-02-18T17:29:39","slug":"markteinfuhrung-kunstliche-intelligenz-beratung","status":"publish","type":"page","link":"https:\/\/www.sisinternational.com\/de\/losungen\/ai-marktforschung-und-strategieberatung\/markteinfuhrung-kunstliche-intelligenz-beratung\/","title":{"rendered":"Go-To-Market Beratung zu K\u00fcnstlicher Intelligenz"},"content":{"rendered":"<h1 class=\"wp-block-heading\">Go-To-Market Beratung zu K\u00fcnstlicher Intelligenz<\/h1>\n\n\n\n<figure class=\"gb-block-image gb-block-image-12e7fe3f\"><img loading=\"lazy\" decoding=\"async\" width=\"1456\" height=\"816\" class=\"gb-image gb-image-12e7fe3f\" src=\"https:\/\/www.sisinternational.com\/wp-content\/uploads\/2025\/10\/Corporate-Governance-4.jpg\" alt=\"SIS International Marktforschung &amp; Strategie\" title=\"Corporate Governance (4)\" srcset=\"https:\/\/www.sisinternational.com\/wp-content\/uploads\/2025\/10\/Corporate-Governance-4.jpg 1456w, https:\/\/www.sisinternational.com\/wp-content\/uploads\/2025\/10\/Corporate-Governance-4-300x168.jpg 300w, https:\/\/www.sisinternational.com\/wp-content\/uploads\/2025\/10\/Corporate-Governance-4-1024x574.jpg 1024w, https:\/\/www.sisinternational.com\/wp-content\/uploads\/2025\/10\/Corporate-Governance-4-768x430.jpg 768w, https:\/\/www.sisinternational.com\/wp-content\/uploads\/2025\/10\/Corporate-Governance-4-18x10.jpg 18w\" sizes=\"auto, (max-width: 1456px) 100vw, 1456px\"><\/figure>\n\n\n\n<p><\/p>\n\n\n\n<p>In einer Zeit, in der sich die Marktdynamik st\u00e4ndig weiterentwickelt, kann die Nutzung des Potenzials der KI zur Analyse, Vorhersage und Strategieentwicklung den Unterschied zwischen einem erfolgreichen Markteintritt und einer verpassten Chance ausmachen. Aus diesem Grund bietet die Go-to-Market-Beratung f\u00fcr k\u00fcnstliche Intelligenz Unternehmen die fortschrittlichen Tools und Erkenntnisse, die sie ben\u00f6tigen, um sich in komplexen M\u00e4rkten zurechtzufinden und sicherzustellen, dass ihre Eintrittsstrategien nicht nur gut durchdacht, sondern auch der Zeit voraus sind.<\/p>\n\n\n\n<h2 class=\"wp-block-heading\">Was ist Go-To-Market-Beratung f\u00fcr k\u00fcnstliche Intelligenz?<\/h2>\n\n\n\n<p>Go-to-Market-KI-Beratung verschafft Unternehmen einen Vorteil bei der Einf\u00fchrung neuer Produkte, dem Eintritt in neue M\u00e4rkte oder der Neupositionierung bestehender Angebote. Diese Form der Beratung nutzt verschiedene KI-Tools und -Methoden (wie maschinelles Lernen, Datenanalyse, pr\u00e4diktive Modellierung und Verarbeitung nat\u00fcrlicher Sprache), um Marktdaten, Verbraucherverhalten und Wettbewerbslandschaften zu analysieren. Das Ziel besteht darin, Unternehmen umsetzbare Informationen bereitzustellen, die jeden Aspekt ihrer Go-to-Market-Strategie beeinflussen k\u00f6nnen.<\/p>\n\n\n\n<h2 class=\"wp-block-heading\">Warum ben\u00f6tigen Unternehmen Go-to-Market-Beratung im Bereich k\u00fcnstliche Intelligenz?<\/h2>\n\n\n\n<p><a title=\"FinTech Go-To-Market Beratung\" href=\"https:\/\/www.sisinternational.com\/de\/losungen\/fintech-strategieberatung-forschung\/fintech-go-to-market-beratung\/\" data-wpil-monitor-id=\"5872\">Go-to-market AI consulting<\/a> helps businesses navigate the complexities of modern marketplaces effectively. By leveraging AI-driven insights, predictive analytics, and personalized strategies, businesses can execute more effective, efficient, and adaptive strategies<\/p>\n\n\n\n<h2 class=\"wp-block-heading\">So f\u00fchren Sie eine Go-To-Market-Beratung f\u00fcr k\u00fcnstliche Intelligenz durch<\/h2>\n\n\n\n<p>Dirigieren <a title=\"B2B Go-to-Market Strategy\" href=\"https:\/\/www.sisinternational.com\/de\/b2b-go-to-market-strategy\/\" data-wpil-monitor-id=\"802\">go-to-market artificial intelligence consulting<\/a> effectively involves a structured approach that leverages AI technologies and data analytics to develop comprehensive market entry strategies. This process is multi-faceted, combining in-depth market analysis, predictive modeling, and strategic planning to ensure that businesses can enter new markets or launch products with the highest chance of success.<\/p>\n\n\n\n<ul class=\"wp-block-list\">\n<li><strong>Erste Einsch\u00e4tzung und Zielsetzung:<\/strong> The first step is to understand the business\u2019s objectives, products or services, and the market landscape. <\/li>\n\n\n\n<li><strong>Datensammlung und Analyse:<\/strong> Dazu geh\u00f6ren Marktdaten, Erkenntnisse zum Verbraucherverhalten, Wettbewerbsanalysen und alle relevanten Branchentrends. KI-Tools werden eingesetzt, um diese Daten zu verarbeiten und zu analysieren. So werden Muster und Erkenntnisse aufgedeckt, die bei herk\u00f6mmlichen Analysen m\u00f6glicherweise nicht sichtbar sind.<\/li>\n\n\n\n<li><strong>Marktsegmentierung und Zielgruppenausrichtung:<\/strong> Mithilfe der Erkenntnisse aus der Datenanalyse besteht der n\u00e4chste Schritt darin, den Markt zu segmentieren und die Zielgruppe zu identifizieren. KI-Algorithmen k\u00f6nnen dabei helfen, detaillierte Kundenprofile zu erstellen und vorherzusagen, welche Segmente am wahrscheinlichsten positiv auf das Produkt oder die Dienstleistung reagieren.<\/li>\n\n\n\n<li><strong>Entwicklung des Wertversprechens:<\/strong> Basierend auf dem Verst\u00e4ndnis des Zielmarkts und der Kundenbed\u00fcrfnisse wird das Wertangebot ausgearbeitet. KI kann dabei helfen, dieses Angebot so zuzuschneiden, dass es bei bestimmten Kundensegmenten Anklang findet und so seine Attraktivit\u00e4t und Wirksamkeit steigert.<\/li>\n\n\n\n<li><strong>Kanalstrategie und -optimierung:<\/strong> Mithilfe von KI werden verschiedene Vertriebskan\u00e4le analysiert, um die effektivsten Wege zur Erreichung der Zielgruppe zu ermitteln. Dies k\u00f6nnen digitale Kan\u00e4le, der traditionelle Einzelhandel, Direktvertrieb oder eine Kombination verschiedener Methoden sein.<\/li>\n\n\n\n<li><strong>Preisstrategie:<\/strong> KI-Tools k\u00f6nnen auch bei der Entwicklung einer Preisstrategie helfen, indem sie Markttrends, die Preisgestaltung der Konkurrenz und die Kundensensibilit\u00e4t analysieren. Es k\u00f6nnen dynamische Preismodelle erstellt werden, um die Preise in Echtzeit an die Marktbedingungen anzupassen.<\/li>\n\n\n\n<li><strong>Marketing and <a class=\"wpil_keyword_link\" title=\"Vertriebs- und Strategiel\u00f6sungen\" data-wpil-keyword-link=\"linked\" data-wpil-monitor-id=\"303\" href=\"https:\/\/www.sisinternational.com\/de\/losungen\/vertriebsstrategielosungen\/\">Verkaufsstrategie<\/a> Formulation:<\/strong> Mit den Prognosefunktionen der KI k\u00f6nnen Unternehmen gezielte Marketing- und Verkaufsstrategien entwickeln. Dazu geh\u00f6ren personalisierte Marketingkampagnen, KI-gesteuerte Verkaufsempfehlungen und automatisierte Tools zur Kundenbindung.<\/li>\n\n\n\n<li><strong>Umsetzung und Monitoring:<\/strong> Sobald die Strategie formuliert ist, wird sie \u00fcber die ausgew\u00e4hlten Kan\u00e4le implementiert. KI-Systeme \u00fcberwachen weiterhin Marktreaktionen, Verbraucherverhalten und Kampagnenleistung und liefern Feedback in Echtzeit.<\/li>\n\n\n\n<li><strong>Kontinuierliche Verbesserung und Anpassung:<\/strong> Im letzten Schritt geht es darum, die w\u00e4hrend der Umsetzungsphase gesammelten Daten und Erkenntnisse zu nutzen, um die Strategie kontinuierlich zu verfeinern und anzupassen. Die Lernalgorithmen der KI sorgen daf\u00fcr, dass sich der Ansatz als Reaktion auf ver\u00e4nderte Marktdynamiken und Verbraucherpr\u00e4ferenzen weiterentwickelt.<\/li>\n<\/ul>\n\n\n\n<h2 class=\"wp-block-heading\">Die Auswirkungen der Go-To-Market-Beratung zu k\u00fcnstlicher Intelligenz auf Unternehmen<\/h2>\n\n\n\n<p>Die Beratung zur Markteinf\u00fchrung k\u00fcnstlicher Intelligenz bringt eine Reihe von Erwartungen und Ergebnissen mit sich, die den Ansatz eines Unternehmens hinsichtlich Markteintritt und -erweiterung ver\u00e4ndern k\u00f6nnen. Diese Art der Beratung bietet eine Mischung aus fortschrittlicher Analytik, strategischer Planung und Markteinblicken, die alle auf den leistungsstarken F\u00e4higkeiten der KI basieren.<\/p>\n\n\n\n<ul class=\"wp-block-list\">\n<li><strong>Informierte Markteintrittsentscheidungen:<\/strong> Eine der wichtigsten Erwartungen an die Go-to-Market-KI-Beratung besteht darin, fundiertere, datengesteuerte Entscheidungen zu treffen. Unternehmen k\u00f6nnen umfassende Einblicke in die Marktdynamik, das Verbraucherverhalten und das Wettbewerbsumfeld erwarten, die es ihnen erm\u00f6glichen, strategische Entscheidungen auf der Grundlage solider Daten zu treffen.<\/li>\n\n\n\n<li><strong>Ma\u00dfgeschneiderte Marktstrategien:<\/strong> Die F\u00e4higkeit der KI, riesige Datenmengen zu analysieren und zu interpretieren, bedeutet, dass Strategien stark an die spezifischen Ziele des Unternehmens und die Nuancen des Zielmarktes angepasst werden k\u00f6nnen. Dies f\u00fchrt zu effektiveren und gezielteren Markteintrittsstrategien.<\/li>\n\n\n\n<li><strong>H\u00f6here Effizienz und h\u00f6herer ROI:<\/strong> AI-driven strategies often lead to increased operational efficiency and a higher return on investment. <\/li>\n\n\n\n<li><strong>Risikominderung:<\/strong> Mithilfe pr\u00e4diktiver Analytik und detaillierter Marktanalysen k\u00f6nnen Unternehmen potenzielle Risiken im Zusammenhang mit dem Markteintritt vorhersehen und mindern und so die Gefahr kostspieliger Fehltritte verringern.<\/li>\n<\/ul>\n\n\n\n<p>Kontinuierliches Lernen und Verbesserung: KI-Systeme lernen mit der Zeit, was bedeutet, dass die Erkenntnisse und Strategien, die sie liefern, immer ausgefeilter und effektiver werden. Unternehmen k\u00f6nnen mit einer kontinuierlichen Verbesserung ihrer Marktstrategien rechnen, da immer mehr Daten gesammelt und analysiert werden.<\/p>\n\n\n\n<h2 class=\"wp-block-heading\">Aktuelle Trends in der Go-To-Market-Beratung f\u00fcr k\u00fcnstliche Intelligenz<\/h2>\n\n\n\n<p>Der Bereich der Go-to-Market-KI-Beratung entwickelt sich weiter. Mit dem technologischen Fortschritt und der ver\u00e4nderten Marktdynamik entstehen neue Trends. Hier sind einige der aktuellen Trends in diesem Bereich:<\/p>\n\n\n\n<ul class=\"wp-block-list\">\n<li><strong>Personalisierung im gro\u00dfen Ma\u00dfstab:<\/strong> AI is enabling businesses to personalize their marketing and sales strategies at a scale previously unattainable. <\/li>\n\n\n\n<li><strong>Integration von KI mit anderen Technologien:<\/strong> The integration of AI with other emerging technologies like the Internet of Things (IoT), blockchain, and augmented reality is gaining momentum. <\/li>\n\n\n\n<li><strong>Fokus auf die Optimierung des Kundenerlebnisses:<\/strong> There is an increasing focus on using AI to optimize the customer experience. <\/li>\n\n\n\n<li><strong>Markteinblicke in Echtzeit:<\/strong> Die F\u00e4higkeit der KI, Echtzeiteinblicke zu liefern, wird immer wichtiger. Unternehmen nutzen KI, um Marktbedingungen, Verbraucherstimmungen und Wettbewerbsaktivit\u00e4ten kontinuierlich zu \u00fcberwachen und so schnelle, fundierte Entscheidungen treffen zu k\u00f6nnen.<\/li>\n\n\n\n<li><strong>Automatisierte und dynamische Preisstrategien:<\/strong> AI is being used to develop more dynamic and automated pricing strategies. <\/li>\n<\/ul>\n\n\n\n<h2 class=\"wp-block-heading\">M\u00f6glichkeiten f\u00fcr Go-To-Market-Beratung im Bereich k\u00fcnstliche Intelligenz<\/h2>\n\n\n\n<p>Die Integration k\u00fcnstlicher Intelligenz in Markteinf\u00fchrungsstrategien er\u00f6ffnet Unternehmen zahlreiche Chancen. Diese M\u00f6glichkeiten steigern nicht nur die Effizienz und Effektivit\u00e4t von Markteintrittsstrategien, sondern f\u00f6rdern auch Innovation, Kundenbindung und Wettbewerbsvorteile.<\/p>\n\n\n\n<ul class=\"wp-block-list\">\n<li><strong>Pr\u00e4zision bei der Zielmarktsegmentierung:<\/strong> KI erm\u00f6glicht eine pr\u00e4zise Segmentierung der Zielm\u00e4rkte. Unternehmen k\u00f6nnen die profitabelsten und aufnahmef\u00e4higsten Segmente identifizieren und sich auf sie konzentrieren. So k\u00f6nnen sie ihre Marketingbem\u00fchungen dort konzentrieren, wo sie die gr\u00f6\u00dfte Wirkung erzielen.<\/li>\n\n\n\n<li><strong>Agilit\u00e4t bei der Reaktion auf den Markt:<\/strong> Dank der Echtzeitanalysen von KI k\u00f6nnen sich Unternehmen schnell an Marktver\u00e4nderungen anpassen. Diese Agilit\u00e4t ist entscheidend, um auf Wettbewerbsma\u00dfnahmen, ver\u00e4nderte Verbraucherpr\u00e4ferenzen oder Marktst\u00f6rungen reagieren zu k\u00f6nnen.<\/li>\n\n\n\n<li><strong>Innovative Produktentwicklung:<\/strong> Erkenntnisse aus der KI k\u00f6nnen in die Produktentwicklung einflie\u00dfen und zu innovativeren und kundenorientierteren Produkten f\u00fchren. KI kann dabei helfen, Marktl\u00fccken oder aufkommende Trends zu identifizieren, die mit neuen Produkten adressiert werden k\u00f6nnen.<\/li>\n\n\n\n<li><strong>Risikominderung beim Markteintritt:<\/strong> Durch umfassende Marktanalysen und Prognosen reduziert KI die mit dem Markteintritt verbundenen Risiken. Unternehmen k\u00f6nnen potenzielle Herausforderungen vorhersehen und Strategien zu ihrer Bew\u00e4ltigung entwickeln.<\/li>\n\n\n\n<li><strong>Globale Marktdurchdringung:<\/strong> KI-Tools k\u00f6nnen globale Markttrends und Verbraucherverhalten analysieren und Unternehmen die erforderlichen Erkenntnisse liefern, um erfolgreich in internationale M\u00e4rkte einzutreten und dort wettbewerbsf\u00e4hig zu sein.<\/li>\n<\/ul>\n\n\n\n<h2 class=\"wp-block-heading\">Herausforderungen der Go-To-Market-Beratung f\u00fcr k\u00fcnstliche Intelligenz<\/h2>\n\n\n\n<p>Doch die Go-to-Market-KI-Beratung bringt auch ihre Herausforderungen mit sich \u2013 und hier sind einige der wichtigsten Herausforderungen in diesem Bereich: Datenqualit\u00e4t und -verf\u00fcgbarkeit: Die Wirksamkeit von KI h\u00e4ngt stark von der Qualit\u00e4t und Quantit\u00e4t der verf\u00fcgbaren Daten ab. Das Sammeln umfassender, genauer und relevanter Marktdaten kann schwierig sein, und qualitativ minderwertige Daten k\u00f6nnen zu irref\u00fchrenden KI-Erkenntnissen f\u00fchren.<\/p>\n\n\n\n<ul class=\"wp-block-list\">\n<li><strong>Risiko einer \u00fcberm\u00e4\u00dfigen Abh\u00e4ngigkeit von KI:<\/strong> Es besteht die Gefahr, sich zu sehr auf KI-gest\u00fctzte Erkenntnisse zu verlassen und dabei m\u00f6glicherweise die Nuancen und Unvorhersehbarkeit des menschlichen Verhaltens und der Marktdynamik zu \u00fcbersehen.<\/li>\n\n\n\n<li><strong>Globale Marktkomplexit\u00e4t:<\/strong> Bei der Auseinandersetzung mit globalen M\u00e4rkten nimmt die Komplexit\u00e4t zu, da die KI unterschiedliche Verbraucherverhaltensweisen, kulturelle Nuancen und regulatorische Rahmenbedingungen in verschiedenen Regionen ber\u00fccksichtigen muss.<\/li>\n\n\n\n<li><strong>Skalierbarkeitsherausforderungen:<\/strong> Wenn Unternehmen wachsen und in neue M\u00e4rkte expandieren, kann es eine Herausforderung sein, KI-L\u00f6sungen an ver\u00e4nderte Anforderungen anzupassen. F\u00fcr den langfristigen Erfolg ist es entscheidend, dass KI-Systeme anpassbar und skalierbar sind.<\/li>\n\n\n\n<li><strong>Balance zwischen Personalisierung und Generalisierung:<\/strong> Obwohl Personalisierung eine der wichtigsten St\u00e4rken von KI ist, kann es eine Herausforderung sein, die richtige Balance zwischen personalisiertem Marketing und breiterer Marktattraktivit\u00e4t zu finden. \u00dcberm\u00e4\u00dfige Personalisierung kann dazu f\u00fchren, dass breitere Marktsegmente nicht erreicht werden.<\/li>\n<\/ul>\n\n\n\n<h2 class=\"wp-block-heading\">SIS Solutions: Go-To-Market-Beratung f\u00fcr k\u00fcnstliche Intelligenz<\/h2>\n\n\n\n<p>Bei SIS sind wir auf die Bereitstellung umfassender Beratungsdienste f\u00fcr k\u00fcnstliche Intelligenz zur Markteinf\u00fchrung spezialisiert, die es Unternehmen erm\u00f6glichen, sich in komplexen Marktlandschaften sicher und flexibel zurechtzufinden. Durch die Nutzung fortschrittlicher KI-Technologien und datengesteuerter Erkenntnisse helfen wir unseren Kunden bei der Entwicklung und Umsetzung hochwirksamer Markteintrittsstrategien, die Wachstum, Innovation und Wettbewerbsvorteile f\u00f6rdern. So k\u00f6nnen wir helfen:<\/p>\n\n\n\n<ul class=\"wp-block-list\">\n<li><strong>Strategische Analyse und Zielsetzung:<\/strong> Unsere Berater arbeiten eng mit Ihrem Team zusammen, um Ihre Gesch\u00e4ftsziele, Zielm\u00e4rkte und das Wettbewerbsumfeld zu verstehen. Wir helfen Ihnen dabei, klare Ziele f\u00fcr Ihre Markteinf\u00fchrungsstrategie zu definieren und stellen sicher, dass diese mit Ihren allgemeinen Gesch\u00e4ftszielen \u00fcbereinstimmt.<\/li>\n\n\n\n<li><strong>Datensammlung und Analyse:<\/strong> Wir nutzen KI-gest\u00fctzte Datenanalysetools, um gro\u00dfe Mengen an Marktdaten, Erkenntnissen zum Verbraucherverhalten und Wettbewerbsinformationen zu sammeln und zu analysieren. Unsere erweiterten Analysefunktionen erm\u00f6glichen es uns, umsetzbare Erkenntnisse zu gewinnen und wichtige Marktchancen zu identifizieren.<\/li>\n\n\n\n<li><strong>Marktsegmentierung und Zielgruppenausrichtung:<\/strong> Mithilfe von KI-Algorithmen segmentieren wir den Markt und identifizieren die lukrativste Zielgruppe f\u00fcr Ihre Produkte oder Dienstleistungen. Wir erstellen detaillierte Kundenprofile und entwickeln gezielte Marketingstrategien, um Ihre Zielgruppe effektiv zu erreichen und anzusprechen.<\/li>\n\n\n\n<li><strong>Entwicklung von Wertangeboten:<\/strong> Basierend auf unserem umfassenden Verst\u00e4ndnis Ihres Zielmarkts und Ihrer Kundenbed\u00fcrfnisse helfen wir Ihnen, \u00fcberzeugende Wertangebote zu entwickeln, die bei Ihrer Zielgruppe Anklang finden. Unser KI-gest\u00fctzter Ansatz stellt sicher, dass Ihr Wertangebot auf die spezifischen Schwachstellen und Vorlieben Ihrer Kunden zugeschnitten ist.<\/li>\n\n\n\n<li><strong>Kanalstrategie und -optimierung:<\/strong> We analyze various distribution channels to determine the most effective ways to reach your target audience. <\/li>\n\n\n\n<li><strong>Entwicklung einer Preisstrategie:<\/strong> Unsere KI-Tools analysieren Markttrends, die Preisgestaltung der Konkurrenz und Kundenpr\u00e4ferenzen, um eine Preisstrategie zu entwickeln, die die Rentabilit\u00e4t maximiert und gleichzeitig wettbewerbsf\u00e4hig bleibt. Wir helfen bei der Implementierung dynamischer Preismodelle, die die Preise in Echtzeit an die Marktbedingungen anpassen.<\/li>\n\n\n\n<li><strong>Formulierung einer Marketing- und Verkaufsstrategie:<\/strong> Wir entwickeln personalisierte Marketing- und Verkaufsstrategien, die KI-gest\u00fctzte Erkenntnisse nutzen, um Ihr Publikum effektiv anzusprechen und zu binden. Von personalisierten Marketingkampagnen bis hin zu KI-gest\u00fctzten Verkaufsempfehlungen helfen wir dabei, jeden Schritt der Customer Journey zu optimieren.<\/li>\n\n\n\n<li><strong>Umsetzung und Monitoring:<\/strong> We assist in the implementation of your go-to-market strategy across chosen channels, continuously monitoring market responses, consumer behavior, and campaign performance. <\/li>\n\n\n\n<li><strong>Kontinuierliche Verbesserung und Anpassung:<\/strong> Wir nutzen die w\u00e4hrend der Implementierung gesammelten Daten und Erkenntnisse, um Ihre Markteinf\u00fchrungsstrategie kontinuierlich zu verfeinern und anzupassen. Unsere KI-Algorithmen lernen mit der Zeit dazu und sorgen daf\u00fcr, dass sich Ihr Ansatz als Reaktion auf sich \u00e4ndernde Marktdynamiken und Verbraucherpr\u00e4ferenzen weiterentwickelt.<\/li>\n<\/ul>\n\n\n\n<p>Unser erfahrenes Beraterteam sorgt in Kombination mit unseren branchenf\u00fchrenden KI-Technologien daf\u00fcr, dass Ihre Markteinf\u00fchrungsstrategie nicht nur gut durchdacht, sondern auch der Zeit voraus ist. Mit unseren ma\u00dfgeschneiderten L\u00f6sungen und unserer strategischen Beratung k\u00f6nnen Sie die Komplexit\u00e4t moderner M\u00e4rkte souver\u00e4n meistern und den Erfolg Ihres Unternehmens vorantreiben.<\/p>","protected":false},"excerpt":{"rendered":"<p>Go-to-Market-KI-Beratung verschafft Unternehmen einen Vorteil bei der Einf\u00fchrung neuer Produkte, der Erschlie\u00dfung neuer M\u00e4rkte oder der Neupositionierung bestehender Angebote.<\/p>","protected":false},"author":1,"featured_media":71934,"parent":44406,"menu_order":31,"comment_status":"closed","ping_status":"closed","template":"","meta":{"footnotes":""},"class_list":["post-44799","page","type-page","status-publish","has-post-thumbnail"],"_links":{"self":[{"href":"https:\/\/www.sisinternational.com\/de\/wp-json\/wp\/v2\/pages\/44799","targetHints":{"allow":["GET"]}}],"collection":[{"href":"https:\/\/www.sisinternational.com\/de\/wp-json\/wp\/v2\/pages"}],"about":[{"href":"https:\/\/www.sisinternational.com\/de\/wp-json\/wp\/v2\/types\/page"}],"author":[{"embeddable":true,"href":"https:\/\/www.sisinternational.com\/de\/wp-json\/wp\/v2\/users\/1"}],"replies":[{"embeddable":true,"href":"https:\/\/www.sisinternational.com\/de\/wp-json\/wp\/v2\/comments?post=44799"}],"version-history":[{"count":6,"href":"https:\/\/www.sisinternational.com\/de\/wp-json\/wp\/v2\/pages\/44799\/revisions"}],"predecessor-version":[{"id":82986,"href":"https:\/\/www.sisinternational.com\/de\/wp-json\/wp\/v2\/pages\/44799\/revisions\/82986"}],"up":[{"embeddable":true,"href":"https:\/\/www.sisinternational.com\/de\/wp-json\/wp\/v2\/pages\/44406"}],"wp:featuredmedia":[{"embeddable":true,"href":"https:\/\/www.sisinternational.com\/de\/wp-json\/wp\/v2\/media\/71934"}],"wp:attachment":[{"href":"https:\/\/www.sisinternational.com\/de\/wp-json\/wp\/v2\/media?parent=44799"}],"curies":[{"name":"wp","href":"https:\/\/api.w.org\/{rel}","templated":true}]}}