{"id":44779,"date":"2024-01-07T12:11:20","date_gmt":"2024-01-07T17:11:20","guid":{"rendered":"https:\/\/www.sisinternational.com\/?page_id=44779"},"modified":"2026-02-18T13:45:53","modified_gmt":"2026-02-18T18:45:53","slug":"artificial-intelligence-competitive-intelligence-consulting","status":"publish","type":"page","link":"https:\/\/www.sisinternational.com\/de\/solutions\/ai-market-research-and-strategy-consulting\/artificial-intelligence-competitive-intelligence-consulting\/","title":{"rendered":"K\u00fcnstliche Intelligenz Competitive Intelligence Beratung"},"content":{"rendered":"<h1 class=\"wp-block-heading\">K\u00fcnstliche Intelligenz Competitive Intelligence Beratung<\/h1>\n\n\n\n<figure class=\"gb-block-image gb-block-image-3620b4d2\"><img loading=\"lazy\" decoding=\"async\" width=\"1456\" height=\"816\" class=\"gb-image gb-image-3620b4d2\" src=\"https:\/\/www.sisinternational.com\/wp-content\/uploads\/2025\/09\/Research-18.jpg\" alt=\"SIS International Market Research &amp; Strategy\" title=\"Research (18)\" srcset=\"https:\/\/www.sisinternational.com\/wp-content\/uploads\/2025\/09\/Research-18.jpg 1456w, https:\/\/www.sisinternational.com\/wp-content\/uploads\/2025\/09\/Research-18-300x168.jpg 300w, https:\/\/www.sisinternational.com\/wp-content\/uploads\/2025\/09\/Research-18-1024x574.jpg 1024w, https:\/\/www.sisinternational.com\/wp-content\/uploads\/2025\/09\/Research-18-768x430.jpg 768w, https:\/\/www.sisinternational.com\/wp-content\/uploads\/2025\/09\/Research-18-18x10.jpg 18w\" sizes=\"auto, (max-width: 1456px) 100vw, 1456px\"><\/figure>\n\n\n\n<p><\/p>\n\n\n\n<p>Wie kann ein Unternehmen in einer Welt, in der Daten das A und O sind, die Nase vorn behalten und seine Konkurrenz \u00fcberlisten? Die Beratung zu k\u00fcnstlicher Intelligenz im Bereich Competitive Intelligence ist ein innovativer Ansatz, der Unternehmen tiefere Einblicke, pr\u00e4diktive Analysen und strategische Weitsicht bietet, sodass sie nicht nur Schritt halten, sondern in ihren jeweiligen Branchen f\u00fchrend sein k\u00f6nnen.<\/p>\n\n\n\n<h2 class=\"wp-block-heading\">Was ist Competitive Intelligence-Beratung im Bereich k\u00fcnstliche Intelligenz?<\/h2>\n\n\n\n<p>Die Competitive Intelligence-Beratung f\u00fcr k\u00fcnstliche Intelligenz verbindet die analytischen F\u00e4higkeiten der KI mit dem strategischen Fokus der Competitive Intelligence. Dieser Ansatz ver\u00e4ndert die Art und Weise, wie Unternehmen Informationen \u00fcber ihr Marktumfeld, ihre Wettbewerber und ihre eigenen F\u00e4higkeiten sammeln, analysieren und nutzen.<\/p>\n\n\n\n<h2 class=\"wp-block-heading\">Warum ben\u00f6tigen Unternehmen Beratung zur Wettbewerbsanalyse im Bereich k\u00fcnstliche Intelligenz?<\/h2>\n\n\n\n<p>Die Beratung zu Wettbewerbsanalysen im Bereich k\u00fcnstliche Intelligenz verleiht Unternehmen die Flexibilit\u00e4t, sich schnell an diese Ver\u00e4nderungen anzupassen, Markttrends vorherzusehen und der Konkurrenz immer einen Schritt voraus zu sein. Sie erm\u00f6glicht es Unternehmen, neue Chancen schneller zu erkennen und zu nutzen.<\/p>\n\n\n\n<p>Furthermore, AI competitive <a title=\"Law Firm Competitive Analysis\" href=\"https:\/\/www.sisinternational.com\/de\/solutions\/legal-market-research\/law-firm-competitive-analysis\/\" data-wpil-monitor-id=\"927\">intelligence consulting<\/a> provides in-depth benchmarking and analysis, offering a clear picture of where a company stands in the market and where it needs to improve. AI helps businesses allocate their resources more efficiently, whether it&#8217;s marketing spend, R&amp;D investments, or operational efforts.<\/p>\n\n\n\n<h2 class=\"wp-block-heading\">Die herausragenden Vorteile der Competitive Intelligence-Beratung durch k\u00fcnstliche Intelligenz<\/h2>\n\n\n\n<p>Engaging in artificial intelligence competitive intelligence consulting offers benefits that can significantly impact a business&#8217;s <a title=\"Die Notwendigkeit von Competitive Intelligence in einer Rezession\" data-wpil-monitor-id=\"2178\" href=\"https:\/\/www.sisinternational.com\/de\/the-need-for-competitive-intelligence-in-this-recession\/\">Strategie<\/a>, operations, and overall success. Let\u2019s explore the key benefits of this consulting service.<\/p>\n\n\n\n<ul class=\"wp-block-list\">\n<li><strong>Verbesserte Markteinblicke und Weitsicht:<\/strong> Einer der Hauptvorteile ist der tiefe Einblick und die Vorausschau, die KI in Markttrends und -dynamiken bietet. Unternehmen k\u00f6nnen sich ein umfassendes Verst\u00e4ndnis des Marktes verschaffen, kommende Ver\u00e4nderungen vorhersehen und ihre Strategien entsprechend anpassen.<\/li>\n\n\n\n<li><strong>H\u00f6here Betriebseffizienz:<\/strong> AI tools can identify areas for operational improvement, helping businesses streamline processes, reduce costs, and increase overall efficiency. <\/li>\n\n\n\n<li><strong>Ma\u00dfgeschneidertes Kundenengagement:<\/strong> AI helps in understanding and predicting consumer behavior, enabling businesses to customize their marketing and engagement strategies. <\/li>\n\n\n\n<li><strong>Datengesteuerte Innovation:<\/strong> Durch die Identifizierung neuer Marktchancen, neu entstehender Verbraucherbed\u00fcrfnisse und potenzieller Bereiche f\u00fcr die Produkt- oder Serviceentwicklung kann die Beratung zu Wettbewerbsanalysen durch KI Innovationen vorantreiben.<\/li>\n\n\n\n<li><strong>Skalierbarkeit und Anpassungsf\u00e4higkeit:<\/strong> KI-gesteuerte Competitive Intelligence-Systeme sind skalierbar und anpassbar und eignen sich daher f\u00fcr Unternehmen jeder Gr\u00f6\u00dfe und in verschiedenen Branchen. Sie k\u00f6nnen mit dem Unternehmen wachsen und sich weiterentwickeln, wodurch ihre langfristige Relevanz und N\u00fctzlichkeit gew\u00e4hrleistet wird.<\/li>\n<\/ul>\n\n\n\n<h2 class=\"wp-block-heading\">So f\u00fchren Sie eine Competitive Intelligence-Beratung im Bereich k\u00fcnstliche Intelligenz durch<\/h2>\n\n\n\n<p>Die Durchf\u00fchrung einer Beratung zu Wettbewerbsanalysen im Bereich k\u00fcnstliche Intelligenz erfordert einen systematischen Ansatz zum Sammeln, Analysieren und Interpretieren von Daten, um umsetzbare Gesch\u00e4ftserkenntnisse zu gewinnen. So l\u00e4uft dieser Beratungsprozess normalerweise ab.<\/p>\n\n\n\n<ul class=\"wp-block-list\">\n<li><strong>Identifizierung der Gesch\u00e4ftsziele und des Gesch\u00e4ftsumfangs:<\/strong> Der erste Schritt besteht darin, die Gesch\u00e4ftsziele und den Umfang des Beratungsprojekts klar zu definieren. Die Definition des Umfangs stellt sicher, dass die KI-Analyse zielgerichtet und relevant ist.<\/li>\n\n\n\n<li><strong>Datenerfassung und -verwaltung:<\/strong> Dabei werden interne Daten wie Verkaufszahlen und Kundenfeedback sowie externe Daten wie Markttrends, Informationen zu Wettbewerbern und Branchenberichte erfasst. KI-Systeme ben\u00f6tigen qualitativ hochwertige, umfassende Daten, um genaue Erkenntnisse zu liefern.<\/li>\n\n\n\n<li><strong>Implementierung von KI-Tools und Algorithmen:<\/strong> Dazu k\u00f6nnten Machine-Learning-Modelle zur Mustererkennung, Predictive Analytics zur Prognose oder Natural Language Processing zur Sentimentanalyse geh\u00f6ren. Die Wahl der KI-Tools h\u00e4ngt von den spezifischen Intelligenzanforderungen des Unternehmens ab.<\/li>\n\n\n\n<li><strong>Daten analysieren und Erkenntnisse gewinnen:<\/strong> KI-Algorithmen analysieren die gesammelten Daten, um Trends, Muster und Erkenntnisse aufzudecken. Diese Analyse kann Strategien der Konkurrenz, Marktchancen, potenzielle Risiken und Verbesserungsbereiche in den Strategien und Abl\u00e4ufen des Unternehmens aufdecken.<\/li>\n\n\n\n<li><strong>Strategische Empfehlungen und Berichterstattung:<\/strong> The insights derived from AI analysis are then translated into strategic recommendations. <\/li>\n\n\n\n<li><strong>Kontinuierliche \u00dcberwachung und Anpassung:<\/strong> Wettbewerbsbeobachtung ist keine einmalige Aktivit\u00e4t; sie erfordert eine kontinuierliche \u00dcberwachung. KI-Systeme k\u00f6nnen f\u00fcr eine kontinuierliche Datenanalyse eingerichtet werden, sodass Unternehmen \u00fcber die Markt- und Wettbewerbsdynamik auf dem Laufenden bleiben und ihre Strategien entsprechend anpassen k\u00f6nnen.<\/li>\n<\/ul>\n\n\n\n<h2 class=\"wp-block-heading\">Was unterscheidet diese KI-Beratung von herk\u00f6mmlichen Marktforschungsmethoden?<\/h2>\n\n\n\n<p>Die Beratung zu Wettbewerbsanalysen im Bereich k\u00fcnstliche Intelligenz unterscheidet sich in ihrem Ansatz, ihren Methoden und Ergebnissen erheblich von der traditionellen Marktforschung. Lassen Sie uns diese Unterschiede im Detail untersuchen.<\/p>\n\n\n\n<ul class=\"wp-block-list\">\n<li><strong>Tiefe und Geschwindigkeit der Analyse:<\/strong> Traditionelle Marktforschung basiert h\u00e4ufig auf Umfragen, Fokusgruppen und historischen Datenanalysen, die zeitaufw\u00e4ndig sein k\u00f6nnen und die Marktdynamik m\u00f6glicherweise nicht immer in Echtzeit erfassen. Im Gegensatz dazu verwendet die KI-Wettbewerbsanalyseberatung fortschrittliche Algorithmen, die gro\u00dfe Datenmengen schnell verarbeiten und tiefere und aktuellere Erkenntnisse liefern k\u00f6nnen.<\/li>\n\n\n\n<li><strong>Umfang der Datenanalyse:<\/strong> AI consulting is capable of analyzing a broader range of data sources, including unstructured data like social media comments, news articles, and industry reports. <\/li>\n\n\n\n<li><strong>Anpassung und Spezifit\u00e4t:<\/strong> Die Beratung zu KI-Wettbewerbsanalysen bietet ein hohes Ma\u00df an Anpassung. KI-Tools k\u00f6nnen so angepasst werden, dass sie bestimmte Aspekte des Marktes oder der Wettbewerber analysieren und Erkenntnisse liefern, die f\u00fcr die strategischen Fragen des Unternehmens direkt relevant sind.<\/li>\n\n\n\n<li><strong>Echtzeit\u00fcberwachung und kontinuierliches Lernen:<\/strong> AI systems can continuously monitor market and competitive dynamics, offering real-time insights. <\/li>\n\n\n\n<li><strong>Integration in Gesch\u00e4ftsabl\u00e4ufe:<\/strong> AI competitive <a title=\"Competitive Intelligence-Training und Strategie\" data-wpil-monitor-id=\"6721\" href=\"https:\/\/www.sisinternational.com\/de\/solutions\/strategy-consulting\/competitive-intelligence-training-and-strategy\/\">intelligence consulting<\/a> is often more deeply integrated into business operations and strategy development. The insights gained are directly applicable to strategic planning, business development, and operational improvements.<\/li>\n<\/ul>\n\n\n\n<h2 class=\"wp-block-heading\">Was Sie von der Competitive Intelligence-Beratung im Bereich k\u00fcnstliche Intelligenz erwarten k\u00f6nnen<\/h2>\n\n\n\n<p>Unternehmen, die sich auf die Beratung zu k\u00fcnstlicher Intelligenz im Bereich Competitive Intelligence einlassen, k\u00f6nnen mit transformativen Auswirkungen auf ihre strategische Planung und Marktpositionierung rechnen. Dieser fortschrittliche Ansatz zur Marktanalyse verleiht der Competitive Intelligence ein neues Ma\u00df an Tiefe und Pr\u00e4zision.<\/p>\n\n\n\n<ul class=\"wp-block-list\">\n<li><strong>Umfassende Markt- und Wettbewerbsanalyse:<\/strong> AI consulting offers a thorough analysis of market conditions and competitor activities. Businesses can expect detailed insights into competitors\u2019 strategies, strengths, weaknesses, and potential moves. <\/li>\n\n\n\n<li><strong>Echtzeit-Informationen und -\u00dcberwachung:<\/strong> Unternehmen k\u00f6nnen Echtzeitinformationen und eine kontinuierliche \u00dcberwachung des Marktes und der Wettbewerber erwarten. KI-Systeme k\u00f6nnen fortlaufende Updates und Warnungen zu wichtigen Marktereignissen oder Aktivit\u00e4ten der Wettbewerber bereitstellen und so schnelle strategische Anpassungen erm\u00f6glichen.<\/li>\n\n\n\n<li><strong>Verbesserte Betriebseffizienz:<\/strong> Die durch KI-Analysen gewonnenen Erkenntnisse k\u00f6nnen auch zur Verbesserung der Betriebseffizienz genutzt werden, etwa durch die Optimierung der Lieferketten, die Verbesserung der Produktentwicklungsprozesse und eine effektivere Ausrichtung der Marketingbem\u00fchungen.<\/li>\n<\/ul>\n\n\n\n<h2 class=\"wp-block-heading\">Perspektiven der k\u00fcnstlichen Intelligenz Competitive Intelligence Consulting<\/h2>\n\n\n\n<p>The prospects of <a title=\"Wirtschaftswachstum &amp; Handel K\u00fcnstliche Intelligenz Beratung\" href=\"https:\/\/www.sisinternational.com\/de\/solutions\/ai-market-research-and-strategy-consulting\/economic-growth-trade-artificial-intelligence-consulting\/\" data-wpil-monitor-id=\"1141\">Artificial Intelligence in the field of competitive<\/a> Intelligence consulting are highly promising and are expected to redefine the landscape of market analysis, business strategy, and competitive dynamics.<\/p>\n\n\n\n<ul class=\"wp-block-list\">\n<li><strong>Wettbewerbs\u00fcberwachung in Echtzeit:<\/strong> AI enables real-time monitoring of competitors. It can track changes in competitors\u2019 strategies, product launches, pricing adjustments, and marketing campaigns, providing businesses with up-to-the-minute intelligence. <\/li>\n\n\n\n<li><strong>Verbesserte Entscheidungsfindung:<\/strong> By providing comprehensive and accurate competitive intelligence, AI enables better-informed decision-making at all levels of an organization. <\/li>\n\n\n\n<li><strong>Integration mit menschlicher Expertise:<\/strong> Die effektivsten KI-gesteuerten CI-Systeme integrieren KI erfolgreich mit menschlichem Fachwissen. Menschliche Analysten liefern Kontext, Verst\u00e4ndnis f\u00fcr nuancierte Branchendynamiken und ethische Urteile, die KI allein nicht liefern kann.<\/li>\n<\/ul>\n\n\n\n<h2 class=\"wp-block-heading\">SIS Solutions: K\u00fcnstliche Intelligenz Competitive Intelligence<\/h2>\n\n\n\n<h4 class=\"wp-block-heading\">SIS verwendet einen umfassenden, integrierten Ansatz in der k\u00fcnstlichen Intelligenz Competitive Intelligence<\/h4>\n\n\n\n<p>Wir bieten Einblicke und Strategien, um sich im Wettbewerbsumfeld der KI zurechtzufinden, wobei wir uns auf Markttrends, Wettbewerbsstrategien und Innovationsm\u00f6glichkeiten konzentrieren. Unser Ansatz verwandelt Informationen in umsetzbare Erkenntnisse und ber\u00fccksichtigt KI-Wettbewerbsinformationen mit einer umfassenden Marktansicht. Unsere ma\u00dfgeschneiderten L\u00f6sungen sind darauf ausgelegt, einen strategischen Vorteil zu verschaffen.<\/p>\n\n\n\n<ul class=\"wp-block-list\">\n<li>Marktanalyse und Prognose<\/li>\n\n\n\n<li>Wettbewerbsanalyse<\/li>\n\n\n\n<li>Innovationsscouting<\/li>\n\n\n\n<li>Strategische Planung<\/li>\n\n\n\n<li>Risikobewertung<\/li>\n\n\n\n<li>Identifizierung von Chancen<\/li>\n\n\n\n<li>Implementierungsunterst\u00fctzung<\/li>\n<\/ul>\n\n\n\n<h3 class=\"wp-block-heading\"><span style=\"font-weight: 400;\">Machen Sie SIS International Research in dieser Zeit unglaublicher M\u00f6glichkeiten zu Ihrer Br\u00fccke zu besseren Gesch\u00e4ften.<\/span><\/h3>\n\n\n\n<h2 class=\"wp-block-heading\">&nbsp;<\/h2>","protected":false},"excerpt":{"rendered":"<p>Durch die Wettbewerbsanalyseberatung im Bereich k\u00fcnstliche Intelligenz erhalten Unternehmen Erkenntnisse, Analysen und Weitsicht, die sie brauchen, um in ihrer Branche f\u00fchrend zu sein.<\/p>","protected":false},"author":1,"featured_media":69513,"parent":44406,"menu_order":27,"comment_status":"closed","ping_status":"closed","template":"","meta":{"footnotes":""},"class_list":["post-44779","page","type-page","status-publish","has-post-thumbnail"],"_links":{"self":[{"href":"https:\/\/www.sisinternational.com\/de\/wp-json\/wp\/v2\/pages\/44779","targetHints":{"allow":["GET"]}}],"collection":[{"href":"https:\/\/www.sisinternational.com\/de\/wp-json\/wp\/v2\/pages"}],"about":[{"href":"https:\/\/www.sisinternational.com\/de\/wp-json\/wp\/v2\/types\/page"}],"author":[{"embeddable":true,"href":"https:\/\/www.sisinternational.com\/de\/wp-json\/wp\/v2\/users\/1"}],"replies":[{"embeddable":true,"href":"https:\/\/www.sisinternational.com\/de\/wp-json\/wp\/v2\/comments?post=44779"}],"version-history":[{"count":9,"href":"https:\/\/www.sisinternational.com\/de\/wp-json\/wp\/v2\/pages\/44779\/revisions"}],"predecessor-version":[{"id":83036,"href":"https:\/\/www.sisinternational.com\/de\/wp-json\/wp\/v2\/pages\/44779\/revisions\/83036"}],"up":[{"embeddable":true,"href":"https:\/\/www.sisinternational.com\/de\/wp-json\/wp\/v2\/pages\/44406"}],"wp:featuredmedia":[{"embeddable":true,"href":"https:\/\/www.sisinternational.com\/de\/wp-json\/wp\/v2\/media\/69513"}],"wp:attachment":[{"href":"https:\/\/www.sisinternational.com\/de\/wp-json\/wp\/v2\/media?parent=44779"}],"curies":[{"name":"wp","href":"https:\/\/api.w.org\/{rel}","templated":true}]}}