{"id":44771,"date":"2024-01-07T11:49:54","date_gmt":"2024-01-07T16:49:54","guid":{"rendered":"https:\/\/www.sisinternational.com\/?page_id=44771"},"modified":"2026-02-18T13:14:13","modified_gmt":"2026-02-18T18:14:13","slug":"getrankeautomatisierung-kunstliche-intelligenz-beratung","status":"publish","type":"page","link":"https:\/\/www.sisinternational.com\/de\/losungen\/ai-marktforschung-und-strategieberatung\/getrankeautomatisierung-kunstliche-intelligenz-beratung\/","title":{"rendered":"Beratung zu Getr\u00e4nkeautomatisierung und k\u00fcnstlicher Intelligenz"},"content":{"rendered":"<h1 class=\"wp-block-heading\">Beratung zu Getr\u00e4nkeautomatisierung und k\u00fcnstlicher Intelligenz<\/h1>\n\n\n\n<figure class=\"gb-block-image gb-block-image-7efdea84\"><img loading=\"lazy\" decoding=\"async\" width=\"1456\" height=\"816\" class=\"gb-image gb-image-7efdea84\" src=\"https:\/\/www.sisinternational.com\/wp-content\/uploads\/2025\/08\/Beverages-4.jpg\" alt=\"SIS International Marktforschung &amp; Strategie\" title=\"Beverages (4)\" srcset=\"https:\/\/www.sisinternational.com\/wp-content\/uploads\/2025\/08\/Beverages-4.jpg 1456w, https:\/\/www.sisinternational.com\/wp-content\/uploads\/2025\/08\/Beverages-4-300x168.jpg 300w, https:\/\/www.sisinternational.com\/wp-content\/uploads\/2025\/08\/Beverages-4-1024x574.jpg 1024w, https:\/\/www.sisinternational.com\/wp-content\/uploads\/2025\/08\/Beverages-4-768x430.jpg 768w, https:\/\/www.sisinternational.com\/wp-content\/uploads\/2025\/08\/Beverages-4-18x10.jpg 18w\" sizes=\"auto, (max-width: 1456px) 100vw, 1456px\"><\/figure>\n\n\n\n<p><\/p>\n\n\n\n<p>Der aufstrebende Bereich der Getr\u00e4nkeautomatisierung und der Beratung zu k\u00fcnstlicher Intelligenz ist ein durchschlagender Beweis f\u00fcr dieses transformative Zeitalter. Die Integration von KI in die Getr\u00e4nkeautomatisierung ist ein Paradigmenwechsel, der neue Horizonte in puncto Effizienz, Anpassung und Nachhaltigkeit er\u00f6ffnet.<\/p>\n\n\n\n<h2 class=\"wp-block-heading\">Die aufkommende Getr\u00e4nkeautomatisierungs- und k\u00fcnstliche Intelligenzberatung<\/h2>\n\n\n\n<p>Bei der Beratung zur Getr\u00e4nkeautomatisierung und k\u00fcnstlichen Intelligenz geht es darum, KI strategisch zu nutzen, um jeden Aspekt der Getr\u00e4nkeproduktion, -verteilung und -vermarktung zu transformieren und zu verbessern.<\/p>\n\n\n\n<p>Consultants in this field possess a deep understanding of both the <a title=\"Marktforschung f\u00fcr Lebensmittel- und Getr\u00e4nketechnologie | Food Tech\" data-wpil-monitor-id=\"10517\" href=\"https:\/\/www.sisinternational.com\/de\/sachverstand\/branchen\/lebensmittel-und-getranketechnologie-marktforschung-lebensmitteltechnologie\/\">beverage sector and AI technologies<\/a>. They work closely with beverage companies to identify areas where AI can bring the most significant benefits, such as production optimization, quality control, supply chain management, and consumer engagement. Consultants guide companies through this integration, ensuring that AI solutions are compatible with existing infrastructure and workflows. <\/p>\n\n\n\n<h2 class=\"wp-block-heading\">Warum ist die Beratung zur k\u00fcnstlichen Intelligenz ein entscheidendes Instrument bei der Getr\u00e4nkeautomatisierung?<\/h2>\n\n\n\n<p>Beverage automation and <a title=\"Beratung zu k\u00fcnstlicher Intelligenz in der Lebensmittel- und Getr\u00e4nkeindustrie\" data-wpil-monitor-id=\"2006\" href=\"https:\/\/www.sisinternational.com\/de\/losungen\/ai-marktforschung-und-strategieberatung\/beratung-zu-kunstlicher-intelligenz-im-lebensmittel-und-getrankebereich\/\">artificial intelligence consulting<\/a> help beverage companies achieve unparalleled efficiency in their production processes. AI algorithms can optimize operations, reduce waste, and ensure product consistency. <\/p>\n\n\n\n<p>This consulting also enables companies to analyze vast amounts of consumer data, providing insights into current and emerging trends. Moreover, beverage automation and <a title=\"Automatisierung und KI-Beratung im Bergbau und in der nat\u00fcrlichen Ressourcen\" href=\"https:\/\/www.sisinternational.com\/de\/losungen\/ai-marktforschung-und-strategieberatung\/bergbau-naturliche-ressourcen-automatisierung-kunstliche-intelligenz-beratung\/\" data-wpil-monitor-id=\"5500\">artificial intelligence consulting<\/a> aid in developing strategies for more sustainable practices such as optimizing resource use and reducing waste.<\/p>\n\n\n\n<h3 class=\"wp-block-heading\">Schl\u00fcsselfaktoren f\u00fcr den Erfolg<\/h3>\n\n\n\n<p>The successful integration of <a title=\"Beratung zu industrieller Automatisierung und k\u00fcnstlicher Intelligenz\" href=\"https:\/\/www.sisinternational.com\/de\/losungen\/ai-marktforschung-und-strategieberatung\/industrielle-automatisierung-kunstliche-intelligenz-beratung\/\" data-wpil-monitor-id=\"10515\">artificial intelligence in beverage automation<\/a> hinges on several key factors. Let\u2019s explore the essential success factors in beverage automation and artificial intelligence consulting.<\/p>\n\n\n\n<ul class=\"wp-block-list\">\n<li><strong>Qualit\u00e4t und Integration der Daten:<\/strong> Eine effektive KI-Implementierung h\u00e4ngt in hohem Ma\u00dfe von der Qualit\u00e4t und Integration der Daten ab. Eine umfassende, genaue und zeitnahe Datenerfassung aus verschiedenen Quellen \u2013 einschlie\u00dflich Produktionslinien, Lieferkettenlogistik und Verbraucherfeedback \u2013 ist von entscheidender Bedeutung.<\/li>\n\n\n\n<li><strong>Fachwissen im Bereich KI und Kenntnisse der Getr\u00e4nkeindustrie:<\/strong> Ein Team mit Fachwissen sowohl in KI als auch in der Getr\u00e4nkeindustrie ist unerl\u00e4sslich. Diese Mischung aus technischem und branchenspezifischem Wissen stellt sicher, dass KI-L\u00f6sungen sowohl technisch fundiert als auch auf die einzigartigen Herausforderungen und Chancen der Getr\u00e4nkebranche zugeschnitten sind.<\/li>\n\n\n\n<li><strong>Kontinuierliche \u00dcberwachung und Verbesserung:<\/strong> KI-Systeme m\u00fcssen kontinuierlich \u00fcberwacht und verbessert werden, um wirksam zu bleiben. Regelm\u00e4\u00dfige Bewertungen und Aktualisierungen stellen sicher, dass KI-L\u00f6sungen weiterhin den sich entwickelnden Anforderungen der Getr\u00e4nkeindustrie und dem technologischen Fortschritt gerecht werden.<\/li>\n<\/ul>\n\n\n\n<h2 class=\"wp-block-heading\">Die konkreten Auswirkungen der Getr\u00e4nkeautomatisierung und der Beratung zu k\u00fcnstlicher Intelligenz<\/h2>\n\n\n\n<p>Engaging in beverage automation and artificial intelligence consulting opens up a world of possibilities for beverage companies. Here\u2019s what beverage companies can expect when they embark on this journey.<\/p>\n\n\n\n<ul class=\"wp-block-list\">\n<li><strong>Erweiterte Qualit\u00e4tskontrolle:<\/strong> Beverage automation and artificial intelligence consulting can introduce advanced quality control mechanisms. Using AI algorithms, companies can monitor production in real-time, ensuring that every product meets stringent quality standards. <\/li>\n\n\n\n<li><strong>Datengesteuerte Markteinblicke:<\/strong> Beverage companies can expect to gain deep <a title=\"Global Beverage Market: Market Dynamics, Growth Projections &amp; Consumer Insights\" data-wpil-monitor-id=\"10513\" href=\"https:\/\/www.sisinternational.com\/de\/global-beverage-market\/\">insights into market trends and consumer<\/a> preferences through data analysis. Beverage automation and artificial intelligence consulting can help companies process vast amounts of market data, identifying emerging trends and enabling companies to adapt their <a title=\"FinTech Trends\" data-wpil-monitor-id=\"10507\" href=\"https:\/\/www.sisinternational.com\/de\/fintech-trends-2025\/\">strategies<\/a> to changing consumer tastes and demands.<\/li>\n\n\n\n<li><strong>Personalisierung und Kundenbindung:<\/strong> AI enables a higher degree of product personalization and consumer engagement. <\/li>\n<\/ul>\n\n\n\n<h2 class=\"wp-block-heading\">Aktuelle Trends in der Getr\u00e4nkeautomatisierung und der Beratung zu k\u00fcnstlicher Intelligenz<\/h2>\n\n\n\n<p>Der Bereich der Getr\u00e4nkeautomatisierung und der Beratung zu k\u00fcnstlicher Intelligenz entwickelt sich st\u00e4ndig weiter. Daher ist es f\u00fcr Unternehmen, die KI effektiv in ihren Betrieben einsetzen m\u00f6chten, von entscheidender Bedeutung, \u00fcber diese Trends auf dem Laufenden zu bleiben.<\/p>\n\n\n\n<ul class=\"wp-block-list\">\n<li><strong>Verst\u00e4rkter Fokus auf das Kundenerlebnis:<\/strong> Die Verbesserung des Kundenerlebnisses durch KI r\u00fcckt zunehmend in den Fokus. Dazu geh\u00f6ren personalisierte Produktempfehlungen, KI-gesteuerte Marketingstrategien und interaktive Plattformen zur Kundenbindung. Unternehmen nutzen KI, um st\u00e4rkere Verbindungen zu ihren Kunden aufzubauen und ihre Angebote an individuelle Vorlieben anzupassen.<\/li>\n\n\n\n<li><strong>Integration von IoT in die Getr\u00e4nkeproduktion:<\/strong> Das Internet der Dinge (IoT) wird zunehmend in die Getr\u00e4nkeproduktionsprozesse integriert. Sensoren und vernetzte Ger\u00e4te werden eingesetzt, um Produktionslinien zu \u00fcberwachen, Lagerbest\u00e4nde zu verwalten und optimale Betriebsbedingungen sicherzustellen.<\/li>\n\n\n\n<li><strong>Schwerpunkt Nachhaltigkeit:<\/strong> Nachhaltigkeit ist ein wichtiger Trend in der Getr\u00e4nkeautomatisierung. KI wird eingesetzt, um nachhaltigere Produktionspraktiken zu entwickeln, beispielsweise die Wassernutzung zu optimieren, den Energieverbrauch zu senken und Abfall zu minimieren.<\/li>\n\n\n\n<li><strong>Fortschritte in der Qualit\u00e4tskontrolltechnologie:<\/strong> Advancements in AI technologies are enabling more sophisticated quality control methods. Machine learning algorithms are used for detecting anomalies in products and ensuring consistent quality. <\/li>\n<\/ul>\n\n\n\n<h2 class=\"wp-block-heading\">Technologien und KI-Tools in der Getr\u00e4nkeautomatisierung<\/h2>\n\n\n\n<p>Innovationen ver\u00e4ndern die Getr\u00e4nkeindustrie und verbessern Effizienz, Qualit\u00e4t und Verbraucherbindung \u2013 und dies sind einige der wichtigsten Technologien, die bei der Getr\u00e4nkeautomatisierung eine transformative Rolle spielen.<\/p>\n\n\n\n<ul class=\"wp-block-list\">\n<li><strong>Robotik und automatisierte Systeme:<\/strong> Roboter spielen eine wichtige Rolle bei der Automatisierung sich wiederholender Aufgaben in der Getr\u00e4nkeproduktion, wie Abf\u00fcllen, Verpacken und Palettieren. Automatisierte Systeme erh\u00f6hen die Produktionsgeschwindigkeit, verbessern die Genauigkeit und verringern das Potenzial menschlicher Fehler, was zu h\u00f6herer Effizienz und niedrigeren Kosten f\u00fchrt.<\/li>\n\n\n\n<li><strong>Computer Vision zur Qualit\u00e4tskontrolle:<\/strong> Computer-Vision-Systeme werden zur Qualit\u00e4tskontrolle bei der Getr\u00e4nkeproduktion eingesetzt. Diese Systeme k\u00f6nnen Produkte auf M\u00e4ngel pr\u00fcfen, die Integrit\u00e4t der Verpackung sicherstellen und sogar Produktionslinien auf Sicherheitskonformit\u00e4t \u00fcberwachen, um sicherzustellen, dass jedes Produkt die erforderlichen Standards erf\u00fcllt.<\/li>\n\n\n\n<li><strong>K\u00fcnstliche Neuronale Netze (KNN):<\/strong> ANNs werden f\u00fcr komplexere Entscheidungsprozesse wie Geschmacksprofilierung und Produktentwicklung verwendet. Sie k\u00f6nnen komplexe Muster in Daten analysieren, um neue Getr\u00e4nkerezepturen zu entwickeln, die den aktuellen Markttrends und Verbraucherpr\u00e4ferenzen entsprechen.<\/li>\n<\/ul>\n\n\n\n<h2 class=\"wp-block-heading\">Chancen und Herausforderungen in der Getr\u00e4nkeautomatisierung und der Beratung zur k\u00fcnstlichen Intelligenz<\/h2>\n\n\n\n<p>Die Integration von KI in die Getr\u00e4nkeautomatisierung bietet viele Chancen, ist aber auch mit gewissen Herausforderungen verbunden. Lassen Sie uns die wichtigsten Chancen und Herausforderungen in diesem Bereich n\u00e4her betrachten.<\/p>\n\n\n\n<h3 class=\"wp-block-heading\">Gelegenheiten<\/h3>\n\n\n\n<ul class=\"wp-block-list\">\n<li><strong>Innovative Produktentwicklung:<\/strong> KI \u00f6ffnet T\u00fcren zur innovativen Produktentwicklung und erm\u00f6glicht es Unternehmen, auf der Grundlage datengesteuerter Verbrauchereinblicke mit neuen Geschmacksrichtungen und Rezepturen zu experimentieren. Dies kann zur Entwicklung einzigartiger Produkte f\u00fchren, die sich entwickelnden Markttrends gerecht werden.<\/li>\n\n\n\n<li><strong>Erweiterte Qualit\u00e4tskontrolle:<\/strong> Die Implementierung von KI in der Qualit\u00e4tskontrolle bietet die M\u00f6glichkeit, gleichbleibend hohe Produktstandards einzuhalten. Echtzeit\u00fcberwachung und vorausschauende Wartung stellen sicher, dass die Produkte die Qualit\u00e4tsstandards erf\u00fcllen, und st\u00e4rken so den Ruf der Marke.<\/li>\n\n\n\n<li><strong>Verbessertes Supply Chain Management:<\/strong> KI erm\u00f6glicht ein intelligenteres Supply Chain Management durch Nachfragevorhersage, Lagerbestandsoptimierung und Rationalisierung der Logistik. Dies f\u00fchrt zu Kosteneinsparungen und einer reaktionsf\u00e4higeren Lieferkette.<\/li>\n<\/ul>\n\n\n\n<h3 class=\"wp-block-heading\">Herausforderungen<\/h3>\n\n\n\n<ul class=\"wp-block-list\">\n<li><strong>Hohe Anfangsinvestition:<\/strong> Die Implementierung von KI in der Getr\u00e4nkeautomatisierung erfordert h\u00e4ufig erhebliche Anfangsinvestitionen in Technologie und Infrastruktur, was f\u00fcr einige Unternehmen, insbesondere kleinere, ein Hindernis darstellen kann.<\/li>\n\n\n\n<li><strong>Qualifikationsl\u00fccke und Schulungsbedarf:<\/strong> Es besteht h\u00e4ufig eine Qualifikationsl\u00fccke im Verst\u00e4ndnis und in der Bedienung von KI-Technologien. Um diese Systeme effektiv verwalten und nutzen zu k\u00f6nnen, sind kontinuierliche Schulungen und Weiterbildungen der Mitarbeiter erforderlich.<\/li>\n\n\n\n<li><strong>Einhaltung gesetzlicher Vorschriften:<\/strong> Das Navigieren im komplexen regulatorischen Umfeld \u2013 insbesondere in einer Branche wie der Getr\u00e4nkeindustrie, die oft strengen Vorschriften unterliegt \u2013 f\u00fcgt der KI-Integration eine weitere Komplexit\u00e4tsebene hinzu.<\/li>\n<\/ul>\n\n\n\n<h2 class=\"wp-block-heading\">SIS Solutions: Beratung zu Getr\u00e4nkeautomatisierung und k\u00fcnstlicher Intelligenz<\/h2>\n\n\n\n<p>Wir bieten innovative L\u00f6sungen f\u00fcr die Getr\u00e4nkeproduktion, den Vertrieb und das Marketing durch den strategischen Einsatz von KI und verbessern so Effizienz, Anpassung und Nachhaltigkeit. Unsere Experten unterst\u00fctzen Unternehmen bei der Integration von KI in vorhandene Infrastrukturen und bieten Vorteile bei der Produktionsoptimierung, der Qualit\u00e4tskontrolle, dem Lieferkettenmanagement und der Kundenbindung.<\/p>\n\n\n\n<ul class=\"wp-block-list\">\n<li>Datenqualit\u00e4t und -integration<\/li>\n\n\n\n<li>Branchen- und KI-Expertise<\/li>\n\n\n\n<li>Kontinuierliche \u00dcberwachung<\/li>\n\n\n\n<li>Erweiterte Qualit\u00e4tskontrolle<\/li>\n\n\n\n<li>Datengest\u00fctzte Erkenntnisse<\/li>\n\n\n\n<li>Verbraucherpersonalisierung<\/li>\n\n\n\n<li>Nachhaltige Praktiken<\/li>\n<\/ul>\n\n\n\n<h2 class=\"wp-block-heading\">\u00dcber SIS International<\/h2>\n\n\n\n<p><a title=\"SIS stellt Plattform f\u00fcr Data Science und quantitative Analytik vor\" href=\"https:\/\/www.sisinternational.com\/de\/sis-stellt-plattform-fur-datenwissenschaft-und-quantitative-analyse-vor\/\" data-wpil-monitor-id=\"10508\">SIS International offers Quantitative<\/a>, Qualitative, and Strategy Research. We provide data, tools, strategies, reports and insights for decision-making. We conduct interviews, surveys, <a title=\"Fokusgruppe Marktforschung\" href=\"https:\/\/www.sisinternational.com\/de\/losungen\/fokusgruppen-marktforschung\/\" data-wpil-monitor-id=\"10510\">focus groups and many other Market Research<\/a> methods and approaches. Contact us for your <a title=\"Marktforschung zu Technologien der n\u00e4chsten Generation\" href=\"https:\/\/www.sisinternational.com\/de\/sachverstand\/branchen\/marktforschung-zu-technologien-der-nachsten-generation\/\" data-wpil-monitor-id=\"10512\">next Market Research<\/a> Projekt.<\/p>","protected":false},"excerpt":{"rendered":"<p>Bei der Beratung zur Getr\u00e4nkeautomatisierung und k\u00fcnstlichen Intelligenz geht es darum, KI strategisch zu nutzen, um jeden Aspekt der Getr\u00e4nkeproduktion zu ver\u00e4ndern.<\/p>","protected":false},"author":1,"featured_media":62624,"parent":44406,"menu_order":26,"comment_status":"closed","ping_status":"closed","template":"","meta":{"footnotes":""},"class_list":["post-44771","page","type-page","status-publish","has-post-thumbnail"],"_links":{"self":[{"href":"https:\/\/www.sisinternational.com\/de\/wp-json\/wp\/v2\/pages\/44771","targetHints":{"allow":["GET"]}}],"collection":[{"href":"https:\/\/www.sisinternational.com\/de\/wp-json\/wp\/v2\/pages"}],"about":[{"href":"https:\/\/www.sisinternational.com\/de\/wp-json\/wp\/v2\/types\/page"}],"author":[{"embeddable":true,"href":"https:\/\/www.sisinternational.com\/de\/wp-json\/wp\/v2\/users\/1"}],"replies":[{"embeddable":true,"href":"https:\/\/www.sisinternational.com\/de\/wp-json\/wp\/v2\/comments?post=44771"}],"version-history":[{"count":7,"href":"https:\/\/www.sisinternational.com\/de\/wp-json\/wp\/v2\/pages\/44771\/revisions"}],"predecessor-version":[{"id":83014,"href":"https:\/\/www.sisinternational.com\/de\/wp-json\/wp\/v2\/pages\/44771\/revisions\/83014"}],"up":[{"embeddable":true,"href":"https:\/\/www.sisinternational.com\/de\/wp-json\/wp\/v2\/pages\/44406"}],"wp:featuredmedia":[{"embeddable":true,"href":"https:\/\/www.sisinternational.com\/de\/wp-json\/wp\/v2\/media\/62624"}],"wp:attachment":[{"href":"https:\/\/www.sisinternational.com\/de\/wp-json\/wp\/v2\/media?parent=44771"}],"curies":[{"name":"wp","href":"https:\/\/api.w.org\/{rel}","templated":true}]}}