{"id":44709,"date":"2024-01-06T16:32:10","date_gmt":"2024-01-06T21:32:10","guid":{"rendered":"https:\/\/www.sisinternational.com\/?page_id=44709"},"modified":"2026-02-18T13:40:41","modified_gmt":"2026-02-18T18:40:41","slug":"biotechnologie-automatisierung-kunstliche-intelligenz-beratung","status":"publish","type":"page","link":"https:\/\/www.sisinternational.com\/de\/losungen\/ai-marktforschung-und-strategieberatung\/biotechnologie-automatisierung-kunstliche-intelligenz-beratung\/","title":{"rendered":"Beratung zu Automatisierung der Biotechnologie und k\u00fcnstlicher Intelligenz"},"content":{"rendered":"<h1 class=\"wp-block-heading\">Beratung zu Automatisierung der Biotechnologie und k\u00fcnstlicher Intelligenz<\/h1>\n\n\n\n<figure class=\"gb-block-image gb-block-image-e4557a76\"><img loading=\"lazy\" decoding=\"async\" width=\"1456\" height=\"816\" class=\"gb-image gb-image-e4557a76\" src=\"https:\/\/www.sisinternational.com\/wp-content\/uploads\/2025\/08\/Biofurl-2.jpg\" alt=\"SIS International Marktforschung &amp; Strategie\" title=\"Biofurl (2)\" srcset=\"https:\/\/www.sisinternational.com\/wp-content\/uploads\/2025\/08\/Biofurl-2.jpg 1456w, https:\/\/www.sisinternational.com\/wp-content\/uploads\/2025\/08\/Biofurl-2-300x168.jpg 300w, https:\/\/www.sisinternational.com\/wp-content\/uploads\/2025\/08\/Biofurl-2-1024x574.jpg 1024w, https:\/\/www.sisinternational.com\/wp-content\/uploads\/2025\/08\/Biofurl-2-768x430.jpg 768w, https:\/\/www.sisinternational.com\/wp-content\/uploads\/2025\/08\/Biofurl-2-18x10.jpg 18w\" sizes=\"auto, (max-width: 1456px) 100vw, 1456px\"><\/figure>\n\n\n\n<p><\/p>\n\n\n\n<p>W\u00e4hrend der Biotechnologiesektor die Grenzen wissenschaftlicher Entdeckungen und Innovationen immer weiter ausdehnt, erweist sich die Integration k\u00fcnstlicher Intelligenz und Automatisierung als entscheidende Kraft. Sie definiert neu, was in der Biotechnologie m\u00f6glich ist, und l\u00e4utet ein Zeitalter ein, in dem biologische Forschung und Produktion effizienter, pr\u00e4ziser und innovativer sind als je zuvor.<\/p>\n\n\n\n<h2 class=\"wp-block-heading\">Biotechnologie-Automatisierung und Beratung zu k\u00fcnstlicher Intelligenz verstehen<\/h2>\n\n\n\n<p>Die Beratung zu Biotechnologie-Automatisierung und k\u00fcnstlicher Intelligenz konzentriert sich darauf, die Leistungsf\u00e4higkeit von KI zu nutzen, um Fortschritte in der Biotechnologie voranzutreiben. Das Angebot reicht von der Arzneimittelentdeckung und genetischen Forschung bis hin zur Optimierung von Laborprozessen und Lieferkettenmanagement.<\/p>\n\n\n\n<p>The role of biotechnology automation and artificial intelligence consulting is to translate complex biological data into actionable insights. It uses AI to sift through vast datasets, identifying patterns and correlations that might not be apparent through traditional analysis methods. <\/p>\n\n\n\n<h2 class=\"wp-block-heading\">Warum ben\u00f6tigen Unternehmen in der Biotechnologie-Automatisierungsbranche Beratung zur k\u00fcnstlichen Intelligenz?<\/h2>\n\n\n\n<p>In der Biotechnologie ist Pr\u00e4zision das A und O \u2013 und selbst kleine Fehler k\u00f6nnen schwerwiegende Folgen haben. Beratung zu Automatisierung in der Biotechnologie und k\u00fcnstlicher Intelligenz kann Unternehmen dabei helfen, KI-L\u00f6sungen zu implementieren und Daten mit einer Genauigkeit zu analysieren, die die menschlichen F\u00e4higkeiten bei weitem \u00fcbertrifft. So wird die Fehlerwahrscheinlichkeit verringert und die Effizienz von Forschungsprozessen gesteigert.<\/p>\n\n\n\n<p>Beyond research, biotechnology companies must manage complex operations \u2013 and AI consulting provides solutions to optimize these operations, resulting in cost savings and improved productivity. BioTechnology automation and artificial intelligence consulting can also assist in navigating the complex regulatory landscape of the biotechnology industry, ensuring compliance with various international standards and regulations, which is crucial for <a title=\"Marktforschung zur Lebensmittel- und Getr\u00e4nkesicherheit\" href=\"https:\/\/www.sisinternational.com\/de\/sachverstand\/branchen\/marktforschung-zur-lebensmittelsicherheit\/\" data-wpil-monitor-id=\"8285\">market access and consumer safety<\/a>.<\/p>\n\n\n\n<h3 class=\"wp-block-heading\">Schl\u00fcsselfaktoren f\u00fcr den Erfolg<\/h3>\n\n\n\n<p>For BioTechnology automation and artificial intelligence consulting to be successful, several key factors must be diligently addressed. Here are some of the <a title=\"Erfolgsfaktoren in der Automobilmarktforschung\" href=\"https:\/\/www.sisinternational.com\/de\/schlusselfaktoren-fur-den-erfolg-in-der-automobilmarktforschung\/\" data-wpil-monitor-id=\"8282\">key success factors<\/a> to consider:<\/p>\n\n\n\n<ul class=\"wp-block-list\">\n<li><strong>Qualit\u00e4t und Integrit\u00e4t der Daten:<\/strong> Der Erfolg in der KI-gest\u00fctzten Biotechnologie h\u00e4ngt in hohem Ma\u00dfe von der Qualit\u00e4t und Integrit\u00e4t der verwendeten Daten ab. Genaue, gut kuratierte und umfassende Datens\u00e4tze sind f\u00fcr eine effektive KI-Analyse und -Anwendung von grundlegender Bedeutung.<\/li>\n\n\n\n<li><strong>Effektive Zusammenarbeit und Kommunikation:<\/strong> Die Zusammenarbeit zwischen Biologen, KI-Experten, Datenwissenschaftlern und anderen Interessenvertretern ist von entscheidender Bedeutung. Eine effektive Kommunikation zwischen diesen unterschiedlichen Disziplinen gew\u00e4hrleistet einen ganzheitlichen Ansatz zur Probleml\u00f6sung und Innovation.<\/li>\n\n\n\n<li><strong>Ma\u00dfgeschneiderte KI-L\u00f6sungen:<\/strong> Given the unique challenges and needs of each biotechnology project, customizing AI solutions is vital. Tailored AI applications can significantly improve the relevance and effectiveness of <a title=\"Produktforschung\" data-wpil-monitor-id=\"8286\" href=\"https:\/\/www.sisinternational.com\/de\/sachverstand\/branchen\/produktforschung\/\">research or product<\/a> development.<\/li>\n\n\n\n<li><strong>Ethische \u00dcberlegungen und Einhaltung gesetzlicher Vorschriften:<\/strong> Die Einhaltung ethischer Standards und regulatorischer Anforderungen, insbesondere in Bereichen wie dem Umgang mit genetischen Daten und dem Schutz der Privatsph\u00e4re von Patienten, ist f\u00fcr die Glaubw\u00fcrdigkeit und Nachhaltigkeit von KI-Anwendungen in der Biotechnologie von entscheidender Bedeutung.<\/li>\n\n\n\n<li><strong>Skalierbare und sichere Technologie-Infrastruktur:<\/strong> Durch die Implementierung einer skalierbaren und sicheren Technologieinfrastruktur wird sichergestellt, dass KI-Systeme gro\u00dfe Datens\u00e4tze effizient und sicher verarbeiten k\u00f6nnen, was in der biotechnologischen Forschung und Entwicklung von entscheidender Bedeutung ist.<\/li>\n<\/ul>\n\n\n\n<h2 class=\"wp-block-heading\">Was Sie von der Beratung zu Biotechnologie-Automatisierung und k\u00fcnstlicher Intelligenz erwarten k\u00f6nnen<\/h2>\n\n\n\n<p>Die Zusammenarbeit mit der Automatisierung der Biotechnologie und der k\u00fcnstlichen Intelligenz bringt Unternehmen im Biotech-Sektor zahlreiche transformative Vorteile und strategische Fortschritte. Unternehmen, die sich auf diese Zusammenarbeit einlassen, k\u00f6nnen mit mehreren wirkungsvollen Ergebnissen rechnen, wie zum Beispiel:<\/p>\n\n\n\n<ul class=\"wp-block-list\">\n<li><strong>Erh\u00f6hte Effizienz und Produktivit\u00e4t:<\/strong> Automation of routine and complex tasks in biotechnology processes such as data collection and analysis, lab experiments, and record-keeping, leads to increased efficiency and productivity. <\/li>\n\n\n\n<li><strong>Datengesteuerte Erkenntnisse und Entscheidungsfindung:<\/strong> AI consulting provides the tools and expertise to analyze large sets of complex biotechnological data. <\/li>\n\n\n\n<li><strong>Optimierte Betriebsabl\u00e4ufe:<\/strong> \u00dcber Forschung und Entwicklung hinaus kann KI verschiedene Betriebsabl\u00e4ufe in Biotech-Unternehmen optimieren, etwa das Lieferkettenmanagement, die Compliance-\u00dcberwachung und die Qualit\u00e4tskontrolle.<\/li>\n\n\n\n<li><strong>Kontinuierliche Verbesserung und Anpassung:<\/strong> Beratungsdienste bieten fortlaufende Unterst\u00fctzung und Aktualisierungen und stellen sicher, dass sich Biotech-Unternehmen an neue Fortschritte anpassen und ihre Betriebsabl\u00e4ufe und Forschung kontinuierlich verbessern k\u00f6nnen.<\/li>\n<\/ul>\n\n\n\n<h2 class=\"wp-block-heading\">Technologien und Werkzeuge, die in der Biotechnologie-Automatisierung und der Beratung zur k\u00fcnstlichen Intelligenz eingesetzt werden<\/h2>\n\n\n\n<p>The realm of biotechnology automation relies on a diverse array of advanced technologies and tools. These software <a title=\"Smart Home Marktforschung\" href=\"https:\/\/www.sisinternational.com\/de\/smart-home-marktforschung\/\" data-wpil-monitor-id=\"8279\">solutions are integral to modern biotechnological research<\/a> and production, enabling higher efficiency, precision, and innovation. Here\u2019s a look at some of the key technologies and tools used in biotechnology automation:<\/p>\n\n\n\n<ul class=\"wp-block-list\">\n<li><strong>Plattformen f\u00fcr maschinelles Lernen:<\/strong> Diese werden zur Analyse komplexer biologischer Daten wie Genomsequenzen oder Proteinstrukturen verwendet. Algorithmen des maschinellen Lernens k\u00f6nnen Muster erkennen und Vorhersagen treffen, die f\u00fcr Menschen manuell unm\u00f6glich w\u00e4ren.<\/li>\n\n\n\n<li><strong>Laborautomatisierungssysteme:<\/strong> Automatisierte Laborger\u00e4te wie Liquid-Handling-Roboter, automatisierte Mikroskope und Hochdurchsatz-Screening-Systeme beschleunigen experimentelle Arbeitsabl\u00e4ufe erheblich, reduzieren manuelle Fehler und erh\u00f6hen die Reproduzierbarkeit.<\/li>\n\n\n\n<li><strong>Werkzeuge zur Genomanalyse:<\/strong> Werkzeuge zur Genomanalyse, darunter Next-Generation-Sequencing-Software (NGS) und Bioinformatik-Plattformen, sind in der modernen genetischen Forschung von entscheidender Bedeutung. Sie erm\u00f6glichen die schnelle Analyse und Interpretation genetischer Informationen.<\/li>\n\n\n\n<li><strong>KI-gest\u00fctzte Simulationsmodelle:<\/strong> Diese Modelle simulieren biologische Prozesse oder Arzneimittelwechselwirkungen und liefern wertvolle Erkenntnisse, ohne dass physikalische Experimente erforderlich sind. Dies spart nicht nur Zeit und Ressourcen, sondern erm\u00f6glicht auch die Untersuchung von Hypothesen, die in der Realit\u00e4t nur schwer zu testen w\u00e4ren.<\/li>\n\n\n\n<li><strong>Benutzerdefinierte KI-Algorithmen:<\/strong> F\u00fcr die besonderen Herausforderungen der Biotechnologie reichen handels\u00fcbliche KI-L\u00f6sungen oft nicht aus. F\u00fcr spezifische Anwendungen entwickelte Algorithmen k\u00f6nnen eine effektivere L\u00f6sung bieten.<\/li>\n<\/ul>\n\n\n\n<h2 class=\"wp-block-heading\">Chancen in der Biotechnologie-Automatisierung<\/h2>\n\n\n\n<p>Diese M\u00f6glichkeiten erweitern nicht nur die F\u00e4higkeiten von Biotech-Unternehmen, sondern er\u00f6ffnen auch neue Wege f\u00fcr Innovation und Fortschritt in der Branche. Hier sind einige der wichtigsten M\u00f6glichkeiten der Biotechnologie-Automatisierung:<\/p>\n\n\n\n<ul class=\"wp-block-list\">\n<li><strong>Personalisierte Medizin:<\/strong> With the aid of BioTechnology automation and artificial intelligence consulting, there&#8217;s a growing opportunity to develop personalized medical treatments. <\/li>\n\n\n\n<li><strong>Genetische und genomische Forschung:<\/strong> KI-gesteuerte Automatisierung er\u00f6ffnet enorme M\u00f6glichkeiten in der genetischen und genomischen Forschung. Sie erm\u00f6glicht eine eingehendere Analyse genetischer Daten und f\u00fchrt zu neuen Erkenntnissen in Bereichen wie Gentherapie, Behandlung genetischer Krankheiten und sogar Landwirtschaft.<\/li>\n\n\n\n<li><strong>Erweiterte Diagnosetools:<\/strong> Die Automatisierung der Biotechnologie und die Beratung zu k\u00fcnstlicher Intelligenz ebnen den Weg f\u00fcr die Entwicklung fortschrittlicher Diagnosewerkzeuge und -techniken. KI kann dabei helfen, komplexe medizinische Bilder zu interpretieren, Krankheiten fr\u00fcher zu erkennen und Gesundheitsrisiken genauer vorherzusagen.<\/li>\n\n\n\n<li><strong>Nachhaltige Produktionsprozesse:<\/strong> In biotech manufacturing, automation and AI can optimize production processes, making them more efficient and sustainable. <\/li>\n\n\n\n<li><strong>Globale Gesundheitsl\u00f6sungen:<\/strong> <a title=\"Automatisierung im Gesundheits- und Wellnessbereich sowie KI-Beratung\" data-wpil-monitor-id=\"5502\" href=\"https:\/\/www.sisinternational.com\/de\/losungen\/ai-marktforschung-und-strategieberatung\/beratung-zu-gesundheit-wellness-automatisierung-und-kunstlicher-intelligenz\/\">BioTechnology automation and artificial intelligence<\/a> consulting have the potential to address global health challenges, including the development of vaccines, understanding of pandemics, and tackling of rare diseases.<\/li>\n<\/ul>\n\n\n\n<h2 class=\"wp-block-heading\">Herausforderungen der Biotechnologie-Automatisierung<\/h2>\n\n\n\n<p>While the integration of <a title=\"Beratung zu industrieller Automatisierung und k\u00fcnstlicher Intelligenz\" href=\"https:\/\/www.sisinternational.com\/de\/losungen\/ai-marktforschung-und-strategieberatung\/industrielle-automatisierung-kunstliche-intelligenz-beratung\/\" data-wpil-monitor-id=\"8284\">artificial intelligence in biotechnology automation<\/a> offers numerous opportunities, it also presents a set of challenges \u2013 and here are some of the key challenges:<\/p>\n\n\n\n<ul class=\"wp-block-list\">\n<li><strong>Komplexit\u00e4t biologischer Daten:<\/strong> Biologische Daten sind von Natur aus komplex und vielf\u00e4ltig. Die effektive Analyse und Interpretation dieser Daten mithilfe von KI stellt aufgrund der Variabilit\u00e4t und Komplexit\u00e4t biologischer Systeme eine gro\u00dfe Herausforderung dar.<\/li>\n\n\n\n<li><strong>Integration mit bestehenden Systemen:<\/strong> Integrating AI and automation technologies with existing biotechnological systems and processes can be difficult. <\/li>\n\n\n\n<li><strong>Qualifikationsl\u00fccke und Schulungsbedarf:<\/strong> Die Spezialisierung der KI in der Biotechnologie erfordert eine Belegschaft mit einer einzigartigen Kombination aus F\u00e4higkeiten in Biologie, Datenwissenschaft und KI. Die Behebung der Qualifikationsl\u00fccke und die Bereitstellung einer angemessenen Ausbildung ist f\u00fcr viele Organisationen eine Herausforderung.<\/li>\n\n\n\n<li><strong>Mit dem schnellen technologischen Fortschritt Schritt halten:<\/strong> Der Bereich der KI entwickelt sich rasant. Mit diesen technologischen Entwicklungen Schritt zu halten ist eine Herausforderung, aber unerl\u00e4sslich, um wettbewerbsf\u00e4hig zu bleiben.<\/li>\n\n\n\n<li><strong>\u00d6ffentliche Wahrnehmung und Akzeptanz:<\/strong> In der \u00d6ffentlichkeit bestehen m\u00f6glicherweise Bedenken hinsichtlich des Einsatzes von KI in sensiblen Bereichen wie Genetik und Medizin. F\u00fcr eine breitere Akzeptanz von KI in der Biotechnologie ist es wichtig, diese Bedenken auszur\u00e4umen und das Vertrauen der \u00d6ffentlichkeit zu gewinnen.<\/li>\n<\/ul>\n\n\n\n<h2 class=\"wp-block-heading\">SIS Solutions: Beratung zu Automatisierung der Biotechnologie und k\u00fcnstlicher Intelligenz<\/h2>\n\n\n\n<p>Wir bieten L\u00f6sungen, die KI nutzen, um die Effizienz, Pr\u00e4zision und Innovation in der Biotechnologie zu steigern und so Forschung und Produktion zu transformieren. Unsere strategischen Analysen verwandeln komplexe biologische Daten in umsetzbare Erkenntnisse und konzentrieren sich dabei auf die Arzneimittelentdeckung, genetische Forschung sowie die Optimierung von Laborprozessen und Lieferkettenmanagement.<\/p>\n\n\n\n<ul class=\"wp-block-list\">\n<li>Erh\u00f6hte Effizienz und Produktivit\u00e4t in biotechnologischen Prozessen<\/li>\n\n\n\n<li>Datengest\u00fctzte Erkenntnisse und Entscheidungsfindung f\u00fcr die Arzneimittelentwicklung und genetische Forschung<\/li>\n\n\n\n<li>Optimierte Betriebsabl\u00e4ufe in Biotech-Unternehmen<\/li>\n\n\n\n<li>Wettbewerbsvorteile durch neuste KI-Technologien<\/li>\n\n\n\n<li>Kontinuierliche Verbesserung und Anpassung an neue Fortschritte<\/li>\n\n\n\n<li>Unterst\u00fctzung bei der Navigation durch die komplexe Regulierungslandschaft<\/li>\n\n\n\n<li>Ma\u00dfgeschneiderte L\u00f6sungen f\u00fcr die besonderen Herausforderungen der Biotechnologie<\/li>\n<\/ul>\n\n\n\n<p>Unsere Beziehungen zu Branchenspezialisten und unser strategischer Fokus auf die neuesten Entwicklungen in der Biotechnologie und KI erm\u00f6glichen es SIS, umfassende und ma\u00dfgeschneiderte L\u00f6sungen bereitzustellen.<\/p>\n\n\n\n<h2 class=\"wp-block-heading\">\u00dcber SIS International<\/h2>\n\n\n\n<p>SIS International offers Quantitative, Qualitative, and Strategy Research. We provide data, tools, strategies, reports and insights for decision-making. We conduct interviews, surveys, <a title=\"Fokusgruppe Marktforschung\" href=\"https:\/\/www.sisinternational.com\/de\/losungen\/fokusgruppen-marktforschung\/\" data-wpil-monitor-id=\"8281\">focus groups and many other Market Research<\/a> methods and approaches. Contact us for your <a title=\"Marktforschung zu Technologien der n\u00e4chsten Generation\" href=\"https:\/\/www.sisinternational.com\/de\/sachverstand\/branchen\/marktforschung-zu-technologien-der-nachsten-generation\/\" data-wpil-monitor-id=\"8283\">next Market Research<\/a> Projekt.<\/p>","protected":false},"excerpt":{"rendered":"<p>Die Beratung zur Automatisierung der Biotechnologie und k\u00fcnstlichen Intelligenz bietet L\u00f6sungen von der Arzneimittelentdeckung bis zur Optimierung des Lieferkettenmanagements.<\/p>","protected":false},"author":1,"featured_media":63777,"parent":44406,"menu_order":18,"comment_status":"closed","ping_status":"closed","template":"","meta":{"footnotes":""},"class_list":["post-44709","page","type-page","status-publish","has-post-thumbnail"],"_links":{"self":[{"href":"https:\/\/www.sisinternational.com\/de\/wp-json\/wp\/v2\/pages\/44709","targetHints":{"allow":["GET"]}}],"collection":[{"href":"https:\/\/www.sisinternational.com\/de\/wp-json\/wp\/v2\/pages"}],"about":[{"href":"https:\/\/www.sisinternational.com\/de\/wp-json\/wp\/v2\/types\/page"}],"author":[{"embeddable":true,"href":"https:\/\/www.sisinternational.com\/de\/wp-json\/wp\/v2\/users\/1"}],"replies":[{"embeddable":true,"href":"https:\/\/www.sisinternational.com\/de\/wp-json\/wp\/v2\/comments?post=44709"}],"version-history":[{"count":6,"href":"https:\/\/www.sisinternational.com\/de\/wp-json\/wp\/v2\/pages\/44709\/revisions"}],"predecessor-version":[{"id":83031,"href":"https:\/\/www.sisinternational.com\/de\/wp-json\/wp\/v2\/pages\/44709\/revisions\/83031"}],"up":[{"embeddable":true,"href":"https:\/\/www.sisinternational.com\/de\/wp-json\/wp\/v2\/pages\/44406"}],"wp:featuredmedia":[{"embeddable":true,"href":"https:\/\/www.sisinternational.com\/de\/wp-json\/wp\/v2\/media\/63777"}],"wp:attachment":[{"href":"https:\/\/www.sisinternational.com\/de\/wp-json\/wp\/v2\/media?parent=44709"}],"curies":[{"name":"wp","href":"https:\/\/api.w.org\/{rel}","templated":true}]}}