{"id":44702,"date":"2024-01-06T15:51:10","date_gmt":"2024-01-06T20:51:10","guid":{"rendered":"https:\/\/www.sisinternational.com\/?page_id=44702"},"modified":"2026-02-18T12:26:52","modified_gmt":"2026-02-18T17:26:52","slug":"globales-beratungsunternehmen-fur-ki-automatisierung","status":"publish","type":"page","link":"https:\/\/www.sisinternational.com\/de\/losungen\/ai-marktforschung-und-strategieberatung\/globales-beratungsunternehmen-fur-ki-automatisierung\/","title":{"rendered":"Globales KI- und Automatisierungsberatungsunternehmen"},"content":{"rendered":"<h1 class=\"wp-block-heading\">Globales Beratungsunternehmen f\u00fcr k\u00fcnstliche Intelligenz und Automatisierung<\/h1>\n\n\n\n<figure class=\"gb-block-image gb-block-image-4a6e935d\"><img loading=\"lazy\" decoding=\"async\" width=\"1456\" height=\"816\" class=\"gb-image gb-image-4a6e935d\" src=\"https:\/\/www.sisinternational.com\/wp-content\/uploads\/2025\/08\/Global-1-2.jpg\" alt=\"SIS International Marktforschung &amp; Strategie\" title=\"Global 1 (2)\" srcset=\"https:\/\/www.sisinternational.com\/wp-content\/uploads\/2025\/08\/Global-1-2.jpg 1456w, https:\/\/www.sisinternational.com\/wp-content\/uploads\/2025\/08\/Global-1-2-300x168.jpg 300w, https:\/\/www.sisinternational.com\/wp-content\/uploads\/2025\/08\/Global-1-2-1024x574.jpg 1024w, https:\/\/www.sisinternational.com\/wp-content\/uploads\/2025\/08\/Global-1-2-768x430.jpg 768w, https:\/\/www.sisinternational.com\/wp-content\/uploads\/2025\/08\/Global-1-2-18x10.jpg 18w\" sizes=\"auto, (max-width: 1456px) 100vw, 1456px\"><\/figure>\n\n\n\n<p><\/p>\n\n\n\n<p>Kann es sich Ihr Unternehmen leisten, bei der KI-Revolution au\u00dfen vor zu bleiben? W\u00e4hrend Unternehmen auf der ganzen Welt mit den Komplexit\u00e4ten der digitalen Transformation zu k\u00e4mpfen haben, steht ein globales Beratungsunternehmen f\u00fcr k\u00fcnstliche Intelligenz und Automatisierung an der Schnittstelle zwischen Spitzentechnologie und strategischem Gesch\u00e4ftssinn und bietet eine einzigartige Mischung aus Fachwissen, die beispielloses Wachstum erm\u00f6glichen kann.<\/p>\n\n\n\n<h2 class=\"wp-block-heading\">Die Rolle eines globalen Beratungsunternehmens f\u00fcr k\u00fcnstliche Intelligenz und Automatisierung heute verstehen<\/h2>\n\n\n\n<p>Ein globales Beratungsunternehmen f\u00fcr k\u00fcnstliche Intelligenz und Automatisierung bietet Unternehmen auf der ganzen Welt spezialisiertes Fachwissen und kombiniert KI- und Automatisierungstechnologien, um L\u00f6sungen zu schaffen, die Branchen transformieren und Betriebsparadigmen neu definieren.<\/p>\n\n\n\n<p>Im Wesentlichen ist ein globales Beratungsunternehmen f\u00fcr k\u00fcnstliche Intelligenz und Automatisierung eine Mischung aus Schl\u00fcsselkomponenten: k\u00fcnstliche Intelligenz, Automatisierung und globale Reichweite. Mithilfe fortschrittlicher Kommunikationstechnologien und eines Netzwerks von Experten auf der ganzen Welt bieten diese Unternehmen ihre Dienste einem breiten Kundenkreis an, von kleinen Startups bis hin zu gro\u00dfen multinationalen Konzernen. Diese globale Pr\u00e4senz erm\u00f6glicht es ihnen, auf einen riesigen Pool an Talenten und Fachwissen zur\u00fcckzugreifen, um die einzigartigen Herausforderungen und Chancen verschiedener M\u00e4rkte zu verstehen und anzugehen.<\/p>\n\n\n\n<h2 class=\"wp-block-heading\">Die herausragende Rolle eines Automatisierungsberatungsunternehmens in der globalen k\u00fcnstlichen Intelligenz<\/h2>\n\n\n\n<p>Eine der Hauptaufgaben dieser Unternehmen besteht darin, als strategische Berater zu fungieren. Sie helfen Unternehmen, das Potenzial von KI und Automatisierung in ihrem spezifischen Kontext zu verstehen, und unterst\u00fctzen sie bei der Identifizierung von M\u00f6glichkeiten, bei denen diese Technologien Mehrwert schaffen k\u00f6nnen. Dazu geh\u00f6rt nicht nur ein tiefes Verst\u00e4ndnis von KI- und Automatisierungstechnologien, sondern auch ein Bewusstsein f\u00fcr die branchenspezifischen Herausforderungen und Chancen.<\/p>\n\n\n\n<p>Ein globales Beratungsunternehmen f\u00fcr k\u00fcnstliche Intelligenz und Automatisierung arbeitet eng mit Unternehmen zusammen, um ma\u00dfgeschneiderte L\u00f6sungen zu entwickeln, die auf ihre individuellen Bed\u00fcrfnisse und Ziele abgestimmt sind. Dies umfasst alles von der Automatisierung von Routineaufgaben bis hin zur Implementierung komplexer KI-gesteuerter Analysesysteme f\u00fcr strategische Entscheidungen. Als globales Unternehmen bringt ein Automatisierungsberatungsunternehmen auch eine F\u00fclle unterschiedlicher Erkenntnisse und Erfahrungen mit und ist damit ein Katalysator f\u00fcr Innovationen.<\/p>\n\n\n\n<h2 class=\"wp-block-heading\">So f\u00fchren Sie globale Forschung zu k\u00fcnstlicher Intelligenz und Automatisierung durch<\/h2>\n\n\n\n<p>Die Hilfe eines globalen Beratungsunternehmens f\u00fcr k\u00fcnstliche Intelligenz und Automatisierung ist unerl\u00e4sslich, um an der Spitze der Innovation in den Bereichen KI und Automatisierung zu bleiben. Es unterst\u00fctzt Unternehmen dabei, globale Markttrends, unterschiedliche Verbraucherverhaltensweisen und unterschiedliche regulatorische Rahmenbedingungen zu verstehen. Hier ist ein \u00dcberblick dar\u00fcber, wie ein globales Beratungsunternehmen f\u00fcr k\u00fcnstliche Intelligenz und Automatisierung diese Aufgabe angehen k\u00f6nnte:<\/p>\n\n\n\n<ul class=\"wp-block-list\">\n<li><strong>Umfangreiche Datensammlung:<\/strong> Das Sammeln umfangreicher, qualitativ hochwertiger Daten aus mehreren Quellen und Regionen ist von grundlegender Bedeutung. Dazu geh\u00f6ren Daten von Online-Plattformen, IoT-Ger\u00e4ten, Branchenberichten und Verbraucherumfragen. Je vielf\u00e4ltiger und umfassender die Daten sind, desto wertvollere Erkenntnisse k\u00f6nnen daraus gewonnen werden.<\/li>\n\n\n\n<li><strong>Zusammenarbeit mit Experten aus Wissenschaft und Industrie:<\/strong> Die Zusammenarbeit mit akademischen Institutionen und Branchenexperten weltweit kann die Tiefe und Breite der Forschung verbessern. Diese Kooperationen k\u00f6nnen Zugang zu den neuesten akademischen Erkenntnissen, einzigartigen Brancheneinblicken und fortschrittlichen Forschungsmethoden bieten.<\/li>\n\n\n\n<li><strong>Mit dem technologischen Fortschritt Schritt halten:<\/strong> KI ist ein sich rasch entwickelndes Feld. Es ist wichtig, \u00fcber die neuesten Fortschritte bei KI-Technologien, Algorithmen und Tools auf dem Laufenden zu bleiben. Dazu geh\u00f6rt es, Entwicklungen in Bereichen wie maschinelles Lernen, Verarbeitung nat\u00fcrlicher Sprache und Robotik im Auge zu behalten.<\/li>\n\n\n\n<li><strong>Analyse des Verbraucherverhaltens:<\/strong> Da KI-Anwendungen h\u00e4ufig verbrauchergesteuert sind, ist es wichtig, globale Verhaltensmuster und Vorlieben der Verbraucher zu verstehen. Dazu geh\u00f6rt die Erforschung, wie unterschiedliche Kulturen und Bev\u00f6lkerungsgruppen mit KI- und Automatisierungstechnologien interagieren.<\/li>\n\n\n\n<li><strong>Kontinuierliches Lernen und Anpassen:<\/strong> Die globale KI-Forschung ist ein fortlaufender Prozess. Sie erfordert die Bereitschaft zu kontinuierlichem Lernen, die Anpassung an neue Erkenntnisse und die Flexibilit\u00e4t, die Forschungsrichtung auf der Grundlage neuer Trends und Technologien zu \u00e4ndern.<\/li>\n<\/ul>\n\n\n\n<h2 class=\"wp-block-heading\">Was Sie von einem globalen Beratungsunternehmen f\u00fcr k\u00fcnstliche Intelligenz und Automatisierung erwarten k\u00f6nnen<\/h2>\n\n\n\n<p>Wenn Unternehmen mit einem globalen Beratungsunternehmen f\u00fcr k\u00fcnstliche Intelligenz und Automatisierung zusammenarbeiten, k\u00f6nnen sie mit einer Reihe transformativer Ergebnisse und strategischer Vorteile rechnen. Diese Unternehmen sind in der Lage, umfassende Dienstleistungen anzubieten, die den Gesch\u00e4ftsbetrieb deutlich verbessern, Innovationen vorantreiben und das Wachstum in einem global wettbewerbsorientierten Umfeld f\u00f6rdern k\u00f6nnen.<\/p>\n\n\n\n<ul class=\"wp-block-list\">\n<li><strong>Ma\u00dfgeschneiderte KI- und Automatisierungsstrategien:<\/strong> Eines der Hauptangebote ist die Entwicklung ma\u00dfgeschneiderter KI- und Automatisierungsstrategien. Diese Strategien sind auf die spezifischen Gesch\u00e4ftsanforderungen und Ziele des Kunden abgestimmt und ber\u00fccksichtigen die besonderen Herausforderungen und Chancen seiner Branche und seines Marktes.<\/li>\n\n\n\n<li><strong>Technologischer Fortschritt und Innovation:<\/strong> Clients can expect to benefit from the latest advancements in AI and automation. A <a title=\"Was ist die globale GNSS-Navigationstechnologie?\" data-wpil-monitor-id=\"1754\" href=\"https:\/\/www.sisinternational.com\/de\/europas-neue-globale-navigationstechnologie-gnss\/\">global artificial intelligence and automation consulting firm<\/a> provides access to cutting-edge technologies and innovative approaches, helping businesses stay ahead in their respective industries.<\/li>\n\n\n\n<li><strong>Datengesteuerte Entscheidungsfindung:<\/strong> Das Beratungsunternehmen hilft dabei, die Macht der Daten zu nutzen, indem es Unternehmen die Werkzeuge und Erkenntnisse liefert, die sie f\u00fcr datengesteuerte Entscheidungen ben\u00f6tigen. Dazu geh\u00f6ren pr\u00e4diktive Analysen, Kundeneinblicke und Marktanalysen.<\/li>\n\n\n\n<li><strong>Risikomanagement und Compliance:<\/strong> Um die Komplexit\u00e4t von KI und Automatisierung zu bew\u00e4ltigen, ist ein genaues Verst\u00e4ndnis der damit verbundenen Risiken und der Einhaltung gesetzlicher Vorschriften erforderlich. Das Beratungsunternehmen unterst\u00fctzt Unternehmen dabei, diese Risiken zu mindern und die Einhaltung internationaler Gesetze und Standards sicherzustellen.<\/li>\n\n\n\n<li><strong>Kapazit\u00e4tsaufbau und Schulung:<\/strong> Diese Unternehmen bieten h\u00e4ufig Schulungs- und Entwicklungsprogramme an, um die internen F\u00e4higkeiten der Kundenorganisationen auszubauen. Dadurch wird sichergestellt, dass Unternehmen nicht nur KI- und Automatisierungsl\u00f6sungen implementieren, sondern diese auch unabh\u00e4ngig aufrechterhalten und weiterentwickeln k\u00f6nnen.<\/li>\n<\/ul>\n\n\n\n<h2 class=\"wp-block-heading\">Vorteile der Beauftragung eines globalen Beratungsunternehmens f\u00fcr k\u00fcnstliche Intelligenz und Automatisierung<\/h2>\n\n\n\n<p>Die Landschaft der globalen Beratung zu k\u00fcnstlicher Intelligenz und Automatisierung bietet eine F\u00fclle von M\u00f6glichkeiten, sowohl f\u00fcr die Beratungsunternehmen selbst als auch f\u00fcr ihre Kunden in verschiedenen Branchen.<\/p>\n\n\n\n<ul class=\"wp-block-list\">\n<li><strong>Erweiterung der Marktreichweite:<\/strong> The global nature of these <a title=\"Automatisierung und KI-Beratung im Bergbau und in der nat\u00fcrlichen Ressourcen\" data-wpil-monitor-id=\"5503\" href=\"https:\/\/www.sisinternational.com\/de\/losungen\/ai-marktforschung-und-strategieberatung\/bergbau-naturliche-ressourcen-automatisierung-kunstliche-intelligenz-beratung\/\">consulting firms<\/a> allows them to tap into emerging markets and regions that are just beginning to explore the potential of AI and automation. This expansion is not only beneficial in terms of business growth but also helps in disseminating advanced technological solutions across the globe.<\/li>\n\n\n\n<li><strong>Entwicklung kundenspezifischer L\u00f6sungen:<\/strong> Der Bedarf an ma\u00dfgeschneiderten KI- und Automatisierungsl\u00f6sungen f\u00fcr verschiedene Gesch\u00e4ftsbereiche stellt f\u00fcr diese Unternehmen eine gro\u00dfe Chance dar. Ma\u00dfgeschneiderte L\u00f6sungen sorgen daf\u00fcr, dass sie besser auf die spezifischen Bed\u00fcrfnisse eines Kunden zugeschnitten sind und bieten einen h\u00f6heren Wert und eine h\u00f6here Effektivit\u00e4t.<\/li>\n\n\n\n<li><strong>Dienstleistungen im Bereich Personaltransformation und -schulung:<\/strong> Mit der Weiterentwicklung von KI- und Automatisierungstechnologien steigt der Bedarf an Umstrukturierung und Kompetenzentwicklung der Belegschaft. Beratungsunternehmen k\u00f6nnen davon profitieren, indem sie Schulungs- und Entwicklungsprogramme anbieten und Unternehmen dabei helfen, die Qualifikation ihrer Mitarbeiter zu verbessern.<\/li>\n\n\n\n<li><strong>Einhaltung globaler Vorschriften:<\/strong> Da die Vorschriften zu KI und Datenschutz in den verschiedenen Regionen unterschiedlich sind, haben diese Unternehmen die M\u00f6glichkeit, andere Unternehmen bei der Bew\u00e4ltigung dieser Komplexit\u00e4ten zu unterst\u00fctzen und die weltweite Einhaltung der Vorschriften sicherzustellen.<\/li>\n\n\n\n<li><strong>Erweiterung des Serviceangebots:<\/strong> The broadening scope of AI and <a title=\"Versand- und Logistikautomatisierung und KI-Beratung\" data-wpil-monitor-id=\"4398\" href=\"https:\/\/www.sisinternational.com\/de\/losungen\/ai-marktforschung-und-strategieberatung\/versand-logistik-automatisierung-ki-beratung\/\">automation technologies allows these consulting<\/a> firms to continually expand their service offerings, covering newer areas like IoT, edge computing, and more.<\/li>\n<\/ul>\n\n\n\n<h2 class=\"wp-block-heading\">SIS Solutions: Globale Beratung zu k\u00fcnstlicher Intelligenz und Automatisierung<\/h2>\n\n\n\n<p>Bei SIS stehen wir an der Spitze der KI-Revolution und bieten als globales Beratungsunternehmen f\u00fcr k\u00fcnstliche Intelligenz und Automatisierung beispielloses Fachwissen und innovative L\u00f6sungen. Unsere umfassenden Dienstleistungen verbinden Spitzentechnologie mit strategischem Gesch\u00e4ftssinn, um beispiellose Wachstumschancen f\u00fcr Unternehmen weltweit zu erschlie\u00dfen. So k\u00f6nnen wir helfen:<\/p>\n\n\n\n<ul class=\"wp-block-list\">\n<li><strong>Ma\u00dfgeschneiderte KI- und Automatisierungsstrategien:<\/strong> Unser Team arbeitet eng mit Kunden zusammen, um ma\u00dfgeschneiderte KI- und Automatisierungsstrategien zu entwickeln, die auf ihre individuellen Gesch\u00e4ftsziele und Branchenlandschaften abgestimmt sind. Wir nutzen fortschrittliche Technologien und umfassende Branchenkenntnisse, um L\u00f6sungen zu schaffen, die Wert und Innovation f\u00f6rdern.<\/li>\n\n\n\n<li><strong>Technologischer Fortschritt und Innovation:<\/strong> Durch den Zugang zu den neuesten Fortschritten in den Bereichen KI und Automatisierung erm\u00f6glichen wir es Unternehmen, immer einen Schritt voraus zu sein. Unser Team erforscht kontinuierlich neue Technologien und innovative Ans\u00e4tze, um sicherzustellen, dass unsere Kunden in ihren jeweiligen Branchen an der Spitze der Innovation bleiben.<\/li>\n\n\n\n<li><strong>Datengesteuerte Entscheidungsfindung:<\/strong> Wir helfen Unternehmen, die Macht der Daten zu nutzen, um fundierte, strategische Entscheidungen zu treffen. Unsere fortschrittlichen Analyse- und pr\u00e4diktiven Modellierungsfunktionen bieten Kunden umsetzbare Einblicke in Markttrends, Verbraucherverhalten und Wettbewerbslandschaften und erm\u00f6glichen so datengesteuerte Entscheidungen auf allen Ebenen.<\/li>\n\n\n\n<li><strong>Risikomanagement und Compliance:<\/strong> Um die Komplexit\u00e4t von KI und Automatisierung zu meistern, ist ein umfassendes Verst\u00e4ndnis der damit verbundenen Risiken und der Einhaltung gesetzlicher Vorschriften erforderlich. Unser Team unterst\u00fctzt Kunden dabei, Risiken zu minimieren und die Einhaltung internationaler Gesetze und Standards sicherzustellen, sodass sie sich sicher in der globalen Regulierungslandschaft zurechtfinden.<\/li>\n\n\n\n<li><strong>Kapazit\u00e4tsaufbau und Schulung:<\/strong> Wir bieten Schulungs- und Entwicklungsprogramme zum Aufbau interner Kompetenzen in Kundenorganisationen an. Unsere ma\u00dfgeschneiderten Schulungsl\u00f6sungen vermitteln Mitarbeitern die F\u00e4higkeiten und Kenntnisse, die sie ben\u00f6tigen, um KI- und Automatisierungsl\u00f6sungen effektiv zu implementieren und aufrechtzuerhalten und so langfristigen Erfolg und Wachstum zu f\u00f6rdern.<\/li>\n<\/ul>\n\n\n\n<p>Arbeiten Sie mit SIS zusammen, um das volle Potenzial von KI und Automatisierung in Ihrem Unternehmen auszusch\u00f6pfen. Mit unserer globalen Expertise und unseren innovativen L\u00f6sungen k\u00f6nnen Sie Wachstum, Innovation und Wettbewerbsvorteile in der sich schnell entwickelnden Gesch\u00e4ftslandschaft von heute vorantreiben.<\/p>","protected":false},"excerpt":{"rendered":"<p>Ein globales Beratungsunternehmen f\u00fcr k\u00fcnstliche Intelligenz und Automatisierung bietet Firmen weltweit spezialisiertes Fachwissen zur Kombination von KI und Automatisierung.<\/p>","protected":false},"author":1,"featured_media":62408,"parent":44406,"menu_order":16,"comment_status":"closed","ping_status":"closed","template":"","meta":{"footnotes":""},"class_list":["post-44702","page","type-page","status-publish","has-post-thumbnail"],"_links":{"self":[{"href":"https:\/\/www.sisinternational.com\/de\/wp-json\/wp\/v2\/pages\/44702","targetHints":{"allow":["GET"]}}],"collection":[{"href":"https:\/\/www.sisinternational.com\/de\/wp-json\/wp\/v2\/pages"}],"about":[{"href":"https:\/\/www.sisinternational.com\/de\/wp-json\/wp\/v2\/types\/page"}],"author":[{"embeddable":true,"href":"https:\/\/www.sisinternational.com\/de\/wp-json\/wp\/v2\/users\/1"}],"replies":[{"embeddable":true,"href":"https:\/\/www.sisinternational.com\/de\/wp-json\/wp\/v2\/comments?post=44702"}],"version-history":[{"count":6,"href":"https:\/\/www.sisinternational.com\/de\/wp-json\/wp\/v2\/pages\/44702\/revisions"}],"predecessor-version":[{"id":82984,"href":"https:\/\/www.sisinternational.com\/de\/wp-json\/wp\/v2\/pages\/44702\/revisions\/82984"}],"up":[{"embeddable":true,"href":"https:\/\/www.sisinternational.com\/de\/wp-json\/wp\/v2\/pages\/44406"}],"wp:featuredmedia":[{"embeddable":true,"href":"https:\/\/www.sisinternational.com\/de\/wp-json\/wp\/v2\/media\/62408"}],"wp:attachment":[{"href":"https:\/\/www.sisinternational.com\/de\/wp-json\/wp\/v2\/media?parent=44702"}],"curies":[{"name":"wp","href":"https:\/\/api.w.org\/{rel}","templated":true}]}}