{"id":44466,"date":"2023-12-27T18:39:14","date_gmt":"2023-12-27T23:39:14","guid":{"rendered":"https:\/\/www.sisinternational.com\/?page_id=44466"},"modified":"2026-02-18T12:56:00","modified_gmt":"2026-02-18T17:56:00","slug":"computer-vision-ki-marktforschung","status":"publish","type":"page","link":"https:\/\/www.sisinternational.com\/de\/losungen\/ai-marktforschung-und-strategieberatung\/computer-vision-ki-marktforschung\/","title":{"rendered":"Marktforschung f\u00fcr Computer Vision-KI"},"content":{"rendered":"<h1 class=\"wp-block-heading\">Marktforschung f\u00fcr Computer Vision-KI<\/h1>\n\n\n\n<figure class=\"gb-block-image gb-block-image-2bc87e54\"><img loading=\"lazy\" decoding=\"async\" width=\"1456\" height=\"816\" class=\"gb-image gb-image-2bc87e54\" src=\"https:\/\/www.sisinternational.com\/wp-content\/uploads\/2025\/08\/AI-13.jpg\" alt=\"SIS International Marktforschung &amp; Strategie\" title=\"AI (13)\" srcset=\"https:\/\/www.sisinternational.com\/wp-content\/uploads\/2025\/08\/AI-13.jpg 1456w, https:\/\/www.sisinternational.com\/wp-content\/uploads\/2025\/08\/AI-13-300x168.jpg 300w, https:\/\/www.sisinternational.com\/wp-content\/uploads\/2025\/08\/AI-13-1024x574.jpg 1024w, https:\/\/www.sisinternational.com\/wp-content\/uploads\/2025\/08\/AI-13-768x430.jpg 768w, https:\/\/www.sisinternational.com\/wp-content\/uploads\/2025\/08\/AI-13-18x10.jpg 18w\" sizes=\"auto, (max-width: 1456px) 100vw, 1456px\"><\/figure>\n\n\n\n<p><\/p>\n\n\n\n<p>Computer Vision (CV) ist ein Bereich der k\u00fcnstlichen Intelligenz, der es Computern und Systemen erm\u00f6glicht, aus digitalen Bildern, Videos und anderen visuellen Eingaben aussagekr\u00e4ftige Informationen abzuleiten. Es ahmt die Komplexit\u00e4t des menschlichen Sehens nach, indem es visuelle Daten erfasst und interpretiert. Im Bereich der Marktforschung befasst sich diese Studie jedoch mit der Analyse, wie Unternehmen und Verbraucher Computer-Vision-Technologien nutzen.<\/p>\n\n\n\n<h2 class=\"wp-block-heading\">Marktforschung zur Computer Vision und ihre Bedeutung verstehen<\/h2>\n\n\n\n<p>Die Tiefe der Marktforschung zum Thema Computer Vision liegt in ihrer F\u00e4higkeit, Einblicke sowohl in die technologischen Aspekte des Computer Vision als auch in seine praktischen Anwendungen in verschiedenen Sektoren zu geben. Sie hilft dabei, die wichtigsten Treiber des Marktes, die Herausforderungen, denen sich Unternehmen bei der Implementierung von CV-Technologien gegen\u00fcbersehen, und die potenziellen Wachstums- und Innovationsbereiche zu identifizieren.<\/p>\n\n\n\n<p>Dar\u00fcber hinaus, <a title=\"Cloud Computing Marktforschung\" href=\"https:\/\/www.sisinternational.com\/de\/sachverstand\/branchen\/cloud-computing-marktforschung\/\" data-wpil-monitor-id=\"3673\">computer vision market research<\/a> is crucial for businesses looking to invest in or develop computer vision tools since this research helps in identifying emerging trends, breakthrough technologies, and potential areas for application.<\/p>\n\n\n\n<p>Another critical aspect is the role of <a title=\"Computergest\u00fctzte telefonische Befragung Marktforschung\" href=\"https:\/\/www.sisinternational.com\/de\/sachverstand\/branchen\/computergestutzte-telefoninterviews-zur-marktforschung\/\" data-wpil-monitor-id=\"5776\">computer vision market research<\/a> in risk management and investment. By providing a comprehensive <a title=\"CHAID Analyse Marktforschung\" href=\"https:\/\/www.sisinternational.com\/de\/losungen\/qualitative-quantitative-forschungslosungen\/chaid-analyse-marktforschung\/\" data-wpil-monitor-id=\"9958\">analysis of the market<\/a>, including competitive landscapes, potential risks, and growth opportunities, this research guides businesses in making informed decisions about investments in CV technologies.<\/p>\n\n\n\n<h2 class=\"wp-block-heading\">Was sind die Vorteile der Marktforschung im Bereich Computer Vision?<\/h2>\n\n\n\n<p>The benefits of computer vision market research are extensive, offering businesses critical insights and advantages in an increasingly digital and visual-centric world. <\/p>\n\n\n\n<ul class=\"wp-block-list\">\n<li><strong>Informierte strategische Entscheidungsfindung:<\/strong> Computer vision market research provides businesses with essential data and insights about the current state and future trends of computer vision technology. This information is crucial for making strategic decisions about product development, market-entry, and <a title=\"Marktforschung f\u00fcr Investmenttechnologien\" data-wpil-monitor-id=\"9959\" href=\"https:\/\/www.sisinternational.com\/de\/losungen\/fintech-strategieberatung-forschung\/marktforschung-fur-investmenttechnologien\/\">investment in CV technology<\/a>.<\/li>\n\n\n\n<li><strong>Verbesserte Produktentwicklung:<\/strong> Durch Einblicke in die Nutzung von Computer Vision in unterschiedlichen Branchen k\u00f6nnen Unternehmen ihre Produkte und Dienstleistungen erneuern und verbessern.<\/li>\n\n\n\n<li><strong>Wettbewerbsvorteil:<\/strong> Computer vision market research offers insights into how competitors are using CV technology, allowing <a title=\"Marktforschung f\u00fcr skalierbare Unternehmen: 7 M\u00f6glichkeiten zum Aufbau eines skalierbaren Unternehmens\" data-wpil-monitor-id=\"9960\" href=\"https:\/\/www.sisinternational.com\/de\/veroffentlichungen\/skalierbare-geschaftsmarktforschung-7-moglichkeiten-zum-aufbau-eines-skalierbaren-geschafts\/\">businesses to identify gaps in the market<\/a> and opportunities to differentiate their offerings.<\/li>\n\n\n\n<li><strong>Besseres Kundenverst\u00e4ndnis:<\/strong> Computer vision market research helps businesses understand how consumers interact with computer vision technologies. <\/li>\n<\/ul>\n\n\n\n<h2 class=\"wp-block-heading\">Schl\u00fcsselindustrien im Computer Vision-Markt<\/h2>\n\n\n\n<p>Der <a title=\"Marktforschung f\u00fcr Quantencomputer\" href=\"https:\/\/www.sisinternational.com\/de\/sachverstand\/branchen\/marktforschung-fur-quantencomputer\/\" data-wpil-monitor-id=\"9961\">computer vision market<\/a> has made a significant impact across various industries \u2013 and here are some key industries where computer vision technology is playing a critical role:<\/p>\n\n\n\n<ul class=\"wp-block-list\">\n<li><strong>Einzelhandel und E-Commerce:<\/strong> Im Einzelhandel wird Computer Vision f\u00fcr die Bestandsverwaltung, die Analyse des Kundenverhaltens und die Verbesserung des Einkaufserlebnisses durch virtuelle Anproben und interaktive Displays eingesetzt.<\/li>\n\n\n\n<li><strong>Automobilindustrie:<\/strong> Die Automobilindustrie nutzt Computer Vision f\u00fcr autonome Fahrtechnologien, darunter Hinderniserkennung, Verkehrszeichenerkennung und Fahrer\u00fcberwachungssysteme. Es wird auch in Fertigungsprozessen zur Qualit\u00e4tskontrolle und Komponentenpr\u00fcfung eingesetzt.<\/li>\n\n\n\n<li><strong>Gesundheitspflege:<\/strong> Im Gesundheitswesen unterst\u00fctzt Computer Vision die diagnostische Bildgebung, die Patientenversorgung und Operationen. Es wird verwendet, um medizinische Bilder zu analysieren, bei komplexen chirurgischen Eingriffen zu helfen und den Gesundheitszustand von Patienten anhand visueller Daten zu \u00fcberwachen.<\/li>\n\n\n\n<li><strong>Herstellung:<\/strong> Computer Vision in der Fertigung verbessert die Qualit\u00e4tskontrolle, die Fehlererkennung und die Automatisierung von Fertigungsstra\u00dfen. Es erm\u00f6glicht eine pr\u00e4zise und effiziente Pr\u00fcfung von Produkten und tr\u00e4gt so zu h\u00f6herer Qualit\u00e4t und geringeren Kosten bei.<\/li>\n\n\n\n<li><strong>Transport und Logistik:<\/strong> Computer Vision erleichtert die automatisierte Lagerhaltung, das Logistikmanagement und die effiziente Frachtabfertigung. Es verbessert die Geschwindigkeit und Genauigkeit logistischer Prozesse und steigert so die Effizienz der Lieferkette.<\/li>\n<\/ul>\n\n\n\n<h2 class=\"wp-block-heading\">Hauptakteure auf dem Computer Vision-Markt<\/h2>\n\n\n\n<p>The computer vision market is driven by a diverse array of players, each contributing to the advancement and application of computer vision technology. Understanding the key players is crucial for comprehending the current landscape and future trends of computer vision \u2013 and here are some of the main <a title=\"Marktforschung f\u00fcr Reiseleiterunternehmen\" href=\"https:\/\/www.sisinternational.com\/de\/losungen\/reise-tourismus-und-gastgewerbeberatung\/marktforschung-fur-reiseleiterunternehmen\/\" data-wpil-monitor-id=\"9962\">companies shaping this market<\/a>:<\/p>\n\n\n\n<ul class=\"wp-block-list\">\n<li><strong>Google:<\/strong> Google hat bedeutende Beitr\u00e4ge auf dem Gebiet der Computer Vision geleistet, insbesondere durch die Entwicklung von Bilderkennungstechnologien und dem Machine-Learning-Framework TensorFlow.<\/li>\n\n\n\n<li><strong>Microsoft:<\/strong> Mit seinen Azure Computer Vision-Diensten bietet Microsoft eine Reihe von Tools zur Analyse visueller Inhalte, darunter Objekterkennung, Gesichtserkennung und optische Zeichenerkennung (OCR).<\/li>\n\n\n\n<li><strong>Amazon Web Services (AWS):<\/strong> AWS bietet Computer Vision-Funktionen \u00fcber Amazon Rekognition, das Bild- und Videoanalysen f\u00fcr Anwendungen wie Benutzerverifizierung, Inhaltsmoderation und personalisierte Empfehlungen bereitstellt.<\/li>\n\n\n\n<li><strong>Intel:<\/strong> Intel hat auf dem Computer-Vision-Markt eine wichtige Rolle gespielt, insbesondere durch die \u00dcbernahme von Mobileye, einem f\u00fchrenden Unternehmen im Bereich der Bildverarbeitungstechnologie f\u00fcr autonome Fahrzeuge, und seiner RealSense-Technologie f\u00fcr 3D-Scanning und Tracking.<\/li>\n<\/ul>\n\n\n\n<h2 class=\"wp-block-heading\">Chancen im Computer Vision-Markt f\u00fcr Unternehmen<\/h2>\n\n\n\n<p>Der Computer Vision-Markt bietet Unternehmen eine F\u00fclle von M\u00f6glichkeiten. Da sich diese Technologie weiterentwickelt und in verschiedene Branchen integriert, er\u00f6ffnet sie neue M\u00f6glichkeiten f\u00fcr Innovation, Effizienz und Kundenbindung.<\/p>\n\n\n\n<ul class=\"wp-block-list\">\n<li><strong>Verbesserte Kundenerlebnisse:<\/strong> Mithilfe von Computer-Vision-Technologie k\u00f6nnen durch virtuelle Anproben, personalisierte Empfehlungen und interaktives Marketing ansprechendere und interaktivere Kundenerlebnisse geschaffen werden, insbesondere im Einzelhandel und im E-Commerce.<\/li>\n\n\n\n<li><strong>Betriebseffizienz:<\/strong> In Branchen wie der Fertigung und Logistik kann Computer Vision die Betriebseffizienz durch automatisierte Qualit\u00e4tspr\u00fcfungen, Bestandsverwaltung und optimierte Logistikprozesse deutlich verbessern.<\/li>\n<\/ul>\n\n\n\n<h2 class=\"wp-block-heading\">Herausforderungen des Computer Vision-Marktes f\u00fcr Unternehmen<\/h2>\n\n\n\n<p>Computer Vision stellt Unternehmen vor zahlreiche Herausforderungen \u2013 und um die Vorteile von Computer Vision voll aussch\u00f6pfen zu k\u00f6nnen, ist es unerl\u00e4sslich, diese Herausforderungen zu bew\u00e4ltigen. Zu diesen wichtigsten Herausforderungen geh\u00f6ren:<\/p>\n\n\n\n<ul class=\"wp-block-list\">\n<li><strong>Technologische Komplexit\u00e4t:<\/strong> Die Implementierung von Computer Vision-L\u00f6sungen erfordert ein gewisses Ma\u00df an technischem Fachwissen. Die Entwicklung, Bereitstellung und Wartung dieser Systeme kann komplex sein, insbesondere f\u00fcr Unternehmen ohne eigene KI- und maschinelle Lernkapazit\u00e4ten.<\/li>\n\n\n\n<li><strong>Hohe Entwicklungskosten:<\/strong> Die Entwicklung robuster Computer Vision-Anwendungen kann ressourcenintensiv sein. Dazu geh\u00f6ren die Kosten f\u00fcr die Beschaffung hochwertiger Datens\u00e4tze, die Einstellung qualifizierter Fachkr\u00e4fte und die Investition in die erforderliche Hardware- und Software-Infrastruktur.<\/li>\n\n\n\n<li><strong>Integrationsherausforderungen:<\/strong> Die nahtlose Integration von Computer-Vision-Technologien in bestehende Gesch\u00e4ftssysteme und -prozesse kann eine gewaltige Aufgabe sein. Sie erfordert sorgf\u00e4ltige Planung und Umsetzung, um Kompatibilit\u00e4t und funktionale Effizienz sicherzustellen.<\/li>\n\n\n\n<li><strong>Probleme mit Genauigkeit und Zuverl\u00e4ssigkeit:<\/strong> Die Gew\u00e4hrleistung der Genauigkeit und Zuverl\u00e4ssigkeit von Computer-Vision-Systemen ist von entscheidender Bedeutung, insbesondere bei Anwendungen, bei denen Fehler erhebliche Folgen haben k\u00f6nnen, wie etwa im Gesundheitswesen oder bei autonomen Fahrzeugen.<\/li>\n<\/ul>\n\n\n\n<h2 class=\"wp-block-heading\">Perspektiven der Computer Vision Marktforschung<\/h2>\n\n\n\n<p>Die Zukunftsaussichten der Computer Vision-Marktforschung werden sich weiter erweitern und neue M\u00f6glichkeiten und L\u00f6sungen bieten. Hier ein Blick in die Zukunft der Computer Vision-Marktforschung:<\/p>\n\n\n\n<ul class=\"wp-block-list\">\n<li><strong>Fortschritte in KI und maschinellem Lernen:<\/strong> Computer vision market research emphasizes that future advancements in AI and machine learning algorithms will significantly enhance the capabilities of computer vision systems. <\/li>\n\n\n\n<li><strong>Wachstum bei Smart City-Initiativen:<\/strong> According to computer vision market research, the rise of smart city initiatives worldwide will fuel the growth of computer vision applications in urban management and public safety. <\/li>\n\n\n\n<li><strong>Verbessertes Kundenerlebnis:<\/strong> Computer vision market research also suggests a growing use of computer vision in enhancing customer experiences, particularly in retail and e-commerce. <\/li>\n\n\n\n<li><strong>Autonome Fahrzeuge und Robotik:<\/strong> Die Aussichten f\u00fcr autonome Fahrzeuge und Roboter sind eng mit Fortschritten in der Computervision verkn\u00fcpft. Verbesserte Bildverarbeitungsf\u00e4higkeiten werden die Sicherheit, Zuverl\u00e4ssigkeit und Effizienz autonomer Systeme verbessern, von selbstfahrenden Autos bis hin zu automatisierten Drohnen.<\/li>\n<\/ul>\n\n\n\n<h2 class=\"wp-block-heading\">SIS Solutions: Marktforschung f\u00fcr Computer Vision-KI<\/h2>\n\n\n\n<p>We provide insights into the development, application, and impact of computer vision technologies across various sectors. Our <a title=\"Marktforschungsanalyse zur KI-Stimmung\" href=\"https:\/\/www.sisinternational.com\/de\/losungen\/ai-marktforschung-und-strategieberatung\/ki-sentiment-marktforschungsanalyse\/\" data-wpil-monitor-id=\"9963\">research offers strategic analysis<\/a>, identifying market trends, competitive landscapes, and innovation opportunities, enabling clients to make informed decisions.<\/p>\n\n\n\n<ol class=\"wp-block-list\">\n<li><a title=\"Demand Forecasting Market Consulting\" data-wpil-monitor-id=\"9964\" href=\"https:\/\/www.sisinternational.com\/de\/losungen\/strategieberatung\/nachfrageprognose-marktforschung\/\">Markttrends und Prognosen<\/a><\/li>\n\n\n\n<li>Wettbewerbsanalyse<\/li>\n\n\n\n<li>Einblicke in das Verbraucherverhalten<\/li>\n\n\n\n<li>Technologische Fortschritte<\/li>\n\n\n\n<li>Anwendung in Schl\u00fcsselindustrien<\/li>\n\n\n\n<li>Regulatorische und ethische \u00dcberlegungen<\/li>\n\n\n\n<li>Strategische Investitionsm\u00f6glichkeiten<\/li>\n<\/ol>\n\n\n\n<h2 class=\"wp-block-heading\">\u00dcber SIS International<\/h2>\n\n\n\n<p><a title=\"SIS stellt Plattform f\u00fcr Data Science und quantitative Analytik vor\" href=\"https:\/\/www.sisinternational.com\/de\/sis-stellt-plattform-fur-datenwissenschaft-und-quantitative-analyse-vor\/\" data-wpil-monitor-id=\"9957\">SIS International offers Quantitative<\/a>, Qualitative, and Strategy Research. We provide data, tools, strategies, reports and insights for decision-making. We conduct interviews, surveys, focus groups and many other Market Research methods and approaches. Contact us for your next Market Research project.<\/p>","protected":false},"excerpt":{"rendered":"<p>Die Computer Vision-Forschung bietet Einblicke in die Technologie und ihre Anwendungen. Sie identifiziert Treiber, Herausforderungen und Wachstumsbereiche.<\/p>","protected":false},"author":1,"featured_media":62605,"parent":44406,"menu_order":3,"comment_status":"closed","ping_status":"closed","template":"","meta":{"footnotes":""},"class_list":["post-44466","page","type-page","status-publish","has-post-thumbnail"],"_links":{"self":[{"href":"https:\/\/www.sisinternational.com\/de\/wp-json\/wp\/v2\/pages\/44466","targetHints":{"allow":["GET"]}}],"collection":[{"href":"https:\/\/www.sisinternational.com\/de\/wp-json\/wp\/v2\/pages"}],"about":[{"href":"https:\/\/www.sisinternational.com\/de\/wp-json\/wp\/v2\/types\/page"}],"author":[{"embeddable":true,"href":"https:\/\/www.sisinternational.com\/de\/wp-json\/wp\/v2\/users\/1"}],"replies":[{"embeddable":true,"href":"https:\/\/www.sisinternational.com\/de\/wp-json\/wp\/v2\/comments?post=44466"}],"version-history":[{"count":6,"href":"https:\/\/www.sisinternational.com\/de\/wp-json\/wp\/v2\/pages\/44466\/revisions"}],"predecessor-version":[{"id":83005,"href":"https:\/\/www.sisinternational.com\/de\/wp-json\/wp\/v2\/pages\/44466\/revisions\/83005"}],"up":[{"embeddable":true,"href":"https:\/\/www.sisinternational.com\/de\/wp-json\/wp\/v2\/pages\/44406"}],"wp:featuredmedia":[{"embeddable":true,"href":"https:\/\/www.sisinternational.com\/de\/wp-json\/wp\/v2\/media\/62605"}],"wp:attachment":[{"href":"https:\/\/www.sisinternational.com\/de\/wp-json\/wp\/v2\/media?parent=44466"}],"curies":[{"name":"wp","href":"https:\/\/api.w.org\/{rel}","templated":true}]}}