{"id":44409,"date":"2023-12-27T12:39:24","date_gmt":"2023-12-27T17:39:24","guid":{"rendered":"https:\/\/www.sisinternational.com\/?page_id=44409"},"modified":"2026-01-25T18:17:41","modified_gmt":"2026-01-25T23:17:41","slug":"maschinelles-lernen-ki-marktforschung","status":"publish","type":"page","link":"https:\/\/www.sisinternational.com\/de\/losungen\/ai-marktforschung-und-strategieberatung\/maschinelles-lernen-ki-marktforschung\/","title":{"rendered":"Marktforschung f\u00fcr maschinelles Lernen und KI"},"content":{"rendered":"<h1 class=\"gb-headline gb-headline-4e01e07d gb-headline-text\">Marktforschung f\u00fcr maschinelles Lernen und KI <\/h1>\n\n\n\n<figure class=\"gb-block-image gb-block-image-b9fc4b19\"><img loading=\"lazy\" decoding=\"async\" width=\"1456\" height=\"816\" class=\"gb-image gb-image-b9fc4b19\" src=\"https:\/\/www.sisinternational.com\/wp-content\/uploads\/2025\/08\/Deep-learning-machine-learning-29.jpg\" alt=\"SIS International Marktforschung &amp; Strategie\" title=\"Deep learning machine learning (29)\" srcset=\"https:\/\/www.sisinternational.com\/wp-content\/uploads\/2025\/08\/Deep-learning-machine-learning-29.jpg 1456w, https:\/\/www.sisinternational.com\/wp-content\/uploads\/2025\/08\/Deep-learning-machine-learning-29-300x168.jpg 300w, https:\/\/www.sisinternational.com\/wp-content\/uploads\/2025\/08\/Deep-learning-machine-learning-29-1024x574.jpg 1024w, https:\/\/www.sisinternational.com\/wp-content\/uploads\/2025\/08\/Deep-learning-machine-learning-29-768x430.jpg 768w, https:\/\/www.sisinternational.com\/wp-content\/uploads\/2025\/08\/Deep-learning-machine-learning-29-18x10.jpg 18w\" sizes=\"auto, (max-width: 1456px) 100vw, 1456px\"><\/figure>\n\n\n\n<hr class=\"wp-block-separator has-alpha-channel-opacity is-style-dots\"\/>\n\n\n\n<p>Haben Sie schon einmal dar\u00fcber nachgedacht, wie Marktforschung mit maschinellem Lernen die Landschaft der Business Intelligence und Entscheidungsfindung ver\u00e4ndert? Heutzutage suchen Unternehmen st\u00e4ndig nach innovativen Wegen, um immer einen Schritt voraus zu sein \u2013 und Marktforschung mit maschinellem Lernen erweist sich bei diesem Unterfangen als wichtiges Instrument, da sie tiefgreifende Einblicke und Prognosem\u00f6glichkeiten bietet, die fr\u00fcher unerreichbar waren.<\/p>\n\n\n\n<h2 class=\"wp-block-heading\">Was ist Marktforschung im Bereich maschinelles Lernen und KI?<\/h2>\n\n\n\n<p>Marktforschung mit maschinellem Lernen stellt eine hochmoderne Kombination aus Marktforschungsmethoden und Technologien des maschinellen Lernens dar. Sie unterst\u00fctzt Unternehmen dabei, das Wettbewerbsumfeld, die Anwendung von Algorithmen des maschinellen Lernens, das Verbraucherverhalten und Markttrends zu verstehen.<\/p>\n\n\n\n<p>Das <a href=\"https:\/\/www.sisinternational.com\/de\/sachverstand\/branchen\/bioinformatik-marktforschung\/\" title=\"Bioinformatik-Marktforschung\"  data-wpil-monitor-id=\"4667\">Forschung<\/a> allows businesses to react quickly to market changes, ensuring they remain competitive and responsive to consumer needs since data is generated at an exponential rate. Moreover, the accuracy and depth of insights gained from machine <a href=\"https:\/\/www.sisinternational.com\/de\/losungen\/innovation\/deep-learning-marktforschung\/\" title=\"Deep Learning Marktforschung\"  data-wpil-monitor-id=\"4764\">learning market research<\/a> uncover hidden patterns and correlations within data. Thus, businesses can gain a more nuanced understanding of their market, identify emerging trends, understand customer sentiment, and predict consumer behavior accurately.<\/p>\n\n\n\n<p>Finally, the forward-looking nature of machine <a href=\"https:\/\/www.sisinternational.com\/de\/sachverstand\/branchen\/deep-learning-marktforschung\/\" title=\"Deep Learning Marktforschung\"  data-wpil-monitor-id=\"6108\">learning market research<\/a> provides a snapshot of current market conditions and forecasts future trends. This predictive capability allows businesses to anticipate market shifts, adapt their strategies proactively, and seize opportunities before their competitors do.<\/p>\n\n\n\n<h2 class=\"wp-block-heading\">Wann sollte Marktforschung f\u00fcr maschinelles Lernen und KI durchgef\u00fchrt werden?<\/h2>\n\n\n\n<figure class=\"gb-block-image gb-block-image-2c91f3d7\"><img loading=\"lazy\" decoding=\"async\" width=\"1456\" height=\"816\" class=\"gb-image gb-image-2c91f3d7\" src=\"https:\/\/www.sisinternational.com\/wp-content\/uploads\/2025\/10\/Machine-Learning-1.jpg\" alt=\"SIS International Marktforschung &amp; Strategie\" title=\"Machine Learning (1)\" srcset=\"https:\/\/www.sisinternational.com\/wp-content\/uploads\/2025\/10\/Machine-Learning-1.jpg 1456w, https:\/\/www.sisinternational.com\/wp-content\/uploads\/2025\/10\/Machine-Learning-1-300x168.jpg 300w, https:\/\/www.sisinternational.com\/wp-content\/uploads\/2025\/10\/Machine-Learning-1-1024x574.jpg 1024w, https:\/\/www.sisinternational.com\/wp-content\/uploads\/2025\/10\/Machine-Learning-1-768x430.jpg 768w, https:\/\/www.sisinternational.com\/wp-content\/uploads\/2025\/10\/Machine-Learning-1-18x10.jpg 18w\" sizes=\"auto, (max-width: 1456px) 100vw, 1456px\"><\/figure>\n\n\n\n<p>&nbsp;<\/p>\n\n\n\n<p>Um den gr\u00f6\u00dftm\u00f6glichen Nutzen aus Marktforschung zum Thema maschinelles Lernen zu ziehen, ist es entscheidend, den optimalen Zeitpunkt daf\u00fcr zu kennen. Die Einzelheiten k\u00f6nnen je nach Branchendynamik und individuellen Gesch\u00e4ftsanforderungen variieren, aber es gibt mehrere wichtige Szenarien, in denen sich dieser Forschungsansatz besonders lohnt:<\/p>\n\n\n\n<ul class=\"wp-block-list\">\n<li><strong>Vor Produkteinf\u00fchrungen:<\/strong> Bevor Sie ein neues Produkt oder eine neue Dienstleistung auf den Markt bringen, m\u00fcssen Sie unbedingt die potenzielle Kundenreaktion und -nachfrage absch\u00e4tzen. Marktforschung mit maschinellem Lernen kann Verhaltensmuster und Vorlieben von Verbrauchern analysieren und Unternehmen dabei helfen, ihre Angebote und Marketingstrategien anzupassen, um eine erfolgreiche Markteinf\u00fchrung sicherzustellen.<\/li>\n\n\n\n<li><strong>F\u00fcr die Wettbewerbsanalyse:<\/strong> Ein wichtiger Aspekt der strategischen Planung ist es, die Konkurrenz im Auge zu behalten. Marktforschung mit maschinellem Lernen kann die Aktivit\u00e4ten der Konkurrenz verfolgen und analysieren, von Preisstrategien bis hin zu Marketingkampagnen. So werden wertvolle Erkenntnisse gewonnen, die die strategischen Entscheidungen eines Unternehmens beeinflussen k\u00f6nnen.<\/li>\n\n\n\n<li><strong>F\u00fcr kontinuierliche Verbesserung:<\/strong> In einem Umfeld, in dem kontinuierliche Innovation der Schl\u00fcssel zum Erhalt der Wettbewerbsf\u00e4higkeit ist, m\u00fcssen Unternehmen ihre Angebote regelm\u00e4\u00dfig bewerten und verbessern. Marktforschung mithilfe von maschinellem Lernen kann fortlaufende Einblicke in Kundenfeedback und Marktanforderungen liefern und so die Produktentwicklung und -verbesserung steuern.<\/li>\n\n\n\n<li><strong>F\u00fcr Personalisierungsstrategien:<\/strong> Unternehmen, die ihre Angebote und ihre Kommunikation auf einzelne Kunden zuschneiden m\u00f6chten, werden die Marktforschung mithilfe maschinellen Lernens f\u00fcr die Segmentierung von Kunden und die Vorhersage individueller Vorlieben und Verhaltensweisen von unsch\u00e4tzbarem Wert finden.<\/li>\n<\/ul>\n\n\n\n<h2 class=\"wp-block-heading\">Leading Players in the Machine Learning Industry<\/h2>\n\n\n\n<p>Die Marktlandschaft f\u00fcr maschinelles Lernen wird von einer Vielzahl einflussreicher Akteure gepr\u00e4gt, von etablierten Technologiegiganten bis hin zu innovativen Start-ups. F\u00fcr Unternehmen, die maschinelles Lernen f\u00fcr Marktforschungszwecke nutzen m\u00f6chten, ist es von entscheidender Bedeutung, diese Akteure zu verstehen.<\/p>\n\n\n\n<ul class=\"wp-block-list\">\n<li><strong>Google:<\/strong> Als f\u00fchrender Anbieter von KI und maschinellem Lernen bietet Google eine Reihe von Tools und Plattformen an, darunter TensorFlow und Google Cloud AI. Diese Ressourcen werden h\u00e4ufig f\u00fcr verschiedene Anwendungen des maschinellen Lernens verwendet, von der Datenanalyse bis zur pr\u00e4diktiven Modellierung.<\/li>\n\n\n\n<li><strong>IBM:<\/strong> Mit seiner Watson-Plattform ist IBM Vorreiter bei der Integration von KI und maschinellem Lernen in Gesch\u00e4ftsl\u00f6sungen. Watsons F\u00e4higkeiten in der Verarbeitung nat\u00fcrlicher Sprache und Datenanalyse machen es zu einem wertvollen Werkzeug f\u00fcr die Marktforschung.<\/li>\n\n\n\n<li><strong>Microsoft:<\/strong> Microsoft Azure Machine Learning bietet eine robuste Cloud-basierte Umgebung f\u00fcr die Entwicklung und Bereitstellung von Modellen f\u00fcr maschinelles Lernen. Seine benutzerfreundliche Oberfl\u00e4che und die Integration mit anderen Microsoft-Produkten machen es zu einer beliebten Wahl f\u00fcr Unternehmen jeder Gr\u00f6\u00dfe.<\/li>\n\n\n\n<li><strong>Amazonas:<\/strong> Amazon Web Services (AWS) bietet eine Reihe von Machine-Learning-Diensten, darunter Amazon SageMaker zum Erstellen, Trainieren und Bereitstellen von Machine-Learning-Modellen. Die umfangreiche Cloud-Infrastruktur von AWS unterst\u00fctzt die Verarbeitung und Analyse gro\u00dfer Datenmengen.<\/li>\n\n\n\n<li><strong>NVIDIA:<\/strong> NVIDIA ist zwar vor allem f\u00fcr seine Grafikprozessoren (GPUs) bekannt, spielt aber auch im \u00d6kosystem des maschinellen Lernens eine entscheidende Rolle. Die GPUs des Unternehmens werden h\u00e4ufig zum Trainieren von Modellen des maschinellen Lernens verwendet, insbesondere f\u00fcr solche, die eine intensive Rechenleistung erfordern.<\/li>\n\n\n\n<li><strong>Alibaba Cloud:<\/strong> Als Teil der Alibaba Group bietet Alibaba Cloud Machine-Learning-Dienste an, die vor allem in Asien immer beliebter werden. Die Plattform ist f\u00fcr ihre Skalierbarkeit und Leistung bei der Datenanalyse bekannt.<\/li>\n<\/ul>\n\n\n\n<h2 class=\"wp-block-heading\">Chancen auf dem Markt f\u00fcr maschinelles Lernen f\u00fcr Unternehmen<\/h2>\n\n\n\n<figure class=\"gb-block-image gb-block-image-9e58235a\"><img loading=\"lazy\" decoding=\"async\" width=\"1456\" height=\"816\" class=\"gb-image gb-image-9e58235a\" src=\"https:\/\/www.sisinternational.com\/wp-content\/uploads\/2025\/08\/Deep-learning-machine-learning-18.jpg\" alt=\"SIS International Marktforschung &amp; Strategie\" title=\"Deep learning machine learning (18)\" srcset=\"https:\/\/www.sisinternational.com\/wp-content\/uploads\/2025\/08\/Deep-learning-machine-learning-18.jpg 1456w, https:\/\/www.sisinternational.com\/wp-content\/uploads\/2025\/08\/Deep-learning-machine-learning-18-300x168.jpg 300w, https:\/\/www.sisinternational.com\/wp-content\/uploads\/2025\/08\/Deep-learning-machine-learning-18-1024x574.jpg 1024w, https:\/\/www.sisinternational.com\/wp-content\/uploads\/2025\/08\/Deep-learning-machine-learning-18-768x430.jpg 768w, https:\/\/www.sisinternational.com\/wp-content\/uploads\/2025\/08\/Deep-learning-machine-learning-18-18x10.jpg 18w\" sizes=\"auto, (max-width: 1456px) 100vw, 1456px\"><\/figure>\n\n\n\n<p><\/p>\n\n\n\n<p>Der Markt f\u00fcr maschinelles Lernen bietet zahlreiche M\u00f6glichkeiten, die Unternehmen f\u00fcr Wachstum und Innovation nutzen k\u00f6nnen. Mit der Weiterentwicklung dieser Technologie erweitern sich ihre potenziellen Anwendungen in der Marktforschung und bieten neue M\u00f6glichkeiten, Erkenntnisse und Wettbewerbsvorteile zu gewinnen.<\/p>\n\n\n\n<ul class=\"wp-block-list\">\n<li><strong>Erweiterte Verbrauchereinblicke:<\/strong> Algorithmen f\u00fcr maschinelles Lernen k\u00f6nnen Verbraucherdaten mit beispielloser Tiefe durchdringen und komplexe Muster und Vorlieben aufdecken. Dies bietet Unternehmen die M\u00f6glichkeit, ihre Kunden auf einer granularen Ebene zu verstehen und hochgradig zielgerichtete Marketing- und Produktentwicklungsstrategien zu entwickeln.<\/li>\n\n\n\n<li><strong>Echtzeit-Marktanalyse:<\/strong> Die M\u00f6glichkeit, Marktdaten in Echtzeit zu analysieren, stellt eine gro\u00dfe Chance dar. Unternehmen k\u00f6nnen nun Markttrends in Echtzeit verfolgen, sich schnell an Ver\u00e4nderungen anpassen und neue Chancen nutzen.<\/li>\n\n\n\n<li><strong>Anpassung und Personalisierung:<\/strong> Mithilfe von maschinellem Lernen k\u00f6nnen Unternehmen ihre Produkte, Dienstleistungen und Marketingbotschaften auf einzelne Kunden zuschneiden. Dieser Grad der Personalisierung kann das Engagement und die Loyalit\u00e4t der Kunden deutlich steigern.<\/li>\n\n\n\n<li><strong>Fortgeschrittene Produktentwicklung:<\/strong> Maschinelles Lernen kann Innovationen in der Produktentwicklung vorantreiben und Unternehmen erm\u00f6glichen, intelligentere, effizientere und benutzerfreundlichere Produkte zu entwickeln. Dies zeigt sich insbesondere in Branchen wie Technologie, Automobil und Unterhaltungselektronik.<\/li>\n\n\n\n<li><strong>Wettbewerbsvorteil:<\/strong> Unternehmen, die maschinelles Lernen effektiv nutzen, k\u00f6nnen sich einen erheblichen Wettbewerbsvorteil verschaffen. Indem sie die Leistungsf\u00e4higkeit von ML f\u00fcr Analysen, Automatisierung und Personalisierung nutzen, k\u00f6nnen Unternehmen ihre Konkurrenten in puncto Effizienz, Innovation und Kundenzufriedenheit \u00fcbertreffen.<\/li>\n<\/ul>\n\n\n\n<h2 class=\"wp-block-heading\">Herausforderungen<\/h2>\n\n\n\n<p>Machine learning market research comes with its own set of challenges \u2013 and addressing these challenges is crucial for businesses to leverage machine learning in their market research endeavors effectively.<\/p>\n\n\n\n<ul class=\"wp-block-list\">\n<li><strong>Komplexit\u00e4t und technisches Know-how:<\/strong> Die Implementierung von Machine-Learning-L\u00f6sungen erfordert ein gewisses Ma\u00df an technischem Fachwissen. Die Komplexit\u00e4t dieser Systeme kann f\u00fcr Unternehmen ohne die erforderlichen technischen Ressourcen oder Kenntnisse ein Hindernis darstellen und erfordert Investitionen in qualifiziertes Personal oder Partnerschaften mit spezialisierten Anbietern.<\/li>\n\n\n\n<li><strong>Ethische und datenschutzbezogene \u00dcberlegungen:<\/strong> Da maschinelles Lernen h\u00e4ufig die Analyse von Verbraucherdaten beinhaltet, sind erhebliche ethische und datenschutzbezogene Bedenken zu ber\u00fccksichtigen. Unternehmen m\u00fcssen diese Probleme sorgf\u00e4ltig angehen, die Einhaltung der Datenschutzbestimmungen sicherstellen und das Vertrauen der Verbraucher aufrechterhalten.<\/li>\n\n\n\n<li><strong>Mit dem technologischen Fortschritt Schritt halten:<\/strong> Machine learning is rapidly evolving. Staying abreast of the latest developments and continually updating machine learning models and techniques can be resource-intensive.<\/li>\n<\/ul>\n\n\n\n<h2 class=\"wp-block-heading\">Zukunftsausblick<\/h2>\n\n\n\n<figure class=\"gb-block-image gb-block-image-288ef62a\"><img loading=\"lazy\" decoding=\"async\" width=\"1456\" height=\"816\" class=\"gb-image gb-image-288ef62a\" src=\"https:\/\/www.sisinternational.com\/wp-content\/uploads\/2025\/08\/Deep-learning-machine-learning-43.jpg\" alt=\"SIS International Marktforschung &amp; Strategie\" title=\"Deep learning machine learning (43)\" srcset=\"https:\/\/www.sisinternational.com\/wp-content\/uploads\/2025\/08\/Deep-learning-machine-learning-43.jpg 1456w, https:\/\/www.sisinternational.com\/wp-content\/uploads\/2025\/08\/Deep-learning-machine-learning-43-300x168.jpg 300w, https:\/\/www.sisinternational.com\/wp-content\/uploads\/2025\/08\/Deep-learning-machine-learning-43-1024x574.jpg 1024w, https:\/\/www.sisinternational.com\/wp-content\/uploads\/2025\/08\/Deep-learning-machine-learning-43-768x430.jpg 768w, https:\/\/www.sisinternational.com\/wp-content\/uploads\/2025\/08\/Deep-learning-machine-learning-43-18x10.jpg 18w\" sizes=\"auto, (max-width: 1456px) 100vw, 1456px\"><\/figure>\n\n\n\n<p><\/p>\n\n\n\n<p>Die Zukunft der Marktforschung mit maschinellem Lernen birgt ein enormes Potenzial f\u00fcr die Ver\u00e4nderung der Art und Weise, wie Unternehmen ihre M\u00e4rkte verstehen und mit ihnen interagieren. Da die Technologie sich weiter entwickelt, k\u00f6nnen wir in diesem Bereich mehrere Trends und Entwicklungen erwarten:<\/p>\n\n\n\n<ul class=\"wp-block-list\">\n<li><strong>Verbesserte Zug\u00e4nglichkeit und Demokratisierung:<\/strong> Advances in machine learning technology are likely to make it more accessible to a broader range of businesses, including small and medium-sized enterprises. User-friendly tools and platforms will lower the barrier to entry, allowing more companies to leverage the <a href=\"https:\/\/www.sisinternational.com\/de\/sachverstand\/branchen\/marktforschung-fur-elektrowerkzeuge\/\" title=\"Marktforschung f\u00fcr Elektrowerkzeuge\"  data-wpil-monitor-id=\"4068\">power of machine learning for market research<\/a>.<\/li>\n\n\n\n<li><strong>Integration mit anderen Technologien:<\/strong> Machine learning will increasingly be integrated with other emerging technologies like the Internet of Things (IoT), augmented reality (AR), and virtual reality (VR). This integration will provide richer data sources and comprehensive insights into consumer behavior and market trends.<\/li>\n\n\n\n<li><strong>Anpassung und Personalisierung:<\/strong> Der Trend zur Personalisierung wird sich verst\u00e4rken, da maschinelles Lernen noch besser zugeschnittene Produkte, Dienstleistungen und Marketingstrategien erm\u00f6glicht. Dies wird das Kundenerlebnis verbessern und die Markentreue st\u00e4rken.<\/li>\n\n\n\n<li><strong>Echtzeitanalyse und Entscheidungsfindung:<\/strong> The ability to process and analyze data in real-time will become increasingly important. Machine learning tools providing instant insights will empower businesses to make faster, data-driven decisions.<\/li>\n<\/ul>\n\n\n\n<h2 class=\"wp-block-heading\">SIS Solutions: Marktforschung f\u00fcr maschinelles Lernen und KI<\/h2>\n\n\n\n<p>Wir bieten Vorteile wie tiefe Einblicke in Wettbewerbslandschaften, Verbraucherverhalten und Markttrends durch modernste Marktforschungsmethoden in Kombination mit Technologien des maschinellen Lernens. Unsere Forscher f\u00fchren strategische Analysen durch, um Informationen in umsetzbare Erkenntnisse umzuwandeln und Kunden dabei zu helfen, die Marktforschung zum maschinellen Lernen und zur KI mit einem umfassenden Markt\u00fcberblick zu betrachten. Unsere L\u00f6sungen umfassen:<\/p>\n\n\n\n<ul class=\"wp-block-list\">\n<li>Erweiterte Verbrauchereinblicke durch detaillierte Datenanalyse<\/li>\n\n\n\n<li>Echtzeit-Marktanalysen zur schnellen Anpassung an Ver\u00e4nderungen<\/li>\n\n\n\n<li>Anpassungs- und Personalisierungsstrategien f\u00fcr Produkte und Marketing<\/li>\n\n\n\n<li>Fortschrittliche Produktentwicklungsunterst\u00fctzung durch Innovation<\/li>\n\n\n\n<li>Wettbewerbsanalyse als Grundlage f\u00fcr die strategische Planung<\/li>\n\n\n\n<li>Kontinuierliche Erkenntnisse zur Produkt- und Serviceoptimierung<\/li>\n\n\n\n<li>Pr\u00e4diktive Funktionen zur Risikominimierung und Chancenerkennung<\/li>\n<\/ul>\n\n\n\n<h2 class=\"wp-block-heading\">Unser Standort in New York<\/h2>\n\n\n\n<p>  <iframe loading=\"lazy\" src=\"https:\/\/www.google.com\/maps\/embed?pb=!1m18!1m12!1m3!1d3022.976188376966!2d-73.99130312499956!3d40.740549471389315!2m3!1f0!2f0!3f0!3m2!1i1024!2i768!4f13.1!3m3!1m2!1s0x89c259a15798c731%3A0xd695d09bdd495f25!2s11%20E%2022nd%20St%20FL%202%2C%20New%20York%2C%20NY%2010010%2C%20USA!5e0!3m2!1sen!2spe!4v1726171763526!5m2!1sen!2spe\" width=\"600\" height=\"450\" allowfullscreen=\"allowfullscreen\" data-mce-fragment=\"1\"><\/iframe>  <\/p>\n\n\n\n<h3 class=\"wp-block-heading\">11 E 22nd Street, Floor 2, New York, NY 10010 T: +1(212) 505-6805<\/h3>\n\n\n\n<hr class=\"wp-block-separator has-alpha-channel-opacity\"\/>\n\n\n\n<h2 class=\"wp-block-heading\"><span style=\"font-weight: 400;\">\u00dcber SIS International<\/span><\/h2>\n\n\n\n<p><a href=\"https:\/\/www.sisinternational.com\/de\/\"><span style=\"font-weight: 400;\">SIS International<\/span><\/a><span style=\"font-weight: 400;\"> bietet quantitative, qualitative und strategische Forschung an. Wir liefern Daten, Tools, Strategien, Berichte und Erkenntnisse zur Entscheidungsfindung. Wir f\u00fchren auch Interviews, Umfragen, Fokusgruppen und andere Methoden und Ans\u00e4tze der Marktforschung durch.<\/span><a href=\"https:\/\/www.sisinternational.com\/de\/uber-sis-international-research\/contact-sis-international-market-research\/\"><span style=\"font-weight: 400;\"> Kontakt<\/span><\/a><span style=\"font-weight: 400;\"> f\u00fcr Ihr n\u00e4chstes Marktforschungsprojekt.<\/span><\/p>\n\n\n\n<hr class=\"wp-block-separator has-alpha-channel-opacity\"\/>\n\n\n\n<h2 class=\"wp-block-heading\">&nbsp;<\/h2>","protected":false},"excerpt":{"rendered":"<p>Marktforschung mit maschinellem Lernen und KI hilft Unternehmen, Wettbewerb, Verbraucherverhalten, Algorithmen und Markttrends zu verstehen.<\/p>","protected":false},"author":1,"featured_media":64407,"parent":44406,"menu_order":1,"comment_status":"closed","ping_status":"closed","template":"","meta":{"footnotes":""},"class_list":["post-44409","page","type-page","status-publish","has-post-thumbnail"],"_links":{"self":[{"href":"https:\/\/www.sisinternational.com\/de\/wp-json\/wp\/v2\/pages\/44409","targetHints":{"allow":["GET"]}}],"collection":[{"href":"https:\/\/www.sisinternational.com\/de\/wp-json\/wp\/v2\/pages"}],"about":[{"href":"https:\/\/www.sisinternational.com\/de\/wp-json\/wp\/v2\/types\/page"}],"author":[{"embeddable":true,"href":"https:\/\/www.sisinternational.com\/de\/wp-json\/wp\/v2\/users\/1"}],"replies":[{"embeddable":true,"href":"https:\/\/www.sisinternational.com\/de\/wp-json\/wp\/v2\/comments?post=44409"}],"version-history":[{"count":13,"href":"https:\/\/www.sisinternational.com\/de\/wp-json\/wp\/v2\/pages\/44409\/revisions"}],"predecessor-version":[{"id":79730,"href":"https:\/\/www.sisinternational.com\/de\/wp-json\/wp\/v2\/pages\/44409\/revisions\/79730"}],"up":[{"embeddable":true,"href":"https:\/\/www.sisinternational.com\/de\/wp-json\/wp\/v2\/pages\/44406"}],"wp:featuredmedia":[{"embeddable":true,"href":"https:\/\/www.sisinternational.com\/de\/wp-json\/wp\/v2\/media\/64407"}],"wp:attachment":[{"href":"https:\/\/www.sisinternational.com\/de\/wp-json\/wp\/v2\/media?parent=44409"}],"curies":[{"name":"wp","href":"https:\/\/api.w.org\/{rel}","templated":true}]}}