{"id":44085,"date":"2023-11-06T14:15:36","date_gmt":"2023-11-06T19:15:36","guid":{"rendered":"https:\/\/www.sisinternational.com\/?page_id=44085"},"modified":"2025-10-19T01:40:43","modified_gmt":"2025-10-19T05:40:43","slug":"kreuztabelle-marktforschung","status":"publish","type":"page","link":"https:\/\/www.sisinternational.com\/de\/sachverstand\/kreuztabelle-marktforschung\/","title":{"rendered":"Kreuztabellen-Marktforschung"},"content":{"rendered":"<h1 class=\"wp-block-heading\">Kreuztabellen-Marktforschung<\/h1>\n\n\n\n<figure class=\"gb-block-image gb-block-image-644676f9\"><img loading=\"lazy\" decoding=\"async\" width=\"1456\" height=\"816\" class=\"gb-image gb-image-644676f9\" src=\"https:\/\/www.sisinternational.com\/wp-content\/uploads\/2025\/09\/Quantitative-research-1d4-3.jpg\" alt=\"SIS International Marktforschung &amp; Strategie\" title=\"Quantitative research (1d4) (3)\" srcset=\"https:\/\/www.sisinternational.com\/wp-content\/uploads\/2025\/09\/Quantitative-research-1d4-3.jpg 1456w, https:\/\/www.sisinternational.com\/wp-content\/uploads\/2025\/09\/Quantitative-research-1d4-3-300x168.jpg 300w, https:\/\/www.sisinternational.com\/wp-content\/uploads\/2025\/09\/Quantitative-research-1d4-3-1024x574.jpg 1024w, https:\/\/www.sisinternational.com\/wp-content\/uploads\/2025\/09\/Quantitative-research-1d4-3-768x430.jpg 768w, https:\/\/www.sisinternational.com\/wp-content\/uploads\/2025\/09\/Quantitative-research-1d4-3-18x10.jpg 18w\" sizes=\"auto, (max-width: 1456px) 100vw, 1456px\"><\/figure>\n\n\n\n<p><\/p>\n\n\n\n<p>Mithilfe von Kreuztabellen k\u00f6nnen Unternehmen tiefere Erkenntnisse aus riesigen Datens\u00e4tzen gewinnen und Zahlen und Trends interpretieren, um Entscheidungen zu treffen. Aber was genau ist diese Technik und warum erweist sie sich f\u00fcr Unternehmen auf der ganzen Welt als unsch\u00e4tzbar wertvoll?<\/p>\n\n\n\n<h2 class=\"wp-block-heading\">Bedeutung der Kreuztabellen-Marktforschung<\/h2>\n\n\n\n<p>Kreuztabellierung (oft als Kreuztabelle abgek\u00fcrzt) ist eine Methode zur Anzeige von Daten aus zwei oder mehr Variablen in einem Kontingenztabellenformat. Sie zeigt im Wesentlichen die Beziehung zwischen diesen Variablen auf und macht komplexe Datens\u00e4tze verst\u00e4ndlicher.<\/p>\n\n\n\n<p>Die Marktforschung mit Kreuztabellen hat an Bedeutung gewonnen, da sie Muster und Trends aufzeigen kann, die sonst verborgen bleiben w\u00fcrden. Eine Marke m\u00f6chte beispielsweise die Beziehung zwischen demografischen Merkmalen der Kunden wie Alter und Produktpr\u00e4ferenzen untersuchen. Mithilfe von Kreuztabellen kann sie schnell herausfinden, welche Altersgruppen welche bestimmten Produkte bevorzugen. Die daraus gewonnenen Erkenntnisse sind weitaus greifbarer und umsetzbarer als bei der Betrachtung einzelner Datens\u00e4tze.<\/p>\n\n\n\n<p>In marketing scenarios, cross-tabulation enables businesses to segment their audience more precisely. <a href=\"https:\/\/www.sisinternational.com\/de\/sachverstand\/branchen\/marktforschung-fur-airline-essen-im-bordcatering\/\" title=\"Marktforschung f\u00fcr Flugzeugnahrung und Bordverpflegung\"  data-wpil-monitor-id=\"8406\">Marketers can align their campaigns to cater<\/a> to specific demographics based on their observed behavior. Furthermore, this type of research is not confined to just marketing; its applications span across sectors, including health, finance, and social sciences, to name a few.<\/p>\n\n\n\n<h2 class=\"wp-block-heading\">Was sind die Vorteile der kreuztabellarischen Marktforschung?<\/h2>\n\n\n\n<figure class=\"gb-block-image gb-block-image-28920733\"><img loading=\"lazy\" decoding=\"async\" width=\"1456\" height=\"816\" class=\"gb-image gb-image-28920733\" src=\"https:\/\/www.sisinternational.com\/wp-content\/uploads\/2025\/09\/Quantitative-research-20.jpg\" alt=\"SIS International Marktforschung &amp; Strategie\" title=\"Quantitative research (20)\" srcset=\"https:\/\/www.sisinternational.com\/wp-content\/uploads\/2025\/09\/Quantitative-research-20.jpg 1456w, https:\/\/www.sisinternational.com\/wp-content\/uploads\/2025\/09\/Quantitative-research-20-300x168.jpg 300w, https:\/\/www.sisinternational.com\/wp-content\/uploads\/2025\/09\/Quantitative-research-20-1024x574.jpg 1024w, https:\/\/www.sisinternational.com\/wp-content\/uploads\/2025\/09\/Quantitative-research-20-768x430.jpg 768w, https:\/\/www.sisinternational.com\/wp-content\/uploads\/2025\/09\/Quantitative-research-20-18x10.jpg 18w\" sizes=\"auto, (max-width: 1456px) 100vw, 1456px\"><\/figure>\n\n\n\n<p><\/p>\n\n\n\n<p>Die Nutzung von Kreuztabellen-Marktforschung in Gesch\u00e4ftsprozessen kann erhebliche Vorteile bringen und die Entscheidungsfindung und Strategieformulierung verbessern. Hier sind einige der deutlichsten Vorteile:<\/p>\n\n\n\n<p><strong>Verbesserte Datenvisualisierung:<\/strong> Tabellen mit Zeilen und Spalten voller Rohdaten k\u00f6nnen schwierig zu verarbeiten sein. Kreuztabellierung bietet ein strukturiertes Format, das die Beziehung zwischen Variablen visuell darstellt und so die Erkennung von Trends und Mustern erleichtert.<\/p>\n\n\n\n<p><strong>Effiziente Datenanalyse:<\/strong> Die Kreuztabellen-Marktforschung erm\u00f6glicht einen schnellen Vergleich verschiedener Variablen. So k\u00f6nnen Unternehmen Korrelationen oder Unterschiede in Datens\u00e4tzen sofort erkennen, was zu schnelleren Entscheidungsprozessen f\u00fchrt.<\/p>\n\n\n\n<p><strong>Strategische Marketingeinblicke:<\/strong> By understanding the relationship between variables such as product preference across different age groups or regions, <a href=\"https:\/\/www.sisinternational.com\/de\/top-unternehmen-fur-b2b-markteinfuhrungsstrategien\/\" title=\"F\u00fchrendes Unternehmen f\u00fcr B2B-Markteinf\u00fchrungsstrategien\"  data-wpil-monitor-id=\"8399\">companies can tailor their marketing strategies<\/a> more effectively. This could result in higher engagement rates and increased ROI.<\/p>\n\n\n\n<p><strong>Kosteneffizienz:<\/strong> Anstatt in aufw\u00e4ndigere und teurere Forschungsmethoden zu investieren, bietet die Marktforschung mithilfe von Kreuztabellen eine kosteng\u00fcnstige M\u00f6glichkeit, aus den verf\u00fcgbaren Daten umsetzbare Erkenntnisse zu gewinnen.<\/p>\n\n\n\n<p><strong>Informed <\/strong><a href=\"https:\/\/www.sisinternational.com\/de\/73903-2\/\" title=\"Turn Consumer Flavor Preferences Into Winning Products\"  data-wpil-monitor-id=\"8401\">Product Development: Understanding consumer preferences<\/a>, behaviors, and needs can be streamlined with cross-tabulation. These insights can guide the development of products or services that resonate more deeply with target audiences.<\/p>\n\n\n\n<p><strong>Ma\u00dfgeschneiderte Marketingkampagnen:<\/strong> Mithilfe von Kreuztabellen-Marktforschung k\u00f6nnen Unternehmen ermitteln, welche demografischen Gruppen am meisten Anklang bei ihren Produkten oder Dienstleistungen finden. Dies bedeutet, dass Marketingkampagnen gezielter ausgerichtet werden k\u00f6nnen, wodurch sichergestellt wird, dass Ressourcen effizient eingesetzt werden und Botschaften das empf\u00e4nglichste Publikum erreichen.<\/p>\n\n\n\n<p><strong>Pr\u00e4diktive Analyse:<\/strong> Mithilfe historischer Daten und Kreuztabellen k\u00f6nnen Unternehmen zuk\u00fcnftige Trends vorhersagen, sodass sie immer einen Schritt voraus sind und sich proaktiv an ver\u00e4nderte Marktdynamiken anpassen k\u00f6nnen.<\/p>\n\n\n\n<h2 class=\"wp-block-heading\">Kreuztabellen-Marktforschung: Neue Trends<\/h2>\n\n\n\n<p>Cross tabulation is evolving with <a href=\"https:\/\/www.sisinternational.com\/de\/sachverstand\/branchen\/lebensmittel-und-getranketechnologie-marktforschung-lebensmitteltechnologie\/\" title=\"Marktforschung f\u00fcr Lebensmittel- und Getr\u00e4nketechnologie | Food Tech\"  data-wpil-monitor-id=\"8402\">technology and changing market<\/a> needs \u2013 and here are some of the emerging trends in cross tabulation market research that are changing how it is conducted today:<\/p>\n\n\n\n<p><strong>Big Data und Kreuztabellen:<\/strong> Das schiere Volumen, die Vielfalt und die Geschwindigkeit der heute verf\u00fcgbaren Daten sind enorm. Kreuztabellentools werden an die Verarbeitung gro\u00dfer Datenmengen angepasst und erm\u00f6glichen die Kreuztabellenbildung gro\u00dfer Datens\u00e4tze, um tiefere Erkenntnisse zu gewinnen.<\/p>\n\n\n\n<p><strong>Maschinelles Lernen und KI:<\/strong> As machine learning and AI tools become more accessible, they&#8217;re being used in tandem with cross-tabulation. These technologies can help identify patterns and relationships that might be missed through traditional analysis. Additionally, cross-tabulation results are being integrated with advanced <a href=\"https:\/\/www.sisinternational.com\/de\/losungen\/strategieberatung\/datenanalyse\/\" title=\"Datenanalyse-Unternehmen\"  data-wpil-monitor-id=\"8404\">data visualization and analytics<\/a> tools. This allows for richer insights and better <a href=\"https:\/\/www.sisinternational.com\/de\/sachverstand\/branchen\/beratung-zur-datenvisualisierung\/\" title=\"Datenvisualisierungsberatung\"  data-wpil-monitor-id=\"8405\">visualization of data<\/a> relationships.<\/p>\n\n\n\n<p><strong>Automatisierte Analyse:<\/strong> Automatisierungstools unterst\u00fctzen bei der automatischen Generierung von Kreuztabellen auf Grundlage der relevantesten und am h\u00e4ufigsten gesuchten Kombinationen. Dadurch wird der manuelle Arbeitsaufwand reduziert und der Rechercheprozess optimiert.<\/p>\n\n\n\n<p><strong>Integration mit qualitativen Daten:<\/strong> Es gibt einen wachsenden Trend, quantitative Daten (aus Kreuztabellen) mit qualitativen Erkenntnissen zu kombinieren. Dies erm\u00f6glicht eine ganzheitlichere Sicht auf den Markt, indem harte Zahlen mit differenzierten menschlichen Erkenntnissen kombiniert werden.<\/p>\n\n\n\n<p><strong>Fokus auf UX\/UI in Cross-Tab-Tools:<\/strong> Da sich die Benutzerbasis f\u00fcr Kreuztabellentools \u00fcber Forscher hinaus erweitert und auch andere Gesch\u00e4ftsleute einschlie\u00dft, wird ein gr\u00f6\u00dferer Schwerpunkt auf die Verbesserung der Benutzeroberfl\u00e4che und des Benutzererlebnisses gelegt.<\/p>\n\n\n\n<h2 class=\"wp-block-heading\">Was sind die Chancen und Herausforderungen der kreuztabellenbasierten Marktforschung f\u00fcr Unternehmen?<\/h2>\n\n\n\n<figure class=\"gb-block-image gb-block-image-7d142e1d\"><img loading=\"lazy\" decoding=\"async\" width=\"1456\" height=\"816\" class=\"gb-image gb-image-7d142e1d\" src=\"https:\/\/www.sisinternational.com\/wp-content\/uploads\/2025\/09\/Quantitative-research-1d4-5.jpg\" alt=\"SIS International Marktforschung &amp; Strategie\" title=\"Quantitative research (1d4) (5)\" srcset=\"https:\/\/www.sisinternational.com\/wp-content\/uploads\/2025\/09\/Quantitative-research-1d4-5.jpg 1456w, https:\/\/www.sisinternational.com\/wp-content\/uploads\/2025\/09\/Quantitative-research-1d4-5-300x168.jpg 300w, https:\/\/www.sisinternational.com\/wp-content\/uploads\/2025\/09\/Quantitative-research-1d4-5-1024x574.jpg 1024w, https:\/\/www.sisinternational.com\/wp-content\/uploads\/2025\/09\/Quantitative-research-1d4-5-768x430.jpg 768w, https:\/\/www.sisinternational.com\/wp-content\/uploads\/2025\/09\/Quantitative-research-1d4-5-18x10.jpg 18w\" sizes=\"auto, (max-width: 1456px) 100vw, 1456px\"><\/figure>\n\n\n\n<p><\/p>\n\n\n\n<p>Die Kreuztabellen-Marktforschung bietet Unternehmen, die das volle Potenzial ihrer Daten aussch\u00f6pfen m\u00f6chten, eine wahre Fundgrube an M\u00f6glichkeiten. Hier erfahren Sie, wie Unternehmen Kreuztabellen nutzen k\u00f6nnen, um ihre Rentabilit\u00e4t, Produktivit\u00e4t und Marktreichweite zu steigern \u2013 und welche Herausforderungen sie bei der Durchf\u00fchrung dieser Forschung bew\u00e4ltigen m\u00fcssen:<\/p>\n\n\n\n<h3 class=\"wp-block-heading\">Gelegenheiten<\/h3>\n\n\n\n<p><strong>Strategische Produktplatzierung:<\/strong> Unternehmen k\u00f6nnen fundierte Entscheidungen dar\u00fcber treffen, wo bestimmte Produkte gelagert werden sollen, indem sie das Kaufverhalten in verschiedenen Regionen oder Gesch\u00e4ften analysieren. Dadurch k\u00f6nnen der Umsatz optimiert und die Lagerkosten gesenkt werden.<\/p>\n\n\n\n<p><strong>Erweiterung der Marktreichweite:<\/strong> Cross tabulation market research can identify untapped markets or demographics that might be interested in a business&#8217;s products or services. This opens doors to new <a href=\"https:\/\/www.sisinternational.com\/de\/sachverstand\/branchen\/marktforschung-fur-video-und-musikstreaming\/\" title=\"Marktforschung f\u00fcr Video- und Musik-Streaming\"  data-wpil-monitor-id=\"8403\">marketing campaigns and potential revenue streams<\/a>.<\/p>\n\n\n\n<p><strong>Verbesserung der Kundenerfahrung:<\/strong> Durch ein umfassendes Verst\u00e4ndnis der verschiedenen Kundensegmente k\u00f6nnen Unternehmen das Kundenerlebnis optimieren und so eine h\u00f6here Zufriedenheit und Loyalit\u00e4t sicherstellen.<\/p>\n\n\n\n<h3 class=\"wp-block-heading\">Herausforderungen<\/h3>\n\n\n\n<figure class=\"gb-block-image gb-block-image-b70be8f3\"><img loading=\"lazy\" decoding=\"async\" width=\"1456\" height=\"816\" class=\"gb-image gb-image-b70be8f3\" src=\"https:\/\/www.sisinternational.com\/wp-content\/uploads\/2025\/09\/Quantitative-research-1d4-1.jpg\" alt=\"SIS International Marktforschung &amp; Strategie\" title=\"Quantitative research (1d4) (1)\" srcset=\"https:\/\/www.sisinternational.com\/wp-content\/uploads\/2025\/09\/Quantitative-research-1d4-1.jpg 1456w, https:\/\/www.sisinternational.com\/wp-content\/uploads\/2025\/09\/Quantitative-research-1d4-1-300x168.jpg 300w, https:\/\/www.sisinternational.com\/wp-content\/uploads\/2025\/09\/Quantitative-research-1d4-1-1024x574.jpg 1024w, https:\/\/www.sisinternational.com\/wp-content\/uploads\/2025\/09\/Quantitative-research-1d4-1-768x430.jpg 768w, https:\/\/www.sisinternational.com\/wp-content\/uploads\/2025\/09\/Quantitative-research-1d4-1-18x10.jpg 18w\" sizes=\"auto, (max-width: 1456px) 100vw, 1456px\"><\/figure>\n\n\n\n<p><\/p>\n\n\n\n<p><strong>Komplexit\u00e4t der Dateninterpretation:<\/strong> Durch Kreuztabellen k\u00f6nnen Tabellen mit gro\u00dfen Datenmengen erstellt werden. Die Interpretation dieser Tabellen, insbesondere der Tabellen mit mehreren Variablen, kann komplex sein und erfordert m\u00f6glicherweise Fachwissen. Kreuztabellen k\u00f6nnen zwar Beziehungen zwischen zwei Variablen aufdecken, erfassen jedoch m\u00f6glicherweise nicht die Interaktionseffekte zwischen mehreren Variablen, die tiefere Einblicke bieten k\u00f6nnten.<\/p>\n\n\n\n<p><strong>Risiko einer Fehlinterpretation:<\/strong> Aus den offensichtlichen Trends in Kreuztabellendaten kann man leicht voreilige Schlussfolgerungen ziehen. Ohne ein tiefes Verst\u00e4ndnis der beteiligten Variablen und des Gesamtkontexts besteht jedoch die Gefahr, die Ergebnisse falsch zu interpretieren.<\/p>\n\n\n\n<p><strong>\u00dcberm\u00e4\u00dfiges Vertrauen in quantitative Daten:<\/strong> While cross tabulation market research is exceptional for analyzing quantitative data, it may not capture qualitative nuances. Businesses must ensure they&#8217;re not neglecting the <a href=\"https:\/\/www.sisinternational.com\/de\/sampling-techniques-in-qualitative-research-the-complete-guide-to-choosing-the-right-method\/\" title=\"Sampling Techniques in Qualitative Research: The Complete Guide to Choosing the Right Method\"  data-wpil-monitor-id=\"8400\">qualitative insights that other research methods<\/a> might offer. Moreover, businesses might focus too much on the observable patterns in the cross-tabulated data, potentially missing out on underlying factors or trends that aren&#8217;t immediately apparent.<\/p>\n\n\n\n<p><strong>Software- und Schulungskosten:<\/strong> F\u00fcr eine effektive Kreuztabellen-Marktforschung sind m\u00f6glicherweise anspruchsvolle Software und Tools erforderlich. Dar\u00fcber hinaus k\u00f6nnen Schulungskosten anfallen, damit die Mitarbeiter diese Tools richtig verwenden und die Ergebnisse interpretieren k\u00f6nnen.<\/p>\n\n\n\n<p><\/p>","protected":false},"excerpt":{"rendered":"<p>Mithilfe von Kreuztabellen zur Marktforschung k\u00f6nnen Unternehmen tiefere Erkenntnisse aus Datens\u00e4tzen gewinnen und Zahlen und Trends interpretieren, um Entscheidungen zu treffen.<\/p>","protected":false},"author":1,"featured_media":67013,"parent":14514,"menu_order":403,"comment_status":"closed","ping_status":"closed","template":"","meta":{"footnotes":""},"class_list":["post-44085","page","type-page","status-publish","has-post-thumbnail"],"_links":{"self":[{"href":"https:\/\/www.sisinternational.com\/de\/wp-json\/wp\/v2\/pages\/44085","targetHints":{"allow":["GET"]}}],"collection":[{"href":"https:\/\/www.sisinternational.com\/de\/wp-json\/wp\/v2\/pages"}],"about":[{"href":"https:\/\/www.sisinternational.com\/de\/wp-json\/wp\/v2\/types\/page"}],"author":[{"embeddable":true,"href":"https:\/\/www.sisinternational.com\/de\/wp-json\/wp\/v2\/users\/1"}],"replies":[{"embeddable":true,"href":"https:\/\/www.sisinternational.com\/de\/wp-json\/wp\/v2\/comments?post=44085"}],"version-history":[{"count":4,"href":"https:\/\/www.sisinternational.com\/de\/wp-json\/wp\/v2\/pages\/44085\/revisions"}],"predecessor-version":[{"id":81409,"href":"https:\/\/www.sisinternational.com\/de\/wp-json\/wp\/v2\/pages\/44085\/revisions\/81409"}],"up":[{"embeddable":true,"href":"https:\/\/www.sisinternational.com\/de\/wp-json\/wp\/v2\/pages\/14514"}],"wp:featuredmedia":[{"embeddable":true,"href":"https:\/\/www.sisinternational.com\/de\/wp-json\/wp\/v2\/media\/67013"}],"wp:attachment":[{"href":"https:\/\/www.sisinternational.com\/de\/wp-json\/wp\/v2\/media?parent=44085"}],"curies":[{"name":"wp","href":"https:\/\/api.w.org\/{rel}","templated":true}]}}