{"id":44081,"date":"2023-11-06T14:06:45","date_gmt":"2023-11-06T19:06:45","guid":{"rendered":"https:\/\/www.sisinternational.com\/?page_id=44081"},"modified":"2026-01-26T18:35:35","modified_gmt":"2026-01-26T23:35:35","slug":"konkurrenzanalyse","status":"publish","type":"page","link":"https:\/\/www.sisinternational.com\/de\/sachverstand\/konkurrenzanalyse\/","title":{"rendered":"Wettbewerbsanalyse"},"content":{"rendered":"<h1 class=\"wp-block-heading\">Wettbewerbsanalyse<\/h1>\n\n\n\n<figure class=\"gb-block-image gb-block-image-c0f3e8bf\"><img loading=\"lazy\" decoding=\"async\" width=\"1456\" height=\"816\" class=\"gb-image gb-image-c0f3e8bf\" src=\"https:\/\/www.sisinternational.com\/wp-content\/uploads\/2025\/10\/growth.png\" alt=\"SIS International Marktforschung &amp; Strategie\" title=\"growth\" srcset=\"https:\/\/www.sisinternational.com\/wp-content\/uploads\/2025\/10\/growth.png 1456w, https:\/\/www.sisinternational.com\/wp-content\/uploads\/2025\/10\/growth-300x168.png 300w, https:\/\/www.sisinternational.com\/wp-content\/uploads\/2025\/10\/growth-1024x574.png 1024w, https:\/\/www.sisinternational.com\/wp-content\/uploads\/2025\/10\/growth-768x430.png 768w, https:\/\/www.sisinternational.com\/wp-content\/uploads\/2025\/10\/growth-18x10.png 18w\" sizes=\"auto, (max-width: 1456px) 100vw, 1456px\"><\/figure>\n\n\n\n<p><\/p>\n\n\n\n<p>Haben Sie sich schon einmal gefragt, warum manche Unternehmen eine unheimliche F\u00e4higkeit besitzen, Marktver\u00e4nderungen vorherzusehen, Produkte zeitgerecht auf den Markt zu bringen oder auf die Probleme ihrer Kunden einzugehen? Die Antwort ist in der Regel eine Konkurrenzanalyse. Die meisten erfolgreichen Gesch\u00e4ftsstrategien basieren auf einem tiefen Verst\u00e4ndnis ihrer Zielgruppe, aber auch der Schritte ihrer direkten und indirekten Konkurrenten.<\/p>\n\n\n\n<h2 class=\"wp-block-heading\">Warum sollten Unternehmen in die Konkurrenzanalyse investieren?<\/h2>\n\n\n\n<p>Durch die Konkurrenzanalyse erhalten Unternehmen einen umfassenden \u00dcberblick \u00fcber die Marktlandschaft. Sie zeichnet ein klares Bild davon, wo das Unternehmen im Vergleich zu seinen Konkurrenten steht, und wirft ein Licht auf die St\u00e4rken und Schw\u00e4chen der Konkurrenten. Dieses Wissen bietet Unternehmen den einzigartigen Vorteil, die Schw\u00e4chen der Konkurrenz auszunutzen und gleichzeitig ihre Angebote gegen\u00fcber den St\u00e4rken der Konkurrenz zu st\u00e4rken.<\/p>\n\n\n\n<p>Wenn ein Konkurrent beispielsweise \u00fcber eine starke Marke verf\u00fcgt, es ihm aber an Kundenservice mangelt, kann sich ein Unternehmen durch die Bereitstellung eines au\u00dfergew\u00f6hnlichen Kundendienstes von der Konkurrenz abheben.<\/p>\n\n\n\n<p>Furthermore, by understanding the strategies and tactics that competitors are employing, <a href=\"https:\/\/www.sisinternational.com\/de\/veroffentlichungen\/skalierbare-geschaftsmarktforschung-7-moglichkeiten-zum-aufbau-eines-skalierbaren-geschafts\/\" title=\"Marktforschung f\u00fcr skalierbare Unternehmen: 7 M\u00f6glichkeiten zum Aufbau eines skalierbaren Unternehmens\"  data-wpil-monitor-id=\"8364\">businesses can anticipate market<\/a> shifts. When a key competitor launches a new <a href=\"https:\/\/www.sisinternational.com\/de\/sachverstand\/lebenslaufe\/marktforschung-fur-korperpflegeprodukte\/\" title=\"Marktforschung f\u00fcr K\u00f6rperpflegeprodukte\"  data-wpil-monitor-id=\"8363\">product or enters a new market<\/a>, it&#8217;s often a signal of a larger trend or shift. Being aware of this allows businesses to pivot their strategies proactively.<\/p>\n\n\n\n<h2 class=\"wp-block-heading\">Welche Vorteile bietet die Konkurrenzanalyse Unternehmen?<\/h2>\n\n\n\n<p>Das Eintauchen in die Konkurrenzanalyse kann sich f\u00fcr Unternehmen wie das \u00d6ffnen einer Schatztruhe voller Erkenntnisse anf\u00fchlen. Die Vorteile, die sich aus diesem Prozess ergeben, k\u00f6nnen tiefgreifende Auswirkungen auf Strategie, Innovation und Wachstum haben \u2013 und aus diesen Gr\u00fcnden sollte jedes Unternehmen eine Konkurrenzanalyse durchf\u00fchren:<\/p>\n\n\n\n<p><strong>Datengesteuerte Entscheidungsfindung:<\/strong> Entscheidungen, die auf Daten und Erkenntnissen basieren, sind oft pr\u00e4ziser und wirkungsvoller. Wenn Unternehmen das Wettbewerbsumfeld verstehen, k\u00f6nnen sie proaktive statt reaktive Entscheidungen treffen und zuk\u00fcnftige Marktver\u00e4nderungen vorhersehen und sich entsprechend vorbereiten.<\/p>\n\n\n\n<p><strong>M\u00f6glichkeiten aufdecken:<\/strong> <a href=\"https:\/\/www.sisinternational.com\/de\/sachverstand\/branchen\/geschaftsentscheider-marktforschung\/\" title=\"Marktforschung f\u00fcr Entscheidungstr\u00e4ger in Unternehmen\"  data-wpil-monitor-id=\"8362\">Research often leads businesses<\/a> to discover untapped market segments, new product ideas, or service enhancements that competitors might have missed.<\/p>\n\n\n\n<p><strong>Verbesserte Marketingstrategien:<\/strong> By understanding the marketing tactics that resonate with the audience (based on competitors&#8217; successful campaigns), businesses can <a href=\"https:\/\/www.sisinternational.com\/de\/die-rolle-der-prozess-und-systementwicklung-fur-den-unternehmenserfolg\/\" title=\"Organisationsdesign Marktforschung\"  data-wpil-monitor-id=\"8360\">design more effective marketing strategies<\/a>. This means better ROI on marketing investments.<\/p>\n\n\n\n<p><strong>Benchmarking:<\/strong> Mithilfe der Konkurrenzanalyse k\u00f6nnen Unternehmen Ma\u00dfst\u00e4be f\u00fcr sich selbst setzen. Dies kann in Bezug auf Produkteigenschaften, Servicequalit\u00e4t, Marketingeffektivit\u00e4t oder andere Kennzahlen geschehen.<\/p>\n\n\n\n<p><strong>Kosteneffizienz:<\/strong> Instead of learning through trial and error, <a href=\"https:\/\/www.sisinternational.com\/de\/predictive-analytics\/\" title=\"Predictive Analytics: Your Crystal Ball for Business Success\"  data-wpil-monitor-id=\"8366\">businesses can look at competitors&#8217; successes<\/a> and failures. This not only accelerates learning but can also lead to more cost-efficient operations.<\/p>\n\n\n\n<p><strong>Risikomanagement:<\/strong> Recognizing competitive threats early on enables businesses to adapt and respond, thereby reducing potential risks to <a href=\"https:\/\/www.sisinternational.com\/de\/non-profit-market-research\/\" title=\"Non-Profit-Marktforschung\"  data-wpil-monitor-id=\"8365\">market share or profitability<\/a>.<\/p>\n\n\n\n<p><strong>Vertrauen der Stakeholder:<\/strong> Wenn Sie zeigen, dass Sie sich des Wettbewerbsumfelds bewusst sind, k\u00f6nnen Sie das Vertrauen Ihrer Stakeholder \u2013 von Investoren bis zu Mitarbeitern \u2013 st\u00e4rken, da Sie dadurch einen proaktiven und strategischen Ansatz f\u00fcr die Gesch\u00e4ftsf\u00fchrung erkennen.<\/p>\n\n\n\n<h2 class=\"wp-block-heading\">M\u00f6glichkeiten der Wettbewerbsforschung f\u00fcr Unternehmen<\/h2>\n\n\n\n<p>Die Konkurrenzanalyse bietet einen klareren \u00dcberblick \u00fcber die M\u00f6glichkeiten, die Unternehmen f\u00fcr Wachstum, Rentabilit\u00e4t und Expansion nutzen k\u00f6nnen. Hier ist ein tiefer Einblick in die zahlreichen M\u00f6glichkeiten, die sich aus der Konkurrenzanalyse ergeben:<\/p>\n\n\n\n<p><strong>Produktunterscheidung:<\/strong> Unternehmen k\u00f6nnen L\u00fccken im Angebot der Konkurrenz erkennen und Produkte oder Dienstleistungen entwickeln, die diese L\u00fccken f\u00fcllen. Dadurch k\u00f6nnen sie nicht nur einzigartige Wertangebote schaffen, sondern auch Premiumpreise erzielen.<\/p>\n\n\n\n<p><strong>Strategische Partnerschaft:<\/strong> Das Verst\u00e4ndnis der Konkurrenz kann das Potenzial f\u00fcr Partnerschaften statt f\u00fcr Wettbewerb aufzeigen. Manchmal kann eine Zusammenarbeit vorteilhafter sein als ein Wettbewerb und zu einem gr\u00f6\u00dferen Marktanteil f\u00fcr beide Parteien f\u00fchren.<\/p>\n\n\n\n<p><a href=\"https:\/\/www.sisinternational.com\/de\/business-to-business-segmentierung\/\" title=\"Business-to-Business-Marktsegmentierung\"  data-wpil-monitor-id=\"8367\">Market Expansion: Identifying regions or segments<\/a> where competitors are underperforming can pave the way for businesses to expand into these untapped territories, capturing a fresh audience.<\/p>\n\n\n\n<p><strong>Verfeinerung der Preisstrategie:<\/strong> Eine Wettbewerbsanalyse kann Einblicke in die Preisstrategien der Konkurrenz bieten. Mit diesem Wissen k\u00f6nnen Unternehmen ihre Angebote attraktiver gestalten, sei es durch wettbewerbsf\u00e4hige Preise, Paketangebote oder Mehrwertdienste.<\/p>\n\n\n\n<p><strong>Einf\u00fchrung der Technologie:<\/strong> Das Erkennen der Technologien und Tools, die von der Konkurrenz genutzt werden, kann Unternehmen dazu inspirieren, \u00e4hnliche (oder bessere) L\u00f6sungen zu \u00fcbernehmen und so die Effizienz, das Kundenerlebnis und die Betriebsabl\u00e4ufe zu verbessern.<\/p>\n\n\n\n<p><strong>Markenpositionierung:<\/strong> Durch die Untersuchung der Markenbotschaften und Kundenwahrnehmung der Konkurrenz k\u00f6nnen Unternehmen ihre Botschaften \u00fcberzeugender gestalten und so sicherstellen, dass sie mit den W\u00fcnschen, Bed\u00fcrfnissen und Werten der Zielgruppe im Einklang stehen.<\/p>\n\n\n\n<p><a href=\"https:\/\/www.sisinternational.com\/de\/losungen\/strategieberatung\/identifizierung-von-fusions-und-ubernahmezielen\/\" title=\"Fusions- und \u00dcbernahmeforschung\"  data-wpil-monitor-id=\"6960\">Acquisition Targets: Competitor research<\/a> might reveal struggling competitors who could be potential acquisition targets. Acquiring such businesses can lead to rapid expansion, technology acquisition, or elimination of competition.<\/p>\n\n\n\n<p><strong>Innovationskatalysator:<\/strong> Understanding what competitors are doing can spark innovation. Businesses can either improve upon competitors&#8217; ideas or find entirely new <a href=\"https:\/\/www.sisinternational.com\/de\/smart-home-marktforschung\/\" title=\"Smart Home Marktforschung\"  data-wpil-monitor-id=\"8361\">solutions to market<\/a> needs.<\/p>\n\n\n\n<p><strong>Ma\u00dfgeschneiderte Marketingkampagnen:<\/strong> Indem Unternehmen beobachten, welche Marketingkampagnen ihrer Wettbewerber erfolgreich sind und welche nicht, k\u00f6nnen sie ihre Marketingstrategien wirkungsvoller gestalten und so f\u00fcr mehr Engagement und Konversion sorgen.<\/p>\n\n\n\n<h2 class=\"wp-block-heading\">Herausforderungen der Wettbewerbsforschung f\u00fcr Unternehmen<\/h2>\n\n\n\n<p>W\u00e4hrend die Konkurrenzanalyse Unternehmen umfassende Einblicke und Chancen bietet, bringt sie auch einige Herausforderungen mit sich, die Unternehmen bew\u00e4ltigen m\u00fcssen. Hier sind einige der potenziellen H\u00fcrden, die Unternehmen bei der Analyse ihrer Konkurrenz \u00fcberwinden m\u00fcssen:<\/p>\n\n\n\n<p><strong>Dynamische Marktbedingungen:<\/strong> M\u00e4rkte entwickeln sich st\u00e4ndig weiter. Neue Akteure treten auf den Plan und bestehende \u00e4ndern ihre Strategien. Das bedeutet, dass die Konkurrenz kontinuierlich analysiert werden muss und Unternehmen bereit sein m\u00fcssen, sich schnell an ver\u00e4nderte Rahmenbedingungen anzupassen.<\/p>\n\n\n\n<p><strong>Zugriff auf authentische Daten:<\/strong> Zuverl\u00e4ssige Daten sind das R\u00fcckgrat einer effektiven Konkurrenzanalyse. Allerdings kann es eine Herausforderung sein, genaue und aktuelle Informationen \u00fcber Konkurrenten zu beschaffen (insbesondere wenn es sich um private Unternehmen handelt).<\/p>\n\n\n\n<p><strong>Kopierrisiko:<\/strong> Es ist ein schmaler Grat zwischen der Inspiration durch die Konkurrenz und dem direkten Kopieren. Unternehmen m\u00fcssen sicherstellen, dass sie nicht nur von der Konkurrenz lernen, sondern auch innovativ sind und ihr einzigartiges Wertversprechen beibehalten.<\/p>\n\n\n\n<p><strong>Rechtliche und ethische Bedenken:<\/strong> Manche Methoden zur Informationsbeschaffung \u00fcber Konkurrenten grenzen an unethische oder sogar illegale Grenzen. Unternehmen m\u00fcssen sicherstellen, dass sie sich immer auf der richtigen Seite des Gesetzes bewegen und ethische Standards einhalten.<\/p>\n\n\n\n<p><strong>\u00dcberbetonung des Wettbewerbs:<\/strong> Obwohl es wichtig ist, zu verstehen, was die Konkurrenz tut, besteht die Gefahr, sich zu sehr auf die Konkurrenz zu konzentrieren. Unternehmen m\u00fcssen daran denken, ihre Kunden in den Mittelpunkt ihrer Strategien zu stellen.<\/p>\n\n\n\n<p><strong>Wahrung der Vertraulichkeit:<\/strong> Bei der Recherche zu Wettbewerbern sammeln Unternehmen m\u00f6glicherweise vertrauliche Informationen. Es ist wichtig, verantwortungsvoll mit diesen Daten umzugehen, ihre Vertraulichkeit zu wahren und sicherzustellen, dass sie nicht missbraucht werden.<\/p>\n\n\n\n<p><strong>Komplexit\u00e4t der Analyse:<\/strong> Rohdaten zu haben ist eine Sache, daraus umsetzbare Erkenntnisse zu gewinnen eine andere. Die enorme Datenmenge kann \u00fcberw\u00e4ltigend sein und es erfordert die richtigen Tools und Fachkenntnisse, um Rauschen herauszufiltern, Muster zu erkennen und sinnvolle Schlussfolgerungen zu ziehen.<\/p>","protected":false},"excerpt":{"rendered":"<p>Die Wettbewerbsanalyse bietet einen umfassenden \u00dcberblick \u00fcber die Marktlandschaft und beleuchtet die St\u00e4rken und Schw\u00e4chen der Wettbewerber.<\/p>","protected":false},"author":1,"featured_media":71170,"parent":14514,"menu_order":402,"comment_status":"closed","ping_status":"closed","template":"","meta":{"footnotes":""},"class_list":["post-44081","page","type-page","status-publish","has-post-thumbnail"],"_links":{"self":[{"href":"https:\/\/www.sisinternational.com\/de\/wp-json\/wp\/v2\/pages\/44081","targetHints":{"allow":["GET"]}}],"collection":[{"href":"https:\/\/www.sisinternational.com\/de\/wp-json\/wp\/v2\/pages"}],"about":[{"href":"https:\/\/www.sisinternational.com\/de\/wp-json\/wp\/v2\/types\/page"}],"author":[{"embeddable":true,"href":"https:\/\/www.sisinternational.com\/de\/wp-json\/wp\/v2\/users\/1"}],"replies":[{"embeddable":true,"href":"https:\/\/www.sisinternational.com\/de\/wp-json\/wp\/v2\/comments?post=44081"}],"version-history":[{"count":6,"href":"https:\/\/www.sisinternational.com\/de\/wp-json\/wp\/v2\/pages\/44081\/revisions"}],"predecessor-version":[{"id":81401,"href":"https:\/\/www.sisinternational.com\/de\/wp-json\/wp\/v2\/pages\/44081\/revisions\/81401"}],"up":[{"embeddable":true,"href":"https:\/\/www.sisinternational.com\/de\/wp-json\/wp\/v2\/pages\/14514"}],"wp:featuredmedia":[{"embeddable":true,"href":"https:\/\/www.sisinternational.com\/de\/wp-json\/wp\/v2\/media\/71170"}],"wp:attachment":[{"href":"https:\/\/www.sisinternational.com\/de\/wp-json\/wp\/v2\/media?parent=44081"}],"curies":[{"name":"wp","href":"https:\/\/api.w.org\/{rel}","templated":true}]}}