{"id":44068,"date":"2023-11-06T12:37:14","date_gmt":"2023-11-06T17:37:14","guid":{"rendered":"https:\/\/www.sisinternational.com\/?page_id=44068"},"modified":"2026-03-15T23:59:31","modified_gmt":"2026-03-16T03:59:31","slug":"b2b-online-community-marktforschungsunternehmen","status":"publish","type":"page","link":"https:\/\/www.sisinternational.com\/de\/b2b-market-research-page\/b2b-online-community-marktforschungsunternehmen\/","title":{"rendered":"B2B Online Community Marktforschungsunternehmen"},"content":{"rendered":"<h1 class=\"wp-block-heading\">B2B Online Community Marktforschungsunternehmen<\/h1>\n\n\n\n<figure class=\"gb-block-image gb-block-image-37bfe496\"><img loading=\"lazy\" decoding=\"async\" width=\"1456\" height=\"816\" class=\"gb-image gb-image-37bfe496\" src=\"https:\/\/www.sisinternational.com\/wp-content\/uploads\/2025\/08\/Online-focus-group-3-1.jpg\" alt=\"SIS International Marktforschung &amp; Strategie\" title=\"Online focus group (3)\" srcset=\"https:\/\/www.sisinternational.com\/wp-content\/uploads\/2025\/08\/Online-focus-group-3-1.jpg 1456w, https:\/\/www.sisinternational.com\/wp-content\/uploads\/2025\/08\/Online-focus-group-3-1-300x168.jpg 300w, https:\/\/www.sisinternational.com\/wp-content\/uploads\/2025\/08\/Online-focus-group-3-1-1024x574.jpg 1024w, https:\/\/www.sisinternational.com\/wp-content\/uploads\/2025\/08\/Online-focus-group-3-1-768x430.jpg 768w, https:\/\/www.sisinternational.com\/wp-content\/uploads\/2025\/08\/Online-focus-group-3-1-18x10.jpg 18w\" sizes=\"auto, (max-width: 1456px) 100vw, 1456px\"><\/figure>\n\n\n\n<p><\/p>\n\n\n\n<p>What can drive a company to the forefront of its industry, making sure it understands the complex dynamics of its marketplace as well as the needs of its customers? The answer lies in capitalizing on the opinions and engagement of an entire community. Yet, how do organizations effectively leverage this resource? They utilize the services of a <a title=\"Top-Unternehmen f\u00fcr B2B-Marktforschung\" href=\"https:\/\/www.sisinternational.com\/de\/top-b2b-marktforschungsunternehmen\/\" data-wpil-monitor-id=\"1665\">B2B online community market research company<\/a>.<\/p>\n\n\n\n<h2 class=\"wp-block-heading\">Die Rolle eines B2B-Online-Community-Marktforschungsunternehmens verstehen<\/h2>\n\n\n\n<p>One of the foremost reasons to hire such a company is its capability to delve deep into real-world insights. Traditional market research can often feel detached. However, a <a title=\"B2B Online Panel Marktforschungsunternehmen\" href=\"https:\/\/www.sisinternational.com\/de\/losungen\/top-b2b-online-panel-market-research-company\/\" data-wpil-monitor-id=\"2370\">B2B online community market research company<\/a> promotes active engagement. This means instead of merely collecting data, they foster conversations that provide qualitative insights.<\/p>\n\n\n\n<p>In Online-Communitys ist Feedback kein einmaliges Ereignis. Es ist ein kontinuierlicher Strom, der Echtzeitreaktionen auf Marktver\u00e4nderungen, Produkteinf\u00fchrungen oder Branchenverschiebungen liefert. Diese Dynamik kann f\u00fcr Unternehmen im B2B-Sektor entscheidend sein, um Strategien schnell umzustellen oder anzupassen.<\/p>\n\n\n\n<p>Moreover, with the constantly evolving business landscape, relying solely on traditional market research techniques might leave gaps in understanding. A B2B <a title=\"Marktforschung f\u00fcr Online-Dating-Apps\" href=\"https:\/\/www.sisinternational.com\/de\/sachverstand\/branchen\/marktforschung-fur-online-dating-apps\/\" data-wpil-monitor-id=\"5940\">online community market research<\/a> company, bridges these gaps, ensuring businesses are not just informed but deeply connected to their market pulse.<\/p>\n\n\n\n<p>In jedem Fall bietet die Zusammenarbeit f\u00fcr Unternehmen viele weitere Vorteile, beispielsweise:<\/p>\n\n\n\n<p><strong>Ma\u00dfgeschneiderte Forschung:<\/strong> Unlike generic market research, a B2B online community <a title=\"Marktforschungsunternehmen in Atlanta\" href=\"https:\/\/www.sisinternational.com\/de\/abdeckung\/die-amerikaner\/usa-berichterstattung\/marktforschungsunternehmen-atlanta\/\" data-wpil-monitor-id=\"6412\">market research company<\/a> can custom-tailor its research approach to fit the unique needs and questions of a business. This ensures more relevant and actionable findings.<\/p>\n\n\n\n<p><strong>Kosteneffizient:<\/strong> Traditionelle Marktforschungsmethoden wie Fokusgruppen oder pers\u00f6nliche Interviews k\u00f6nnen ressourcenintensiv sein. Mit den digitalen Tools und Plattformen eines Marktforschungsunternehmens k\u00f6nnen Unternehmen Erkenntnisse effizienter und kosteng\u00fcnstiger gewinnen.<\/p>\n\n\n\n<p><strong>Schnellere Bearbeitungszeit:<\/strong> In der heutigen schnelllebigen Gesch\u00e4ftswelt ist Zeit ein entscheidender Faktor. Diese Unternehmen, die die Macht der Online-Communitys nutzen, k\u00f6nnen schneller Ergebnisse liefern als mit herk\u00f6mmlichen Methoden, sodass Unternehmen umgehend handeln k\u00f6nnen.<\/p>\n\n\n\n<p><strong>Loyalit\u00e4t aufbauen:<\/strong> Die Einbindung in eine Community kann insbesondere bei B2B-Unternehmen die Loyalit\u00e4t f\u00f6rdern. Wenn Kunden oder potenzielle Kunden das Gef\u00fchl haben, geh\u00f6rt und einbezogen zu werden, st\u00e4rkt dies ihre Bindung an die Marke, was zu l\u00e4ngerfristigen Beziehungen f\u00fchrt.<\/p>\n\n\n\n<p><strong>Trendprognose:<\/strong> The collective knowledge and experience of a community can be a crystal ball, predicting upcoming industry trends or shifts. With the expertise of a <a title=\"Was ist B2B-Marketing?\" href=\"https:\/\/www.sisinternational.com\/de\/komplexitat-des-b2b-marketings\/\" data-wpil-monitor-id=\"7324\">B2B online community market<\/a> research company, businesses can be ahead of the curve, preparing for market changes before they become mainstream.<\/p>\n\n\n\n<h2 class=\"wp-block-heading\">Chancen f\u00fcr Unternehmen bei der Beauftragung eines B2B-Online-Community-Marktforschungsunternehmens<\/h2>\n\n\n\n<p>In der Gesch\u00e4ftswelt hat die Einf\u00fchrung von Online-Communitys viele neue M\u00f6glichkeiten er\u00f6ffnet, insbesondere mit Hilfe eines Marktforschungsunternehmens. Lassen Sie uns einen Blick auf die potenziellen M\u00f6glichkeiten werfen, die solche Unternehmen bieten:<\/p>\n\n\n\n<p><strong>Direktes Engagement mit Entscheidungstr\u00e4gern:<\/strong> B2B-Sektoren haben oft l\u00e4ngere Verkaufszyklen und sind stark auf den Aufbau von Vertrauen und Beziehungen angewiesen. \u00dcber Online-Communitys k\u00f6nnen Unternehmen direkt mit Entscheidungstr\u00e4gern in Kontakt treten und ihre Bed\u00fcrfnisse und Herausforderungen aus erster Hand verstehen.<\/p>\n\n\n\n<p><strong>R\u00fcckkopplungsschleife:<\/strong> Der iterative Prozess der Produkt- oder Serviceentwicklung wird rationalisiert. Mit einer aktiven Community k\u00f6nnen Unternehmen schnell Feedback sammeln und notwendige \u00c4nderungen vornehmen.<\/p>\n\n\n\n<p><strong>Wettbewerbsanalyse:<\/strong> Communities bestehen oft aus Mitgliedern, die mit mehreren Marken oder L\u00f6sungen interagiert haben. Dies bietet Unternehmen die M\u00f6glichkeit, Einblicke in die Angebote und Positionierung der Konkurrenz zu gewinnen.<\/p>\n\n\n\n<p><strong>Innovative Produktentwicklung:<\/strong> Diese Communities k\u00f6nnen nicht nur Feedback liefern, sondern auch als Brutst\u00e4tten f\u00fcr innovative Ideen dienen. Die Zusammenarbeit mit ihnen kann zur gemeinsamen Entwicklung von Produkten oder L\u00f6sungen f\u00fchren, wobei Erkenntnisse und Vorschl\u00e4ge direkt von den Benutzern kommen.<\/p>\n\n\n\n<p><strong>Netzwerke erweitern:<\/strong> Die Teilnahme an einer Online-Community kann zu Kontakten und Kooperationen mit anderen Unternehmen, Lieferanten oder Branchen-Influencern f\u00fchren. Diese Netzwerkerweiterung, die durch das Marktforschungsunternehmen erm\u00f6glicht wird, kann eine wahre Goldgrube an Wachstumschancen sein.<\/p>\n\n\n\n<h2 class=\"wp-block-heading\">Herausforderungen bei der Durchf\u00fchrung von Forschung<\/h2>\n\n\n\n<p>Obwohl die M\u00f6glichkeiten riesig sind, w\u00e4re es naiv anzunehmen, dass die Partnerschaft mit einem B2B-Online-Community-Marktforschungsunternehmen keine Herausforderungen mit sich bringt. Wie bei jedem anderen Unterfangen ist es wichtig, sich der potenziellen H\u00fcrden bewusst zu sein, um sie effektiv zu meistern:<\/p>\n\n\n\n<p><strong>Community Verwaltung:<\/strong> Es reicht nicht aus, eine Community einzurichten; sie muss st\u00e4ndig gepflegt und verwaltet werden. Ein Marktforschungsunternehmen kann zwar die Plattform und die Tools bereitstellen, das Unternehmen muss jedoch Zeit und Ressourcen investieren, um die Community zu unterst\u00fctzen und eine gesunde und aktive Beteiligung sicherzustellen.<\/p>\n\n\n\n<p><strong>Moderationsherausforderungen:<\/strong> Wie bei jeder Online-Plattform besteht immer das Risiko von negativem Feedback, Trollen oder Fehlinformationen. Das Marktforschungsunternehmen f\u00fcr B2B-Online-Communitys wird bei der Bew\u00e4ltigung solcher Herausforderungen eine entscheidende Rolle spielen, aber es bleibt ein erhebliches Problem f\u00fcr Unternehmen.<\/p>\n\n\n\n<p><strong>Voreingenommenheit und Repr\u00e4sentativit\u00e4t:<\/strong> Often, the most vocal members of a community don&#8217;t necessarily represent the majority opinion. This can lead to skewed insights if not checked. The <a title=\"Balanced Scorecard Marktforschung\" href=\"https:\/\/www.sisinternational.com\/de\/losungen\/balanced-scorecard-marktforschung\/\" data-wpil-monitor-id=\"2247\">market research company must ensure a balanced<\/a> representation of the feedback they gather and analyze.<\/p>\n\n\n\n<p><strong>Bedenken hinsichtlich der Vertraulichkeit:<\/strong> Engaging with communities might sometimes necessitate sharing or discussing confidential information. This can be a concern for businesses, especially when it involves new product launches or company strategies. The <a title=\"Sicherheitsmarktforschung\" href=\"https:\/\/www.sisinternational.com\/de\/sachverstand\/branchen\/sicherheitsmarktforschung\/\" data-wpil-monitor-id=\"6535\">market research company must provide robust security<\/a> and confidentiality measures.<\/p>\n\n\n\n<h2 class=\"wp-block-heading\">B2B Online Community Marktforschungsunternehmen und seine Perspektiven<\/h2>\n\n\n\n<p>The future looks promising for businesses seeking to leverage the capabilities of a <a title=\"Marktforschung zum Valentinstag: So kann Ihr Unternehmen die Liebe sp\u00fcren\" href=\"https:\/\/www.sisinternational.com\/de\/valentinstag-so-kann-ihr-unternehmen-die-liebe-spuren\/\" data-wpil-monitor-id=\"7384\">B2B online community market<\/a> research company. As digital transformation extends across industries and online communities continue to gain traction, these research firms offer a prime seat to watch the evolving market dynamics. Here&#8217;s a glimpse into the future prospects:<\/p>\n\n\n\n<p><strong>Hyperpersonalisierte Strategien:<\/strong> Mit den Erkenntnissen aus Online-Communitys sind Unternehmen besser in der Lage, hyperpersonalisierte Strategien zu entwickeln. Ein Marktforschungsunternehmen f\u00fcr B2B-Online-Communitys kann die Erfassung differenzierter Datenpunkte erleichtern und Unternehmen dabei helfen, individuelle Vorlieben und Schwachstellen zu verstehen.<\/p>\n\n\n\n<p><strong>Pr\u00e4diktive Analyse:<\/strong> The combination of AI and data collected from online communities can pave the way for predictive analytics. Partnering with a forward-thinking <a title=\"B2B Go-to-Market Strategy\" href=\"https:\/\/www.sisinternational.com\/de\/b2b-go-to-market-strategy\/\" data-wpil-monitor-id=\"799\">B2B online community market research company<\/a> will allow businesses to foresee market shifts and adapt their strategies proactively.<\/p>\n\n\n\n<p><strong>Entstehung von Nischengemeinschaften:<\/strong> Da der Markt immer segmentierter wird, werden Nischen-Online-Communitys entstehen. Das bedeutet, dass ein Marktforschungsunternehmen eine entscheidende Rolle dabei spielen wird, Unternehmen dabei zu helfen, diese Mikro-Communitys f\u00fcr gezielte Erkenntnisse zu nutzen.<\/p>\n\n\n\n<p><strong>Entwicklung von Community-Plattformen:<\/strong> Mit dem technologischen Fortschritt werden sich die Plattformen, auf denen diese Online-Communitys gehostet werden, weiterentwickeln und interaktiver, immersiver und intuitiver werden. Es liegt in der Verantwortung des Marktforschungsunternehmens, mit diesen \u00c4nderungen Schritt zu halten und seine Methoden entsprechend anzupassen.<\/p>\n\n\n\n<p><\/p>","protected":false},"excerpt":{"rendered":"<p>Ein B2B-Online-Community-Marktforschungsunternehmen sammelt aktiv Daten und f\u00f6rdert Konversationen, um qualitative Erkenntnisse zu gewinnen.<\/p>","protected":false},"author":1,"featured_media":63009,"parent":84360,"menu_order":23,"comment_status":"closed","ping_status":"closed","template":"","meta":{"footnotes":""},"class_list":["post-44068","page","type-page","status-publish","has-post-thumbnail"],"_links":{"self":[{"href":"https:\/\/www.sisinternational.com\/de\/wp-json\/wp\/v2\/pages\/44068","targetHints":{"allow":["GET"]}}],"collection":[{"href":"https:\/\/www.sisinternational.com\/de\/wp-json\/wp\/v2\/pages"}],"about":[{"href":"https:\/\/www.sisinternational.com\/de\/wp-json\/wp\/v2\/types\/page"}],"author":[{"embeddable":true,"href":"https:\/\/www.sisinternational.com\/de\/wp-json\/wp\/v2\/users\/1"}],"replies":[{"embeddable":true,"href":"https:\/\/www.sisinternational.com\/de\/wp-json\/wp\/v2\/comments?post=44068"}],"version-history":[{"count":11,"href":"https:\/\/www.sisinternational.com\/de\/wp-json\/wp\/v2\/pages\/44068\/revisions"}],"predecessor-version":[{"id":84644,"href":"https:\/\/www.sisinternational.com\/de\/wp-json\/wp\/v2\/pages\/44068\/revisions\/84644"}],"up":[{"embeddable":true,"href":"https:\/\/www.sisinternational.com\/de\/wp-json\/wp\/v2\/pages\/84360"}],"wp:featuredmedia":[{"embeddable":true,"href":"https:\/\/www.sisinternational.com\/de\/wp-json\/wp\/v2\/media\/63009"}],"wp:attachment":[{"href":"https:\/\/www.sisinternational.com\/de\/wp-json\/wp\/v2\/media?parent=44068"}],"curies":[{"name":"wp","href":"https:\/\/api.w.org\/{rel}","templated":true}]}}