{"id":43808,"date":"2023-10-11T11:22:35","date_gmt":"2023-10-11T15:22:35","guid":{"rendered":"https:\/\/www.sisinternational.com\/?page_id=43808"},"modified":"2026-01-26T19:01:47","modified_gmt":"2026-01-27T00:01:47","slug":"marktforschung-zum-kundenerlebnis-im-restaurant","status":"publish","type":"page","link":"https:\/\/www.sisinternational.com\/de\/sachverstand\/marktforschung-zum-kundenerlebnis-im-restaurant\/","title":{"rendered":"Marktforschung zum Kundenerlebnis im Restaurantbereich"},"content":{"rendered":"<h1 class=\"wp-block-heading\">Marktforschung zum Kundenerlebnis im Restaurantbereich<\/h1>\n\n\n\n<figure class=\"gb-block-image gb-block-image-b00fd56c\"><img loading=\"lazy\" decoding=\"async\" width=\"1456\" height=\"816\" class=\"gb-image gb-image-b00fd56c\" src=\"https:\/\/www.sisinternational.com\/wp-content\/uploads\/2025\/10\/Hotel-restaurant-1.jpg\" alt=\"SIS International Marktforschung &amp; Strategie\" title=\"Hotel restaurant (1)\" srcset=\"https:\/\/www.sisinternational.com\/wp-content\/uploads\/2025\/10\/Hotel-restaurant-1.jpg 1456w, https:\/\/www.sisinternational.com\/wp-content\/uploads\/2025\/10\/Hotel-restaurant-1-300x168.jpg 300w, https:\/\/www.sisinternational.com\/wp-content\/uploads\/2025\/10\/Hotel-restaurant-1-1024x574.jpg 1024w, https:\/\/www.sisinternational.com\/wp-content\/uploads\/2025\/10\/Hotel-restaurant-1-768x430.jpg 768w, https:\/\/www.sisinternational.com\/wp-content\/uploads\/2025\/10\/Hotel-restaurant-1-18x10.jpg 18w\" sizes=\"auto, (max-width: 1456px) 100vw, 1456px\"><\/figure>\n\n\n\n<p><\/p>\n\n\n\n<p>Haben Sie sich schon einmal gefragt, was einem Gast wirklich im Ged\u00e4chtnis bleibt, wenn er ein Restaurant verl\u00e4sst? Marktforschung zum Kundenerlebnis in Restaurants spielt eine entscheidende Rolle, wenn es darum geht, Unternehmen wertvolle Einblicke in die Vorlieben, Erwartungen und Zufriedenheitsgrade der Kunden zu gewinnen.<\/p>\n\n\n\n<p>By conducting in-depth market research, restaurants can identify areas for improvement, make informed business decisions, and ultimately enhance customer loyalty. Thus, <a href=\"https:\/\/www.sisinternational.com\/de\/sachverstand\/branchen\/marktforschung-fur-chinesische-restaurants\/\" title=\"Marktforschung f\u00fcr chinesische Restaurants\"  data-wpil-monitor-id=\"3791\">Marktforschung zum Kundenerlebnis im Restaurant<\/a> is an essential tool for businesses in this industry that expects to thrive or an emerging restaurant that needs to keep up with the ever-changing nature of this sector.<\/p>\n\n\n\n<h2 class=\"wp-block-heading\">Was ist Marktforschung zum Kundenerlebnis in Restaurants?<\/h2>\n\n\n\n<p><a href=\"https:\/\/www.sisinternational.com\/de\/sachverstand\/branchen\/marktforschung-fur-fast-casual-restaurants\/\" title=\"Marktforschung f\u00fcr Fast-Casual-Restaurants\"  data-wpil-monitor-id=\"5923\">Restaurant customer experience market research<\/a> collects and analyzes data into customers&#8217; perceptions, preferences, and behaviors. It encompasses various research methodologies such as surveys, interviews, focus groups, and observational studies to gather information directly from customers. The final goal is to understand the entire customer journey, from initial contact with the restaurant to the post-dining experience.<\/p>\n\n\n\n<h2 class=\"wp-block-heading\">Bedeutung der Marktforschung zum Kundenerlebnis in Restaurants<\/h2>\n\n\n\n<p>Restaurant customer <a href=\"https:\/\/www.sisinternational.com\/de\/sachverstand\/lebenslaufe\/lebenslauf-mit-erfahrungen-im-bereich-ethnographie\/\" title=\"Ethnographie Marktforschung Erfahrung\"  data-wpil-monitor-id=\"6347\">experience market research<\/a> is critical for businesses operating in the industry \u2013 and here are several key reasons why it should be a top priority:<\/p>\n\n\n\n<ul class=\"wp-block-list\">\n<li><strong>Steigerung der Kundenzufriedenheit:<\/strong> Um ein zufriedenstellendes kulinarisches Erlebnis zu bieten, ist es wichtig, die Vorlieben und Erwartungen der Kunden zu verstehen. Mithilfe von Marktforschung k\u00f6nnen Restaurants Schwachstellen und Bereiche identifizieren, in denen Kunden m\u00f6glicherweise unzufrieden sind. Indem sie diese Probleme angehen, k\u00f6nnen Restaurants die Kundenzufriedenheit steigern, was zu Folgegesch\u00e4ften und positiver Mundpropaganda f\u00fchrt.<\/li>\n\n\n\n<li><strong>Wettbewerbsvorteile erkennen:<\/strong> Durch Marktforschung k\u00f6nnen Restaurants ihre Alleinstellungsmerkmale identifizieren und daraus Kapital schlagen. Wenn Restaurants verstehen, was sie von anderen unterscheidet, k\u00f6nnen sie gezielte Marketingstrategien entwickeln und Angebote entwickeln, die bei ihrer Zielgruppe Anklang finden.<\/li>\n\n\n\n<li><strong>Verbesserung der betrieblichen Effizienz:<\/strong> Marktforschung kann Bereiche aufdecken, in denen die betriebliche Effizienz verbessert werden kann. Durch die Analyse des Kundenfeedbacks k\u00f6nnen Restaurants beispielsweise Engp\u00e4sse bei der Servicebereitstellung identifizieren und Prozesse optimieren, um die Effizienz zu steigern. Dies kann zu schnellerem Service, k\u00fcrzeren Wartezeiten und einem insgesamt reibungsloseren Speiseerlebnis f\u00fchren.<\/li>\n\n\n\n<li><strong>Kundenbindung aufbauen:<\/strong> Ein positives Kundenerlebnis ist der Schl\u00fcssel zur Kundenbindung. Mithilfe von Marktforschung k\u00f6nnen Restaurants herausfinden, was die Kundenbindung und -zufriedenheit f\u00f6rdert. Durch die konsequente Erf\u00fcllung dieser Faktoren k\u00f6nnen Restaurants langfristige Beziehungen zu ihren Kunden aufbauen und so die Wahrscheinlichkeit von Wiederholungsbesuchen und positiven Empfehlungen erh\u00f6hen.<\/li>\n<\/ul>\n\n\n\n<h2 class=\"wp-block-heading\">M\u00f6glichkeiten der Marktforschung zum Kundenerlebnis in Restaurants f\u00fcr Unternehmen<\/h2>\n\n\n\n<figure class=\"gb-block-image gb-block-image-fef5a67f\"><img loading=\"lazy\" decoding=\"async\" width=\"1456\" height=\"816\" class=\"gb-image gb-image-fef5a67f\" src=\"https:\/\/www.sisinternational.com\/wp-content\/uploads\/2025\/08\/Chinese-restaurant-1.jpg\" alt=\"SIS International Marktforschung &amp; Strategie\" title=\"Chinese restaurant (1)\" srcset=\"https:\/\/www.sisinternational.com\/wp-content\/uploads\/2025\/08\/Chinese-restaurant-1.jpg 1456w, https:\/\/www.sisinternational.com\/wp-content\/uploads\/2025\/08\/Chinese-restaurant-1-300x168.jpg 300w, https:\/\/www.sisinternational.com\/wp-content\/uploads\/2025\/08\/Chinese-restaurant-1-1024x574.jpg 1024w, https:\/\/www.sisinternational.com\/wp-content\/uploads\/2025\/08\/Chinese-restaurant-1-768x430.jpg 768w, https:\/\/www.sisinternational.com\/wp-content\/uploads\/2025\/08\/Chinese-restaurant-1-18x10.jpg 18w\" sizes=\"auto, (max-width: 1456px) 100vw, 1456px\"><\/figure>\n\n\n\n<p><\/p>\n\n\n\n<p>Die Marktforschung zum Kundenerlebnis in Restaurants bietet Unternehmen zahlreiche M\u00f6glichkeiten, sich einen Wettbewerbsvorteil zu verschaffen und ihr Wachstum voranzutreiben. Hier sind einige wichtige M\u00f6glichkeiten:<\/p>\n\n\n\n<ul class=\"wp-block-list\">\n<li><strong>Personalisierung:<\/strong> Durch Marktforschung k\u00f6nnen Restaurants Daten \u00fcber individuelle Kundenpr\u00e4ferenzen sammeln und das Erlebnis entsprechend anpassen. Durch die Nutzung von Kundeninformationen k\u00f6nnen Restaurants personalisierte Men\u00fcempfehlungen, ma\u00dfgeschneiderte Werbeaktionen und gezielte Marketingbotschaften anbieten. Dieses Ma\u00df an Personalisierung verbessert das gesamte Speiseerlebnis und erh\u00f6ht die Kundenzufriedenheit<\/li>\n\n\n\n<li><strong>Technologieintegration:<\/strong> Technologische Fortschritte haben neue M\u00f6glichkeiten zur Erfassung von Kundenfeedback er\u00f6ffnet. Restaurants k\u00f6nnen digitale Tools wie mobile Apps, Online-Umfragen und Social Media Listening nutzen, um Feedback in Echtzeit zu sammeln. Die Integration von Technologie in Marktforschungsbem\u00fchungen erm\u00f6glicht eine schnellere Datenerfassung, -analyse und -reaktion, was zu zeitnaheren Verbesserungen des Kundenerlebnisses f\u00fchrt.<\/li>\n\n\n\n<li><strong>Zusammenarbeit mit Kunden:<\/strong> Die direkte Einbindung der Kunden in den Forschungsprozess kann wertvolle Erkenntnisse liefern. Restaurants k\u00f6nnen Kunden in Fokusgruppen oder Beratungsgremien einbeziehen, um ausf\u00fchrliches Feedback und Verbesserungsvorschl\u00e4ge zu sammeln. Dieser kollaborative Ansatz st\u00e4rkt nicht nur die Beziehung zwischen dem Restaurant und seinen Kunden, sondern f\u00f6rdert auch ein Gef\u00fchl von Eigenverantwortung und Loyalit\u00e4t.<\/li>\n<\/ul>\n\n\n\n<h2 class=\"wp-block-heading\">Herausforderungen in der Marktforschung zum Kundenerlebnis in Restaurants<\/h2>\n\n\n\n<p>Restaurant customer experience market research is essential for understanding diners&#8217; preferences, needs, and overall dining experiences. However, conducting effective research is not without its challenges. Let&#8217;s analyze the main hurdles businesses may encounter when undertaking <a href=\"https:\/\/www.sisinternational.com\/de\/abdeckung\/die-amerikaner\/usa-berichterstattung\/marktforschung-in-maine\/\" title=\"Marktforschung in Maine\"  data-wpil-monitor-id=\"5409\">Marktforschung zum Kundenerlebnis im Restaurant<\/a>:<\/p>\n\n\n\n<ul class=\"wp-block-list\">\n<li><strong>Niedrige Antwortraten:<\/strong> Das Erzielen hoher R\u00fccklaufquoten bei Umfragen oder Feedback-Formularen kann eine gro\u00dfe Herausforderung darstellen. G\u00e4ste, die sich oft auf das Erlebnis konzentrieren oder unter Zeitdruck stehen, k\u00f6nnten es vernachl\u00e4ssigen oder vergessen, Feedback abzugeben.<\/li>\n\n\n\n<li><strong>Voreingenommenheit in den Antworten:<\/strong> \u00c4hnlich wie in anderen Branchen reagieren Personen mit starken positiven oder negativen Gef\u00fchlen m\u00f6glicherweise eher. Dies kann zu einer m\u00f6glichen Verzerrung der Daten f\u00fchren, die nicht immer die Erfahrung des durchschnittlichen Gastes widerspiegeln.<\/li>\n\n\n\n<li><strong>Komplexit\u00e4t der Datenanalyse:<\/strong> Quantitative Daten k\u00f6nnen strukturiertes Feedback liefern. Qualitatives Feedback kann jedoch schwierig zu entschl\u00fcsseln und zu analysieren sein und erfordert Fachwissen und differenziertes Verst\u00e4ndnis.<\/li>\n\n\n\n<li><strong>M\u00e4ngel im Umfragedesign:<\/strong> Es ist eine Kunst, unvoreingenommene, klare und ansprechende Fragen zu formulieren, die das Wesentliche des kulinarischen Erlebnisses erfassen. Schlecht konzipierte Umfragen k\u00f6nnen irrelevante oder irref\u00fchrende Daten liefern.<\/li>\n\n\n\n<li><strong>\u00dcberm\u00e4\u00dfiges Vertrauen in Online-Bewertungen:<\/strong> Online-Plattformen wie Yelp oder TripAdvisor bieten zwar eine F\u00fclle an Feedback, doch ein \u00fcberm\u00e4\u00dfiges Vertrauen in diese Plattformen kann zu einer verzerrten Perspektive f\u00fchren, da sie m\u00f6glicherweise nicht immer die breitere Kundenbasis repr\u00e4sentieren.<\/li>\n<\/ul>\n\n\n\n<h2 class=\"wp-block-heading\">Perspektiven der Marktforschung zum Kundenerlebnis in Hotels<\/h2>\n\n\n\n<figure class=\"gb-block-image gb-block-image-ecd3b0fd\"><img loading=\"lazy\" decoding=\"async\" width=\"1456\" height=\"816\" class=\"gb-image gb-image-ecd3b0fd\" src=\"https:\/\/www.sisinternational.com\/wp-content\/uploads\/2025\/10\/Hotel-restaurant-4.jpg\" alt=\"SIS International Marktforschung &amp; Strategie\" title=\"Hotel restaurant (4)\" srcset=\"https:\/\/www.sisinternational.com\/wp-content\/uploads\/2025\/10\/Hotel-restaurant-4.jpg 1456w, https:\/\/www.sisinternational.com\/wp-content\/uploads\/2025\/10\/Hotel-restaurant-4-300x168.jpg 300w, https:\/\/www.sisinternational.com\/wp-content\/uploads\/2025\/10\/Hotel-restaurant-4-1024x574.jpg 1024w, https:\/\/www.sisinternational.com\/wp-content\/uploads\/2025\/10\/Hotel-restaurant-4-768x430.jpg 768w, https:\/\/www.sisinternational.com\/wp-content\/uploads\/2025\/10\/Hotel-restaurant-4-18x10.jpg 18w\" sizes=\"auto, (max-width: 1456px) 100vw, 1456px\"><\/figure>\n\n\n\n<p><\/p>\n\n\n\n<p>Im sich st\u00e4ndig weiterentwickelnden Bereich des Gastgewerbes gibt es in der Hotelbranche in den n\u00e4chsten Jahren bedeutende Bereiche zu erkunden und potenzielles Wachstum \u2013 und hier sind einige der vielversprechenden Aussichten, die dieser Bereich birgt:<\/p>\n\n\n\n<ul class=\"wp-block-list\">\n<li><strong>Personalisierte Erlebnisse:<\/strong> The push towards hyper-personalization in hospitality suggests a bright future for <a href=\"https:\/\/www.sisinternational.com\/de\/sachverstand\/branchen\/marktforschung-fur-krankenhausverwalter\/\" title=\"Marktforschung f\u00fcr Krankenhausverwalter\"  data-wpil-monitor-id=\"6288\">Marktforschung<\/a> focused on understanding individual guest preferences. This can lead to tailored room settings, curated experiences, and highly personalized service.<\/li>\n\n\n\n<li><strong>Nachhaltigkeitstrends:<\/strong> Da weltweit zunehmend Wert auf Nachhaltigkeit gelegt wird, wird die Erforschung der umweltfreundlichen Vorlieben und Erwartungen der G\u00e4ste noch wichtiger werden und den Hotels die M\u00f6glichkeit bieten, sich an gr\u00fcnen Initiativen zu beteiligen.<\/li>\n\n\n\n<li><strong>Integration von Echtzeit-Feedback:<\/strong> Mit der Weiterentwicklung technologischer Plattformen wird es realistischer, w\u00e4hrend des Aufenthalts eines Gastes Feedback in Echtzeit zu erfassen, sodass Hotels sofortige Verbesserungen vornehmen k\u00f6nnen.<\/li>\n\n\n\n<li><strong>Ganzheitliches Experience Mapping:<\/strong> Zuk\u00fcnftige Marktforschung wird wahrscheinlich \u00fcber den Hotelaufenthalt selbst hinausgehen und die gesamte Reise von der Buchung bis zu den \u00dcberlegungen nach dem Aufenthalt umfassen und sogar Aspekte des umfassenderen Reiseerlebnisses integrieren.<\/li>\n\n\n\n<li><strong>Wachstum in der Nischenmarktforschung:<\/strong> As the hotel industry diversifies, there&#8217;s potential for <a href=\"https:\/\/www.sisinternational.com\/de\/der-russische-kaviarmarkt\/\" title=\"Kaviar-Marktforschung\"  data-wpil-monitor-id=\"2731\">research to focus on niche markets<\/a>, from luxury wellness retreats to budget eco-stays, allowing for more targeted and relevant insights.<\/li>\n\n\n\n<li><strong>M\u00f6glichkeiten zur gemeinsamen Forschung:<\/strong> Die Integration verschiedener Sektoren der Reise- und Hotelbranche bietet M\u00f6glichkeiten f\u00fcr gemeinsame Forschungsinitiativen, die einen umfassenderen \u00dcberblick \u00fcber das G\u00e4steerlebnis erm\u00f6glichen.<\/li>\n\n\n\n<li><strong>Schwerpunkt auf emotionalen Verbindungen:<\/strong> Beyond mere satisfaction, future <a href=\"https:\/\/www.sisinternational.com\/de\/sachverstand\/branchen\/marktforschung-fur-hotelmobel\/\" title=\"Marktforschung f\u00fcr Hotelm\u00f6bel\"  data-wpil-monitor-id=\"7210\">market research in hotels<\/a> will delve deeper into emotional metrics, understanding how different elements of the stay evoke emotional responses and contribute to overall guest well-being.<\/li>\n<\/ul>","protected":false},"excerpt":{"rendered":"<p>Durch die Durchf\u00fchrung umfassender Marktforschung k\u00f6nnen Restaurants ihren Service verbessern, fundierte Entscheidungen treffen und die Kundenbindung erh\u00f6hen.<\/p>","protected":false},"author":1,"featured_media":70814,"parent":14514,"menu_order":399,"comment_status":"closed","ping_status":"closed","template":"","meta":{"footnotes":""},"class_list":["post-43808","page","type-page","status-publish","has-post-thumbnail"],"_links":{"self":[{"href":"https:\/\/www.sisinternational.com\/de\/wp-json\/wp\/v2\/pages\/43808","targetHints":{"allow":["GET"]}}],"collection":[{"href":"https:\/\/www.sisinternational.com\/de\/wp-json\/wp\/v2\/pages"}],"about":[{"href":"https:\/\/www.sisinternational.com\/de\/wp-json\/wp\/v2\/types\/page"}],"author":[{"embeddable":true,"href":"https:\/\/www.sisinternational.com\/de\/wp-json\/wp\/v2\/users\/1"}],"replies":[{"embeddable":true,"href":"https:\/\/www.sisinternational.com\/de\/wp-json\/wp\/v2\/comments?post=43808"}],"version-history":[{"count":10,"href":"https:\/\/www.sisinternational.com\/de\/wp-json\/wp\/v2\/pages\/43808\/revisions"}],"predecessor-version":[{"id":80772,"href":"https:\/\/www.sisinternational.com\/de\/wp-json\/wp\/v2\/pages\/43808\/revisions\/80772"}],"up":[{"embeddable":true,"href":"https:\/\/www.sisinternational.com\/de\/wp-json\/wp\/v2\/pages\/14514"}],"wp:featuredmedia":[{"embeddable":true,"href":"https:\/\/www.sisinternational.com\/de\/wp-json\/wp\/v2\/media\/70814"}],"wp:attachment":[{"href":"https:\/\/www.sisinternational.com\/de\/wp-json\/wp\/v2\/media?parent=43808"}],"curies":[{"name":"wp","href":"https:\/\/api.w.org\/{rel}","templated":true}]}}