{"id":43806,"date":"2023-10-11T11:14:30","date_gmt":"2023-10-11T15:14:30","guid":{"rendered":"https:\/\/www.sisinternational.com\/?page_id=43806"},"modified":"2026-01-26T17:03:20","modified_gmt":"2026-01-26T22:03:20","slug":"reputations-tracking-marktforschung","status":"publish","type":"page","link":"https:\/\/www.sisinternational.com\/de\/sachverstand\/reputations-tracking-marktforschung\/","title":{"rendered":"Reputations-Tracking Marktforschung"},"content":{"rendered":"<h1 class=\"wp-block-heading\">Reputations-Tracking Marktforschung<\/h1>\n\n\n\n<figure class=\"gb-block-image gb-block-image-cb81ef31\"><img loading=\"lazy\" decoding=\"async\" width=\"1456\" height=\"816\" class=\"gb-image gb-image-cb81ef31\" src=\"https:\/\/www.sisinternational.com\/wp-content\/uploads\/2025\/09\/Package-6.jpg\" alt=\"SIS International Marktforschung &amp; Strategie\" title=\"Package (6)\" srcset=\"https:\/\/www.sisinternational.com\/wp-content\/uploads\/2025\/09\/Package-6.jpg 1456w, https:\/\/www.sisinternational.com\/wp-content\/uploads\/2025\/09\/Package-6-300x168.jpg 300w, https:\/\/www.sisinternational.com\/wp-content\/uploads\/2025\/09\/Package-6-1024x574.jpg 1024w, https:\/\/www.sisinternational.com\/wp-content\/uploads\/2025\/09\/Package-6-768x430.jpg 768w, https:\/\/www.sisinternational.com\/wp-content\/uploads\/2025\/09\/Package-6-18x10.jpg 18w\" sizes=\"auto, (max-width: 1456px) 100vw, 1456px\"><\/figure>\n\n\n\n<p><\/p>\n\n\n\n<p>Heutzutage kann der Online-Ruf eines Unternehmens Erfolg oder Misserfolg haben. Deshalb ist die Marktforschung zur Verfolgung des Rufs zu einem wichtigen Instrument f\u00fcr Unternehmen geworden, die die Wahrnehmung ihrer Marke verstehen und steuern m\u00f6chten.<\/p>\n\n\n\n<p>With consumers increasingly relying on online reviews and social media to inform their purchasing decisions, businesses need to stay on top of their reputation to maintain a competitive edge. This is where <a href=\"https:\/\/www.sisinternational.com\/de\/sachverstand\/branchen\/reputationsmarktforschung\/\" title=\"Reputationsmarktforschung\"  data-wpil-monitor-id=\"4076\">Reputations-Tracking Marktforschung<\/a> comes into play, providing valuable insights into consumer sentiment, brand perception, and potential areas for improvement.<\/p>\n\n\n\n<h2 class=\"wp-block-heading\">Was ist Marktforschung zum Reputationstracking?<\/h2>\n\n\n\n<p>Es handelt sich um einen systematischen Ansatz zur \u00dcberwachung und Analyse der Online-Reputation eines Unternehmens. Dabei werden Daten aus verschiedenen Online-Quellen wie Social-Media-Plattformen, Bewertungswebsites und Online-Foren gesammelt und analysiert, um umsetzbare Erkenntnisse dar\u00fcber zu gewinnen, wie eine Marke von ihrer Zielgruppe wahrgenommen wird.<\/p>\n\n\n\n<p>Durch die Verfolgung und Analyse von Online-Gespr\u00e4chen, Stimmungen und Trends k\u00f6nnen Unternehmen St\u00e4rken und Schw\u00e4chen ihres Rufs identifizieren und so ihr Markenimage verbessern.<\/p>\n\n\n\n<h2 class=\"wp-block-heading\">Bedeutung der Marktforschung zum Reputations-Tracking<\/h2>\n\n\n\n<p>Ruf <a href=\"https:\/\/www.sisinternational.com\/de\/sachverstand\/branchen\/trendtracking-marktforschung\/\" title=\"Trend Tracking Marktforschung\"  data-wpil-monitor-id=\"5439\">tracking market research<\/a> is essential for businesses for several reasons. It allows companies to know what consumers are saying about their brands, products, and services. Secondly, reputation tracking market research helps businesses understand the impact of their marketing and PR efforts.<\/p>\n\n\n\n<p>Dar\u00fcber hinaus k\u00f6nnen Unternehmen aufkommende Trends erkennen und der Konkurrenz einen Schritt voraus sein, da sie Ver\u00e4nderungen in den Verbraucherpr\u00e4ferenzen erkennen, Marktver\u00e4nderungen vorhersehen und ihre Angebote entsprechend anpassen k\u00f6nnen.<\/p>\n\n\n\n<p>Durch die Analyse der Stimmung und die Verfolgung von Markenerw\u00e4hnungen k\u00f6nnen Unternehmen daher die Effektivit\u00e4t ihrer Kampagnen und Botschaften bewerten und datengest\u00fctzte Entscheidungen zur Optimierung ihrer Marketingstrategien treffen.<\/p>\n\n\n\n<h2 class=\"wp-block-heading\">Vorteile der Marktforschung durch Reputationstracking<\/h2>\n\n\n\n<figure class=\"gb-block-image gb-block-image-04d1f0b0\"><img loading=\"lazy\" decoding=\"async\" width=\"1456\" height=\"816\" class=\"gb-image gb-image-04d1f0b0\" src=\"https:\/\/www.sisinternational.com\/wp-content\/uploads\/2025\/09\/Package-4.jpg\" alt=\"SIS International Marktforschung &amp; Strategie\" title=\"Package (4)\" srcset=\"https:\/\/www.sisinternational.com\/wp-content\/uploads\/2025\/09\/Package-4.jpg 1456w, https:\/\/www.sisinternational.com\/wp-content\/uploads\/2025\/09\/Package-4-300x168.jpg 300w, https:\/\/www.sisinternational.com\/wp-content\/uploads\/2025\/09\/Package-4-1024x574.jpg 1024w, https:\/\/www.sisinternational.com\/wp-content\/uploads\/2025\/09\/Package-4-768x430.jpg 768w, https:\/\/www.sisinternational.com\/wp-content\/uploads\/2025\/09\/Package-4-18x10.jpg 18w\" sizes=\"auto, (max-width: 1456px) 100vw, 1456px\"><\/figure>\n\n\n\n<p><\/p>\n\n\n\n<p>Der Ruf eines Unternehmens kann sein wertvollstes Kapital sein. Er kann den Unterschied ausmachen, ob ein neuer Kunde gewonnen oder an die Konkurrenz verloren wird. Wenn man sich also mit den Vorteilen dieser Forschung befasst, kann man die tiefgreifenden Auswirkungen erkennen, die sie auf den Erfolg eines Unternehmens, die Markentreue und die allgemeine Marktposition hat \u2013 und hier sind einige der wichtigsten Vorteile der Marktforschung zur Reputationsverfolgung:<\/p>\n\n\n\n<ul class=\"wp-block-list\">\n<li><strong>Krisenmanagement:<\/strong> Diese Forschung spielt eine entscheidende Rolle im Krisenmanagement. Indem Unternehmen die Online-Stimmung \u00fcberwachen und potenzielle Probleme fr\u00fchzeitig erkennen, k\u00f6nnen sie proaktiv auf Bedenken eingehen, negative Publizit\u00e4t eind\u00e4mmen und den Ruf ihrer Marke bewahren.<\/li>\n\n\n\n<li><strong>Wettbewerbsanalyse:<\/strong> Durch das Verfolgen und Analysieren von Online-Gespr\u00e4chen \u00fcber Wettbewerber k\u00f6nnen Unternehmen wertvolle Einblicke in deren St\u00e4rken, Schw\u00e4chen und Marktpositionierung gewinnen. Diese Informationen k\u00f6nnen als Grundlage f\u00fcr Wettbewerbsstrategien dienen und Unternehmen dabei helfen, sich auf dem Markt zu differenzieren.<\/li>\n\n\n\n<li><strong>Leistungsmessung:<\/strong> Durch die Verfolgung von Markenerw\u00e4hnungen, Stimmungen und anderen Reputationsmetriken k\u00f6nnen Unternehmen die Wirkung ihrer Marketing- und PR-Bem\u00fchungen messen. Dies erm\u00f6glicht datengesteuerte Entscheidungen und eine kontinuierliche Verbesserung der Markenstrategien.<\/li>\n<\/ul>\n\n\n\n<h2 class=\"wp-block-heading\">M\u00f6glichkeiten der Marktforschung zum Reputations-Tracking f\u00fcr Unternehmen<\/h2>\n\n\n\n<p>Diese spezialisierte Forschung \u00fcberwacht nicht nur die Markenwahrnehmung, sondern \u00f6ffnet auch T\u00fcren f\u00fcr proaktives Engagement, Markterweiterung und Innovation. F\u00fcr Unternehmen kann das Aussch\u00f6pfen dieser M\u00f6glichkeiten das Kundenvertrauen, die Widerstandsf\u00e4higkeit gegen Krisen und die nachhaltige Marktf\u00fchrerschaft st\u00e4rken.<\/p>\n\n\n\n<ul class=\"wp-block-list\">\n<li><strong>Personalisierte Kundenbindung:<\/strong> Indem Unternehmen die Stimmung und Vorlieben ihrer Kunden durch Marktforschung zur Reputationsverfolgung verstehen, k\u00f6nnen sie ihre Interaktionen und Kommunikation mit Kunden personalisieren. Dies f\u00fchrt zu einer besseren Kundenbindung, gesteigerter Loyalit\u00e4t und einer verbesserten Markenwahrnehmung.<\/li>\n\n\n\n<li><strong>Gezielte Marketingkampagnen:<\/strong> Durch Marktforschung erhalten Unternehmen Einblicke in die Interessen, Bed\u00fcrfnisse und Schwachstellen ihrer Zielgruppe. Diese Informationen erm\u00f6glichen es Unternehmen, gezielte Marketingkampagnen zu erstellen, die bei ihren Kunden Anklang finden, was zu h\u00f6heren Konversionsraten und einem verbesserten ROI f\u00fchrt.<\/li>\n\n\n\n<li><strong>Produkt- und Serviceverbesserung:<\/strong> Durch die Analyse von Kundenfeedback und Online-Gespr\u00e4chen k\u00f6nnen Unternehmen Bereiche identifizieren, in denen ihre Produkte oder Dienstleistungen verbessert werden k\u00f6nnen. Marktforschung zum Reputations-Tracking hilft Unternehmen, die Erwartungen ihrer Kunden zu verstehen, und erm\u00f6glicht ihnen so, fundierte Entscheidungen zur Verbesserung ihres Angebots zu treffen.<\/li>\n\n\n\n<li><strong>Krisenpr\u00e4vention und -management:<\/strong> Diese Marktforschung erm\u00f6glicht es Unternehmen, potenzielle Probleme proaktiv zu identifizieren, auf Kundenbedenken einzugehen und Krisen effektiv zu bew\u00e4ltigen. Durch die \u00dcberwachung von Online-Gespr\u00e4chen k\u00f6nnen Unternehmen Fr\u00fchwarnzeichen erkennen und entsprechende Ma\u00dfnahmen ergreifen, um ihren Ruf zu sch\u00fctzen.<\/li>\n\n\n\n<li><strong>Wettbewerbsanalyse und Differenzierung:<\/strong> Marktforschung hilft Unternehmen, die St\u00e4rken, Schw\u00e4chen und Marktpositionierung ihrer Konkurrenten zu verstehen. Diese Informationen k\u00f6nnen verwendet werden, um ihre Produkte oder Dienstleistungen zu differenzieren, Marktl\u00fccken zu identifizieren und einen Wettbewerbsvorteil zu erlangen.<\/li>\n<\/ul>\n\n\n\n<h2 class=\"wp-block-heading\">Herausforderungen in der Reputations-Tracking-Marktforschung<\/h2>\n\n\n\n<p>W\u00e4hrend die Marktforschung durch Reputationstracking zahlreiche Chancen bietet, stehen Unternehmen bei der Durchf\u00fchrung effektiver Forschung auch vor mehreren Herausforderungen, wie zum Beispiel:<\/p>\n\n\n\n<ul class=\"wp-block-list\">\n<li><strong>Daten\u00fcberlastung und Rauschen:<\/strong> The abundance of online data and noise can make it challenging to extract meaningful insights from <a href=\"https:\/\/www.sisinternational.com\/de\/sachverstand\/branchen\/was-ist-bohr-und-extraktionsausrustung\/\" title=\"Marktforschung f\u00fcr Bohr- und F\u00f6rderausr\u00fcstung\"  data-wpil-monitor-id=\"3161\">Reputations-Tracking Marktforschung<\/a>. Businesses need to employ sophisticated analytics tools and techniques to filter out irrelevant information and focus on the most valuable data.<\/li>\n\n\n\n<li><strong>Stimmungs- und Kontextanalyse:<\/strong> Es kann eine Herausforderung sein, Stimmungen richtig zu interpretieren und den Kontext hinter Online-Gespr\u00e4chen zu verstehen. Um zwischen echtem Kundenfeedback und Spam oder gef\u00e4lschten Bewertungen zu unterscheiden, sind fortgeschrittene Algorithmen zur Stimmungsanalyse und menschliches Fachwissen erforderlich.<\/li>\n\n\n\n<li><strong>Kulturelle und sprachliche Unterschiede:<\/strong> Bei der Marktforschung zum Reputations-Tracking werden h\u00e4ufig Daten aus unterschiedlichen Regionen und Kulturen analysiert. Kulturelle und sprachliche Unterschiede k\u00f6nnen die Interpretation von Stimmungen und Kontexten beeinflussen und erfordern daher einen differenzierten Ansatz bei der Datenanalyse.<\/li>\n<\/ul>\n\n\n\n<h2 class=\"wp-block-heading\">Zukunftsaussichten der Marktforschung zum Reputations-Tracking<\/h2>\n\n\n\n<figure class=\"gb-block-image gb-block-image-393d2b5c\"><img loading=\"lazy\" decoding=\"async\" width=\"1456\" height=\"816\" class=\"gb-image gb-image-393d2b5c\" src=\"https:\/\/www.sisinternational.com\/wp-content\/uploads\/2025\/09\/Package-5.jpg\" alt=\"SIS International Marktforschung &amp; Strategie\" title=\"Package (5)\" srcset=\"https:\/\/www.sisinternational.com\/wp-content\/uploads\/2025\/09\/Package-5.jpg 1456w, https:\/\/www.sisinternational.com\/wp-content\/uploads\/2025\/09\/Package-5-300x168.jpg 300w, https:\/\/www.sisinternational.com\/wp-content\/uploads\/2025\/09\/Package-5-1024x574.jpg 1024w, https:\/\/www.sisinternational.com\/wp-content\/uploads\/2025\/09\/Package-5-768x430.jpg 768w, https:\/\/www.sisinternational.com\/wp-content\/uploads\/2025\/09\/Package-5-18x10.jpg 18w\" sizes=\"auto, (max-width: 1456px) 100vw, 1456px\"><\/figure>\n\n\n\n<p><\/p>\n\n\n\n<p>Da die Technologie sich weiterentwickelt und das Verbraucherverhalten sich weiterentwickelt, wird die Marktforschung zur Reputationsverfolgung voraussichtlich noch ausgefeilter werden. Einige wichtige Trends und Entwicklungen, auf die Sie in Zukunft achten sollten, sind:<\/p>\n\n\n\n<ul class=\"wp-block-list\">\n<li><strong>K\u00fcnstliche Intelligenz (KI) und maschinelles Lernen (ML):<\/strong> AI and ML technologies will play an increasingly significant role in <a href=\"https:\/\/www.sisinternational.com\/de\/sachverstand\/branchen\/medizintechnik-medtech-marktforschung\/\" title=\"Marktforschung f\u00fcr Medizintechnik (Med Tech)\"  data-wpil-monitor-id=\"4193\">Reputations-Tracking Marktforschung<\/a>. These technologies can automate data collection, sentiment analysis, and trend identification, enabling businesses to gain valuable insights more efficiently.<\/li>\n\n\n\n<li><strong>Sprach- und Bilderkennung:<\/strong> With the rise of voice assistants and visual content, <a href=\"https:\/\/www.sisinternational.com\/de\/sachverstand\/branchen\/marktforschung-fur-diagnostische-bildgebung\/\" title=\"Marktforschung f\u00fcr diagnostische Bildgebung\"  data-wpil-monitor-id=\"6367\">market research will incorporate voice and image<\/a> recognition technologies. This will allow businesses to analyze audio and visual data, providing a more comprehensive understanding of consumer sentiment and brand perception.<\/li>\n\n\n\n<li><strong>Pr\u00e4diktive Analytik:<\/strong> Mithilfe fortschrittlicher Predictive Analytics-Funktionen k\u00f6nnen Unternehmen reputationsbezogene Trends vorhersagen und proaktive Entscheidungen treffen. Dazu geh\u00f6rt die Vorhersage von Stimmungsschwankungen bei den Kunden, die Identifizierung potenzieller Reputationsrisiken und die Optimierung von Markenstrategien in Echtzeit.<\/li>\n\n\n\n<li><strong>Verbesserte Datenvisualisierung:<\/strong> Datenvisualisierungstools werden sich weiterentwickeln und es Unternehmen erm\u00f6glichen, Reputationsverfolgungsdaten in ansprechenderen und umsetzbareren Formaten zu analysieren und zu pr\u00e4sentieren. Dies wird eine bessere Entscheidungsfindung und die Kommunikation von Erkenntnissen zwischen verschiedenen Interessengruppen erm\u00f6glichen.<\/li>\n\n\n\n<li><strong>Verarbeitung nat\u00fcrlicher Sprache (NLP):<\/strong> NLP ist eine Technologie, die es Computern erm\u00f6glicht, menschliche Sprache zu verstehen und zu interpretieren. NLP wird verwendet, um Online-Gespr\u00e4che und -Stimmungen zu analysieren und zu kategorisieren und bietet Unternehmen ein tieferes Verst\u00e4ndnis der Meinungen und Wahrnehmungen der Verbraucher.<\/li>\n<\/ul>","protected":false},"excerpt":{"rendered":"<p>Der Online-Ruf eines Unternehmens steht und f\u00e4llt mit seinem Erfolg. Marktforschung zur Verfolgung des Rufs ist f\u00fcr Unternehmen ein wichtiges Instrument zur Steuerung der Markenwahrnehmung.<\/p>","protected":false},"author":1,"featured_media":69142,"parent":14514,"menu_order":398,"comment_status":"closed","ping_status":"closed","template":"","meta":{"footnotes":""},"class_list":["post-43806","page","type-page","status-publish","has-post-thumbnail"],"_links":{"self":[{"href":"https:\/\/www.sisinternational.com\/de\/wp-json\/wp\/v2\/pages\/43806","targetHints":{"allow":["GET"]}}],"collection":[{"href":"https:\/\/www.sisinternational.com\/de\/wp-json\/wp\/v2\/pages"}],"about":[{"href":"https:\/\/www.sisinternational.com\/de\/wp-json\/wp\/v2\/types\/page"}],"author":[{"embeddable":true,"href":"https:\/\/www.sisinternational.com\/de\/wp-json\/wp\/v2\/users\/1"}],"replies":[{"embeddable":true,"href":"https:\/\/www.sisinternational.com\/de\/wp-json\/wp\/v2\/comments?post=43806"}],"version-history":[{"count":8,"href":"https:\/\/www.sisinternational.com\/de\/wp-json\/wp\/v2\/pages\/43806\/revisions"}],"predecessor-version":[{"id":79950,"href":"https:\/\/www.sisinternational.com\/de\/wp-json\/wp\/v2\/pages\/43806\/revisions\/79950"}],"up":[{"embeddable":true,"href":"https:\/\/www.sisinternational.com\/de\/wp-json\/wp\/v2\/pages\/14514"}],"wp:featuredmedia":[{"embeddable":true,"href":"https:\/\/www.sisinternational.com\/de\/wp-json\/wp\/v2\/media\/69142"}],"wp:attachment":[{"href":"https:\/\/www.sisinternational.com\/de\/wp-json\/wp\/v2\/media?parent=43806"}],"curies":[{"name":"wp","href":"https:\/\/api.w.org\/{rel}","templated":true}]}}