{"id":43800,"date":"2023-10-11T10:58:42","date_gmt":"2023-10-11T14:58:42","guid":{"rendered":"https:\/\/www.sisinternational.com\/?page_id=43800"},"modified":"2026-01-26T17:22:30","modified_gmt":"2026-01-26T22:22:30","slug":"planogramm-marktforschung","status":"publish","type":"page","link":"https:\/\/www.sisinternational.com\/de\/sachverstand\/planogramm-marktforschung\/","title":{"rendered":"Planogramm-Marktforschung"},"content":{"rendered":"<h1 class=\"wp-block-heading\">Planogramm-Marktforschung<\/h1>\n\n\n\n<figure class=\"gb-block-image gb-block-image-adce11dd\"><img loading=\"lazy\" decoding=\"async\" width=\"1456\" height=\"816\" class=\"gb-image gb-image-adce11dd\" src=\"https:\/\/www.sisinternational.com\/wp-content\/uploads\/2025\/08\/Planogram-2.jpg\" alt=\"SIS International Marktforschung &amp; Strategie\" title=\"Planogram (2)\" srcset=\"https:\/\/www.sisinternational.com\/wp-content\/uploads\/2025\/08\/Planogram-2.jpg 1456w, https:\/\/www.sisinternational.com\/wp-content\/uploads\/2025\/08\/Planogram-2-300x168.jpg 300w, https:\/\/www.sisinternational.com\/wp-content\/uploads\/2025\/08\/Planogram-2-1024x574.jpg 1024w, https:\/\/www.sisinternational.com\/wp-content\/uploads\/2025\/08\/Planogram-2-768x430.jpg 768w, https:\/\/www.sisinternational.com\/wp-content\/uploads\/2025\/08\/Planogram-2-18x10.jpg 18w\" sizes=\"auto, (max-width: 1456px) 100vw, 1456px\"><\/figure>\n\n\n\n<p><\/p>\n\n\n\n<p>Im heutigen wettbewerbsintensiven Einzelhandelsumfeld suchen Unternehmen st\u00e4ndig nach M\u00f6glichkeiten, ihre Ladengestaltung zu optimieren und den Umsatz zu maximieren. Dabei spielt die Planogramm-Marktforschung eine entscheidende Rolle. Durch die Analyse des Verbraucherverhaltens, der Markttrends und der Produktplatzierung hilft die Planogramm-Marktforschung Unternehmen dabei, effektive Visual Merchandising-Strategien zu entwickeln, die den ROI steigern und neue M\u00f6glichkeiten und Trends erkunden.<\/p>\n\n\n\n<h2 class=\"wp-block-heading\">Was ist Planogramm-Marktforschung?<\/h2>\n\n\n\n<p>Planogram market research is a systematic process of analyzing the placement and arrangement of products within a retail space. It involves <a href=\"https:\/\/www.sisinternational.com\/de\/abdeckung\/europa\/marktforschung-liverpool-grosbritannien\/\" title=\"Marktforschung in Liverpool | Fokusgruppen und Datenerfassung in Gro\u00dfbritannien\"  data-wpil-monitor-id=\"9760\">collecting and analyzing data<\/a> on consumer behavior, sales patterns, and market trends to create visually appealing and efficient store layouts.<\/p>\n\n\n\n<h3 class=\"wp-block-heading\">Warum ist es wichtig?<\/h3>\n\n\n\n<p>Planogram market research is of paramount importance for retailers as it directly impacts sales and customer satisfaction. By analyzing consumer behavior and sales data, <a href=\"https:\/\/www.sisinternational.com\/de\/losungen\/branding-und-kundenforschungslosungen\/einzelhandelsmarktforschung\/\" title=\"Einzelhandelsmarktforschung | In-Store-Marktforschung\"  data-wpil-monitor-id=\"9756\">market research helps retailers<\/a> determine the most effective placement of products within their stores. This ensures that popular and high-margin items are prominently displayed, increasing the chances of customer engagement and purchase.<\/p>\n\n\n\n<p>Furthermore, a well-designed planogram <a href=\"https:\/\/www.sisinternational.com\/de\/qualitative-research-to-enhance-customer-experience\/\" title=\"Qualitative Research to Enhance Customer Experience\"  data-wpil-monitor-id=\"9759\">enhances the overall shopping experience for customers<\/a>. It helps them easily navigate the store, locate desired products, and discover new items. It leads to increased sales and profitability because of strategically placing products in high-traffic areas and optimizing shelf space.<\/p>\n\n\n\n<h2 class=\"wp-block-heading\">Vorteile der Planogramm-Marktforschung<\/h2>\n\n\n\n<figure class=\"gb-block-image gb-block-image-cd181c39\"><img loading=\"lazy\" decoding=\"async\" width=\"1456\" height=\"816\" class=\"gb-image gb-image-cd181c39\" src=\"https:\/\/www.sisinternational.com\/wp-content\/uploads\/2025\/08\/Planogram-3.jpg\" alt=\"SIS International Marktforschung &amp; Strategie\" title=\"Planogram (3)\" srcset=\"https:\/\/www.sisinternational.com\/wp-content\/uploads\/2025\/08\/Planogram-3.jpg 1456w, https:\/\/www.sisinternational.com\/wp-content\/uploads\/2025\/08\/Planogram-3-300x168.jpg 300w, https:\/\/www.sisinternational.com\/wp-content\/uploads\/2025\/08\/Planogram-3-1024x574.jpg 1024w, https:\/\/www.sisinternational.com\/wp-content\/uploads\/2025\/08\/Planogram-3-768x430.jpg 768w, https:\/\/www.sisinternational.com\/wp-content\/uploads\/2025\/08\/Planogram-3-18x10.jpg 18w\" sizes=\"auto, (max-width: 1456px) 100vw, 1456px\"><\/figure>\n\n\n\n<p><\/p>\n\n\n\n<p>Implementing this <a href=\"https:\/\/www.sisinternational.com\/de\/sachverstand\/lebenslaufe\/lebenslauf-mit-erfahrungen-im-einzelhandel\/\" title=\"Marktforschungsunternehmen f\u00fcr den Einzelhandel\"  data-wpil-monitor-id=\"9757\">market research offers several benefits for retailers<\/a>. Here are some key advantages:<\/p>\n\n\n\n<ul class=\"wp-block-list\">\n<li><strong>Verbesserte Produktsichtbarkeit:<\/strong> Ein gut umgesetztes Planogramm sorgt daf\u00fcr, dass die Produkte optisch ansprechend und leicht zug\u00e4nglich pr\u00e4sentiert werden. Dies erh\u00f6ht die Sichtbarkeit der Produkte, erregt die Aufmerksamkeit der K\u00e4ufer und steigert den Umsatz.<\/li>\n\n\n\n<li><strong>Optimierte Regalfl\u00e4che:<\/strong> Es hilft Einzelh\u00e4ndlern, Regalfl\u00e4che so effizient wie m\u00f6glich zu nutzen. Durch die Anordnung der Produkte auf der Grundlage von Verbrauchernachfrage und Verkaufsdaten k\u00f6nnen Einzelh\u00e4ndler sicherstellen, dass die Regale vollst\u00e4ndig genutzt werden, Unordnung vermieden und eine saubere und organisierte Einkaufsumgebung geschaffen wird.<\/li>\n\n\n\n<li><strong>Verbesserte Cross-Selling- und Upselling-M\u00f6glichkeiten:<\/strong> Planograms enable <a href=\"https:\/\/www.sisinternational.com\/de\/losungen\/branding-und-kundenforschungslosungen\/produkttests-marktforschung\/einzelhandelsprodukttests-in-nyc-uber-la\/\" title=\"Der Vorteil von Einzelhandelsprodukttests in NYC gegen\u00fcber LA\"  data-wpil-monitor-id=\"9762\">retailers to strategically place related products<\/a> in proximity, encouraging cross-selling and upselling opportunities. For example, placing chips and dips together can prompt customers to purchase both items, thereby increasing the average transaction value.<\/li>\n\n\n\n<li><strong>Datengesteuerte Entscheidungsfindung:<\/strong> Das <a href=\"https:\/\/www.sisinternational.com\/de\/losungen\/qualitative-quantitative-forschungslosungen\/chaid-analyse-marktforschung\/\" title=\"CHAID Analyse Marktforschung\"  data-wpil-monitor-id=\"9758\">market research is driven by data analysis<\/a>. By leveraging sales data, consumer behavior insights, and market trends, retailers can make informed decisions regarding product assortment, pricing, and promotional strategies.<\/li>\n<\/ul>\n\n\n\n<h2 class=\"wp-block-heading\">Aktuelle Trends und Technologien in der Planogramm-Marktforschung<\/h2>\n\n\n\n<p>Die Welt der Planogramm-Marktforschung entwickelt sich st\u00e4ndig weiter, angetrieben durch technologische Fortschritte und sich \u00e4ndernde Verbraucherpr\u00e4ferenzen. Hier sind einige aktuelle Trends und Technologien, die das Feld pr\u00e4gen:<\/p>\n\n\n\n<ul class=\"wp-block-list\">\n<li><strong>Virtuelle Realit\u00e4t (VR) und Erweiterte Realit\u00e4t (AR):<\/strong> Mithilfe von VR- und AR-Technologien k\u00f6nnen Einzelh\u00e4ndler Ladenlayouts simulieren und Planogramme visualisieren, bevor sie diese umsetzen. So k\u00f6nnen sie fundierte Entscheidungen treffen und verschiedene Szenarien testen, ohne den Laden physisch umgestalten zu m\u00fcssen.<\/li>\n\n\n\n<li><strong>Heatmapping:<\/strong> Bei der Heatmapping-Technologie werden Sensoren und Kameras verwendet, um die Bewegungen der Kunden in einem Gesch\u00e4ft zu verfolgen. Durch die Analyse dieser Daten k\u00f6nnen Einzelh\u00e4ndler Bereiche mit hohem Kundenaufkommen identifizieren und die Planogramme entsprechend optimieren, um eine maximale Pr\u00e4senz der wichtigsten Produkte sicherzustellen.<\/li>\n\n\n\n<li><strong>Mobile Anwendungen:<\/strong> Mobile Anwendungen werden zunehmend zur Unterst\u00fctzung bei der Planogrammausf\u00fchrung eingesetzt. Einzelhandelsmitarbeiter k\u00f6nnen \u00fcber mobile Apps auf Planogramme zugreifen, Echtzeit-Updates erhalten und \u00fcber die Einhaltung von Vorschriften berichten, was die Kommunikation und Effizienz verbessert.<\/li>\n\n\n\n<li><strong>K\u00fcnstliche Intelligenz (KI):<\/strong> KI-gest\u00fctzte Algorithmen werden zur Analyse von Verkaufsdaten, Verbraucherverhalten und Markttrends eingesetzt. Dies hilft Einzelh\u00e4ndlern, Muster zu erkennen und bei der Erstellung von Planogrammen datenbasierte Entscheidungen zu treffen.<\/li>\n\n\n\n<li><strong>Dynamische Planogramme:<\/strong> Traditional planograms were static and rarely changed. However, with the advent of technology, dynamic planograms are gaining traction. These planograms can be easily updated and modified based on real-time data, <a href=\"https:\/\/www.sisinternational.com\/de\/losungen\/strategieberatung\/sales-enablement-marktforschung-strategieberatung\/\" title=\"Sales Enablement Marktforschung und Strategieberatung\"  data-wpil-monitor-id=\"9761\">enabling retailers to adapt to changing market<\/a> dynamics more effectively.<\/li>\n<\/ul>\n\n\n\n<h2 class=\"wp-block-heading\">M\u00f6glichkeiten der Planogramm-Marktforschung f\u00fcr Unternehmen<\/h2>\n\n\n\n<p>Die Marktstudie zu Planogrammen bietet Unternehmen zahlreiche M\u00f6glichkeiten, sich im Einzelhandel einen Wettbewerbsvorteil zu verschaffen. Hier sind einige der wichtigsten M\u00f6glichkeiten:<\/p>\n\n\n\n<ul class=\"wp-block-list\">\n<li><strong>Personalisierung:<\/strong> Planogram <a href=\"https:\/\/www.sisinternational.com\/de\/losungen\/store-check-marktforschung\/\" title=\"Store Check Marktforschung\"  data-wpil-monitor-id=\"2140\">market research allows businesses to tailor store<\/a> layouts based on customer preferences and demographics. By understanding the target audience and their shopping habits, retailers can create personalized shopping <a href=\"https:\/\/www.sisinternational.com\/de\/sachverstand\/branchen\/marktforschung-zum-kundenerlebnis-im-restaurant\/\" title=\"Marktforschung zum Kundenerlebnis im Restaurantbereich\"  data-wpil-monitor-id=\"9763\">experiences that resonate with customers<\/a>.<\/li>\n\n\n\n<li><strong>Zusammenarbeit mit Lieferanten:<\/strong> Planogramme erfordern h\u00e4ufig die Zusammenarbeit mit Lieferanten, um eine optimale Produktplatzierung sicherzustellen. Durch die enge Zusammenarbeit mit Lieferanten k\u00f6nnen Unternehmen ihre Beziehungen verbessern, g\u00fcnstige Konditionen aushandeln und Zugang zu exklusiven Produktpr\u00e4sentationen und Werbeaktionen erhalten.<\/li>\n\n\n\n<li><strong>Verbessertes Bestandsmanagement:<\/strong> Eine effiziente Planogrammimplementierung kann zu einer verbesserten Bestandsverwaltung f\u00fchren. Indem Unternehmen die Produktplatzierung an die Nachfragemuster anpassen, k\u00f6nnen sie \u00fcbersch\u00fcssige Lagerbest\u00e4nde reduzieren, Fehlbest\u00e4nde minimieren und die gesamte Lieferkette optimieren.<\/li>\n<\/ul>\n\n\n\n<h2 class=\"wp-block-heading\">Herausforderungen in der Planogramm-Marktforschung f\u00fcr Unternehmen<\/h2>\n\n\n\n<p>Obwohl die Marktforschung f\u00fcr Planogramme zahlreiche Vorteile bietet, stehen Unternehmen bei ihrer Umsetzung auch vor bestimmten Herausforderungen. Hier sind einige der wichtigsten Herausforderungen:<\/p>\n\n\n\n<ul class=\"wp-block-list\">\n<li><strong>Ver\u00e4nderte Verbraucherpr\u00e4ferenzen:<\/strong> Verbraucherpr\u00e4ferenzen und Kaufverhalten entwickeln sich st\u00e4ndig weiter. Unternehmen m\u00fcssen Planogramme kontinuierlich \u00fcberwachen und an wechselnde Trends anpassen, was regelm\u00e4\u00dfige Investitionen in Forschung und Entwicklung erfordert.<\/li>\n\n\n\n<li><strong>Einschr\u00e4nkungen beim Ladenlayout:<\/strong> Einige Einzelhandelsfl\u00e4chen sind hinsichtlich Layout und Regalfl\u00e4che begrenzt. Unternehmen m\u00fcssen kreative Wege finden, um ihre Planogramme innerhalb dieser Einschr\u00e4nkungen zu optimieren und sicherzustellen, dass die Produkte dennoch effektiv pr\u00e4sentiert werden und f\u00fcr die Kunden zug\u00e4nglich sind.<\/li>\n\n\n\n<li><strong>Mitarbeiterschulung und Compliance:<\/strong> Planogramme sind nur dann wirksam, wenn die Mitarbeiter sie verstehen und befolgen. Um sicherzustellen, dass die Mitarbeiter Planogramme genau und konsequent umsetzen, sind geeignete Schulungs- und Kommunikationskan\u00e4le unerl\u00e4sslich.<\/li>\n<\/ul>\n\n\n\n<h2 class=\"wp-block-heading\">Zukunftsaussichten der Planogramm-Marktforschung<\/h2>\n\n\n\n<figure class=\"gb-block-image gb-block-image-b158d6e9\"><img loading=\"lazy\" decoding=\"async\" width=\"1456\" height=\"816\" class=\"gb-image gb-image-b158d6e9\" src=\"https:\/\/www.sisinternational.com\/wp-content\/uploads\/2025\/08\/Planogram-1.jpg\" alt=\"SIS International Marktforschung &amp; Strategie\" title=\"Planogram (1)\" srcset=\"https:\/\/www.sisinternational.com\/wp-content\/uploads\/2025\/08\/Planogram-1.jpg 1456w, https:\/\/www.sisinternational.com\/wp-content\/uploads\/2025\/08\/Planogram-1-300x168.jpg 300w, https:\/\/www.sisinternational.com\/wp-content\/uploads\/2025\/08\/Planogram-1-1024x574.jpg 1024w, https:\/\/www.sisinternational.com\/wp-content\/uploads\/2025\/08\/Planogram-1-768x430.jpg 768w, https:\/\/www.sisinternational.com\/wp-content\/uploads\/2025\/08\/Planogram-1-18x10.jpg 18w\" sizes=\"auto, (max-width: 1456px) 100vw, 1456px\"><\/figure>\n\n\n\n<p><\/p>\n\n\n\n<p>Die Marktforschung f\u00fcr Planogramme wird durch technologische Fortschritte und sich entwickelnde Verbrauchererwartungen vorangetrieben. Hier sind einige Trends, die wahrscheinlich die Zukunft der Branche pr\u00e4gen werden:<\/p>\n\n\n\n<ul class=\"wp-block-list\">\n<li><strong>Integration k\u00fcnstlicher Intelligenz:<\/strong> KI wird in der Planogramm-Marktforschung eine immer wichtigere Rolle spielen. Fortschrittliche KI-Algorithmen liefern Einzelh\u00e4ndlern Echtzeiteinblicke und erm\u00f6glichen dynamische und personalisierte Planogramme, die sich an das ver\u00e4nderte Verbraucherverhalten anpassen.<\/li>\n\n\n\n<li><strong>Smart Shelf-Technologie:<\/strong> Die intelligente Regaltechnologie, die mit Sensoren und RFID-Tags ausgestattet ist, wird die Planogrammimplementierung revolutionieren. Diese Regale liefern Echtzeitdaten zu Produktverf\u00fcgbarkeit, Lagerbest\u00e4nden und Kundeninteraktionen, sodass Einzelh\u00e4ndler datengesteuerte Entscheidungen treffen und Planogramme unterwegs optimieren k\u00f6nnen.<\/li>\n\n\n\n<li><strong>Online- und Offline-Integration:<\/strong> With the rise of omnichannel retailing, planogram market <a href=\"https:\/\/www.sisinternational.com\/de\/losungen\/branding-und-kundenforschungslosungen\/ladenlayout-forschung\/\" title=\"Ladenlayout-Forschung\"  data-wpil-monitor-id=\"6497\">research will extend beyond physical stores<\/a> to include online platforms. Retailers will need to create cohesive and consistent experiences across online and offline channels, ensuring that planograms are optimized for both.<\/li>\n<\/ul>","protected":false},"excerpt":{"rendered":"<p>Die Planogramm-Marktforschung ist ein systematischer Prozess zur Analyse der Platzierung und Anordnung von Produkten in einem Einzelhandelsraum.<\/p>","protected":false},"author":1,"featured_media":64323,"parent":14514,"menu_order":396,"comment_status":"closed","ping_status":"closed","template":"","meta":{"footnotes":""},"class_list":["post-43800","page","type-page","status-publish","has-post-thumbnail"],"_links":{"self":[{"href":"https:\/\/www.sisinternational.com\/de\/wp-json\/wp\/v2\/pages\/43800","targetHints":{"allow":["GET"]}}],"collection":[{"href":"https:\/\/www.sisinternational.com\/de\/wp-json\/wp\/v2\/pages"}],"about":[{"href":"https:\/\/www.sisinternational.com\/de\/wp-json\/wp\/v2\/types\/page"}],"author":[{"embeddable":true,"href":"https:\/\/www.sisinternational.com\/de\/wp-json\/wp\/v2\/users\/1"}],"replies":[{"embeddable":true,"href":"https:\/\/www.sisinternational.com\/de\/wp-json\/wp\/v2\/comments?post=43800"}],"version-history":[{"count":6,"href":"https:\/\/www.sisinternational.com\/de\/wp-json\/wp\/v2\/pages\/43800\/revisions"}],"predecessor-version":[{"id":81625,"href":"https:\/\/www.sisinternational.com\/de\/wp-json\/wp\/v2\/pages\/43800\/revisions\/81625"}],"up":[{"embeddable":true,"href":"https:\/\/www.sisinternational.com\/de\/wp-json\/wp\/v2\/pages\/14514"}],"wp:featuredmedia":[{"embeddable":true,"href":"https:\/\/www.sisinternational.com\/de\/wp-json\/wp\/v2\/media\/64323"}],"wp:attachment":[{"href":"https:\/\/www.sisinternational.com\/de\/wp-json\/wp\/v2\/media?parent=43800"}],"curies":[{"name":"wp","href":"https:\/\/api.w.org\/{rel}","templated":true}]}}