{"id":43774,"date":"2023-10-10T18:26:18","date_gmt":"2023-10-10T22:26:18","guid":{"rendered":"https:\/\/www.sisinternational.com\/?page_id=43774"},"modified":"2026-03-12T13:17:27","modified_gmt":"2026-03-12T17:17:27","slug":"marktforschung-fur-lebensmittel-und-getranke-mit-gentechnisch-veranderten-organismen","status":"publish","type":"page","link":"https:\/\/www.sisinternational.com\/de\/losungen\/marktforschung-fur-die-lebensmittel-und-getrankeindustrie\/marktforschung-fur-lebensmittel-und-getranke-mit-gentechnisch-veranderten-organismen\/","title":{"rendered":"Marktforschung f\u00fcr Lebensmittel und Getr\u00e4nke mit gentechnisch ver\u00e4nderten Organismen"},"content":{"rendered":"<h1 class=\"wp-block-heading\">Marktforschung f\u00fcr Lebensmittel und Getr\u00e4nke mit gentechnisch ver\u00e4nderten Organismen<\/h1>\n\n\n\n<figure class=\"gb-block-image gb-block-image-f97a4d54\"><img loading=\"lazy\" decoding=\"async\" width=\"1456\" height=\"816\" class=\"gb-image gb-image-f97a4d54\" src=\"https:\/\/www.sisinternational.com\/wp-content\/uploads\/2025\/08\/Ready-to-Drink-RTD-Beverage-2.jpg\" alt=\"SIS International Marktforschung &amp; Strategie\" title=\"Ready to Drink (RTD) Beverage (2)\" srcset=\"https:\/\/www.sisinternational.com\/wp-content\/uploads\/2025\/08\/Ready-to-Drink-RTD-Beverage-2.jpg 1456w, https:\/\/www.sisinternational.com\/wp-content\/uploads\/2025\/08\/Ready-to-Drink-RTD-Beverage-2-300x168.jpg 300w, https:\/\/www.sisinternational.com\/wp-content\/uploads\/2025\/08\/Ready-to-Drink-RTD-Beverage-2-1024x574.jpg 1024w, https:\/\/www.sisinternational.com\/wp-content\/uploads\/2025\/08\/Ready-to-Drink-RTD-Beverage-2-768x430.jpg 768w, https:\/\/www.sisinternational.com\/wp-content\/uploads\/2025\/08\/Ready-to-Drink-RTD-Beverage-2-18x10.jpg 18w\" sizes=\"auto, (max-width: 1456px) 100vw, 1456px\"><\/figure>\n\n\n\n<p><\/p>\n\n\n\n<p>Wie viel wissen wir wirklich \u00fcber die Lebensmittel, die wir t\u00e4glich verzehren, insbesondere wenn es um gentechnisch ver\u00e4nderte Organismen (GVO) geht? Die Debatte um GVO-Lebensmittel ist komplex. Einige Interessenvertreter loben die Technologie f\u00fcr ihr Potenzial, globale Nahrungsmittelkrisen zu l\u00f6sen, andere \u00e4u\u00dfern Bedenken hinsichtlich der gesundheitlichen und \u00f6kologischen Auswirkungen.<\/p>\n\n\n\n<p>Angesichts der Tatsache, dass sich die Verbraucher nun mit diesen konkurrierenden Darstellungen auseinandersetzen m\u00fcssen, erweist sich die Marktforschung zu gentechnisch ver\u00e4nderten Lebensmitteln als wichtiges Instrument, um Licht in die komplexen Dynamiken, Vorlieben und Herausforderungen dieser Branche zu bringen.<\/p>\n\n\n\n<h2 class=\"wp-block-heading\">Was ist Marktforschung zu gentechnisch ver\u00e4nderten Lebensmitteln und Getr\u00e4nken?<\/h2>\n\n\n\n<p>GMO food market research focuses on analyzing genetically modified foods and their market implications. This research encompasses various factors, including consumer sentiment, market trends, regulatory landscapes, and technological advancements, among others. So, by undertaking genetically modified <a href=\"https:\/\/www.sisinternational.com\/de\/organherstellung-mit-3d-druckern\/\" title=\"Marktforschung zur Organherstellung und zum 3D-Druck\"  data-wpil-monitor-id=\"2303\">organism food and beverage market research<\/a>, businesses, policymakers, and other stakeholders can gain a clearer picture of the existing market dynamics, potential opportunities, and challenges.<\/p>\n\n\n\n<h2 class=\"wp-block-heading\">Vorteile der Marktforschung f\u00fcr Lebensmittel und Getr\u00e4nke mit gentechnisch ver\u00e4nderten Organismen<\/h2>\n\n\n\n<p>Die Marktforschung zu gentechnisch ver\u00e4nderten Lebensmitteln bietet Unternehmen wertvolle Erkenntnisse. Hier sind einige der wichtigsten Vorteile, die sich aus der eingehenden Besch\u00e4ftigung mit diesem speziellen Forschungsgebiet ergeben:<\/p>\n\n\n\n<ul class=\"wp-block-list\">\n<li><strong>Informierte Entscheidungsfindung:<\/strong> Durch die Marktforschung zu gentechnisch ver\u00e4nderten Lebensmitteln gewinnen Unternehmen Erkenntnisse aus Daten, die ihnen fundierte Entscheidungen hinsichtlich der Produktentwicklung, Vermarktung und Verteilung erm\u00f6glichen.<\/li>\n\n\n\n<li><strong>Risikomanagement:<\/strong> Umfassende Untersuchungen k\u00f6nnen Unternehmen dabei helfen, potenzielle regulatorische Herausforderungen, Stimmungsschwankungen in der Bev\u00f6lkerung und andere mit gentechnisch ver\u00e4nderten Lebensmitteln verbundene Risiken einzusch\u00e4tzen und proaktive Strategien zur Risikominderung zu entwickeln.<\/li>\n\n\n\n<li><strong>Innovationsm\u00f6glichkeiten:<\/strong> Genetically modified organism <a href=\"https:\/\/www.sisinternational.com\/de\/sachverstand\/branchen\/marktforschung-zu-lebensmittel-und-getrankezutaten\/\" title=\"Marktforschung f\u00fcr Lebensmittel- und Getr\u00e4nkezutaten\"  data-wpil-monitor-id=\"3149\">food and beverage market research<\/a> can identify gaps in the current market, paving the way for the introduction of innovative GMO-based products that cater to specific consumer needs or niches.<\/li>\n\n\n\n<li><strong>Wettbewerbsvorteil:<\/strong> Durch ein klares Verst\u00e4ndnis der Marktdynamik k\u00f6nnen Unternehmen Wettbewerbsbedrohungen und -chancen erkennen und sich so im Markt f\u00fcr gentechnisch ver\u00e4nderte Lebensmittel vorteilhaft positionieren.<\/li>\n\n\n\n<li><strong>Globale Perspektive:<\/strong> Given the varied regulatory environments and consumer perceptions across different regions, GMO food <a href=\"https:\/\/www.sisinternational.com\/de\/billigflieger-in-der-luftfahrtindustrie\/\" title=\"Marktforschung f\u00fcr Billigflieger\"  data-wpil-monitor-id=\"7634\">market research can offer a global<\/a> perspective, assisting businesses in tailoring strategies for different geographies.<\/li>\n\n\n\n<li><strong>Lieferkettenmanagement:<\/strong> Das Verst\u00e4ndnis des GVO-Marktes kann Unternehmen dabei helfen, ihre Lieferketten zu optimieren und sicherzustellen, dass die Beschaffung, Produktion und Verteilung von GVO-Lebensmitteln effizient und vorschriftsgem\u00e4\u00df erfolgen.<\/li>\n\n\n\n<li><strong>Einbindung der Stakeholder:<\/strong> Mithilfe der Erkenntnisse aus der Marktforschung k\u00f6nnen Unternehmen effektiver mit verschiedenen Interessengruppen \u2013 von Regulierungsbeh\u00f6rden und NGOs bis hin zu Landwirten und Verbrauchern \u2013 zusammenarbeiten und so Vertrauen und eine partnerschaftliche Zusammenarbeit aufbauen.<\/li>\n<\/ul>\n\n\n\n<h2 class=\"wp-block-heading\">Wichtige Akteure auf dem Markt f\u00fcr gentechnisch ver\u00e4nderte Lebensmittel und Getr\u00e4nke<\/h2>\n\n\n\n<figure class=\"gb-block-image gb-block-image-692122e0\"><img loading=\"lazy\" decoding=\"async\" width=\"1456\" height=\"816\" class=\"gb-image gb-image-692122e0\" src=\"https:\/\/www.sisinternational.com\/wp-content\/uploads\/2025\/08\/Beverages-4.jpg\" alt=\"SIS International Marktforschung &amp; Strategie\" title=\"Beverages (4)\" srcset=\"https:\/\/www.sisinternational.com\/wp-content\/uploads\/2025\/08\/Beverages-4.jpg 1456w, https:\/\/www.sisinternational.com\/wp-content\/uploads\/2025\/08\/Beverages-4-300x168.jpg 300w, https:\/\/www.sisinternational.com\/wp-content\/uploads\/2025\/08\/Beverages-4-1024x574.jpg 1024w, https:\/\/www.sisinternational.com\/wp-content\/uploads\/2025\/08\/Beverages-4-768x430.jpg 768w, https:\/\/www.sisinternational.com\/wp-content\/uploads\/2025\/08\/Beverages-4-18x10.jpg 18w\" sizes=\"auto, (max-width: 1456px) 100vw, 1456px\"><\/figure>\n\n\n\n<p><\/p>\n\n\n\n<p>Mehrere dominante Akteure bestimmen den Markt f\u00fcr gentechnisch ver\u00e4nderte Lebensmittel. Die folgenden Unternehmen haben erheblichen Einfluss auf die Entwicklung der Branche:<\/p>\n\n\n\n<ul class=\"wp-block-list\">\n<li><strong>Bayer Crop Science:<\/strong> Bayer, ein globaler Riese im Agrarsektor, verf\u00fcgt nach der \u00dcbernahme von Monsanto mit einer Reihe gentechnisch ver\u00e4nderter Saaten und Nutzpflanzen \u00fcber eine bedeutende Pr\u00e4senz auf dem GVO-Markt.<\/li>\n\n\n\n<li><strong>Syngenta:<\/strong> Ein globales Unternehmen, das Agrochemikalien und Saatgut produziert, darunter auch gentechnisch ver\u00e4ndertes Saatgut f\u00fcr Nutzpflanzen wie Mais, Sojabohnen und Baumwolle.<\/li>\n\n\n\n<li><strong>Cibus:<\/strong> Ein Biotechnologieunternehmen, das \u00e4hnliche Techniken wie die genetische Modifikation einsetzt, seine Produkte jedoch als nicht gentechnisch ver\u00e4ndert betrachtet.<\/li>\n\n\n\n<li><strong>AgBiome:<\/strong> Der Schwerpunkt liegt auf der Nutzung n\u00fctzlicher Mikroben zur Entwicklung von Produkten zur Sch\u00e4dlingsbek\u00e4mpfung mit dem Ziel einer nachhaltigeren landwirtschaftlichen Zukunft.<\/li>\n<\/ul>\n\n\n\n<h2 class=\"wp-block-heading\">Neue Technologien pr\u00e4gen die Marktforschung f\u00fcr gentechnisch ver\u00e4nderte Organismen im Lebensmittel- und Getr\u00e4nkebereich<\/h2>\n\n\n\n<p>The GMO food market isn&#8217;t static. It&#8217;s being continually reshaped by cutting-edge technologies. These innovations possess the potential to redefine the relationship with food and the environment \u2013 and since genetically modified <a href=\"https:\/\/www.sisinternational.com\/de\/sachverstand\/branchen\/marktforschung-fur-organische-chemikalien\/\" title=\"Marktforschung f\u00fcr organische Chemikalien\"  data-wpil-monitor-id=\"3308\">organism food and beverage market research<\/a> dives into these technological shifts, it reveals a glimpse of the future and some of the technologies that are changing the GMO landscape.<\/p>\n\n\n\n<ul class=\"wp-block-list\">\n<li><strong>CRISPR\/Cas9:<\/strong> Diese revolution\u00e4re Technologie zur Genomeditierung hat die Marktforschung zu gentechnisch ver\u00e4nderten Lebensmitteln ver\u00e4ndert, indem sie pr\u00e4zise Modifikationen mit erh\u00f6hter Effizienz erm\u00f6glicht.<\/li>\n\n\n\n<li><strong>Nanotechnologie:<\/strong> Durch die Manipulation von Lebensmitteln auf molekularer Ebene bietet die Nanotechnologie Potenziale wie eine verbesserte N\u00e4hrstoffzufuhr und eine verbesserte Lebensmittelkonservierung.<\/li>\n\n\n\n<li><strong>Bioinformatik:<\/strong> Angesichts der enormen Datenmenge spielt die Bioinformatik eine entscheidende Rolle beim Verst\u00e4ndnis genetischer Sequenzen und der Vorhersage potenzieller GVO-Merkmale.<\/li>\n<\/ul>\n\n\n\n<h2 class=\"wp-block-heading\">M\u00f6glichkeiten der Marktforschung f\u00fcr Lebensmittel und Getr\u00e4nke mit gentechnisch ver\u00e4nderten Organismen f\u00fcr Unternehmen<\/h2>\n\n\n\n<p>The realm of GMO foods is full of possibilities for businesses. By leveraging the insights gleaned from <a href=\"https:\/\/www.sisinternational.com\/de\/global-beverage-market\/\" title=\"Global Beverage Market: Market Dynamics, Growth Projections &amp; Consumer Insights\"  data-wpil-monitor-id=\"1093\">genetically modified organism food and beverage<\/a> market research, enterprises can identify burgeoning trends, tap into consumer desires, and carve a niche in this competitive landscape. With the world&#8217;s population booming and resources dwindling, the stakes have never been higher.<\/p>\n\n\n\n<ul class=\"wp-block-list\">\n<li><strong>Produktentwicklung:<\/strong> Wenn Unternehmen die Vorlieben und Bedenken der Verbraucher in Bezug auf gentechnisch ver\u00e4nderte Lebensmittel verstehen, k\u00f6nnen sie ihre Produktentwicklungsstrategien besser an die Marktnachfrage anpassen.<\/li>\n\n\n\n<li><strong>Einhaltung gesetzlicher Vorschriften:<\/strong> Genetically modified organism <a href=\"https:\/\/www.sisinternational.com\/de\/sachverstand\/branchen\/abendessen-essen-getranke-marktforschung\/\" title=\"Marktforschung f\u00fcr Speisen und Getr\u00e4nke zum Abendessen\"  data-wpil-monitor-id=\"3854\">food and beverage market research<\/a> provides insights into evolving global regulatory landscapes. Businesses can proactively adjust their practices to remain compliant and foresee potential regulatory shifts.<\/li>\n\n\n\n<li><strong>Zielgerichtetes Marketing und Kommunikation:<\/strong> Durch Einblicke in die \u00f6ffentliche Meinung und falsche Vorstellungen gegen\u00fcber GVO k\u00f6nnen Unternehmen gezielte Marketingkampagnen entwickeln, die auf die Bedenken der Verbraucher eingehen und die Vorteile von GVO-Produkten hervorheben.<\/li>\n\n\n\n<li><strong>Expansion in neue geografische Gebiete:<\/strong> Durch das Verst\u00e4ndnis der regionalen Einstellungen gegen\u00fcber gentechnisch ver\u00e4nderten Lebensmitteln k\u00f6nnen Unternehmen potenzielle M\u00e4rkte identifizieren, in denen gentechnisch ver\u00e4nderte Produkte m\u00f6glicherweise leichter akzeptiert werden oder in denen Aufkl\u00e4rungskampagnen erforderlich sein k\u00f6nnten.<\/li>\n\n\n\n<li><strong>Optimierung der Lieferkette:<\/strong> Genetically modified organism <a href=\"https:\/\/www.sisinternational.com\/de\/sachverstand\/branchen\/marktforschung-zur-unsicherheit-bei-lebensmitteln-und-getranken\/\" title=\"Marktforschung zur Unsicherheit im Lebensmittel- und Getr\u00e4nkebereich\"  data-wpil-monitor-id=\"4138\">food and beverage market research<\/a> can identify potential disruptions or challenges in the GMO supply chain, from seed production to distribution, allowing for better risk management.<\/li>\n\n\n\n<li><strong>Anlageeinblicke:<\/strong> F\u00fcr Investoren und Risikokapitalgeber bietet diese Marktforschung ein umfassendes Verst\u00e4ndnis der Wachstumsmuster, neuen Technologien und potenziellen Risiken des Sektors gentechnisch ver\u00e4nderter Lebensmittel.<\/li>\n\n\n\n<li><strong>Verbraucheraufkl\u00e4rung:<\/strong> Indem sie Wissensl\u00fccken bei den Verbrauchern zu gentechnisch ver\u00e4nderten Lebensmitteln identifizieren, k\u00f6nnen Unternehmen bei Aufkl\u00e4rungskampagnen die F\u00fchrung \u00fcbernehmen und so daf\u00fcr sorgen, dass die Verbraucher eine fundierte Entscheidung treffen.<\/li>\n\n\n\n<li><strong>Innovations- und F&amp;E-Richtungen:<\/strong> Genetically modified organism <a href=\"https:\/\/www.sisinternational.com\/de\/sachverstand\/branchen\/marktforschung-zur-lebensmittelsicherheit\/\" title=\"Marktforschung zur Lebensmittel- und Getr\u00e4nkesicherheit\"  data-wpil-monitor-id=\"4292\">food and beverage market research<\/a> can spotlight emerging biotechnologies or innovations, guiding businesses in directing their R&amp;D efforts fruitfully.<\/li>\n<\/ul>\n\n\n\n<h2 class=\"wp-block-heading\">Herausforderungen bei der Marktforschung f\u00fcr gentechnisch ver\u00e4nderte Lebensmittel und Getr\u00e4nke f\u00fcr Unternehmen<\/h2>\n\n\n\n<figure class=\"gb-block-image gb-block-image-14e9e366\"><img loading=\"lazy\" decoding=\"async\" width=\"1456\" height=\"816\" class=\"gb-image gb-image-14e9e366\" src=\"https:\/\/www.sisinternational.com\/wp-content\/uploads\/2025\/08\/Beverages-6.jpg\" alt=\"SIS International Marktforschung &amp; Strategie\" title=\"Beverages (6)\" srcset=\"https:\/\/www.sisinternational.com\/wp-content\/uploads\/2025\/08\/Beverages-6.jpg 1456w, https:\/\/www.sisinternational.com\/wp-content\/uploads\/2025\/08\/Beverages-6-300x168.jpg 300w, https:\/\/www.sisinternational.com\/wp-content\/uploads\/2025\/08\/Beverages-6-1024x574.jpg 1024w, https:\/\/www.sisinternational.com\/wp-content\/uploads\/2025\/08\/Beverages-6-768x430.jpg 768w, https:\/\/www.sisinternational.com\/wp-content\/uploads\/2025\/08\/Beverages-6-18x10.jpg 18w\" sizes=\"auto, (max-width: 1456px) 100vw, 1456px\"><\/figure>\n\n\n\n<p><\/p>\n\n\n\n<p>Obwohl der Sektor der gentechnisch ver\u00e4nderten Lebensmittel viel Potenzial bietet, gibt es auch einige H\u00fcrden. Diese Herausforderungen erfordern eine differenzierte Herangehensweise \u2013 und f\u00fcr Unternehmen, die in diesem Sektor erfolgreich sein wollen, ist es von gr\u00f6\u00dfter Bedeutung, diese Herausforderungen durch die Linse der Marktforschung zu gentechnisch ver\u00e4nderten Lebensmitteln zu verstehen.<\/p>\n\n\n\n<ul class=\"wp-block-list\">\n<li><strong>Regulatorische H\u00fcrden:<\/strong> Die Vorschriften f\u00fcr GVO sind weltweit nicht einheitlich. Es ist eine Herausforderung, die sich st\u00e4ndig \u00e4ndernde Gesetzeslandschaft in den verschiedenen L\u00e4ndern zu verstehen und mit ihr Schritt zu halten.<\/li>\n\n\n\n<li><strong>Vielf\u00e4ltige Stakeholder-Interessen:<\/strong> Die Abw\u00e4gung der Interessen und Anliegen unterschiedlicher Interessengruppen \u2013 von Landwirten und Verbrauchern bis hin zu Aktivisten und Regulierungsbeh\u00f6rden \u2013 macht die Forschung noch komplexer.<\/li>\n\n\n\n<li><strong>Ethische Bedenken:<\/strong> Ethical issues, such as concerns about biodiversity, cross-pollination, and long-term ecological impact, further complicate <a href=\"https:\/\/www.sisinternational.com\/de\/losungen\/innovation\/genetik-marktforschung\/\" title=\"Genetik-Marktforschung\"  data-wpil-monitor-id=\"5002\">genetically modified organism food and beverage market<\/a> research.<\/li>\n\n\n\n<li><strong>Effektive Kommunikation:<\/strong> Eine st\u00e4ndige Herausforderung besteht auch darin, komplexe wissenschaftliche Konzepte und Forschungsergebnisse in leicht verst\u00e4ndliche Informationen f\u00fcr Verbraucher, Investoren und andere Interessengruppen umzusetzen.<\/li>\n<\/ul>","protected":false},"excerpt":{"rendered":"<p>Die Marktforschung zu Lebensmitteln und Getr\u00e4nken aus gentechnisch ver\u00e4nderten Organismen analysiert gentechnisch ver\u00e4nderte Lebensmittel und ihre Auswirkungen auf den Markt.<\/p>","protected":false},"author":1,"featured_media":64853,"parent":22018,"menu_order":388,"comment_status":"closed","ping_status":"closed","template":"","meta":{"footnotes":""},"class_list":["post-43774","page","type-page","status-publish","has-post-thumbnail"],"_links":{"self":[{"href":"https:\/\/www.sisinternational.com\/de\/wp-json\/wp\/v2\/pages\/43774","targetHints":{"allow":["GET"]}}],"collection":[{"href":"https:\/\/www.sisinternational.com\/de\/wp-json\/wp\/v2\/pages"}],"about":[{"href":"https:\/\/www.sisinternational.com\/de\/wp-json\/wp\/v2\/types\/page"}],"author":[{"embeddable":true,"href":"https:\/\/www.sisinternational.com\/de\/wp-json\/wp\/v2\/users\/1"}],"replies":[{"embeddable":true,"href":"https:\/\/www.sisinternational.com\/de\/wp-json\/wp\/v2\/comments?post=43774"}],"version-history":[{"count":14,"href":"https:\/\/www.sisinternational.com\/de\/wp-json\/wp\/v2\/pages\/43774\/revisions"}],"predecessor-version":[{"id":81257,"href":"https:\/\/www.sisinternational.com\/de\/wp-json\/wp\/v2\/pages\/43774\/revisions\/81257"}],"up":[{"embeddable":true,"href":"https:\/\/www.sisinternational.com\/de\/wp-json\/wp\/v2\/pages\/22018"}],"wp:featuredmedia":[{"embeddable":true,"href":"https:\/\/www.sisinternational.com\/de\/wp-json\/wp\/v2\/media\/64853"}],"wp:attachment":[{"href":"https:\/\/www.sisinternational.com\/de\/wp-json\/wp\/v2\/media?parent=43774"}],"curies":[{"name":"wp","href":"https:\/\/api.w.org\/{rel}","templated":true}]}}