{"id":43772,"date":"2023-10-10T18:17:23","date_gmt":"2023-10-10T22:17:23","guid":{"rendered":"https:\/\/www.sisinternational.com\/?page_id=43772"},"modified":"2026-03-12T13:17:10","modified_gmt":"2026-03-12T17:17:10","slug":"marktforschung-zu-stimme-des-kunden-im-lebensmittel-und-getrankebereich","status":"publish","type":"page","link":"https:\/\/www.sisinternational.com\/de\/losungen\/marktforschung-fur-die-lebensmittel-und-getrankeindustrie\/marktforschung-zu-stimme-des-kunden-im-lebensmittel-und-getrankebereich\/","title":{"rendered":"Marktforschung zur Stimme des Kunden im Lebensmittel- und Getr\u00e4nkebereich"},"content":{"rendered":"<h1 class=\"wp-block-heading\">Marktforschung zur Stimme des Kunden im Lebensmittel- und Getr\u00e4nkebereich<\/h1>\n\n\n\n<figure class=\"gb-block-image gb-block-image-db011e8c\"><img loading=\"lazy\" decoding=\"async\" width=\"1456\" height=\"816\" class=\"gb-image gb-image-db011e8c\" src=\"https:\/\/www.sisinternational.com\/wp-content\/uploads\/2025\/10\/Hotel-restaurant-1.jpg\" alt=\"SIS International Marktforschung &amp; Strategie\" title=\"Hotel restaurant (1)\" srcset=\"https:\/\/www.sisinternational.com\/wp-content\/uploads\/2025\/10\/Hotel-restaurant-1.jpg 1456w, https:\/\/www.sisinternational.com\/wp-content\/uploads\/2025\/10\/Hotel-restaurant-1-300x168.jpg 300w, https:\/\/www.sisinternational.com\/wp-content\/uploads\/2025\/10\/Hotel-restaurant-1-1024x574.jpg 1024w, https:\/\/www.sisinternational.com\/wp-content\/uploads\/2025\/10\/Hotel-restaurant-1-768x430.jpg 768w, https:\/\/www.sisinternational.com\/wp-content\/uploads\/2025\/10\/Hotel-restaurant-1-18x10.jpg 18w\" sizes=\"auto, (max-width: 1456px) 100vw, 1456px\"><\/figure>\n\n\n\n<p><\/p>\n\n\n\n<p>Die Welt der Gastronomie ist einer der wettbewerbsintensivsten Sektoren f\u00fcr Unternehmen, und um in diesem Umfeld erfolgreich zu sein, ist es entscheidend, einen Vorsprung zu haben. Daher ist es von gr\u00f6\u00dfter Bedeutung, die Vorlieben und kulinarischen Erfahrungen der Kunden zu verstehen \u2013 und Marktforschung zum Thema \u201eStimme des Kunden\u201c im Lebensmittel- und Getr\u00e4nkebereich ist ein wichtiges Instrument f\u00fcr Gastronomen, die ihr Angebot an die sich entwickelnden Geschm\u00e4cker und Erwartungen ihrer Kundschaft anpassen m\u00f6chten.<\/p>\n\n\n\n<h2 class=\"wp-block-heading\">Was ist Marktforschung zur Stimme des Kunden im Lebensmittel- und Getr\u00e4nkebereich?<\/h2>\n\n\n\n<p>Die Marktforschung zur Stimme des Kunden im Lebensmittel- und Getr\u00e4nkebereich ist eine spezielle Form der Marktforschung, die auf die Bed\u00fcrfnisse und Nuancen der Lebensmittelindustrie zugeschnitten ist. Dieses Feedback kann eine Reihe von Themen abdecken, vom Geschmack und der Pr\u00e4sentation der Gerichte \u00fcber das Ambiente und die Umgebung des Lokals bis hin zur Qualit\u00e4t des bereitgestellten Service.<\/p>\n\n\n\n<p>Durch Marktforschung erhalten Gastronomen ein tieferes Verst\u00e4ndnis ihrer G\u00e4ste. So k\u00f6nnen sie ihr Angebot gezielter anpassen und f\u00fcr ein unvergessliches kulinarisches Erlebnis sorgen.<\/p>\n\n\n\n<h2 class=\"wp-block-heading\">Vorteile der Marktforschung zur Stimme des Kunden im Lebensmittel- und Getr\u00e4nkebereich<\/h2>\n\n\n\n<p>In the highly competitive food industry, understanding customer preferences is crucial for success. <a href=\"https:\/\/www.sisinternational.com\/de\/sachverstand\/branchen\/abendessen-essen-getranke-marktforschung\/\" title=\"Marktforschung f\u00fcr Speisen und Getr\u00e4nke zum Abendessen\"  data-wpil-monitor-id=\"7182\">Food and beverage voice of the customer<\/a> market research offers several benefits that can give restaurants a competitive edge:<\/p>\n\n\n\n<ul class=\"wp-block-list\">\n<li><strong>Tiefe Einblicke in die Kundenpr\u00e4ferenzen:<\/strong> Die Marktforschung zur Stimme des Kunden im Lebensmittel- und Getr\u00e4nkebereich bietet einen direkten Draht zum Denken des Gastes. Durch Umfragen und Methoden zur Erfassung von Feedback k\u00f6nnen Restaurants bestimmte Gerichte erkennen, die bei ihrem Publikum Anklang finden, Zutaten, die polarisieren k\u00f6nnten, oder K\u00fcchen, die immer beliebter werden. Diese Erkenntnisse helfen Restaurants, fundierte Entscheidungen \u00fcber ihr Men\u00fcangebot zu treffen und sicherzustellen, dass sie den Vorlieben ihrer Zielgruppe gerecht werden.<\/li>\n\n\n\n<li><strong>Verbesserung des Speiseerlebnisses:<\/strong> \u00dcber die Speisekarte hinaus sind R\u00fcckmeldungen zum Ambiente, zur Musik, zur Sitzordnung und sogar zur Beleuchtung von entscheidender Bedeutung. Solche Erkenntnisse stellen sicher, dass die G\u00e4ste nicht nur ihr Essen genie\u00dfen, sondern in ein ganzheitliches, auf ihre Vorlieben zugeschnittenes Speiseerlebnis eintauchen. Indem sie ein unvergessliches Speiseerlebnis schaffen, k\u00f6nnen Restaurants die Kundenbindung st\u00e4rken und Stammkunden gewinnen.<\/li>\n\n\n\n<li><strong>Loyalit\u00e4t aufbauen:<\/strong> Wenn G\u00e4ste sehen, dass ihr Feedback ber\u00fccksichtigt wird, f\u00f6rdert dies ein Gef\u00fchl von Loyalit\u00e4t und Verbundenheit. Sie erkennen, dass ihre Meinung gesch\u00e4tzt wird, und kommen daher eher wieder und empfehlen das Lokal weiter.<\/li>\n\n\n\n<li><strong>Strategische Gesch\u00e4ftsentscheidungen:<\/strong> Restaurantbesitzer k\u00f6nnen fundierte Entscheidungen \u00fcber m\u00f6gliche Erweiterungen, Men\u00fc\u00fcberarbeitungen oder Werbeveranstaltungen treffen. Durch die Analyse von Kundenfeedback und Markttrends k\u00f6nnen Gastronomen Wachstumschancen erkennen und ihre Strategien entsprechend anpassen. Dies reduziert das R\u00e4tselraten und das finanzielle Risiko, das mit solchen Entscheidungen verbunden ist, und f\u00fchrt zu erfolgreicheren Gesch\u00e4ftsergebnissen.<\/li>\n\n\n\n<li><strong>Reputationsmanagement:<\/strong> Consistent <a href=\"https:\/\/www.sisinternational.com\/de\/sachverstand\/branchen\/reputationsmarktforschung\/\" title=\"Reputationsmarktforschung\"  data-wpil-monitor-id=\"4087\">food and beverage voice of the customer<\/a> market research ensures that restaurateurs are attuned to customer sentiments, enabling proactive measures to maintain a positive public image. By addressing any concerns or issues raised by customers, restaurants can mitigate negative reviews and build a strong online reputation.<\/li>\n<\/ul>\n\n\n\n<h2 class=\"wp-block-heading\">Aktuelle Trends und Technologien in der Lebensmittel- und Getr\u00e4nkebranche - Marktforschung zur Stimme des Kunden<\/h2>\n\n\n\n<figure class=\"gb-block-image gb-block-image-2f0f5970\"><img loading=\"lazy\" decoding=\"async\" width=\"1456\" height=\"816\" class=\"gb-image gb-image-2f0f5970\" src=\"https:\/\/www.sisinternational.com\/wp-content\/uploads\/2025\/10\/taste-testing-7.jpg\" alt=\"SIS International Marktforschung &amp; Strategie\" title=\"taste testing (7)\" srcset=\"https:\/\/www.sisinternational.com\/wp-content\/uploads\/2025\/10\/taste-testing-7.jpg 1456w, https:\/\/www.sisinternational.com\/wp-content\/uploads\/2025\/10\/taste-testing-7-300x168.jpg 300w, https:\/\/www.sisinternational.com\/wp-content\/uploads\/2025\/10\/taste-testing-7-1024x574.jpg 1024w, https:\/\/www.sisinternational.com\/wp-content\/uploads\/2025\/10\/taste-testing-7-768x430.jpg 768w, https:\/\/www.sisinternational.com\/wp-content\/uploads\/2025\/10\/taste-testing-7-18x10.jpg 18w\" sizes=\"auto, (max-width: 1456px) 100vw, 1456px\"><\/figure>\n\n\n\n<p><\/p>\n\n\n\n<p>Die Marktforschung f\u00fcr die Stimme des Kunden im Lebensmittel- und Getr\u00e4nkebereich entwickelt sich st\u00e4ndig weiter, um mit den sich \u00e4ndernden Vorlieben und Verhaltensweisen der G\u00e4ste Schritt zu halten. Hier sind einige aktuelle Trends und Technologien, die in diesem Bereich angewendet werden:<\/p>\n\n\n\n<ul class=\"wp-block-list\">\n<li><strong>Mobile Umfragen und Feedback-Apps:<\/strong> Mit der zunehmenden Verbreitung von Smartphones nutzen Restaurants zunehmend mobile Umfragen und Feedback-Apps, um Kundenfeedback in Echtzeit zu sammeln. Mit diesen Tools k\u00f6nnen G\u00e4ste bequem und sofort Feedback geben, was die Genauigkeit und Aktualit\u00e4t der Datenerfassung verbessert.<\/li>\n\n\n\n<li><strong>Social Media Listening:<\/strong> Social-Media-Plattformen liefern eine F\u00fclle von Informationen \u00fcber Kundenpr\u00e4ferenzen und -stimmungen. Restaurants nutzen Social-Media-Listening-Tools, um Online-Gespr\u00e4che zu \u00fcberwachen und Erkenntnisse \u00fcber den Ruf ihrer Marke, Men\u00fcpr\u00e4ferenzen und neue Gastronomietrends zu gewinnen. Diese Informationen helfen ihnen, ihre Angebote und Marketingstrategien anzupassen, um ihre Zielgruppe besser zu bedienen.<\/li>\n\n\n\n<li><strong>Analyse der Online-Rezensionen:<\/strong> Online-Bewertungen sind f\u00fcr Kunden zu einem wirkungsvollen Instrument geworden, um ihre kulinarischen Erfahrungen zu teilen. Restaurants nutzen Tools zur Stimmungsanalyse, um Online-Bewertungen zu analysieren und Erkenntnisse daraus zu gewinnen. Durch das Verst\u00e4ndnis der von Kunden ge\u00e4u\u00dferten Stimmungen k\u00f6nnen Restaurants Verbesserungspotenziale identifizieren und proaktive Ma\u00dfnahmen ergreifen, um etwaige Probleme zu beheben.<\/li>\n<\/ul>\n\n\n\n<h2 class=\"wp-block-heading\">M\u00f6glichkeiten der Marktforschung zur Stimme des Kunden im Lebensmittelbereich f\u00fcr Unternehmen<\/h2>\n\n\n\n<p>Die stetig wachsende Lebensmittelindustrie bietet Unternehmen zahlreiche M\u00f6glichkeiten, die sie nutzen k\u00f6nnen. Dies sind einige der wichtigsten Chancen f\u00fcr Unternehmen in dieser Branche:<\/p>\n\n\n\n<ul class=\"wp-block-list\">\n<li><strong>Men\u00fcoptimierung:<\/strong> Anstatt sich auf Versuch und Irrtum zu verlassen, k\u00f6nnen Restaurants Umfragedaten nutzen, um ihre Speisekarten zu optimieren. Durch die Einf\u00fchrung von Gerichten, die auf neue Trends eingehen, und die schrittweise Abschaffung von Gerichten, die nicht so gut ankommen, k\u00f6nnen Restaurants ihr Men\u00fcangebot optimieren, um die Erwartungen der Kunden zu erf\u00fcllen und die Rentabilit\u00e4t zu steigern.<\/li>\n\n\n\n<li><strong>Standortbasierte Strategien:<\/strong> For chains or franchises considering expansion, food and beverage <a href=\"https:\/\/www.sisinternational.com\/de\/global-beverage-market\/\" title=\"Global Beverage Market: Market Dynamics, Growth Projections &amp; Consumer Insights\"  data-wpil-monitor-id=\"1107\">voice of the customer market research<\/a> can provide insights into geographical preferences. By understanding which locations resonate most with their target audience, businesses can strategically select locations where their offerings are most likely to succeed.<\/li>\n\n\n\n<li><strong>Betriebseffizienz:<\/strong> Feedback zur Leistung des Personals, zu Wartezeiten oder zu Reservierungssystemen kann zu verbesserten Betriebsstrategien, zur Optimierung von Ressourcen und zur Verbesserung der allgemeinen Servicequalit\u00e4t f\u00fchren. Durch die Optimierung der Abl\u00e4ufe auf der Grundlage von Kundenfeedback k\u00f6nnen Restaurants ihre Effizienz steigern und ein nahtloses Speiseerlebnis bieten.<\/li>\n\n\n\n<li><strong>Treueprogramme und Werbeaktionen:<\/strong> Marktforschung kann Aufschluss dar\u00fcber geben, welche Belohnungen oder Werbeaktionen bei den G\u00e4sten am besten ankommen. Wenn Unternehmen ihre Vorlieben kennen, k\u00f6nnen sie Treueprogramme und Sonderangebote entwickeln, die Kunden wirklich anlocken und binden und so die Kundentreue und Folgegesch\u00e4fte f\u00f6rdern.<\/li>\n\n\n\n<li><strong>Die digitale Generation einbeziehen:<\/strong> With a growing number of diners relying on online reviews and platforms for their dining decisions, insights from <a href=\"https:\/\/www.sisinternational.com\/de\/sachverstand\/branchen\/marktforschung-fur-online-lebensmittellieferungen\/\" title=\"Marktforschung f\u00fcr Online-Lebensmittellieferungen\"  data-wpil-monitor-id=\"5667\">food and beverage voice of the customer<\/a> market research can guide businesses in enhancing their online presence. By optimizing their website, engaging with social media platforms, and partnering with food bloggers and influencers, restaurants can reach their target audience more effectively and attract new customers.<\/li>\n<\/ul>\n\n\n\n<h2 class=\"wp-block-heading\">Herausforderungen in der Marktforschung f\u00fcr Lebensmittel- und Getr\u00e4nkeunternehmen zur Stimme des Kunden<\/h2>\n\n\n\n<figure class=\"gb-block-image gb-block-image-c7c462b4\"><img loading=\"lazy\" decoding=\"async\" width=\"1456\" height=\"816\" class=\"gb-image gb-image-c7c462b4\" src=\"https:\/\/www.sisinternational.com\/wp-content\/uploads\/2025\/10\/restaurantr-employee-3.jpg\" alt=\"SIS International Marktforschung &amp; Strategie\" title=\"restaurantr employee (3)\" srcset=\"https:\/\/www.sisinternational.com\/wp-content\/uploads\/2025\/10\/restaurantr-employee-3.jpg 1456w, https:\/\/www.sisinternational.com\/wp-content\/uploads\/2025\/10\/restaurantr-employee-3-300x168.jpg 300w, https:\/\/www.sisinternational.com\/wp-content\/uploads\/2025\/10\/restaurantr-employee-3-1024x574.jpg 1024w, https:\/\/www.sisinternational.com\/wp-content\/uploads\/2025\/10\/restaurantr-employee-3-768x430.jpg 768w, https:\/\/www.sisinternational.com\/wp-content\/uploads\/2025\/10\/restaurantr-employee-3-18x10.jpg 18w\" sizes=\"auto, (max-width: 1456px) 100vw, 1456px\"><\/figure>\n\n\n\n<p><\/p>\n\n\n\n<p>Diese Marktforschung bietet zwar wertvolle Erkenntnisse, doch stehen Unternehmen bei der Durchf\u00fchrung derartiger Untersuchungen auch vor mehreren Herausforderungen:<\/p>\n\n\n\n<ul class=\"wp-block-list\">\n<li><strong>Niedrige Antwortraten:<\/strong> Eine der gr\u00f6\u00dften Herausforderungen bei der Marktforschung zur Kundenmeinung im Lebensmittel- und Getr\u00e4nkebereich ist die oft niedrige Beteiligungsquote. G\u00e4ste sind m\u00f6glicherweise nicht bereit, Umfragen auszuf\u00fcllen oder Feedback zu geben, sodass den Unternehmen nur begrenzte Daten zur Analyse zur Verf\u00fcgung stehen. Um diese Herausforderung zu mildern, k\u00f6nnen Restaurants die Teilnahme f\u00f6rdern, indem sie Rabatte oder Belohnungen f\u00fcr das Ausf\u00fcllen von Umfragen anbieten.<\/li>\n\n\n\n<li><strong>\u00c4nderungen implementieren:<\/strong> W\u00e4hrend das Sammeln von Feedback eine Facette der Marktforschung zur Stimme des Kunden im Lebensmittel- und Getr\u00e4nkebereich ist, bringt die Umsetzung von \u00c4nderungen auf der Grundlage dieses Feedbacks eine Reihe eigener Herausforderungen mit sich. Die Balance zwischen der Ber\u00fccksichtigung von Feedback und der Wahrung des Wesens des Restaurants kann eine heikle Angelegenheit sein. F\u00fcr Unternehmen ist es wichtig, Feedback sorgf\u00e4ltig auszuwerten und strategische Entscheidungen zu treffen, die mit ihrer Markenidentit\u00e4t und ihrem Zielmarkt \u00fcbereinstimmen.<\/li>\n\n\n\n<li><strong>Kulturelle und regionale Nuancen:<\/strong> Das Feedback kann je nach kulturellen oder regionalen Vorlieben sehr unterschiedlich ausfallen. F\u00fcr Ketten, die \u00fcber mehrere Regionen oder L\u00e4nder hinweg t\u00e4tig sind, kann es eine Herausforderung sein, ihr Angebot auf der Grundlage unterschiedlichen Feedbacks zu standardisieren. Unternehmen sollten kulturelle und regionale Nuancen sorgf\u00e4ltig ber\u00fccksichtigen, um sicherzustellen, dass sie ihr Angebot entsprechend anpassen, ohne die Integrit\u00e4t ihrer Marke zu gef\u00e4hrden.<\/li>\n<\/ul>\n\n\n\n<h2 class=\"wp-block-heading\">Zukunftsaussichten der Marktforschung f\u00fcr Lebensmittel und Getr\u00e4nke mit der Stimme des Kunden<\/h2>\n\n\n\n<p>Die Lebensmittelindustrie entwickelt sich st\u00e4ndig weiter, und das gilt auch f\u00fcr die Marktforschung im Bereich Lebensmittel und Getr\u00e4nke. Hier sind einige aufkommende Trends und Zukunftsaussichten:<\/p>\n\n\n\n<ul class=\"wp-block-list\">\n<li><strong>Umfragen zu Virtual Reality (VR) und Augmented Reality (AR):<\/strong> Da VR- und AR-Technologien immer zug\u00e4nglicher werden, k\u00f6nnten sie f\u00fcr umfassendere Umfrageerlebnisse genutzt werden. Diese Technologien k\u00f6nnen es Verbrauchern erm\u00f6glichen, Feedback zu virtuellen Men\u00fcdemonstrationen, Restaurantlayouts oder sogar Geschmackstests zu geben. Durch die Einbindung von VR- und AR-Umfragen k\u00f6nnen Unternehmen detaillierteres und realistischeres Feedback von Kunden erfassen.<\/li>\n\n\n\n<li><strong>Integration mit sozialen Medien:<\/strong> Da soziale Medien weiterhin Einfluss auf die Essensauswahl haben, wird ihre Integration in die Marktforschung zur Stimme der Kunden im Lebensmittel- und Getr\u00e4nkebereich immer st\u00e4rker. Restaurants k\u00f6nnten auf Plattformen wie Instagram, TikTok oder Facebook direkt nach Feedback suchen, ihre Nutzerbasis anzapfen und mit Kunden dort in Kontakt treten, wo sie ihre Zeit online verbringen.<\/li>\n\n\n\n<li><strong>Personalisierte Umfrageerlebnisse:<\/strong> Mithilfe von Datenanalysen werden k\u00fcnftige Umfragen pers\u00f6nlicher gestaltet und stellen Fragen, die f\u00fcr das jeweilige Restauranterlebnis relevant sind. Indem Unternehmen Umfragen an individuelle Vorlieben und Essgewohnheiten anpassen, k\u00f6nnen sie f\u00fcr mehr Engagement und genaueres Feedback sorgen. Durch personalisierte Umfrageerlebnisse k\u00f6nnen Unternehmen detailliertere Erkenntnisse gewinnen und gezielte Verbesserungen vornehmen.<\/li>\n<\/ul>","protected":false},"excerpt":{"rendered":"<p>Marktforschung zur Stimme des Kunden im Lebensmittel- und Getr\u00e4nkebereich ist f\u00fcr Gastronomen von entscheidender Bedeutung, um sich an den sich entwickelnden Geschmack und die Erwartungen anzupassen.<\/p>","protected":false},"author":1,"featured_media":70814,"parent":22018,"menu_order":387,"comment_status":"closed","ping_status":"closed","template":"","meta":{"footnotes":""},"class_list":["post-43772","page","type-page","status-publish","has-post-thumbnail"],"_links":{"self":[{"href":"https:\/\/www.sisinternational.com\/de\/wp-json\/wp\/v2\/pages\/43772","targetHints":{"allow":["GET"]}}],"collection":[{"href":"https:\/\/www.sisinternational.com\/de\/wp-json\/wp\/v2\/pages"}],"about":[{"href":"https:\/\/www.sisinternational.com\/de\/wp-json\/wp\/v2\/types\/page"}],"author":[{"embeddable":true,"href":"https:\/\/www.sisinternational.com\/de\/wp-json\/wp\/v2\/users\/1"}],"replies":[{"embeddable":true,"href":"https:\/\/www.sisinternational.com\/de\/wp-json\/wp\/v2\/comments?post=43772"}],"version-history":[{"count":8,"href":"https:\/\/www.sisinternational.com\/de\/wp-json\/wp\/v2\/pages\/43772\/revisions"}],"predecessor-version":[{"id":80745,"href":"https:\/\/www.sisinternational.com\/de\/wp-json\/wp\/v2\/pages\/43772\/revisions\/80745"}],"up":[{"embeddable":true,"href":"https:\/\/www.sisinternational.com\/de\/wp-json\/wp\/v2\/pages\/22018"}],"wp:featuredmedia":[{"embeddable":true,"href":"https:\/\/www.sisinternational.com\/de\/wp-json\/wp\/v2\/media\/70814"}],"wp:attachment":[{"href":"https:\/\/www.sisinternational.com\/de\/wp-json\/wp\/v2\/media?parent=43772"}],"curies":[{"name":"wp","href":"https:\/\/api.w.org\/{rel}","templated":true}]}}