{"id":43761,"date":"2023-10-10T16:27:24","date_gmt":"2023-10-10T20:27:24","guid":{"rendered":"https:\/\/www.sisinternational.com\/?page_id=43761"},"modified":"2026-01-26T17:31:43","modified_gmt":"2026-01-26T22:31:43","slug":"marktforschung-fur-den-gewerblichen-lkw-verkehr","status":"publish","type":"page","link":"https:\/\/www.sisinternational.com\/de\/sachverstand\/marktforschung-fur-den-gewerblichen-lkw-verkehr\/","title":{"rendered":"Marktforschung f\u00fcr gewerbliche LKW"},"content":{"rendered":"<h1 class=\"wp-block-heading\">Marktforschung f\u00fcr gewerbliche LKW<\/h1>\n\n\n\n<figure class=\"gb-block-image gb-block-image-7ddf75cb\"><img loading=\"lazy\" decoding=\"async\" width=\"1456\" height=\"816\" class=\"gb-image gb-image-7ddf75cb\" src=\"https:\/\/www.sisinternational.com\/wp-content\/uploads\/2025\/09\/European-food-delivery-3.jpg\" alt=\"SIS International Marktforschung &amp; Strategie\" title=\"European food delivery (3)\" srcset=\"https:\/\/www.sisinternational.com\/wp-content\/uploads\/2025\/09\/European-food-delivery-3.jpg 1456w, https:\/\/www.sisinternational.com\/wp-content\/uploads\/2025\/09\/European-food-delivery-3-300x168.jpg 300w, https:\/\/www.sisinternational.com\/wp-content\/uploads\/2025\/09\/European-food-delivery-3-1024x574.jpg 1024w, https:\/\/www.sisinternational.com\/wp-content\/uploads\/2025\/09\/European-food-delivery-3-768x430.jpg 768w, https:\/\/www.sisinternational.com\/wp-content\/uploads\/2025\/09\/European-food-delivery-3-18x10.jpg 18w\" sizes=\"auto, (max-width: 1456px) 100vw, 1456px\"><\/figure>\n\n\n\n<p><\/p>\n\n\n\n<p>Haben Sie sich schon einmal gefragt, wie Waren weite Strecken zur\u00fccklegen, um unsere \u00f6rtlichen Gesch\u00e4fte oder Haushalte zu erreichen? Hinter den Kulissen spielt die gewerbliche Transportbranche eine wichtige Rolle, indem sie p\u00fcnktliche Lieferungen sicherstellt und daf\u00fcr sorgt, dass die Weltwirtschaft reibungslos l\u00e4uft.<\/p>\n\n\n\n<p>Aus diesem Grund befasst sich die Marktforschung f\u00fcr Nutzfahrzeuge eingehend mit diesem wichtigen Sektor und analysiert neue Trends, Herausforderungen und Chancen. F\u00fcr Unternehmen und Interessengruppen kann das Verst\u00e4ndnis der Nuancen dieser Branche der Schl\u00fcssel sein, um Wachstumschancen zu nutzen und potenzielle Fallstricke zu umgehen.<\/p>\n\n\n\n<h2 class=\"wp-block-heading\">Was ist Marktforschung im gewerblichen Lkw-Verkehr?<\/h2>\n\n\n\n<p><a href=\"https:\/\/www.sisinternational.com\/de\/sachverstand\/branchen\/marktforschung-fur-gewerbeimmobilien\/\" title=\"Marktforschung f\u00fcr Gewerbeimmobilien\"  data-wpil-monitor-id=\"5680\">Commercial trucking market research<\/a> is the analysis and interpretation of commercial trucking industry data. It involves studying market trends, customer behaviors, industry dynamics, competitive landscape, and other factors that impact the trucking business.<\/p>\n\n\n\n<p>Durch die Durchf\u00fchrung einer umfassenden Marktanalyse k\u00f6nnen Unternehmen unter anderem die Gr\u00f6\u00dfe, das Wachstumspotenzial, das Wettbewerbsumfeld, das Kundenverhalten und die wichtigsten Segmente des Marktes f\u00fcr gewerbliche Lkw verstehen.<\/p>\n\n\n\n<h2 class=\"wp-block-heading\">Bedeutung der Marktforschung f\u00fcr Nutzfahrzeuge<\/h2>\n\n\n\n<p>Die Marktforschung f\u00fcr Nutzfahrzeuge spielt eine entscheidende Rolle f\u00fcr den Erfolg und das Wachstum von Unternehmen, die in der Transportbranche t\u00e4tig sind. Sie liefert wertvolle Erkenntnisse und datengesteuerte Analysen, die Unternehmen nutzen k\u00f6nnen, um fundierte Entscheidungen zu treffen, ihre Abl\u00e4ufe zu optimieren und der Konkurrenz einen Schritt voraus zu sein. Hier sind einige wichtige Gr\u00fcnde, die die Bedeutung der Marktforschung f\u00fcr Nutzfahrzeuge unterstreichen:<\/p>\n\n\n\n<p><strong>\u2022 Marktchancen erkennen:<\/strong> Durch eingehende Marktforschung k\u00f6nnen Unternehmen neue Trends, unerschlossene M\u00e4rkte und Nischensegmente innerhalb der gewerblichen Transportbranche identifizieren. So k\u00f6nnen sie neue Chancen nutzen, ihren Kundenstamm erweitern und ihre Dienstleistungen diversifizieren.<\/p>\n\n\n\n<p><strong>\u2022 Mit den Branchentrends Schritt halten:<\/strong> Die gewerbliche Lkw-Branche entwickelt sich st\u00e4ndig weiter. Neue Technologien, Vorschriften und Marktdynamiken pr\u00e4gen ihre Landschaft. Unternehmen k\u00f6nnen sich \u00fcber die neuesten Trends und Entwicklungen in Bereichen wie Automatisierung, Elektrifizierung, Logistikoptimierung und Nachhaltigkeit auf dem Laufenden halten.<\/p>\n\n\n\n<p><strong>\u2022 Bewertung der Wettbewerber:<\/strong> Durch die Untersuchung der Strategien, St\u00e4rken, Schw\u00e4chen und Marktpositionen von Wettbewerbern k\u00f6nnen Unternehmen Bereiche identifizieren, in denen sie einen Wettbewerbsvorteil erzielen k\u00f6nnen. Mit diesem Wissen k\u00f6nnen sie ihre Angebote differenzieren, ihr Wertversprechen verbessern und sich effektiv auf dem Markt positionieren.<\/p>\n\n\n\n<p><strong>\u2022 Risiken mindern:<\/strong> Marktforschung hilft Unternehmen, potenzielle Risiken und Herausforderungen in der gewerblichen Transportbranche vorherzusehen. Ob sich \u00e4ndernde staatliche Vorschriften, Konjunkturabschw\u00fcnge oder St\u00f6rungen in der Lieferkette \u2013 wenn Unternehmen sich potenzieller Bedrohungen bewusst sind, k\u00f6nnen sie proaktiv Notfallma\u00dfnahmen planen und umsetzen. Dies minimiert die Auswirkungen unvorhergesehener Ereignisse und tr\u00e4gt zur Aufrechterhaltung der Gesch\u00e4ftskontinuit\u00e4t bei.<\/p>\n\n\n\n<p><strong>\u2022 Optimierung der Ressourcenzuweisung:<\/strong> Durch das Verst\u00e4ndnis von Markttrends, Kundenpr\u00e4ferenzen und Branchendynamik k\u00f6nnen Unternehmen ihre Ressourcen effektiv einsetzen. Marktforschung hilft dabei, Bereiche zu identifizieren, in denen Investitionen h\u00f6chstwahrscheinlich die h\u00f6chsten Ertr\u00e4ge bringen, die Flottenauslastung zu optimieren und Marketingbudgets f\u00fcr maximale Wirkung einzusetzen.<\/p>\n\n\n\n<h2 class=\"wp-block-heading\"><span style=\"font-weight: 400;\">Welche Vorteile bietet die Marktforschung im Transportbereich?<\/span><\/h2>\n\n\n\n<figure class=\"gb-block-image gb-block-image-22a6f15c\"><img loading=\"lazy\" decoding=\"async\" width=\"1456\" height=\"816\" class=\"gb-image gb-image-22a6f15c\" src=\"https:\/\/www.sisinternational.com\/wp-content\/uploads\/2025\/09\/European-food-delivery-2.jpg\" alt=\"SIS International Marktforschung &amp; Strategie\" title=\"European food delivery (2)\" srcset=\"https:\/\/www.sisinternational.com\/wp-content\/uploads\/2025\/09\/European-food-delivery-2.jpg 1456w, https:\/\/www.sisinternational.com\/wp-content\/uploads\/2025\/09\/European-food-delivery-2-300x168.jpg 300w, https:\/\/www.sisinternational.com\/wp-content\/uploads\/2025\/09\/European-food-delivery-2-1024x574.jpg 1024w, https:\/\/www.sisinternational.com\/wp-content\/uploads\/2025\/09\/European-food-delivery-2-768x430.jpg 768w, https:\/\/www.sisinternational.com\/wp-content\/uploads\/2025\/09\/European-food-delivery-2-18x10.jpg 18w\" sizes=\"auto, (max-width: 1456px) 100vw, 1456px\"><\/figure>\n\n\n\n<p><\/p>\n\n\n\n<p><span style=\"font-weight: 400;\">Marktforschung im Transportgewerbe ist f\u00fcr Unternehmen, die in der Transportbranche t\u00e4tig sind oder mit ihr in Verbindung stehen, von entscheidender Bedeutung. Die Erkenntnisse bieten zahlreiche Vorteile, die strategische Entscheidungsfindung und betriebliche Effizienz f\u00f6rdern. Lassen Sie uns diese Vorteile im Detail untersuchen.<\/span><\/p>\n\n\n\n<p><b>\u2022 Informierte strategische Entscheidungsfindung: <\/b>Das <a href=\"https:\/\/www.sisinternational.com\/de\/sachverstand\/branchen\/bioinformatik-marktforschung\/\" title=\"Bioinformatik-Marktforschung\"  data-wpil-monitor-id=\"4677\">Forschung<\/a> provides a comprehensive understanding of the market, including trends in freight demand, pricing dynamics, and shifts in regulatory landscapes. These insights enable companies to make data-driven decisions that align with market realities.<\/span><\/p>\n\n\n\n<p><b>\u2022 Wettbewerbsvorteil: <\/b><span style=\"font-weight: 400;\">Durch ein besseres Verst\u00e4ndnis von Markttrends, Wettbewerbsstrategien und Kundenbed\u00fcrfnissen k\u00f6nnen Unternehmen einzigartige Strategien entwickeln, um sich von der Konkurrenz abzuheben. Dies kann die Einf\u00fchrung neuer Technologien, die Optimierung von Routen oder die Verbesserung von Kundendienstpraktiken beinhalten.<\/span><\/p>\n\n\n\n<p><b>\u2022 Effizienz- und Kostenoptimierung: <\/b><span style=\"font-weight: 400;\">Durch Marktforschung im Transportgewerbe lassen sich Bereiche identifizieren, in denen Unternehmen ihre Betriebskosten senken und ihre Effizienz steigern k\u00f6nnen. Dazu geh\u00f6ren Erkenntnisse \u00fcber Kraftstoffverbrauchsmuster, Routenoptimierung und Flottenmanagementpraktiken.<\/span><\/p>\n\n\n\n<p><b>\u2022 Identifizierung neuer Marktchancen: <\/b><span style=\"font-weight: 400;\">Durch umfassende Marktanalysen k\u00f6nnen Unternehmen in neue geografische Gebiete expandieren, ihre Dienstleistungen diversifizieren oder neue Kundensegmente ansprechen.&nbsp;<\/span><\/p>\n\n\n\n<p><b>\u2022 Risikomanagement: <\/b><span style=\"font-weight: 400;\">Durch ein Verst\u00e4ndnis der Marktvolatilit\u00e4t, regulatorischer \u00c4nderungen und wirtschaftlicher Auswirkungen k\u00f6nnen Unternehmen Risiken vorhersehen und Strategien zu deren Minderung entwickeln. Dieser proaktive Ansatz ist f\u00fcr die langfristige Nachhaltigkeit in einem schwankenden Markt von entscheidender Bedeutung.<\/span><\/p>\n\n\n\n<p><b>\u2022 Kundenbed\u00fcrfnisse und -erwartungen verstehen: <\/b><span style=\"font-weight: 400;\">Marktforschung im Transportgewerbe gibt Aufschluss dar\u00fcber, was Kunden sch\u00e4tzen, sei es Geschwindigkeit, Zuverl\u00e4ssigkeit, Kosten oder Kundenservice. Dieses Verst\u00e4ndnis ist der Schl\u00fcssel zur Bindung bestehender und zur Gewinnung neuer Kunden.<\/span><\/p>\n\n\n\n<p><b>\u2022 Vorbereitung auf technologische Fortschritte: <\/b><span style=\"font-weight: 400;\">Marktforschung im Transportgewerbe hilft Unternehmen, auf technologische Fortschritte vorbereitet zu sein. Da die Transportbranche zunehmend Technologien wie autonome Lkw, Elektrofahrzeuge und fortschrittliche Flottenmanagementsysteme einsetzt, ist das Verst\u00e4ndnis dieser Trends unerl\u00e4sslich, um auf dem Markt relevant zu bleiben.<\/span><\/p>\n\n\n\n<h2 class=\"wp-block-heading\"><span style=\"font-weight: 400;\">Forschungsmethoden zur Durchf\u00fchrung von Marktforschung im LKW-Bereich<\/span><\/h2>\n\n\n\n<p><span style=\"font-weight: 400;\">Um eine effektive Marktforschung im Transportgewerbe durchzuf\u00fchren, m\u00fcssen verschiedene Forschungsmethoden und -tools eingesetzt werden, um relevante Daten zu sammeln, zu analysieren und zu interpretieren. Lassen Sie uns einige der wichtigsten Methoden untersuchen, die Unternehmen einsetzen k\u00f6nnen, um diese Forschung umfassend durchzuf\u00fchren.<\/span><\/p>\n\n\n\n<p><b>\u2022 Umfragen: <\/b><span style=\"font-weight: 400;\">Umfragen sind wertvolle Instrumente zur direkten Datenerfassung bei Interessengruppen in der Transportbranche. Dazu k\u00f6nnen Lkw-Fahrer, Flottenmanager, Spediteure und Kunden geh\u00f6ren.&nbsp;<\/span><\/p>\n\n\n\n<p><b>\u2022 Wettbewerbsanalyse: <\/b>Studying competitors is a crucial aspect of <a href=\"https:\/\/www.sisinternational.com\/de\/taylor-universitat\/\" title=\"Marktforschungsstudie zum Universit\u00e4tscurriculum\"  data-wpil-monitor-id=\"6280\">trucking market research<\/a>. This involves analyzing the strategies, strengths, weaknesses, and market positioning of rival companies. Competitive intelligence can help businesses identify gaps in the market that they can capitalize on.<\/span><\/p>\n\n\n\n<p><b>\u2022 Industry Reports and <a class=\"wpil_keyword_link\" href=\"https:\/\/www.sisinternational.com\/de\/veroffentlichungen\/\"   title=\"Ver\u00f6ffentlichungen\" data-wpil-keyword-link=\"linked\"  data-wpil-monitor-id=\"652\">Ver\u00f6ffentlichungen<\/a>: <\/b><span style=\"font-weight: 400;\">Branchenberichte und Ver\u00f6ffentlichungen aus seri\u00f6sen Quellen bieten eine F\u00fclle von Informationen zur Lkw-Branche. Diese Berichte enthalten h\u00e4ufig Markttrends, Prognosen und Einblicke in regulatorische \u00c4nderungen.<\/span><\/p>\n\n\n\n<p><b>\u2022 Ausf\u00fchrliche Interviews und Fokusgruppen: <\/b><span style=\"font-weight: 400;\">Ausf\u00fchrliche Interviews und Fokusgruppen k\u00f6nnen qualitative Erkenntnisse liefern, die quantitative Daten erg\u00e4nzen. Unternehmen k\u00f6nnen wichtige Stakeholder wie Kunden oder Branchenexperten interviewen, um ein tieferes Verst\u00e4ndnis ihrer Bed\u00fcrfnisse und Wahrnehmungen zu erlangen. Fokusgruppen k\u00f6nnen verwendet werden, um bestimmte Themen im Detail zu untersuchen.<\/span><\/p>\n\n\n\n<p><b>\u2022 Kundenfeedback und Bewertungen: <\/b><span style=\"font-weight: 400;\">Das Anh\u00f6ren von Kundenfeedback und -bewertungen ist eine fortlaufende Methode der Marktforschung im Transportgewerbe. Es hilft Unternehmen, den Grad der Kundenzufriedenheit zu verstehen, Verbesserungsbereiche zu identifizieren und ihre Dienstleistungen an die Kundenerwartungen anzupassen.<\/span><\/p>\n\n\n\n<h2 class=\"wp-block-heading\">Wichtige Akteure auf dem Markt f\u00fcr Nutzfahrzeuge<\/h2>\n\n\n\n<p>Der Markt f\u00fcr Nutzfahrzeuge ist eine dynamische Branche mit zahlreichen wichtigen Akteuren, die zu seinem Wachstum und seiner Wettbewerbsf\u00e4higkeit beitragen \u2013 und einige der bekanntesten Marken sind:<\/p>\n\n\n\n<ul class=\"wp-block-list\">\n<li><strong>Daimler Trucks:<\/strong> Daimler ist ein wichtiger Akteur in der Nutzfahrzeugbranche und stellt eine breite Palette von Lkw unter Marken wie Mercedes-Benz, Freightliner und Western Star her.<\/li>\n\n\n\n<li><strong>Volvo-Konzern:<\/strong> Die Volvo Group ist ein weltweiter Hersteller von Lkw, Bussen und Baumaschinen. Zu ihren Lkw-Marken geh\u00f6ren Volvo Trucks, Mack Trucks und Renault Trucks.<\/li>\n\n\n\n<li><strong>Caterpillar Inc.:<\/strong> Caterpillar ist ein f\u00fchrender Hersteller von Bau- und Bergbaumaschinen, darunter auch Schwerlast-Lkw f\u00fcr den Einsatz in verschiedenen Branchen.<\/li>\n\n\n\n<li><strong>Isuzu-Motoren:<\/strong> Isuzu ist auf die Herstellung von Nutzfahrzeugen und Dieselmotoren spezialisiert und verf\u00fcgt \u00fcber eine starke Pr\u00e4senz in M\u00e4rkten wie Asien und Nordamerika.<\/li>\n\n\n\n<li><strong>TATA Motors:<\/strong> TATA Motors mit Sitz in Indien ist mit einem vielf\u00e4ltigen Angebot an Nutzfahrzeugen ein bedeutender Akteur auf dem Nutzfahrzeugmarkt.<\/li>\n\n\n\n<li><strong>Hyundai Motor Company:<\/strong> Hyundai stellt unter seiner Marke Hyundai Commercial Nutzfahrzeuge und Busse her und legt dabei den Schwerpunkt auf Qualit\u00e4t und Innovation.<\/li>\n\n\n\n<li><strong>China National Heavy Duty Truck Group (Sinotruk):<\/strong> Sinotruk ist ein wichtiger Akteur auf dem chinesischen Nutzfahrzeugmarkt und f\u00fcr seine Schwerlast-Lkw bekannt.<\/li>\n<\/ul>\n\n\n\n<h2 class=\"wp-block-heading\">Aktuelle Trends in der Marktforschung f\u00fcr Nutzfahrzeuge<\/h2>\n\n\n\n<p>Die gewerbliche Lkw-Branche entwickelt sich st\u00e4ndig weiter \u2013 und um in diesem Wettbewerbsumfeld erfolgreich zu sein, ist es f\u00fcr Unternehmen entscheidend, \u00fcber die aktuellen Trends in der Marktforschung auf dem Laufenden zu bleiben. Hier sind einige der wichtigsten Trends, die die Marktforschung f\u00fcr gewerbliche Lkw pr\u00e4gen:<\/p>\n\n\n\n<p><strong>\u2022 Technologische Fortschritte:<\/strong> Die Integration des IoT (Internet of Things) in Lkw und Anh\u00e4nger erm\u00f6glicht die Verfolgung, \u00dcberwachung und Optimierung des Fahrerverhaltens, der Kraftstoffeffizienz und der Wartungspl\u00e4ne. KI (k\u00fcnstliche Intelligenz) und maschinelles Lernen werden zur Analyse riesiger Datenmengen eingesetzt und helfen Unternehmen, fundierte Entscheidungen zu treffen und ihre Betriebsabl\u00e4ufe zu optimieren. Dar\u00fcber hinaus werden autonome Lkw entwickelt und getestet, die das Potenzial haben, die Branche zu revolutionieren, indem sie menschliche Fehler reduzieren und Sicherheit und Effizienz verbessern.<\/p>\n\n\n\n<p><strong>\u2022 Fokus auf Nachhaltigkeit:<\/strong> Das wachsende Bewusstsein f\u00fcr die Umweltauswirkungen hat die Transportbranche dazu ermutigt, umweltfreundlichere Praktiken einzuf\u00fchren. Elektro- und Hybrid-Lkw werden immer beliebter, da sie weniger Emissionen und geringere Kraftstoffkosten bieten. Alternative Kraftstoffe wie Erdgas und Wasserstoff werden erforscht, um den CO2-Fu\u00dfabdruck der Branche zu minimieren.<\/p>\n\n\n\n<p><strong>\u2022 Digitale Transformation:<\/strong> Der Aufstieg des E-Commerce und des Online-Einzelhandels hat die Nachfrage nach effizienten und p\u00fcnktlichen LKW-Transportdiensten erh\u00f6ht. Digitale Plattformen und mobile Anwendungen verbinden Versender und Spediteure, rationalisieren den Prozess und bieten Echtzeit-Tracking- und Lieferinformationen. Es entstehen automatisierte Frachtvermittlungsplattformen, die den Prozess der Suche nach verf\u00fcgbaren LKWs und der Optimierung der Ladekapazit\u00e4t vereinfachen.<\/p>\n\n\n\n<p><strong>\u2022 Schwerpunkt auf Fahrererfahrung und Sicherheit:<\/strong> Da die Branche mit einem Mangel an qualifizierten Lkw-Fahrern konfrontiert ist, konzentriert sich die Marktforschung auf das Verst\u00e4ndnis und die Verbesserung des Fahrererlebnisses. Sicherheitstechnologien wie Kollisionsminderungssysteme, Spurverlassenswarnungen und M\u00fcdigkeits\u00fcberwachungssysteme werden in Lkw integriert, um die Sicherheit der Fahrer zu erh\u00f6hen und Unf\u00e4lle zu reduzieren. Fahrerschulungsprogramme, flexible Arbeitszeiten und verbesserte Arbeitsbedingungen werden untersucht, um qualifizierte Fahrer anzuwerben und zu halten.<\/p>\n\n\n\n<h2 class=\"wp-block-heading\">M\u00f6glichkeiten in der Marktforschung f\u00fcr Nutzfahrzeuge<\/h2>\n\n\n\n<p>Durch die Analyse von Markttrends, das Verst\u00e4ndnis von Kundenbed\u00fcrfnissen und das Erkennen neuer Chancen k\u00f6nnen Unternehmen fundierte Entscheidungen treffen, die ihre Gesch\u00e4ftst\u00e4tigkeit voranbringen. Hier sind einige wichtige Chancen, die die Marktforschung f\u00fcr Nutzfahrzeuge Unternehmen bietet:<\/p>\n\n\n\n<p><strong>\u2022 \u00dcbersicht \u00fcber die wichtigsten Chancen:<\/strong> Marktforschung im Bereich Nutzfahrzeuge bietet Unternehmen erhebliche Wachstumschancen, indem sie verschiedene Aspekte der Branche erschlie\u00dft. Durch die Nutzung dieser Forschung k\u00f6nnen Unternehmen strategische Entscheidungen treffen, um ihre Betriebsabl\u00e4ufe zu verbessern, ihren Marktanteil zu vergr\u00f6\u00dfern und der Konkurrenz einen Schritt voraus zu sein.<\/p>\n\n\n\n<p><strong>\u2022 Erkennen der wachsenden Nachfrage:<\/strong> Durch die Analyse von Daten und Trends k\u00f6nnen Unternehmen Regionen oder Sektoren identifizieren, in denen die Nachfrage nach G\u00fctertransportdiensten steigt. So hat beispielsweise die Region Asien-Pazifik in den letzten Jahren aufgrund der raschen Industrialisierung und des steigenden Bedarfs an Transportdienstleistungen ein exponentielles Wachstum erlebt.<\/p>\n\n\n\n<p><strong>\u2022 Expansion in neue M\u00e4rkte:<\/strong> Durch Marktforschung k\u00f6nnen Unternehmen unerschlossene M\u00e4rkte identifizieren und ihre Dienstleistungen entsprechend erweitern. Ein Unternehmen kann beispielsweise feststellen, dass in unterentwickelten L\u00e4ndern ein wachsender Bedarf an Schwerlast-Lkw und Transportdienstleistungen besteht. Durch die strategische Ausrichtung auf diese M\u00e4rkte k\u00f6nnen Unternehmen von der steigenden Nachfrage profitieren und eine starke Pr\u00e4senz aufbauen.<\/p>\n\n\n\n<p><strong>\u2022 Adapting to Changing <\/strong><a href=\"https:\/\/www.sisinternational.com\/de\/losungen\/strategieberatung\/marktforschung-fur-die-lieferkette\/\" title=\"Marktforschung f\u00fcr die Lieferkette\"  data-wpil-monitor-id=\"6564\">Supply Chain Dynamics: Market research<\/a> allows businesses to stay updated with the latest supply chain dynamics. With the growth of e-commerce and online retail services, there has been a shift in supply chain requirements, such as the need for efficient last-mile delivery. By understanding these changes, businesses can adapt their services to meet the evolving needs of the industry.<\/p>\n\n\n\n<p><strong>\u2022 Nutzung technologischer Fortschritte:<\/strong> As the industry continues to evolve, technology plays a crucial role in <a href=\"https:\/\/www.sisinternational.com\/de\/sachverstand\/branchen\/medizintechnik-medtech-marktforschung\/\" title=\"Marktforschung f\u00fcr Medizintechnik (Med Tech)\"  data-wpil-monitor-id=\"4194\">Marktforschung f\u00fcr den gewerblichen LKW-Verkehr<\/a>. Businesses can utilize advanced analytics tools and data-driven insights to enhance their decision-making processes. For instance, analyzing real-time data on trucking routes, traffic patterns, and fuel efficiency can optimize logistics operations and minimize costs.<\/p>\n\n\n\n<h2 class=\"wp-block-heading\"><span style=\"font-weight: 400;\">Herausforderungen der Marktforschung f\u00fcr Transportunternehmen<\/span><\/h2>\n\n\n\n<p><span style=\"font-weight: 400;\">Um die Genauigkeit und Relevanz der Forschungsergebnisse sicherzustellen, ist es wichtig, die Herausforderungen der LKW-Marktforschung zu meistern. Lassen Sie uns einige der wichtigsten Herausforderungen untersuchen, denen Unternehmen in diesem Bereich begegnen k\u00f6nnen.<\/span><\/p>\n\n\n\n<p><b><strong>- <\/strong>Schnelle technologische Fortschritte: <\/b><span style=\"font-weight: 400;\">Die Transportbranche erlebt einen rasanten technologischen Fortschritt, unter anderem durch die Einf\u00fchrung autonomer Fahrzeuge, Telematik und IoT-L\u00f6sungen. Mit diesen technologischen Ver\u00e4nderungen Schritt zu halten und ihre Auswirkungen auf die Branche zu verstehen, kann eine Herausforderung sein.<\/span><\/p>\n\n\n\n<p><b><strong>- <\/strong>Komplexe Regulierungslandschaft: <\/b><span style=\"font-weight: 400;\">Die Transportbranche unterliegt einem komplexen Regulierungsumfeld, das je nach Region und Land unterschiedlich ist. Die Einhaltung dieser Vorschriften ist von entscheidender Bedeutung, aber \u00fcber sich entwickelnde Regeln auf dem Laufenden zu bleiben und deren Einhaltung sicherzustellen, kann f\u00fcr Unternehmen eine gro\u00dfe Herausforderung darstellen.<\/span><\/p>\n\n\n\n<p><b><strong>- <\/strong>Marktvolatilit\u00e4t: <\/b><span style=\"font-weight: 400;\">Die Transportbranche reagiert empfindlich auf Konjunkturschwankungen und externe Faktoren wie Kraftstoffpreise. Marktvolatilit\u00e4t kann sich auf Nachfrage, Preise und Rentabilit\u00e4t auswirken. Unternehmen m\u00fcssen die Marktbedingungen kontinuierlich \u00fcberwachen und ihre Strategien entsprechend anpassen.<\/span><\/p>\n\n\n\n<p><b><strong>- <\/strong>Konkurrenzdruck: <\/b><span style=\"font-weight: 400;\">Der Wettbewerb in der Transportbranche ist hart. Unternehmen stehen unter dem Druck, sich von der Konkurrenz abzuheben, erstklassige Dienstleistungen anzubieten und gleichzeitig die Kosten im Griff zu behalten.<\/span><\/p>\n\n\n\n<p><b><strong>- <\/strong>Sicherheit und Frachtdiebstahl: <\/b><span style=\"font-weight: 400;\">Frachtdiebstahl und Sicherheitsbedenken sind in der Transportbranche st\u00e4ndige Herausforderungen. Der Schutz wertvoller Fracht vor Diebstahl und die Gew\u00e4hrleistung der Sicherheit der Fahrer haben f\u00fcr Unternehmen h\u00f6chste Priorit\u00e4t.<\/span><\/p>\n\n\n\n<h2 class=\"wp-block-heading\"><span style=\"font-weight: 400;\">Zukunftsaussichten der LKW-Marktforschung<\/span><\/h2>\n\n\n\n<p><span style=\"font-weight: 400;\">Da sich die Lkw-Branche st\u00e4ndig weiterentwickelt und an ver\u00e4nderte Dynamiken anpasst, birgt der Zukunftsausblick der Lkw-Marktforschung mehrere wichtige Trends und Entwicklungen, die Unternehmen kennen sollten.&nbsp;<\/span><\/p>\n\n\n\n<p><b><strong>- <\/strong>Datenanalyse und k\u00fcnstliche Intelligenz (KI): <\/b><span style=\"font-weight: 400;\">Datenanalyse und KI werden in der Transportbranche weiter an Bedeutung gewinnen. Predictive Analytics wird eingesetzt, um die Nachfrage vorherzusagen, Routen zu optimieren und die allgemeine Betriebseffizienz zu steigern. KI-gesteuerte L\u00f6sungen werden die Entscheidungsfindung verbessern und Routineaufgaben automatisieren.<\/span><\/p>\n\n\n\n<p><b><strong>- <\/strong>Elektrifizierung und Nachhaltigkeit: <\/b><span style=\"font-weight: 400;\">Der Wandel hin zu Elektrifizierung und Nachhaltigkeit wird die Zukunft des Lkw-Verkehrs pr\u00e4gen. Aufgrund von Umweltauflagen und dem Wunsch, die Emissionen zu reduzieren, werden Elektro- und Hybridfahrzeuge immer h\u00e4ufiger zum Einsatz kommen.&nbsp;<\/span><\/p>\n\n\n\n<p><b><strong>- <\/strong>Autonome Fahrzeuge und Automatisierung: <\/b><span style=\"font-weight: 400;\">Autonome Fahrzeuge und Automatisierung werden die Lkw-Landschaft ver\u00e4ndern. Im Mittelpunkt der Forschung stehen die Auswirkungen autonomer Technologien auf die Branche, einschlie\u00dflich Sicherheit, Einhaltung gesetzlicher Vorschriften und die Rolle der Fahrer in autonomen Flotten.<\/span><\/p>\n\n\n\n<p><b><strong>- <\/strong>Internet-Sicherheit: <\/b><span style=\"font-weight: 400;\">Angesichts der zunehmenden Abh\u00e4ngigkeit von digitalen Technologien wird die Cybersicherheit zu einem immer gr\u00f6\u00dferen Anliegen. Die Forschung wird sich auf den Schutz kritischer Systeme, Daten und Infrastrukturen vor Cyberbedrohungen konzentrieren.<\/span><\/p>","protected":false},"excerpt":{"rendered":"<p>Die Marktforschung f\u00fcr gewerbliche Lkw-Transporte befasst sich eingehend mit der Lkw-Branche und analysiert neue Trends, Herausforderungen und Chancen.<\/p>","protected":false},"author":1,"featured_media":66169,"parent":14514,"menu_order":384,"comment_status":"closed","ping_status":"closed","template":"","meta":{"footnotes":""},"class_list":["post-43761","page","type-page","status-publish","has-post-thumbnail"],"_links":{"self":[{"href":"https:\/\/www.sisinternational.com\/de\/wp-json\/wp\/v2\/pages\/43761","targetHints":{"allow":["GET"]}}],"collection":[{"href":"https:\/\/www.sisinternational.com\/de\/wp-json\/wp\/v2\/pages"}],"about":[{"href":"https:\/\/www.sisinternational.com\/de\/wp-json\/wp\/v2\/types\/page"}],"author":[{"embeddable":true,"href":"https:\/\/www.sisinternational.com\/de\/wp-json\/wp\/v2\/users\/1"}],"replies":[{"embeddable":true,"href":"https:\/\/www.sisinternational.com\/de\/wp-json\/wp\/v2\/comments?post=43761"}],"version-history":[{"count":9,"href":"https:\/\/www.sisinternational.com\/de\/wp-json\/wp\/v2\/pages\/43761\/revisions"}],"predecessor-version":[{"id":80147,"href":"https:\/\/www.sisinternational.com\/de\/wp-json\/wp\/v2\/pages\/43761\/revisions\/80147"}],"up":[{"embeddable":true,"href":"https:\/\/www.sisinternational.com\/de\/wp-json\/wp\/v2\/pages\/14514"}],"wp:featuredmedia":[{"embeddable":true,"href":"https:\/\/www.sisinternational.com\/de\/wp-json\/wp\/v2\/media\/66169"}],"wp:attachment":[{"href":"https:\/\/www.sisinternational.com\/de\/wp-json\/wp\/v2\/media?parent=43761"}],"curies":[{"name":"wp","href":"https:\/\/api.w.org\/{rel}","templated":true}]}}