{"id":43638,"date":"2023-10-02T14:48:33","date_gmt":"2023-10-02T18:48:33","guid":{"rendered":"https:\/\/www.sisinternational.com\/?page_id=43638"},"modified":"2026-03-25T01:15:55","modified_gmt":"2026-03-25T05:15:55","slug":"marktforschung-fur-hotelmobel","status":"publish","type":"page","link":"https:\/\/www.sisinternational.com\/de\/sachverstand\/marktforschung-fur-hotelmobel\/","title":{"rendered":"Marktforschung f\u00fcr Hotelm\u00f6bel"},"content":{"rendered":"<h1 class=\"wp-block-heading\">Marktforschung f\u00fcr Hotelm\u00f6bel<\/h1>\n\n\n\n<figure class=\"gb-block-image gb-block-image-ba184cb8\"><img loading=\"lazy\" decoding=\"async\" width=\"1456\" height=\"816\" class=\"gb-image gb-image-ba184cb8\" src=\"https:\/\/www.sisinternational.com\/wp-content\/uploads\/2025\/08\/Hotel-furniture-2.jpg\" alt=\"SIS International Marktforschung &amp; Strategie\" title=\"Hotel furniture (2)\" srcset=\"https:\/\/www.sisinternational.com\/wp-content\/uploads\/2025\/08\/Hotel-furniture-2.jpg 1456w, https:\/\/www.sisinternational.com\/wp-content\/uploads\/2025\/08\/Hotel-furniture-2-300x168.jpg 300w, https:\/\/www.sisinternational.com\/wp-content\/uploads\/2025\/08\/Hotel-furniture-2-1024x574.jpg 1024w, https:\/\/www.sisinternational.com\/wp-content\/uploads\/2025\/08\/Hotel-furniture-2-768x430.jpg 768w, https:\/\/www.sisinternational.com\/wp-content\/uploads\/2025\/08\/Hotel-furniture-2-18x10.jpg 18w\" sizes=\"auto, (max-width: 1456px) 100vw, 1456px\"><\/figure>\n\n\n\n<p><\/p>\n\n\n\n<p>Haben Sie schon einmal ein Hotelzimmer betreten und waren sofort fasziniert von der harmonischen Mischung aus \u00c4sthetik, Komfort und Funktionalit\u00e4t? Hinter diesem sorgf\u00e4ltig kuratierten Ambiente verbirgt sich die komplexe Welt der Hotelm\u00f6bel, eine Branche, die sich st\u00e4ndig weiterentwickelt, um den dynamischen Geschm\u00e4ckern und Vorlieben globaler Reisender gerecht zu werden.<\/p>\n\n\n\n<p>As the hospitality sector undergoes transformational shifts, the role of hotel furniture market research becomes paramount. This research not only captures the present pulse of the <a href=\"https:\/\/www.sisinternational.com\/de\/future-trends-in-qualitative-market-research\/\" title=\"Future Trends in Qualitative Market Research\"  data-wpil-monitor-id=\"8738\">market but also anticipates future<\/a> trends, ensuring that hoteliers, designers, and manufacturers remain at the forefront of innovation and guest satisfaction.<\/p>\n\n\n\n<h2 class=\"wp-block-heading\">Was ist Marktforschung f\u00fcr Hotelm\u00f6bel?<\/h2>\n\n\n\n<p>Die Marktforschung f\u00fcr Hotelm\u00f6bel ist eine systematische Analyse der Muster, Vorlieben, Trends und Dynamiken der im Gastgewerbe, insbesondere in Hotels, verwendeten M\u00f6bel. Aber was umfasst dies und warum ist es wichtig?<\/p>\n\n\n\n<p>Diese Forschung befasst sich mit verschiedenen Aspekten \u2013 von den von Hoteliers bevorzugten Materialien, Designs und Funktionalit\u00e4ten bis hin zum Verst\u00e4ndnis, wie sich diese Entscheidungen auf das G\u00e4steerlebnis und die allgemeine Zufriedenheit auswirken. Dar\u00fcber hinaus k\u00f6nnen Fachleute durch Marktforschung f\u00fcr Hotelm\u00f6bel aufkommende Stile identifizieren, Ver\u00e4nderungen in den Vorlieben der G\u00e4ste feststellen und vorhersagen, welche M\u00f6beldesigns oder Innovationen in den kommenden Jahren an Bedeutung gewinnen k\u00f6nnten.<\/p>\n\n\n\n<p>Der <a href=\"https:\/\/www.sisinternational.com\/de\/der-russische-kaviarmarkt\/\" title=\"Kaviar-Marktforschung\"  data-wpil-monitor-id=\"2744\">research also gauges the market<\/a> size, growth potential, and economic factors affecting the hotel furniture industry. In a broader sense, it assesses how global events, economic downturns, or surges in <a href=\"https:\/\/www.sisinternational.com\/de\/sachverstand\/branchen\/reise-tourismus\/\" title=\"Marktforschung f\u00fcr Reisen und Tourismus\"  data-wpil-monitor-id=\"8739\">tourism might influence market<\/a> dynamics.<\/p>\n\n\n\n<h2 class=\"wp-block-heading\">Vorteile der Marktforschung f\u00fcr Hotelm\u00f6bel<\/h2>\n\n\n\n<p>In der dynamischen Welt des Hotel- und Gastgewerbes, wo sich G\u00e4stekomfort und \u00c4sthetik \u00fcberschneiden, ist die Marktforschung im Bereich Hotelm\u00f6bel ein wichtiges Instrument, das den Beteiligten der Branche zahlreiche Vorteile bietet, beispielsweise:<\/p>\n\n\n\n<ul class=\"wp-block-list\">\n<li><strong>Verbesserte Entscheidungsfindung:<\/strong> Comprehensive hotel furniture <a href=\"https:\/\/www.sisinternational.com\/de\/sachverstand\/innenarchitekt-dekorateur-marktforschung\/\" title=\"Marktforschung f\u00fcr Innenarchitekten und Dekorateure\"  data-wpil-monitor-id=\"11466\">market research equips hoteliers and designers<\/a> with data-driven insights, enabling them to make informed decisions about furniture purchases, designs, and placements.<\/li>\n\n\n\n<li><a href=\"https:\/\/www.sisinternational.com\/de\/losungen\/strategieberatung\/nachfrageprognose-marktforschung\/\" title=\"Demand Forecasting Market Consulting\"  data-wpil-monitor-id=\"8741\">Forecasting Trends: By analyzing market<\/a> patterns, stakeholders can anticipate emerging trends, ensuring their establishments remain modern, relevant, and aligned with guest preferences.<\/li>\n\n\n\n<li><strong>Kosteneffizienz:<\/strong> Durch ein Verst\u00e4ndnis der Marktpreis-, Nachfrage- und Angebotsdynamik k\u00f6nnen Hoteliers kosteng\u00fcnstige L\u00f6sungen finden, ohne Kompromisse bei der Qualit\u00e4t oder dem G\u00e4steerlebnis einzugehen.<\/li>\n\n\n\n<li><strong>Verbesserte G\u00e4stezufriedenheit:<\/strong> Indem sie wissen, worauf G\u00e4ste in puncto \u00c4sthetik, Komfort und Funktionalit\u00e4t Wert legen, k\u00f6nnen Hotels R\u00e4ume schaffen, die bei ihrer Zielgruppe Anklang finden und so deren Zufriedenheit und Loyalit\u00e4t steigern.<\/li>\n\n\n\n<li><strong>Wettbewerbsvorteil:<\/strong> Durch Marktforschung im Bereich Hotelm\u00f6bel k\u00f6nnen Betriebe verstehen, was die Konkurrenz macht, und L\u00fccken oder M\u00f6glichkeiten erkennen, sich abzuheben.<\/li>\n\n\n\n<li><strong>Optimierung der Lieferkette:<\/strong> Durch Einblicke in die f\u00fchrenden Hersteller, Lieferanten und H\u00e4ndler k\u00f6nnen Hotels ihre Beschaffungsprozesse optimieren und so p\u00fcnktliche und qualitativ hochwertige Lieferungen sicherstellen.<\/li>\n<\/ul>\n\n\n\n<h2 class=\"wp-block-heading\">Wichtige Akteure auf dem Hotelm\u00f6belmarkt<\/h2>\n\n\n\n<figure class=\"gb-block-image gb-block-image-81a22325\"><img loading=\"lazy\" decoding=\"async\" width=\"1456\" height=\"816\" class=\"gb-image gb-image-81a22325\" src=\"https:\/\/www.sisinternational.com\/wp-content\/uploads\/2025\/08\/Hotel-furniture-4.jpg\" alt=\"SIS International Marktforschung &amp; Strategie\" title=\"Hotel furniture (4)\" srcset=\"https:\/\/www.sisinternational.com\/wp-content\/uploads\/2025\/08\/Hotel-furniture-4.jpg 1456w, https:\/\/www.sisinternational.com\/wp-content\/uploads\/2025\/08\/Hotel-furniture-4-300x168.jpg 300w, https:\/\/www.sisinternational.com\/wp-content\/uploads\/2025\/08\/Hotel-furniture-4-1024x574.jpg 1024w, https:\/\/www.sisinternational.com\/wp-content\/uploads\/2025\/08\/Hotel-furniture-4-768x430.jpg 768w, https:\/\/www.sisinternational.com\/wp-content\/uploads\/2025\/08\/Hotel-furniture-4-18x10.jpg 18w\" sizes=\"auto, (max-width: 1456px) 100vw, 1456px\"><\/figure>\n\n\n\n<p><\/p>\n\n\n\n<p>Der <a href=\"https:\/\/www.sisinternational.com\/de\/sachverstand\/branchen\/hotelmarktforschung\/\" title=\"Hotelmarktforschung\"  data-wpil-monitor-id=\"8742\">hotel furniture market<\/a> is expansive, comprising several key players who have carved a niche with their distinctive designs, quality, and customer-centric approaches. Here&#8217;s a list of notable players in this segment:<\/p>\n\n\n\n<ul class=\"wp-block-list\">\n<li><strong>RH-Vertrag:<\/strong> A division of Restoration Hardware, this <a href=\"https:\/\/www.sisinternational.com\/de\/sachverstand\/branchen\/hotel-branding-marktforschung\/\" title=\"Hotel-Branding-Marktforschung\"  data-wpil-monitor-id=\"8743\">brand offers luxury hotel<\/a> furniture, integrating timeless design with contemporary functionality.<\/li>\n\n\n\n<li><strong>Kimball Gastfreundschaft:<\/strong> Kimball ist seit \u00fcber 30 Jahren im Hotel- und Gastst\u00e4ttengewerbe t\u00e4tig und hat sich auf die Entwicklung und Herstellung von Hotelm\u00f6beln mit Schwerpunkt auf Nachhaltigkeit und Innovation spezialisiert.<\/li>\n\n\n\n<li><strong>Bryan Ashley:<\/strong> Bryan Ashley ist f\u00fcr seine kundenspezifischen Designs bekannt und ein f\u00fchrender Hersteller von M\u00f6beln f\u00fcr die Gastronomie.<\/li>\n\n\n\n<li><strong>Foliot-M\u00f6bel:<\/strong> Nachhaltigkeit steht bei Foliot Furniture im Mittelpunkt und deshalb bietet das Unternehmen umweltfreundliche M\u00f6bell\u00f6sungen ohne Kompromisse bei \u00c4sthetik oder Haltbarkeit.<\/li>\n<\/ul>\n\n\n\n<h2 class=\"wp-block-heading\">Faktoren, die die Auswahl von Hotelm\u00f6beln beeinflussen<\/h2>\n\n\n\n<p>Bei der Auswahl der M\u00f6bel in Hotels geht es nicht nur um \u00c4sthetik; es ist eine differenzierte Entscheidung, die von mehreren Faktoren beeinflusst wird. Durch die Nutzung der Marktforschung f\u00fcr Hotelm\u00f6bel k\u00f6nnen Unternehmen daher ein klareres Verst\u00e4ndnis der Dynamiken gewinnen. Hier sind einige der vorherrschenden Faktoren, die die Auswahl der Hotelm\u00f6bel beeinflussen:<\/p>\n\n\n\n<ul class=\"wp-block-list\">\n<li><strong>G\u00e4stepr\u00e4ferenzen:<\/strong> Der Geschmack und die Vorlieben der G\u00e4ste beeinflussen die M\u00f6belauswahl stark. Durch Marktforschung f\u00fcr Hotelm\u00f6bel k\u00f6nnen Hoteliers aktuelle Trends wie Vorlieben f\u00fcr minimalistisches Design, Vintage-Stil oder technisch integrierte M\u00f6bel erkennen.<\/li>\n\n\n\n<li><a href=\"https:\/\/www.sisinternational.com\/de\/losungen\/reise-tourismus-und-gastgewerbeberatung\/strategieberatung-fur-hotelmarken\/\" title=\"Strategieberatung f\u00fcr Hotelmarken\"  data-wpil-monitor-id=\"8744\">Brand Image and Consistency: Hotels<\/a> aim to maintain a consistent brand image. The furniture must align with the hotel&#8217;s overall theme, ambiance, and branding guidelines.<\/li>\n\n\n\n<li><strong>Nachhaltigkeit:<\/strong> Angesichts des wachsenden Umweltbewusstseins entscheiden sich viele Hotels f\u00fcr umweltfreundliche M\u00f6bel. Marktforschungen f\u00fcr Hotelm\u00f6bel zeigen, dass nachhaltig gewonnene Materialien und umweltfreundliche Herstellungsverfahren immer beliebter werden.<\/li>\n\n\n\n<li><strong>Platzoptimierung:<\/strong> In st\u00e4dtischen Gebieten, in denen Platz Mangelware ist, sind M\u00f6bel gefragt, die den Platz optimal nutzen, ohne auf Komfort zu verzichten. Denken Sie an klappbare Schreibtische, Wandleuchten oder Mehrzweckm\u00f6bel.<\/li>\n\n\n\n<li><strong>Budgetbeschr\u00e4nkungen:<\/strong> Hoteliers streben zwar nach dem Besten, Budgetbeschr\u00e4nkungen k\u00f6nnen jedoch die M\u00f6belauswahl beeinflussen. Durch Marktforschung bei Hotelm\u00f6beln k\u00f6nnen sie ein Gleichgewicht zwischen Qualit\u00e4t und Kosten finden und so sicherstellen, dass sie den besten Gegenwert f\u00fcr ihre Investition erhalten.<\/li>\n\n\n\n<li><strong>Einfache Reinigung und Wartung:<\/strong> Angesichts der aktuellen globalen Gesundheitslage ist es von gr\u00f6\u00dfter Bedeutung, Hotelm\u00f6bel herzustellen, die leicht zu reinigen und zu desinfizieren sind. Dar\u00fcber hinaus k\u00f6nnen flecken- und besch\u00e4digungsresistente Materialien die Wartungskosten auf lange Sicht senken.<\/li>\n\n\n\n<li><a href=\"https:\/\/www.sisinternational.com\/de\/sachverstand\/branchen\/marktforschung-im-bereich-reisetechnologie\/\" title=\"Marktforschung f\u00fcr Reisetechnologie\"  data-wpil-monitor-id=\"8740\">Technological Integration: The modern traveler<\/a> often seeks tech-friendly amenities. Furniture with built-in charging ports, smart tables, or integrated lighting systems can be a major draw.<\/li>\n<\/ul>\n\n\n\n<h2 class=\"wp-block-heading\">Chancen und Wachstumsbereiche im Bereich Hotelm\u00f6bel<\/h2>\n\n\n\n<figure class=\"gb-block-image gb-block-image-122f32f6\"><img loading=\"lazy\" decoding=\"async\" width=\"1456\" height=\"816\" class=\"gb-image gb-image-122f32f6\" src=\"https:\/\/www.sisinternational.com\/wp-content\/uploads\/2025\/08\/Hotel-furniture-7.jpg\" alt=\"SIS International Marktforschung &amp; Strategie\" title=\"Hotel furniture (7)\" srcset=\"https:\/\/www.sisinternational.com\/wp-content\/uploads\/2025\/08\/Hotel-furniture-7.jpg 1456w, https:\/\/www.sisinternational.com\/wp-content\/uploads\/2025\/08\/Hotel-furniture-7-300x168.jpg 300w, https:\/\/www.sisinternational.com\/wp-content\/uploads\/2025\/08\/Hotel-furniture-7-1024x574.jpg 1024w, https:\/\/www.sisinternational.com\/wp-content\/uploads\/2025\/08\/Hotel-furniture-7-768x430.jpg 768w, https:\/\/www.sisinternational.com\/wp-content\/uploads\/2025\/08\/Hotel-furniture-7-18x10.jpg 18w\" sizes=\"auto, (max-width: 1456px) 100vw, 1456px\"><\/figure>\n\n\n\n<p>Die Hotelbranche ist in st\u00e4ndigem Wandel und wird durch sich ver\u00e4ndernde G\u00e4stepr\u00e4ferenzen, technologische Fortschritte und globale Trends gepr\u00e4gt. Durch Marktforschung im Bereich Hotelm\u00f6bel k\u00f6nnen Interessenvertreter mehrere Chancen und Wachstumsbereiche in der Landschaft der Hotelm\u00f6bel identifizieren.<\/p>\n\n\n\n<h3 class=\"wp-block-heading\">Hier sind einige der vielversprechendsten Aussichten:<\/h3>\n\n\n\n<ul class=\"wp-block-list\">\n<li><strong>Intelligente M\u00f6bel:<\/strong> With the rise of smart homes and interconnected devices, integrating <a href=\"https:\/\/www.sisinternational.com\/de\/losungen\/reise-tourismus-und-gastgewerbeberatung\/beratung-zu-intelligenter-hoteltechnologie\/\" title=\"Beratung zu intelligenter Hoteltechnologie\"  data-wpil-monitor-id=\"8745\">technology into hotel<\/a> furniture presents a lucrative opportunity. Think adjustable beds with smart controls, desks with integrated wireless charging, or lounge chairs that can adapt to a guest&#8217;s posture.<\/li>\n\n\n\n<li><strong>Zusammenarbeit mit lokalen Handwerkern:<\/strong> Marktforschungen f\u00fcr Hotelm\u00f6bel zeigen, dass lokale Erlebnisse immer mehr gesch\u00e4tzt werden. Die Zusammenarbeit mit lokalen Kunsthandwerkern kann Hotelr\u00e4umen einen einzigartigen Charme verleihen, der bei G\u00e4sten, die authentische Erlebnisse suchen, Anklang findet.<\/li>\n\n\n\n<li><strong>Themen- und Boutiquehotels:<\/strong> Da Reisende immer mehr nach einzigartigen Aufenthaltsm\u00f6glichkeiten suchen, gewinnen Themen- und Boutique-Hotels an Bedeutung. Individuelle M\u00f6bel, die zu bestimmten Themen passen \u2013 sei es Vintage, Futurismus, Kultur oder Fantasy \u2013 k\u00f6nnen das Eintauchen der G\u00e4ste in die Umgebung verbessern.<\/li>\n\n\n\n<li><strong>Personalisierung:<\/strong> Im Zeitalter der Personalisierung stellen M\u00f6bel, die an die Vorlieben des Gastes angepasst werden k\u00f6nnen, eine spannende M\u00f6glichkeit dar. Dies kann von anpassbarer Beleuchtung und Farbthemen bis hin zur individuell anpassbaren Festigkeit von Sofas und Betten reichen.<\/li>\n\n\n\n<li><strong>Miet- und Leasingmodelle:<\/strong> Anstatt M\u00f6bel zu kaufen, k\u00f6nnen Hotels auch Miet- oder Leasingmodelle ausprobieren. So k\u00f6nnen sie ihre Inneneinrichtung h\u00e4ufig erneuern und ohne erhebliche Investitionen an die neuesten Trends anpassen.<\/li>\n<\/ul>","protected":false},"excerpt":{"rendered":"<p>Die Marktforschung f\u00fcr Hotelm\u00f6bel bietet innovative Erkenntnisse, die speziell auf die Hotelbranche zugeschnitten sind.<\/p>","protected":false},"author":1,"featured_media":63527,"parent":14514,"menu_order":379,"comment_status":"closed","ping_status":"closed","template":"","meta":{"footnotes":""},"class_list":["post-43638","page","type-page","status-publish","has-post-thumbnail"],"_links":{"self":[{"href":"https:\/\/www.sisinternational.com\/de\/wp-json\/wp\/v2\/pages\/43638","targetHints":{"allow":["GET"]}}],"collection":[{"href":"https:\/\/www.sisinternational.com\/de\/wp-json\/wp\/v2\/pages"}],"about":[{"href":"https:\/\/www.sisinternational.com\/de\/wp-json\/wp\/v2\/types\/page"}],"author":[{"embeddable":true,"href":"https:\/\/www.sisinternational.com\/de\/wp-json\/wp\/v2\/users\/1"}],"replies":[{"embeddable":true,"href":"https:\/\/www.sisinternational.com\/de\/wp-json\/wp\/v2\/comments?post=43638"}],"version-history":[{"count":6,"href":"https:\/\/www.sisinternational.com\/de\/wp-json\/wp\/v2\/pages\/43638\/revisions"}],"predecessor-version":[{"id":85078,"href":"https:\/\/www.sisinternational.com\/de\/wp-json\/wp\/v2\/pages\/43638\/revisions\/85078"}],"up":[{"embeddable":true,"href":"https:\/\/www.sisinternational.com\/de\/wp-json\/wp\/v2\/pages\/14514"}],"wp:featuredmedia":[{"embeddable":true,"href":"https:\/\/www.sisinternational.com\/de\/wp-json\/wp\/v2\/media\/63527"}],"wp:attachment":[{"href":"https:\/\/www.sisinternational.com\/de\/wp-json\/wp\/v2\/media?parent=43638"}],"curies":[{"name":"wp","href":"https:\/\/api.w.org\/{rel}","templated":true}]}}