{"id":43618,"date":"2023-10-02T12:18:41","date_gmt":"2023-10-02T16:18:41","guid":{"rendered":"https:\/\/www.sisinternational.com\/?page_id=43618"},"modified":"2026-01-26T17:22:31","modified_gmt":"2026-01-26T22:22:31","slug":"marktforschung-fur-online-reiseburos","status":"publish","type":"page","link":"https:\/\/www.sisinternational.com\/de\/sachverstand\/marktforschung-fur-online-reiseburos\/","title":{"rendered":"Marktforschung f\u00fcr Online-Reiseb\u00fcros"},"content":{"rendered":"<h1 class=\"wp-block-heading\">Marktforschung f\u00fcr Online-Reiseb\u00fcros<\/h1>\n\n\n\n<figure class=\"gb-block-image gb-block-image-6b4ab6d1\"><img loading=\"lazy\" decoding=\"async\" width=\"1456\" height=\"816\" class=\"gb-image gb-image-6b4ab6d1\" src=\"https:\/\/www.sisinternational.com\/wp-content\/uploads\/2025\/08\/Travel-3.jpg\" alt=\"SIS International Marktforschung &amp; Strategie\" title=\"Travel (3)\" srcset=\"https:\/\/www.sisinternational.com\/wp-content\/uploads\/2025\/08\/Travel-3.jpg 1456w, https:\/\/www.sisinternational.com\/wp-content\/uploads\/2025\/08\/Travel-3-300x168.jpg 300w, https:\/\/www.sisinternational.com\/wp-content\/uploads\/2025\/08\/Travel-3-1024x574.jpg 1024w, https:\/\/www.sisinternational.com\/wp-content\/uploads\/2025\/08\/Travel-3-768x430.jpg 768w, https:\/\/www.sisinternational.com\/wp-content\/uploads\/2025\/08\/Travel-3-18x10.jpg 18w\" sizes=\"auto, (max-width: 1456px) 100vw, 1456px\"><\/figure>\n\n\n\n<p><\/p>\n\n\n\n<p>Wie navigieren moderne Reisende durch die riesige Welt der Urlaubsbuchungen und Abenteuer rund um den Globus? Die Antwort: Online-Reiseb\u00fcros (OTAs).<\/p>\n\n\n\n<p>Diese digitalen Experten haben unsere Einstellung zum Reisen revolutioniert, indem sie beispiellosen Komfort mit einer Vielzahl von Auswahlm\u00f6glichkeiten verbinden \u2013 und w\u00e4hrend sich die OTA-Landschaft rasant weiterentwickelt, r\u00fcckt die Bedeutung der Marktforschung bei Online-Reiseb\u00fcros in den Vordergrund.<\/p>\n\n\n\n<h2 class=\"wp-block-heading\">Vorteile der Marktforschung f\u00fcr Online-Reiseb\u00fcros<\/h2>\n\n\n\n<p>In an industry as dynamic and customer-centric as travel, understanding market trends, consumer behavior, and emerging opportunities is paramount. Online travel <a href=\"https:\/\/www.sisinternational.com\/de\/agentic-ai-in-market-research\/\" title=\"Agentic AI in Market Research\"  data-wpil-monitor-id=\"489\">agent market research<\/a> provides this critical lens, offering numerous advantages:<\/p>\n\n\n\n<ul class=\"wp-block-list\">\n<li><strong>Informierte Entscheidungsfindung:<\/strong> Comprehensive <a href=\"https:\/\/www.sisinternational.com\/de\/veroffentlichungen\/einblicke-in-die-flugreise-neue-konzepte-fur-die-flugzeugkabine\/\" title=\"Marktforschung f\u00fcr Flugreisen: Die Flugzeugkabine neu denken\"  data-wpil-monitor-id=\"6501\">market research empowers travel<\/a> agencies to make decisions based on data and insights rather than relying solely on intuition or past practices.<\/li>\n\n\n\n<li><strong>Wettbewerbsvorteil:<\/strong> Indem Reiseb\u00fcros \u00fcber Branchentrends auf dem Laufenden bleiben und das Wettbewerbsumfeld verstehen, k\u00f6nnen sie ihre Dienstleistungen differenzieren und einzigartige Verkaufsargumente identifizieren.<\/li>\n\n\n\n<li><strong>Risikominderung:<\/strong> Durch die Analyse von Marktbedrohungen, sich \u00e4ndernden Verbraucherpr\u00e4ferenzen und potenziellen wirtschaftlichen oder geopolitischen St\u00f6rungen k\u00f6nnen sich Reiseb\u00fcros besser vorbereiten und anpassen und so potenzielle Risiken minimieren.<\/li>\n\n\n\n<li><strong>Prognosen und Zukunftsplanung:<\/strong> Marktforschung f\u00fcr Reiseb\u00fcros hilft bei der Vorhersage zuk\u00fcnftiger Trends und erm\u00f6glicht es Unternehmen, proaktiv Strategien zu entwickeln und aufkommende Chancen zu nutzen.<\/li>\n\n\n\n<li><strong>Optimierung von Marketingstrategien:<\/strong> Durch das Verst\u00e4ndnis der Zielgruppe und ihrer Pr\u00e4ferenzen k\u00f6nnen Reiseb\u00fcros effektivere Marketingkampagnen entwickeln und so einen besseren ROI erzielen.<\/li>\n\n\n\n<li><strong>Steigerung der Kundenzufriedenheit:<\/strong> Erkenntnisse aus der Forschung erm\u00f6glichen es Reiseb\u00fcros, ihre Dienstleistungen zu optimieren, was zu einem verbesserten Kundenerlebnis und einer h\u00f6heren Kundenbindung f\u00fchrt.<\/li>\n\n\n\n<li><strong>Identifizierung von Einnahmequellen:<\/strong> Through comprehensive <a href=\"https:\/\/www.sisinternational.com\/de\/musik-streaming-marktforschung\/\" title=\"Musik-Streaming-Marktforschung\"  data-wpil-monitor-id=\"2558\">Marktforschung f\u00fcr Online-Reiseb\u00fcros<\/a>, agencies can spot underserved niches or emerging travel patterns, paving the way for new revenue-generating opportunities.<\/li>\n\n\n\n<li><strong>Bleiben Sie \u00fcber Technologietrends auf dem Laufenden:<\/strong> In einer Zeit, in der Technologie das Reisen neu gestaltet, kann es bahnbrechend sein, \u00fcber die neuesten digitalen Tools, Plattformen und Reisendenpr\u00e4ferenzen auf dem Laufenden zu bleiben.<\/li>\n\n\n\n<li><strong>Feedback und kontinuierliche Verbesserung:<\/strong> Durch Marktforschung erh\u00e4lt man direktes Feedback zu Dienstleistungen, Kundenerfahrungen und Verbesserungsbereichen, sodass die Agenturen ihr Angebot kontinuierlich weiterentwickeln k\u00f6nnen.<\/li>\n\n\n\n<li><strong>Globale Perspektive:<\/strong> For travel agents looking to expand or diversify globally, <a href=\"https:\/\/www.sisinternational.com\/de\/sachverstand\/branchen\/marktforschung-fur-online-dating-apps\/\" title=\"Marktforschung f\u00fcr Online-Dating-Apps\"  data-wpil-monitor-id=\"5943\">Marktforschung f\u00fcr Online-Reiseb\u00fcros<\/a> offers insights into regional preferences, cultural nuances, and localized travel trends.<\/li>\n<\/ul>\n\n\n\n<h2 class=\"wp-block-heading\">Wichtige Akteure auf dem Online-Reiseb\u00fcromarkt<\/h2>\n\n\n\n<figure class=\"gb-block-image gb-block-image-5c656e13\"><img loading=\"lazy\" decoding=\"async\" width=\"1456\" height=\"816\" class=\"gb-image gb-image-5c656e13\" src=\"https:\/\/www.sisinternational.com\/wp-content\/uploads\/2025\/08\/Travel-7.jpg\" alt=\"SIS International Marktforschung &amp; Strategie\" title=\"Travel (7)\" srcset=\"https:\/\/www.sisinternational.com\/wp-content\/uploads\/2025\/08\/Travel-7.jpg 1456w, https:\/\/www.sisinternational.com\/wp-content\/uploads\/2025\/08\/Travel-7-300x168.jpg 300w, https:\/\/www.sisinternational.com\/wp-content\/uploads\/2025\/08\/Travel-7-1024x574.jpg 1024w, https:\/\/www.sisinternational.com\/wp-content\/uploads\/2025\/08\/Travel-7-768x430.jpg 768w, https:\/\/www.sisinternational.com\/wp-content\/uploads\/2025\/08\/Travel-7-18x10.jpg 18w\" sizes=\"auto, (max-width: 1456px) 100vw, 1456px\"><\/figure>\n\n\n\n<p><\/p>\n\n\n\n<p>Wenn man sich durch die riesige Landschaft des OTA-Sektors bewegt, erkennt man einige dominante Pers\u00f6nlichkeiten, die die Entwicklung der Branche ma\u00dfgeblich gepr\u00e4gt haben. Diesen wichtigen Akteuren ist es dank ihrer innovativen Ans\u00e4tze, ihres umfangreichen Angebots und ihres starken Kundenvertrauens gelungen, bedeutende Marktanteile zu erobern. Hier sind einige der f\u00fchrenden Namen in der Marktforschung f\u00fcr Online-Reiseb\u00fcros:<\/p>\n\n\n\n<ul class=\"wp-block-list\">\n<li><strong>Expedia-Gruppe:<\/strong> Expedia ist ein Riese im OTA-Bereich und bietet alles von Hotelbuchungen \u00fcber Flugreservierungen und Mietwagen bis hin zu Urlaubspaketen.<\/li>\n\n\n\n<li><strong>TripAdvisor:<\/strong> Obwohl TripAdvisor traditionell f\u00fcr seine Reisebewertungen bekannt ist, hat das Unternehmen mittlerweile gro\u00dfe Fortschritte im OTA-Sektor gemacht und bietet Buchungen f\u00fcr Hotels, Fl\u00fcge und Erlebnisse an.<\/li>\n\n\n\n<li><strong>Airbnb:<\/strong> Airbnb ist ein Umbruch in der Reisebranche und bietet einzigartige Unterk\u00fcnfte und Erlebnisse auf der ganzen Welt und stellt damit traditionelle Hotelaufenthalte in Frage.<\/li>\n<\/ul>\n\n\n\n<h2 class=\"wp-block-heading\">Aktuelle Trends in der Marktforschung f\u00fcr Online-Reiseb\u00fcros<\/h2>\n\n\n\n<p>The travel industry is influenced by several factors ranging from technology and economy to sociocultural shifts. In recent times, several trends have been identified through <a href=\"https:\/\/www.sisinternational.com\/de\/sachverstand\/branchen\/trendtracking-marktforschung\/\" title=\"Trend Tracking Marktforschung\"  data-wpil-monitor-id=\"5456\">Marktforschung f\u00fcr Online-Reiseb\u00fcros<\/a>, shaping the direction and strategies of travel agencies worldwide \u2013 and it includes trends such as:<\/p>\n\n\n\n<ul class=\"wp-block-list\">\n<li><strong>Aufstieg des Erlebnisreisens:<\/strong> Moderne Reisende, insbesondere Millennials und die Generation Z, legen mehr Wert auf Erlebnisse als auf blo\u00dfes Sightseeing. Dazu geh\u00f6ren das Eintauchen in die Kultur, Abenteuersport, kulinarische Touren und Wellness-Retreats.<\/li>\n\n\n\n<li><strong>Nachhaltiger und verantwortungsvoller Tourismus:<\/strong> Reisende suchen zunehmend nach Reisezielen und Agenturen, die umweltfreundliche Praktiken f\u00f6rdern, lokale Gemeinschaften respektieren und zu Naturschutzbem\u00fchungen beitragen.<\/li>\n\n\n\n<li><strong>Personalisierte Reiseerlebnisse:<\/strong> Mithilfe der Technologie stellen Reiseb\u00fcros ma\u00dfgeschneiderte Reiserouten auf der Grundlage individueller Vorlieben zusammen und machen so jede Reise einzigartig.<\/li>\n\n\n\n<li><strong>Integration von Virtual Reality (VR) und Augmented Reality (AR):<\/strong> Viele Agenturen nutzen VR und AR f\u00fcr virtuelle Touren und erm\u00f6glichen potenziellen Reisenden, einen Ort vor der Buchung \u201eerleben\u201c zu k\u00f6nnen.<\/li>\n\n\n\n<li><strong>Mobile-First-Ansatz:<\/strong> Da die Zahl mobiler Buchungen weiter zunimmt, konzentrieren sich Reiseb\u00fcros auf die Optimierung mobiler Plattformen und Apps, um das Benutzererlebnis zu verbessern.<\/li>\n\n\n\n<li><strong>Nutzung von Big Data und KI:<\/strong> Reiseb\u00fcros nutzen die M\u00f6glichkeiten der Datenanalyse und k\u00fcnstlichen Intelligenz, um Trends vorherzusagen, Preise zu optimieren und personalisierte Empfehlungen anzubieten.<\/li>\n\n\n\n<li><strong>Gesundheits- und Wellnesstourismus:<\/strong> Spa-Retreats, Yoga-Urlaube und Medizintourismus erfreuen sich zunehmender Beliebtheit, was auf eine steigende Nachfrage nach Wellness-Reisen hindeutet.<\/li>\n\n\n\n<li><strong>Lokale und abseits der ausgetretenen Pfade stattfindende Erlebnisse:<\/strong> Reisende suchen authentische lokale Erlebnisse und bevorzugen weniger bekannte Ziele, um \u00fcberf\u00fcllte Touristenattraktionen zu vermeiden.<\/li>\n\n\n\n<li><strong>Aufstieg des Alleinreisens:<\/strong> Angesichts des wachsenden Trends zu Solo-Expeditionen schn\u00fcren Reiseb\u00fcros Pakete, die speziell auf Einzelreisende zugeschnitten sind.<\/li>\n\n\n\n<li><strong>Dynamische Preismodelle:<\/strong> Viele Agenturen nutzen Echtzeitdaten und wenden dynamische Preisstrategien an, um Buchungen und Ums\u00e4tze zu optimieren.<\/li>\n<\/ul>\n\n\n\n<h2 class=\"wp-block-heading\">Chancen und Innovationen in der Marktforschung f\u00fcr Online-Reiseb\u00fcros<\/h2>\n\n\n\n<p>Die rasante technologische Entwicklung und die sich \u00e4ndernden Vorlieben der Reisenden haben eine neue \u00c4ra f\u00fcr die Reisebranche eingel\u00e4utet. In dieser Landschaft wimmelt es von M\u00f6glichkeiten und Innovationen, die zukunftsorientierte OTAs mit Chancen wie diesen von der Masse abheben k\u00f6nnen:<\/p>\n\n\n\n<ul class=\"wp-block-list\">\n<li><strong>Chatbots und 24\/7-Support:<\/strong> Moderne, KI-gest\u00fctzte Chatbots k\u00f6nnen sofort auf die Anfragen von Reisenden antworten, das Benutzererlebnis verbessern und den Buchungsprozess optimieren.<\/li>\n\n\n\n<li><strong>Datengesteuerte Erkenntnisse:<\/strong> Durch die Nutzung von Big Data-Analysen k\u00f6nnen OTAs tiefe Einblicke in Markttrends, Kundenverhalten und m\u00f6gliche zuk\u00fcnftige Ver\u00e4nderungen gewinnen und sich so einen Wettbewerbsvorteil verschaffen.<\/li>\n\n\n\n<li><strong>Sprachsuche und Buchung:<\/strong> Mit dem Aufkommen intelligenter Lautsprecher und Sprachassistenten k\u00f6nnen OTAs Innovationen schaffen, indem sie sprachaktivierte Such- und Buchungsfunktionen einf\u00fchren.<\/li>\n\n\n\n<li><strong>Treueprogramme und Gamification:<\/strong> Innovative Treueprogramme, gepaart mit Gamification-Elementen, k\u00f6nnen das Engagement der Benutzer steigern und zu Folgebuchungen anregen.<\/li>\n\n\n\n<li><strong>Diversifizierte Zahlungsl\u00f6sungen:<\/strong> Durch die Integration einer gr\u00f6\u00dferen Bandbreite an Zahlungsoptionen, von digitalen Geldb\u00f6rsen bis hin zu Kryptow\u00e4hrungen, kann ein breiteres Publikum angesprochen und der Buchungsprozess vereinfacht werden.<\/li>\n\n\n\n<li><strong>Integrationen f\u00fcr Sicherheit und Gesundheit:<\/strong> Besonders in einer Welt nach der Pandemie ist es wichtig, dass OTAs Gesundheits- und Sicherheitsupdates in Echtzeit integrieren und so sicherstellen, dass Reisende gut informiert sind und beruhigt reisen k\u00f6nnen.<\/li>\n<\/ul>\n\n\n\n<h2 class=\"wp-block-heading\">Herausforderungen und Bedenken bei der Marktforschung f\u00fcr Online-Reiseb\u00fcros<\/h2>\n\n\n\n<figure class=\"gb-block-image gb-block-image-4c7929ab\"><img loading=\"lazy\" decoding=\"async\" width=\"1456\" height=\"816\" class=\"gb-image gb-image-4c7929ab\" src=\"https:\/\/www.sisinternational.com\/wp-content\/uploads\/2025\/08\/Travel-4.jpg\" alt=\"SIS International Marktforschung &amp; Strategie\" title=\"Travel (4)\" srcset=\"https:\/\/www.sisinternational.com\/wp-content\/uploads\/2025\/08\/Travel-4.jpg 1456w, https:\/\/www.sisinternational.com\/wp-content\/uploads\/2025\/08\/Travel-4-300x168.jpg 300w, https:\/\/www.sisinternational.com\/wp-content\/uploads\/2025\/08\/Travel-4-1024x574.jpg 1024w, https:\/\/www.sisinternational.com\/wp-content\/uploads\/2025\/08\/Travel-4-768x430.jpg 768w, https:\/\/www.sisinternational.com\/wp-content\/uploads\/2025\/08\/Travel-4-18x10.jpg 18w\" sizes=\"auto, (max-width: 1456px) 100vw, 1456px\"><\/figure>\n\n\n\n<p><\/p>\n\n\n\n<p>Die Aussichten f\u00fcr die Reisebranche sind nach wie vor vielversprechend. Allerdings zeigen Marktforschungsergebnisse von Online-Reiseb\u00fcros auch einige Herausforderungen und Probleme auf, die OTAs angehen m\u00fcssen, um ihren Wettbewerbsvorteil zu wahren und nachhaltiges Wachstum sicherzustellen:<\/p>\n\n\n\n<ul class=\"wp-block-list\">\n<li><strong>Wettbewerb und Markts\u00e4ttigung:<\/strong> Angesichts der Vielzahl von OTAs, die um die Aufmerksamkeit der Verbraucher buhlen, ist es eine st\u00e4ndige Herausforderung, sich auf einem \u00fcberf\u00fcllten Markt abzuheben.<\/li>\n\n\n\n<li><strong>Provisionskonflikte mit Leistungsanbietern:<\/strong> Hotels, Fluggesellschaften und andere Dienstleister geraten mit OTAs h\u00e4ufig in Konflikte hinsichtlich Provisionss\u00e4tzen und Direktbuchungen, was sich auf die Partnerschaften auswirkt.<\/li>\n\n\n\n<li><strong>Kulturelle und geopolitische Sensibilit\u00e4ten:<\/strong> Aufgrund der globalen Natur des Reisens m\u00fcssen sich OTAs der kulturellen Nuancen, lokalen Vorschriften und geopolitischen Spannungen bewusst sein, die sich auf Reisehinweise auswirken k\u00f6nnen.<\/li>\n\n\n\n<li><strong>Wirtschaftliche Volatilit\u00e4t:<\/strong> Faktoren wie Konjunkturabschw\u00fcnge, Naturkatastrophen oder Pandemien k\u00f6nnen die Reisenachfrage drastisch beeinflussen und so Prognosen und Abl\u00e4ufe vor Herausforderungen stellen.Integrationskomplexit\u00e4t: Die Gew\u00e4hrleistung einer nahtlosen Integration mehrerer Dienstanbieter \u2013 von Fluggesellschaften bis hin zu lokalen Reiseveranstaltern \u2013 ist eine technische und betriebliche Herausforderung.<\/li>\n<\/ul>","protected":false},"excerpt":{"rendered":"<p>Das Verst\u00e4ndnis von Reisetrends und Verbraucherverhalten ist f\u00fcr den Erfolg von entscheidender Bedeutung. Die Marktforschung von Online-Reiseb\u00fcros bietet zahlreiche Vorteile.<\/p>","protected":false},"author":1,"featured_media":62581,"parent":14514,"menu_order":375,"comment_status":"closed","ping_status":"closed","template":"","meta":{"footnotes":""},"class_list":["post-43618","page","type-page","status-publish","has-post-thumbnail"],"_links":{"self":[{"href":"https:\/\/www.sisinternational.com\/de\/wp-json\/wp\/v2\/pages\/43618","targetHints":{"allow":["GET"]}}],"collection":[{"href":"https:\/\/www.sisinternational.com\/de\/wp-json\/wp\/v2\/pages"}],"about":[{"href":"https:\/\/www.sisinternational.com\/de\/wp-json\/wp\/v2\/types\/page"}],"author":[{"embeddable":true,"href":"https:\/\/www.sisinternational.com\/de\/wp-json\/wp\/v2\/users\/1"}],"replies":[{"embeddable":true,"href":"https:\/\/www.sisinternational.com\/de\/wp-json\/wp\/v2\/comments?post=43618"}],"version-history":[{"count":8,"href":"https:\/\/www.sisinternational.com\/de\/wp-json\/wp\/v2\/pages\/43618\/revisions"}],"predecessor-version":[{"id":80084,"href":"https:\/\/www.sisinternational.com\/de\/wp-json\/wp\/v2\/pages\/43618\/revisions\/80084"}],"up":[{"embeddable":true,"href":"https:\/\/www.sisinternational.com\/de\/wp-json\/wp\/v2\/pages\/14514"}],"wp:featuredmedia":[{"embeddable":true,"href":"https:\/\/www.sisinternational.com\/de\/wp-json\/wp\/v2\/media\/62581"}],"wp:attachment":[{"href":"https:\/\/www.sisinternational.com\/de\/wp-json\/wp\/v2\/media?parent=43618"}],"curies":[{"name":"wp","href":"https:\/\/api.w.org\/{rel}","templated":true}]}}