{"id":43614,"date":"2023-10-02T11:17:13","date_gmt":"2023-10-02T15:17:13","guid":{"rendered":"https:\/\/www.sisinternational.com\/?page_id=43614"},"modified":"2026-01-27T16:34:57","modified_gmt":"2026-01-27T21:34:57","slug":"auftragsforschungsinstitute-marktforschung","status":"publish","type":"page","link":"https:\/\/www.sisinternational.com\/de\/sachverstand\/auftragsforschungsinstitute-marktforschung\/","title":{"rendered":"Auftragsforschungsinstitute Marktforschung"},"content":{"rendered":"<h1 class=\"wp-block-heading\">Auftragsforschungsinstitute Marktforschung<\/h1>\n\n\n\n<figure class=\"gb-block-image gb-block-image-2233cb1c\"><img loading=\"lazy\" decoding=\"async\" width=\"1456\" height=\"816\" class=\"gb-image gb-image-2233cb1c\" src=\"https:\/\/www.sisinternational.com\/wp-content\/uploads\/2025\/08\/Contract-3.jpg\" alt=\"SIS International Marktforschung &amp; Strategie\" title=\"Contract (3)\" srcset=\"https:\/\/www.sisinternational.com\/wp-content\/uploads\/2025\/08\/Contract-3.jpg 1456w, https:\/\/www.sisinternational.com\/wp-content\/uploads\/2025\/08\/Contract-3-300x168.jpg 300w, https:\/\/www.sisinternational.com\/wp-content\/uploads\/2025\/08\/Contract-3-1024x574.jpg 1024w, https:\/\/www.sisinternational.com\/wp-content\/uploads\/2025\/08\/Contract-3-768x430.jpg 768w, https:\/\/www.sisinternational.com\/wp-content\/uploads\/2025\/08\/Contract-3-18x10.jpg 18w\" sizes=\"auto, (max-width: 1456px) 100vw, 1456px\"><\/figure>\n\n\n\n<p><\/p>\n\n\n\n<p>Die Rolle von Auftragsforschungsinstituten (CROs) war noch nie so wichtig. In der heutigen Gesundheits- und Pharmalandschaft \u00fcbernehmen diese Organisationen die Verantwortung f\u00fcr die Optimierung der Arzneimittelentwicklung und klinischer Studien. Daher ist es f\u00fcr den Erfolg unerl\u00e4sslich, diesen Markt zu verstehen \u2013 und die Marktforschung von Auftragsforschungsinstituten erweist sich als Leitfaden, der nicht nur den Puls der Branche misst, sondern auch ihre zuk\u00fcnftige Entwicklung vorhersagt.<\/p>\n\n\n\n<h2 class=\"wp-block-heading\">Warum Marktforschung f\u00fcr die CRO-Branche von entscheidender Bedeutung ist<\/h2>\n\n\n\n<p>CROs have an ever-evolving role that is key in the journey from drug conceptualization to market entry. Hence, the significance of understanding the industry&#8217;s nuances becomes paramount \u2013 and contract <a href=\"https:\/\/www.sisinternational.com\/de\/organherstellung-mit-3d-druckern\/\" title=\"Marktforschung zur Organherstellung und zum 3D-Druck\"  data-wpil-monitor-id=\"2292\">research organizations market<\/a> research guides CROs through these complexities.<\/p>\n\n\n\n<p>Zus\u00e4tzlich, <a href=\"https:\/\/www.sisinternational.com\/de\/welt-autismus-tag\/\" title=\"Marktforschungsstudien zum Thema Autismus\"  data-wpil-monitor-id=\"7435\">market research studies<\/a> the ever-shifting needs and expectations of stakeholders, ranging from pharmaceutical giants to emerging biotech firms. As global markets expand and regulatory environments adapt, staying ahead of the curve is essential for any CRO aiming for success.<\/p>\n\n\n\n<h2 class=\"wp-block-heading\">Vorteile der Marktforschung durch Auftragsforschungsinstitute<\/h2>\n\n\n\n<p>Market research provides valuable insights for businesses but also paves the way for innovative breakthroughs. So, what are the key benefits of investing in contract research organizations <a href=\"https:\/\/www.sisinternational.com\/de\/losungen\/ai-marktforschung-und-strategieberatung\/chatbot-ki-marktforschung\/\" title=\"Chatbot-KI-Marktforschung\"  data-wpil-monitor-id=\"2769\">market<\/a> research?<\/p>\n\n\n\n<ul class=\"wp-block-list\">\n<li><strong>Detaillierte Einblicke in die Branche:<\/strong> Contract <a href=\"https:\/\/www.sisinternational.com\/de\/sachverstand\/branchen\/zentraler-standorttest-clt-marktforschung\/\" title=\"CLT-Marktforschung\"  data-wpil-monitor-id=\"2825\">research organizations market<\/a> research offers an overview of the industry. Firms can identify market trends, understand customer preferences, and gauge the competitive landscape. With such comprehensive data, businesses can make informed decisions and strategize more effectively.<\/li>\n\n\n\n<li><strong>Kosteneffizienz:<\/strong> Die Durchf\u00fchrung interner Marktforschung kann kostspielig und zeitaufw\u00e4ndig sein. Durch die Nutzung der Expertise eines Auftragsforschungsinstituts erhalten Unternehmen Zugriff auf erstklassige Forschungstools und -methoden, ohne die Gemeinkosten f\u00fcr die Aufrechterhaltung eines internen Teams tragen zu m\u00fcssen.<\/li>\n\n\n\n<li><strong>Skalierbarkeit und Flexibilit\u00e4t:<\/strong> CRO-Marktforschung bietet die Flexibilit\u00e4t, den Forschungsaufwand je nach aktuellem Bedarf zu erh\u00f6hen oder zu verringern. Das bedeutet, dass sich Unternehmen schnell anpassen k\u00f6nnen, ohne ein internes Team umstrukturieren zu m\u00fcssen.<\/li>\n\n\n\n<li><strong>Objektive Berichterstattung:<\/strong> An external research organization brings an unbiased perspective. There&#8217;s no internal influence, ensuring the results of the contract <a href=\"https:\/\/www.sisinternational.com\/de\/abdeckung\/marktforschung-in-australien\/\" title=\"Marktforschung in Australien\"  data-wpil-monitor-id=\"2875\">research organization market<\/a> research are impartial and objective, making them more reliable.<\/li>\n\n\n\n<li><strong>Risikomanagement:<\/strong> Durch genaue und gr\u00fcndliche Marktforschung k\u00f6nnen Unternehmen potenzielle Risiken im Voraus erkennen. So k\u00f6nnen sie Strategien entwickeln, um diesen Risiken entgegenzuwirken und sicherzustellen, dass sie wettbewerbsf\u00e4hig und widerstandsf\u00e4hig bleiben.<\/li>\n\n\n\n<li><strong>Qualit\u00e4tskontrolle:<\/strong> Aufgrund ihrer Spezialisierung verf\u00fcgen CROs h\u00e4ufig \u00fcber strenge Qualit\u00e4tskontrollverfahren. Dadurch wird sichergestellt, dass die erfassten Daten nicht nur genau, sondern auch relevant sind. Dadurch wird das Risiko verringert, dass Entscheidungen auf der Grundlage fehlerhafter Informationen getroffen werden.<\/li>\n<\/ul>\n\n\n\n<h2 class=\"wp-block-heading\">Marktforschung durch Auftragsforschungsinstitute: M\u00f6glichkeiten<\/h2>\n\n\n\n<p>Sich im Gesundheitssektor zurechtzufinden, kann eine gewaltige Herausforderung sein. F\u00fcr Unternehmen, die den Wert von auf Erkenntnissen basierenden Strategien verstehen, stellt die CRO-Marktforschung jedoch eine Goldmine an M\u00f6glichkeiten dar. Insbesondere k\u00f6nnen Unternehmen mehrere M\u00f6glichkeiten erkunden, wie zum Beispiel:<\/p>\n\n\n\n<ul class=\"wp-block-list\">\n<li><strong>Umsatzwachstum:<\/strong> Durch die Identifizierung von Marktl\u00fccken, unerschlossenen Regionen oder unterversorgten Nischen k\u00f6nnen sich Unternehmen strategisch positionieren, um diese Chancen zu nutzen und so ihren Umsatz zu steigern und zu expandieren.<\/li>\n\n\n\n<li><strong>St\u00e4rkung der Zusammenarbeit:<\/strong> Insights derived from contract <a href=\"https:\/\/www.sisinternational.com\/de\/marktforschung-in-afrika-2\/\" title=\"Marktforschung in Afrika\"  data-wpil-monitor-id=\"2951\">research organizations market<\/a> research can highlight potential partnerships or collaborations that can be mutually beneficial, allowing businesses to leverage shared resources and expertise.<\/li>\n\n\n\n<li><strong>Personalentwicklung:<\/strong> Das Verst\u00e4ndnis der Feinheiten des Marktes macht auch die Bereiche sichtbar, in denen Unternehmen m\u00f6glicherweise die Qualifikation ihrer Belegschaft verbessern oder spezialisierte Fachkr\u00e4fte einstellen m\u00fcssen, um sicherzustellen, dass sie in einem sich ver\u00e4ndernden Umfeld kompetent und flexibel bleiben.<\/li>\n<\/ul>\n\n\n\n<h2 class=\"wp-block-heading\">Herausforderungen und Grenzen der Marktforschung durch Auftragsforschungsinstitute<\/h2>\n\n\n\n<figure class=\"gb-block-image gb-block-image-d5f5d9ee\"><img loading=\"lazy\" decoding=\"async\" width=\"1456\" height=\"816\" class=\"gb-image gb-image-d5f5d9ee\" src=\"https:\/\/www.sisinternational.com\/wp-content\/uploads\/2025\/08\/Contract-2.jpg\" alt=\"SIS International Marktforschung &amp; Strategie\" title=\"Contract (2)\" srcset=\"https:\/\/www.sisinternational.com\/wp-content\/uploads\/2025\/08\/Contract-2.jpg 1456w, https:\/\/www.sisinternational.com\/wp-content\/uploads\/2025\/08\/Contract-2-300x168.jpg 300w, https:\/\/www.sisinternational.com\/wp-content\/uploads\/2025\/08\/Contract-2-1024x574.jpg 1024w, https:\/\/www.sisinternational.com\/wp-content\/uploads\/2025\/08\/Contract-2-768x430.jpg 768w, https:\/\/www.sisinternational.com\/wp-content\/uploads\/2025\/08\/Contract-2-18x10.jpg 18w\" sizes=\"auto, (max-width: 1456px) 100vw, 1456px\"><\/figure>\n\n\n\n<p><\/p>\n\n\n\n<p>Obwohl sich Marktforschung als zentrales Instrument f\u00fcr Unternehmen in der CRO-Branche erwiesen hat, ist es wichtig, ihre Herausforderungen und Grenzen zu kennen. Die Ber\u00fccksichtigung dieser Bedenken erm\u00f6glicht einen ganzheitlicheren Ansatz und stellt sicher, dass die gewonnenen Erkenntnisse sowohl genau als auch umsetzbar sind.<\/p>\n\n\n\n<ul class=\"wp-block-list\">\n<li><strong>Sich rasch \u00e4ndernde Regulierungslandschaft:<\/strong> The pharmaceutical and healthcare sectors are governed by a dynamic set of regulations that can vary across regions. Keeping up with these ever-evolving guidelines through contract <a href=\"https:\/\/www.sisinternational.com\/de\/losungen\/branding-und-kundenforschungslosungen\/lebenszyklusverwaltung\/\" title=\"Lebenszyklus-Marktforschung\"  data-wpil-monitor-id=\"2986\">research organizations market<\/a> research can be extremely challenging.<\/li>\n\n\n\n<li><strong>Zeitliche Einschr\u00e4nkungen:<\/strong> The insights derived from contract <a href=\"https:\/\/www.sisinternational.com\/de\/sachverstand\/branchen\/polymer-marktforschung\/\" title=\"Polymer-Marktforschung\"  data-wpil-monitor-id=\"3020\">research organization market<\/a> research are often time-sensitive. As the industry evolves, previous data can become obsolete, requiring constant updates.<\/li>\n\n\n\n<li><strong>Wettbewerbsspionage:<\/strong> In einer Branche mit hohem Wettbewerbsdruck besteht immer das Risiko, dass Forschungsdaten in die falschen H\u00e4nde geraten, was zu potenziellen Gesch\u00e4ftsrisiken f\u00fchrt.<\/li>\n<\/ul>\n\n\n\n<h2 class=\"wp-block-heading\">Zukunftsaussichten f\u00fcr Auftragsforschungsinstitute Marktforschung<\/h2>\n\n\n\n<figure class=\"gb-block-image gb-block-image-2e27e564\"><img loading=\"lazy\" decoding=\"async\" width=\"1456\" height=\"816\" class=\"gb-image gb-image-2e27e564\" src=\"https:\/\/www.sisinternational.com\/wp-content\/uploads\/2025\/08\/Smart-contract-8.jpg\" alt=\"SIS International Marktforschung &amp; Strategie\" title=\"Smart contract (8)\" srcset=\"https:\/\/www.sisinternational.com\/wp-content\/uploads\/2025\/08\/Smart-contract-8.jpg 1456w, https:\/\/www.sisinternational.com\/wp-content\/uploads\/2025\/08\/Smart-contract-8-300x168.jpg 300w, https:\/\/www.sisinternational.com\/wp-content\/uploads\/2025\/08\/Smart-contract-8-1024x574.jpg 1024w, https:\/\/www.sisinternational.com\/wp-content\/uploads\/2025\/08\/Smart-contract-8-768x430.jpg 768w, https:\/\/www.sisinternational.com\/wp-content\/uploads\/2025\/08\/Smart-contract-8-18x10.jpg 18w\" sizes=\"auto, (max-width: 1456px) 100vw, 1456px\"><\/figure>\n\n\n\n<p><\/p>\n\n\n\n<p>The world of business is in a state of constant flux, influenced by technological advancements, evolving consumer demands, and global economic shifts. For this reason, CRO market <a href=\"https:\/\/www.sisinternational.com\/de\/sachverstand\/branchen\/pharmamarktforschung\/\" title=\"Pharmazeutische Marktforschung\"  data-wpil-monitor-id=\"6310\">Forschung<\/a> is expected to make significant changes as the whole pharmaceutical industry is set for transformative changes. Here&#8217;s a glance at the future outlook of contract <a href=\"https:\/\/www.sisinternational.com\/de\/sachverstand\/branchen\/nudeln-marktforschung\/\" title=\"Marktforschung f\u00fcr Nudeln\"  data-wpil-monitor-id=\"3045\">research organization market<\/a> research:<\/p>\n\n\n\n<ul class=\"wp-block-list\">\n<li><strong>Integration fortschrittlicher Technologien:<\/strong> Mit dem Aufkommen k\u00fcnstlicher Intelligenz (KI) und maschinellem Lernen werden CROs diese Tools nutzen, um tiefere Erkenntnisse aus Daten zu gewinnen. Automatisierte Datenanalyse, pr\u00e4diktive Analytik und Echtzeitberichte werden zu Standardfunktionen und verbessern die Qualit\u00e4t und Geschwindigkeit der Forschung.<\/li>\n\n\n\n<li><strong>Globale Ausbreitung:<\/strong> Da Unternehmen ihre Reichweite vergr\u00f6\u00dfern, steigt der Bedarf an Marktforschung, die verschiedene geografische Standorte abdeckt. CROs bilden globale Allianzen oder gr\u00fcnden Niederlassungen in mehreren L\u00e4ndern, um sicherzustellen, dass sie multinationale Kunden mit lokalisierten Erkenntnissen bedienen k\u00f6nnen.<\/li>\n\n\n\n<li><strong>Personalisierte Forschungsl\u00f6sungen:<\/strong> CROs bieten ma\u00dfgeschneiderte Forschungsl\u00f6sungen an, die auf die spezifischen Bed\u00fcrfnisse und Besonderheiten einzelner Unternehmen zugeschnitten sind. Durch diese individuelle Anpassung wird sichergestellt, dass die Forschungsergebnisse besser auf die Ziele des Kunden abgestimmt sind.<\/li>\n\n\n\n<li><strong>Konzentrieren Sie sich auf Beweise aus der Praxis:<\/strong> Die Nachfrage nach praxisnahen Nachweisen in Bereichen wie dem Gesundheitswesen und der Pharmaindustrie steigt. CROs werden ihre Methoden weiterentwickeln, um Daten aus realen Umgebungen zu erfassen und so praktischere und anwendbarere Erkenntnisse zu gew\u00e4hrleisten.<\/li>\n\n\n\n<li><strong>Verst\u00e4rkte Zusammenarbeit mit der Industrie:<\/strong> Contract <a href=\"https:\/\/www.sisinternational.com\/de\/sachverstand\/branchen\/kunststoff-marktforschung\/\" title=\"Kunststoffmarktforschung\"  data-wpil-monitor-id=\"3074\">research organizations market<\/a> research will see deeper collaborations with the industries they serve. This will not only refine research methodologies but also create a symbiotic relationship where industries and CROs innovate together.<\/li>\n\n\n\n<li><strong>Nachhaltige Forschungspraktiken:<\/strong> Da Nachhaltigkeit weltweit immer mehr an Bedeutung gewinnt, werden CROs umweltfreundliche und nachhaltige Praktiken in ihre Betriebsabl\u00e4ufe integrieren. Dies kann von digitalen Forschungsmethoden, die den Papierverbrauch senken, bis hin zu energieeffizienten Infrastrukturen reichen.<\/li>\n\n\n\n<li><strong>Mehrwertdienste:<\/strong> \u00dcber die traditionelle Marktforschung hinaus werden CROs zus\u00e4tzliche Dienstleistungen wie erweiterte Analysen, Consulting oder strategische Beratung anbieten und sich so als ganzheitliche Gesch\u00e4ftspartner und nicht als blo\u00dfe Forschungsanbieter positionieren.<\/li>\n<\/ul>","protected":false},"excerpt":{"rendered":"<p>Im heutigen Gesundheits- und Pharmasektor optimieren Auftragsforschungsinstitute (CROs) die Arzneimittelentwicklung und klinische Studien.<\/p>","protected":false},"author":1,"featured_media":64251,"parent":14514,"menu_order":374,"comment_status":"closed","ping_status":"closed","template":"","meta":{"footnotes":""},"class_list":["post-43614","page","type-page","status-publish","has-post-thumbnail"],"_links":{"self":[{"href":"https:\/\/www.sisinternational.com\/de\/wp-json\/wp\/v2\/pages\/43614","targetHints":{"allow":["GET"]}}],"collection":[{"href":"https:\/\/www.sisinternational.com\/de\/wp-json\/wp\/v2\/pages"}],"about":[{"href":"https:\/\/www.sisinternational.com\/de\/wp-json\/wp\/v2\/types\/page"}],"author":[{"embeddable":true,"href":"https:\/\/www.sisinternational.com\/de\/wp-json\/wp\/v2\/users\/1"}],"replies":[{"embeddable":true,"href":"https:\/\/www.sisinternational.com\/de\/wp-json\/wp\/v2\/comments?post=43614"}],"version-history":[{"count":15,"href":"https:\/\/www.sisinternational.com\/de\/wp-json\/wp\/v2\/pages\/43614\/revisions"}],"predecessor-version":[{"id":81066,"href":"https:\/\/www.sisinternational.com\/de\/wp-json\/wp\/v2\/pages\/43614\/revisions\/81066"}],"up":[{"embeddable":true,"href":"https:\/\/www.sisinternational.com\/de\/wp-json\/wp\/v2\/pages\/14514"}],"wp:featuredmedia":[{"embeddable":true,"href":"https:\/\/www.sisinternational.com\/de\/wp-json\/wp\/v2\/media\/64251"}],"wp:attachment":[{"href":"https:\/\/www.sisinternational.com\/de\/wp-json\/wp\/v2\/media?parent=43614"}],"curies":[{"name":"wp","href":"https:\/\/api.w.org\/{rel}","templated":true}]}}