{"id":43594,"date":"2023-10-01T22:40:39","date_gmt":"2023-10-02T02:40:39","guid":{"rendered":"https:\/\/www.sisinternational.com\/?page_id=43594"},"modified":"2026-01-26T18:49:13","modified_gmt":"2026-01-26T23:49:13","slug":"marktforschung-fur-sportbekleidung","status":"publish","type":"page","link":"https:\/\/www.sisinternational.com\/de\/sachverstand\/marktforschung-fur-sportbekleidung\/","title":{"rendered":"Marktforschung f\u00fcr Sportbekleidung"},"content":{"rendered":"<h1 class=\"wp-block-heading\">Marktforschung f\u00fcr Sportbekleidung<\/h1>\n\n\n\n<figure class=\"gb-block-image gb-block-image-daef30b7\"><img loading=\"lazy\" decoding=\"async\" width=\"1456\" height=\"816\" class=\"gb-image gb-image-daef30b7\" src=\"https:\/\/www.sisinternational.com\/wp-content\/uploads\/2025\/08\/Swimwear-3.jpg\" alt=\"SIS International Marktforschung &amp; Strategie\" title=\"Swimwear (3)\" srcset=\"https:\/\/www.sisinternational.com\/wp-content\/uploads\/2025\/08\/Swimwear-3.jpg 1456w, https:\/\/www.sisinternational.com\/wp-content\/uploads\/2025\/08\/Swimwear-3-300x168.jpg 300w, https:\/\/www.sisinternational.com\/wp-content\/uploads\/2025\/08\/Swimwear-3-1024x574.jpg 1024w, https:\/\/www.sisinternational.com\/wp-content\/uploads\/2025\/08\/Swimwear-3-768x430.jpg 768w, https:\/\/www.sisinternational.com\/wp-content\/uploads\/2025\/08\/Swimwear-3-18x10.jpg 18w\" sizes=\"auto, (max-width: 1456px) 100vw, 1456px\"><\/figure>\n\n\n\n<p><\/p>\n\n\n\n<p>In der heutigen schnelllebigen Welt verschwimmen die Grenzen zwischen Mode, Funktionalit\u00e4t und Fitness immer mehr \u2013 und das ist in der Sportbekleidungsbranche noch deutlicher zu sehen. Die globale Sportbekleidungsbranche hat einen Anstieg der Nachfrage, Innovation und Diversifizierung erlebt. Dieses expansive Wachstum bringt jedoch ein komplexes Netz aus Verbraucherpr\u00e4ferenzen, regionalen Trends und sich st\u00e4ndig weiterentwickelnden Designinnovationen mit sich.<\/p>\n\n\n\n<p>Daher k\u00f6nnen die Beteiligten durch die Linse dieser Marktforschung im Bereich Sportbekleidung Muster erkennen, Ver\u00e4nderungen vorhersehen und sich in einem sehr wettbewerbsintensiven Markt effektiv positionieren.<\/p>\n\n\n\n<h2 class=\"wp-block-heading\">Was ist Marktforschung f\u00fcr Sportbekleidung?<\/h2>\n\n\n\n<p>Die Marktforschung f\u00fcr Sportbekleidung ist eine systematische Untersuchung und Bewertung der Sportbekleidungsbranche. Sie untersucht die Nuancen der Produkte, die Verbraucherpr\u00e4ferenzen, die Marktdynamik und die Faktoren, die Angebot und Nachfrage im Sportbekleidungssektor bestimmen.<\/p>\n\n\n\n<p>Ziel dieser Forschung ist es, Marken, Einzelh\u00e4ndlern und anderen Interessengruppen datengest\u00fctzte Erkenntnisse zu liefern, die ihnen als Entscheidungshilfe dienen k\u00f6nnen. Die Marktforschung f\u00fcr Sportbekleidung untersucht ein breites Spektrum, von Produktdesignpr\u00e4ferenzen und technologischen Integrationen bis hin zu Preissensibilit\u00e4t und Effektivit\u00e4t von Vertriebskan\u00e4len.<\/p>\n\n\n\n<h2 class=\"wp-block-heading\">Vorteile der Marktforschung f\u00fcr Sportbekleidung<\/h2>\n\n\n\n<p>Marktforschung f\u00fcr Sportbekleidung ist mehr als nur eine Sammlung von Datenpunkten; sie ist ein strategisches Instrument, das einer Marke zu neuen H\u00f6hen verhelfen und sie auf dem Markt hervorstechen lassen kann. Hier sind einige der Vorteile, die diese Forschung Unternehmen bietet:<\/p>\n\n\n\n<ul class=\"wp-block-list\">\n<li><strong>Ma\u00dfgeschneiderte Produktentwicklung:<\/strong> Durch ein klares Verst\u00e4ndnis der Verbraucherpr\u00e4ferenzen k\u00f6nnen Marken Produkte entwickeln und einf\u00fchren, die bei der Zielgruppe Anklang finden und so den Produkterfolg steigern.<\/li>\n\n\n\n<li><strong>Strategisches Marketing:<\/strong> Durch das Verst\u00e4ndnis der Verbraucherpers\u00f6nlichkeiten und ihres Kaufverhaltens k\u00f6nnen Unternehmen personalisierte Marketingkampagnen entwickeln und so sicherstellen, dass ihre Botschaften bei der Zielgruppe einen gr\u00f6\u00dferen und wirksameren Anklang finden.<\/li>\n\n\n\n<li><strong>Wettbewerbsvorteil:<\/strong> Die Marktforschung im Sportbekleidungsbereich liefert umfassendes Wissen \u00fcber die Konkurrenz \u2013 von der Produktpalette bis hin zu den Marketingtaktiken \u2013 und erm\u00f6glicht es den Marken, sich von der Konkurrenz abzuheben, Marktl\u00fccken zu erkennen und in der Konkurrenzlandschaft immer einen Schritt voraus zu sein.<\/li>\n\n\n\n<li><strong>Optimierte Preise:<\/strong> Durch Einblicke in die Zahlungsbereitschaft der Verbraucher, in die Kostenstrukturen und in die Preisgestaltung der Konkurrenz k\u00f6nnen Marken Preise festlegen, die die Rentabilit\u00e4t optimieren und gleichzeitig den Kundennutzen sicherstellen.<\/li>\n\n\n\n<li><strong>Effizienz der Lieferkette:<\/strong> Durch die Vorhersage von Nachfragemustern und das Verstehen von Markttrends k\u00f6nnen Unternehmen ihre Lieferketten optimieren, was zu geringeren Kosten und schnelleren Reaktionszeiten f\u00fchrt.<\/li>\n\n\n\n<li><strong>Risikominderung:<\/strong> Die Marktforschung im Sportbekleidungssektor identifiziert potenzielle Herausforderungen und Marktver\u00e4nderungen fr\u00fchzeitig. Dieser proaktive Ansatz erm\u00f6glicht es Unternehmen, Strategien zu entwickeln, um Risiken zu mindern und potenzielle Hindernisse zu \u00fcberwinden.<\/li>\n\n\n\n<li><strong>Erweiterungsm\u00f6glichkeiten:<\/strong> F\u00fcr Marken, die in neue M\u00e4rkte oder demografische Gruppen vordringen m\u00f6chten, bietet die Marktforschung im Bereich Sportbekleidung einen Fahrplan, der Chancen, potenzielle Herausforderungen und Verbraucherpr\u00e4ferenzen in unbekanntem Terrain aufzeigt.<\/li>\n\n\n\n<li><strong>Gest\u00e4rkte Markenpositionierung:<\/strong> Indem sie sich an den Werten und Bed\u00fcrfnissen der Verbraucher orientieren und spezifische Schwachstellen ansprechen, k\u00f6nnen Marken ihre Marktposition st\u00e4rken und eine st\u00e4rkere Markentreue aufbauen.<\/li>\n\n\n\n<li><strong>R\u00fcckkopplungsschleife:<\/strong> Durch die Marktforschung wird ein Feedback-Mechanismus geschaffen, der es Unternehmen erm\u00f6glicht, die Wahrnehmung ihrer Produkte durch die Verbraucher zu verstehen, Verbesserungsbereiche zu erkennen und notwendige Anpassungen vorzunehmen.<\/li>\n\n\n\n<li><strong>Ressourcenzuweisung:<\/strong> Mit einem klaren Verst\u00e4ndnis des Marktpotenzials und der Wachstumsbereiche k\u00f6nnen Unternehmen ihre Ressourcen \u2013 sei es Kapital, Arbeitskr\u00e4fte oder Marketingbudgets \u2013 effektiver und effizienter einsetzen.<\/li>\n<\/ul>\n\n\n\n<h2 class=\"wp-block-heading\">Wichtige Akteure auf dem Sportbekleidungsmarkt<\/h2>\n\n\n\n<figure class=\"gb-block-image gb-block-image-fa0ac7cf\"><img loading=\"lazy\" decoding=\"async\" width=\"1456\" height=\"816\" class=\"gb-image gb-image-fa0ac7cf\" src=\"https:\/\/www.sisinternational.com\/wp-content\/uploads\/2025\/08\/Smart-clothes-smart-textiles-4.jpg\" alt=\"SIS International Marktforschung &amp; Strategie\" title=\"Smart clothes smart textiles (4)\" srcset=\"https:\/\/www.sisinternational.com\/wp-content\/uploads\/2025\/08\/Smart-clothes-smart-textiles-4.jpg 1456w, https:\/\/www.sisinternational.com\/wp-content\/uploads\/2025\/08\/Smart-clothes-smart-textiles-4-300x168.jpg 300w, https:\/\/www.sisinternational.com\/wp-content\/uploads\/2025\/08\/Smart-clothes-smart-textiles-4-1024x574.jpg 1024w, https:\/\/www.sisinternational.com\/wp-content\/uploads\/2025\/08\/Smart-clothes-smart-textiles-4-768x430.jpg 768w, https:\/\/www.sisinternational.com\/wp-content\/uploads\/2025\/08\/Smart-clothes-smart-textiles-4-18x10.jpg 18w\" sizes=\"auto, (max-width: 1456px) 100vw, 1456px\"><\/figure>\n\n\n\n<p><\/p>\n\n\n\n<p>Der Sportbekleidungsmarkt ist ein dynamischer Bereich, der durch intensiven Wettbewerb, Innovation und gro\u00dfe Markentreue gekennzeichnet ist. Daher pr\u00e4gen mehrere Akteure die Landschaft der Branche. Hier ein Blick auf einige der wichtigsten Akteure auf dem globalen Sportbekleidungsmarkt:<\/p>\n\n\n\n<ul class=\"wp-block-list\">\n<li><strong>Nike:<\/strong> Dieses amerikanische multinationale Unternehmen ist eine Gr\u00f6\u00dfe, mit der man in der Sportbekleidungsbranche rechnen muss. Nike ist weltweit stark vertreten und setzt mit seinen innovativen Designs und Marketingkampagnen immer wieder neue Ma\u00dfst\u00e4be.<\/li>\n\n\n\n<li><strong>Adidas:<\/strong> Adidas ist ein weiterer Gigant im Bereich der Sportbekleidung. Die Marke kann auf eine reiche Geschichte zur\u00fcckblicken, die bis ins Jahr 1949 zur\u00fcckreicht. Sie bietet eine breite Palette an Sportprodukten und hat sich in den Bereichen Mode und Lifestyle einen Namen gemacht.<\/li>\n\n\n\n<li><strong>Unter R\u00fcstung:<\/strong> Dieses amerikanische Unternehmen hat sich schnell zu einem wichtigen Akteur auf dem Sportbekleidungsmarkt entwickelt und ist auf Funktionsbekleidung spezialisiert, die Sportler k\u00fchl und trocken h\u00e4lt.<\/li>\n\n\n\n<li><strong>Puma:<\/strong> Ein weiterer deutscher Riese, Puma, bietet ein breites Sortiment an Sport- und Freizeitschuhen, Bekleidung und Accessoires. Im Laufe der Jahre hat Puma seine Position durch strategische Partnerschaften und Empfehlungen gefestigt.<\/li>\n\n\n\n<li><strong>Reebok:<\/strong> Reebok war urspr\u00fcnglich eine in Gro\u00dfbritannien gegr\u00fcndete Marke und ist heute eine Tochtergesellschaft von Adidas. Reebok ist f\u00fcr seine Schuhe und Bekleidung bekannt und hat eine lange Tradition in den Bereichen Aerobic, Laufen und seit kurzem auch CrossFit.<\/li>\n<\/ul>\n\n\n\n<h2 class=\"wp-block-heading\">Chancen im Sportbekleidungsmarkt<\/h2>\n\n\n\n<p>Die Sportbekleidungsbranche steckt voller M\u00f6glichkeiten, da es immer neue Innovationen gibt, sich die Vorlieben der Verbraucher \u00e4ndern und Gesundheits- und Wellnesstrends boomen. Daher f\u00fchrt die Marktforschung im Bereich Sportbekleidung Unternehmen zu diesen goldenen Aussichten. Hier sind einige der vielversprechenden M\u00f6glichkeiten, die Unternehmen nutzen k\u00f6nnen:<\/p>\n\n\n\n<ul class=\"wp-block-list\">\n<li><strong>The Rise of <a class=\"wpil_keyword_link\" href=\"https:\/\/www.sisinternational.com\/de\/sachverstand\/branchen\/athleisure-marktforschung\/\"   title=\"Athleisure-Marktforschung\" data-wpil-keyword-link=\"linked\"  data-wpil-monitor-id=\"660\">Athleisure<\/a>:<\/strong> Da die Grenzen zwischen Sport- und Freizeitbekleidung immer mehr verschwimmen, steigt die Nachfrage nach vielseitigen Kleidungsst\u00fccken, die sich nahtlos vom Fitnessstudio bis zum Caf\u00e9 tragen lassen. Marktforschungen im Sportbereich zeigen, dass dieser Trend den Marken reichlich Spielraum f\u00fcr Innovationen bietet.<\/li>\n\n\n\n<li><strong>Nachhaltige Sportbekleidung:<\/strong> Der moderne Verbraucher ist zunehmend umweltbewusst. Marken, die umweltfreundliche, nachhaltige Alternativen anbieten k\u00f6nnen, ohne Kompromisse bei der Leistung einzugehen, haben einen Wettbewerbsvorteil. Dieser Wandel hin zur Nachhaltigkeit wird durch Marktforschungen im Sportbekleidungsbereich unterst\u00fctzt, die seine langfristige Rentabilit\u00e4t unterstreichen.<\/li>\n\n\n\n<li><strong>Technologische Integration:<\/strong> Ob Sportbekleidung mit integrierten Fitnesstrackern, intelligente Schuhe, die sich elektronisch anpassen, oder Kleidungsst\u00fccke, die physiologische Werte \u00fcberwachen \u2013 technologiegest\u00fctzte Sportbekleidung ist die Zukunft. Die Marktforschung f\u00fcr Sportbekleidung zeigt, dass die Verbraucher zunehmend auf solche Innovationen Wert legen.<\/li>\n\n\n\n<li><strong>Personalisierung:<\/strong> Marktforschungen haben personalisierte Fitnessausr\u00fcstung als bedeutenden Wachstumsbereich identifiziert, angefangen bei Schuhen, die speziell auf das jeweilige Fu\u00dfgew\u00f6lbe zugeschnitten sind, bis hin zu Trainingsausr\u00fcstung, die auf individuelle Vorlieben zugeschnitten ist.<\/li>\n\n\n\n<li><a href=\"https:\/\/www.sisinternational.com\/de\/estlands-wirtschaft\/\" title=\"\u00d6konomische Marktforschung in Estland\"  data-wpil-monitor-id=\"2938\">Emerging Markets: Sportswear market research<\/a> points to untapped potential in emerging markets like Southeast Asia, Africa, and parts of Latin America. Brands willing to localize their offerings and strategies for these regions can carve a niche for themselves.<\/li>\n\n\n\n<li><strong>Spezialisierte Segmente:<\/strong> Es besteht eine wachsende Nachfrage nach Sportbekleidung, die auf bestimmte Sportarten oder Aktivit\u00e4ten wie Yoga, Crosstraining oder Marathonlauf zugeschnitten ist. Durch Spezialisierung k\u00f6nnen Marken diese Nischensegmente bedienen, die jedoch stark wachsen.<\/li>\n\n\n\n<li><strong>Inklusive Gr\u00f6\u00dfen und Designs:<\/strong> Marktforschungen im Sportbereich zeigen, dass eine starke Nachfrage nach inklusiven Gr\u00f6\u00dfen besteht, die allen K\u00f6rpertypen gerecht werden. Marken, die ein umfangreicheres Sortiment anbieten und die Vielfalt der K\u00f6rperformen feiern, kommen beim modernen Publikum besser an.<\/li>\n\n\n\n<li><strong>Wellness- und Erholungsausr\u00fcstung:<\/strong> \u00dcber die Leistung hinaus wird die Erholung immer wichtiger. Produkte wie Kompressionskleidung, die die Muskelregeneration unterst\u00fctzt, oder Ausr\u00fcstung, die das geistige Wohlbefinden f\u00f6rdert, verzeichnen laut Marktforschungen im Bereich Sportbekleidung eine steigende Nachfrage.<\/li>\n<\/ul>\n\n\n\n<h2 class=\"wp-block-heading\">Herausforderungen im Sportbekleidungsmarkt<\/h2>\n\n\n\n<figure class=\"gb-block-image gb-block-image-31d2f328\"><img loading=\"lazy\" decoding=\"async\" width=\"1456\" height=\"816\" class=\"gb-image gb-image-31d2f328\" src=\"https:\/\/www.sisinternational.com\/wp-content\/uploads\/2025\/08\/Smart-clothes-smart-textiles-5.jpg\" alt=\"SIS International Marktforschung &amp; Strategie\" title=\"Smart clothes smart textiles (5)\" srcset=\"https:\/\/www.sisinternational.com\/wp-content\/uploads\/2025\/08\/Smart-clothes-smart-textiles-5.jpg 1456w, https:\/\/www.sisinternational.com\/wp-content\/uploads\/2025\/08\/Smart-clothes-smart-textiles-5-300x168.jpg 300w, https:\/\/www.sisinternational.com\/wp-content\/uploads\/2025\/08\/Smart-clothes-smart-textiles-5-1024x574.jpg 1024w, https:\/\/www.sisinternational.com\/wp-content\/uploads\/2025\/08\/Smart-clothes-smart-textiles-5-768x430.jpg 768w, https:\/\/www.sisinternational.com\/wp-content\/uploads\/2025\/08\/Smart-clothes-smart-textiles-5-18x10.jpg 18w\" sizes=\"auto, (max-width: 1456px) 100vw, 1456px\"><\/figure>\n\n\n\n<p><\/p>\n\n\n\n<p>Auch die Sportbekleidungsbranche steht vor zahlreichen Herausforderungen. Diese H\u00fcrden, die von sich ver\u00e4ndernden Verbraucherpr\u00e4ferenzen bis hin zu Komplexit\u00e4ten der Lieferkette reichen, m\u00fcssen strategisch angegangen werden, damit Unternehmen erfolgreich sein k\u00f6nnen. Die Marktforschung f\u00fcr Sportbekleidung bietet eine Lupe, die sich auf diese Herausforderungen konzentriert und ein tieferes Verst\u00e4ndnis vermittelt. Hier sind einige der dringendsten Probleme, mit denen der Sportbekleidungsmarkt konfrontiert ist:<\/p>\n\n\n\n<ul class=\"wp-block-list\">\n<li><strong>Schnell \u00e4ndernde Verbraucherpr\u00e4ferenzen:<\/strong> With fashion trends shifting rapidly and tech integration becoming the norm, staying ahead of consumer desires is challenging. Sportswear market <a href=\"https:\/\/www.sisinternational.com\/de\/losungen\/innovation\/agile-marktforschung\/\" title=\"Agile Marktforschung\"  data-wpil-monitor-id=\"7062\">Forschung<\/a> consistently highlights the need for brands to remain agile and responsive.<\/li>\n\n\n\n<li><strong>Intensiver Wettbewerb:<\/strong> The sportswear market is saturated with both established giants and innovative startups. Standing out in this crowded space and building brand loyalty is a challenge that <a href=\"https:\/\/www.sisinternational.com\/de\/sachverstand\/branchen\/marktforschung-zu-umweltfreundlichen-baumaterialien\/\" title=\"Marktforschung zu umweltfreundlichen Baumaterialien\"  data-wpil-monitor-id=\"3354\">Marktforschung f\u00fcr Sportbekleidung<\/a> frequently underscores.<\/li>\n\n\n\n<li><strong>Technologische Anpassungsf\u00e4higkeit:<\/strong> Angesichts des Aufkommens tragbarer Technologien und intelligenter Sportbekleidung stehen die Marken vor der Herausforderung, nicht nur Technologie zu integrieren, sondern auch sicherzustellen, dass diese benutzerfreundlich, langlebig und wirklich n\u00fctzlich ist.<\/li>\n\n\n\n<li><strong>Regulatorische H\u00fcrden:<\/strong> In verschiedenen Regionen gelten unterschiedliche gesetzliche Rahmenbedingungen, insbesondere in Bezug auf Produktsicherheit, Umweltstandards und Arbeitspraktiken. Die Navigation durch dieses Labyrinth ist, insbesondere f\u00fcr global t\u00e4tige Marken, eine Herausforderung, die die Marktforschung f\u00fcr Sportbekleidung verdeutlicht.<\/li>\n\n\n\n<li><strong>Gef\u00e4lschte Produkte:<\/strong> Der Anstieg gef\u00e4lschter Sportbekleidungsprodukte mindert den Markenwert und stellt eine erhebliche Herausforderung f\u00fcr die Wahrung der Markenauthentizit\u00e4t und des Vertrauens in die Marke dar.<\/li>\n\n\n\n<li><strong>Entwicklung der Einzelhandelslandschaft:<\/strong> Der Niedergang des traditionellen station\u00e4ren Handels und der Aufstieg von E-Commerce-Plattformen und Direct-to-Consumer-Modellen erfordern eine \u00c4nderung der Verkaufs- und Vertriebsstrategien.<\/li>\n<\/ul>","protected":false},"excerpt":{"rendered":"<p>Die Erforschung von Sportbekleidungstrends liefert wertvolle Erkenntnisse f\u00fcr Unternehmen, die ihre Wettbewerbsstrategie verbessern m\u00f6chten.<\/p>","protected":false},"author":1,"featured_media":63729,"parent":14514,"menu_order":369,"comment_status":"closed","ping_status":"closed","template":"","meta":{"footnotes":""},"class_list":["post-43594","page","type-page","status-publish","has-post-thumbnail"],"_links":{"self":[{"href":"https:\/\/www.sisinternational.com\/de\/wp-json\/wp\/v2\/pages\/43594","targetHints":{"allow":["GET"]}}],"collection":[{"href":"https:\/\/www.sisinternational.com\/de\/wp-json\/wp\/v2\/pages"}],"about":[{"href":"https:\/\/www.sisinternational.com\/de\/wp-json\/wp\/v2\/types\/page"}],"author":[{"embeddable":true,"href":"https:\/\/www.sisinternational.com\/de\/wp-json\/wp\/v2\/users\/1"}],"replies":[{"embeddable":true,"href":"https:\/\/www.sisinternational.com\/de\/wp-json\/wp\/v2\/comments?post=43594"}],"version-history":[{"count":7,"href":"https:\/\/www.sisinternational.com\/de\/wp-json\/wp\/v2\/pages\/43594\/revisions"}],"predecessor-version":[{"id":80626,"href":"https:\/\/www.sisinternational.com\/de\/wp-json\/wp\/v2\/pages\/43594\/revisions\/80626"}],"up":[{"embeddable":true,"href":"https:\/\/www.sisinternational.com\/de\/wp-json\/wp\/v2\/pages\/14514"}],"wp:featuredmedia":[{"embeddable":true,"href":"https:\/\/www.sisinternational.com\/de\/wp-json\/wp\/v2\/media\/63729"}],"wp:attachment":[{"href":"https:\/\/www.sisinternational.com\/de\/wp-json\/wp\/v2\/media?parent=43594"}],"curies":[{"name":"wp","href":"https:\/\/api.w.org\/{rel}","templated":true}]}}