{"id":43488,"date":"2023-09-23T17:33:45","date_gmt":"2023-09-23T21:33:45","guid":{"rendered":"https:\/\/www.sisinternational.com\/?page_id=43488"},"modified":"2026-01-26T18:17:59","modified_gmt":"2026-01-26T23:17:59","slug":"marktforschung-zur-optimierung-von-restaurantspeisekarten","status":"publish","type":"page","link":"https:\/\/www.sisinternational.com\/de\/sachverstand\/marktforschung-zur-optimierung-von-restaurantspeisekarten\/","title":{"rendered":"Marktforschung zur Restaurant- und Speisekartenoptimierung"},"content":{"rendered":"<h1 class=\"wp-block-heading\">Marktforschung zur Restaurant- und Speisekartenoptimierung<\/h1>\n\n\n\n<figure class=\"gb-block-image gb-block-image-d6ef51d4\"><img loading=\"lazy\" decoding=\"async\" width=\"1456\" height=\"816\" class=\"gb-image gb-image-d6ef51d4\" src=\"https:\/\/www.sisinternational.com\/wp-content\/uploads\/2025\/09\/Asian-food-5.jpg\" alt=\"SIS International Marktforschung &amp; Strategie\" title=\"Asian food (5)\" srcset=\"https:\/\/www.sisinternational.com\/wp-content\/uploads\/2025\/09\/Asian-food-5.jpg 1456w, https:\/\/www.sisinternational.com\/wp-content\/uploads\/2025\/09\/Asian-food-5-300x168.jpg 300w, https:\/\/www.sisinternational.com\/wp-content\/uploads\/2025\/09\/Asian-food-5-1024x574.jpg 1024w, https:\/\/www.sisinternational.com\/wp-content\/uploads\/2025\/09\/Asian-food-5-768x430.jpg 768w, https:\/\/www.sisinternational.com\/wp-content\/uploads\/2025\/09\/Asian-food-5-18x10.jpg 18w\" sizes=\"auto, (max-width: 1456px) 100vw, 1456px\"><\/figure>\n\n\n\n<p><\/p>\n\n\n\n<p>Stellen Sie sich vor, Sie betreten ein Restaurant, in dem jedes Gericht auf der Speisekarte Sie anzusprechen scheint, perfekt auf die neuesten Food-Trends abgestimmt und genau auf Ihre Ern\u00e4hrungsvorlieben abgestimmt ist. Wie hat das Restaurant diesen Zauber erreicht? Die Antwort liegt in der Marktforschung zur Optimierung von Restaurants und Speisekarten.<\/p>\n\n\n\n<p>Durch eine harmonische Mischung aus Kochkunst und datengesteuerten Erkenntnissen bietet diese spezialisierte Forschung Gastronomen die Werkzeuge, die sie zur Umgestaltung ihres Angebots ben\u00f6tigen.<\/p>\n\n\n\n<h2 class=\"wp-block-heading\">Warum ist Marktforschung zur Restaurant- und Speisekartenoptimierung heute so wichtig?<\/h2>\n\n\n\n<p>In einer globalisierten Welt, in der es unz\u00e4hlige Speisem\u00f6glichkeiten gibt und sich die Essenstrends schnell \u00e4ndern, ist es schwieriger denn je, im Restaurantgesch\u00e4ft die Nase vorn zu behalten. Aus diesen Gr\u00fcnden ist Marktforschung in der heutigen kulinarischen Landschaft so wichtig:<\/p>\n\n\n\n<ul class=\"wp-block-list\">\n<li><strong>Wirtschaftlichkeit:<\/strong> Not all delicious dishes are profitable. <a href=\"https:\/\/www.sisinternational.com\/de\/sachverstand\/branchen\/marktforschung-fur-chinesische-restaurants\/\" title=\"Marktforschung f\u00fcr chinesische Restaurants\"  data-wpil-monitor-id=\"3798\">Restaurant and food menu optimization market research<\/a> helps restaurants identify which dishes are not only popular but also cost-effective, ensuring the sustainability of the business.<\/li>\n\n\n\n<li><strong>Ern\u00e4hrungs- und Gesundheitstrends:<\/strong> With a rising focus on health and wellness, many consumers are adopting specific diets, be it vegan, keto, gluten-free, or paleo. <a href=\"https:\/\/www.sisinternational.com\/de\/sachverstand\/branchen\/marktforschung-fur-fast-casual-restaurants\/\" title=\"Marktforschung f\u00fcr Fast-Casual-Restaurants\"  data-wpil-monitor-id=\"5931\">Restaurant and food menu optimization market research<\/a> ensures that restaurants cater to these niches, broadening their customer base.<\/li>\n\n\n\n<li><strong>Wettbewerbsvorteil:<\/strong> In einem ges\u00e4ttigten Markt unterscheidet sich ein Restaurant oft durch seine Speisekarte von einem anderen. Indem sie verstehen, was die Kunden wirklich wollen, und einzigartige, auf diese W\u00fcnsche zugeschnittene Gerichte anbieten, k\u00f6nnen sich Restaurants von der Konkurrenz abheben.<\/li>\n\n\n\n<li><strong>Technologische Integration:<\/strong> <a href=\"https:\/\/www.sisinternational.com\/de\/sachverstand\/branchen\/medizintechnik-medtech-marktforschung\/\" title=\"Marktforschung f\u00fcr Medizintechnik (Med Tech)\"  data-wpil-monitor-id=\"4195\">Restaurant and food menu optimization market<\/a> research can guide restaurants in integrating technology seamlessly, from optimizing online menus for delivery apps to addressing feedback from online reviews.<\/li>\n\n\n\n<li><strong>Nachhaltigkeit und ethische Entscheidungen:<\/strong> Moderne Verbraucher sind sich der \u00f6kologischen und ethischen Auswirkungen ihrer Lebensmittelauswahl zunehmend bewusst. Marktforschung kann Aufschluss dar\u00fcber geben, wie nachhaltige Zutaten beschafft, Lebensmittelabf\u00e4lle reduziert und ethische Entscheidungen getroffen werden k\u00f6nnen, die bei den Kunden Anklang finden.<\/li>\n\n\n\n<li><strong>Kulturelle und regionale Nuancen:<\/strong> Durch Marktforschung zur Optimierung von Restaurants und Speisekarten lassen sich regionale Geschm\u00e4cker, kulturelle Vorlieben und lokale Trends aufdecken und so sicherstellen, dass die Speisekarte die spezifische Zielgruppe jedes Restaurantstandorts anspricht.<\/li>\n<\/ul>\n\n\n\n<h2 class=\"wp-block-heading\">M\u00f6glichkeiten der Marktforschung zur Restaurant- und Speisekartenoptimierung<\/h2>\n\n\n\n<figure class=\"gb-block-image gb-block-image-e46f9f59\"><img loading=\"lazy\" decoding=\"async\" width=\"1456\" height=\"816\" class=\"gb-image gb-image-e46f9f59\" src=\"https:\/\/www.sisinternational.com\/wp-content\/uploads\/2025\/09\/Asian-food-13.jpg\" alt=\"SIS International Marktforschung &amp; Strategie\" title=\"Asian food (13)\" srcset=\"https:\/\/www.sisinternational.com\/wp-content\/uploads\/2025\/09\/Asian-food-13.jpg 1456w, https:\/\/www.sisinternational.com\/wp-content\/uploads\/2025\/09\/Asian-food-13-300x168.jpg 300w, https:\/\/www.sisinternational.com\/wp-content\/uploads\/2025\/09\/Asian-food-13-1024x574.jpg 1024w, https:\/\/www.sisinternational.com\/wp-content\/uploads\/2025\/09\/Asian-food-13-768x430.jpg 768w, https:\/\/www.sisinternational.com\/wp-content\/uploads\/2025\/09\/Asian-food-13-18x10.jpg 18w\" sizes=\"auto, (max-width: 1456px) 100vw, 1456px\"><\/figure>\n\n\n\n<p><\/p>\n\n\n\n<p>Die sich entwickelnde Landschaft der Restaurantbranche bietet zahlreiche M\u00f6glichkeiten im Bereich der Marktforschung zur Optimierung von Restaurants und Speisekarten. Einige der bekanntesten M\u00f6glichkeiten sind:<\/p>\n\n\n\n<ul class=\"wp-block-list\">\n<li><strong>Datengesteuerte kulinarische Innovationen:<\/strong> Da Restaurants Zugriff auf detaillierteres Feedback und Vorlieben der Verbraucher haben, ergeben sich f\u00fcr K\u00f6che und Lebensmittelwissenschaftler enorme M\u00f6glichkeiten zur Zusammenarbeit und zur Entwicklung innovativer Gerichte, die perfekt auf die Marktnachfrage abgestimmt sind.<\/li>\n\n\n\n<li><strong>Ern\u00e4hrungs- und Wellnessoptimierung:<\/strong> As health and wellness gain prominence, there is a growing <a href=\"https:\/\/www.sisinternational.com\/de\/losungen\/ai-marktforschung-und-strategieberatung\/chatbot-ki-marktforschung\/\" title=\"Chatbot-KI-Marktforschung\"  data-wpil-monitor-id=\"2778\">market for research<\/a> into crafting menus that are not just tasty but also nutritionally balanced, catering to the health-conscious consumer.<\/li>\n\n\n\n<li><strong>Globale Expansion und Franchising:<\/strong> F\u00fcr Restaurants, die eine globale Expansion anstreben, kann eine detaillierte Marktforschung wertvolle Einblicke in regionale Vorlieben bieten und so einen erfolgreichen Markteintritt in unterschiedlichen M\u00e4rkten gew\u00e4hrleisten.<\/li>\n\n\n\n<li><strong>Aus-und Weiterbildung:<\/strong> Angesichts der st\u00e4ndigen Weiterentwicklung der Branche ergeben sich f\u00fcr Institutionen und Fachleute hervorragende M\u00f6glichkeiten, Schulungsprogramme, Workshops und Kurse anzubieten, die sich auf Men\u00fcoptimierung und entsprechende Marktforschungstechniken konzentrieren.<\/li>\n\n\n\n<li><strong>Krisenmanagement und Notfallplanung:<\/strong> In einer Welt, in der globale Ereignisse drastische Auswirkungen auf die Restaurantbranche haben k\u00f6nnen, k\u00f6nnen auf Krisenmanagement und Men\u00fcanpassung spezialisierte Marktforschungsunternehmen wertvolle Beratung bieten und so daf\u00fcr sorgen, dass Restaurants widerstandsf\u00e4hig bleiben.<\/li>\n<\/ul>\n\n\n\n<h2 class=\"wp-block-heading\">Herausforderungen<\/h2>\n\n\n\n<p>Zwar sind die potenziellen Vorteile der Marktforschung zur Restaurant- und Speisekartenoptimierung betr\u00e4chtlich, doch bringt sie auch einige Herausforderungen mit sich, die Unternehmen bew\u00e4ltigen m\u00fcssen, wie beispielsweise:<\/p>\n\n\n\n<ul class=\"wp-block-list\">\n<li><strong>Vielf\u00e4ltige Verbraucherpr\u00e4ferenzen:<\/strong> Um ein globales Publikum zu bewirten, muss man auf unterschiedliche Geschm\u00e4cker, kulturelle Nuancen und Ern\u00e4hrungseinschr\u00e4nkungen eingehen. Das macht es zu einer Herausforderung, ein allgemein ansprechendes Men\u00fc zusammenzustellen.<\/li>\n\n\n\n<li><strong>Konjunkturschwankungen und Preisgestaltung:<\/strong> Die Balance zwischen dem Angebot hochwertiger Gerichte und deren wirtschaftlicher Tragf\u00e4higkeit zu halten, ist eine Gratwanderung. Die Preisoptimierung ohne Kompromisse bei der Qualit\u00e4t ist eine st\u00e4ndige Herausforderung.<\/li>\n\n\n\n<li><strong>Technologische Einschr\u00e4nkungen:<\/strong> Die Technik bietet zwar L\u00f6sungen, bringt aber auch Herausforderungen mit sich. Die Gew\u00e4hrleistung der plattform\u00fcbergreifenden Kompatibilit\u00e4t, die Integration neuer Technologien und das Mithalten mit dem technischen Fortschritt k\u00f6nnen eine anspruchsvolle Aufgabe sein.<\/li>\n\n\n\n<li><strong>Ausbildungs- und Qualifikationsl\u00fccken:<\/strong> Da die Men\u00fcoptimierung immer ausgefeilter wird, besteht ein Bedarf an qualifizierten Fachkr\u00e4ften, die sowohl die kulinarischen als auch die Datenaspekte verstehen. Diese Qualifikationsl\u00fccke zu schlie\u00dfen ist eine Herausforderung.<\/li>\n\n\n\n<li><strong>Bedenken hinsichtlich des Datenschutzes der Verbraucher:<\/strong> In einer Zeit, in der der Datenschutz h\u00f6chste Priorit\u00e4t hat, ist die Erfassung von Verbraucherpr\u00e4ferenzen und anderen Daten ohne Verletzung von Datenschutzrechten und -vorschriften ein dringendes Anliegen.<\/li>\n\n\n\n<li><strong>Balance zwischen Tradition und Innovation:<\/strong> Obwohl Innovation wichtig ist, gibt es auch einen Teil der Verbraucher, der traditionelle Geschmacksrichtungen und Erfahrungen sucht. Es ist schwierig, ein Gleichgewicht zu finden, um beiden demografischen Gruppen gerecht zu werden.<\/li>\n\n\n\n<li><strong>Externe Faktoren und Unsicherheiten:<\/strong> Unvorhersehbare Ereignisse k\u00f6nnen das Verhalten und die Pr\u00e4ferenzen der Verbraucher drastisch beeinflussen, sodass eine kontinuierliche Anpassung der Forschung erforderlich ist.<\/li>\n<\/ul>\n\n\n\n<h2 class=\"wp-block-heading\">Die Zukunft der Marktforschung zur Restaurant- und Speisekartenoptimierung<\/h2>\n\n\n\n<figure class=\"gb-block-image gb-block-image-cd71f52b\"><img loading=\"lazy\" decoding=\"async\" width=\"1456\" height=\"816\" class=\"gb-image gb-image-cd71f52b\" src=\"https:\/\/www.sisinternational.com\/wp-content\/uploads\/2025\/09\/Asian-food-7.jpg\" alt=\"SIS International Marktforschung &amp; Strategie\" title=\"Asian food (7)\" srcset=\"https:\/\/www.sisinternational.com\/wp-content\/uploads\/2025\/09\/Asian-food-7.jpg 1456w, https:\/\/www.sisinternational.com\/wp-content\/uploads\/2025\/09\/Asian-food-7-300x168.jpg 300w, https:\/\/www.sisinternational.com\/wp-content\/uploads\/2025\/09\/Asian-food-7-1024x574.jpg 1024w, https:\/\/www.sisinternational.com\/wp-content\/uploads\/2025\/09\/Asian-food-7-768x430.jpg 768w, https:\/\/www.sisinternational.com\/wp-content\/uploads\/2025\/09\/Asian-food-7-18x10.jpg 18w\" sizes=\"auto, (max-width: 1456px) 100vw, 1456px\"><\/figure>\n\n\n\n<p><\/p>\n\n\n\n<p>Die Restaurantbranche wird kontinuierlich durch technologische Fortschritte, kulturelle Ver\u00e4nderungen und sich ver\u00e4nderndes Verbraucherverhalten gepr\u00e4gt. Daher wird erwartet, dass die Marktforschung zur Optimierung von Restaurants und Speisekarten tiefgreifende Ver\u00e4nderungen erf\u00e4hrt, die die Gestaltung und Pr\u00e4sentation von Speisekarten neu definieren werden. Hier ist ein Blick in die Zukunft:<\/p>\n\n\n\n<ul class=\"wp-block-list\">\n<li><strong>Integration fortschrittlicher Technologien:<\/strong> K\u00fcnstliche Intelligenz (KI) und maschinelles Lernen (ML): Unternehmen k\u00f6nnen anhand riesiger Datens\u00e4tze Lebensmitteltrends vorhersagen. Diese pr\u00e4diktive Analyse liefert Erkenntnisse zu potenziellen Erfolgsgerichten, bevor diese \u00fcberhaupt im Trend liegen. Ebenso k\u00f6nnen Technologien f\u00fcr Augmented Reality (AR) und Virtual Reality (VR) immersive Men\u00fcerlebnisse bieten, bei denen Kunden Gerichte virtuell in 3D erkunden, ihre Zutaten verstehen und sogar ihren Zubereitungsprozess miterleben k\u00f6nnen.<\/li>\n\n\n\n<li><strong>Nachhaltigkeitsanalyse:<\/strong> Angesichts der weltweit zunehmenden Sorge um die Nachhaltigkeit k\u00f6nnten k\u00fcnftige Marktforschungstools detaillierte Analysen des CO2-Fu\u00dfabdrucks der einzelnen Gerichte liefern und Restaurants so bei der Zusammenstellung umweltfreundlicher Men\u00fcs unterst\u00fctzen.<\/li>\n\n\n\n<li><strong>Neurogastronomie und sensorische Erfahrungen:<\/strong> Delving into the science of flavor perception and how the brain interprets these signals, future research might focus on <a href=\"https:\/\/www.sisinternational.com\/de\/sachverstand\/branchen\/sensorische-marktforschung-2\/\" title=\"Sensorische Marktforschung\"  data-wpil-monitor-id=\"6831\">optimizing<\/a> menus that cater to the holistic sensory experience, not just taste.<\/li>\n\n\n\n<li><strong>Men\u00fcanpassungen in Echtzeit:<\/strong> Da die Technologie Feedback und Datenerfassung in Echtzeit erm\u00f6glicht, k\u00f6nnten Restaurants ihre Speisekarte umgehend an das aktuelle Kundenfeedback, die Lagerverf\u00fcgbarkeit oder sogar lokale Ereignisse anpassen.<\/li>\n\n\n\n<li><strong>Kulturelle und ethische Sensibilit\u00e4t:<\/strong> Da die Welt immer st\u00e4rker vernetzt ist, wird es immer wichtiger, kulturelle Nuancen beim Essen zu verstehen und zu respektieren. Marktforschung zur Optimierung von Restaurants und Speisekarten wird dabei helfen, Speisekarten zu erstellen, die kulturell sensibel sind, Inklusivit\u00e4t f\u00f6rdern und die Attraktivit\u00e4t erh\u00f6hen.<\/li>\n\n\n\n<li><strong>Ganzheitliche Gesch\u00e4ftsmodelle:<\/strong> \u00dcber die reine Optimierung von Speisen, Restaurants und Speisekarten hinaus ber\u00fccksichtigt die Marktforschung das gesamte Gastronomie-\u00d6kosystem, einschlie\u00dflich Ambiente, Servicestil und sogar Hintergrundmusik, um sicherzustellen, dass jeder Aspekt die optimierte Speisekarte erg\u00e4nzt.<\/li>\n\n\n\n<li><strong>Krisen- und Anpassungsf\u00e4higkeitsforschung:<\/strong> Angesichts globaler Herausforderungen wie Pandemien oder Lieferkettenunterbrechungen k\u00f6nnte sich die Forschung k\u00fcnftig darauf konzentrieren, wie Restaurants ihre Speisekarten rasch an pl\u00f6tzliche externe Ver\u00e4nderungen anpassen k\u00f6nnen.<\/li>\n<\/ul>","protected":false},"excerpt":{"rendered":"<p>Stellen Sie sich ein Men\u00fc vor, das auf Ihre Ern\u00e4hrung und Ihre Ern\u00e4hrungstrends zugeschnitten ist. Dies erreichen Sie mit Marktforschung zur Optimierung von Restaurant- und Speisekarten.<\/p>","protected":false},"author":1,"featured_media":65464,"parent":14514,"menu_order":368,"comment_status":"closed","ping_status":"closed","template":"","meta":{"footnotes":""},"class_list":["post-43488","page","type-page","status-publish","has-post-thumbnail"],"_links":{"self":[{"href":"https:\/\/www.sisinternational.com\/de\/wp-json\/wp\/v2\/pages\/43488","targetHints":{"allow":["GET"]}}],"collection":[{"href":"https:\/\/www.sisinternational.com\/de\/wp-json\/wp\/v2\/pages"}],"about":[{"href":"https:\/\/www.sisinternational.com\/de\/wp-json\/wp\/v2\/types\/page"}],"author":[{"embeddable":true,"href":"https:\/\/www.sisinternational.com\/de\/wp-json\/wp\/v2\/users\/1"}],"replies":[{"embeddable":true,"href":"https:\/\/www.sisinternational.com\/de\/wp-json\/wp\/v2\/comments?post=43488"}],"version-history":[{"count":8,"href":"https:\/\/www.sisinternational.com\/de\/wp-json\/wp\/v2\/pages\/43488\/revisions"}],"predecessor-version":[{"id":80407,"href":"https:\/\/www.sisinternational.com\/de\/wp-json\/wp\/v2\/pages\/43488\/revisions\/80407"}],"up":[{"embeddable":true,"href":"https:\/\/www.sisinternational.com\/de\/wp-json\/wp\/v2\/pages\/14514"}],"wp:featuredmedia":[{"embeddable":true,"href":"https:\/\/www.sisinternational.com\/de\/wp-json\/wp\/v2\/media\/65464"}],"wp:attachment":[{"href":"https:\/\/www.sisinternational.com\/de\/wp-json\/wp\/v2\/media?parent=43488"}],"curies":[{"name":"wp","href":"https:\/\/api.w.org\/{rel}","templated":true}]}}