{"id":43485,"date":"2023-09-23T17:13:10","date_gmt":"2023-09-23T21:13:10","guid":{"rendered":"https:\/\/www.sisinternational.com\/?page_id=43485"},"modified":"2026-03-12T20:02:36","modified_gmt":"2026-03-13T00:02:36","slug":"marktforschung-fur-verzehrfertige-lebensmittel","status":"publish","type":"page","link":"https:\/\/www.sisinternational.com\/de\/losungen\/marktforschung-fur-die-lebensmittel-und-getrankeindustrie\/marktforschung-fur-verzehrfertige-lebensmittel\/","title":{"rendered":"Marktforschung f\u00fcr verzehrfertige Lebensmittel (RTE)"},"content":{"rendered":"<h1 class=\"wp-block-heading\">Marktforschung f\u00fcr verzehrfertige Lebensmittel (RTE)<\/h1>\n\n\n\n<figure class=\"gb-block-image gb-block-image-17d5996a\"><img loading=\"lazy\" decoding=\"async\" width=\"1456\" height=\"816\" class=\"gb-image gb-image-17d5996a\" src=\"https:\/\/www.sisinternational.com\/wp-content\/uploads\/2025\/08\/Food-taste-testing-15.jpg\" alt=\"SIS International Marktforschung &amp; Strategie\" title=\"Food taste testing (15)\" srcset=\"https:\/\/www.sisinternational.com\/wp-content\/uploads\/2025\/08\/Food-taste-testing-15.jpg 1456w, https:\/\/www.sisinternational.com\/wp-content\/uploads\/2025\/08\/Food-taste-testing-15-300x168.jpg 300w, https:\/\/www.sisinternational.com\/wp-content\/uploads\/2025\/08\/Food-taste-testing-15-1024x574.jpg 1024w, https:\/\/www.sisinternational.com\/wp-content\/uploads\/2025\/08\/Food-taste-testing-15-768x430.jpg 768w, https:\/\/www.sisinternational.com\/wp-content\/uploads\/2025\/08\/Food-taste-testing-15-18x10.jpg 18w\" sizes=\"auto, (max-width: 1456px) 100vw, 1456px\"><\/figure>\n\n\n\n<p><\/p>\n\n\n\n<p>Wussten Sie, dass der globale Markt f\u00fcr verzehrfertige Lebensmittel in den kommenden Jahren einen atemberaubenden Wert erreichen wird? Da sich die Verbraucheranforderungen weiterentwickeln und sich die globale Lebensmittellandschaft ver\u00e4ndert, m\u00fcssen Unternehmen im Lebensmittelsektor ihre Strategien st\u00e4ndig neu bewerten. Unter diesen Ver\u00e4nderungen sticht der Anstieg der Marktforschung f\u00fcr verzehrfertige Lebensmittel (RTE) hervor, der sowohl Unternehmern als auch erfahrenen Unternehmen Chancen und Herausforderungen bietet.<\/p>\n\n\n\n<p>By delving deep into consumers&#8217; preferences, habits, and desires, this research aims to illuminate the path for businesses eager to carve out their niche or solidify their dominance in the <a href=\"https:\/\/www.sisinternational.com\/de\/losungen\/ai-marktforschung-und-strategieberatung\/chatbot-ki-marktforschung\/\" title=\"Chatbot-KI-Marktforschung\"  data-wpil-monitor-id=\"2781\">ready-to-eat food<\/a> market.<\/p>\n\n\n\n<h2 class=\"wp-block-heading\">Warum sollte man Marktforschung zu verzehrfertigen Lebensmitteln (RTE) betreiben?<\/h2>\n\n\n\n<p>The rapid evolution of the global food sector, driven by technological advancements and changing consumer lifestyles, has <a href=\"https:\/\/www.sisinternational.com\/de\/sachverstand\/branchen\/aufzugsmarktforschung\/\" title=\"Aufzugsmarktforschung\"  data-wpil-monitor-id=\"3482\">elevated the significance of specific market research<\/a>. Ready-to-eat food market research, in this context, plays a pivotal role for several reasons:<\/p>\n\n\n\n<ul class=\"wp-block-list\">\n<li><strong>Verbraucherpr\u00e4ferenzen verstehen:<\/strong> The ready-to-eat food segment is diverse. From pre-packaged salads to microwaveable dinners, each product caters to different demographics and preferences. Conducting ready-to-eat food <a href=\"https:\/\/www.sisinternational.com\/de\/was-ist-offentlichkeitsarbeit\/\" title=\"\u00d6ffentlichkeitsarbeit und Marktforschung\"  data-wpil-monitor-id=\"7430\">market research helps brands<\/a> pinpoint precisely what flavors, ingredients, and packaging styles resonate with their target audience.<\/li>\n\n\n\n<li><strong>Anpassung an ver\u00e4nderte Trends:<\/strong> Die Lebensmittelbranche ist sehr volatil. Was heute beliebt ist, kann morgen schon wieder in Mode sein. Regelm\u00e4\u00dfige Marktforschung f\u00fcr verzehrfertige Lebensmittel sorgt daf\u00fcr, dass Unternehmen immer einen Schritt voraus sind und ihre Produktlinien an sich \u00e4ndernde Trends anpassen k\u00f6nnen.<\/li>\n\n\n\n<li><strong>Risikominderung:<\/strong> Entering the market with a new product or tweaking an existing one without proper <a href=\"https:\/\/www.sisinternational.com\/de\/sachverstand\/branchen\/bioinformatik-marktforschung\/\" title=\"Bioinformatik-Marktforschung\"  data-wpil-monitor-id=\"4698\">Forschung<\/a> can be a costly bet. Ready-to-eat food <a href=\"https:\/\/www.sisinternational.com\/de\/sachverstand\/branchen\/marktforschung-zur-verkehrssicherheit\/\" title=\"Marktforschung zur Verkehrssicherheit\"  data-wpil-monitor-id=\"4742\">market research acts as a safety<\/a> net, highlighting potential pitfalls and areas of concern.<\/li>\n\n\n\n<li><strong>Optimierung des Supply Chain Managements:<\/strong> Wenn Unternehmen wissen, welche Produkte in welchen Regionen gefragt sind, k\u00f6nnen sie ihre Lieferkette optimieren, p\u00fcnktliche Lieferungen sicherstellen und den Abfall reduzieren.<\/li>\n\n\n\n<li><strong>Effektives Marketing und Werbung:<\/strong> Mithilfe von Marktforschungsdaten k\u00f6nnen Marken effektivere Marketingkampagnen entwickeln. Wenn die Forschung beispielsweise einen Trend zu gesundheitsbewusster Ern\u00e4hrung zeigt, kann eine Marke in der Werbung die ern\u00e4hrungsphysiologischen Vorteile ihrer verzehrfertigen Produkte hervorheben.<\/li>\n\n\n\n<li><strong>Entwicklung einer Preisstrategie:<\/strong> Durch Marktforschung im Bereich verzehrfertiger Lebensmittel k\u00f6nnen Unternehmen die Preissensibilit\u00e4t der Verbraucher einsch\u00e4tzen und den optimalen Preispunkt ermitteln, um ihre Gewinne zu maximieren und gleichzeitig die Kundenzufriedenheit sicherzustellen.<\/li>\n\n\n\n<li><strong>Wettbewerbsanalyse:<\/strong> Durch Marktforschung im Bereich verzehrfertiger Lebensmittel erh\u00e4lt man Einblicke in die Aktivit\u00e4ten der Konkurrenz und kann so Marktl\u00fccken oder Bereiche identifizieren, in denen sich ein Wettbewerbsvorteil ergeben kann.<\/li>\n<\/ul>\n\n\n\n<h2 class=\"wp-block-heading\">Die Rolle der Digitalisierung in der Marktforschung f\u00fcr verzehrfertige Lebensmittel (RTE)<\/h2>\n\n\n\n<figure class=\"gb-block-image gb-block-image-7ffcd7c1\"><img loading=\"lazy\" decoding=\"async\" width=\"1456\" height=\"816\" class=\"gb-image gb-image-7ffcd7c1\" src=\"https:\/\/www.sisinternational.com\/wp-content\/uploads\/2025\/08\/Food-taste-testing-2.jpg\" alt=\"SIS International Marktforschung &amp; Strategie\" title=\"Food taste testing (2)\" srcset=\"https:\/\/www.sisinternational.com\/wp-content\/uploads\/2025\/08\/Food-taste-testing-2.jpg 1456w, https:\/\/www.sisinternational.com\/wp-content\/uploads\/2025\/08\/Food-taste-testing-2-300x168.jpg 300w, https:\/\/www.sisinternational.com\/wp-content\/uploads\/2025\/08\/Food-taste-testing-2-1024x574.jpg 1024w, https:\/\/www.sisinternational.com\/wp-content\/uploads\/2025\/08\/Food-taste-testing-2-768x430.jpg 768w, https:\/\/www.sisinternational.com\/wp-content\/uploads\/2025\/08\/Food-taste-testing-2-18x10.jpg 18w\" sizes=\"auto, (max-width: 1456px) 100vw, 1456px\"><\/figure>\n\n\n\n<p><\/p>\n\n\n\n<p>In einer Zeit, in der fast jeder Aspekt unseres Lebens mit Technologie verkn\u00fcpft ist, hat die Digitalisierung die Art und Weise revolutioniert, wie Unternehmen Marktforschung betreiben, insbesondere im Bereich verzehrfertiger Lebensmittel. Und so funktioniert es:<\/p>\n\n\n\n<ul class=\"wp-block-list\">\n<li><strong>Gr\u00f6\u00dfere Reichweite durch Online-Umfragen:<\/strong> Mit digitalen Umfragen k\u00f6nnen Sie ein breiteres und vielf\u00e4ltigeres Publikum in verschiedenen Regionen erreichen. Sie sind kosteng\u00fcnstig und k\u00f6nnen schnell angepasst werden, um aufkommende Trends oder Anliegen zu ber\u00fccksichtigen.<\/li>\n\n\n\n<li><strong>Einblicke in soziale Medien:<\/strong> Plattformen wie X, Instagram und Facebook sind zu wahren Schatzkammern an Daten geworden. Die Analyse von Erw\u00e4hnungen, Hashtags und Trends im Zusammenhang mit verzehrfertigen Produkten kann wertvolle Einblicke in Verbraucherpr\u00e4ferenzen, Abneigungen und neu entstehende Muster bieten.<\/li>\n\n\n\n<li><strong>Engaging with <a class=\"wpil_keyword_link\" href=\"https:\/\/www.sisinternational.com\/de\/losungen\/qualitative-quantitative-forschungslosungen\/online-fokusgruppen-2\/\"   title=\"Online-Fokusgruppen\" data-wpil-keyword-link=\"linked\"  data-wpil-monitor-id=\"661\">Online-Fokusgruppen<\/a>:<\/strong> Videokonferenz-Tools und spezielle Online-Plattformen erm\u00f6glichen es Unternehmen heute, Fokusgruppensitzungen aus der Ferne durchzuf\u00fchren. Dies spart nicht nur Kosten, sondern erm\u00f6glicht auch eine gr\u00f6\u00dfere demografische Reichweite.<\/li>\n\n\n\n<li><strong>Einsatz von K\u00fcnstlicher Intelligenz (KI) und Maschinellem Lernen:<\/strong> Diese Technologien helfen bei pr\u00e4diktiven Analysen. Beispielsweise kann KI potenzielle zuk\u00fcnftige Trends im Bereich verzehrfertiger Lebensmittel auf der Grundlage aktueller und vergangener Daten vorhersagen und Unternehmen so dabei helfen, immer einen Schritt voraus zu sein.<\/li>\n\n\n\n<li><strong>Analyse der Online-Verkaufsdaten:<\/strong> E-Commerce-Plattformen und Online-Lieferdienste bieten umfangreiche Daten zu Verk\u00e4ufen, Vorlieben und Verbrauchergewohnheiten. Bei der Analyse dieser Daten k\u00f6nnen Muster erkennbar werden, beispielsweise welche Produkte zu verschiedenen Tages- oder Wochenzeiten am beliebtesten sind.<\/li>\n\n\n\n<li><strong>Interaktive und immersive Erlebnisse:<\/strong> Virtual Reality (VR) und Augmented Reality (AR) k\u00f6nnen f\u00fcr Produkttests und Feedback verwendet werden. Beispielsweise k\u00f6nnte ein Verbraucher AR verwenden, um zu sehen, wie eine verzehrfertige Mahlzeit serviert aussieht, und Feedback geben, bevor das Produkt in die Regale kommt.<\/li>\n\n\n\n<li><strong>Verbesserte Tools f\u00fcr das Kundenbeziehungsmanagement (CRM):<\/strong> Moderne CRM-Systeme mit integrierter KI k\u00f6nnen Unternehmen detaillierte Verbraucherprofile bereitstellen und ihnen so dabei helfen, ihre Produkte und Marketingstrategien auf bestimmte Segmente ihrer Zielgruppe zuzuschneiden.<\/li>\n<\/ul>\n\n\n\n<h2 class=\"wp-block-heading\">M\u00f6glichkeiten in der Marktforschung f\u00fcr verzehrfertige Lebensmittel<\/h2>\n\n\n\n<p>Der Sektor der verzehrfertigen Lebensmittel w\u00e4chst rasant, angetrieben durch den ver\u00e4nderten Lebensstil der Verbraucher, die Urbanisierung und den technologischen Fortschritt. Daher bietet der Umfang der Marktforschung f\u00fcr verzehrfertige Lebensmittel sowohl f\u00fcr Unternehmen als auch f\u00fcr Forscher viele M\u00f6glichkeiten. Hier sind einige der wichtigsten M\u00f6glichkeiten:<\/p>\n\n\n\n<ul class=\"wp-block-list\">\n<li><strong>Neue Produktentwicklung:<\/strong> Mit einem klaren Verst\u00e4ndnis der Verbraucherpr\u00e4ferenzen k\u00f6nnen Marken innovative RTE-Produkte entwickeln, die auf spezifische Bed\u00fcrfnisse zugeschnitten sind. Ob glutenfreie Mahlzeiten, keto-freundliche Snacks oder regionale K\u00f6stlichkeiten.<\/li>\n\n\n\n<li><strong>Nachhaltige Verpackungsinnovationen:<\/strong> As environmental concerns grow, there is a surge in demand for sustainable packaging. Ready-to-eat food market <a href=\"https:\/\/www.sisinternational.com\/de\/losungen\/branding-und-kundenforschungslosungen\/verpackungsmarktforschung\/\" title=\"Verpackungsmarktforschung\"  data-wpil-monitor-id=\"6566\">Forschung<\/a> can help businesses understand consumer willingness to pay for eco-friendly packaging and the types of sustainable materials they prefer.<\/li>\n\n\n\n<li><strong>Gesundheit und Ern\u00e4hrung:<\/strong> Angesichts des steigenden Gesundheitsbewusstseins bietet sich die M\u00f6glichkeit, verzehrfertige Lebensmittel zu entwickeln, die mit Vitaminen, Mineralien und anderen wichtigen N\u00e4hrstoffen angereichert sind. Marktforschung f\u00fcr verzehrfertige Lebensmittel kann bestimmte Gesundheitstrends identifizieren, wie pflanzliche Ern\u00e4hrung oder proteinreiche Mahlzeiten, die Marken nutzen k\u00f6nnen.<\/li>\n\n\n\n<li><strong>Globale Ausbreitung:<\/strong> Wenn Marken eine globale Expansion anstreben, kann die Marktforschung dabei helfen, zu ermitteln, in welchen Regionen oder L\u00e4ndern eine Nachfrage nach bestimmten verzehrfertigen Lebensmitteln besteht. So k\u00f6nnen Unternehmen ihr Angebot an den lokalen Geschmack und die Vorlieben anpassen.<\/li>\n\n\n\n<li><strong>Abonnementmodelle:<\/strong> Mit dem Erfolg von Abo-Boxen in verschiedenen Branchen besteht auch im RTE-Markt Potenzial. Marktforschung f\u00fcr verzehrfertige Lebensmittel kann Unternehmen dabei helfen, die Art von Abo-Modellen zu finden, die bei ihrer Zielgruppe Anklang finden k\u00f6nnten, seien es w\u00f6chentliche Essenspakete oder monatliche Snackboxen.<\/li>\n\n\n\n<li><strong>Kooperationen und Partnerschaften:<\/strong> Durch das Verst\u00e4ndnis von Markttrends k\u00f6nnen Unternehmen potenzielle Kooperationsm\u00f6glichkeiten \u2013 sei es mit Fitnessmarken, Gesundheits-Apps oder sogar Prominenten \u2013 erkennen und so die Attraktivit\u00e4t und Reichweite ihrer RTE-Produkte steigern.<\/li>\n\n\n\n<li><strong>Ma\u00dfgeschneiderte Marketingstrategien:<\/strong> Auf der Grundlage demografischer Daten, Verhaltensweisen und Vorlieben der Verbraucher kann die Marktforschung im Bereich verzehrfertiger Lebensmittel zur Entwicklung \u00e4u\u00dferst zielgerichteter und effektiver Marketingkampagnen beitragen, bei denen sowohl digitale als auch traditionelle Kan\u00e4le genutzt werden.<\/li>\n<\/ul>\n\n\n\n<h2 class=\"wp-block-heading\">Herausforderungen in der Marktforschung f\u00fcr verzehrfertige Lebensmittel<\/h2>\n\n\n\n<figure class=\"gb-block-image gb-block-image-9d047033\"><img loading=\"lazy\" decoding=\"async\" width=\"1456\" height=\"816\" class=\"gb-image gb-image-9d047033\" src=\"https:\/\/www.sisinternational.com\/wp-content\/uploads\/2025\/08\/Burger-4.jpg\" alt=\"SIS International Marktforschung &amp; Strategie\" title=\"Burger (4)\" srcset=\"https:\/\/www.sisinternational.com\/wp-content\/uploads\/2025\/08\/Burger-4.jpg 1456w, https:\/\/www.sisinternational.com\/wp-content\/uploads\/2025\/08\/Burger-4-300x168.jpg 300w, https:\/\/www.sisinternational.com\/wp-content\/uploads\/2025\/08\/Burger-4-1024x574.jpg 1024w, https:\/\/www.sisinternational.com\/wp-content\/uploads\/2025\/08\/Burger-4-768x430.jpg 768w, https:\/\/www.sisinternational.com\/wp-content\/uploads\/2025\/08\/Burger-4-18x10.jpg 18w\" sizes=\"auto, (max-width: 1456px) 100vw, 1456px\"><\/figure>\n\n\n\n<p><\/p>\n\n\n\n<p>Der RTE-Lebensmittelsektor bietet zwar viele Chancen, ist aber auch mit Herausforderungen verbunden, insbesondere wenn es um Marktforschung geht. Diese Herausforderungen k\u00f6nnen die Genauigkeit, Relevanz und Wirksamkeit der gewonnenen Erkenntnisse beeinflussen. Hier sind einige der wichtigsten Herausforderungen bei der Marktforschung f\u00fcr verzehrfertige Lebensmittel:<\/p>\n\n\n\n<ul class=\"wp-block-list\">\n<li><strong>Schnell \u00e4ndernde Verbraucherpr\u00e4ferenzen:<\/strong> Die Lebensmittelindustrie ist gepr\u00e4gt von sich rasch entwickelnden Trends. Was heute in Mode ist, kann morgen schon veraltet sein. Mit diesen sich schnell \u00e4ndernden Vorlieben Schritt zu halten, kann f\u00fcr Forscher eine Herausforderung sein.<\/li>\n\n\n\n<li><strong>Kulturelle und regionale Nuancen:<\/strong> Mit der globalen Expansion von Marken wird es f\u00fcr sie unerl\u00e4sslich, die unterschiedlichen kulturellen und regionalen Vorlieben zu verstehen. Die Essenz der lokalen Vorlieben genau zu erfassen, ist eine Herausforderung, aber entscheidend.<\/li>\n\n\n\n<li><strong>Gesundheits- und Sicherheitsbedenken:<\/strong> Nach der Pandemie sind Verbraucher vorsichtiger, was die Sicherheit und Hygiene von Fertiggerichten angeht. Diese Bedenken anzusprechen und zu untersuchen, ohne Angst oder Skepsis zu sch\u00fcren, kann schwierig sein.<\/li>\n\n\n\n<li><strong>Umwelt- und ethische Bedenken:<\/strong> Da das Umweltbewusstsein der Verbraucher zunimmt, wird es f\u00fcr die Marktforschung zu einer Herausforderung, auf Fragen der nachhaltigen Verpackung, der ethischen Beschaffung und der Verschwendung einzugehen.<\/li>\n\n\n\n<li><strong>Kurze Haltbarkeit:<\/strong> Im Gegensatz zu anderen Produkten haben verzehrfertige Lebensmittel im Allgemeinen eine k\u00fcrzere Haltbarkeitsdauer. Dies erh\u00f6ht den Druck, sicherzustellen, dass die Forschung rechtzeitig erfolgt und Erkenntnisse umgesetzt werden k\u00f6nnen, bevor die Produkte ihre Frische verlieren.<\/li>\n\n\n\n<li><strong>Wettbewerbsanalyse:<\/strong> Der RTE-Sektor ist hart umk\u00e4mpft. Die Strategien, St\u00e4rken und Schw\u00e4chen zahlreicher Wettbewerber genau zu beurteilen, kann eine monumentale Aufgabe sein.<\/li>\n\n\n\n<li><strong>Regulatorische \u00c4nderungen:<\/strong> In verschiedenen Regionen gelten unterschiedliche Vorschriften hinsichtlich Lebensmittelsicherheit, Kennzeichnung und Inhaltsstoffen. Um die Einhaltung der Vorschriften zu gew\u00e4hrleisten, ist es wichtig, w\u00e4hrend der Forschung \u00fcber diese sich \u00e4ndernden Vorschriften auf dem Laufenden zu bleiben.<\/li>\n\n\n\n<li><strong>Qualit\u00e4t und Erschwinglichkeit in Einklang bringen:<\/strong> Verbraucher verlangen qualitativ hochwertige Produkte, achten aber oft auf den Preis. Die Suche nach dem optimalen Gleichgewicht zwischen Qualit\u00e4t und Erschwinglichkeit kann eine Herausforderung sein.<\/li>\n<\/ul>","protected":false},"excerpt":{"rendered":"<p>Marktforschung verhilft Unternehmen zum Erfolg auf dem Markt f\u00fcr verzehrfertige Lebensmittel, indem sie die Vorlieben, Gewohnheiten und W\u00fcnsche der Verbraucher versteht.<\/p>","protected":false},"author":1,"featured_media":64691,"parent":22018,"menu_order":367,"comment_status":"closed","ping_status":"closed","template":"","meta":{"footnotes":""},"class_list":["post-43485","page","type-page","status-publish","has-post-thumbnail"],"_links":{"self":[{"href":"https:\/\/www.sisinternational.com\/de\/wp-json\/wp\/v2\/pages\/43485","targetHints":{"allow":["GET"]}}],"collection":[{"href":"https:\/\/www.sisinternational.com\/de\/wp-json\/wp\/v2\/pages"}],"about":[{"href":"https:\/\/www.sisinternational.com\/de\/wp-json\/wp\/v2\/types\/page"}],"author":[{"embeddable":true,"href":"https:\/\/www.sisinternational.com\/de\/wp-json\/wp\/v2\/users\/1"}],"replies":[{"embeddable":true,"href":"https:\/\/www.sisinternational.com\/de\/wp-json\/wp\/v2\/comments?post=43485"}],"version-history":[{"count":10,"href":"https:\/\/www.sisinternational.com\/de\/wp-json\/wp\/v2\/pages\/43485\/revisions"}],"predecessor-version":[{"id":81061,"href":"https:\/\/www.sisinternational.com\/de\/wp-json\/wp\/v2\/pages\/43485\/revisions\/81061"}],"up":[{"embeddable":true,"href":"https:\/\/www.sisinternational.com\/de\/wp-json\/wp\/v2\/pages\/22018"}],"wp:featuredmedia":[{"embeddable":true,"href":"https:\/\/www.sisinternational.com\/de\/wp-json\/wp\/v2\/media\/64691"}],"wp:attachment":[{"href":"https:\/\/www.sisinternational.com\/de\/wp-json\/wp\/v2\/media?parent=43485"}],"curies":[{"name":"wp","href":"https:\/\/api.w.org\/{rel}","templated":true}]}}