{"id":43480,"date":"2023-09-23T16:34:06","date_gmt":"2023-09-23T20:34:06","guid":{"rendered":"https:\/\/www.sisinternational.com\/?page_id=43480"},"modified":"2026-01-24T21:10:48","modified_gmt":"2026-01-25T02:10:48","slug":"marktforschung-fur-prazisionswerkzeuge","status":"publish","type":"page","link":"https:\/\/www.sisinternational.com\/de\/sachverstand\/marktforschung-fur-prazisionswerkzeuge\/","title":{"rendered":"Marktforschung f\u00fcr Pr\u00e4zisionswerkzeuge"},"content":{"rendered":"<h1 class=\"wp-block-heading\">Marktforschung f\u00fcr Pr\u00e4zisionswerkzeuge<\/h1>\n\n\n\n<figure class=\"gb-block-image gb-block-image-c4b8d8d6\"><img loading=\"lazy\" decoding=\"async\" width=\"1456\" height=\"816\" class=\"gb-image gb-image-c4b8d8d6\" src=\"https:\/\/www.sisinternational.com\/wp-content\/uploads\/2025\/08\/Precision-tools-2.jpg\" alt=\"SIS International Marktforschung &amp; Strategie\" title=\"Precision tools (2)\" srcset=\"https:\/\/www.sisinternational.com\/wp-content\/uploads\/2025\/08\/Precision-tools-2.jpg 1456w, https:\/\/www.sisinternational.com\/wp-content\/uploads\/2025\/08\/Precision-tools-2-300x168.jpg 300w, https:\/\/www.sisinternational.com\/wp-content\/uploads\/2025\/08\/Precision-tools-2-1024x574.jpg 1024w, https:\/\/www.sisinternational.com\/wp-content\/uploads\/2025\/08\/Precision-tools-2-768x430.jpg 768w, https:\/\/www.sisinternational.com\/wp-content\/uploads\/2025\/08\/Precision-tools-2-18x10.jpg 18w\" sizes=\"auto, (max-width: 1456px) 100vw, 1456px\"><\/figure>\n\n\n\n<p><\/p>\n\n\n\n<p>Wie oft haben Sie schon die einwandfreie Funktion eines Flugzeugs oder die Pr\u00e4zision eines medizinischen Ger\u00e4ts erlebt? Hinter diesen Wunderwerken der Technik und des Designs verbergen sich Pr\u00e4zisionswerkzeuge. Diese sorgf\u00e4ltig gefertigten Instrumente stellen sicher, dass jede Anwendung in Fertigung und Industrie den h\u00f6chsten Genauigkeitsstandard erf\u00fcllt.<\/p>\n\n\n\n<p>Heute spielt der globale Markt f\u00fcr Pr\u00e4zisionswerkzeuge eine Schl\u00fcsselrolle bei der F\u00f6rderung von Qualit\u00e4t und Effizienz in verschiedensten Branchen. Mit dem technologischen Fortschritt und dem Wandel in den Branchen wird der Schwerpunkt immer st\u00e4rker auf Pr\u00e4zision gelegt, was zu einer erh\u00f6hten Nachfrage nach diesen Werkzeugen f\u00fchrt.<\/p>\n\n\n\n<h2 class=\"wp-block-heading\">Was ist Marktforschung f\u00fcr Pr\u00e4zisionswerkzeuge?<\/h2>\n\n\n\n<p>Die Marktforschung f\u00fcr Pr\u00e4zisionswerkzeuge ist ein Spezialgebiet der Marktanalyse, das sich mit dem Verst\u00e4ndnis der Feinheiten von Werkzeugen besch\u00e4ftigt, die f\u00fcr hohe Genauigkeit und minimale Toleranzen konstruiert sind. Diese Werkzeuge sind in Branchen unverzichtbar, in denen ein kleiner Fehler erhebliche Auswirkungen haben kann \u2013 und die Marktforschung f\u00fcr Pr\u00e4zisionswerkzeuge zielt darauf ab:<\/p>\n\n\n\n<ul class=\"wp-block-list\">\n<li><strong>Bewerten Sie Marktgr\u00f6\u00dfe und Wachstum:<\/strong> Businesses can determine the current value of the precision tools market and <a href=\"https:\/\/www.sisinternational.com\/de\/industry-forecast\/it-industry-forecast\/\" title=\"IT Industry Forecast\"  data-wpil-monitor-id=\"3206\">forecast its growth based on emerging industry<\/a> needs, technological advancements, and evolving manufacturing practices.<\/li>\n\n\n\n<li><strong>Bewerten Sie die Branchennachfrage:<\/strong> Unternehmen k\u00f6nnen erkennen, welche Branchen stark auf Pr\u00e4zisionswerkzeuge angewiesen sind. In der Luft- und Raumfahrtindustrie sind beispielsweise m\u00f6glicherweise pr\u00e4zise Messungen erforderlich, um die Sicherheit und Funktionalit\u00e4t von Flugzeugkomponenten zu gew\u00e4hrleisten.<\/li>\n\n\n\n<li><strong>Spot-Trends und Innovationen:<\/strong> Die Marktforschung f\u00fcr Pr\u00e4zisionswerkzeuge hilft dabei, Fortschritte in der Werkzeugtechnologie zu erkennen, wie etwa die Einf\u00fchrung digitaler Mikrometer oder Werkzeuge mit integrierter KI f\u00fcr h\u00f6here Genauigkeit.<\/li>\n\n\n\n<li><strong>Regionale Dynamiken verstehen:<\/strong> Je nach industriellem Schwerpunkt k\u00f6nnen die Anforderungen in verschiedenen Regionen unterschiedlich sein. So kann beispielsweise in einer Region mit starker Automobilindustrie ein h\u00f6herer Bedarf an bestimmten Pr\u00e4zisionswerkzeugen bestehen als in einer Region mit Schwerpunkt Elektronik.<\/li>\n\n\n\n<li><strong>Kundenpr\u00e4ferenzen bewerten:<\/strong> Unternehmen k\u00f6nnen ermitteln, worauf Endbenutzer bei Pr\u00e4zisionswerkzeugen Wert legen \u2013 sei es Haltbarkeit, Genauigkeit, Benutzerfreundlichkeit oder Integrationsm\u00f6glichkeiten.<\/li>\n<\/ul>\n\n\n\n<h2 class=\"wp-block-heading\">Vorteile der Marktforschung f\u00fcr Pr\u00e4zisionswerkzeuge<\/h2>\n\n\n\n<figure class=\"gb-block-image gb-block-image-0221c6a9\"><img loading=\"lazy\" decoding=\"async\" width=\"1456\" height=\"816\" class=\"gb-image gb-image-0221c6a9\" src=\"https:\/\/www.sisinternational.com\/wp-content\/uploads\/2025\/08\/Precision-tools-1.jpg\" alt=\"SIS International Marktforschung &amp; Strategie\" title=\"Precision tools (1)\" srcset=\"https:\/\/www.sisinternational.com\/wp-content\/uploads\/2025\/08\/Precision-tools-1.jpg 1456w, https:\/\/www.sisinternational.com\/wp-content\/uploads\/2025\/08\/Precision-tools-1-300x168.jpg 300w, https:\/\/www.sisinternational.com\/wp-content\/uploads\/2025\/08\/Precision-tools-1-1024x574.jpg 1024w, https:\/\/www.sisinternational.com\/wp-content\/uploads\/2025\/08\/Precision-tools-1-768x430.jpg 768w, https:\/\/www.sisinternational.com\/wp-content\/uploads\/2025\/08\/Precision-tools-1-18x10.jpg 18w\" sizes=\"auto, (max-width: 1456px) 100vw, 1456px\"><\/figure>\n\n\n\n<p><\/p>\n\n\n\n<p>Die Marktforschung f\u00fcr Pr\u00e4zisionswerkzeuge bietet eine Vielzahl von Vorteilen f\u00fcr verschiedene Interessengruppen, von Herstellern \u00fcber Investoren bis hin zu Endnutzern. Hier ist eine \u00dcbersicht \u00fcber die Vorteile, die sie mit sich bringt:<\/p>\n\n\n\n<ul class=\"wp-block-list\">\n<li><strong>Bessere Entscheidungsfindung:<\/strong> Durch ein umfassendes Verst\u00e4ndnis des Marktumfelds f\u00fcr Pr\u00e4zisionswerkzeuge k\u00f6nnen Unternehmen datengest\u00fctzte Entscheidungen treffen, das R\u00e4tselraten reduzieren und ihre strategische Ausrichtung verbessern.<\/li>\n\n\n\n<li><strong>Wettbewerbsvorteil:<\/strong> Durch Einblicke in die Strategien, Produktangebote sowie St\u00e4rken und Schw\u00e4chen der Konkurrenz k\u00f6nnen sich Unternehmen von der Konkurrenz abheben und m\u00f6glicherweise einzigartige Verkaufsargumente finden.<\/li>\n\n\n\n<li><strong>Prognose:<\/strong> Durch das Verst\u00e4ndnis von Markttrends und Zukunftsprognosen k\u00f6nnen Unternehmen proaktiv statt reaktiv handeln und sich so einen Vorsprung vor Marktver\u00e4nderungen verschaffen.<\/li>\n\n\n\n<li><strong>Verbesserte Produktentwicklung:<\/strong> R\u00fcckmeldungen und Erkenntnisse zu aktuellen Tools und ihrer Leistung k\u00f6nnen Forschungs- und Entwicklungsabteilungen dabei helfen, Innovationen zu entwickeln und Tools herzustellen, die den Benutzeranforderungen besser gerecht werden.<\/li>\n\n\n\n<li><strong>Optimierte Marketing- und Verkaufsstrategien:<\/strong> Wenn Unternehmen die Endbenutzer, ihre Anforderungen und die regionalen Bed\u00fcrfnisse verstehen, k\u00f6nnen sie ihre Marketing- und Vertriebsans\u00e4tze anpassen und so einen besseren ROI ihrer Kampagnen erzielen.<\/li>\n\n\n\n<li><strong>Lieferkettenmanagement:<\/strong> Einblicke in die Nachfrage- und Angebotsdynamik von Pr\u00e4zisionswerkzeugen erm\u00f6glichen es Unternehmen, ihre Lieferkette zu optimieren und so eine p\u00fcnktliche Produktion und Lieferung sowie geringere Gemeinkosten sicherzustellen.<\/li>\n\n\n\n<li><strong>Gest\u00e4rkte Kundenbeziehungen:<\/strong> Wenn Unternehmen gezielt auf die Bed\u00fcrfnisse des Marktes eingehen, zeigen sie damit ihr Engagement f\u00fcr die Kundenzufriedenheit und f\u00f6rdern Loyalit\u00e4t und langfristige Beziehungen.<\/li>\n<\/ul>\n\n\n\n<h2 class=\"wp-block-heading\">Hauptakteure auf dem Markt f\u00fcr Pr\u00e4zisionswerkzeuge<\/h2>\n\n\n\n<p>Der Markt f\u00fcr Pr\u00e4zisionswerkzeuge zeichnet sich durch eine Mischung aus etablierten Branchenf\u00fchrern und aufstrebenden Innovatoren aus. Diese wichtigen Akteure pr\u00e4gen nicht nur die Entwicklung des Marktes, sondern treiben auch Innovationen voran und setzen Ma\u00dfst\u00e4be f\u00fcr Qualit\u00e4t, Effizienz und technologischen Fortschritt. Hier ein Blick auf einige der bekanntesten Namen auf dem Markt f\u00fcr Pr\u00e4zisionswerkzeuge:<\/p>\n\n\n\n<ul class=\"wp-block-list\">\n<li><strong>Sandvik-Gruppe:<\/strong> Sandvik ist ein weltweit f\u00fchrendes Maschinenbauunternehmen und hat bei der Entwicklung hochmoderner Pr\u00e4zisionswerkzeuge f\u00fcr zahlreiche Branchen \u2013 vom Bergbau bis zum Bauwesen \u2013 eine Vorreiterrolle inne.<\/li>\n\n\n\n<li><strong>Stanley Black &amp; Decker:<\/strong> Mit seiner \u00fcber hundertj\u00e4hrigen Geschichte steht dieses Unternehmen f\u00fcr hochwertige Handwerkzeuge, Elektrowerkzeuge und entsprechendes Zubeh\u00f6r.<\/li>\n\n\n\n<li><strong>Kennametal:<\/strong> Kennametal ist f\u00fcr seine Metallbearbeitungswerkzeuge bekannt und bietet eine Reihe von Pr\u00e4zisionswerkzeugen, die auf die spezifischen Anforderungen von Branchen wie der Luft- und Raumfahrt, Energie und Transport zugeschnitten sind.<\/li>\n\n\n\n<li><strong>Mitsubishi Materials Corporation:<\/strong> Mitsubishi Materials ist ein Riese im Werkstoffsektor und verf\u00fcgt \u00fcber eine bedeutende Pr\u00e4senz auf dem Markt f\u00fcr Pr\u00e4zisionswerkzeuge, insbesondere bei Hartmetallwerkzeugen.<\/li>\n\n\n\n<li><strong>Makita Corporation:<\/strong> Makita ist ein f\u00fchrender Hersteller von Elektrowerkzeugen und bietet seit jeher hochwertige und langlebige Produkte f\u00fcr den industriellen und privaten Einsatz.<\/li>\n\n\n\n<li><strong>Bosch Tool Corporation:<\/strong> Als Teil der Bosch-Gruppe ist dieses Unternehmen ein bedeutender Akteur in der Herstellung von Elektrowerkzeugen, Messwerkzeugen und Zubeh\u00f6r.<\/li>\n<\/ul>\n\n\n\n<h2 class=\"wp-block-heading\">Marktforschung f\u00fcr Pr\u00e4zisionswerkzeuge und ihre M\u00f6glichkeiten<\/h2>\n\n\n\n<figure class=\"gb-block-image gb-block-image-cd83a571\"><img loading=\"lazy\" decoding=\"async\" width=\"1456\" height=\"816\" class=\"gb-image gb-image-cd83a571\" src=\"https:\/\/www.sisinternational.com\/wp-content\/uploads\/2025\/08\/Precision-tools-4.jpg\" alt=\"SIS International Marktforschung &amp; Strategie\" title=\"Precision tools (4)\" srcset=\"https:\/\/www.sisinternational.com\/wp-content\/uploads\/2025\/08\/Precision-tools-4.jpg 1456w, https:\/\/www.sisinternational.com\/wp-content\/uploads\/2025\/08\/Precision-tools-4-300x168.jpg 300w, https:\/\/www.sisinternational.com\/wp-content\/uploads\/2025\/08\/Precision-tools-4-1024x574.jpg 1024w, https:\/\/www.sisinternational.com\/wp-content\/uploads\/2025\/08\/Precision-tools-4-768x430.jpg 768w, https:\/\/www.sisinternational.com\/wp-content\/uploads\/2025\/08\/Precision-tools-4-18x10.jpg 18w\" sizes=\"auto, (max-width: 1456px) 100vw, 1456px\"><\/figure>\n\n\n\n<p><\/p>\n\n\n\n<p>In der heutigen dynamischen Industrielandschaft erlebt der Sektor der Pr\u00e4zisionswerkzeuge rasante Fortschritte. Da die Industrie zunehmend auf hochpr\u00e4zise Werkzeuge angewiesen ist, erweitert sich der Spielraum f\u00fcr den Markt f\u00fcr Pr\u00e4zisionswerkzeuge \u2013 und die Marktforschung f\u00fcr Pr\u00e4zisionswerkzeuge hilft den Beteiligten, die F\u00fclle der bevorstehenden Chancen zu nutzen. Einige dieser Chancen sind:<\/p>\n\n\n\n<ul class=\"wp-block-list\">\n<li><strong>Integration von KI und maschinellem Lernen:<\/strong> Es gibt einen wachsenden Trend, k\u00fcnstliche Intelligenz (KI) und maschinelles Lernen in Pr\u00e4zisionswerkzeuge einzubetten. Diese Integration erm\u00f6glicht vorausschauende Wartung, automatische Kalibrierung und Leistungsoptimierung in Echtzeit.<\/li>\n\n\n\n<li><strong>Nischenmarkterkundung:<\/strong> Pr\u00e4zisionswerkzeuge, die auf bestimmte Branchen wie Biomedizin, Mikroelektronik oder Luxusuhren zugeschnitten sind, bieten ein enormes Potenzial. Marktforschung f\u00fcr Pr\u00e4zisionswerkzeuge kann diese Nischennachfrage aufdecken und Herstellern neue Einnahmequellen er\u00f6ffnen.<\/li>\n\n\n\n<li><strong>Gr\u00fcne Fertigung:<\/strong> Da Nachhaltigkeit immer wichtiger wird, steigt die Nachfrage nach Pr\u00e4zisionswerkzeugen, die eine umweltfreundliche Produktion erm\u00f6glichen, Abfall minimieren und den Energieverbrauch senken.<\/li>\n\n\n\n<li><strong>Anpassung und Personalisierung:<\/strong> Unternehmen suchen nach Werkzeugen, die auf ihre speziellen Bed\u00fcrfnisse zugeschnitten sind. F\u00fcr Hersteller bietet sich die M\u00f6glichkeit, ma\u00dfgeschneiderte L\u00f6sungen anzubieten, die auf die spezifischen Anforderungen der Branche zugeschnitten sind.<\/li>\n\n\n\n<li><strong>Kooperationen und Partnerschaften:<\/strong> Durch Marktforschung k\u00f6nnen potenzielle Partner \u2013 von Rohstofflieferanten bis hin zu Technologieunternehmen \u2013 identifiziert und Kooperationen gef\u00f6rdert werden, die Innovationen im Bereich der Pr\u00e4zisionswerkzeuge vorantreiben.<\/li>\n\n\n\n<li><strong>Geografische Expansion:<\/strong> Schwellenm\u00e4rkte bieten lukrative M\u00f6glichkeiten. Marktforschung f\u00fcr Pr\u00e4zisionswerkzeuge kann Unternehmen dabei helfen, regionale Anforderungen, regulatorische Rahmenbedingungen und kulturelle Nuancen zu verstehen und so einen erfolgreichen Markteintritt und eine erfolgreiche Expansion zu erm\u00f6glichen.<\/li>\n\n\n\n<li><strong>Schulung und Kompetenzentwicklung:<\/strong> Da Werkzeuge immer leistungsf\u00e4higer werden, steigt der Bedarf an qualifizierten Bedienern. Das Anbieten von Schulungsprogrammen und Workshops kann ein wertvoller Service sein, der sicherstellt, dass Kunden das Potenzial ihrer Werkzeuge optimal nutzen.<\/li>\n\n\n\n<li><strong>Service nach dem Verkauf:<\/strong> Da Werkzeuge immer komplexer werden, entsteht ein steigender Bedarf an Kundendienst, Wartung und Reparatur. Hersteller k\u00f6nnen dies nutzen, um erweiterte Garantien, Wartungspakete und Beratungsdienste anzubieten.<\/li>\n<\/ul>\n\n\n\n<h2 class=\"wp-block-heading\">Marktforschung f\u00fcr Pr\u00e4zisionswerkzeuge und ihre Herausforderungen<\/h2>\n\n\n\n<p>Der Einstieg in den Sektor der Pr\u00e4zisionswerkzeuge ist eine Herausforderung \u2013 und auch wenn die Marktforschung f\u00fcr Pr\u00e4zisionswerkzeuge darauf abzielt, diese Herausforderungen durch die Bereitstellung von Klarheit und umsetzbaren Erkenntnissen zu meistern, m\u00fcssen Unternehmen ihre eigenen F\u00e4higkeiten zur \u00dcberwindung dieser H\u00fcrden bewerten.<\/p>\n\n\n\n<ul class=\"wp-block-list\">\n<li><strong>Bedenken hinsichtlich des geistigen Eigentums (IP):<\/strong> Da Innovationen ein wesentlicher Bestandteil des Marktes f\u00fcr Pr\u00e4zisionswerkzeuge sind, kann die Weitergabe oder der Zugriff auf bestimmte Daten zu IP-Problemen f\u00fchren. Dies kann eine eingehende Wettbewerbsanalyse behindern.<\/li>\n\n\n\n<li><strong>Hohe Investitionen in Forschung und Entwicklung:<\/strong> F\u00fcr eine effektive Forschung ist oft ein praktisches Verst\u00e4ndnis der Werkzeuge erforderlich. Angesichts der Kosten dieser fortschrittlichen Werkzeuge kann die Einrichtung von Testumgebungen f\u00fcr die Forschung jedoch eine finanzielle Herausforderung darstellen.<\/li>\n\n\n\n<li><strong>Komplexit\u00e4t der globalen Lieferkette:<\/strong> The global nature of the precision tools <a href=\"https:\/\/www.sisinternational.com\/de\/sachverstand\/branchen\/zentraler-standorttest-clt-marktforschung\/\" title=\"CLT-Marktforschung\"  data-wpil-monitor-id=\"2827\">market means researchers<\/a> need to account for geopolitical risks, trade barriers, and varying regulatory standards across countries.<\/li>\n\n\n\n<li><strong>Qualifikationsl\u00fccke:<\/strong> The niche nature of the precision tools <a href=\"https:\/\/www.sisinternational.com\/de\/abdeckung\/marktforschung-in-australien\/\" title=\"Marktforschung in Australien\"  data-wpil-monitor-id=\"2880\">market necessitates researchers<\/a> with specialized knowledge. There&#8217;s a growing challenge in finding skilled professionals who understand both market research methodologies and the intricacies of precision tools.<\/li>\n\n\n\n<li><strong>Sicherheits- und Regulierungsstandards:<\/strong> Pr\u00e4zisionswerkzeuge unterliegen strengen Sicherheits- und Qualit\u00e4tsstandards. Es kann eine Herausforderung sein, sicherzustellen, dass die Forschung diese sich st\u00e4ndig weiterentwickelnden Vorschriften in verschiedenen Regionen ber\u00fccksichtigt.<\/li>\n\n\n\n<li><strong>Umweltsorgen:<\/strong> Da nachhaltige Produktion und umweltfreundliche Verfahren immer mehr im Vordergrund stehen, m\u00fcssen Forscher auch die Auswirkungen auf die Umwelt ber\u00fccksichtigen. Dies macht den Forschungsprozess noch komplexer.<\/li>\n<\/ul>","protected":false},"excerpt":{"rendered":"<p>Der globale Markt f\u00fcr Pr\u00e4zisionswerkzeuge spielt eine Schl\u00fcsselrolle bei der F\u00f6rderung von Qualit\u00e4t und Effizienz in verschiedensten Branchen.<\/p>","protected":false},"author":1,"featured_media":64837,"parent":14514,"menu_order":366,"comment_status":"closed","ping_status":"closed","template":"","meta":{"footnotes":""},"class_list":["post-43480","page","type-page","status-publish","has-post-thumbnail"],"_links":{"self":[{"href":"https:\/\/www.sisinternational.com\/de\/wp-json\/wp\/v2\/pages\/43480","targetHints":{"allow":["GET"]}}],"collection":[{"href":"https:\/\/www.sisinternational.com\/de\/wp-json\/wp\/v2\/pages"}],"about":[{"href":"https:\/\/www.sisinternational.com\/de\/wp-json\/wp\/v2\/types\/page"}],"author":[{"embeddable":true,"href":"https:\/\/www.sisinternational.com\/de\/wp-json\/wp\/v2\/users\/1"}],"replies":[{"embeddable":true,"href":"https:\/\/www.sisinternational.com\/de\/wp-json\/wp\/v2\/comments?post=43480"}],"version-history":[{"count":6,"href":"https:\/\/www.sisinternational.com\/de\/wp-json\/wp\/v2\/pages\/43480\/revisions"}],"predecessor-version":[{"id":77497,"href":"https:\/\/www.sisinternational.com\/de\/wp-json\/wp\/v2\/pages\/43480\/revisions\/77497"}],"up":[{"embeddable":true,"href":"https:\/\/www.sisinternational.com\/de\/wp-json\/wp\/v2\/pages\/14514"}],"wp:featuredmedia":[{"embeddable":true,"href":"https:\/\/www.sisinternational.com\/de\/wp-json\/wp\/v2\/media\/64837"}],"wp:attachment":[{"href":"https:\/\/www.sisinternational.com\/de\/wp-json\/wp\/v2\/media?parent=43480"}],"curies":[{"name":"wp","href":"https:\/\/api.w.org\/{rel}","templated":true}]}}