{"id":43446,"date":"2023-09-21T19:28:02","date_gmt":"2023-09-21T23:28:02","guid":{"rendered":"https:\/\/www.sisinternational.com\/?page_id=43446"},"modified":"2026-01-24T14:25:04","modified_gmt":"2026-01-24T19:25:04","slug":"marktforschung-derry-irland","status":"publish","type":"page","link":"https:\/\/www.sisinternational.com\/de\/abdeckung\/europa\/marktforschung-derry-irland\/","title":{"rendered":"Marktforschung in Derry (Irland)"},"content":{"rendered":"<h1 class=\"gb-headline gb-headline-710adee9 gb-headline-text\">Marktforschung in Derry (Irland)<\/h1>\n\n\n\n<figure class=\"gb-block-image gb-block-image-43a9dc2c\"><img loading=\"lazy\" decoding=\"async\" width=\"1456\" height=\"816\" class=\"gb-image gb-image-43a9dc2c\" src=\"https:\/\/www.sisinternational.com\/wp-content\/uploads\/2025\/09\/Derry-3.jpg\" alt=\"SIS International Marktforschung &amp; Strategie\" title=\"Derry (3)\" srcset=\"https:\/\/www.sisinternational.com\/wp-content\/uploads\/2025\/09\/Derry-3.jpg 1456w, https:\/\/www.sisinternational.com\/wp-content\/uploads\/2025\/09\/Derry-3-300x168.jpg 300w, https:\/\/www.sisinternational.com\/wp-content\/uploads\/2025\/09\/Derry-3-1024x574.jpg 1024w, https:\/\/www.sisinternational.com\/wp-content\/uploads\/2025\/09\/Derry-3-768x430.jpg 768w, https:\/\/www.sisinternational.com\/wp-content\/uploads\/2025\/09\/Derry-3-18x10.jpg 18w\" sizes=\"auto, (max-width: 1456px) 100vw, 1456px\"><\/figure>\n\n\n\n<hr class=\"wp-block-separator has-alpha-channel-opacity\"\/>\n\n\n\n<p>Market research in Derry offers businesses the critical data and insights they need to navigate the city&#8217;s unique economic landscape. So, by delving into consumer behavior, identifying market gaps, and anticipating trends, market research in Derry equips businesses with the tools to thrive and stay ahead of the competition in this vibrant city.<\/p>\n\n\n\n<h2 class=\"wp-block-heading\">Warum ist es wichtig, in Derry Marktforschung zu betreiben?<\/h2>\n\n\n\n<p>Derry offers challenges and opportunities. As businesses strive to capture a piece of this dynamic market \u2013 or even expand their footprint, the role of market research becomes indispensable. Here&#8217;s why:<\/p>\n\n\n\n<ul class=\"wp-block-list\">\n<li><strong>Lokale Nuancen verstehen:<\/strong> Market research helps businesses grasp these local nuances, ensuring their products, services, and marketing resonate with the Derry audience.<\/li>\n\n\n\n<li><strong>Neue Sektoren erschlie\u00dfen:<\/strong> Mit dem Aufstieg von Branchen wie Technologie, kreative K\u00fcnste und erneuerbare Energien in Derry gibt es eine F\u00fclle ungenutzter M\u00f6glichkeiten. Durch effektive Marktforschung in Derry k\u00f6nnen Unternehmen Wachstumsbereiche, aufkommende Trends und potenzielle Investitionsm\u00f6glichkeiten identifizieren.<\/li>\n\n\n\n<li><strong>Grenz\u00fcberschreitende Auswirkungen:<\/strong> Derrys N\u00e4he zur Grenze der Republik Irland bietet einzigartige M\u00f6glichkeiten f\u00fcr den grenz\u00fcberschreitenden Handel. Marktforschung in Derry kann Unternehmen dabei helfen, die regulatorischen, kulturellen und logistischen Herausforderungen und Vorteile dieses biregionalen Marktes zu verstehen.<\/li>\n\n\n\n<li><strong>Risikominderung:<\/strong> Durch eine gr\u00fcndliche Marktforschung in Derry k\u00f6nnen Unternehmen potenzielle Fallstricke \u2013 von kulturellen Fehltritten bis hin zu Konjunkturabschw\u00fcngen \u2013 vorhersehen und Strategien entwickeln, um diese zu umgehen.<\/li>\n\n\n\n<li><strong>Anpassen von Marketingstrategien:<\/strong> Through market research, businesses can tailor their marketing and advertising campaigns to Derry&#8217;s unique cultural and consumer landscape, maximizing engagement and return on investment.<\/li>\n\n\n\n<li><strong>Wirtschaftsprognosen:<\/strong> Das wirtschaftliche Klima in St\u00e4dten kann aufgrund verschiedener Faktoren schwanken, von politischen Ver\u00e4nderungen bis hin zu globalen Ereignissen. Marktforschung liefert Unternehmen datengest\u00fctzte Einblicke in Derrys wirtschaftliche Zukunft und erm\u00f6glicht so eine fundierte strategische Planung.<\/li>\n\n\n\n<li><strong>Kulturelle Sensibilit\u00e4t und ethische \u00dcberlegungen:<\/strong> Angesichts der Geschichte und kulturellen Bedeutung von Derry m\u00fcssen Unternehmen mit Sensibilit\u00e4t und ethischen Grunds\u00e4tzen agieren. Marktforschung kann Unternehmen dabei helfen, sicherzustellen, dass ihre Gesch\u00e4ftst\u00e4tigkeit mit den Werten und Ansichten vor Ort \u00fcbereinstimmt.<\/li>\n<\/ul>\n\n\n\n<p><\/p>\n\n\n\n<!DOCTYPE html>\n<html lang=\"en\">\n<head>\n    <meta charset=\"UTF-8\">\n    <meta name=\"viewport\" content=\"width=device-width, initial-scale=1.0\">\n    <title>Derry\/Londonderry Market Data<\/title>\n    <style>\n        \/* Responsive Table & SIS International-inspired Styling\n          - Uses corporate blue and a clean, sans-serif font.\n          - Fully responsive design ensures no page distortion on any device.\n        *\/\n        \n        .sis-table-container {\n            font-family: -apple-system, BlinkMacSystemFont, \"Segoe UI\", Roboto, Helvetica, Arial, sans-serif;\n            margin: 2em 0;\n            width: 100%;\n            \/* Allows horizontal scroll on small screens to prevent page distortion *\/\n            overflow-x: auto;\n            -webkit-overflow-scrolling: touch; \/* Smooth scrolling on iOS *\/\n        }\n\n        .sis-table-container h3 {\n            font-size: 1.5rem; \/* 24px *\/\n            font-weight: 600;\n            color: #333;\n            margin-bottom: 0.75em;\n            padding: 0;\n        }\n\n        .sis-table {\n            width: 100%;\n            border-collapse: collapse;\n            min-width: 600px; \/* Ensures table structure holds, container scrolls if needed *\/\n        }\n\n        .sis-table th,\n        .sis-table td {\n            padding: 12px 15px;\n            text-align: left;\n            line-height: 1.5;\n        }\n\n        \/* Header Styling *\/\n        .sis-table thead th {\n            background-color: #005cbf; \/* SIS corporate blue *\/\n            color: #ffffff;\n            font-weight: 600;\n            font-size: 0.9rem; \n            text-transform: uppercase;\n            letter-spacing: 0.5px;\n        }\n\n        \/* Body Styling *\/\n        .sis-table tbody tr {\n            border-bottom: 1px solid #ddd;\n        }\n\n        .sis-table tbody tr:nth-of-type(even) {\n            background-color: #f8f8f8; \/* Light gray alternate rows *\/\n        }\n\n        .sis-table tbody tr:last-of-type {\n            border-bottom: 2px solid #005cbf; \/* Match header blue *\/\n        }\n\n        .sis-table td {\n            color: #444;\n            font-size: 0.95rem; \n            vertical-align: top;\n        }\n        \n        \/* Align data cells *\/\n        .sis-table td:nth-child(2) {\n            text-align: right;\n            white-space: nowrap; \/* Prevents long numbers from wrapping *\/\n        }\n         .sis-table th:nth-child(2) {\n            text-align: right;\n        }\n\n        .sis-table-container .source-caption {\n            margin-top: 10px;\n            font-size: 0.85rem; \n            color: #555;\n            font-style: italic;\n        }\n\n        .sis-table-container .source-caption a {\n            color: #005cbf; \/* Match brand blue *\/\n            text-decoration: none;\n        }\n\n        .sis-table-container .source-caption a:hover {\n            text-decoration: underline;\n        }\n    <\/style>\n<\/head>\n<body>\n\n    <!-- \n      HTML for WordPress:\n      Copy and paste the code from .sis-table-container start to end into a Custom HTML block.\n    -->\n    <div class=\"sis-table-container\">\n        \n        <h3>Derry\/Londonderry Market Profile: Key Metrics for Northern Ireland&#8217;s Northwest<\/h3>\n\n        <table class=\"sis-table\">\n            <thead>\n                <tr>\n                    <th>Indicator<\/th>\n                    <th>Value (Recent Estimate)<\/th>\n                <\/tr>\n            <\/thead>\n            <tbody>\n                <tr>\n                    <td>Population (Derry City and Strabane District Council)<\/td>\n                    <td>Approximately **150,000** residents<\/td>\n                <\/tr>\n                <tr>\n                    <td>Key Economic Growth Sectors<\/td>\n                    <td>**Digital Tech** (especially FinTech), Advanced Manufacturing, and Tourism<\/td>\n                <\/tr>\n                <tr>\n                    <td>Digital Talent Pool<\/td>\n                    <td>High concentration of graduates from the **Ulster University Magee Campus** and local colleges<\/td>\n                <\/tr>\n                 <tr>\n                    <td>Cross-Border Significance<\/td>\n                    <td>Gateway to the Northwest region, highly integrated with the **Republic of Ireland** economy (Donegal)<\/td>\n                <\/tr>\n                 <tr>\n                    <td>Employment Rate (Prospective)<\/td>\n                    <td>Positive employment growth driven by large-scale **Foreign Direct Investment (FDI)** in professional services<\/td>\n                <\/tr>\n            <\/tbody>\n        <\/table>\n\n        <p class=\"source-caption\">\n             Source: Data compiled from the <a href=\"https:\/\/www.nisra.gov.uk\/\" target=\"_blank\" rel=\"noopener noreferrer\">Northern Ireland Statistics and Research Agency (NISRA)<\/a> and reports from <a href=\"https:\/\/www.investni.com\/\" target=\"_blank\" rel=\"noopener noreferrer\">Invest Northern Ireland<\/a>.\n        <\/p>\n\n    <\/div>\n\n<\/body>\n<\/html>\n\n\n\n\n<p><\/p>\n\n\n\n<h2 class=\"wp-block-heading\">Schl\u00fcsselindustrien dominieren Derrys Wirtschaft<\/h2>\n\n\n\n<p>While traditionally grounded in sectors like manufacturing and textiles, the city&#8217;s industrial landscape has transformed, reflecting a blend of&nbsp; conventional and contemporary sectors.<\/p>\n\n\n\n<ul class=\"wp-block-list\">\n<li><strong>Landwirtschaft und Lebensmittelverarbeitung:<\/strong> The surrounding regions of Derry have fertile lands, making agriculture a significant contributor to the local economy. Food processing units, especially dairy products and meat, also play a vital role.<\/li>\n\n\n\n<li><strong>Kulturelle und kreative K\u00fcnste:<\/strong> Derry&#8217;s rich cultural tapestry has created a robust arts scene, with many galleries, theaters, and music venues. The city was even named the UK City of Culture in 2013, emphasizing its prominence in the arts.<\/li>\n\n\n\n<li><strong>Bildung &amp; Forschung:<\/strong> With institutions like Ulster University&#8217;s Magee campus, Derry emphasizes education and research, drawing local and international students.<\/li>\n<\/ul>\n\n\n\n<h2 class=\"wp-block-heading\">Wie kann Marktforschung in Derry Unternehmen dabei helfen, Gesch\u00e4ftsm\u00f6glichkeiten zu finden?<\/h2>\n\n\n\n<figure class=\"gb-block-image gb-block-image-4818d367\"><img loading=\"lazy\" decoding=\"async\" width=\"1456\" height=\"816\" class=\"gb-image gb-image-4818d367\" src=\"https:\/\/www.sisinternational.com\/wp-content\/uploads\/2025\/09\/Derry-2.jpg\" alt=\"SIS International Marktforschung &amp; Strategie\" title=\"Derry (2)\" srcset=\"https:\/\/www.sisinternational.com\/wp-content\/uploads\/2025\/09\/Derry-2.jpg 1456w, https:\/\/www.sisinternational.com\/wp-content\/uploads\/2025\/09\/Derry-2-300x168.jpg 300w, https:\/\/www.sisinternational.com\/wp-content\/uploads\/2025\/09\/Derry-2-1024x574.jpg 1024w, https:\/\/www.sisinternational.com\/wp-content\/uploads\/2025\/09\/Derry-2-768x430.jpg 768w, https:\/\/www.sisinternational.com\/wp-content\/uploads\/2025\/09\/Derry-2-18x10.jpg 18w\" sizes=\"auto, (max-width: 1456px) 100vw, 1456px\"><\/figure>\n\n\n\n<p><\/p>\n\n\n\n<p>Businesses, both established and new entrants, are constantly on the lookout for fresh opportunities to grow and thrive, and <a href=\"https:\/\/www.sisinternational.com\/de\/non-profit-market-research\/\" title=\"Non-Profit-Marktforschung\" data-wpil-monitor-id=\"1007\">market research in Derry can uncover profitable<\/a> business opportunities such as:<\/p>\n\n\n\n\n\n<p><\/p>\n\n\n\n<h2 class=\"wp-block-heading\">Zukunft der Marktforschung in Derry<\/h2>\n\n\n\n<figure class=\"gb-block-image gb-block-image-0d31c4ff\"><img loading=\"lazy\" decoding=\"async\" width=\"1456\" height=\"816\" class=\"gb-image gb-image-0d31c4ff\" src=\"https:\/\/www.sisinternational.com\/wp-content\/uploads\/2025\/09\/Derry-4.jpg\" alt=\"SIS International Marktforschung &amp; Strategie\" title=\"Derry (4)\" srcset=\"https:\/\/www.sisinternational.com\/wp-content\/uploads\/2025\/09\/Derry-4.jpg 1456w, https:\/\/www.sisinternational.com\/wp-content\/uploads\/2025\/09\/Derry-4-300x168.jpg 300w, https:\/\/www.sisinternational.com\/wp-content\/uploads\/2025\/09\/Derry-4-1024x574.jpg 1024w, https:\/\/www.sisinternational.com\/wp-content\/uploads\/2025\/09\/Derry-4-768x430.jpg 768w, https:\/\/www.sisinternational.com\/wp-content\/uploads\/2025\/09\/Derry-4-18x10.jpg 18w\" sizes=\"auto, (max-width: 1456px) 100vw, 1456px\"><\/figure>\n\n\n\n<p><\/p>\n\n\n\n<p>W\u00e4hrend sich Derrys Wirtschaftslandschaft weiterentwickelt und anpasst, tut dies auch der Bereich der Marktforschung in der Stadt. Es wird erwartet, dass Derrys Marktforschungsparadigma zusammen mit globalen Trends erhebliche Ver\u00e4nderungen erf\u00e4hrt.<\/p>\n\n\n\n<ul class=\"wp-block-list\">\n<li><strong>Technologische Integration:<\/strong> With rapid advancements in AI, big data, and digital analytics, future market research in Derry will heavily integrate these technologies to glean deeper insights, forecast trends, and provide real-time data to businesses. Furthermore, leveraging machine learning and AI, future market research will not just analyze current trends.\u00a0<\/li>\n\n\n\n<li><strong>Umweltbewusste Marktstudien:<\/strong> Da sich der globale Schwerpunkt auf Nachhaltigkeit verlagert, wird sich die Marktforschung in Derry mit umweltbewusstem Verbraucherverhalten, gr\u00fcnen Technologien und nachhaltigen Gesch\u00e4ftsmodellen befassen und Unternehmen dabei unterst\u00fctzen, sich an diesen Werten auszurichten.<\/li>\n\n\n\n<li><strong>Grenz\u00fcberschreitende Verbundforschung:<\/strong> Given <a href=\"https:\/\/www.sisinternational.com\/de\/abdeckung\/marktforschung-asien\/republik-kiribati\/\" title=\"Marktforschung in der Republik Kiribati\" data-wpil-monitor-id=\"6456\">Derry&#8217;s<\/a> strategic location near the Republic of Ireland, there will be increased collaborative market research efforts, understanding the intricacies of cross-border trade, consumer behavior, and regional synergies.<\/li>\n\n\n\n<li><strong>Hyperlokalisierung:<\/strong> The future of market research will lean towards hyper-localized insights, capturing nuances at community or neighborhood levels, allowing businesses to tailor their strategies accurately.<\/li>\n<\/ul>\n\n\n\n<h2 class=\"wp-block-heading\">Unser Standort in New York<\/h2>\n\n\n\n<p>  <iframe loading=\"lazy\" src=\"https:\/\/www.google.com\/maps\/embed?pb=!1m18!1m12!1m3!1d3022.976188376966!2d-73.99130312499956!3d40.740549471389315!2m3!1f0!2f0!3f0!3m2!1i1024!2i768!4f13.1!3m3!1m2!1s0x89c259a15798c731%3A0xd695d09bdd495f25!2s11%20E%2022nd%20St%20FL%202%2C%20New%20York%2C%20NY%2010010%2C%20USA!5e0!3m2!1sen!2spe!4v1726171763526!5m2!1sen!2spe\" width=\"600\" height=\"450\" allowfullscreen=\"allowfullscreen\" data-mce-fragment=\"1\"><\/iframe>  <\/p>\n\n\n\n<h3 class=\"wp-block-heading\">11 E 22nd Street, Floor 2, New York, NY 10010 T: +1(212) 505-6805<\/h3>\n\n\n\n<hr class=\"wp-block-separator has-alpha-channel-opacity\"\/>\n\n\n\n<h2 class=\"wp-block-heading\"><span style=\"font-weight: 400;\">\u00dcber SIS International<\/span><\/h2>\n\n\n\n<p><a href=\"https:\/\/www.sisinternational.com\/de\/\"><span style=\"font-weight: 400;\">SIS International<\/span><\/a><span style=\"font-weight: 400;\"> bietet quantitative, qualitative und strategische Forschung an. Wir liefern Daten, Tools, Strategien, Berichte und Erkenntnisse zur Entscheidungsfindung. Wir f\u00fchren auch Interviews, Umfragen, Fokusgruppen und andere Methoden und Ans\u00e4tze der Marktforschung durch.<\/span><a href=\"https:\/\/www.sisinternational.com\/de\/uber-sis-international-research\/contact-sis-international-market-research\/\"><span style=\"font-weight: 400;\"> Kontakt<\/span><\/a><span style=\"font-weight: 400;\"> f\u00fcr Ihr n\u00e4chstes Marktforschungsprojekt.<\/span><\/p>\n\n\n\n<h2 class=\"wp-block-heading\">&nbsp;<\/h2>\n\n\n\n<p><\/p>","protected":false},"excerpt":{"rendered":"<p>Marktforschung in Derry bietet Unternehmen die wichtigen Daten und Erkenntnisse, die sie ben\u00f6tigen, um sich in der einzigartigen Wirtschaftslandschaft der Stadt zurechtzufinden.<\/p>","protected":false},"author":1,"featured_media":66011,"parent":14510,"menu_order":65,"comment_status":"closed","ping_status":"closed","template":"","meta":{"footnotes":""},"class_list":["post-43446","page","type-page","status-publish","has-post-thumbnail"],"_links":{"self":[{"href":"https:\/\/www.sisinternational.com\/de\/wp-json\/wp\/v2\/pages\/43446","targetHints":{"allow":["GET"]}}],"collection":[{"href":"https:\/\/www.sisinternational.com\/de\/wp-json\/wp\/v2\/pages"}],"about":[{"href":"https:\/\/www.sisinternational.com\/de\/wp-json\/wp\/v2\/types\/page"}],"author":[{"embeddable":true,"href":"https:\/\/www.sisinternational.com\/de\/wp-json\/wp\/v2\/users\/1"}],"replies":[{"embeddable":true,"href":"https:\/\/www.sisinternational.com\/de\/wp-json\/wp\/v2\/comments?post=43446"}],"version-history":[{"count":6,"href":"https:\/\/www.sisinternational.com\/de\/wp-json\/wp\/v2\/pages\/43446\/revisions"}],"predecessor-version":[{"id":80039,"href":"https:\/\/www.sisinternational.com\/de\/wp-json\/wp\/v2\/pages\/43446\/revisions\/80039"}],"up":[{"embeddable":true,"href":"https:\/\/www.sisinternational.com\/de\/wp-json\/wp\/v2\/pages\/14510"}],"wp:featuredmedia":[{"embeddable":true,"href":"https:\/\/www.sisinternational.com\/de\/wp-json\/wp\/v2\/media\/66011"}],"wp:attachment":[{"href":"https:\/\/www.sisinternational.com\/de\/wp-json\/wp\/v2\/media?parent=43446"}],"curies":[{"name":"wp","href":"https:\/\/api.w.org\/{rel}","templated":true}]}}