{"id":43436,"date":"2023-09-20T00:43:57","date_gmt":"2023-09-20T04:43:57","guid":{"rendered":"https:\/\/www.sisinternational.com\/?page_id=43436"},"modified":"2026-01-24T20:42:51","modified_gmt":"2026-01-25T01:42:51","slug":"marktforschung-birmingham-grosbritannien","status":"publish","type":"page","link":"https:\/\/www.sisinternational.com\/de\/abdeckung\/europa\/marktforschung-birmingham-grosbritannien\/","title":{"rendered":"Marktforschung in Birmingham (UK)"},"content":{"rendered":"<h1 class=\"gb-headline gb-headline-b149c776 gb-headline-text\">Marktforschung in Birmingham (UK)<\/h1>\n\n\n\n<figure class=\"gb-block-image gb-block-image-baa817f1\"><img loading=\"lazy\" decoding=\"async\" width=\"1456\" height=\"816\" class=\"gb-image gb-image-baa817f1\" src=\"https:\/\/www.sisinternational.com\/wp-content\/uploads\/2025\/09\/Birmingham-3.jpg\" alt=\"SIS International Marktforschung &amp; Strategie\" title=\"Birmingham (3)\" srcset=\"https:\/\/www.sisinternational.com\/wp-content\/uploads\/2025\/09\/Birmingham-3.jpg 1456w, https:\/\/www.sisinternational.com\/wp-content\/uploads\/2025\/09\/Birmingham-3-300x168.jpg 300w, https:\/\/www.sisinternational.com\/wp-content\/uploads\/2025\/09\/Birmingham-3-1024x574.jpg 1024w, https:\/\/www.sisinternational.com\/wp-content\/uploads\/2025\/09\/Birmingham-3-768x430.jpg 768w, https:\/\/www.sisinternational.com\/wp-content\/uploads\/2025\/09\/Birmingham-3-18x10.jpg 18w\" sizes=\"auto, (max-width: 1456px) 100vw, 1456px\"><\/figure>\n\n\n\n<p>Warum wird Birmingham h\u00e4ufig als eine der vielversprechendsten St\u00e4dte Gro\u00dfbritanniens f\u00fcr Gesch\u00e4ftsvorhaben angepriesen? Sein reiches industrielles Erbe, seine aufstrebenden Branchen und seine vielf\u00e4ltige Bev\u00f6lkerung sind nur einige Gr\u00fcnde. Marktforschung in Birmingham hat nicht nur wichtige Gesch\u00e4ftsentscheidungen beeinflusst, sondern war auch entscheidend, um die sich entwickelnden Bed\u00fcrfnisse und Vorlieben seiner Bewohner zu verstehen.<\/p>\n\n\n\n<h2 class=\"wp-block-heading\">Warum ist Marktforschung in Birmingham so wichtig?<\/h2>\n\n\n\n<p>Birmingham zeichnet sich durch einen einzigartigen Mix aus Kulturen, Branchen und historischer Bedeutung aus \u2013 und die dynamische und sich entwickelnde Wirtschaftslandschaft der Stadt erfordert von den Unternehmen, flexibel und gut informiert zu bleiben.<\/p>\n\n\n\n<ul class=\"wp-block-list\">\n<li><strong>Vielf\u00e4ltige Demografie:<\/strong> Birmingham ist eine der multikulturellsten St\u00e4dte Gro\u00dfbritanniens und Heimat verschiedener ethnischer Gruppen und Gemeinschaften. Um diese vielf\u00e4ltige Bev\u00f6lkerung zu bedienen, m\u00fcssen Unternehmen ein tiefgreifendes Verst\u00e4ndnis der unterschiedlichen Verbraucherpr\u00e4ferenzen, Verhaltensweisen und kulturellen Nuancen haben.<\/li>\n\n\n\n<li><strong>Sich entwickelnde Wirtschaftslandschaft:<\/strong> Birmingham ist historisch in der Fertigung verwurzelt und erlebt heute Wachstum in Sektoren wie Finanzen, Technologie und Gesundheitswesen. Marktforschung in Birmingham hilft Unternehmen dabei, neue Branchenchancen und potenzielle Risiken zu identifizieren.<\/li>\n\n\n\n<li><strong>Zunehmender Wettbewerb:<\/strong> Die Attraktivit\u00e4t der Stadt hat zu einem Anstieg der Zahl von Startups und etablierten Unternehmen gef\u00fchrt, was den Wettbewerb versch\u00e4rft. <a href=\"https:\/\/www.linkedin.com\/company\/sisinternationalresearch\/\" target=\"_blank\" rel=\"noopener\">Marktforschung<\/a>k\u00f6nnen Unternehmen ihre Alleinstellungsmerkmale identifizieren und sich von der Konkurrenz abheben.<\/li>\n\n\n\n<li><strong>Informierte Entscheidungsfindung:<\/strong> Bei der Marktforschung in Birmingham geht es nicht nur darum, die Verbraucher zu verstehen. Es geht auch um datengest\u00fctzte Entscheidungsfindung, Risikominimierung und das Erkennen von Trends, bevor sie zum Mainstream werden.<\/li>\n\n\n\n<li><strong>Stadtentwicklung und Infrastruktur:<\/strong> Birmingham entwickelt sich st\u00e4ndig weiter und es entstehen neue Handelszentren, Verkehrsverbindungen und Wohngebiete. Marktforschung in Birmingham hilft Unternehmen zu verstehen, wie sich diese Infrastruktur\u00e4nderungen auf ihren Betrieb oder ihren Kundenstamm auswirken k\u00f6nnten.<\/li>\n<\/ul>\n\n\n\n<h2 class=\"wp-block-heading\">Wichtige Akteure und Interessenvertreter der Marktforschungsszene in Birmingham<\/h2>\n\n\n\n<figure class=\"gb-block-image gb-block-image-169e954e\"><img loading=\"lazy\" decoding=\"async\" width=\"1456\" height=\"816\" class=\"gb-image gb-image-169e954e\" src=\"https:\/\/www.sisinternational.com\/wp-content\/uploads\/2025\/09\/Birmingham-2.jpg\" alt=\"SIS International Marktforschung &amp; Strategie\" title=\"Birmingham (2)\" srcset=\"https:\/\/www.sisinternational.com\/wp-content\/uploads\/2025\/09\/Birmingham-2.jpg 1456w, https:\/\/www.sisinternational.com\/wp-content\/uploads\/2025\/09\/Birmingham-2-300x168.jpg 300w, https:\/\/www.sisinternational.com\/wp-content\/uploads\/2025\/09\/Birmingham-2-1024x574.jpg 1024w, https:\/\/www.sisinternational.com\/wp-content\/uploads\/2025\/09\/Birmingham-2-768x430.jpg 768w, https:\/\/www.sisinternational.com\/wp-content\/uploads\/2025\/09\/Birmingham-2-18x10.jpg 18w\" sizes=\"auto, (max-width: 1456px) 100vw, 1456px\"><\/figure>\n\n\n\n<p><\/p>\n\n\n\n<p>Birminghams Bedeutung f\u00fcr die britische Wirtschaft hat eine robuste und lebendige Szene f\u00fcr Marktforschung geschaffen. Mehrere wichtige Akteure und Interessenvertreter haben sich eine Nische geschaffen und spielen eine Schl\u00fcsselrolle bei der Gestaltung der Marktforschung in der Stadt.<\/p>\n\n\n\n<ul class=\"wp-block-list\">\n<li><strong>Universit\u00e4ten und akademische Einrichtungen:<\/strong> Birmingham ist die Heimat renommierter Institutionen wie der University of Birmingham und der Birmingham City University. Diese Einrichtungen f\u00fchren h\u00e4ufig Studien durch und ver\u00f6ffentlichen diese, wodurch die Marktforschung in Birmingham wissenschaftlich fundiert wird. Sie f\u00f6rdern au\u00dferdem die Zusammenarbeit zwischen Hochschulen und Unternehmen und f\u00f6rdern innovative Forschungsmethoden.<\/li>\n\n\n\n<li><strong>Branchenverb\u00e4nde:<\/strong> Birmingham ist Sitz mehrerer branchenspezifischer Verb\u00e4nde, die sich h\u00e4ufig mit der Forschung besch\u00e4ftigen, um branchenspezifische Trends, Herausforderungen und Wachstumstreiber zu verstehen. Sie fungieren als Br\u00fcckenbauer und verbinden Unternehmen mit wertvollen Daten und Erkenntnissen.<\/li>\n\n\n\n<li><strong>Lokale Beh\u00f6rden und \u00f6ffentliche Stellen:<\/strong> Lokale Beh\u00f6rden beauftragen und nutzen h\u00e4ufig Forschungsergebnisse, um politische Entscheidungen, Stadtentwicklung und \u00f6ffentliche Dienstleistungen zu unterst\u00fctzen. Ihre Zusammenarbeit mit privaten Forschungseinrichtungen verbessert die Qualit\u00e4t und Breite der Marktforschung in Birmingham.<\/li>\n<\/ul>\n\n\n\n<h2 class=\"wp-block-heading\">Neue Trends in der Marktforschung in Birmingham<\/h2>\n\n\n\n<p>Birmingham war schon immer Vorreiter in Sachen Innovation und Fortschritt. Die sich st\u00e4ndig weiterentwickelnde Marktforschungsszene bildet da keine Ausnahme. Da Unternehmen in einem wettbewerbsintensiven Umfeld die Nase vorn behalten wollen, zeichnen sich in der Marktforschung mehrere neue Trends ab. Hier ein Blick auf einige der herausragenden Marktforschungstrends in Birmingham:<\/p>\n\n\n\n<ul class=\"wp-block-list\">\n<li><strong>Digitale Ethnographie:<\/strong> Da Verbraucher immer mehr Zeit online verbringen, ist die digitale Ethnographie \u2013 die Untersuchung des Verbraucherverhaltens auf digitalen Plattformen \u2013 auf dem Vormarsch. Sie hilft Unternehmen, das Online-Erlebnis, die Vorlieben und Schwachstellen der Verbraucher zu verstehen.<\/li>\n\n\n\n<li><strong>Neuro-Marketing:<\/strong> Das Verst\u00e4ndnis der unterbewussten Reaktionen des Verbrauchers auf Produkte oder Werbung kann von unsch\u00e4tzbarem Wert sein. Unternehmen in Birmingham nutzen jetzt Neuromarketing wie Eye-Tracking, um die Emotionen und Entscheidungen der Verbraucher zu ergr\u00fcnden.<\/li>\n\n\n\n<li><strong>Forschung zur Optimierung der Sprachsuche:<\/strong> Angesichts der zunehmenden Verbreitung sprachgesteuerter Ger\u00e4te ist es von gr\u00f6\u00dfter Bedeutung, zu verstehen, wie Verbraucher die Sprachsuche nutzen. Forschung in diesem Bereich kann Unternehmen dabei helfen, ihre Inhalte f\u00fcr die Sprachsuche zu optimieren.<\/li>\n\n\n\n<li><strong>Gemischte Forschungsans\u00e4tze:<\/strong> Die Kombination traditioneller Forschungsmethoden mit modernen digitalen Tools wird immer \u00fcblicher. Dieser kombinierte Ansatz gew\u00e4hrleistet ein umfassendes Verst\u00e4ndnis der M\u00e4rkte.<\/li>\n\n\n\n<li><strong>Personalized <\/strong><a href=\"https:\/\/www.sisinternational.com\/de\/sachverstand\/branchen\/zentraler-standorttest-clt-marktforschung\/\" title=\"CLT-Marktforschung\" data-wpil-monitor-id=\"2839\">Research Experiences: Just as marketing<\/a> is becoming more personalized, so too is market research in Birmingham. Businesses are now curating research experiences tailored to individual participants, ensuring more accurate and engaged responses.<\/li>\n<\/ul>\n\n\n\n<h2 class=\"wp-block-heading\">Marktforschung in Birmingham: Chancen f\u00fcr Unternehmen<\/h2>\n\n\n\n<figure class=\"gb-block-image gb-block-image-46804e30\"><img loading=\"lazy\" decoding=\"async\" width=\"1456\" height=\"816\" class=\"gb-image gb-image-46804e30\" src=\"https:\/\/www.sisinternational.com\/wp-content\/uploads\/2025\/09\/Birmingham-4.jpg\" alt=\"SIS International Marktforschung &amp; Strategie\" title=\"Birmingham (4)\" srcset=\"https:\/\/www.sisinternational.com\/wp-content\/uploads\/2025\/09\/Birmingham-4.jpg 1456w, https:\/\/www.sisinternational.com\/wp-content\/uploads\/2025\/09\/Birmingham-4-300x168.jpg 300w, https:\/\/www.sisinternational.com\/wp-content\/uploads\/2025\/09\/Birmingham-4-1024x574.jpg 1024w, https:\/\/www.sisinternational.com\/wp-content\/uploads\/2025\/09\/Birmingham-4-768x430.jpg 768w, https:\/\/www.sisinternational.com\/wp-content\/uploads\/2025\/09\/Birmingham-4-18x10.jpg 18w\" sizes=\"auto, (max-width: 1456px) 100vw, 1456px\"><\/figure>\n\n\n\n<p><\/p>\n\n\n\n<p>Mit seiner vielf\u00e4ltigen Bev\u00f6lkerung, seiner zentralen Lage und seinen florierenden Branchen bietet Birmingham Unternehmen zahlreiche M\u00f6glichkeiten. Aber welche Rolle spielt die Marktforschung in Birmingham bei der Gestaltung dieser M\u00f6glichkeiten? Lassen Sie uns untersuchen, wie Marktforschung das Potenzial der Stadt f\u00fcr Unternehmen freisetzen kann:<\/p>\n\n\n\n<ul class=\"wp-block-list\">\n<li><strong>Identifizierung von Wachstumssektoren:<\/strong> Durch flei\u00dfiges <a href=\"https:\/\/www.linkedin.com\/pulse\/how-market-research-enables-growth-ruth-stanat-phekf\/\" target=\"_blank\" rel=\"noopener\">Marktforschung<\/a> In Birmingham k\u00f6nnen Unternehmen erkennen, welche Branchen ein schnelles Wachstum verzeichnen. Dies hilft bei der Entscheidung, wo investiert werden soll und welche M\u00e4rkte erschlossen werden sollen.<\/li>\n\n\n\n<li><strong>Neue Trends erkennen:<\/strong> In der heutigen schnelllebigen Gesch\u00e4ftswelt ist es unerl\u00e4sslich, immer einen Schritt voraus zu sein. Marktforschung in Birmingham erm\u00f6glicht es Unternehmen, neue Trends in den Bereichen Technik, Mode oder Lebensmittel zu erkennen und so sicherzustellen, dass sie der Konkurrenz immer einen Schritt voraus sind.<\/li>\n\n\n\n<li><strong>Risikominderung:<\/strong> Durch das Verst\u00e4ndnis der Marktdynamik, potenzieller Bedrohungen und Wettbewerbslandschaften k\u00f6nnen Unternehmen Herausforderungen pr\u00e4ventiv angehen, Risiken minimieren und ein stabiles Wachstum sicherstellen.<\/li>\n\n\n\n<li><strong>Expansion und Diversifizierung:<\/strong> Unternehmen, die ihre Gesch\u00e4ftst\u00e4tigkeit in Birmingham ausweiten oder diversifizieren m\u00f6chten, k\u00f6nnen durch Marktforschung die notwendigen Daten f\u00fcr diese strategischen Entscheidungen gewinnen und potenzielle Wachstumsbereiche oder Nischen identifizieren.<\/li>\n\n\n\n<li><strong>Ma\u00dfgeschneiderte Marketingstrategien:<\/strong> Das Verst\u00e4ndnis des lokalen Marktes hilft Unternehmen dabei, Marketingstrategien zu entwickeln, die beim Publikum in Birmingham Anklang finden und so f\u00fcr mehr Engagement und einen h\u00f6heren Return on Investment sorgen.<\/li>\n\n\n\n<li><strong>Nutzung lokaler Partnerschaften:<\/strong> Durch Marktforschung in Birmingham k\u00f6nnen Unternehmen potenzielle lokale Partner identifizieren, seien es Lieferanten, Mitarbeiter oder sogar Konkurrenten f\u00fcr strategische Partnerschaften.<\/li>\n\n\n\n<li><strong>Investitionen anziehen:<\/strong> Ausgestattet mit umfassenden Marktdaten k\u00f6nnen Unternehmen potenziellen Investoren ihre Argumente \u00fcberzeugender pr\u00e4sentieren und die Chancen und potenziellen Ertr\u00e4ge des Birminghamer Marktes aufzeigen.<\/li>\n<\/ul>\n\n\n\n<h2 class=\"wp-block-heading\">Zukunftsaussichten der Marktforschung in Birmingham<\/h2>\n\n\n\n<p>Birmingham war schon immer ein Magnet f\u00fcr Unternehmen. Jetzt ver\u00e4ndern der rasante technologische Fortschritt und das sich ver\u00e4ndernde Verbraucherverhalten die Gesch\u00e4ftslandschaft von Birmingham. Hier ein Blick auf die potenzielle Zukunft der Marktforschung in dieser britischen Stadt:<\/p>\n\n\n\n<ul class=\"wp-block-list\">\n<li><strong>Integration fortschrittlicher Technologien:<\/strong> Der Einsatz k\u00fcnstlicher Intelligenz, maschinellen Lernens und Big-Data-Analysen wird die Marktforschung in Birmingham grundlegend ver\u00e4ndern. Erwarten Sie mehr pr\u00e4diktive Analysen und Echtzeiteinblicke als Grundlage f\u00fcr Gesch\u00e4ftsentscheidungen.<\/li>\n\n\n\n<li><strong>Schwerpunkt auf ethischer Datenerfassung:<\/strong> Angesichts der wachsenden Besorgnis \u00fcber den Datenschutz und die DSGVO-Vorschriften werden eine ethische Datenerfassung und transparente Forschungsmethoden an Bedeutung gewinnen.<\/li>\n\n\n\n<li><strong>Gr\u00f6\u00dferer Fokus auf das digitale Verbraucherverhalten:<\/strong> Angesichts des Aufstiegs von E-Commerce, Online-Unterhaltung und digitalen Diensten wird das Verst\u00e4ndnis der digitalen Customer Journey f\u00fcr in Birmingham t\u00e4tige Unternehmen von gr\u00f6\u00dfter Bedeutung sein.<\/li>\n\n\n\n<li><strong>Diversifizierung in Forschungsnischen:<\/strong> Mit der Entstehung neuer Branchen und einer Diversifizierung der Gesch\u00e4ftslandschaft werden sich Forschungsunternehmen auf Nischensektoren spezialisieren und Expertenwissen in den Bereichen gr\u00fcne Technologien, Gesundheitstechnologie oder Stadtplanung bieten.<\/li>\n<\/ul>\n\n\n\n<div class=\"is-root-container is-desktop-preview is-layout-flow wp-block-post-content block-editor-block-list__layout\" spellcheck=\"false\">\n<div id=\"block-384c2a08-a270-48c9-9b10-b335265edad1\" class=\"block-editor-block-list__block wp-block is-selected wp-block-freeform\" tabindex=\"0\" role=\"document\" aria-label=\"Block: Klassisch\" data-block=\"384c2a08-a270-48c9-9b10-b335265edad1\" data-type=\"core\/freeform\" data-title=\"Classic\">\n<div id=\"editor-384c2a08-a270-48c9-9b10-b335265edad1\" class=\"wp-block-freeform block-library-rich-text__tinymce mce-content-body html5-captions mce-edit-focus\" contenteditable=\"true\">\n<h2>Unser Standort in New York<\/h2>\n<p><iframe loading=\"lazy\" src=\"https:\/\/www.google.com\/maps\/embed?pb=!1m18!1m12!1m3!1d3022.976188376966!2d-73.99130312499956!3d40.740549471389315!2m3!1f0!2f0!3f0!3m2!1i1024!2i768!4f13.1!3m3!1m2!1s0x89c259a15798c731%3A0xd695d09bdd495f25!2s11%20E%2022nd%20St%20FL%202%2C%20New%20York%2C%20NY%2010010%2C%20USA!5e0!3m2!1sen!2spe!4v1726171763526!5m2!1sen!2spe\" width=\"600\" height=\"450\" allowfullscreen=\"allowfullscreen\" data-mce-fragment=\"1\"><\/iframe><\/p>\n<h3 class=\"wp-block-heading\">11 E 22nd Street, Floor 2, New York, NY 10010 T: +1(212) 505-6805<\/h3>\n<hr>\n<h2><span style=\"font-weight: 400;\">\u00dcber SIS International<\/span><\/h2>\n<p><a href=\"https:\/\/www.sisinternational.com\/de\/\"><span style=\"font-weight: 400;\">SIS International<\/span><\/a><span style=\"font-weight: 400;\">&nbsp;bietet quantitative, qualitative und strategische Forschung an. Wir liefern Daten, Tools, Strategien, Berichte und Erkenntnisse zur Entscheidungsfindung. Wir f\u00fchren auch Interviews, Umfragen, Fokusgruppen und andere Methoden und Ans\u00e4tze der Marktforschung durch.<\/span><a href=\"https:\/\/www.sisinternational.com\/de\/uber-sis-international-research\/contact-sis-international-market-research\/\"><span style=\"font-weight: 400;\">&nbsp;Kontakt<\/span><\/a><span style=\"font-weight: 400;\">&nbsp;f\u00fcr Ihr n\u00e4chstes Marktforschungsprojekt.<\/span><\/p>\n<hr><\/div>\n<\/div>\n<p id=\"block-13718977-774f-4eb6-9307-bdda3647fbca\" class=\"block-editor-rich-text__editable block-editor-block-list__block wp-block wp-block-paragraph rich-text\" role=\"document\" contenteditable=\"true\" aria-multiline=\"true\" aria-label=\"Leerer Block; beginnen Sie mit dem Schreiben oder geben Sie einen Schr\u00e4gstrich ein, um einen Block auszuw\u00e4hlen\" data-block=\"13718977-774f-4eb6-9307-bdda3647fbca\" data-type=\"core\/paragraph\" data-title=\"Paragraph\" data-empty=\"true\" data-wp-block-attribute-key=\"content\">&nbsp;<\/p>\n<\/div>\n\n\n\n<div data-grammarly-part=\"highlights\">\n<div>\n<div>\n<div>\n<div class=\"Jupcl YSZTR inSdx GpjRg\" data-key=\"1000381-2|0-0\" data-grammarly-part=\"highlight\" data-highlight-format=\"enclosing\" data-highlight-color-name=\"red\">&nbsp;<\/div>\n<\/div>\n<\/div>\n<\/div>\n<\/div>","protected":false},"excerpt":{"rendered":"<p>Aufgrund der vielf\u00e4ltigen Geschichte, Kultur und Wirtschaft Birminghams m\u00fcssen Unternehmen in dieser dynamischen Landschaft wachsam und anpassungsf\u00e4hig bleiben.<\/p>","protected":false},"author":1,"featured_media":65922,"parent":14510,"menu_order":62,"comment_status":"closed","ping_status":"closed","template":"","meta":{"footnotes":""},"class_list":["post-43436","page","type-page","status-publish","has-post-thumbnail"],"_links":{"self":[{"href":"https:\/\/www.sisinternational.com\/de\/wp-json\/wp\/v2\/pages\/43436","targetHints":{"allow":["GET"]}}],"collection":[{"href":"https:\/\/www.sisinternational.com\/de\/wp-json\/wp\/v2\/pages"}],"about":[{"href":"https:\/\/www.sisinternational.com\/de\/wp-json\/wp\/v2\/types\/page"}],"author":[{"embeddable":true,"href":"https:\/\/www.sisinternational.com\/de\/wp-json\/wp\/v2\/users\/1"}],"replies":[{"embeddable":true,"href":"https:\/\/www.sisinternational.com\/de\/wp-json\/wp\/v2\/comments?post=43436"}],"version-history":[{"count":7,"href":"https:\/\/www.sisinternational.com\/de\/wp-json\/wp\/v2\/pages\/43436\/revisions"}],"predecessor-version":[{"id":77166,"href":"https:\/\/www.sisinternational.com\/de\/wp-json\/wp\/v2\/pages\/43436\/revisions\/77166"}],"up":[{"embeddable":true,"href":"https:\/\/www.sisinternational.com\/de\/wp-json\/wp\/v2\/pages\/14510"}],"wp:featuredmedia":[{"embeddable":true,"href":"https:\/\/www.sisinternational.com\/de\/wp-json\/wp\/v2\/media\/65922"}],"wp:attachment":[{"href":"https:\/\/www.sisinternational.com\/de\/wp-json\/wp\/v2\/media?parent=43436"}],"curies":[{"name":"wp","href":"https:\/\/api.w.org\/{rel}","templated":true}]}}