{"id":43426,"date":"2023-09-19T15:27:42","date_gmt":"2023-09-19T19:27:42","guid":{"rendered":"https:\/\/www.sisinternational.com\/?page_id=43426"},"modified":"2026-03-25T01:20:40","modified_gmt":"2026-03-25T05:20:40","slug":"marktforschung-fur-hotellebensmittel-und-getranke","status":"publish","type":"page","link":"https:\/\/www.sisinternational.com\/de\/losungen\/marktforschung-fur-die-lebensmittel-und-getrankeindustrie\/marktforschung-fur-hotellebensmittel-und-getranke\/","title":{"rendered":"Marktforschung f\u00fcr Hotelnahrungsmittel und -getr\u00e4nke"},"content":{"rendered":"<h1 class=\"wp-block-heading\">Marktforschung f\u00fcr Hotelnahrungsmittel und -getr\u00e4nke<\/h1>\n\n\n\n<figure class=\"gb-block-image gb-block-image-c95279a0\"><img loading=\"lazy\" decoding=\"async\" width=\"1456\" height=\"816\" class=\"gb-image gb-image-c95279a0\" src=\"https:\/\/www.sisinternational.com\/wp-content\/uploads\/2025\/10\/Hotel-restaurant-1.jpg\" alt=\"SIS International Marktforschung &amp; Strategie\" title=\"Hotel restaurant (1)\" srcset=\"https:\/\/www.sisinternational.com\/wp-content\/uploads\/2025\/10\/Hotel-restaurant-1.jpg 1456w, https:\/\/www.sisinternational.com\/wp-content\/uploads\/2025\/10\/Hotel-restaurant-1-300x168.jpg 300w, https:\/\/www.sisinternational.com\/wp-content\/uploads\/2025\/10\/Hotel-restaurant-1-1024x574.jpg 1024w, https:\/\/www.sisinternational.com\/wp-content\/uploads\/2025\/10\/Hotel-restaurant-1-768x430.jpg 768w, https:\/\/www.sisinternational.com\/wp-content\/uploads\/2025\/10\/Hotel-restaurant-1-18x10.jpg 18w\" sizes=\"auto, (max-width: 1456px) 100vw, 1456px\"><\/figure>\n\n\n\n<p><\/p>\n\n\n\n<p>Stellen Sie sich vor, Sie kommen nach einer langen Reise in einem Luxushotel an und m\u00f6chten dort ein Gourmet-Men\u00fc genie\u00dfen, das die Essenz Ihres Reiseziels widerspiegelt. W\u00e4re das nicht sch\u00f6n? Genau das ist die Aufgabe der Marktforschung f\u00fcr Speisen und Getr\u00e4nke in Hotels.<\/p>\n\n\n\n<p>In einer Zeit, in der die Grenze zwischen einer Mahlzeit und einem Erlebnis immer mehr verschwimmt, sind Hotels nicht mehr nur Orte zum Ausruhen, sondern kulinarische Zentren, die ein gastronomisches Erlebnis versprechen. Um bei den G\u00e4sten wirklich Anklang zu finden und sich in einem ges\u00e4ttigten Markt abzuheben, greifen Betriebe auf detaillierte Marktforschung zur\u00fcck.<\/p>\n\n\n\n<h2 class=\"wp-block-heading\">Was ist Marktforschung f\u00fcr Hotelspeisen und -getr\u00e4nke?<\/h2>\n\n\n\n<p>Hotel <a class=\"wpil_keyword_link\" href=\"https:\/\/www.sisinternational.com\/de\/sachverstand\/branchen\/marktforschung-fur-lebensmittel-und-getranke\/\"   title=\"Lebensmittel- und Getr\u00e4nkemarktforschung\" data-wpil-keyword-link=\"linked\"  data-wpil-monitor-id=\"667\">food and beverage market research<\/a> is a systematic and in-depth study dedicated to understanding, analyzing, and interpreting the food and beverage preferences, consumption patterns, and emerging trends within the hotel and hospitality industry. This domain of research serves multiple crucial purposes:<\/p>\n\n\n\n<ul class=\"wp-block-list\">\n<li><a href=\"https:\/\/www.sisinternational.com\/de\/global-beverage-market\/\" title=\"Global Beverage Market: Market Dynamics, Growth Projections &amp; Consumer Insights\"  data-wpil-monitor-id=\"1108\">Consumer Insight: Hotel food and beverage market<\/a> research provides invaluable insights into what hotel guests desire, from breakfast buffets to in-room dining experiences. By analyzing guests&#8217; feedback, consumption data, and dietary preferences, hotels can tailor their culinary offerings to meet specific needs.<\/li>\n\n\n\n<li><strong>Wettbewerbsanalyse:<\/strong> Hotels operate in a competitive landscape, and understanding what rivals are offering can be pivotal. Hotel <a href=\"https:\/\/www.sisinternational.com\/de\/sachverstand\/branchen\/marktforschung-fur-lebensmittel-und-getrankezusatze\/\" title=\"Marktforschung f\u00fcr Lebensmittel- und Getr\u00e4nkezus\u00e4tze\"  data-wpil-monitor-id=\"5808\">food and beverage market research<\/a> helps establishments benchmark their offerings, gauge market standards, and identify gaps in the market that they could potentially fill.<\/li>\n\n\n\n<li><strong>Men\u00fcentwicklung:<\/strong> Modern menus are curated experiences. Through hotel <a href=\"https:\/\/www.sisinternational.com\/de\/sachverstand\/branchen\/marktforschung-fur-gesunde-nahrungsmittel-und-getranke\/\" title=\"Marktforschung f\u00fcr gesunde Lebensmittel und Getr\u00e4nke\"  data-wpil-monitor-id=\"6022\">food and beverage market research<\/a>, hotels can identify trending ingredients, cuisines, and dishes, ensuring their menus remain contemporary and appealing.<\/li>\n\n\n\n<li><strong>Betriebseffizienz:<\/strong> Diese Untersuchung kann Hotels nicht nur dabei helfen, herauszufinden, was auf dem Teller landet, sondern sie kann ihnen auch dabei helfen, die K\u00fcchenabl\u00e4ufe zu optimieren, Lebensmittelabf\u00e4lle zu reduzieren und Kosteneffizienz zu gew\u00e4hrleisten, was sich alles direkt auf die Rentabilit\u00e4t auswirkt.<\/li>\n\n\n\n<li><strong>Nachhaltigkeit und Ethik:<\/strong> Angesichts der zunehmenden Bedeutung von Nachhaltigkeit kann die Marktforschung Erkenntnisse zur Beschaffung umweltfreundlicher Zutaten, zur Minimierung des CO2-Fu\u00dfabdrucks und zur Einf\u00fchrung ethischer Praktiken bei der Beschaffung und Zubereitung von Lebensmitteln liefern.<\/li>\n\n\n\n<li><strong>Innovation und Expansion:<\/strong> For hotels looking to innovate, be it through introducing a new themed restaurant, a signature dish, or expanding to new regions, hotel <a href=\"https:\/\/www.sisinternational.com\/de\/sachverstand\/lebenslaufe\/lebenslauf-mit-erfahrungen-in-der-fast-food-getrankeindustrie\/\" title=\"Erfahrung in der Marktforschung f\u00fcr Fast Food und Getr\u00e4nke\"  data-wpil-monitor-id=\"6363\">food and beverage market research<\/a> provides the necessary data to make informed decisions.<\/li>\n<\/ul>\n\n\n\n<h2 class=\"wp-block-heading\">Vorteile der Marktforschung f\u00fcr Speisen und Getr\u00e4nke in Hotels<\/h2>\n\n\n\n<figure class=\"gb-block-image gb-block-image-16ce7b78\"><img loading=\"lazy\" decoding=\"async\" width=\"1456\" height=\"816\" class=\"gb-image gb-image-16ce7b78\" src=\"https:\/\/www.sisinternational.com\/wp-content\/uploads\/2025\/08\/hotel-13.jpg\" alt=\"SIS International Marktforschung &amp; Strategie\" title=\"hotel (13)\" srcset=\"https:\/\/www.sisinternational.com\/wp-content\/uploads\/2025\/08\/hotel-13.jpg 1456w, https:\/\/www.sisinternational.com\/wp-content\/uploads\/2025\/08\/hotel-13-300x168.jpg 300w, https:\/\/www.sisinternational.com\/wp-content\/uploads\/2025\/08\/hotel-13-1024x574.jpg 1024w, https:\/\/www.sisinternational.com\/wp-content\/uploads\/2025\/08\/hotel-13-768x430.jpg 768w, https:\/\/www.sisinternational.com\/wp-content\/uploads\/2025\/08\/hotel-13-18x10.jpg 18w\" sizes=\"auto, (max-width: 1456px) 100vw, 1456px\"><\/figure>\n\n\n\n<p><\/p>\n\n\n\n<p>The hotel sector operates within a dynamic environment, and hotel <a href=\"https:\/\/www.sisinternational.com\/de\/sachverstand\/branchen\/abendessen-essen-getranke-marktforschung\/\" title=\"Marktforschung f\u00fcr Speisen und Getr\u00e4nke zum Abendessen\"  data-wpil-monitor-id=\"7152\">food and beverage market research<\/a> sheds light on strategies and opportunities. Here are some of the benefits it offers:<\/p>\n\n\n\n<ul class=\"wp-block-list\">\n<li><strong>Informierte Entscheidungsfindung:<\/strong> Durch einen gut strukturierten Forschungsprozess erhalten Hotels eine F\u00fclle von Daten, die sie bei ihren Management- und Betriebsentscheidungen unterst\u00fctzen. So wird sichergestellt, dass jede Entscheidung, von der Einf\u00fchrung einer neuen K\u00fcche bis zur \u00dcberarbeitung einer Speisekarte, datengest\u00fctzt ist und eine h\u00f6here Erfolgswahrscheinlichkeit hat.<\/li>\n\n\n\n<li><strong>Verbesserte G\u00e4stezufriedenheit:<\/strong> Understanding guest preferences is paramount in the hospitality sector. <a href=\"https:\/\/www.sisinternational.com\/de\/sachverstand\/branchen\/marktforschung-fur-hotelmobel\/\" title=\"Marktforschung f\u00fcr Hotelm\u00f6bel\"  data-wpil-monitor-id=\"7195\">Hotel food and beverage market research<\/a> facilitates this, allowing hotels to customize their culinary offerings to resonate with their guests, ensuring repeat visits and positive reviews.<\/li>\n\n\n\n<li><strong>Betriebseffizienz:<\/strong> Durch die Analyse von Verbrauchsmustern, Feedback und Abfallkennzahlen k\u00f6nnen Hotels ihren Bestand optimieren, die Verschwendung reduzieren und einen reibungslosen K\u00fcchenbetrieb sicherstellen, was zu erheblichen Kosteneinsparungen f\u00fchrt.<\/li>\n\n\n\n<li><strong>Trendidentifikation:<\/strong> In der schnelllebigen Welt der Gastronomie ist es unerl\u00e4sslich, \u00fcber globale Food-Trends auf dem Laufenden zu bleiben. Durch Marktforschung sind Hotels immer einen Schritt voraus und k\u00f6nnen Gerichte und kulinarische Erlebnisse anbieten, die aktuell und gefragt sind.<\/li>\n\n\n\n<li><strong>Wettbewerbsvorteil:<\/strong> Ein tiefes Verst\u00e4ndnis der Angebote der Konkurrenz und der G\u00e4stepr\u00e4ferenzen verschafft Hotels eine vorteilhafte Position, die es ihnen erm\u00f6glicht, ihre Dienstleistungen zu differenzieren und sich auf einem \u00fcberf\u00fcllten Markt abzuheben.<\/li>\n\n\n\n<li><strong>Risikominderung:<\/strong> Introducing a new restaurant concept, dish, or dining experience comes with inherent risks. Hotel food and <a href=\"https:\/\/www.sisinternational.com\/de\/losungen\/marktforschung-fur-die-lebensmittel-und-getrankeindustrie\/marktforschung-fur-trinkfertige-getranke\/\" title=\"Marktforschung f\u00fcr trinkfertige Getr\u00e4nke (RTD)\"  data-wpil-monitor-id=\"11491\">Getr\u00e4nkemarktforschung<\/a> provides insights into potential pitfalls, enabling hotels to make adjustments before significant investments.<\/li>\n\n\n\n<li><strong>Finanzielle Planung:<\/strong> Durch detaillierte Marktforschung l\u00e4sst sich die Nachfrage vorhersagen, was Hotels dabei hilft, ihre Budgets zu planen, Ressourcen zuzuweisen und Einnahmequellen genauer vorherzusagen.<\/li>\n\n\n\n<li><strong>Markenaufbau:<\/strong> Die Entwicklung einer einzigartigen kulinarischen Identit\u00e4t ist Teil des Markenaufbaus. Durch Marktforschung zu Speisen und Getr\u00e4nken in Hotels k\u00f6nnen Hotels ihr Speisenangebot an ihr Markenethos anpassen und so eine stimmige Geschichte und eine st\u00e4rkere Markenerinnerung sicherstellen.<\/li>\n\n\n\n<li><strong>Nachhaltige Praktiken:<\/strong> Da Nachhaltigkeit f\u00fcr den Betrieb eine zentrale Rolle spielt, hilft die Marktforschung dabei, nachhaltige Beschaffung zu verstehen, umweltfreundliche Lieferanten zu identifizieren und das Interesse der G\u00e4ste an gr\u00fcnen Initiativen einzusch\u00e4tzen.<\/li>\n\n\n\n<li><strong>Expansionsstrategie:<\/strong> Hotels, die eine Expansion oder die Erschlie\u00dfung neuer Regionen planen, k\u00f6nnen durch Marktforschung im Bereich der Speisen- und Getr\u00e4nkebranche Einblicke in lokale kulinarische Vorlieben, kulturelle Feinheiten und potenzielle Herausforderungen gewinnen und so einen reibungsloseren Markteintritt gew\u00e4hrleisten.<\/li>\n\n\n\n<li><strong>Innovationskatalysator:<\/strong> Research often unearths untapped opportunities or niches within the <a href=\"https:\/\/www.sisinternational.com\/de\/sachverstand\/branchen\/marktforschung-zur-markenneupositionierung-von-motorradern\/\" title=\"Marktforschung zur Markenneugestaltung f\u00fcr Motorr\u00e4der\"  data-wpil-monitor-id=\"4707\">market<\/a>. Hotels can leverage these findings to introduce innovative concepts, dishes, or dining experiences that set them apart.<\/li>\n<\/ul>\n\n\n\n<h2 class=\"wp-block-heading\">M\u00f6glichkeiten in der Marktforschung f\u00fcr Hotelnahrungsmittel und -getr\u00e4nke<\/h2>\n\n\n\n<p>Die komplexe Hotel- und Gastronomiebranche bietet zahlreiche M\u00f6glichkeiten, beispielsweise:<\/p>\n\n\n\n<ul class=\"wp-block-list\">\n<li><strong>Kulinarische Nischenerlebnisse:<\/strong> Da Reisende auf der Suche nach einzigartigen Erlebnissen sind, bietet sich die M\u00f6glichkeit, kulinarische Nischenveranstaltungen wie die Tr\u00fcffelsuche, Abende mit Weinbegleitung oder regionale Food-Festivals einzuf\u00fchren, die alle durch Daten gest\u00fctzt werden, die das Interesse der G\u00e4ste belegen.<\/li>\n\n\n\n<li><strong>Personalisiertes Essen:<\/strong> Mit der Weiterentwicklung von Datenanalyse und KI besteht die M\u00f6glichkeit, hochgradig personalisierte Speiseerlebnisse anzubieten. Dies k\u00f6nnte von individuellen Men\u00fcvorschl\u00e4gen auf Grundlage von Ern\u00e4hrungspr\u00e4ferenzen bis hin zu vorausschauenden Bestellungen reichen, bei denen Stammg\u00e4ste ihr Lieblingsgericht bei ihrer Ankunft fertig vorfinden.<\/li>\n\n\n\n<li><strong>Virtuelle kulinarische Reisen:<\/strong> Mit dem Aufkommen von Augmented Reality und Virtual Reality k\u00f6nnen Hotels ihren G\u00e4sten immersive Erlebnisse bieten, wie etwa eine virtuelle Tour durch einen Weinberg mit Weinverkostung oder eine virtuelle Kochstunde bei einem renommierten Chefkoch aus aller Welt.<\/li>\n\n\n\n<li><strong>Nachhaltige Gastronomie:<\/strong> Marktforschungen im Bereich der Hotelgastronomie deuten auf ein wachsendes Interesse an Nachhaltigkeit hin. Hotels k\u00f6nnen dieses Interesse nutzen, indem sie abfallfreie K\u00fcchen, \u201eFarm-to-Table\u201c-Erlebnisse oder sogar hauseigene G\u00e4rten einf\u00fchren, in denen die G\u00e4ste ihre eigenen Zutaten ernten k\u00f6nnen.<\/li>\n\n\n\n<li><strong>Gesundheits- und Wellnessmen\u00fcs:<\/strong> Der zunehmende Wellnesstourismus bietet die M\u00f6glichkeit, Men\u00fcs einzuf\u00fchren, bei denen Ern\u00e4hrung, Entgiftung und allgemeines Wohlbefinden im Mittelpunkt stehen und die auf gesundheitsbewusste G\u00e4ste oder G\u00e4ste im Wellness-Retreat zugeschnitten sind.<\/li>\n\n\n\n<li><strong>Gemeinsame Unternehmungen:<\/strong> Kooperationen mit Stark\u00f6chen, beliebten Food-Influencern oder renommierten internationalen Restaurants k\u00f6nnen ein Alleinstellungsmerkmal darstellen. Marktforschung f\u00fcr Speisen und Getr\u00e4nke in Hotels kann potenzielle Partner identifizieren, die zur Marke des Hotels und den Vorlieben der G\u00e4ste passen.<\/li>\n\n\n\n<li><strong>Kulinarische Tourismuspakete:<\/strong> Die Zusammenstellung von Paketen, die sich ausschlie\u00dflich auf die Gastronomie konzentrieren \u2013 wie etwa ein Gourmetwochenende, Kochworkshops oder Food-Trail-Touren vor Ort \u2013 kann Feinschmecker anziehen.<\/li>\n\n\n\n<li><strong>Ethisches und integratives Essen:<\/strong> Die Ber\u00fccksichtigung unterschiedlicher Ern\u00e4hrungsbed\u00fcrfnisse, sei es vegan, halal, koscher oder allergenfrei, stellt eine Chance dar. Dar\u00fcber hinaus kann die Sicherstellung einer ethischen Beschaffung und Praxis einen Teil der bewussten Reisenden ansprechen.<\/li>\n\n\n\n<li><strong>Interaktive Technologie:<\/strong> Die Integration von Technologien \u2013 von digitalen Weinkarten mit ausf\u00fchrlichen Verkostungsnotizen bis hin zu Apps, mit denen G\u00e4ste einen Tisch beim Chefkoch reservieren oder das Essen auf ihr Zimmer bestellen k\u00f6nnen \u2013 kann das G\u00e4steerlebnis um ein Vielfaches verbessern.<\/li>\n\n\n\n<li><strong>Nutzung des lokalen kulinarischen Erbes:<\/strong> Jede Region hat ihre kulinarischen Sch\u00e4tze. Marktforschung f\u00fcr Speisen und Getr\u00e4nke in Hotels kann lokale Gerichte, Zutaten oder Kochtechniken zutage f\u00f6rdern, die den G\u00e4sten vorgestellt werden k\u00f6nnen, um ihnen einen authentischen Eindruck der Region zu vermitteln.<\/li>\n\n\n\n<li><strong>Abonnement- und Treueprogramme:<\/strong> Basierend auf den Konsumgewohnheiten k\u00f6nnen Hotels Treueprogramme mit Schwerpunkt auf Lebensmitteln oder sogar Abo-Boxen einf\u00fchren, die ihren G\u00e4sten eine Kostprobe ihrer kulinarischen K\u00f6stlichkeiten bieten, auch wenn sie nicht im Hotel \u00fcbernachten.<\/li>\n<\/ul>\n\n\n\n<h2 class=\"wp-block-heading\">Herausforderungen in der Marktforschung f\u00fcr Hotelnahrungsmittel und -getr\u00e4nke<\/h2>\n\n\n\n<figure class=\"gb-block-image gb-block-image-a812ac3e\"><img loading=\"lazy\" decoding=\"async\" width=\"1456\" height=\"816\" class=\"gb-image gb-image-a812ac3e\" src=\"https:\/\/www.sisinternational.com\/wp-content\/uploads\/2025\/08\/hotel-14.jpg\" alt=\"SIS International Marktforschung &amp; Strategie\" title=\"hotel (14)\" srcset=\"https:\/\/www.sisinternational.com\/wp-content\/uploads\/2025\/08\/hotel-14.jpg 1456w, https:\/\/www.sisinternational.com\/wp-content\/uploads\/2025\/08\/hotel-14-300x168.jpg 300w, https:\/\/www.sisinternational.com\/wp-content\/uploads\/2025\/08\/hotel-14-1024x574.jpg 1024w, https:\/\/www.sisinternational.com\/wp-content\/uploads\/2025\/08\/hotel-14-768x430.jpg 768w, https:\/\/www.sisinternational.com\/wp-content\/uploads\/2025\/08\/hotel-14-18x10.jpg 18w\" sizes=\"auto, (max-width: 1456px) 100vw, 1456px\"><\/figure>\n\n\n\n<p><\/p>\n\n\n\n<p>Die Marktforschung f\u00fcr Hotelnahrungsmittel und -getr\u00e4nke bietet zwar eine breite Palette an Erkenntnissen und M\u00f6glichkeiten, bringt aber auch einige Herausforderungen mit sich. Hier sind einige der wichtigsten H\u00fcrden, mit denen Forscher und Hoteliers h\u00e4ufig konfrontiert sind:<\/p>\n\n\n\n<ul class=\"wp-block-list\">\n<li><strong>Vielf\u00e4ltige G\u00e4steprofile:<\/strong> Hotels bedienen ein vielf\u00e4ltiges Klientel, von Gesch\u00e4ftsreisenden und Hochzeitsreisenden bis hin zu Familienurlaubern und Alleinreisenden. Daher kann es eine Herausforderung sein, die unterschiedlichen Essensvorlieben und -erwartungen eines so breiten demografischen Spektrums zu verstehen und darauf einzugehen.<\/li>\n\n\n\n<li><strong>Kulturelle Empfindlichkeiten:<\/strong> Bei der Einf\u00fchrung internationaler K\u00fcchen oder Gerichte besteht immer die Gefahr einer unbeabsichtigten kulturellen Aneignung oder Fehlinterpretation. Es ist ein schmaler Grat, ein Gleichgewicht zwischen Authentizit\u00e4t und Innovation zu finden, ohne dabei Gef\u00fchle zu verletzen.<\/li>\n\n\n\n<li><strong>Konjunkturelle Schwankungen:<\/strong> Globale Wirtschaftsszenarien, W\u00e4hrungskurse und lokale Marktdynamiken k\u00f6nnen die Lebensmittelkosten beeinflussen. Diese Schwankungen vorherzusagen und die Rentabilit\u00e4t sicherzustellen, kann eine Herausforderung sein.<\/li>\n\n\n\n<li><strong>Technologische Integration:<\/strong> Obwohl die Technologie zahlreiche Vorteile bietet, ist es oft eine Herausforderung, sie nahtlos in das Speiseerlebnis zu integrieren, ohne dass die menschliche Note verloren geht oder technische St\u00f6rungen auftreten.<\/li>\n<\/ul>\n\n\n\n<h2 class=\"wp-block-heading\">&nbsp;<\/h2>\n\n\n\n<p><\/p>","protected":false},"excerpt":{"rendered":"<p>Die Marktforschung f\u00fcr Speisen und Getr\u00e4nke in der Hotellerie befasst sich mit der Untersuchung von Speise- und Getr\u00e4nkepr\u00e4ferenzen sowie neuen Trends in der Hotelbranche.<\/p>","protected":false},"author":1,"featured_media":70814,"parent":22018,"menu_order":363,"comment_status":"closed","ping_status":"closed","template":"","meta":{"footnotes":""},"class_list":["post-43426","page","type-page","status-publish","has-post-thumbnail"],"_links":{"self":[{"href":"https:\/\/www.sisinternational.com\/de\/wp-json\/wp\/v2\/pages\/43426","targetHints":{"allow":["GET"]}}],"collection":[{"href":"https:\/\/www.sisinternational.com\/de\/wp-json\/wp\/v2\/pages"}],"about":[{"href":"https:\/\/www.sisinternational.com\/de\/wp-json\/wp\/v2\/types\/page"}],"author":[{"embeddable":true,"href":"https:\/\/www.sisinternational.com\/de\/wp-json\/wp\/v2\/users\/1"}],"replies":[{"embeddable":true,"href":"https:\/\/www.sisinternational.com\/de\/wp-json\/wp\/v2\/comments?post=43426"}],"version-history":[{"count":13,"href":"https:\/\/www.sisinternational.com\/de\/wp-json\/wp\/v2\/pages\/43426\/revisions"}],"predecessor-version":[{"id":85099,"href":"https:\/\/www.sisinternational.com\/de\/wp-json\/wp\/v2\/pages\/43426\/revisions\/85099"}],"up":[{"embeddable":true,"href":"https:\/\/www.sisinternational.com\/de\/wp-json\/wp\/v2\/pages\/22018"}],"wp:featuredmedia":[{"embeddable":true,"href":"https:\/\/www.sisinternational.com\/de\/wp-json\/wp\/v2\/media\/70814"}],"wp:attachment":[{"href":"https:\/\/www.sisinternational.com\/de\/wp-json\/wp\/v2\/media?parent=43426"}],"curies":[{"name":"wp","href":"https:\/\/api.w.org\/{rel}","templated":true}]}}