{"id":43418,"date":"2023-09-19T14:39:01","date_gmt":"2023-09-19T18:39:01","guid":{"rendered":"https:\/\/www.sisinternational.com\/?page_id=43418"},"modified":"2026-01-26T17:22:31","modified_gmt":"2026-01-26T22:22:31","slug":"bohrmarktforschung","status":"publish","type":"page","link":"https:\/\/www.sisinternational.com\/de\/sachverstand\/bohrmarktforschung\/","title":{"rendered":"Bohrmarktforschung"},"content":{"rendered":"<h1 class=\"wp-block-heading\">Bohrmarktforschung<\/h1>\n\n\n\n<figure class=\"gb-block-image gb-block-image-86dbc3c4\"><img loading=\"lazy\" decoding=\"async\" width=\"1456\" height=\"816\" class=\"gb-image gb-image-86dbc3c4\" src=\"https:\/\/www.sisinternational.com\/wp-content\/uploads\/2025\/08\/Drilling-and-Extraction-2.jpg\" alt=\"SIS International Marktforschung &amp; Strategie\" title=\"Drilling and Extraction (2)\" srcset=\"https:\/\/www.sisinternational.com\/wp-content\/uploads\/2025\/08\/Drilling-and-Extraction-2.jpg 1456w, https:\/\/www.sisinternational.com\/wp-content\/uploads\/2025\/08\/Drilling-and-Extraction-2-300x168.jpg 300w, https:\/\/www.sisinternational.com\/wp-content\/uploads\/2025\/08\/Drilling-and-Extraction-2-1024x574.jpg 1024w, https:\/\/www.sisinternational.com\/wp-content\/uploads\/2025\/08\/Drilling-and-Extraction-2-768x430.jpg 768w, https:\/\/www.sisinternational.com\/wp-content\/uploads\/2025\/08\/Drilling-and-Extraction-2-18x10.jpg 18w\" sizes=\"auto, (max-width: 1456px) 100vw, 1456px\"><\/figure>\n\n\n\n<p><\/p>\n\n\n\n<p>Warum gilt das Bohren als eines der R\u00fcckgrate der modernen Industriewelt? Von den Baustellen, die unsere Stadtsilhouetten pr\u00e4gen, bis zu den \u00d6lbohranlagen, die unsere Ozeane \u00fcbers\u00e4en, spielen Bohrprozesse eine Schl\u00fcsselrolle bei der Ankurbelung der Wirtschaft, der Unterst\u00fctzung der Infrastruktur und der F\u00f6rderung des technologischen Fortschritts. Deshalb zielt die Marktforschung im Bohrbereich darauf ab, die Vielschichtigkeit dieser Branche, ihre wichtigsten Akteure und die aufkommenden Trends aufzudecken, die ihre zuk\u00fcnftige Entwicklung bestimmen.<\/p>\n\n\n\n<p>Diese umfassende Untersuchung wird nicht nur Licht auf die aktuelle Marktdynamik werfen, sondern den Beteiligten auch dabei helfen, sich in den zunehmend komplexen Zusammenh\u00e4ngen der Bohrwelt zurechtzufinden.<\/p>\n\n\n\n<h2 class=\"wp-block-heading\">Was ist Bohrmarktforschung?<\/h2>\n\n\n\n<p><a href=\"https:\/\/www.sisinternational.com\/de\/sachverstand\/branchen\/was-ist-bohr-und-extraktionsausrustung\/\" title=\"Marktforschung f\u00fcr Bohr- und F\u00f6rderausr\u00fcstung\"  data-wpil-monitor-id=\"3159\">Drilling market research<\/a> is the systematic gathering, analysis, and interpretation of data related to the drilling industry. But what does this entail? This domain of research covers a broad spectrum of areas, from understanding consumer demand for drilling equipment to monitoring the global shifts in energy resources.<\/p>\n\n\n\n<p>Es umfasst die Analyse von Bohrtechnologien, Marktgr\u00f6\u00dfe, Wachstumspotenzial, Branchenherausforderungen und Wettbewerbslandschaft. Die Marktforschung im Bohrbereich bietet Branchenakteuren eine unsch\u00e4tzbar wertvolle Perspektive, die es ihnen erm\u00f6glicht, fundierte Entscheidungen zu treffen, effektive Strategien zu entwickeln und an der Spitze des technologischen und betrieblichen Fortschritts zu bleiben.<\/p>\n\n\n\n<h2 class=\"wp-block-heading\">Bedeutung der Bohrmarktforschung<\/h2>\n\n\n\n<p>Die Bohrindustrie (ob \u00d6l, Gas, Wasser, Mineralien oder Exploration) spielt eine entscheidende Rolle in der globalen Wirtschaftslandschaft. Daher ist es f\u00fcr Interessenvertreter, Investoren und Unternehmen von entscheidender Bedeutung, die Nuancen dieses Sektors zu verstehen. Aus diesem Grund ist die Marktforschung im Bohrbereich heute von gr\u00f6\u00dfter Bedeutung:<\/p>\n\n\n\n<p>Technologischer Fortschritt: Die Bohrindustrie entwickelt sich st\u00e4ndig weiter und nutzt neue Technologien und Methoden. Unternehmen, die \u00fcber diese Innovationen auf dem Laufenden bleiben, k\u00f6nnen wettbewerbsf\u00e4hig bleiben und ihre Betriebsabl\u00e4ufe optimieren.<\/p>\n\n\n\n<ul class=\"wp-block-list\">\n<li><strong>Resourcenmanagement:<\/strong> Es ist wichtig, die globalen Reserven, ihre Zug\u00e4nglichkeit und ihren potenziellen Ertrag zu kennen. Die Marktforschung im Bohrbereich liefert Erkenntnisse dar\u00fcber, wo Ressourcen am effizientesten eingesetzt werden sollten.<\/li>\n\n\n\n<li><strong>Einhaltung gesetzlicher Vorschriften:<\/strong> Bohrarbeiten stehen aus Umweltgr\u00fcnden h\u00e4ufig auf dem Pr\u00fcfstand. Marktforschung liefert Einblicke in regulatorische \u00c4nderungen und erm\u00f6glicht es Unternehmen, die Einhaltung der Vorschriften sicherzustellen und politische Ver\u00e4nderungen vorherzusehen.<\/li>\n\n\n\n<li><strong>Wettbewerbsanalyse:<\/strong> Die Bohrindustrie ist hart umk\u00e4mpft. Marktforschung liefert ein klares Bild der wichtigsten Akteure, ihrer Aktivit\u00e4ten und der M\u00f6glichkeiten zur Differenzierung oder Zusammenarbeit.<\/li>\n\n\n\n<li><strong>Einblicke in die Nachhaltigkeit:<\/strong> Angesichts der zunehmenden Bedeutung von Nachhaltigkeit und Umweltbelangen ben\u00f6tigen Unternehmen Kenntnisse \u00fcber alternative Bohrmethoden, Ressourcenerhaltung und Abfallmanagement.<\/li>\n\n\n\n<li><strong>\u00d6konomische Indikatoren:<\/strong> Die Bohrindustrie, insbesondere die \u00d6l- und Gasindustrie, kann als Wirtschaftsbarometer dienen. Die Marktforschung im Bohrbereich hilft dabei, die Marktvolatilit\u00e4t, die Preisdynamik und die potenziellen wirtschaftlichen Auswirkungen zu verstehen.<\/li>\n\n\n\n<li><strong>Geografische Analyse:<\/strong> Nicht alle Regionen weisen das gleiche Bohrpotenzial oder die gleichen Herausforderungen auf. Daher liefert die Analyse des Bohrpotenzials regionsspezifische Daten, die Unternehmen dabei helfen, ihre Strategien entsprechend den lokalen Bedingungen anzupassen.<\/li>\n<\/ul>\n\n\n\n<h2 class=\"wp-block-heading\">Hauptakteure auf dem Bohrmarkt<\/h2>\n\n\n\n<figure class=\"gb-block-image gb-block-image-b75d8d59\"><img loading=\"lazy\" decoding=\"async\" width=\"1456\" height=\"816\" class=\"gb-image gb-image-b75d8d59\" src=\"https:\/\/www.sisinternational.com\/wp-content\/uploads\/2025\/08\/Drilling-and-Extraction-4.jpg\" alt=\"SIS International Marktforschung &amp; Strategie\" title=\"Drilling and Extraction (4)\" srcset=\"https:\/\/www.sisinternational.com\/wp-content\/uploads\/2025\/08\/Drilling-and-Extraction-4.jpg 1456w, https:\/\/www.sisinternational.com\/wp-content\/uploads\/2025\/08\/Drilling-and-Extraction-4-300x168.jpg 300w, https:\/\/www.sisinternational.com\/wp-content\/uploads\/2025\/08\/Drilling-and-Extraction-4-1024x574.jpg 1024w, https:\/\/www.sisinternational.com\/wp-content\/uploads\/2025\/08\/Drilling-and-Extraction-4-768x430.jpg 768w, https:\/\/www.sisinternational.com\/wp-content\/uploads\/2025\/08\/Drilling-and-Extraction-4-18x10.jpg 18w\" sizes=\"auto, (max-width: 1456px) 100vw, 1456px\"><\/figure>\n\n\n\n<p><\/p>\n\n\n\n<p>Der Bohrmarkt umfasst ein breites Spektrum an Aktivit\u00e4ten, von der \u00d6l- und Gasf\u00f6rderung bis hin zur Geothermie und dem Bohren von Wasserbrunnen. Daher ist die Branche mit mehreren globalen Giganten, Nischenanbietern und aufstrebenden Startups \u00fcbers\u00e4t. Hier ist ein \u00dcberblick \u00fcber einige der einflussreichsten Unternehmen, die die Bohrlandschaft pr\u00e4gen:<\/p>\n\n\n\n<ul class=\"wp-block-list\">\n<li><strong>Schlumberger:<\/strong> Schlumberger gilt als einer der weltweit f\u00fchrenden Anbieter von Technologie, Bohrung, Produktion und Verarbeitung f\u00fcr die \u00d6l- und Gasindustrie und verf\u00fcgt \u00fcber eine umfassende globale Pr\u00e4senz.<\/li>\n\n\n\n<li><strong>Halliburton:<\/strong> Als internationales Gro\u00dfunternehmen bietet Halliburton der Energiebranche Produkte und Dienstleistungen im Zusammenhang mit der Exploration, Erschlie\u00dfung und Produktion von \u00d6l und Gas an.<\/li>\n\n\n\n<li><strong>B\u00e4cker Hughes:<\/strong> Baker Hughes verf\u00fcgt \u00fcber langj\u00e4hrige Erfahrung im Bohrbereich und bietet eine Reihe von Dienstleistungen im Bereich \u00d6lfeld- und Energieinfrastruktur an.<\/li>\n\n\n\n<li>Weatherford International: Ein \u00d6l- und Gasdienstleistungsunternehmen, das f\u00fcr seine Bohr- und Evaluierungsdienstleistungen bekannt ist, die von Bohrfl\u00fcssigkeiten bis hin zu Bohrmei\u00dfeln reichen.<\/li>\n\n\n\n<li><strong>Transocean Ltd.:<\/strong> Als wichtiger Akteur im Bereich der Offshore-Vertragsbohrdienstleistungen f\u00fcr \u00d6l- und Gasquellen verf\u00fcgt Transocean \u00fcber eine beachtliche Flotte mobiler Offshore-Bohreinheiten.<\/li>\n<\/ul>\n\n\n\n<h2 class=\"wp-block-heading\">Treiber und Trends auf dem Bohrmarkt<\/h2>\n\n\n\n<p>The drilling industry has witnessed significant evolutions over the years \u2013 and market <a href=\"https:\/\/www.sisinternational.com\/de\/sachverstand\/branchen\/frachtmarktforschung-2\/\" title=\"Frachtmarktforschung \u2014 Spedition und Schifffahrt\"  data-wpil-monitor-id=\"6502\">Forschung<\/a> is crucial for highlighting the trends and key drivers pushing this sector forward. The following are some major drivers and emerging trends identified through drilling market research:<\/p>\n\n\n\n<ul class=\"wp-block-list\">\n<li><strong>Steigender Energiebedarf:<\/strong> Ein Haupttreiber des Bohrmarktes ist der st\u00e4ndig wachsende globale Energiebedarf. Mit dem Bev\u00f6lkerungswachstum und der wirtschaftlichen Entwicklung steigt der Bedarf an Energiequellen, insbesondere \u00d6l und Gas, weiter an. Die Marktforschung im Bohrbereich unterstreicht diesen Trend und betont die Bedeutung der Erschlie\u00dfung neuer Reserven.<\/li>\n\n\n\n<li><strong>Technologische Fortschritte:<\/strong> Einer der wichtigsten Trends, die die Marktforschung im Bohrbereich identifiziert hat, ist die schnelle Integration von Technologie in Bohrvorg\u00e4nge. Fortschrittliche Bohrtechniken wie Richtbohren und hydraulisches Aufbrechen haben die Branche revolutioniert und erm\u00f6glichen den Zugang zu bisher unerreichbaren Reserven.<\/li>\n\n\n\n<li><strong>Verlagerung hin zur Erkundung tiefer und extrem tiefer Gew\u00e4sser:<\/strong> Bohrmarktstudien zeigen ein zunehmendes Interesse an Offshore-Explorationen, insbesondere in Tiefsee- und Ultratiefseezonen. Diese Regionen bieten vielversprechende Reserven, die Investitionen und Explorationsaktivit\u00e4ten ankurbeln.<\/li>\n\n\n\n<li><strong>Umweltbedenken und regulatorische \u00c4nderungen:<\/strong> Das wachsende Bewusstsein f\u00fcr \u00f6kologische Nachhaltigkeit ist sowohl eine Herausforderung als auch ein Antrieb. Dies erfordert zwar verantwortungsvollere Bohrpraktiken, bietet Unternehmen aber auch die M\u00f6glichkeit, Innovationen zu entwickeln und umweltfreundlichere Technologien einzuf\u00fchren. Die Marktforschung im Bohrbereich beleuchtet h\u00e4ufig die regulatorische Landschaft und ihre Auswirkungen auf die Industrieabl\u00e4ufe.<\/li>\n\n\n\n<li><strong>Aufstieg der erneuerbaren Energien:<\/strong> Der globale Trend zu erneuerbaren Energiequellen stellt den traditionellen Bohrmarkt vor Herausforderungen. Untersuchungen zum Bohrmarkt deuten jedoch darauf hin, dass sich dadurch auch M\u00f6glichkeiten f\u00fcr Bohraktivit\u00e4ten im Zusammenhang mit Geothermie und Energiespeicherl\u00f6sungen er\u00f6ffnen.<\/li>\n\n\n\n<li><strong>Schwankende \u00d6lpreise:<\/strong> Die Volatilit\u00e4t der \u00d6lpreise hat gro\u00dfe Auswirkungen auf die Bohraktivit\u00e4ten. Daher beobachtet die Bohrmarktforschung diese Preisschwankungen st\u00e4ndig und bietet Einblicke in ihre kurzfristigen und langfristigen Auswirkungen auf die Branche.<\/li>\n\n\n\n<li><strong>Aufkommen von KI und Automatisierung:<\/strong> Die Marktforschung im Bohrbereich hat den zunehmenden Einsatz von k\u00fcnstlicher Intelligenz und Automatisierung bei Bohrvorg\u00e4ngen festgestellt. Diese Technologien steigern die Effizienz und Sicherheit und senken die Betriebskosten, was sie zu einem bedeutenden Trend im Bohrsektor macht.<\/li>\n\n\n\n<li><strong>Geopolitische Faktoren:<\/strong> Die globale Politik und die internationalen Beziehungen beeinflussen den Bohrmarkt erheblich, insbesondere in den wichtigsten \u00d6l produzierenden Regionen. Die Bohrmarktforschung befasst sich mit den Auswirkungen geopolitischer Ver\u00e4nderungen, Sanktionen und internationaler Abkommen auf die Branchendynamik.<\/li>\n<\/ul>\n\n\n\n<h2 class=\"wp-block-heading\">M\u00f6glichkeiten in der Bohrmarktforschung<\/h2>\n\n\n\n<figure class=\"gb-block-image gb-block-image-007db99d\"><img loading=\"lazy\" decoding=\"async\" width=\"1456\" height=\"816\" class=\"gb-image gb-image-007db99d\" src=\"https:\/\/www.sisinternational.com\/wp-content\/uploads\/2025\/08\/Drilling-and-Extraction-3.jpg\" alt=\"SIS International Marktforschung &amp; Strategie\" title=\"Drilling and Extraction (3)\" srcset=\"https:\/\/www.sisinternational.com\/wp-content\/uploads\/2025\/08\/Drilling-and-Extraction-3.jpg 1456w, https:\/\/www.sisinternational.com\/wp-content\/uploads\/2025\/08\/Drilling-and-Extraction-3-300x168.jpg 300w, https:\/\/www.sisinternational.com\/wp-content\/uploads\/2025\/08\/Drilling-and-Extraction-3-1024x574.jpg 1024w, https:\/\/www.sisinternational.com\/wp-content\/uploads\/2025\/08\/Drilling-and-Extraction-3-768x430.jpg 768w, https:\/\/www.sisinternational.com\/wp-content\/uploads\/2025\/08\/Drilling-and-Extraction-3-18x10.jpg 18w\" sizes=\"auto, (max-width: 1456px) 100vw, 1456px\"><\/figure>\n\n\n\n<p><\/p>\n\n\n\n<p>Die Marktforschung im Bohrbereich ist ein Schl\u00fcsselelement zum Verst\u00e4ndnis der Bohrindustrie. Mit der Entwicklung des Sektors ergeben sich zahlreiche M\u00f6glichkeiten f\u00fcr Unternehmen, Forscher und Fachleute im Bereich der Bohrmarktforschung, wie zum Beispiel:<\/p>\n\n\n\n<ul class=\"wp-block-list\">\n<li><strong>Nachhaltigkeit und Green Drilling:<\/strong> Angesichts der wachsenden Umweltbedenken ergeben sich f\u00fcr die Marktforschung im Bohrbereich erhebliche M\u00f6glichkeiten, nachhaltige Bohrmethoden zu verstehen und zu f\u00f6rdern, darunter auch Techniken zur Wassereinsparung und zur Reduzierung des CO2-Fu\u00dfabdrucks.<\/li>\n\n\n\n<li><strong>Erkundung der Schwellenm\u00e4rkte:<\/strong> Entwicklungsl\u00e4nder verf\u00fcgen \u00fcber riesige ungenutzte Reserven. Durch Marktforschung im Bereich Bohrungen k\u00f6nnen diese Gebiete erkundet und ihre Geografie, ihr soziopolitisches Umfeld und ihre spezifischen Bed\u00fcrfnisse untersucht werden.<\/li>\n\n\n\n<li><strong>Neue Bohrtechnologien:<\/strong> Mit dem technologischen Fortschritt entstehen neue Methoden und Werkzeuge f\u00fcr das Bohren. Die Erforschung ihrer Effizienz, Marktreife und potenziellen Herausforderungen bietet M\u00f6glichkeiten f\u00fcr Innovationen.<\/li>\n\n\n\n<li><strong>Geothermiepotenzial:<\/strong> Da die Welt zunehmend auf erneuerbare Energien setzt, r\u00fcckt die Geothermie in den Fokus. Durch Marktforschung im Bohrbereich k\u00f6nnen potenzielle Standorte, technologische Anforderungen und Marktanforderungen f\u00fcr die Produktion geothermischer Energie untersucht werden.<\/li>\n\n\n\n<li><strong>Datenanalyse und vorausschauende Wartung:<\/strong> Mit dem Aufkommen von Big Data und k\u00fcnstlicher Intelligenz ergeben sich f\u00fcr die Marktforschung M\u00f6glichkeiten, sich mit der vorausschauenden Wartung zu befassen, um zu erkennen, wann Ger\u00e4te ausfallen k\u00f6nnten, und Probleme pr\u00e4ventiv anzugehen.<\/li>\n\n\n\n<li><strong>Aussichten f\u00fcr Offshore-Tiefseebohrungen:<\/strong> Da die Reserven an Land zur Neige gehen, verlagert sich der Fokus auf Tiefseebohrungen. Marktforschung kann die Herausforderungen, erforderlichen Technologien und potenziellen Umweltauswirkungen der Tiefseeexploration untersuchen.<\/li>\n\n\n\n<li><strong>Optimierung der Lieferkette:<\/strong> Bohrarbeiten sind mit komplexen Lieferketten verbunden. Marktforschung kann Erkenntnisse zur Optimierung dieser Ketten, zur Kostensenkung und zur Sicherstellung eines p\u00fcnktlichen Betriebs liefern.<\/li>\n\n\n\n<li><strong>Investitionsm\u00f6glichkeiten:<\/strong> F\u00fcr Investoren kann die Marktforschung im Bohrbereich potenzielle Wachstumsbereiche, aufstrebende M\u00e4rkte und investitionsreife Sektoren aufzeigen und ihnen so eine fundierte Entscheidungsfindung erleichtern.<\/li>\n\n\n\n<li><a href=\"https:\/\/www.sisinternational.com\/de\/sachverstand\/branchen\/zentraler-standorttest-clt-marktforschung\/\" title=\"CLT-Marktforschung\"  data-wpil-monitor-id=\"2840\">Market Segmentation: Detailed research<\/a> can offer insights into market segmentation, understanding the different needs, challenges, and preferences of each segment, from big corporations to smaller enterprises.<\/li>\n<\/ul>","protected":false},"excerpt":{"rendered":"<p>Unter Bohrmarktforschung versteht man die systematische Erfassung, Analyse und Interpretation von Daten im Zusammenhang mit der Bohrindustrie.<\/p>","protected":false},"author":1,"featured_media":64790,"parent":14514,"menu_order":361,"comment_status":"closed","ping_status":"closed","template":"","meta":{"footnotes":""},"class_list":["post-43418","page","type-page","status-publish","has-post-thumbnail"],"_links":{"self":[{"href":"https:\/\/www.sisinternational.com\/de\/wp-json\/wp\/v2\/pages\/43418","targetHints":{"allow":["GET"]}}],"collection":[{"href":"https:\/\/www.sisinternational.com\/de\/wp-json\/wp\/v2\/pages"}],"about":[{"href":"https:\/\/www.sisinternational.com\/de\/wp-json\/wp\/v2\/types\/page"}],"author":[{"embeddable":true,"href":"https:\/\/www.sisinternational.com\/de\/wp-json\/wp\/v2\/users\/1"}],"replies":[{"embeddable":true,"href":"https:\/\/www.sisinternational.com\/de\/wp-json\/wp\/v2\/comments?post=43418"}],"version-history":[{"count":6,"href":"https:\/\/www.sisinternational.com\/de\/wp-json\/wp\/v2\/pages\/43418\/revisions"}],"predecessor-version":[{"id":80085,"href":"https:\/\/www.sisinternational.com\/de\/wp-json\/wp\/v2\/pages\/43418\/revisions\/80085"}],"up":[{"embeddable":true,"href":"https:\/\/www.sisinternational.com\/de\/wp-json\/wp\/v2\/pages\/14514"}],"wp:featuredmedia":[{"embeddable":true,"href":"https:\/\/www.sisinternational.com\/de\/wp-json\/wp\/v2\/media\/64790"}],"wp:attachment":[{"href":"https:\/\/www.sisinternational.com\/de\/wp-json\/wp\/v2\/media?parent=43418"}],"curies":[{"name":"wp","href":"https:\/\/api.w.org\/{rel}","templated":true}]}}