{"id":43377,"date":"2023-09-03T10:44:10","date_gmt":"2023-09-03T14:44:10","guid":{"rendered":"https:\/\/www.sisinternational.com\/?page_id=43377"},"modified":"2025-10-20T17:47:55","modified_gmt":"2025-10-20T21:47:55","slug":"e-sport-marktforschung","status":"publish","type":"page","link":"https:\/\/www.sisinternational.com\/de\/sachverstand\/e-sport-marktforschung\/","title":{"rendered":"E-Sports Marktforschung"},"content":{"rendered":"<h1 class=\"wp-block-heading\">E-Sports Marktforschung<\/h1>\n\n\n\n<figure class=\"gb-block-image gb-block-image-50efb53d\"><img loading=\"lazy\" decoding=\"async\" width=\"1456\" height=\"816\" class=\"gb-image gb-image-50efb53d\" src=\"https:\/\/www.sisinternational.com\/wp-content\/uploads\/2025\/08\/esports-gaming-e-sports4.jpg\" alt=\"SIS International Marktforschung &amp; Strategie\" title=\"esports gaming e-sports(4)\" srcset=\"https:\/\/www.sisinternational.com\/wp-content\/uploads\/2025\/08\/esports-gaming-e-sports4.jpg 1456w, https:\/\/www.sisinternational.com\/wp-content\/uploads\/2025\/08\/esports-gaming-e-sports4-300x168.jpg 300w, https:\/\/www.sisinternational.com\/wp-content\/uploads\/2025\/08\/esports-gaming-e-sports4-1024x574.jpg 1024w, https:\/\/www.sisinternational.com\/wp-content\/uploads\/2025\/08\/esports-gaming-e-sports4-768x430.jpg 768w, https:\/\/www.sisinternational.com\/wp-content\/uploads\/2025\/08\/esports-gaming-e-sports4-18x10.jpg 18w\" sizes=\"auto, (max-width: 1456px) 100vw, 1456px\"><\/figure>\n\n\n\n<p><\/p>\n\n\n\n<p>E-Sports steht f\u00fcr die wettbewerbsorientierte Welt des Videospielens, in der Einzelpersonen oder Teams um Prestige und hohe Geldpreise gegeneinander antreten. Im letzten Jahrzehnt hat die Welt des E-Sports einen kometenhaften Aufstieg erlebt und sich vom Gelegenheitsspiel im Wohnzimmer zu einem Spiel entwickelt, das Stadien mit Fans f\u00fcllt.<\/p>\n\n\n\n<p>Hinter den Kulissen hat die E-Sport-Marktforschung eine Schl\u00fcsselrolle bei der Analyse der Feinheiten der Branche gespielt \u2013 sie hat ihr enormes Potenzial hervorgehoben und die Beteiligten durch ein Labyrinth aus Chancen und Herausforderungen gef\u00fchrt.<\/p>\n\n\n\n<h2 class=\"wp-block-heading\">Wichtige Marktteilnehmer:<\/h2>\n\n\n\n<p>Der <a href=\"https:\/\/www.sisinternational.com\/de\/global-competitive-intelligence-blueprint-von-ruth-stanat-competitive-intelligence-magazine\/\" title=\"Globales Competitive Intelligence-Unternehmen\"  data-wpil-monitor-id=\"8389\">global E-Sports landscape is competitive<\/a> \u2013 and continuously expanding. It is not just a world of gamers; it&#8217;s a robust industry backed by multi-million dollar investments, state-of-the-art technology, and a global audience. Thus, understanding the key players and the general state of the E-Sports <a href=\"https:\/\/www.sisinternational.com\/de\/veroffentlichungen\/skalierbare-geschaftsmarktforschung-7-moglichkeiten-zum-aufbau-eines-skalierbaren-geschafts\/\" title=\"Marktforschung f\u00fcr skalierbare Unternehmen: 7 M\u00f6glichkeiten zum Aufbau eines skalierbaren Unternehmens\"  data-wpil-monitor-id=\"8381\">market is critical for businesses<\/a> and investors alike.<\/p>\n\n\n\n<ul class=\"wp-block-list\">\n<li><strong>Spieleentwickler und -herausgeber:<\/strong> Die Grundlage des E-Sports bilden die Spiele selbst. Entwickler und Herausgeber wie Riot Games (League of Legends), Blizzard Entertainment (Overwatch, StarCraft) und Valve Corporation (Dot a 2, Counter-Strike) spielen dabei eine wichtige Rolle. Ihre Spiele dienen als Wettkampfplattformen und ihre kontinuierliche Unterst\u00fctzung und Aktualisierung gew\u00e4hrleisten die Langlebigkeit und Wettbewerbsf\u00e4higkeit der E-Sports-Szene.<\/li>\n\n\n\n<li><strong>Streaming- und Rundfunkunternehmen:<\/strong> Plattformen wie Twitch haben die Art und Weise revolutioniert, wie Fans E-Sport-Inhalte konsumieren. Sie bieten Live-\u00dcbertragungen, Video-on-Demand und interaktive Erlebnisse und \u00fcberbr\u00fccken so die Kluft zwischen Spielern und Fans.<\/li>\n\n\n\n<li><strong>Sponsoren und Investoren:<\/strong> Marken wie Intel, Red Bull und Coca-Cola haben den Wert der E-Sports-Zielgruppe erkannt und massiv investiert. Dar\u00fcber hinaus sind auch traditionelle Sportteams und Prominente in den Wettbewerb eingestiegen, bringen Investitionen ein und schlie\u00dfen die L\u00fccke zwischen traditionellem Sport und E-Sports.<\/li>\n<\/ul>\n\n\n\n<h2 class=\"wp-block-heading\">Vorteile der Durchf\u00fchrung von E-Sport-Marktforschung<\/h2>\n\n\n\n<figure class=\"gb-block-image gb-block-image-20468b61\"><img loading=\"lazy\" decoding=\"async\" width=\"1456\" height=\"816\" class=\"gb-image gb-image-20468b61\" src=\"https:\/\/www.sisinternational.com\/wp-content\/uploads\/2025\/08\/esports-gaming-e-sports3.jpg\" alt=\"SIS International Marktforschung &amp; Strategie\" title=\"esports gaming e-sports(3)\" srcset=\"https:\/\/www.sisinternational.com\/wp-content\/uploads\/2025\/08\/esports-gaming-e-sports3.jpg 1456w, https:\/\/www.sisinternational.com\/wp-content\/uploads\/2025\/08\/esports-gaming-e-sports3-300x168.jpg 300w, https:\/\/www.sisinternational.com\/wp-content\/uploads\/2025\/08\/esports-gaming-e-sports3-1024x574.jpg 1024w, https:\/\/www.sisinternational.com\/wp-content\/uploads\/2025\/08\/esports-gaming-e-sports3-768x430.jpg 768w, https:\/\/www.sisinternational.com\/wp-content\/uploads\/2025\/08\/esports-gaming-e-sports3-18x10.jpg 18w\" sizes=\"auto, (max-width: 1456px) 100vw, 1456px\"><\/figure>\n\n\n\n<p><\/p>\n\n\n\n<p>In the world of E-Sports, trends, technologies, and audiences are constantly changing. As a result, <a href=\"https:\/\/www.sisinternational.com\/de\/wahrnehmungen-in-b2b-markten-nutzen\/\" title=\"B2B Stakeholder-Marktforschung\"  data-wpil-monitor-id=\"8378\">market research is a must for stakeholders<\/a>. Analyzing the benefits of E-Sports market research underscores its crucial role in ensuring sustainable success within this industry. Particularly, it provides:<\/p>\n\n\n\n<ul class=\"wp-block-list\">\n<li><strong>Informierte Entscheidungsfindung:<\/strong> Die Marktforschung im Bereich E-Sport liefert umsetzbare Erkenntnisse und erm\u00f6glicht es Unternehmen, Investoren und Organisatoren, Entscheidungen auf der Grundlage von Daten und nicht von Spekulationen zu treffen.<\/li>\n\n\n\n<li><strong>Das Publikum verstehen:<\/strong> Durch E-Sport-Marktforschung k\u00f6nnen die Beteiligten ein tiefes Verst\u00e4ndnis \u00fcber die Demografie, Vorlieben, Ausgabegewohnheiten usw. ihres Publikums gewinnen.<\/li>\n\n\n\n<li><strong>Vorhersage von Branchentrends:<\/strong> E-Sport-Marktforschung kann aufkommende Trends in der E-Sport-Welt identifizieren, egal ob sie sich auf beliebte Spielgenres, aufstrebende Interessensgebiete oder neue Technologien wie AR und VR beziehen. Indem sie immer einen Schritt voraus sind, k\u00f6nnen die Beteiligten Chancen nutzen, bevor sie zum Mainstream werden.<\/li>\n\n\n\n<li><strong>Optimierung der Einnahmequellen:<\/strong> Wenn Unternehmen verstehen, woher das Geld flie\u00dft und welche Wege den h\u00f6chsten ROI bieten, k\u00f6nnen sie ihre Monetarisierungsstrategien optimieren. Dazu k\u00f6nnen beispielsweise die Verfeinerung von Werbetaktiken, die Erkundung neuer Sponsoringm\u00f6glichkeiten oder die Investition in neue Einnahmequellen geh\u00f6ren.<\/li>\n\n\n\n<li><strong>St\u00e4rkung der Markenpositionierung:<\/strong> Durch E-Sport-Marktforschung k\u00f6nnen Erkenntnisse gewonnen werden, wie sich Unternehmen positionieren k\u00f6nnen, um beim E-Sport-Publikum Anklang zu finden und so f\u00fcr eine authentischere und wirksamere Markenpr\u00e4senz zu sorgen.<\/li>\n\n\n\n<li><strong>Feedbackschleife zur kontinuierlichen Verbesserung:<\/strong> Die Marktforschung im E-Sport ist keine einmalige \u00dcbung. Sie bietet regelm\u00e4\u00dfiges Feedback zu zuvor implementierten Strategien und erm\u00f6glicht so Anpassungen, Verfeinerungen und Verbesserungen auf der Grundlage realer Ergebnisse.<\/li>\n\n\n\n<li><strong>Vertrauen der Stakeholder und Attraktivit\u00e4t f\u00fcr Investitionen:<\/strong> Wenn Sie zeigen, dass Sie den Markt verstehen, st\u00e4rkt das das Vertrauen von Investoren, Sponsoren und anderen Stakeholdern. Es signalisiert Professionalit\u00e4t, strategische Weitsicht und das Engagement f\u00fcr langfristigen Erfolg.<\/li>\n<\/ul>\n\n\n\n<h2 class=\"wp-block-heading\">Globale E-Sport-Marktforschung: Chancen und Herausforderungen<\/h2>\n\n\n\n<p>Das Wachstum der E-Sport-Branche war unglaublich. Wie bei jeder schnell wachsenden Branche ist es von gr\u00f6\u00dfter Bedeutung, ihre komplexen Dynamiken zu verstehen. Daher ist die E-Sport-Marktforschung ein wichtiges Instrument, mit dem sich einzigartige Chancen und Herausforderungen in dieser Branche leicht erkennen lassen.<\/p>\n\n\n\n<h3 class=\"wp-block-heading\">M\u00f6glichkeiten in der E-Sport-Marktforschung:<\/h3>\n\n\n\n<figure class=\"gb-block-image gb-block-image-a9f11ab9\"><img loading=\"lazy\" decoding=\"async\" width=\"1456\" height=\"816\" class=\"gb-image gb-image-a9f11ab9\" src=\"https:\/\/www.sisinternational.com\/wp-content\/uploads\/2025\/08\/esports-gaming-e-sports1.jpg\" alt=\"SIS International Marktforschung &amp; Strategie\" title=\"esports gaming e-sports(1)\" srcset=\"https:\/\/www.sisinternational.com\/wp-content\/uploads\/2025\/08\/esports-gaming-e-sports1.jpg 1456w, https:\/\/www.sisinternational.com\/wp-content\/uploads\/2025\/08\/esports-gaming-e-sports1-300x168.jpg 300w, https:\/\/www.sisinternational.com\/wp-content\/uploads\/2025\/08\/esports-gaming-e-sports1-1024x574.jpg 1024w, https:\/\/www.sisinternational.com\/wp-content\/uploads\/2025\/08\/esports-gaming-e-sports1-768x430.jpg 768w, https:\/\/www.sisinternational.com\/wp-content\/uploads\/2025\/08\/esports-gaming-e-sports1-18x10.jpg 18w\" sizes=\"auto, (max-width: 1456px) 100vw, 1456px\"><\/figure>\n\n\n\n<ul class=\"wp-block-list\">\n<li><strong>Erkundung der Schwellenm\u00e4rkte:<\/strong> As E-Sports&#8217; popularity surges in regions like Southeast Asia, South America, and Africa, there is an <a href=\"https:\/\/www.sisinternational.com\/de\/chancen-und-hindernisse-des-islamischen-bankwesens-fur-die-us-finanzbranche\/\" title=\"Islamic Banking: Chancen und Hindernisse f\u00fcr die US-Finanzbranche\"  data-wpil-monitor-id=\"8372\">opportunity to study these emerging markets<\/a>, understand local preferences, and tailor strategies accordingly.<\/li>\n\n\n\n<li><strong>Monetarisierungsstrategien:<\/strong> Durch die Marktforschung im Bereich E-Sport lassen sich innovative Monetarisierungsm\u00f6glichkeiten erschlie\u00dfen, von In-Game-K\u00e4ufen bis hin zu neuen Werbeformaten, die ein digital versiertes Publikum ansprechen.<\/li>\n\n\n\n<li><strong>Zielgruppenprofilierung:<\/strong> Detailed audience segmentation can lead to highly targeted <a href=\"https:\/\/www.sisinternational.com\/de\/us-veteranen-marktforschung-2\/\" title=\"Marktforschung f\u00fcr US-Veteranen\"  data-wpil-monitor-id=\"8375\">marketing and engagement strategies<\/a>. From casual viewers to die-hard fans, understanding diverse audience profiles offers tailored engagement opportunities.<\/li>\n\n\n\n<li><strong>Einblicke in die Spieleentwicklung:<\/strong> F\u00fcr Spieleentwickler kann die E-Sport-Marktforschung Einblicke in beliebte Genres, Spielmechanismen und erz\u00e4hlerische Themen bieten und so die Entwicklung zuk\u00fcnftiger Hit-Titel vorantreiben.<\/li>\n\n\n\n<li><strong>Partnerschafts- und Kooperationspotenzial:<\/strong> Die Identifizierung potenzieller Synergien mit Nicht-Gaming-Branchen (wie Mode oder Musik) kann zu bahnbrechenden Kooperationen f\u00fchren, die die Sichtbarkeit und Attraktivit\u00e4t der Marke steigern.<\/li>\n\n\n\n<li><strong>Technologische Anpassung:<\/strong> Im Zuge der Weiterentwicklung von Technologien wie VR, AR und Cloud-Gaming kann die Marktforschung ihre Akzeptanz und ihr Potenzial im E-Sport-\u00d6kosystem einsch\u00e4tzen und so Investitionen und Implementierungen steuern.<\/li>\n<\/ul>\n\n\n\n<h3 class=\"wp-block-heading\">Herausforderungen in der E-Sport-Marktforschung:<\/h3>\n\n\n\n<ul class=\"wp-block-list\">\n<li><strong>Vielf\u00e4ltige Zielgruppensegmentierung:<\/strong> Die globale Natur des E-Sports bedeutet ein riesiges und vielf\u00e4ltiges Publikum mit unterschiedlichen kulturellen, sprachlichen und Spielvorlieben. Das Erfassen und Analysieren dieser Vielfalt kann komplex sein.<\/li>\n\n\n\n<li><strong>Datenauthentizit\u00e4t und -integrit\u00e4t:<\/strong> With the proliferation of <a href=\"https:\/\/www.sisinternational.com\/de\/losungen\/b2b-online-community-marktforschungsunternehmen\/\" title=\"B2B Online Community Marktforschungsunternehmen\"  data-wpil-monitor-id=\"8387\">online platforms and communities<\/a>, ensuring that data sources are reliable and free from biases becomes challenging.<\/li>\n\n\n\n<li><strong>Regulatorische und geopolitische Variabilit\u00e4ten:<\/strong> Different countries may have distinct regulations concerning online gaming, data privacy, and broadcasting rights. <a href=\"https:\/\/www.sisinternational.com\/de\/europas-neue-globale-navigationstechnologie-gnss\/\" title=\"Was ist die globale GNSS-Navigationstechnologie?\"  data-wpil-monitor-id=\"8385\">Navigating this patchwork of regulations in global<\/a> research is intricate.<\/li>\n\n\n\n<li><strong>Vorurteile der Stakeholder:<\/strong> E-Sports, being a relatively new industry, may have stakeholders with strong biases or preconceived notions. These can <a href=\"https:\/\/www.sisinternational.com\/de\/losungen\/branding-und-kundenforschungslosungen\/influencer-marktforschung\/\" title=\"Influencer Marktforschung\"  data-wpil-monitor-id=\"8390\">influence the research<\/a> objectives or interpretation of findings.<\/li>\n<\/ul>\n\n\n\n<h2 class=\"wp-block-heading\">Zukunftsaussichten der E-Sport-Marktforschung<\/h2>\n\n\n\n<figure class=\"gb-block-image gb-block-image-68a1b676\"><img loading=\"lazy\" decoding=\"async\" width=\"1456\" height=\"816\" class=\"gb-image gb-image-68a1b676\" src=\"https:\/\/www.sisinternational.com\/wp-content\/uploads\/2025\/08\/esports-gaming-e-sports6.jpg\" alt=\"SIS International Marktforschung &amp; Strategie\" title=\"esports gaming e-sports(6)\" srcset=\"https:\/\/www.sisinternational.com\/wp-content\/uploads\/2025\/08\/esports-gaming-e-sports6.jpg 1456w, https:\/\/www.sisinternational.com\/wp-content\/uploads\/2025\/08\/esports-gaming-e-sports6-300x168.jpg 300w, https:\/\/www.sisinternational.com\/wp-content\/uploads\/2025\/08\/esports-gaming-e-sports6-1024x574.jpg 1024w, https:\/\/www.sisinternational.com\/wp-content\/uploads\/2025\/08\/esports-gaming-e-sports6-768x430.jpg 768w, https:\/\/www.sisinternational.com\/wp-content\/uploads\/2025\/08\/esports-gaming-e-sports6-18x10.jpg 18w\" sizes=\"auto, (max-width: 1456px) 100vw, 1456px\"><\/figure>\n\n\n\n<ul class=\"wp-block-list\">\n<li><strong>Entstehung neuer Spiele:<\/strong> W\u00e4hrend bestimmte Spiele wie \u201eLeague of Legends\u201c, \u201eDota 2\u201c und \u201eCounter-Strike: Global Offensive\u201c die E-Sport-Szene dominieren, wird die Popularit\u00e4t neuer Spiele zwangsl\u00e4ufig steigen und der Branche neue Chancen und Herausforderungen bieten.<\/li>\n\n\n\n<li><strong>Technologische Fortschritte:<\/strong> Da die Technologie, insbesondere in den Bereichen AR und VR, immer weiter fortschreitet, k\u00f6nnte es zu Ver\u00e4nderungen in der Art und Weise kommen, wie E-Sports gesehen und gespielt wird. Immersive E-Sports-Erlebnisse k\u00f6nnten die n\u00e4chste Grenze sein.<\/li>\n\n\n\n<li><strong>Vorschriften und Governance:<\/strong> Mit dem Wachstum der Branche w\u00e4chst auch der Bedarf an formelleren Strukturen und einer besseren F\u00fchrung. Man kann mit standardisierteren Regelungen bez\u00fcglich Spielervertr\u00e4gen, Anti-Doping und Wettkampfregeln rechnen.<\/li>\n\n\n\n<li><strong>Gesundheit und Wellness:<\/strong> Da das Bewusstsein f\u00fcr die k\u00f6rperliche und geistige Gesundheit von E-Sport-Athleten w\u00e4chst, wird der Schwerpunkt verst\u00e4rkt auf die Gew\u00e4hrleistung des Wohlbefindens der Spieler liegen.<\/li>\n\n\n\n<li><strong>Medienrechte:<\/strong> Traditionelle Medienplattformen wie Fernsehsender k\u00f6nnten ein erh\u00f6htes Interesse an der \u00dcbertragung von E-Sport-Events zeigen. Dies k\u00f6nnte den Preis und den Wettbewerb um Medienrechte in die H\u00f6he treiben.<\/li>\n\n\n\n<li><strong>Entwicklung der Infrastruktur:<\/strong> Da die Nachfrage nach hochwertigen Veranstaltungsorten steigt, k\u00f6nnten weltweit weitere spezielle E-Sport-Arenen und Trainingseinrichtungen entstehen.<\/li>\n\n\n\n<li><strong>Integration mit traditionellen Sportarten:<\/strong> Es k\u00f6nnte zu verst\u00e4rkten \u00dcberschneidungen und Kooperationen zwischen traditionellen Sportarten und E-Sport kommen, was m\u00f6glicherweise zur Entstehung von Hybridveranstaltungen oder -ligen f\u00fchrt.<\/li>\n<\/ul>","protected":false},"excerpt":{"rendered":"<p>E-Sport steht f\u00fcr die wettbewerbsorientierte Welt der Videospiele, in der Einzelpersonen oder Teams um Prestige und hohe Geldpreise k\u00e4mpfen.<\/p>","protected":false},"author":1,"featured_media":64491,"parent":14514,"menu_order":356,"comment_status":"closed","ping_status":"closed","template":"","meta":{"footnotes":""},"class_list":["post-43377","page","type-page","status-publish","has-post-thumbnail"],"_links":{"self":[{"href":"https:\/\/www.sisinternational.com\/de\/wp-json\/wp\/v2\/pages\/43377","targetHints":{"allow":["GET"]}}],"collection":[{"href":"https:\/\/www.sisinternational.com\/de\/wp-json\/wp\/v2\/pages"}],"about":[{"href":"https:\/\/www.sisinternational.com\/de\/wp-json\/wp\/v2\/types\/page"}],"author":[{"embeddable":true,"href":"https:\/\/www.sisinternational.com\/de\/wp-json\/wp\/v2\/users\/1"}],"replies":[{"embeddable":true,"href":"https:\/\/www.sisinternational.com\/de\/wp-json\/wp\/v2\/comments?post=43377"}],"version-history":[{"count":4,"href":"https:\/\/www.sisinternational.com\/de\/wp-json\/wp\/v2\/pages\/43377\/revisions"}],"predecessor-version":[{"id":81404,"href":"https:\/\/www.sisinternational.com\/de\/wp-json\/wp\/v2\/pages\/43377\/revisions\/81404"}],"up":[{"embeddable":true,"href":"https:\/\/www.sisinternational.com\/de\/wp-json\/wp\/v2\/pages\/14514"}],"wp:featuredmedia":[{"embeddable":true,"href":"https:\/\/www.sisinternational.com\/de\/wp-json\/wp\/v2\/media\/64491"}],"wp:attachment":[{"href":"https:\/\/www.sisinternational.com\/de\/wp-json\/wp\/v2\/media?parent=43377"}],"curies":[{"name":"wp","href":"https:\/\/api.w.org\/{rel}","templated":true}]}}