{"id":43349,"date":"2023-09-02T18:17:55","date_gmt":"2023-09-02T22:17:55","guid":{"rendered":"https:\/\/www.sisinternational.com\/?page_id=43349"},"modified":"2026-03-25T01:20:42","modified_gmt":"2026-03-25T05:20:42","slug":"marktforschung-fur-scharfe-nahrungsmittel-und-getranke","status":"publish","type":"page","link":"https:\/\/www.sisinternational.com\/de\/losungen\/marktforschung-fur-die-lebensmittel-und-getrankeindustrie\/marktforschung-fur-scharfe-nahrungsmittel-und-getranke\/","title":{"rendered":"Marktforschung f\u00fcr scharfe Lebensmittel und Getr\u00e4nke"},"content":{"rendered":"<h1 class=\"wp-block-heading\">Marktforschung f\u00fcr scharfe Lebensmittel und Getr\u00e4nke<\/h1>\n\n\n\n<figure class=\"gb-block-image gb-block-image-ed57457d\"><img loading=\"lazy\" decoding=\"async\" width=\"1456\" height=\"816\" class=\"gb-image gb-image-ed57457d\" src=\"https:\/\/www.sisinternational.com\/wp-content\/uploads\/2025\/08\/Spicy-food-2.jpg\" alt=\"SIS International Marktforschung &amp; Strategie\" title=\"Spicy food (2)\" srcset=\"https:\/\/www.sisinternational.com\/wp-content\/uploads\/2025\/08\/Spicy-food-2.jpg 1456w, https:\/\/www.sisinternational.com\/wp-content\/uploads\/2025\/08\/Spicy-food-2-300x168.jpg 300w, https:\/\/www.sisinternational.com\/wp-content\/uploads\/2025\/08\/Spicy-food-2-1024x574.jpg 1024w, https:\/\/www.sisinternational.com\/wp-content\/uploads\/2025\/08\/Spicy-food-2-768x430.jpg 768w, https:\/\/www.sisinternational.com\/wp-content\/uploads\/2025\/08\/Spicy-food-2-18x10.jpg 18w\" sizes=\"auto, (max-width: 1456px) 100vw, 1456px\"><\/figure>\n\n\n\n<p><\/p>\n\n\n\n<p>Scharfes Essen hat die Gaumen unz\u00e4hliger Menschen aus verschiedenen Kulturen verzaubert \u2013 und ist f\u00fcr viele zu einem kulinarischen Abenteuer geworden. Jetzt, da globales Reisen und Technologie Gemeinschaften verbinden, gibt es weltweit einen sp\u00fcrbaren Anstieg der Nachfrage nach w\u00fcrzigen kulinarischen K\u00f6stlichkeiten.<\/p>\n\n\n\n<p>Da die Bedeutung scharfer Speisen zunimmt, wird auch die Marktforschung zu scharfen Speisen und Getr\u00e4nken immer intensiver. Die Vertiefung der Dynamiken dieses scharfen Bereichs deckt also Verbraucherpr\u00e4ferenzen auf, hebt potenzielle Wachstumschancen hervor und mindert Risiken \u2013 neben vielen anderen Vorteilen.<\/p>\n\n\n\n<h2 class=\"wp-block-heading\">Vorteile der Marktforschung zu scharfen Lebensmitteln und Getr\u00e4nken<\/h2>\n\n\n\n<p>Spicy <a href=\"https:\/\/www.sisinternational.com\/de\/sachverstand\/branchen\/abendessen-essen-getranke-marktforschung\/\" title=\"Marktforschung f\u00fcr Speisen und Getr\u00e4nke zum Abendessen\"  data-wpil-monitor-id=\"7160\">food and beverage market research<\/a> offers profound insights for various stakeholders in the food industry. Here are some of the most important benefits:<\/p>\n\n\n\n<ul class=\"wp-block-list\">\n<li><strong>Verbraucherpr\u00e4ferenzen verstehen:<\/strong> Spicy food and <a href=\"https:\/\/www.sisinternational.com\/de\/losungen\/marktforschung-fur-die-lebensmittel-und-getrankeindustrie\/marktforschung-fur-trinkfertige-getranke\/\" title=\"Marktforschung f\u00fcr trinkfertige Getr\u00e4nke (RTD)\"  data-wpil-monitor-id=\"11493\">Getr\u00e4nkemarktforschung<\/a> helps ascertain consumer preferences, from the type of spices they enjoy to the level of heat they can tolerate. This knowledge aids in tailoring products to fit consumer tastes more precisely.<\/li>\n\n\n\n<li><strong>Identifying <\/strong><a href=\"https:\/\/www.sisinternational.com\/de\/sachverstand\/branchen\/marktforschung-fur-tiefkuhlkost\/\" title=\"Marktforschung f\u00fcr Tiefk\u00fchlkost\"  data-wpil-monitor-id=\"10248\">Market Opportunities: The spicy food<\/a> market is vast. Through research, businesses can pinpoint gaps in the market, uncovering opportunities for new products, flavors \u2013 or even entire cuisines that might be underrepresented.<\/li>\n\n\n\n<li><strong>Risikominderung:<\/strong> Durch das Verst\u00e4ndnis des Marktes durch Marktforschung im Bereich scharfer Nahrungsmittel und Getr\u00e4nke k\u00f6nnen Sie die Wahrscheinlichkeit eines Misserfolgs eines Produkts minimieren, indem Sie sicherstellen, dass es den W\u00fcnschen und Vorlieben der Verbraucher entspricht.<\/li>\n\n\n\n<li><strong>Kulturelle Nuancen verstehen:<\/strong> Scharfes Essen ist tief in kulturellen Traditionen verwurzelt. Marktforschung zu scharfen Lebensmitteln und Getr\u00e4nken hilft Unternehmen, diese Nuancen zu verstehen und sicherzustellen, dass ihre Produkte kulturell sensibel sind und bei der Zielgruppe Anklang finden.<\/li>\n\n\n\n<li><strong>Steigerung von Umsatz und Profitabilit\u00e4t:<\/strong> By understanding what <a href=\"https:\/\/www.sisinternational.com\/de\/kundenzufriedenheitsanalyse\/\" title=\"8 M\u00f6glichkeiten zur Steigerung der Kundenzufriedenheit im Einzelhandel\"  data-wpil-monitor-id=\"10246\">consumers<\/a> want and aligning products accordingly, businesses can optimize sales strategies, potentially leading to increased profitability.<\/li>\n\n\n\n<li><strong>St\u00e4rkung der Markentreue:<\/strong> Indem sie auf die speziellen Vorlieben der Verbraucher in Bezug auf scharfes Essen eingehen, k\u00f6nnen Marken einen treuen Kundenstamm aufbauen, der ihre Liebe zum Detail und Authentizit\u00e4t zu sch\u00e4tzen wei\u00df.<\/li>\n\n\n\n<li><strong>Gef\u00fchrtes Marketing und Werbung:<\/strong> Die Marktforschung f\u00fcr scharfe Nahrungsmittel und Getr\u00e4nke bietet Einblicke in die besten Kan\u00e4le und Strategien zur Vermarktung scharfer Nahrungsmittel und stellt sicher, dass die Marketingbudgets effektiv eingesetzt werden.<\/li>\n\n\n\n<li><a href=\"https:\/\/www.sisinternational.com\/de\/losungen\/fintech-strategieberatung-forschung\/marktforschung-im-bereich-supply-chain-finance\/\" title=\"Marktforschung f\u00fcr Supply Chain Finance\"  data-wpil-monitor-id=\"10247\">Supply Chain Optimization: Research<\/a> can highlight where the most sought-after spicy ingredients are sourced and help businesses optimize their supply chains accordingly, ensuring consistent quality and timely delivery.<\/li>\n\n\n\n<li><strong>Einblicke in Gesundheit und Wellness:<\/strong> Angesichts des wachsenden Interesses an den gesundheitlichen Vorteilen scharfer Speisen bietet die Marktforschung zu scharfen Speisen und Getr\u00e4nken Einblicke in das Bewusstsein und die Vorlieben der Verbraucher in diesem Bereich und erm\u00f6glicht so eine Produktentwicklung, die sich an Wellness-Trends orientiert.<\/li>\n\n\n\n<li><strong>Wettbewerbsanalyse:<\/strong> Die Marktforschung f\u00fcr scharfe Speisen und Getr\u00e4nke bietet Einblicke in das Verhalten der Konkurrenz und erm\u00f6glicht es Unternehmen, ihre Alleinstellungsmerkmale zu identifizieren und sich auf dem Markt zu differenzieren.<\/li>\n<\/ul>\n\n\n\n<h2 class=\"wp-block-heading\">Aktuelle M\u00f6glichkeiten in der Marktforschung f\u00fcr scharfe Lebensmittel und Getr\u00e4nke<\/h2>\n\n\n\n<figure class=\"gb-block-image gb-block-image-99f7de00\"><img loading=\"lazy\" decoding=\"async\" width=\"1456\" height=\"816\" class=\"gb-image gb-image-99f7de00\" src=\"https:\/\/www.sisinternational.com\/wp-content\/uploads\/2025\/08\/Spicy-food-12.jpg\" alt=\"SIS International Marktforschung &amp; Strategie\" title=\"Spicy food (12)\" srcset=\"https:\/\/www.sisinternational.com\/wp-content\/uploads\/2025\/08\/Spicy-food-12.jpg 1456w, https:\/\/www.sisinternational.com\/wp-content\/uploads\/2025\/08\/Spicy-food-12-300x168.jpg 300w, https:\/\/www.sisinternational.com\/wp-content\/uploads\/2025\/08\/Spicy-food-12-1024x574.jpg 1024w, https:\/\/www.sisinternational.com\/wp-content\/uploads\/2025\/08\/Spicy-food-12-768x430.jpg 768w, https:\/\/www.sisinternational.com\/wp-content\/uploads\/2025\/08\/Spicy-food-12-18x10.jpg 18w\" sizes=\"auto, (max-width: 1456px) 100vw, 1456px\"><\/figure>\n\n\n\n<p>Da die weltweite Nachfrage nach scharfen Speisen weiter steigt, bieten sich Unternehmen und Forschern zahlreiche M\u00f6glichkeiten im Bereich der Marktforschung f\u00fcr scharfe Speisen und Getr\u00e4nke. Hier ein genauerer Blick:<\/p>\n\n\n\n<ul class=\"wp-block-list\">\n<li><strong>Gesundheits- und Wellness-Trend:<\/strong> The potential health benefits of capsaicin and other compounds found in spicy foods, such as metabolism-boosting properties and anti-inflammatory effects, can be further <a href=\"https:\/\/www.sisinternational.com\/de\/sachverstand\/branchen\/produktforschung\/\" title=\"Produktforschung\"  data-wpil-monitor-id=\"10251\">researched and leveraged for new product<\/a> development.<\/li>\n\n\n\n<li><strong>Spezialprodukte:<\/strong> From extra-hot sauces to spice-infused snacks, there is a niche market for specialized <a href=\"https:\/\/www.sisinternational.com\/de\/sachverstand\/branchen\/heatmap-marktforschung\/\" title=\"Heatmap-Marktforschung\"  data-wpil-monitor-id=\"7667\">spicy<\/a> products tailored for heat enthusiasts.<\/li>\n\n\n\n<li><strong>Fusionsk\u00fcche:<\/strong> As global barriers diminish, fusion cuisines that blend the spicy flavors of two or more cultures are gaining traction. Researching these fusion trends can lead to <a href=\"https:\/\/www.sisinternational.com\/de\/sis-bringt-neue-digitale-forschungslosungen-auf-den-markt\/\" title=\"SIS f\u00fchrt neue Digital Research-L\u00f6sungen ein\"  data-wpil-monitor-id=\"10245\">innovative<\/a> and unique product lines.<\/li>\n\n\n\n<li><strong>Umweltfreundliche und nachhaltige Beschaffung:<\/strong> Da Verbraucher sich immer st\u00e4rker der Nachhaltigkeit bewusst werden, steigt die Nachfrage nach ethisch einwandfreien w\u00fcrzigen Zutaten. Marktforschung f\u00fcr w\u00fcrzige Lebensmittel und Getr\u00e4nke kann diese Nachfrage identifizieren und Unternehmen bei der Beschaffung und Vermarktung unterst\u00fctzen.<\/li>\n\n\n\n<li><strong>Personalisierte scharfe Essenserlebnisse:<\/strong> Mit dem Aufkommen k\u00fcnstlicher Intelligenz und Datenanalyse besteht die M\u00f6glichkeit, personalisierte Erlebnisse mit scharfem Essen anzubieten, etwa ma\u00dfgeschneiderte Gew\u00fcrzmischungen auf Grundlage individueller Vorlieben.<\/li>\n\n\n\n<li><strong>Scharfe Lebensmittel mit pflanzlichen und alternativen Proteinen:<\/strong> With the rise of vegetarianism and veganism, there is an opportunity to <a href=\"https:\/\/www.sisinternational.com\/de\/claim-research-for-food-and-beverage-taste-tests-validating-your-product-claims\/\" title=\"Claim Research for Food and Beverage Taste Tests: Validating Your Product Claims\"  data-wpil-monitor-id=\"10249\">research and develop spicy food products<\/a> that align with these dietary choices.<\/li>\n\n\n\n<li><strong>Bildungs- und Kulinariktourismus:<\/strong> Liebhaber scharfer Speisen suchen oft nach authentischen Erlebnissen. Es gibt die M\u00f6glichkeit, an kulinarischen Touren, Workshops und Bildungsplattformen teilzunehmen, die sich mit scharfen Speisen befassen.<\/li>\n\n\n\n<li><strong>Digitale Plattformen und Apps:<\/strong> Von Rezeptplattformen f\u00fcr scharfes Essen bis hin zu Apps, mit denen scharfe Gerichte in Restaurants bewertet und rezensiert werden k\u00f6nnen, bietet die digitale Welt Liebhabern scharfen Essens zahlreiche M\u00f6glichkeiten.<\/li>\n<\/ul>\n\n\n\n<h2 class=\"wp-block-heading\">Herausforderungen bei der Marktforschung f\u00fcr scharfe Lebensmittel und Getr\u00e4nke<\/h2>\n\n\n\n<p>Understanding spicy <a href=\"https:\/\/www.sisinternational.com\/de\/losungen\/marktforschung-fur-die-lebensmittel-und-getrankeindustrie\/\" title=\"Lebensmittel- und Getr\u00e4nkeindustrie Marktforschung\"  data-wpil-monitor-id=\"10250\">Nahrungsmittelindustrie<\/a> challenges can help stakeholders prepare adequately and ensure that research efforts yield meaningful insights. Here&#8217;s an exploration of some significant challenges:<\/p>\n\n\n\n<ul class=\"wp-block-list\">\n<li><strong>Unterschiedlicher Geschmack und Hitzetoleranz:<\/strong> Verschiedene Menschen und Kulturen haben eine unterschiedliche Toleranz gegen\u00fcber Sch\u00e4rfe. Diese Unterschiede zu quantifizieren und zu kategorisieren kann eine Herausforderung sein, insbesondere wenn man ein Produkt mit breiter Anziehungskraft anstrebt.<\/li>\n\n\n\n<li><strong>Standardisierung der \u201eSch\u00e4rfe\u201c:<\/strong> Den Sch\u00e4rfegrad f\u00fcr verschiedene Produkte und K\u00fcchen einheitlich zu messen, ist schwierig. Zwar gibt es Ma\u00dfst\u00e4be wie die Scoville Heat Units (SHU) f\u00fcr Chilischoten, aber nicht alle scharfen Lebensmittel und Zutaten lassen sich problemlos in solche Skalen einordnen.<\/li>\n\n\n\n<li><strong>Probleme in der Lieferkette:<\/strong> Die durchgehende Beschaffung authentischer und qualitativ hochwertiger w\u00fcrziger Zutaten kann eine Herausforderung sein, insbesondere wenn Faktoren wie saisonale Schwankungen und geopolitische Probleme die Verf\u00fcgbarkeit beeinflussen.<\/li>\n\n\n\n<li><strong>Regulierungs- und Kennzeichnungsherausforderungen:<\/strong> In verschiedenen Regionen gelten unterschiedliche Vorschriften zur Lebensmittelkennzeichnung, insbesondere wenn es um Angaben zu gesundheitlichen Vorteilen oder Sch\u00e4rfegraden geht. Diese Vorschriften zu beachten, kann komplex sein.<\/li>\n\n\n\n<li><strong>Wettbewerb und Markts\u00e4ttigung:<\/strong> As the popularity of spicy foods grows, so does the number of competitors. Differentiating a <a href=\"https:\/\/www.sisinternational.com\/de\/sachverstand\/lebenslaufe\/marktforschung-fur-korperpflegeprodukte\/\" title=\"Marktforschung f\u00fcr K\u00f6rperpflegeprodukte\"  data-wpil-monitor-id=\"10252\">product in a crowded market<\/a> and identifying unique selling points becomes challenging.<\/li>\n\n\n\n<li><strong>Neue Gesundheits- und Ern\u00e4hrungstrends:<\/strong> Trends wie Veganismus, Keto oder glutenfreie Ern\u00e4hrung werden immer beliebter und auch scharfe Lebensmittel und Gerichte m\u00fcssen sich anpassen, was kontinuierliche Forschung und Produktentwicklung erfordert.<\/li>\n<\/ul>\n\n\n\n<h2 class=\"wp-block-heading\">Marktforschung f\u00fcr scharfe Lebensmittel und Getr\u00e4nke: Die wichtigsten Chilis f\u00fcr scharfe Lebensmittel<\/h2>\n\n\n\n<figure class=\"gb-block-image gb-block-image-e5a820aa\"><img loading=\"lazy\" decoding=\"async\" width=\"1456\" height=\"816\" class=\"gb-image gb-image-e5a820aa\" src=\"https:\/\/www.sisinternational.com\/wp-content\/uploads\/2025\/08\/Spicy-food-6.jpg\" alt=\"SIS International Marktforschung &amp; Strategie\" title=\"Spicy food (6)\" srcset=\"https:\/\/www.sisinternational.com\/wp-content\/uploads\/2025\/08\/Spicy-food-6.jpg 1456w, https:\/\/www.sisinternational.com\/wp-content\/uploads\/2025\/08\/Spicy-food-6-300x168.jpg 300w, https:\/\/www.sisinternational.com\/wp-content\/uploads\/2025\/08\/Spicy-food-6-1024x574.jpg 1024w, https:\/\/www.sisinternational.com\/wp-content\/uploads\/2025\/08\/Spicy-food-6-768x430.jpg 768w, https:\/\/www.sisinternational.com\/wp-content\/uploads\/2025\/08\/Spicy-food-6-18x10.jpg 18w\" sizes=\"auto, (max-width: 1456px) 100vw, 1456px\"><\/figure>\n\n\n\n<p><\/p>\n\n\n\n<p>Wenn Unternehmen in den Markt f\u00fcr scharfe Speisen einsteigen, d\u00fcrfen sie den Eckpfeiler dieser kulinarischen Nische nicht \u00fcbersehen: Chilis. F\u00fcr jedes Unternehmen, das sich in der Welt der scharfen Speisen einen Namen machen m\u00f6chte, ist es entscheidend, die verschiedenen Chilisorten zu kennen, die den Markt dominieren.<\/p>\n\n\n\n<p>Von ihrem Sch\u00e4rfegrad bis zu ihren regionalen Vorlieben spielen Chilis eine entscheidende Rolle bei der Gestaltung der Entscheidungen und Vorlieben der Verbraucher. Im Folgenden sind einige der wichtigsten Chilis aufgef\u00fchrt, die in der scharfen Lebensmittelindustrie eine wichtige Rolle spielen:<\/p>\n\n\n\n<ul class=\"wp-block-list\">\n<li><strong>Habanero:<\/strong> Die Habanero-Chili ist f\u00fcr ihre feurige Sch\u00e4rfe und ihren fruchtigen Geschmack bekannt und bei Liebhabern extrem scharfer Speisen beliebt. Urspr\u00fcnglich aus der Karibik stammend, hat diese Chili ihren Weg in die verschiedensten K\u00fcchen der Welt gefunden, vor allem in scharfen Saucen und Marinaden.<\/li>\n\n\n\n<li><strong>Poblano:<\/strong> Die Poblano-Chili ist etwas milder und bietet einen reichen, erdigen Geschmack, ohne den Gaumen zu \u00fcberw\u00e4ltigen. Sie wird h\u00e4ufig in der mexikanischen K\u00fcche verwendet, oft gef\u00fcllt oder gebraten und ist ein Grundnahrungsmittel in Gerichten wie Chiles Rellenos.<\/li>\n\n\n\n<li><strong>Jalapeno:<\/strong> Jalape\u00f1o-Chilis sind in der nordamerikanischen und mexikanischen K\u00fcche beliebt und bieten eine moderate Sch\u00e4rfe und eine knackige Textur. Sie sind vielseitig einsetzbar und kommen in allem vor, von Salsa bis Poppers, und sogar in ger\u00e4ucherter Form, bekannt als Chipotle.<\/li>\n\n\n\n<li><strong>Cayenne:<\/strong> Cayenne-Chilis werden oft zu Pulver gemahlen und sind ein Grundbestandteil verschiedener Gew\u00fcrzmischungen und werden in vielen K\u00fcchen verwendet. Ihr Sch\u00e4rfegrad ist mittel bis hoch, wodurch sie f\u00fcr eine Reihe scharfer Gerichte geeignet sind.<\/li>\n\n\n\n<li><strong>Scotch Bonnet:<\/strong> \u00c4hnlich wie die Habanero, aber mit s\u00fc\u00dferem Geschmack, wird der Scotch Bonnet h\u00e4ufig in karibischen Gerichten verwendet.<\/li>\n\n\n\n<li><strong>Geistpfeffer:<\/strong> Die aus Indien stammende Bhut Jolokia ist eine der sch\u00e4rfsten Chilisorten der Welt. Sie wird sparsam verwendet, hat aber unter Liebhabern extremer Sch\u00e4rfe Kultstatus erlangt, insbesondere im Bereich scharfer Saucen und scharfer Herausforderungen.<\/li>\n\n\n\n<li><strong>Anaheim:<\/strong> Benannt nach der kalifornischen Stadt, wird diese milde Chili oft in der K\u00fcche des amerikanischen S\u00fcdwestens verwendet. Sie eignet sich hervorragend zum Braten und ist h\u00e4ufig in Chili Verde und anderen Eintopfgerichten zu finden.<\/li>\n<\/ul>","protected":false},"excerpt":{"rendered":"<p>Gew\u00fcrze verzaubern Gaumen auf der ganzen Welt. Marktforschung zu scharfen Lebensmitteln und Getr\u00e4nken hilft dabei, Verbraucherpr\u00e4ferenzen, Aussichten und Risiken zu identifizieren.<\/p>","protected":false},"author":1,"featured_media":63879,"parent":22018,"menu_order":355,"comment_status":"closed","ping_status":"closed","template":"","meta":{"footnotes":""},"class_list":["post-43349","page","type-page","status-publish","has-post-thumbnail"],"_links":{"self":[{"href":"https:\/\/www.sisinternational.com\/de\/wp-json\/wp\/v2\/pages\/43349","targetHints":{"allow":["GET"]}}],"collection":[{"href":"https:\/\/www.sisinternational.com\/de\/wp-json\/wp\/v2\/pages"}],"about":[{"href":"https:\/\/www.sisinternational.com\/de\/wp-json\/wp\/v2\/types\/page"}],"author":[{"embeddable":true,"href":"https:\/\/www.sisinternational.com\/de\/wp-json\/wp\/v2\/users\/1"}],"replies":[{"embeddable":true,"href":"https:\/\/www.sisinternational.com\/de\/wp-json\/wp\/v2\/comments?post=43349"}],"version-history":[{"count":8,"href":"https:\/\/www.sisinternational.com\/de\/wp-json\/wp\/v2\/pages\/43349\/revisions"}],"predecessor-version":[{"id":85101,"href":"https:\/\/www.sisinternational.com\/de\/wp-json\/wp\/v2\/pages\/43349\/revisions\/85101"}],"up":[{"embeddable":true,"href":"https:\/\/www.sisinternational.com\/de\/wp-json\/wp\/v2\/pages\/22018"}],"wp:featuredmedia":[{"embeddable":true,"href":"https:\/\/www.sisinternational.com\/de\/wp-json\/wp\/v2\/media\/63879"}],"wp:attachment":[{"href":"https:\/\/www.sisinternational.com\/de\/wp-json\/wp\/v2\/media?parent=43349"}],"curies":[{"name":"wp","href":"https:\/\/api.w.org\/{rel}","templated":true}]}}