{"id":43346,"date":"2023-09-02T18:03:44","date_gmt":"2023-09-02T22:03:44","guid":{"rendered":"https:\/\/www.sisinternational.com\/?page_id=43346"},"modified":"2026-01-27T15:22:04","modified_gmt":"2026-01-27T20:22:04","slug":"stichproben-marktforschung","status":"publish","type":"page","link":"https:\/\/www.sisinternational.com\/de\/sachverstand\/stichproben-marktforschung\/","title":{"rendered":"Stichproben-Marktforschung"},"content":{"rendered":"<h1 class=\"wp-block-heading\">Stichproben-Marktforschung<\/h1>\n\n\n\n<figure class=\"gb-block-image gb-block-image-c2038f84\"><img loading=\"lazy\" decoding=\"async\" width=\"1456\" height=\"816\" class=\"gb-image gb-image-c2038f84\" src=\"https:\/\/www.sisinternational.com\/wp-content\/uploads\/2025\/09\/Quantitative-research-1d4-2.jpg\" alt=\"SIS International Marktforschung &amp; Strategie\" title=\"Quantitative research (1d4) (2)\" srcset=\"https:\/\/www.sisinternational.com\/wp-content\/uploads\/2025\/09\/Quantitative-research-1d4-2.jpg 1456w, https:\/\/www.sisinternational.com\/wp-content\/uploads\/2025\/09\/Quantitative-research-1d4-2-300x168.jpg 300w, https:\/\/www.sisinternational.com\/wp-content\/uploads\/2025\/09\/Quantitative-research-1d4-2-1024x574.jpg 1024w, https:\/\/www.sisinternational.com\/wp-content\/uploads\/2025\/09\/Quantitative-research-1d4-2-768x430.jpg 768w, https:\/\/www.sisinternational.com\/wp-content\/uploads\/2025\/09\/Quantitative-research-1d4-2-18x10.jpg 18w\" sizes=\"auto, (max-width: 1456px) 100vw, 1456px\"><\/figure>\n\n\n\n<p><\/p>\n\n\n\n<p>In der Marktforschung ist das Verst\u00e4ndnis gro\u00dfer Bev\u00f6lkerungsgruppen eine komplexe Aufgabe. Die Herausforderung besteht nicht nur darin, Daten zu sammeln, sondern auch sicherzustellen, dass die Daten das Verhalten, die Vorlieben und die Stimmungen einer Zielgruppe genau widerspiegeln. Hier liegt die Bedeutung der stichprobenbasierten Marktforschung.<\/p>\n\n\n\n<p>Bei der Stichproben-Marktforschung geht es, wie das Schl\u00fcsselwort schon sagt, um die sorgf\u00e4ltige Auswahl einer bestimmten Gruppe (oder Stichprobe) aus einer gr\u00f6\u00dferen Population, um sicherzustellen, dass diese Gruppe in ihren Merkmalen die gr\u00f6\u00dfere Gruppe widerspiegelt. Durch die Untersuchung dieser Stichprobe k\u00f6nnen Forscher Schlussfolgerungen und Erkenntnisse \u00fcber die breitere Population gewinnen, wodurch der Forschungsprozess durchf\u00fchrbarer, effizienter und kosteng\u00fcnstiger wird.<\/p>\n\n\n\n<h2 class=\"wp-block-heading\">Sampling-Marktforschung verstehen<\/h2>\n\n\n\n<p>The primary <a href=\"https:\/\/www.sisinternational.com\/de\/losungen\/ai-marktforschung-und-strategieberatung\/objekterkennung-ki-marktforschung\/\" title=\"Marktforschung zur Objekterkennung mit KI\"  data-wpil-monitor-id=\"7306\">objective of sampling market research<\/a> ensures that this sample is representative of the broader group in terms of key characteristics and behaviors.<\/p>\n\n\n\n<p>Da es physisch unm\u00f6glich oder unerschwinglich teuer ist, jedes Individuum einer gro\u00dfen Population zu erreichen, stellt die Stichprobennahme eine handhabbare Methode zur Datenerfassung dar \u2013 und eine gut gew\u00e4hlte Stichprobe kann ebenso genaue Ergebnisse liefern wie die Untersuchung der gesamten Population.<\/p>\n\n\n\n<p>Durch Stichproben k\u00f6nnen Forscher au\u00dferdem schneller Ergebnisse erzielen. Diese Geschwindigkeit kann bei zeitkritischen Projekten oder sich schnell ver\u00e4ndernden M\u00e4rkten entscheidend sein. Eines der Grundprinzipien der Stichproben-Marktforschung besteht darin, sicherzustellen, dass die ausgew\u00e4hlte Stichprobe repr\u00e4sentativ ist. Wenn eine Stichprobe die Zusammensetzung der Gesamtbev\u00f6lkerung nicht genau widerspiegelt, k\u00f6nnen die daraus gezogenen Schlussfolgerungen irref\u00fchrend sein.<\/p>\n\n\n\n<h2 class=\"wp-block-heading\">Vorteile der Stichproben-Marktforschung<\/h2>\n\n\n\n<figure class=\"gb-block-image gb-block-image-d1b1a4f5\"><img loading=\"lazy\" decoding=\"async\" width=\"1456\" height=\"816\" class=\"gb-image gb-image-d1b1a4f5\" src=\"https:\/\/www.sisinternational.com\/wp-content\/uploads\/2025\/09\/Quantitative-research-22.jpg\" alt=\"SIS International Marktforschung &amp; Strategie\" title=\"Quantitative research (22)\" srcset=\"https:\/\/www.sisinternational.com\/wp-content\/uploads\/2025\/09\/Quantitative-research-22.jpg 1456w, https:\/\/www.sisinternational.com\/wp-content\/uploads\/2025\/09\/Quantitative-research-22-300x168.jpg 300w, https:\/\/www.sisinternational.com\/wp-content\/uploads\/2025\/09\/Quantitative-research-22-1024x574.jpg 1024w, https:\/\/www.sisinternational.com\/wp-content\/uploads\/2025\/09\/Quantitative-research-22-768x430.jpg 768w, https:\/\/www.sisinternational.com\/wp-content\/uploads\/2025\/09\/Quantitative-research-22-18x10.jpg 18w\" sizes=\"auto, (max-width: 1456px) 100vw, 1456px\"><\/figure>\n\n\n\n<p><\/p>\n\n\n\n<p>Die Stichproben-Marktforschung hat ihre Position als Eckpfeiler der Marktforschung gefestigt, da sie eine rationalisierte, effiziente Methode zur Datenerfassung bietet, ohne Kompromisse bei der Genauigkeit einzugehen. Hier sind die wichtigsten Vorteile:<\/p>\n\n\n\n<ul class=\"wp-block-list\">\n<li><strong>Kosteneffizienz:<\/strong> Die Durchf\u00fchrung von Untersuchungen an einer Stichprobe statt an einer ganzen Population senkt die Kosten erheblich. Die finanziellen Einsparungen sind betr\u00e4chtlich, sowohl beim Personal als auch bei den Ressourcen. Das macht diese Methode besonders f\u00fcr Unternehmen mit Budgetbeschr\u00e4nkungen attraktiv.<\/li>\n\n\n\n<li><strong>Verwaltbarkeit:<\/strong> Die Verarbeitung der Daten einer kleineren Gruppe ist einfacher, was den Prozess der Datenanalyse und -interpretation einfacher macht. Dies erm\u00f6glicht ein gezielteres und differenzierteres Verst\u00e4ndnis der Daten.<\/li>\n\n\n\n<li><strong>Flexibilit\u00e4t:<\/strong> Durch die Stichprobennahme k\u00f6nnen Forscher flexibel vorgehen. Sie k\u00f6nnen ihre Methoden je nach Stichprobengr\u00f6\u00dfe, Art der verwendeten Stichprobentechnik oder den spezifischen Anforderungen des Projekts anpassen.<\/li>\n\n\n\n<li><strong>Barrierefreiheit:<\/strong> Bestimmte Populationen oder demografische Gruppen sind m\u00f6glicherweise nur schwer in ihrer Gesamtheit zu erreichen. Durch Stichprobennahme erh\u00e4lt man Zugang zu einem Querschnitt dieser Gruppen und kann so sicherstellen, dass sie in der Forschung vertreten sind.<\/li>\n\n\n\n<li><strong>Erm\u00f6glicht eingehende Recherchen:<\/strong> Da weniger Befragte zur Verf\u00fcgung stehen, k\u00f6nnen Forscher tiefer in spezifische Themen eintauchen, detailliertere Fragen stellen und mehr Zeit mit jedem Teilnehmer verbringen. Diese Tiefe kann zu umfassenderen Erkenntnissen f\u00fchren als eine breitere Forschung.<\/li>\n\n\n\n<li><strong>Reduzierte Antwortausf\u00e4lle:<\/strong> Eine kleinere, gut ausgew\u00e4hlte Stichprobe kann im Vergleich zu breit angelegten Umfragen zu h\u00f6heren R\u00fccklaufquoten f\u00fchren. Ein h\u00f6heres Engagement kann zu umfassenderen und zuverl\u00e4ssigeren Daten f\u00fchren.<\/li>\n<\/ul>\n\n\n\n<h2 class=\"wp-block-heading\">Herausforderungen bei der Stichprobennahme in der Marktforschung<\/h2>\n\n\n\n<p>While sampling market research offers many advantages, it is not without its challenges. When not executed carefully, sampling can lead to misleading results. Here&#8217;s an overview of the potential challenges in <a href=\"https:\/\/www.sisinternational.com\/de\/abdeckung\/marktforschung-afrika\/marktforschung-in-mauretanien-afrika\/\" title=\"Marktforschung in Mauretanien, Afrika \u2013 ein \u00dcberblick\"  data-wpil-monitor-id=\"5290\">Stichproben-Marktforschung<\/a>:<\/p>\n\n\n\n<ul class=\"wp-block-list\">\n<li><strong>Stichprobenverzerrung:<\/strong> Eine der gr\u00f6\u00dften Herausforderungen bei der Stichprobennahme besteht darin, sicherzustellen, dass die Stichprobe wirklich repr\u00e4sentativ f\u00fcr die Gesamtbev\u00f6lkerung ist. Jede Abweichung kann zu verzerrten Ergebnissen f\u00fchren und die Erkenntnisse unzuverl\u00e4ssig oder irref\u00fchrend machen.<\/li>\n\n\n\n<li><strong>Bestimmen der richtigen Stichprobengr\u00f6\u00dfe:<\/strong> Eine zu kleine Stichprobe erfasst m\u00f6glicherweise nicht die Vielfalt und Nuancen einer Population, w\u00e4hrend eine \u00fcberm\u00e4\u00dfig gro\u00dfe Stichprobe m\u00f6glicherweise unn\u00f6tig und ressourcenintensiv ist.<\/li>\n\n\n\n<li><strong>Nichtantwortverzerrung:<\/strong> Nicht jeder, der f\u00fcr eine Stichprobe ausgew\u00e4hlt wird, wird m\u00f6glicherweise an einer Umfrage teilnehmen oder an einer Studie teilnehmen. Wenn sich die Merkmale der Nicht-Teilnehmer erheblich von denen der Teilnehmer unterscheiden, k\u00f6nnen die Ergebnisse verzerrt sein.<\/li>\n\n\n\n<li><strong>\u00dcbergeneralisierung:<\/strong> Es besteht das Risiko, dass Stichprobendaten auf die Gesamtbev\u00f6lkerung extrapoliert werden, ohne m\u00f6gliche Abweichungen oder Nuancen zu ber\u00fccksichtigen.<\/li>\n\n\n\n<li><strong>Logistische H\u00fcrden:<\/strong> Je nach verwendeter Stichprobenmethode kann es zu logistischen Herausforderungen kommen, wie etwa das Erreichen von Teilnehmern an entfernten Standorten oder das Sicherstellen einer zuf\u00e4lligen Auswahl bei der Feldarbeit.<\/li>\n\n\n\n<li><strong>Kosten\u00fcberschreitungen:<\/strong> W\u00e4hrend die Probenahme im Allgemeinen kosteng\u00fcnstig ist, k\u00f6nnen schlechte Planung oder unerwartete Herausforderungen dazu f\u00fchren, dass die Kosten das Budget \u00fcbersteigen.<\/li>\n\n\n\n<li><strong>Zeitliche \u00c4nderungen:<\/strong> Wenn bei L\u00e4ngsschnittstudien zwischen den Datenerhebungsphasen ein erheblicher Zeitabstand besteht, k\u00f6nnen sich im Laufe der Zeit erfolgende \u00c4nderungen auf die Repr\u00e4sentativit\u00e4t der Stichprobe auswirken.<\/li>\n\n\n\n<li><strong>Datenqualit\u00e4t:<\/strong> Bei einer kleineren Stichprobe wird die Qualit\u00e4t der von jedem Befragten erfassten Daten noch wichtiger. Ungenaue oder qualitativ minderwertige Antworten k\u00f6nnen die Ergebnisse erheblich beeintr\u00e4chtigen.<\/li>\n\n\n\n<li><strong>Vertrauen auf bereits vorhandene Daten:<\/strong> Wenn Forscher f\u00fcr die Stichprobennahme bereits vorhandene Daten oder Datenbanken verwenden, k\u00f6nnen der urspr\u00fcnglichen Methode der Datenerhebung inh\u00e4rente Einschr\u00e4nkungen oder Verzerrungen zugrunde liegen.<\/li>\n<\/ul>\n\n\n\n<h2 class=\"wp-block-heading\">Die Zukunft der Sampling-Marktforschung<\/h2>\n\n\n\n<figure class=\"gb-block-image gb-block-image-a2227238\"><img loading=\"lazy\" decoding=\"async\" width=\"1456\" height=\"816\" class=\"gb-image gb-image-a2227238\" src=\"https:\/\/www.sisinternational.com\/wp-content\/uploads\/2025\/09\/Quantitative-research-1d4-2.jpg\" alt=\"SIS International Marktforschung &amp; Strategie\" title=\"Quantitative research (1d4) (2)\" srcset=\"https:\/\/www.sisinternational.com\/wp-content\/uploads\/2025\/09\/Quantitative-research-1d4-2.jpg 1456w, https:\/\/www.sisinternational.com\/wp-content\/uploads\/2025\/09\/Quantitative-research-1d4-2-300x168.jpg 300w, https:\/\/www.sisinternational.com\/wp-content\/uploads\/2025\/09\/Quantitative-research-1d4-2-1024x574.jpg 1024w, https:\/\/www.sisinternational.com\/wp-content\/uploads\/2025\/09\/Quantitative-research-1d4-2-768x430.jpg 768w, https:\/\/www.sisinternational.com\/wp-content\/uploads\/2025\/09\/Quantitative-research-1d4-2-18x10.jpg 18w\" sizes=\"auto, (max-width: 1456px) 100vw, 1456px\"><\/figure>\n\n\n\n<p><\/p>\n\n\n\n<p>The increasing fusion of technology, data analytics, and traditional research methodologies promises to reshape the landscape of <a href=\"https:\/\/www.sisinternational.com\/de\/sachverstand\/branchen\/marktforschung-zur-markenneupositionierung-von-motorradern\/\" title=\"Marktforschung zur Markenneugestaltung f\u00fcr Motorr\u00e4der\"  data-wpil-monitor-id=\"4712\">sampling<\/a> market research. Here\u2019s a glimpse into what the future might hold for sampling market research:<\/p>\n\n\n\n<ul class=\"wp-block-list\">\n<li><strong>Integration von KI und maschinellem Lernen:<\/strong> Fortgeschrittene Algorithmen k\u00f6nnen dabei helfen, optimale Stichprobengr\u00f6\u00dfen zu bestimmen, Nichtantwortverzerrungen vorherzusagen und sogar repr\u00e4sentative Stichproben auszuw\u00e4hlen. Maschinelles Lernen kann dabei helfen, Stichprobentechniken auf der Grundlage historischer Daten und Trends zu verfeinern.<\/li>\n\n\n\n<li><strong>Verbesserte pr\u00e4diktive Analytik:<\/strong> Durch die Kombination von Sampling und erweiterter pr\u00e4diktiver Analytik lassen sich genauere Prognosen zu Markttrends, Verhaltensweisen und Verbraucherpr\u00e4ferenzen erstellen.<\/li>\n\n\n\n<li><strong>Virtuelle und Erweiterte Realit\u00e4t im Sampling:<\/strong> VR und AR k\u00f6nnen immersive Umfrageerlebnisse bieten, die zu einer umfangreicheren Datenerfassung aus Stichproben f\u00fchren. Dies kann insbesondere bei Produkttests oder erfahrungsbasiertem Feedback von Vorteil sein.<\/li>\n\n\n\n<li><strong>Globalisierung und interkulturelles Sampling:<\/strong> Da Unternehmen zunehmend globaler agieren, m\u00fcssen Stichprobenverfahren weiterentwickelt werden, um interkulturelle Nuancen und Unterschiede zu erfassen und sicherzustellen, dass die Stichproben in unterschiedlichen geografischen Regionen repr\u00e4sentativ sind.<\/li>\n\n\n\n<li><strong>Verst\u00e4rkter Schwerpunkt auf ethisches Sammeln von Daten:<\/strong> Angesichts des zunehmenden Bewusstseins f\u00fcr Datenschutz und Ethik werden f\u00fcr die Zukunft des Samplings transparente, einwilligungsbasierte Methoden zur Datenerfassung erforderlich sein.<\/li>\n\n\n\n<li><strong>Integration mit Big Data:<\/strong> Im Zeitalter von Big Data wird die Stichprobennahme wahrscheinlich die Extraktion relevanter Teilmengen aus riesigen Datens\u00e4tzen beinhalten, um die Repr\u00e4sentativit\u00e4t bei der Navigation durch enorme Informationsmengen sicherzustellen.<\/li>\n\n\n\n<li><strong>Adaptive Sampling-Techniken:<\/strong> Nutzen Sie die Technologie, um Sampling-Strategien unterwegs anzupassen, basierend auf vorl\u00e4ufigen Erkenntnissen oder sich \u00e4ndernden Marktdynamiken.<\/li>\n\n\n\n<li><strong>Personalisiertes Sampling:<\/strong> Ma\u00dfgeschneiderte Sampling-Strategien f\u00fcr Nischenm\u00e4rkte oder hyper-zielgerichtete Marketingkampagnen, die eine hohe Relevanz und Pr\u00e4zision der Erkenntnisse gew\u00e4hrleisten.<\/li>\n\n\n\n<li><strong>Crowdsourcing-Sampling:<\/strong> Durch die Nutzung von Plattformen und Communities k\u00f6nnen Sie mit unterschiedlichen Samples interagieren und die Macht der kollektiven Intelligenz und von Community-gesteuerten Erkenntnissen nutzen.<\/li>\n\n\n\n<li><strong>Verst\u00e4rkte Zusammenarbeit und interdisziplin\u00e4re Ans\u00e4tze:<\/strong> Die Konvergenz von Bereichen wie Soziologie, Datenwissenschaft, Anthropologie und Betriebswirtschaftslehre soll zur Verfeinerung der Stichprobenmethoden genutzt werden.<\/li>\n<\/ul>","protected":false},"excerpt":{"rendered":"<p>Bei der Stichprobenmarktforschung wird eine bestimmte Gruppe (oder Stichprobe) befragt, um R\u00fcckschl\u00fcsse auf eine gr\u00f6\u00dfere Population mit \u00e4hnlichen Merkmalen zu ziehen.<\/p>","protected":false},"author":1,"featured_media":67012,"parent":14514,"menu_order":354,"comment_status":"closed","ping_status":"closed","template":"","meta":{"footnotes":""},"class_list":["post-43346","page","type-page","status-publish","has-post-thumbnail"],"_links":{"self":[{"href":"https:\/\/www.sisinternational.com\/de\/wp-json\/wp\/v2\/pages\/43346","targetHints":{"allow":["GET"]}}],"collection":[{"href":"https:\/\/www.sisinternational.com\/de\/wp-json\/wp\/v2\/pages"}],"about":[{"href":"https:\/\/www.sisinternational.com\/de\/wp-json\/wp\/v2\/types\/page"}],"author":[{"embeddable":true,"href":"https:\/\/www.sisinternational.com\/de\/wp-json\/wp\/v2\/users\/1"}],"replies":[{"embeddable":true,"href":"https:\/\/www.sisinternational.com\/de\/wp-json\/wp\/v2\/comments?post=43346"}],"version-history":[{"count":6,"href":"https:\/\/www.sisinternational.com\/de\/wp-json\/wp\/v2\/pages\/43346\/revisions"}],"predecessor-version":[{"id":80952,"href":"https:\/\/www.sisinternational.com\/de\/wp-json\/wp\/v2\/pages\/43346\/revisions\/80952"}],"up":[{"embeddable":true,"href":"https:\/\/www.sisinternational.com\/de\/wp-json\/wp\/v2\/pages\/14514"}],"wp:featuredmedia":[{"embeddable":true,"href":"https:\/\/www.sisinternational.com\/de\/wp-json\/wp\/v2\/media\/67012"}],"wp:attachment":[{"href":"https:\/\/www.sisinternational.com\/de\/wp-json\/wp\/v2\/media?parent=43346"}],"curies":[{"name":"wp","href":"https:\/\/api.w.org\/{rel}","templated":true}]}}