{"id":43335,"date":"2023-09-02T17:05:29","date_gmt":"2023-09-02T21:05:29","guid":{"rendered":"https:\/\/www.sisinternational.com\/?page_id=43335"},"modified":"2026-01-25T19:27:48","modified_gmt":"2026-01-26T00:27:48","slug":"marktforschung-fur-indigene-volker","status":"publish","type":"page","link":"https:\/\/www.sisinternational.com\/de\/sachverstand\/marktforschung-fur-indigene-volker\/","title":{"rendered":"Marktforschung f\u00fcr indigene V\u00f6lker"},"content":{"rendered":"<h1 class=\"wp-block-heading\">Marktforschung f\u00fcr indigene V\u00f6lker<\/h1>\n\n\n\n<figure class=\"gb-block-image gb-block-image-2a13d408\"><img loading=\"lazy\" decoding=\"async\" width=\"1456\" height=\"816\" class=\"gb-image gb-image-2a13d408\" src=\"https:\/\/www.sisinternational.com\/wp-content\/uploads\/2025\/08\/Indigenous-people-3.jpg\" alt=\"SIS International Marktforschung &amp; Strategie\" title=\"Indigenous people (3)\" srcset=\"https:\/\/www.sisinternational.com\/wp-content\/uploads\/2025\/08\/Indigenous-people-3.jpg 1456w, https:\/\/www.sisinternational.com\/wp-content\/uploads\/2025\/08\/Indigenous-people-3-300x168.jpg 300w, https:\/\/www.sisinternational.com\/wp-content\/uploads\/2025\/08\/Indigenous-people-3-1024x574.jpg 1024w, https:\/\/www.sisinternational.com\/wp-content\/uploads\/2025\/08\/Indigenous-people-3-768x430.jpg 768w, https:\/\/www.sisinternational.com\/wp-content\/uploads\/2025\/08\/Indigenous-people-3-18x10.jpg 18w\" sizes=\"auto, (max-width: 1456px) 100vw, 1456px\"><\/figure>\n\n\n\n<p><\/p>\n\n\n\n<p>In der Marktforschung gibt es nur wenige Segmente, die so reichhaltig und doch so unterrepr\u00e4sentiert sind wie indigene Gemeinschaften. \u00dcber alle Kontinente verteilt, von den Maori in Neuseeland bis zu den amerikanischen Ureinwohnern der USA, verf\u00fcgen indigene V\u00f6lker \u00fcber eine Geschichte und Kultur, die unsch\u00e4tzbare Einblicke bieten.<\/p>\n\n\n\n<p>An diesem Punkt ist es von entscheidender Bedeutung, den Schwerpunkt auf die Marktforschung der indigenen Bev\u00f6lkerung zu legen, da sie sich auf das Verst\u00e4ndnis ihrer Weltanschauungen, Bestrebungen, Herausforderungen und Chancen konzentriert.<\/p>\n\n\n\n<h2 class=\"wp-block-heading\">Warum Marktforschung zu indigenen V\u00f6lkern so wichtig ist<\/h2>\n\n\n\n<p>Der Bereich der Marktforschung zu indigenen V\u00f6lkern ist riesig und umfasst ein breites Spektrum an demografischen, kulturellen und sozio\u00f6konomischen Hintergr\u00fcnden. Der Schwerpunkt auf der Marktforschung zu indigenen V\u00f6lkern nimmt jedoch innerhalb dieses Spektrums eine einzigartige und entscheidende Position ein.<\/p>\n\n\n\n<h3 class=\"wp-block-heading\">Aus folgenden Gr\u00fcnden ist dieser Schwerpunkt wichtig:<\/h3>\n\n\n\n<ul class=\"wp-block-list\">\n<li><strong>Anerkennung der historischen Marginalisierung:<\/strong> Historisch gesehen waren indigene Gemeinschaften weltweit systematischer Marginalisierung ausgesetzt, wobei ihre Stimmen, Sorgen und Bed\u00fcrfnisse h\u00e4ufig an den Rand gedr\u00e4ngt wurden. Die Durchf\u00fchrung von Marktforschungen zu indigenen V\u00f6lkern bietet eine M\u00f6glichkeit, historische Vorurteile zu korrigieren und sie aktiv in moderne Dialoge einzubeziehen.<\/li>\n\n\n\n<li><strong>Einzigartige Verbrauchereinblicke aufdecken:<\/strong> Indigene Gemeinschaften k\u00f6nnen mit ihren besonderen Traditionen, Werten und Lebensstilen einzigartige Verbraucherperspektiven bieten. Durch die Analyse von Produkten, Dienstleistungen oder Inhalten werden ihre Vorlieben enth\u00fcllt und T\u00fcren zu ma\u00dfgeschneiderten Angeboten ge\u00f6ffnet, die authentisch ankommen.<\/li>\n\n\n\n<li><strong>St\u00e4rkung der kulturellen Repr\u00e4sentation:<\/strong> Indem sichergestellt wird, dass Produkte, Werbung und Inhalte den kulturellen Reichtum der indigenen Gemeinschaften widerspiegeln, kann zu mehr Inklusivit\u00e4t und Respekt beigetragen werden.<\/li>\n\n\n\n<li><strong>Ethical Business and <\/strong><a href=\"https:\/\/www.sisinternational.com\/de\/what-is-a-value-proposition-canvas-the-game-changing-framework-that-prevents-product-failures\/\" title=\"What Is a Value Proposition Canvas? &#091;The Game-Changing Framework That Prevents Product Failures&#093;\"  data-wpil-monitor-id=\"10459\">Product Development: By understanding the values<\/a>, beliefs, and priorities of indigenous communities, businesses can develop products that align with these insights. This ensures ethical practices, especially when products relate to indigenous knowledge, resources, or crafts.<\/li>\n\n\n\n<li><strong>F\u00f6rderung des gegenseitigen Respekts und der Zusammenarbeit:<\/strong> Die Einbindung indigener Gemeinschaften durch Marktforschung ebnet den Weg f\u00fcr gegenseitigen Respekt. Unternehmen k\u00f6nnen dadurch lokale Br\u00e4uche, Rituale und Traditionen verstehen und respektieren und so eine respektvolle Zusammenarbeit gew\u00e4hrleisten.<\/li>\n\n\n\n<li><strong>Politik und Governance:<\/strong> F\u00fcr politische Entscheidungstr\u00e4ger ist es von entscheidender Bedeutung, die Perspektiven indigener Gemeinschaften zu verstehen, wenn sie Gesetze oder Initiativen entwerfen, die diese Gruppen betreffen. Marktforschung zu indigenen V\u00f6lkern kann datengest\u00fctzte Erkenntnisse liefern und sicherstellen, dass politische Ma\u00dfnahmen fair, inklusiv und wirksam sind.<\/li>\n\n\n\n<li><strong>Wirtschaftliche Chancen erschlie\u00dfen:<\/strong> Indigene Gemeinschaften k\u00f6nnen einen bedeutenden Beitrag zur lokalen und nationalen Wirtschaft leisten. Ihre handwerklichen F\u00e4higkeiten, lokalen Ressourcen und kulturellen Veranstaltungen k\u00f6nnen Wege f\u00fcr Wirtschaftswachstum, Tourismus und globalen Austausch sein.<\/li>\n\n\n\n<li><strong>F\u00fcr Vielfalt und Inklusion eintreten:<\/strong> Die Marktforschung zu indigenen V\u00f6lkern bekr\u00e4ftigt die Idee, dass jede Stimme, egal wie sehr sie historisch marginalisiert wurde, wertvoll ist und es verdient, geh\u00f6rt zu werden.<\/li>\n<\/ul>\n\n\n\n<h2 class=\"wp-block-heading\">Methodische \u00dcberlegungen in der Marktforschung zu indigenen V\u00f6lkern<\/h2>\n\n\n\n<figure class=\"gb-block-image gb-block-image-f8a7aa1b\"><img loading=\"lazy\" decoding=\"async\" width=\"1456\" height=\"816\" class=\"gb-image gb-image-f8a7aa1b\" src=\"https:\/\/www.sisinternational.com\/wp-content\/uploads\/2025\/08\/Indigenous-people-5.jpg\" alt=\"SIS International Marktforschung &amp; Strategie\" title=\"Indigenous people (5)\" srcset=\"https:\/\/www.sisinternational.com\/wp-content\/uploads\/2025\/08\/Indigenous-people-5.jpg 1456w, https:\/\/www.sisinternational.com\/wp-content\/uploads\/2025\/08\/Indigenous-people-5-300x168.jpg 300w, https:\/\/www.sisinternational.com\/wp-content\/uploads\/2025\/08\/Indigenous-people-5-1024x574.jpg 1024w, https:\/\/www.sisinternational.com\/wp-content\/uploads\/2025\/08\/Indigenous-people-5-768x430.jpg 768w, https:\/\/www.sisinternational.com\/wp-content\/uploads\/2025\/08\/Indigenous-people-5-18x10.jpg 18w\" sizes=\"auto, (max-width: 1456px) 100vw, 1456px\"><\/figure>\n\n\n\n<p><\/p>\n\n\n\n<p>Die Durchf\u00fchrung von Marktforschung zu indigenen V\u00f6lkern erfordert einen differenzierten Ansatz, der sich deutlich von herk\u00f6mmlichen Marktforschungsmethoden unterscheidet. Die kulturellen, historischen und gesellschaftlichen Feinheiten dieser Gemeinschaften erfordern einen durchdachten und respektvollen Ansatz bei der Datenerfassung und -interpretation. Hier sind die wichtigsten methodischen \u00dcberlegungen, die Sie ber\u00fccksichtigen sollten:<\/p>\n\n\n\n<ul class=\"wp-block-list\">\n<li><strong>Kultursensibles Forschungsdesign:<\/strong> Bevor man mit der Forschung beginnt, ist es wichtig, Methoden zu entwickeln, die den spezifischen kulturellen Normen und Traditionen der betreffenden indigenen Gemeinschaft Rechnung tragen. Dazu geh\u00f6rt es, ihre Werte, \u00dcberzeugungen und sozialen Strukturen zu verstehen, um die Fragen angemessen zu formulieren.<\/li>\n\n\n\n<li><strong>Kollaborative und partizipative Ans\u00e4tze:<\/strong> Anstatt externe Forschungsrahmen aufzuzwingen, ist es sinnvoll, einen kollaborativen Ansatz zu verfolgen. Arbeiten Sie mit Gemeindevorstehern, \u00c4ltesten oder Vertretern zusammen, um sicherzustellen, dass die Forschung f\u00fcr beide Seiten von Nutzen und respektvoll ist.<\/li>\n\n\n\n<li><strong>Vorherige Einwilligung nach Aufkl\u00e4rung:<\/strong> Always ensure that participants understand the purpose of the research, how the data will be used, and any potential implications. Securing informed consent upholds the principle of transparency and trust in <a href=\"https:\/\/www.sisinternational.com\/de\/sachverstand\/branchen\/chief-information-officer-cio-marktforschung\/\" title=\"Chief Information Officer (CIO) Marktforschung\"  data-wpil-monitor-id=\"5662\">Marktforschung f\u00fcr indigene V\u00f6lker<\/a>.<\/li>\n\n\n\n<li><strong>Schwerpunkt Qualitative Methoden:<\/strong> W\u00e4hrend quantitative Daten wertvolle Erkenntnisse liefern k\u00f6nnen, k\u00f6nnen qualitative Methoden wie ausf\u00fchrliche Interviews, Fokusgruppen und teilnehmende Beobachtung umfassendere, kontextspezifische Einblicke in indigene Gemeinschaften bieten.<\/li>\n\n\n\n<li><strong>Verwendung der Landessprache:<\/strong> Wenn m\u00f6glich, ist es wichtig, Marktforschung f\u00fcr die einheimische Bev\u00f6lkerung in der Landessprache der Gemeinschaft durchzuf\u00fchren. Dies sorgt f\u00fcr ein besseres Verst\u00e4ndnis und f\u00f6rdert das Vertrauen. Beauftragen Sie bei Bedarf Dolmetscher, die sowohl mit der Sprache als auch mit den kulturellen Nuancen vertraut sind.<\/li>\n\n\n\n<li><strong>Ethischer Umgang mit Daten:<\/strong> Von indigenen Gemeinschaften gesammelte Daten k\u00f6nnen sensibel sein, insbesondere wenn sie traditionelles Wissen, Praktiken oder Glauben ber\u00fchren. Stellen Sie sicher, dass diese Daten mit h\u00f6chster Vertraulichkeit und Respekt behandelt werden.<\/li>\n\n\n\n<li><strong>Anerkennung indigener Wissenssysteme:<\/strong> Anstatt die Forschung aus einer rein westlichen oder externen Perspektive zu betrachten, sollten Sie die vorhandenen indigenen Wissenssysteme anerkennen und wertsch\u00e4tzen. Dies kann zu einem umfassenderen und ganzheitlicheren Verst\u00e4ndnis der Perspektiven der Gemeinschaft f\u00fchren.<\/li>\n\n\n\n<li><strong>Feedback-Mechanismen:<\/strong> Once the research is concluded, create mechanisms to share findings with the community. This ensures transparency and allows the community to provide feedback or clarifications, enhancing the <a href=\"https:\/\/www.sisinternational.com\/de\/losungen\/qualitative-quantitative-forschungslosungen\/telefoninterviews-marktforschung\/\" title=\"Telefonische Tiefeninterviews Marktforschung\"  data-wpil-monitor-id=\"10443\">research&#8217;s accuracy and depth<\/a>.<\/li>\n\n\n\n<li><strong>Kontinuierliches Training zur Kultursensibilisierung:<\/strong> F\u00fcr <a href=\"https:\/\/www.sisinternational.com\/de\/losungen\/b2b-online-community-marktforschungsunternehmen\/\" title=\"B2B Online Community Marktforschungsunternehmen\"  data-wpil-monitor-id=\"10446\">researchers unfamiliar with the indigenous community<\/a>, continual cultural awareness training is essential. This minimizes misunderstandings and ensures respectful engagement.<\/li>\n\n\n\n<li><strong>Langfristiges Engagement:<\/strong> Anstatt eines einmaligen Forschungsprojekts sollten Sie den Aufbau langfristiger Beziehungen zu indigenen Gemeinschaften in Erw\u00e4gung ziehen. Dies f\u00f6rdert das Vertrauen, erm\u00f6glicht tiefere Einblicke und schafft M\u00f6glichkeiten f\u00fcr eine kontinuierliche Zusammenarbeit.<\/li>\n<\/ul>\n\n\n\n<h2 class=\"wp-block-heading\">Herausforderungen bei der Durchf\u00fchrung von Marktforschung zu indigenen V\u00f6lkern<\/h2>\n\n\n\n<figure class=\"gb-block-image gb-block-image-7360fc63\"><img loading=\"lazy\" decoding=\"async\" width=\"1456\" height=\"816\" class=\"gb-image gb-image-7360fc63\" src=\"https:\/\/www.sisinternational.com\/wp-content\/uploads\/2025\/08\/Indigenous-people-4.jpg\" alt=\"SIS International Marktforschung &amp; Strategie\" title=\"Indigenous people (4)\" srcset=\"https:\/\/www.sisinternational.com\/wp-content\/uploads\/2025\/08\/Indigenous-people-4.jpg 1456w, https:\/\/www.sisinternational.com\/wp-content\/uploads\/2025\/08\/Indigenous-people-4-300x168.jpg 300w, https:\/\/www.sisinternational.com\/wp-content\/uploads\/2025\/08\/Indigenous-people-4-1024x574.jpg 1024w, https:\/\/www.sisinternational.com\/wp-content\/uploads\/2025\/08\/Indigenous-people-4-768x430.jpg 768w, https:\/\/www.sisinternational.com\/wp-content\/uploads\/2025\/08\/Indigenous-people-4-18x10.jpg 18w\" sizes=\"auto, (max-width: 1456px) 100vw, 1456px\"><\/figure>\n\n\n\n<p><\/p>\n\n\n\n<p>Conducting indigenous people market research comes with a unique set of challenges. The distinctive cultural, historical, and societal contexts of these <a href=\"https:\/\/www.sisinternational.com\/de\/losungen\/fintech-strategieberatung-forschung\/regionalbanken-marktforschung-strategieberatung\/\" title=\"Marktforschung und Strategieberatung f\u00fcr Gemeinschaftsbanken\"  data-wpil-monitor-id=\"10452\">communities require researchers<\/a> to exercise sensitivity, patience, and respect. Below are some of the most prominent challenges faced in this area:<\/p>\n\n\n\n<ul class=\"wp-block-list\">\n<li><strong>Kulturelle sensibilit\u00e4t:<\/strong> Indigene Gemeinschaften haben einzigartige Traditionen, Werte und Glaubenssysteme. Forscher k\u00f6nnten diese Kulturen unbeabsichtigt beleidigen oder missverstehen, wenn sie ihnen ohne das n\u00f6tige Bewusstsein und Feingef\u00fchl begegnen.<\/li>\n\n\n\n<li><strong>Vertrauen gewinnen:<\/strong> Historical exploitation and mistreatment of indigenous communities by outsiders have resulted in deep-seated mistrust. <a href=\"https:\/\/www.sisinternational.com\/de\/veroffentlichungen\/skalierbare-geschaftsmarktforschung-7-moglichkeiten-zum-aufbau-eines-skalierbaren-geschafts\/\" title=\"Marktforschung f\u00fcr skalierbare Unternehmen: 7 M\u00f6glichkeiten zum Aufbau eines skalierbaren Unternehmens\"  data-wpil-monitor-id=\"10449\">Building trust to facilitate meaningful research<\/a> requires time, transparency, and genuine intent.<\/li>\n\n\n\n<li><strong>Sprachbarrieren:<\/strong> Viele indigene Gemeinschaften sprechen ihre eigenen Sprachen oder Dialekte, was die Kommunikation erschweren kann.<\/li>\n\n\n\n<li><strong>Ethische \u00dcberlegungen:<\/strong> There is a thin line between research and exploitation. Ensuring that the community <a href=\"https:\/\/www.sisinternational.com\/de\/losungen\/qualitative-quantitative-forschungslosungen\/quantitative-research-benefits\/\" title=\"Quantitative Research Benefits\"  data-wpil-monitor-id=\"10441\">benefits from the research<\/a>, especially if it leads to commercial outcomes, is a significant ethical concern.<\/li>\n\n\n\n<li><strong>Logistische Herausforderungen:<\/strong> Some indigenous communities live in remote or hard-to-reach areas, making the <a href=\"https:\/\/www.sisinternational.com\/de\/sachverstand\/branchen\/marktforschung-fur-drittanbieterlogistik\/\" title=\"Marktforschung f\u00fcr Drittanbieterlogistik\"  data-wpil-monitor-id=\"4780\">logistics of conducting research<\/a> challenging.<\/li>\n\n\n\n<li><strong>Schutz traditionellen Wissens:<\/strong> Indigene Gemeinschaften scheuen sich m\u00f6glicherweise davor, traditionelles Wissen weiterzugeben, weil sie Missbrauch oder kommerzielle Ausbeutung ohne angemessene Entsch\u00e4digung oder Anerkennung bef\u00fcrchten.<\/li>\n\n\n\n<li><strong>Voreingenommenheit und Vorurteile:<\/strong> Researchers might carry unconscious biases or preconceived notions about indigenous communities. These biases can skew the <a href=\"https:\/\/www.sisinternational.com\/de\/b2b-leadgenerierung-marktforschung\/\" title=\"Marktforschung zur B2B-Leadgenerierung\"  data-wpil-monitor-id=\"10456\">research findings or lead<\/a> to misinterpretations.<\/li>\n\n\n\n<li><strong>Methodische Bedenken:<\/strong> Standardmethoden der Marktforschung sind f\u00fcr die Marktforschung unter indigenen V\u00f6lkern m\u00f6glicherweise nicht anwendbar oder nicht effektiv. Es k\u00f6nnen ma\u00dfgeschneiderte Ans\u00e4tze erforderlich sein, die die Normen und Strukturen der Gemeinschaft ber\u00fccksichtigen.<\/li>\n\n\n\n<li><strong>Rechtliche und regulatorische Fragen:<\/strong> Es kann lokale, nationale oder internationale Vorschriften und Konventionen (wie das Nagoya-Protokoll) geben, die die Forschung in indigenen Gemeinschaften regeln. Diese einzuhalten kann komplex sein.<\/li>\n\n\n\n<li><strong>Feedback and <\/strong><a href=\"https:\/\/www.sisinternational.com\/de\/sachverstand\/branchen\/marktforschung-zur-ridesharing-branche\/\" title=\"Marktforschung f\u00fcr Mitfahrgelegenheiten\"  data-wpil-monitor-id=\"10442\">Sharing of Results: After research<\/a> completion, ensuring that findings are shared with the community understandably and transparently is crucial. This process might require additional resources and time.<\/li>\n<\/ul>","protected":false},"excerpt":{"rendered":"<p>In der Marktforschung sind indigene Gemeinschaften sehr reich, aber unterrepr\u00e4sentiert. Ihre Geschichte und Kultur bieten unsch\u00e4tzbare Einblicke.<\/p>","protected":false},"author":1,"featured_media":63531,"parent":14514,"menu_order":352,"comment_status":"closed","ping_status":"closed","template":"","meta":{"footnotes":""},"class_list":["post-43335","page","type-page","status-publish","has-post-thumbnail"],"_links":{"self":[{"href":"https:\/\/www.sisinternational.com\/de\/wp-json\/wp\/v2\/pages\/43335","targetHints":{"allow":["GET"]}}],"collection":[{"href":"https:\/\/www.sisinternational.com\/de\/wp-json\/wp\/v2\/pages"}],"about":[{"href":"https:\/\/www.sisinternational.com\/de\/wp-json\/wp\/v2\/types\/page"}],"author":[{"embeddable":true,"href":"https:\/\/www.sisinternational.com\/de\/wp-json\/wp\/v2\/users\/1"}],"replies":[{"embeddable":true,"href":"https:\/\/www.sisinternational.com\/de\/wp-json\/wp\/v2\/comments?post=43335"}],"version-history":[{"count":6,"href":"https:\/\/www.sisinternational.com\/de\/wp-json\/wp\/v2\/pages\/43335\/revisions"}],"predecessor-version":[{"id":81720,"href":"https:\/\/www.sisinternational.com\/de\/wp-json\/wp\/v2\/pages\/43335\/revisions\/81720"}],"up":[{"embeddable":true,"href":"https:\/\/www.sisinternational.com\/de\/wp-json\/wp\/v2\/pages\/14514"}],"wp:featuredmedia":[{"embeddable":true,"href":"https:\/\/www.sisinternational.com\/de\/wp-json\/wp\/v2\/media\/63531"}],"wp:attachment":[{"href":"https:\/\/www.sisinternational.com\/de\/wp-json\/wp\/v2\/media?parent=43335"}],"curies":[{"name":"wp","href":"https:\/\/api.w.org\/{rel}","templated":true}]}}