{"id":43332,"date":"2023-09-02T12:27:05","date_gmt":"2023-09-02T16:27:05","guid":{"rendered":"https:\/\/www.sisinternational.com\/?page_id=43332"},"modified":"2026-01-27T15:24:01","modified_gmt":"2026-01-27T20:24:01","slug":"grenzmarktlandmarktforschung","status":"publish","type":"page","link":"https:\/\/www.sisinternational.com\/de\/sachverstand\/grenzmarktlandmarktforschung\/","title":{"rendered":"Grenzmarkt-L\u00e4ndermarktforschung"},"content":{"rendered":"<h1 class=\"wp-block-heading\">Grenzmarkt-L\u00e4ndermarktforschung<\/h1>\n\n\n\n<figure class=\"gb-block-image gb-block-image-5398cda9\"><img loading=\"lazy\" decoding=\"async\" width=\"1456\" height=\"816\" class=\"gb-image gb-image-5398cda9\" src=\"https:\/\/www.sisinternational.com\/wp-content\/uploads\/2025\/08\/Global-8.jpg\" alt=\"SIS International Marktforschung &amp; Strategie\" title=\"Global (8)\" srcset=\"https:\/\/www.sisinternational.com\/wp-content\/uploads\/2025\/08\/Global-8.jpg 1456w, https:\/\/www.sisinternational.com\/wp-content\/uploads\/2025\/08\/Global-8-300x168.jpg 300w, https:\/\/www.sisinternational.com\/wp-content\/uploads\/2025\/08\/Global-8-1024x574.jpg 1024w, https:\/\/www.sisinternational.com\/wp-content\/uploads\/2025\/08\/Global-8-768x430.jpg 768w, https:\/\/www.sisinternational.com\/wp-content\/uploads\/2025\/08\/Global-8-18x10.jpg 18w\" sizes=\"auto, (max-width: 1456px) 100vw, 1456px\"><\/figure>\n\n\n\n<p><\/p>\n\n\n\n<p>In der modernen globalen Wirtschaft stellen Frontier-M\u00e4rkte einen riesigen Pool ungenutzten Potenzials dar, der von den Schwellen- und Industriel\u00e4ndern in den Schatten gestellt wird. Diese L\u00e4nder bieten jedoch eine einzigartige Mischung aus Chancen und Herausforderungen, die Anleger anziehen k\u00f6nnte, die \u00fcber traditionelle M\u00e4rkte hinaus nach Wachstum und Diversifizierung suchen.<\/p>\n\n\n\n<p>Aus diesem Grund ist die Marktforschung in Grenzm\u00e4rkten von entscheidender Bedeutung, da sie fundierte Erkenntnisse f\u00fcr die Entscheidungsfindung in M\u00e4rkten bietet, in denen Informationen oft begrenzt und voller Voreingenommenheit sind.<\/p>\n\n\n\n<h2 class=\"wp-block-heading\">Marktforschung f\u00fcr Grenzm\u00e4rkte verstehen<\/h2>\n\n\n\n<p>The term &#8220;frontier market&#8221; describes <a href=\"https:\/\/www.sisinternational.com\/de\/fmcg-markt-in-vietnam\/\" title=\"FMCG-Markt in Vietnam\"  data-wpil-monitor-id=\"7587\">L\u00e4nder<\/a> that are in the transitional phase between developing and emerging market status. They are characterized by their developing economies, capital markets, and financial systems. Thus, understanding the nuances of frontier market country market research is essential for businesses and investors aiming to harness the opportunities these markets offer while navigating the inherent challenges.<\/p>\n\n\n\n<h3 class=\"wp-block-heading\">Was sind Grenzm\u00e4rkte?<\/h3>\n\n\n\n<figure class=\"gb-block-image gb-block-image-237756ed\"><img loading=\"lazy\" decoding=\"async\" width=\"1456\" height=\"816\" class=\"gb-image gb-image-237756ed\" src=\"https:\/\/www.sisinternational.com\/wp-content\/uploads\/2025\/08\/Global-10.jpg\" alt=\"SIS International Marktforschung &amp; Strategie\" title=\"Global (10)\" srcset=\"https:\/\/www.sisinternational.com\/wp-content\/uploads\/2025\/08\/Global-10.jpg 1456w, https:\/\/www.sisinternational.com\/wp-content\/uploads\/2025\/08\/Global-10-300x168.jpg 300w, https:\/\/www.sisinternational.com\/wp-content\/uploads\/2025\/08\/Global-10-1024x574.jpg 1024w, https:\/\/www.sisinternational.com\/wp-content\/uploads\/2025\/08\/Global-10-768x430.jpg 768w, https:\/\/www.sisinternational.com\/wp-content\/uploads\/2025\/08\/Global-10-18x10.jpg 18w\" sizes=\"auto, (max-width: 1456px) 100vw, 1456px\"><\/figure>\n\n\n\n<p><\/p>\n\n\n\n<p>Zwar gibt es keine allgemein anerkannte Liste von Grenzm\u00e4rkten, doch Institutionen wie der MSCI (Morgan Stanley Capital International) nehmen Kategorisierungen vor, die in der Regel auf Marktgr\u00f6\u00dfe, Liquidit\u00e4t und wirtschaftlicher Entwicklung basieren.<\/p>\n\n\n\n<ul class=\"wp-block-list\">\n<li><strong>Markttiefe und Marktzugang:<\/strong> Grenzm\u00e4rkte weisen typischerweise weniger b\u00f6rsennotierte Unternehmen, geringere t\u00e4gliche Handelsvolumina und weniger entwickelte Finanzsysteme auf.<\/li>\n\n\n\n<li><strong>Wirtschaftliche Diversifizierung:<\/strong> In vielen Grenzm\u00e4rkten konzentriert sich die Wirtschaft auf wenige Schl\u00fcsselsektoren, h\u00e4ufig auf nat\u00fcrliche Ressourcen oder die Landwirtschaft.<\/li>\n\n\n\n<li><strong>Regulatorisches Umfeld:<\/strong> Weniger ausgereifte Regulierungssysteme k\u00f6nnen f\u00fcr Vorreiter sowohl Chancen bedeuten als auch Herausforderungen hinsichtlich der Einhaltung von Vorschriften und des Verst\u00e4ndnisses lokaler Besonderheiten mit sich bringen.<\/li>\n\n\n\n<li><strong>Wachstumspotential:<\/strong> Aufgrund ihres fr\u00fchen Stadiums weisen Grenzm\u00e4rkte im Vergleich zu weiter entwickelten M\u00e4rkten h\u00f6here Wachstumsraten auf.<\/li>\n<\/ul>\n\n\n\n<h3 class=\"wp-block-heading\">Warum die Marktforschung in Grenzm\u00e4rkten f\u00fcr Unternehmen von entscheidender Bedeutung ist:<\/h3>\n\n\n\n<ul class=\"wp-block-list\">\n<li><strong>Informationsasymmetrie:<\/strong> Grenzm\u00e4rkte leiden unter einem Mangel an leicht zug\u00e4nglichen und zuverl\u00e4ssigen Informationen. Effektive Marktforschung schlie\u00dft diese L\u00fccke und liefert Erkenntnisse, die dem durchschnittlichen Anleger oder Unternehmen m\u00f6glicherweise nicht ohne weiteres zur Verf\u00fcgung stehen.<\/li>\n\n\n\n<li><strong>Kulturelle Nuancen:<\/strong> F\u00fcr Unternehmen, die Produkte oder Dienstleistungen anbieten m\u00f6chten, die bei der Bev\u00f6lkerung vor Ort Anklang finden, ist es nicht nur auf Zahlen ankommt, sondern auch das Verst\u00e4ndnis lokaler Sitten, Verhaltensweisen und Werte.<\/li>\n\n\n\n<li><strong>Risikobewertung:<\/strong> W\u00e4hrend Grenzm\u00e4rkte erhebliche Renditepotenziale bieten, sind sie auch mit gewissen Risiken verbunden, die von politischer Instabilit\u00e4t bis hin zu W\u00e4hrungsschwankungen reichen. Umfassende Marktforschung hilft bei der Bewertung und Minderung dieser Risiken.<\/li>\n<\/ul>\n\n\n\n<h2 class=\"wp-block-heading\">Warum ist Marktforschung in Grenzm\u00e4rkten wichtig?<\/h2>\n\n\n\n<figure class=\"gb-block-image gb-block-image-6db43c8b\"><img loading=\"lazy\" decoding=\"async\" width=\"1456\" height=\"816\" class=\"gb-image gb-image-6db43c8b\" src=\"https:\/\/www.sisinternational.com\/wp-content\/uploads\/2025\/08\/Global-4.jpg\" alt=\"SIS International Marktforschung &amp; Strategie\" title=\"Global (4)\" srcset=\"https:\/\/www.sisinternational.com\/wp-content\/uploads\/2025\/08\/Global-4.jpg 1456w, https:\/\/www.sisinternational.com\/wp-content\/uploads\/2025\/08\/Global-4-300x168.jpg 300w, https:\/\/www.sisinternational.com\/wp-content\/uploads\/2025\/08\/Global-4-1024x574.jpg 1024w, https:\/\/www.sisinternational.com\/wp-content\/uploads\/2025\/08\/Global-4-768x430.jpg 768w, https:\/\/www.sisinternational.com\/wp-content\/uploads\/2025\/08\/Global-4-18x10.jpg 18w\" sizes=\"auto, (max-width: 1456px) 100vw, 1456px\"><\/figure>\n\n\n\n<p><\/p>\n\n\n\n<p>Grenzm\u00e4rkte bieten Anlegern viel Potenzial. Die Schwierigkeiten dieser M\u00e4rkte machen es jedoch unerl\u00e4sslich, die lokalen Bedingungen zu verstehen, die eine Investition in diese M\u00e4rkte sonst \u00e4u\u00dferst riskant machen w\u00fcrden. Aus diesen Gr\u00fcnden ist eine solche Recherche unverzichtbar:<\/p>\n\n\n\n<ul class=\"wp-block-list\">\n<li><strong>Unterbewertete Verm\u00f6genswerte:<\/strong> Viele Grenzm\u00e4rkte verf\u00fcgen \u00fcber Verm\u00f6genswerte, die im Vergleich zu ihren globalen Pendants unterbewertet sind und so lukrative Investitionsm\u00f6glichkeiten bieten.<\/li>\n\n\n\n<li><strong>Vorteil des First Movers:<\/strong> Zu den Ersten zu geh\u00f6ren, die einen neuen Markt oder eine neue Branche erschlie\u00dfen, kann einen Wettbewerbsvorteil bedeuten, insbesondere wenn die lokale Konkurrenz minimal ist.<\/li>\n\n\n\n<li><strong>Diversifikation:<\/strong> F\u00fcr Anleger bieten Grenzm\u00e4rkte die M\u00f6glichkeit, ihre Portfolios zu diversifizieren und erzielen h\u00e4ufig Renditen, die nicht mit denen traditioneller M\u00e4rkte korrelieren.<\/li>\n\n\n\n<li><strong>Politische Instabilit\u00e4t:<\/strong> Grenzm\u00e4rkte sind anf\u00e4llig f\u00fcr politische Umw\u00e4lzungen, ver\u00e4nderte Vorschriften oder staatliche Eingriffe. Eine gr\u00fcndliche Marktforschung in Grenzm\u00e4rkten erm\u00f6glicht ein besseres Verst\u00e4ndnis und eine bessere Bewertung dieser Risiken.<\/li>\n\n\n\n<li><strong>Marktvolatilit\u00e4t:<\/strong> Aufgrund geringerer Liquidit\u00e4t und weniger Marktteilnehmer k\u00f6nnen Grenzm\u00e4rkte volatiler sein. Die Marktforschung in Grenzm\u00e4rkten hilft dabei, diese Dynamiken zu verstehen und entsprechend zu planen.<\/li>\n\n\n\n<li><strong>W\u00e4hrungsschwankungen:<\/strong> In vielen Grenzm\u00e4rkten k\u00f6nnen die W\u00e4hrungen sehr volatil sein, insbesondere gegen\u00fcber den wichtigsten Weltw\u00e4hrungen. Das Verst\u00e4ndnis und die Prognose dieser Schwankungen kann f\u00fcr die Rentabilit\u00e4t von entscheidender Bedeutung sein.<\/li>\n\n\n\n<li><strong>Kulturelle sensibilit\u00e4t:<\/strong> \u00dcber wirtschaftliche und politische Faktoren hinaus kann das Verst\u00e4ndnis lokaler Sitten, Vorlieben und Werte \u00fcber Erfolg oder Misserfolg eines Gesch\u00e4ftsvorhabens entscheiden.<\/li>\n\n\n\n<li><strong>Regulatorische Rahmenbedingungen:<\/strong> Ein umfassendes Verst\u00e4ndnis der \u00f6rtlichen Regulierungsumgebung kann Unternehmen dabei helfen, die Vorschriften einzuhalten und m\u00f6gliche rechtliche Konsequenzen zu vermeiden.<\/li>\n\n\n\n<li><strong>Vertrauen der Stakeholder:<\/strong> Durch die Demonstration umfassender Kenntnisse des lokalen Marktes k\u00f6nnen Sie das Vertrauen lokaler Partner, Kunden und sogar Aufsichtsbeh\u00f6rden st\u00e4rken.<\/li>\n\n\n\n<li><strong>Ma\u00dfgeschneidertes Marketing:<\/strong> Mithilfe von Marktforschung in Grenzm\u00e4rkten k\u00f6nnen Unternehmen ihre Marketing- und Werbekampagnen auf die lokale Zielgruppe zuschneiden und so die Markenwahrnehmung und -treue verbessern.<\/li>\n\n\n\n<li><strong>Marktentwicklung:<\/strong> Grenzm\u00e4rkte sind dynamisch und weisen rasche Ver\u00e4nderungen im Verbraucherverhalten, in der Technologie\u00fcbernahme und im Branchenwachstum auf. Durch die l\u00e4nderspezifische Marktforschung k\u00f6nnen Unternehmen und Investoren diese Ver\u00e4nderungen vorhersagen und so immer einen Schritt voraus sein.<\/li>\n<\/ul>\n\n\n\n<h2 class=\"wp-block-heading\">Wichtigste Grenzmarktl\u00e4nder: Ein Fokus auf die Marktforschung in Grenzmarktl\u00e4ndern<\/h2>\n\n\n\n<p>Grenzm\u00e4rkte zeichnen sich durch wachsende Kapitalm\u00e4rkte aus, kombiniert mit einem wirtschaftlichen Umfeld, das m\u00f6glicherweise nicht so entwickelt oder effizient ist wie das reiferer M\u00e4rkte. Die Marktforschung in Grenzm\u00e4rkten bietet Investoren und Unternehmen eine einzigartige Perspektive auf diese weniger erforschten, aber vielversprechenden Volkswirtschaften. Hier ein Blick auf einige der wichtigsten Grenzm\u00e4rkte:<\/p>\n\n\n\n<h3 class=\"wp-block-heading\">Afrika:<\/h3>\n\n\n\n<ul class=\"wp-block-list\">\n<li><strong>Nigeria:<\/strong> Despite its size and rich natural resources, challenges such as political instability and terrorist attacks have kept <a href=\"https:\/\/www.sisinternational.com\/de\/abdeckung\/marktforschung-afrika\/marktforschung-in-nigeria\/\" title=\"Marktforschung in Nigeria\"  data-wpil-monitor-id=\"5362\">Nigeria in the frontier market<\/a> category.<\/li>\n\n\n\n<li><strong>Kenia:<\/strong> Kenia ist ein wachsendes Technologiezentrum in Ostafrika und bietet einzigartige M\u00f6glichkeiten in den Bereichen Fintech und Telekommunikation.<\/li>\n\n\n\n<li><strong>Ghana:<\/strong> Dank seiner relativen politischen Stabilit\u00e4t und seiner reichen Ressourcen wird Ghana von Investoren aus den Grenzm\u00e4rkten positiv bewertet.<\/li>\n<\/ul>\n\n\n\n<h3 class=\"wp-block-heading\">Asien:<\/h3>\n\n\n\n<ul class=\"wp-block-list\">\n<li><strong>Vietnam:<\/strong> Vietnam w\u00e4chst rasant und industrialisiert sich. Das Land hat sich zu einem Zentrum der Produktion entwickelt, insbesondere weil Unternehmen ihre Lieferketten von China aus diversifizieren.<\/li>\n\n\n\n<li><strong>Bangladesch:<\/strong> Bangladesch ist f\u00fcr seine Textilindustrie bekannt und hat in den letzten Jahren ein stetiges Wirtschaftswachstum erlebt.<\/li>\n\n\n\n<li><strong>Myanmar:<\/strong> Despite its challenges, Myanmar&#8217;s large population and rich resources make it an interesting <a href=\"https:\/\/www.sisinternational.com\/de\/abdeckung\/marktforschung-asien\/marktforschung-in-myanmar\/\" title=\"Marktforschung in Myanmar\"  data-wpil-monitor-id=\"5363\">frontier<\/a> market.<\/li>\n<\/ul>\n\n\n\n<h3 class=\"wp-block-heading\">Naher Osten:<\/h3>\n\n\n\n<ul class=\"wp-block-list\">\n<li><strong>Oman:<\/strong> Mit seiner diversifizierten Wirtschaft, die \u00fcber das \u00d6l hinausgeht, bietet Oman verschiedene Sektoren, die es zu erkunden lohnt.<\/li>\n<\/ul>\n\n\n\n<h3 class=\"wp-block-heading\">Europa:<\/h3>\n\n\n\n<ul class=\"wp-block-list\">\n<li><strong>Rum\u00e4nien:<\/strong> Mit seinem wachsenden Technologiesektor und seiner strategischen Lage in Europa bietet Rum\u00e4nien zahlreiche Investitionsm\u00f6glichkeiten.<\/li>\n\n\n\n<li><strong>Serbien:<\/strong> Dank seiner Lage in Europa und seiner wachsenden Industrie erlangt Serbien zunehmend Aufmerksamkeit bei Investoren aus Grenzm\u00e4rkten.<\/li>\n<\/ul>\n\n\n\n<h3 class=\"wp-block-heading\">Lateinamerika:<\/h3>\n\n\n\n<ul class=\"wp-block-list\">\n<li><strong>Paraguay:<\/strong> Often overshadowed by its larger neighbors, Paraguay&#8217;s agricultural sector and consistent growth make it an interesting <a href=\"https:\/\/www.sisinternational.com\/de\/abdeckung\/die-amerikaner\/marktforschung-in-lateinamerika-2\/marktforschung-paraguay\/\" title=\"Marktforschung in Paraguay\"  data-wpil-monitor-id=\"5314\">frontier<\/a> market.<\/li>\n<\/ul>\n\n\n\n<h2 class=\"wp-block-heading\">Trends, die die Marktforschung in Grenzm\u00e4rkten pr\u00e4gen<\/h2>\n\n\n\n<figure class=\"gb-block-image gb-block-image-206b3e38\"><img loading=\"lazy\" decoding=\"async\" width=\"1456\" height=\"816\" class=\"gb-image gb-image-206b3e38\" src=\"https:\/\/www.sisinternational.com\/wp-content\/uploads\/2025\/08\/Global-5.jpg\" alt=\"SIS International Marktforschung &amp; Strategie\" title=\"Global (5)\" srcset=\"https:\/\/www.sisinternational.com\/wp-content\/uploads\/2025\/08\/Global-5.jpg 1456w, https:\/\/www.sisinternational.com\/wp-content\/uploads\/2025\/08\/Global-5-300x168.jpg 300w, https:\/\/www.sisinternational.com\/wp-content\/uploads\/2025\/08\/Global-5-1024x574.jpg 1024w, https:\/\/www.sisinternational.com\/wp-content\/uploads\/2025\/08\/Global-5-768x430.jpg 768w, https:\/\/www.sisinternational.com\/wp-content\/uploads\/2025\/08\/Global-5-18x10.jpg 18w\" sizes=\"auto, (max-width: 1456px) 100vw, 1456px\"><\/figure>\n\n\n\n<p><\/p>\n\n\n\n<p>Die Welt der Marktforschung in Grenzm\u00e4rkten entwickelt sich kontinuierlich weiter und wird sowohl von globalen Makrotrends als auch von der Dynamik lokaler M\u00e4rkte beeinflusst. Hier sind einige der wichtigsten Trends:<\/p>\n\n\n\n<ul class=\"wp-block-list\">\n<li><strong>Steigende Internetdurchdringung:<\/strong> Immer mehr Menschen greifen auf das Internet zu, vor allem \u00fcber mobile Ger\u00e4te. In den Grenzm\u00e4rkten findet derzeit eine digitale Revolution statt. Forschern er\u00f6ffnen sich dadurch neue M\u00f6glichkeiten, Daten und Erkenntnisse zu sammeln.<\/li>\n\n\n\n<li><strong>Growing <\/strong><a href=\"https:\/\/www.sisinternational.com\/de\/marktforschung-im-nahen-osten\/\" title=\"Marktforschung im Nahen Osten\"  data-wpil-monitor-id=\"7328\">Middle Class: Many frontier markets<\/a> are experiencing the rise of a more affluent middle class, changing consumption patterns and demanding more sophisticated products and services.<\/li>\n\n\n\n<li><strong>Urbanisierung:<\/strong> Da immer mehr Menschen in st\u00e4dtische Gebiete ziehen, kommt es zu einer Ver\u00e4nderung des Lebensstils, der Konsumgewohnheiten und der Priorit\u00e4ten.<\/li>\n\n\n\n<li><strong>Nachhaltigkeit und ethische \u00dcberlegungen:<\/strong> Angesichts des globalen Bewusstseins f\u00fcr Nachhaltigkeitsthemen sind Unternehmen bestrebt, lokale \u00f6kologische und soziale Aspekte zu verstehen. Die Marktforschung in Grenzm\u00e4rkten konzentriert sich zunehmend auf diese Aspekte, um ethische Gesch\u00e4ftspraktiken zu f\u00f6rdern.<\/li>\n\n\n\n<li><strong>Integration fortschrittlicher Technologien:<\/strong> K\u00fcnstliche Intelligenz (KI) und maschinelles Lernen (ML) werden immer h\u00e4ufiger eingesetzt, um gro\u00dfe Datenmengen zu analysieren, Muster zu erkennen und Markttrends vorherzusagen. Virtual Reality (VR) und Augmented Reality (AR) werden f\u00fcr virtuelle Marktbesuche und immersive Studien zum Kundenerlebnis eingesetzt.<\/li>\n\n\n\n<li><strong>Kulturelle Nuancen und lokalisierte Strategien:<\/strong> Die vielf\u00e4ltigen kulturellen Nuancen, die in Grenzm\u00e4rkten existieren, werden zunehmend wertgesch\u00e4tzt. Ma\u00dfgeschneiderte Forschungsmethoden, die lokale Traditionen, Sprachen und Verhaltensweisen ber\u00fccksichtigen, sind zunehmend gefragt.<\/li>\n\n\n\n<li><strong>Fokus auf informelle \u00d6konomien:<\/strong> Angesichts der Tatsache, dass ein erheblicher Teil der Wirtschaftsaktivit\u00e4t in Grenzm\u00e4rkten au\u00dferhalb formeller Kan\u00e4le stattfindet, investieren Forscher gro\u00dfe Ressourcen in das Verst\u00e4ndnis dieser informellen Sektoren.<\/li>\n\n\n\n<li><strong>Risikomanagement:<\/strong> Angesichts der inh\u00e4renten Volatilit\u00e4t der Frontier-M\u00e4rkte liegt ein verst\u00e4rkter Fokus auf der Risikobewertung, die von politischen Risiken bis hin zu W\u00e4hrungsschwankungen reicht. Forscher setzen immer ausgefeiltere Tools und Methoden ein, um diese Risiken zu bewerten und zu kommunizieren.<\/li>\n<\/ul>","protected":false},"excerpt":{"rendered":"<p>Mit dem Begriff Frontier Market werden L\u00e4nder beschrieben, die sich in der \u00dcbergangsphase zwischen Entwicklungs- und Schwellenmarktstatus befinden.<\/p>","protected":false},"author":1,"featured_media":62416,"parent":14514,"menu_order":351,"comment_status":"closed","ping_status":"closed","template":"","meta":{"footnotes":""},"class_list":["post-43332","page","type-page","status-publish","has-post-thumbnail"],"_links":{"self":[{"href":"https:\/\/www.sisinternational.com\/de\/wp-json\/wp\/v2\/pages\/43332","targetHints":{"allow":["GET"]}}],"collection":[{"href":"https:\/\/www.sisinternational.com\/de\/wp-json\/wp\/v2\/pages"}],"about":[{"href":"https:\/\/www.sisinternational.com\/de\/wp-json\/wp\/v2\/types\/page"}],"author":[{"embeddable":true,"href":"https:\/\/www.sisinternational.com\/de\/wp-json\/wp\/v2\/users\/1"}],"replies":[{"embeddable":true,"href":"https:\/\/www.sisinternational.com\/de\/wp-json\/wp\/v2\/comments?post=43332"}],"version-history":[{"count":7,"href":"https:\/\/www.sisinternational.com\/de\/wp-json\/wp\/v2\/pages\/43332\/revisions"}],"predecessor-version":[{"id":81210,"href":"https:\/\/www.sisinternational.com\/de\/wp-json\/wp\/v2\/pages\/43332\/revisions\/81210"}],"up":[{"embeddable":true,"href":"https:\/\/www.sisinternational.com\/de\/wp-json\/wp\/v2\/pages\/14514"}],"wp:featuredmedia":[{"embeddable":true,"href":"https:\/\/www.sisinternational.com\/de\/wp-json\/wp\/v2\/media\/62416"}],"wp:attachment":[{"href":"https:\/\/www.sisinternational.com\/de\/wp-json\/wp\/v2\/media?parent=43332"}],"curies":[{"name":"wp","href":"https:\/\/api.w.org\/{rel}","templated":true}]}}