{"id":43326,"date":"2023-09-02T11:57:23","date_gmt":"2023-09-02T15:57:23","guid":{"rendered":"https:\/\/www.sisinternational.com\/?page_id=43326"},"modified":"2026-01-26T16:49:25","modified_gmt":"2026-01-26T21:49:25","slug":"marktforschung-fur-saubere-technologien","status":"publish","type":"page","link":"https:\/\/www.sisinternational.com\/de\/sachverstand\/marktforschung-fur-saubere-technologien\/","title":{"rendered":"Marktforschung f\u00fcr saubere Technologien"},"content":{"rendered":"<h1 class=\"wp-block-heading\">Marktforschung f\u00fcr saubere Technologien<\/h1>\n\n\n\n<figure class=\"gb-block-image gb-block-image-d4d0da08\"><img loading=\"lazy\" decoding=\"async\" width=\"1456\" height=\"816\" class=\"gb-image gb-image-d4d0da08\" src=\"https:\/\/www.sisinternational.com\/wp-content\/uploads\/2025\/09\/FinTech-Terch-technology-AI-artificial-intelligence-28.jpg\" alt=\"SIS International Marktforschung &amp; Strategie\" title=\"FinTech Terch technology AI artificial intelligence (28)\" srcset=\"https:\/\/www.sisinternational.com\/wp-content\/uploads\/2025\/09\/FinTech-Terch-technology-AI-artificial-intelligence-28.jpg 1456w, https:\/\/www.sisinternational.com\/wp-content\/uploads\/2025\/09\/FinTech-Terch-technology-AI-artificial-intelligence-28-300x168.jpg 300w, https:\/\/www.sisinternational.com\/wp-content\/uploads\/2025\/09\/FinTech-Terch-technology-AI-artificial-intelligence-28-1024x574.jpg 1024w, https:\/\/www.sisinternational.com\/wp-content\/uploads\/2025\/09\/FinTech-Terch-technology-AI-artificial-intelligence-28-768x430.jpg 768w, https:\/\/www.sisinternational.com\/wp-content\/uploads\/2025\/09\/FinTech-Terch-technology-AI-artificial-intelligence-28-18x10.jpg 18w\" sizes=\"auto, (max-width: 1456px) 100vw, 1456px\"><\/figure>\n\n\n\n<p><\/p>\n\n\n\n<p>Im Zeitalter dr\u00e4ngender Umweltprobleme und der dringenden Notwendigkeit, den CO2-Fu\u00dfabdruck zu reduzieren, ist saubere Technologie in den Mittelpunkt des weltweiten Interesses ger\u00fcckt. Um diese Chancen zu nutzen und die Komplexit\u00e4ten zu meistern, verlassen sich Unternehmen, Investoren und politische Entscheidungstr\u00e4ger in hohem Ma\u00dfe auf die Marktforschung im Bereich saubere Technologie.<\/p>\n\n\n\n<p>Die Marktforschung im Bereich saubere Technologien bietet einen tiefen Einblick in Verbraucherpr\u00e4ferenzen, technologische Fortschritte, regulatorische Rahmenbedingungen und Wettbewerbsdynamik und vermittelt den Beteiligten die Erkenntnisse, die sie f\u00fcr fundierte Entscheidungen ben\u00f6tigen.<\/p>\n\n\n\n<h2 class=\"wp-block-heading\">Bedeutung der Marktforschung im Bereich saubere Technologien<\/h2>\n\n\n\n<p>Das Hauptziel sauberer Technologien ist die Reduzierung von Umweltsch\u00e4den. Sie tragen dazu bei, die Umweltverschmutzung zu verringern, Treibhausgasemissionen zu reduzieren und \u00d6kosysteme zu sch\u00fctzen, um einen ges\u00fcnderen Planeten zu gew\u00e4hrleisten.<\/p>\n\n\n\n<p>For this reason, clean <a href=\"https:\/\/www.sisinternational.com\/de\/markt-fur-automobiltechnologie\/\" title=\"Marktforschung f\u00fcr Automobiltechnologie\"  data-wpil-monitor-id=\"3564\">technology market research<\/a> guides innovators, investors, businesses, and policymakers through the rapidly evolving landscape of clean technologies. Here&#8217;s a closer look at why this form of research is crucial in this industry:<\/p>\n\n\n\n<ul class=\"wp-block-list\">\n<li><strong>Informierte Investition:<\/strong> For investors, clean <a href=\"https:\/\/www.sisinternational.com\/de\/sachverstand\/branchen\/medizintechnik-medtech-marktforschung\/\" title=\"Marktforschung f\u00fcr Medizintechnik (Med Tech)\"  data-wpil-monitor-id=\"3759\">technology market research<\/a> provides a roadmap. It helps in identifying which technologies are emerging, which markets are ripe for expansion, and where the most significant returns on investment lie.<\/li>\n\n\n\n<li><strong>Verbraucherstimmung verstehen:<\/strong> As consumers grow more eco-conscious, their preferences shift. Clean <a href=\"https:\/\/www.sisinternational.com\/de\/sachverstand\/branchen\/marktforschung-im-bereich-modetechnologie\/\" title=\"Marktforschung f\u00fcr Modetechnologie\"  data-wpil-monitor-id=\"5947\">technology market research<\/a> offers insights into what consumers want, enabling businesses to align their products and strategies accordingly.<\/li>\n\n\n\n<li><strong>Regulatorische Angleichung:<\/strong> With governments worldwide implementing regulations to combat climate change, businesses need to stay ahead of the curve. Clean <a href=\"https:\/\/www.sisinternational.com\/de\/sachverstand\/branchen\/marktforschung-im-bereich-reisetechnologie\/\" title=\"Marktforschung f\u00fcr Reisetechnologie\"  data-wpil-monitor-id=\"6219\">technology market research<\/a> provides insights into current and potential future regulatory landscapes, ensuring companies are well-prepared and compliant.<\/li>\n\n\n\n<li><a href=\"https:\/\/www.sisinternational.com\/de\/europas-neue-globale-navigationstechnologie-gnss\/\" title=\"Was ist die globale GNSS-Navigationstechnologie?\"  data-wpil-monitor-id=\"1763\">Global Perspective: The clean technology<\/a> sector is global. Understanding regional nuances, opportunities, and challenges in various parts of the world can offer a more holistic view and open doors to international expansion.<\/li>\n\n\n\n<li><strong>F\u00f6rderung von Partnerschaften:<\/strong> Through clean <a href=\"https:\/\/www.sisinternational.com\/de\/losungen\/bildungstechnologie-edtech-losungen\/marktforschung-im-bereich-bildungstechnologie\/\" title=\"Marktforschung f\u00fcr Bildungstechnologien\"  data-wpil-monitor-id=\"6518\">technology market research<\/a>, businesses can identify potential partners, whether they are technology providers, distribution channels, or research institutions, fostering collaborations that drive growth.<\/li>\n\n\n\n<li><strong>Benchmarks setzen:<\/strong> Unternehmen, die bereits im Cleantech-Sektor t\u00e4tig sind, k\u00f6nnen durch Marktforschung ihre Leistung mit Branchenstandards vergleichen und so ihre St\u00e4rken und die Bereiche mit Verbesserungsbedarf hervorheben.<\/li>\n\n\n\n<li><strong>Zukunftssicherheit:<\/strong> Der Cleantech-Sektor ist dynamisch und weist kontinuierliche Fortschritte auf. Marktforschung im Bereich Cleantech bietet nicht nur eine Momentaufnahme der aktuellen Landschaft, sondern auch Prognosen und Trends f\u00fcr die Zukunft, um sicherzustellen, dass Unternehmen l\u00e4nger relevant bleiben.<\/li>\n<\/ul>\n\n\n\n<h2 class=\"wp-block-heading\">Vorteile der Marktforschung im Bereich saubere Technologien<\/h2>\n\n\n\n<figure class=\"gb-block-image gb-block-image-5e180a8b\"><img loading=\"lazy\" decoding=\"async\" width=\"1456\" height=\"816\" class=\"gb-image gb-image-5e180a8b\" src=\"https:\/\/www.sisinternational.com\/wp-content\/uploads\/2025\/09\/FinTech-Terch-technology-AI-artificial-intelligence-29.jpg\" alt=\"SIS International Marktforschung &amp; Strategie\" title=\"FinTech Terch technology AI artificial intelligence (29)\" srcset=\"https:\/\/www.sisinternational.com\/wp-content\/uploads\/2025\/09\/FinTech-Terch-technology-AI-artificial-intelligence-29.jpg 1456w, https:\/\/www.sisinternational.com\/wp-content\/uploads\/2025\/09\/FinTech-Terch-technology-AI-artificial-intelligence-29-300x168.jpg 300w, https:\/\/www.sisinternational.com\/wp-content\/uploads\/2025\/09\/FinTech-Terch-technology-AI-artificial-intelligence-29-1024x574.jpg 1024w, https:\/\/www.sisinternational.com\/wp-content\/uploads\/2025\/09\/FinTech-Terch-technology-AI-artificial-intelligence-29-768x430.jpg 768w, https:\/\/www.sisinternational.com\/wp-content\/uploads\/2025\/09\/FinTech-Terch-technology-AI-artificial-intelligence-29-18x10.jpg 18w\" sizes=\"auto, (max-width: 1456px) 100vw, 1456px\"><\/figure>\n\n\n\n<p><\/p>\n\n\n\n<p>Eine umfassende Marktforschung im Bereich der sauberen Technologien bietet mehrere Vorteile. Durch ein tieferes Verst\u00e4ndnis der Marktdynamik k\u00f6nnen die Beteiligten fundiertere Entscheidungen treffen und Chancen effektiv nutzen:<\/p>\n\n\n\n<ul class=\"wp-block-list\">\n<li><strong>Marktpotenziale identifizieren:<\/strong> Marktforschung deckt die Gr\u00f6\u00dfe, Wachstumsrate und das Potenzial bestimmter Segmente innerhalb des Cleantech-Sektors auf. Diese Informationen sind f\u00fcr Unternehmen, die neue M\u00e4rkte erschlie\u00dfen oder ihre Produktpalette erweitern m\u00f6chten, von unsch\u00e4tzbarem Wert.<\/li>\n\n\n\n<li><strong>Einblicke der Kunden:<\/strong> Durch ein tieferes Verst\u00e4ndnis der Kundenbed\u00fcrfnisse, -pr\u00e4ferenzen und -probleme k\u00f6nnen Unternehmen ihre Angebote effektiver anpassen. Dies kann zu einer h\u00f6heren Kundenzufriedenheit und -treue f\u00fchren.<\/li>\n\n\n\n<li><strong>Wettbewerbsanalyse:<\/strong> Durch Marktforschung im Bereich saubere Technologien k\u00f6nnen Unternehmen ihre wichtigsten Wettbewerber identifizieren, deren Strategien, St\u00e4rken und Schw\u00e4chen verstehen und Wege finden, sich auf dem Markt zu differenzieren.<\/li>\n\n\n\n<li><strong>Reduzierte Gesch\u00e4ftsrisiken:<\/strong> Unternehmen k\u00f6nnen h\u00e4ufige Fehler vermeiden, potenzielle Herausforderungen vorhersehen und Strategien zur Risikominderung entwickeln und so das Risiko kostspieliger Fehler verringern.<\/li>\n\n\n\n<li><strong>Prognosen und Trendanalysen:<\/strong> Die Marktforschung im Bereich saubere Technologien bietet eine zukunftsorientierte Perspektive und hilft Beteiligten dabei, neue Trends, Ver\u00e4nderungen im Verbraucherverhalten und potenzielle technologische Durchbr\u00fcche vorherzusehen.<\/li>\n\n\n\n<li><strong>Optimierte Marketingstrategien:<\/strong> Wenn Unternehmen verstehen, welche Kan\u00e4le und Botschaften bei der Zielgruppe am besten ankommen, k\u00f6nnen sie ihre Marketingausgaben und -kampagnen optimieren und so ihren ROI verbessern.<\/li>\n\n\n\n<li><strong>Produktentwicklung und Innovation:<\/strong> <a href=\"https:\/\/www.sisinternational.com\/de\/abdeckung\/marktforschung-in-australien\/\" title=\"Marktforschung in Australien\"  data-wpil-monitor-id=\"2886\">Research can reveal gaps in the market<\/a>, leading to the development of innovative solutions that address unmet needs or improve upon existing technologies.<\/li>\n\n\n\n<li><strong>Einhaltung gesetzlicher Vorschriften:<\/strong> Im Cleantech-Sektor ist es von entscheidender Bedeutung, \u00fcber die regulatorische Landschaft auf dem Laufenden zu bleiben. Marktforschung stellt sicher, dass Unternehmen \u00fcber aktuelle und kommende Vorschriften informiert sind, sodass sie die Vorschriften einhalten und potenzielle rechtliche Komplikationen vermeiden k\u00f6nnen.<\/li>\n\n\n\n<li><strong>Investitionen anziehen:<\/strong> Startups und Unternehmen im Cleantech-Sektor erfordern oft erhebliche Investitionen. Eine fundierte Marktforschung im Bereich Cleantech kann das Interesse und Vertrauen potenzieller Investoren wecken.<\/li>\n\n\n\n<li><strong>Sozio\u00f6konomische Auswirkungen verstehen:<\/strong> Da Cleantech mit gesellschaftlichen und wirtschaftlichen Fragen in Zusammenhang steht, kann das Verst\u00e4ndnis dieser Wechselwirkungen Unternehmen dabei helfen, potenzielle Herausforderungen zu meistern und Chancen f\u00fcr einen positiven Einfluss zu nutzen.<\/li>\n<\/ul>\n\n\n\n<h2 class=\"wp-block-heading\">Aktuelle Entwicklungen<\/h2>\n\n\n\n<p>Die Entwicklung sauberer Technologien hat verschiedene Trends durchlaufen \u2013 und die Marktforschung zu sauberen Technologien war ausschlaggebend f\u00fcr die Bestimmung neuer Muster, bahnbrechender Innovationen und Marktdynamiken. Hier sind einige der auff\u00e4lligsten Trends, die in diesem Bereich beobachtet wurden:<\/p>\n\n\n\n<ul class=\"wp-block-list\">\n<li><strong>Aufstieg der Energiespeicherl\u00f6sungen:<\/strong> Mit der zunehmenden Nutzung erneuerbarer Energien besteht ein Interesse an Energiespeicherl\u00f6sungen. Batterietechnologien wie Lithium-Ionen-Batterien und neuere Alternativen werden intensiv erforscht und entwickelt.<\/li>\n\n\n\n<li><strong>Gr\u00fcner Wasserstoff:<\/strong> Marktforschungen im Bereich saubere Technologien unterstreichen das zunehmende Interesse an gr\u00fcnem Wasserstoff als potenziellem sauberen Kraftstoff der Zukunft, insbesondere f\u00fcr Sektoren, die schwer elektrifiziert werden k\u00f6nnen, wie etwa den Schwerlastverkehr und die Industrie.<\/li>\n\n\n\n<li><strong>Dezentrale Energiesysteme:<\/strong> Mikronetze und dezentrale Energiel\u00f6sungen gewinnen an Bedeutung. Sie erm\u00f6glichen Gemeinden und Unternehmen, unabh\u00e4ngiger und widerstandsf\u00e4higer zu werden und verringern die Abh\u00e4ngigkeit von zentralen Energienetzen.<\/li>\n\n\n\n<li><strong>Praktiken der Kreislaufwirtschaft:<\/strong> Im Bereich sauberer Technologien liegt der Schwerpunkt zunehmend auf der Entwicklung von L\u00f6sungen, die Recycling, Wiederverwendung und Reduzierung f\u00f6rdern und sich vom traditionellen linearen Modell \u201eNehmen-Herstellen-Entsorgen\u201c abwenden.<\/li>\n\n\n\n<li><strong>Kohlenstoffabscheidung und -nutzung:<\/strong> Technologien zur Erfassung von Kohlendioxid-Emissionen und deren Umwandlung in nutzbare Produkte werden zunehmend erforscht und es wird verst\u00e4rkt in sie investiert.<\/li>\n\n\n\n<li><strong>Elektrifizierung des Transports:<\/strong> \u00dcber Elektroautos hinaus gibt es einen wachsenden Trend zur Elektrifizierung von Bussen, Schiffen und sogar Flugzeugen, der durch Fortschritte in der Batterietechnologie und bei elektrischen Antriebsstr\u00e4ngen vorangetrieben wird.<\/li>\n\n\n\n<li><strong>Wasseraufbereitung und Entsalzung:<\/strong> Angesichts der Verknappung der S\u00fc\u00dfwasserressourcen r\u00fccken Technologien zur Wasseraufbereitung, Abwasserbehandlung und Entsalzung zunehmend in den Fokus.<\/li>\n\n\n\n<li><strong>KI und Big Data in Clean Tech:<\/strong> Die Integration k\u00fcnstlicher Intelligenz und Big Data-Analysen tr\u00e4gt dazu bei, den Energieverbrauch zu optimieren, die Ger\u00e4tewartung vorherzusagen und verschiedene Prozesse der sauberen Technologie zu rationalisieren.<\/li>\n\n\n\n<li><strong>Clean Tech im Bauwesen:<\/strong> Nachhaltige Baumaterialien, gr\u00fcne Architektur und energieeffiziente Baupraktiken sind wachsende Trends in dieser dynamischen Branche.<\/li>\n\n\n\n<li><strong>Sozial verantwortliches Investieren:<\/strong> Investoren ber\u00fccksichtigen zunehmend \u00f6kologische, soziale und Governance-Kriterien und lenken ihr Kapital in nachhaltige und sozial verantwortliche Cleantech-Unternehmen.<\/li>\n<\/ul>","protected":false},"excerpt":{"rendered":"<p>Die Marktforschung im Bereich saubere Technologien bietet Erkenntnisse, die fundierte Entscheidungen hinsichtlich Verbraucherpr\u00e4ferenzen, Technologie, Vorschriften und Wettbewerbern erm\u00f6glichen.<\/p>","protected":false},"author":1,"featured_media":69483,"parent":14514,"menu_order":349,"comment_status":"closed","ping_status":"closed","template":"","meta":{"footnotes":""},"class_list":["post-43326","page","type-page","status-publish","has-post-thumbnail"],"_links":{"self":[{"href":"https:\/\/www.sisinternational.com\/de\/wp-json\/wp\/v2\/pages\/43326","targetHints":{"allow":["GET"]}}],"collection":[{"href":"https:\/\/www.sisinternational.com\/de\/wp-json\/wp\/v2\/pages"}],"about":[{"href":"https:\/\/www.sisinternational.com\/de\/wp-json\/wp\/v2\/types\/page"}],"author":[{"embeddable":true,"href":"https:\/\/www.sisinternational.com\/de\/wp-json\/wp\/v2\/users\/1"}],"replies":[{"embeddable":true,"href":"https:\/\/www.sisinternational.com\/de\/wp-json\/wp\/v2\/comments?post=43326"}],"version-history":[{"count":11,"href":"https:\/\/www.sisinternational.com\/de\/wp-json\/wp\/v2\/pages\/43326\/revisions"}],"predecessor-version":[{"id":80101,"href":"https:\/\/www.sisinternational.com\/de\/wp-json\/wp\/v2\/pages\/43326\/revisions\/80101"}],"up":[{"embeddable":true,"href":"https:\/\/www.sisinternational.com\/de\/wp-json\/wp\/v2\/pages\/14514"}],"wp:featuredmedia":[{"embeddable":true,"href":"https:\/\/www.sisinternational.com\/de\/wp-json\/wp\/v2\/media\/69483"}],"wp:attachment":[{"href":"https:\/\/www.sisinternational.com\/de\/wp-json\/wp\/v2\/media?parent=43326"}],"curies":[{"name":"wp","href":"https:\/\/api.w.org\/{rel}","templated":true}]}}