{"id":43296,"date":"2023-09-01T16:33:44","date_gmt":"2023-09-01T20:33:44","guid":{"rendered":"https:\/\/www.sisinternational.com\/?page_id=43296"},"modified":"2026-01-27T16:32:48","modified_gmt":"2026-01-27T21:32:48","slug":"pop-up-fokusgruppen-marktforschungsunternehmen","status":"publish","type":"page","link":"https:\/\/www.sisinternational.com\/de\/sachverstand\/pop-up-fokusgruppen-marktforschungsunternehmen\/","title":{"rendered":"Pop Up Focus Group Marktforschungsunternehmen"},"content":{"rendered":"<h1 class=\"wp-block-heading\">Pop Up Focus Group Marktforschungsunternehmen<\/h1>\n\n\n\n<figure class=\"gb-block-image gb-block-image-bfcf437b\"><img loading=\"lazy\" decoding=\"async\" width=\"1456\" height=\"816\" class=\"gb-image gb-image-bfcf437b\" src=\"https:\/\/www.sisinternational.com\/wp-content\/uploads\/2025\/09\/Focus-group-recruitment-7.jpg\" alt=\"SIS International Marktforschung &amp; Strategie\" title=\"Focus group recruitment (7)\" srcset=\"https:\/\/www.sisinternational.com\/wp-content\/uploads\/2025\/09\/Focus-group-recruitment-7.jpg 1456w, https:\/\/www.sisinternational.com\/wp-content\/uploads\/2025\/09\/Focus-group-recruitment-7-300x168.jpg 300w, https:\/\/www.sisinternational.com\/wp-content\/uploads\/2025\/09\/Focus-group-recruitment-7-1024x574.jpg 1024w, https:\/\/www.sisinternational.com\/wp-content\/uploads\/2025\/09\/Focus-group-recruitment-7-768x430.jpg 768w, https:\/\/www.sisinternational.com\/wp-content\/uploads\/2025\/09\/Focus-group-recruitment-7-18x10.jpg 18w\" sizes=\"auto, (max-width: 1456px) 100vw, 1456px\"><\/figure>\n\n\n\n<p><\/p>\n\n\n\n<p>Traditionelle Fokusgruppen waren lange Zeit der Goldstandard bei der Erfassung qualitativer Daten. Da sich die M\u00e4rkte jedoch \u00e4ndern und die Verbraucher in ihrem Verhalten und ihren Vorlieben immer dynamischer werden, besteht ein wachsender Bedarf an Methoden, die diese Dynamik widerspiegeln. Ein Marktforschungsunternehmen f\u00fcr Pop-up-Fokusgruppen bietet eine spontane, adaptive und umfassende M\u00f6glichkeit, mit den Teilnehmern zu interagieren und Echtzeit-Feedback in unterschiedlichen Umgebungen zu erfassen. Anstatt die Teilnehmer in einen Konferenzraum zu bringen, wagen sich diese Pop-up-Gruppen in die reale Welt und verwischen so die Grenze zwischen Alltagserfahrungen und Forschungsbem\u00fchungen.<\/p>\n\n\n\n<h2 class=\"wp-block-heading\">Welche Rolle spielt ein Marktforschungsunternehmen f\u00fcr Pop-up-Fokusgruppen?<\/h2>\n\n\n\n<p>The realm of market research is vast with myriad methodologies at play, each with its unique strengths and target objectives. Within this spectrum, the pop up <a href=\"https:\/\/www.sisinternational.com\/de\/weltweit-fuhrendes-unternehmen-fur-fokusgruppen\/\" title=\"Top-Unternehmen der Global Focus Group\"  data-wpil-monitor-id=\"1018\">focus group market research company<\/a> emerges as a contemporary game changer. But what exactly is its role in today&#8217;s business environment?<\/p>\n\n\n\n<ul class=\"wp-block-list\">\n<li><strong>Dynamisches Engagement mit den Teilnehmern:<\/strong> Pop-up-Fokusgruppen k\u00f6nnen praktisch \u00fcberall eingerichtet werden \u2013 von Einkaufszentren und Parks bis hin zu Festivals und Verkehrsknotenpunkten. Dies erm\u00f6glicht die Interaktion mit den Teilnehmern in entspannteren oder vertrauteren Umgebungen, was zu authentischerem und spontanerem Feedback f\u00fchren kann.<\/li>\n\n\n\n<li><strong>Feedback-Sammlung in Echtzeit:<\/strong> By setting up diverse environments, a <a href=\"https:\/\/www.sisinternational.com\/de\/vox-pops-und-marktforschung\/\" title=\"Vox Pops Marktforschung\"  data-wpil-monitor-id=\"4313\">pop up focus group market research<\/a> company can capture immediate reactions to products, advertisements, or concepts. This real-time feedback is invaluable for brands looking to launch or test new offerings.<\/li>\n\n\n\n<li><strong>Erweiterung der Teilnehmerdemografie:<\/strong> Die Mobilit\u00e4t von Pop-up-Fokusgruppen erm\u00f6glicht es Forschern, Bev\u00f6lkerungsgruppen zu erreichen, die in traditionellen Umgebungen unterrepr\u00e4sentiert sein k\u00f6nnten. Indem sie an unterschiedlichen Orten auftreten, k\u00f6nnen sie ein breiteres Spektrum an Teilnehmern mit unterschiedlichem Hintergrund, Alter und Lebensstil ansprechen.<\/li>\n\n\n\n<li><strong>Kosteng\u00fcnstige Forschung:<\/strong> Da keine festen Einrichtungen oder aufw\u00e4ndige Aufbauten erforderlich sind, k\u00f6nnen Pop-up-Fokusgruppen eine kosteng\u00fcnstigere M\u00f6glichkeit zur Durchf\u00fchrung qualitativer Forschung darstellen, insbesondere f\u00fcr Unternehmen oder Organisationen mit knapperen Budgets.<\/li>\n\n\n\n<li><strong>Datenreichtum durch Kontext erweitern:<\/strong> Observing and engaging with participants in real-world settings adds a layer of context to the data collected. For instance, a pop up focus group in a shopping mall can provide insights not just on what <a href=\"https:\/\/www.sisinternational.com\/de\/koreanische-pop-marktforschung-k-pop\/\" title=\"Koreanische Pop-Marktforschung | K-Pop\"  data-wpil-monitor-id=\"2619\">consumers<\/a> think, but also on how they behave in a shopping environment.<\/li>\n\n\n\n<li><strong>Flexibilit\u00e4t und Anpassungsf\u00e4higkeit:<\/strong> Pop up focus group <a href=\"https:\/\/www.sisinternational.com\/de\/abdeckung\/die-amerikaner\/usa-berichterstattung\/marktforschungsunternehmen-atlanta\/\" title=\"Marktforschungsunternehmen in Atlanta\"  data-wpil-monitor-id=\"6416\">market research companies<\/a> can quickly adapt to market trends, news events, or seasonal changes, ensuring that the research remains relevant and timely.<\/li>\n\n\n\n<li><strong>Einbeziehung multisensorischer Erfahrungen:<\/strong> Durch die unterschiedlichen Umgebungen k\u00f6nnen visuelle, akustische, taktile und sogar geschmackliche Aspekte in den Forschungsprozess integriert werden. Dies ist insbesondere f\u00fcr Branchen wie Lebensmittel und Getr\u00e4nke, Unterhaltung oder Erlebnismarketing von Vorteil.<\/li>\n\n\n\n<li><strong>Zusammenarbeit mit Marken und Events:<\/strong> Diese Unternehmen k\u00f6nnen mit Marken bei Produkteinf\u00fchrungen, Werbeveranstaltungen oder Marketingkampagnen zusammenarbeiten und die Forschung nahtlos in diese Initiativen einbetten.<\/li>\n\n\n\n<li><strong>Schnelle Iteration und Tests:<\/strong> Unternehmen k\u00f6nnen Pop-up-Fokusgruppen zur schnellen Iteration verwenden und Variationen eines Produkts oder Konzepts auf der Grundlage sofortigen Feedbacks in schneller Folge testen.<\/li>\n\n\n\n<li><strong>Verbesserung der Markensichtbarkeit:<\/strong> Das Einrichten von Pop-up-Fokusgruppen in offenen Bereichen kann auch einem doppelten Zweck der Markenwerbung dienen, indem es f\u00fcr Begeisterung f\u00fcr die getestete Marke oder das getestete Produkt sorgt.<\/li>\n<\/ul>\n\n\n\n<h2 class=\"wp-block-heading\">Vorteile der Beauftragung eines Marktforschungsunternehmens f\u00fcr Pop-Up-Fokusgruppen<\/h2>\n\n\n\n<figure class=\"gb-block-image gb-block-image-c1f637c6\"><img loading=\"lazy\" decoding=\"async\" width=\"1456\" height=\"816\" class=\"gb-image gb-image-c1f637c6\" src=\"https:\/\/www.sisinternational.com\/wp-content\/uploads\/2025\/09\/Focus-group-recruitment-5.jpg\" alt=\"SIS International Marktforschung &amp; Strategie\" title=\"Focus group recruitment (5)\" srcset=\"https:\/\/www.sisinternational.com\/wp-content\/uploads\/2025\/09\/Focus-group-recruitment-5.jpg 1456w, https:\/\/www.sisinternational.com\/wp-content\/uploads\/2025\/09\/Focus-group-recruitment-5-300x168.jpg 300w, https:\/\/www.sisinternational.com\/wp-content\/uploads\/2025\/09\/Focus-group-recruitment-5-1024x574.jpg 1024w, https:\/\/www.sisinternational.com\/wp-content\/uploads\/2025\/09\/Focus-group-recruitment-5-768x430.jpg 768w, https:\/\/www.sisinternational.com\/wp-content\/uploads\/2025\/09\/Focus-group-recruitment-5-18x10.jpg 18w\" sizes=\"auto, (max-width: 1456px) 100vw, 1456px\"><\/figure>\n\n\n\n<p><\/p>\n\n\n\n<p>While traditional market research methods remain relevant, the pop up focus <a href=\"https:\/\/www.sisinternational.com\/de\/focus-groups-that-deliver-real-voices-real-insight-real-advantage\/\" title=\"Focus Groups That Deliver Real Voices, Real Insight, Real Advantage\"  data-wpil-monitor-id=\"1520\">group market research company<\/a> introduces a fresh and agile approach to gathering insights. Here are the key benefits businesses can derive from hiring such companies:<\/p>\n\n\n\n<ul class=\"wp-block-list\">\n<li><strong>Verbesserte Authentizit\u00e4t der Antworten:<\/strong> Pop-up-Fokusgruppen fangen die Teilnehmer eher in ihrer nat\u00fcrlichen Umgebung ein, was im Vergleich zu kontrollierten Umgebungen zu authentischeren Reaktionen und R\u00fcckmeldungen f\u00fchrt.<\/li>\n\n\n\n<li><strong>Schnelle Bearbeitungszeit:<\/strong> Given their temporary and spontaneous nature, <a href=\"https:\/\/www.sisinternational.com\/de\/valentinstag-so-kann-ihr-unternehmen-die-liebe-spuren\/\" title=\"Marktforschung zum Valentinstag: So kann Ihr Unternehmen die Liebe sp\u00fcren\"  data-wpil-monitor-id=\"7387\">pop up focus groups can be quickly set up, executed, and analyzed, allowing businesses to react to findings in real-time by leveraging the expertise of a pop up focus group market research<\/a> company.<\/li>\n\n\n\n<li><strong>Kosteneffizienz:<\/strong> Without the need for permanent <a href=\"https:\/\/www.sisinternational.com\/de\/sachverstand\/branchen\/marktforschung-fur-drittanbieterlogistik\/\" title=\"Marktforschung f\u00fcr Drittanbieterlogistik\"  data-wpil-monitor-id=\"4784\">research facilities and with often reduced logistical<\/a> requirements, pop up focus groups can offer cost-effective solutions, especially beneficial for small to medium enterprises.<\/li>\n\n\n\n<li><strong>Vielf\u00e4ltiger Teilnehmerpool:<\/strong> Durch die M\u00f6glichkeit, sich an verschiedenen Standorten niederzulassen, wird eine breitere demografische Darstellung gew\u00e4hrleistet und es werden umfassende Einblicke gew\u00e4hrt, die verschiedene Verbrauchersegmente ber\u00fccksichtigen.<\/li>\n\n\n\n<li><strong>Flexibles und anpassbares Forschungsdesign:<\/strong> Unternehmen k\u00f6nnen ihren Forschungsschwerpunkt schnell auf der Grundlage neuer Trends, Marktver\u00e4nderungen oder vorl\u00e4ufiger Ergebnisse aus fr\u00fcheren Pop-up-Sitzungen \u00e4ndern.<\/li>\n\n\n\n<li><strong>Integration von Erfahrungsfeedback:<\/strong> Pop-up-Fokusgruppen k\u00f6nnen mit Produktproben, Demos oder umfassenden Markenerlebnissen kombiniert werden, wodurch die Feedbackerfassung in einem erfahrungsorientierten Kontext erm\u00f6glicht wird.<\/li>\n\n\n\n<li><strong>Sofortige Problemidentifizierung und -l\u00f6sung:<\/strong> Schnelle Feedbackschleifen f\u00fchren dazu, dass Schwachstellen bei Produkten und Dienstleistungen sofort erkannt und behoben werden k\u00f6nnen. Dadurch werden m\u00f6gliche negative Langzeitauswirkungen reduziert.<\/li>\n\n\n\n<li><strong>Erh\u00f6hte Markensichtbarkeit und Engagement:<\/strong> Conducting focus groups in public or high-traffic areas inadvertently boosts brand visibility, potentially turning a <a href=\"https:\/\/www.sisinternational.com\/de\/abdeckung\/marktforschung-in-australien\/\" title=\"Marktforschung in Australien\"  data-wpil-monitor-id=\"2889\">research activity into a marketing<\/a> opportunity.<\/li>\n\n\n\n<li><strong>Innovative Datenerfassungstechniken:<\/strong> A <a href=\"https:\/\/www.sisinternational.com\/de\/sachverstand\/branchen\/trainingsdaten-marktforschung\/\" title=\"Marktforschung zu Trainingsdaten\"  data-wpil-monitor-id=\"3448\">pop up focus group market research<\/a> company employs cutting-edge technology and tools (from augmented reality to interactive digital surveys) enhancing the depth and richness of data collected.<\/li>\n\n\n\n<li><strong>Aufbau von Verbrauchervertrauen:<\/strong> Durch die direkte Interaktion mit Verbrauchern in zug\u00e4nglichen, vertrauten Umgebungen k\u00f6nnen Vertrauen und Harmonie gef\u00f6rdert werden. Dies unterstreicht das Engagement einer Marke, ihr Publikum wirklich zu verstehen und wertzusch\u00e4tzen.<\/li>\n<\/ul>\n\n\n\n<h2 class=\"wp-block-heading\">Schl\u00fcsselkomponenten einer erfolgreichen Pop-up-Fokusgruppe<\/h2>\n\n\n\n<figure class=\"gb-block-image gb-block-image-5a5f74a6\"><img loading=\"lazy\" decoding=\"async\" width=\"1456\" height=\"816\" class=\"gb-image gb-image-5a5f74a6\" src=\"https:\/\/www.sisinternational.com\/wp-content\/uploads\/2025\/09\/Focus-group-recruitment-12.jpg\" alt=\"SIS International Marktforschung &amp; Strategie\" title=\"Focus group recruitment (12)\" srcset=\"https:\/\/www.sisinternational.com\/wp-content\/uploads\/2025\/09\/Focus-group-recruitment-12.jpg 1456w, https:\/\/www.sisinternational.com\/wp-content\/uploads\/2025\/09\/Focus-group-recruitment-12-300x168.jpg 300w, https:\/\/www.sisinternational.com\/wp-content\/uploads\/2025\/09\/Focus-group-recruitment-12-1024x574.jpg 1024w, https:\/\/www.sisinternational.com\/wp-content\/uploads\/2025\/09\/Focus-group-recruitment-12-768x430.jpg 768w, https:\/\/www.sisinternational.com\/wp-content\/uploads\/2025\/09\/Focus-group-recruitment-12-18x10.jpg 18w\" sizes=\"auto, (max-width: 1456px) 100vw, 1456px\"><\/figure>\n\n\n\n<p><\/p>\n\n\n\n<p>Um in der heutigen dynamischen Gesch\u00e4ftswelt erfolgreich zu sein, ist es entscheidend, die Stimmung der Verbraucher zu verstehen und sich entsprechend anzupassen. Ein Marktforschungsunternehmen f\u00fcr Pop-up-Fokusgruppen bietet eine innovative Methode, um diese Erkenntnisse zu gewinnen. Damit diese Fokusgruppen jedoch effektiv sind, m\u00fcssen bestimmte Komponenten vorhanden sein. Hier sind die Schl\u00fcsselelemente, die eine erfolgreiche Pop-up-Fokusgruppe ausmachen:<\/p>\n\n\n\n<ul class=\"wp-block-list\">\n<li><strong>Strategische Standortauswahl:<\/strong> Der gew\u00e4hlte Veranstaltungsort sollte die Zielgruppe und das Forschungsziel widerspiegeln. Ob belebtes Einkaufszentrum, ruhiges Caf\u00e9 oder lebhaftes Festival \u2013 der Ort muss echte Interaktionen und Feedback erm\u00f6glichen.<\/li>\n\n\n\n<li><strong>Effektive Werbung und Rekrutierung:<\/strong> Eine fr\u00fchzeitige Werbung sorgt f\u00fcr eine gute Beteiligung. Mit lokaler Werbung, Social-Media-Kampagnen und Anreizen vor Ort k\u00f6nnen Sie die richtigen Teilnehmer gewinnen.<\/li>\n\n\n\n<li><strong>Erfahrene Moderatoren:<\/strong> Der Erfolg einer Fokusgruppe h\u00e4ngt weitgehend vom Moderator ab. Bei spontanen Fokusgruppen m\u00fcssen Moderatoren in der Lage sein, spontane Situationen zu meistern, offenes Feedback zu erhalten und die Diskussionen auf Kurs zu halten.<\/li>\n\n\n\n<li><strong>Integration von Technologie:<\/strong> Die Einbindung von Tools wie digitalen Umfragen, Live-Streaming oder interaktiven Anzeigen kann den Datenerfassungsprozess verbessern und ihn ansprechender und umfassender gestalten.<\/li>\n\n\n\n<li><strong>Interaktives und ansprechendes Setup:<\/strong> Eine einladende und komfortable Umgebung ermutigt die Teilnehmer, sich zu \u00f6ffnen. Denken Sie an gem\u00fctliche Sitzgelegenheiten, Erfrischungen und ein einladendes Ambiente.<\/li>\n\n\n\n<li><strong>Ethische \u00dcberlegungen:<\/strong> It is essential to obtain consent from participants, ensure data privacy, and operate transparently. Building trust is crucial for the credibility of the <a href=\"https:\/\/www.sisinternational.com\/de\/sachverstand\/branchen\/marktforschung-zu-umweltfreundlichen-baumaterialien\/\" title=\"Marktforschung zu umweltfreundlichen Baumaterialien\"  data-wpil-monitor-id=\"3351\">pop up focus group market research<\/a> company.<\/li>\n<\/ul>","protected":false},"excerpt":{"rendered":"<p>Ein Marktforschungsunternehmen f\u00fcr Pop-up-Fokusgruppen bindet Teilnehmer ein und erfasst Echtzeit-Feedback in unterschiedlichen Umgebungen.<\/p>","protected":false},"author":1,"featured_media":66933,"parent":14514,"menu_order":348,"comment_status":"closed","ping_status":"closed","template":"","meta":{"footnotes":""},"class_list":["post-43296","page","type-page","status-publish","has-post-thumbnail"],"_links":{"self":[{"href":"https:\/\/www.sisinternational.com\/de\/wp-json\/wp\/v2\/pages\/43296","targetHints":{"allow":["GET"]}}],"collection":[{"href":"https:\/\/www.sisinternational.com\/de\/wp-json\/wp\/v2\/pages"}],"about":[{"href":"https:\/\/www.sisinternational.com\/de\/wp-json\/wp\/v2\/types\/page"}],"author":[{"embeddable":true,"href":"https:\/\/www.sisinternational.com\/de\/wp-json\/wp\/v2\/users\/1"}],"replies":[{"embeddable":true,"href":"https:\/\/www.sisinternational.com\/de\/wp-json\/wp\/v2\/comments?post=43296"}],"version-history":[{"count":14,"href":"https:\/\/www.sisinternational.com\/de\/wp-json\/wp\/v2\/pages\/43296\/revisions"}],"predecessor-version":[{"id":81032,"href":"https:\/\/www.sisinternational.com\/de\/wp-json\/wp\/v2\/pages\/43296\/revisions\/81032"}],"up":[{"embeddable":true,"href":"https:\/\/www.sisinternational.com\/de\/wp-json\/wp\/v2\/pages\/14514"}],"wp:featuredmedia":[{"embeddable":true,"href":"https:\/\/www.sisinternational.com\/de\/wp-json\/wp\/v2\/media\/66933"}],"wp:attachment":[{"href":"https:\/\/www.sisinternational.com\/de\/wp-json\/wp\/v2\/media?parent=43296"}],"curies":[{"name":"wp","href":"https:\/\/api.w.org\/{rel}","templated":true}]}}