{"id":43269,"date":"2023-09-01T12:30:16","date_gmt":"2023-09-01T16:30:16","guid":{"rendered":"https:\/\/www.sisinternational.com\/?page_id=43269"},"modified":"2026-01-26T14:21:52","modified_gmt":"2026-01-26T19:21:52","slug":"marktforschung-fur-fast-food-franchises","status":"publish","type":"page","link":"https:\/\/www.sisinternational.com\/de\/sachverstand\/marktforschung-fur-fast-food-franchises\/","title":{"rendered":"Marktforschung f\u00fcr Fast-Food-Franchises"},"content":{"rendered":"<h1 class=\"wp-block-heading\">Marktforschung f\u00fcr Fast-Food-Franchises<\/h1>\n\n\n\n<figure class=\"gb-block-image gb-block-image-e3552a42\"><img loading=\"lazy\" decoding=\"async\" width=\"1456\" height=\"816\" class=\"gb-image gb-image-e3552a42\" src=\"https:\/\/www.sisinternational.com\/wp-content\/uploads\/2025\/08\/Food-taste-testing-2.jpg\" alt=\"SIS International Marktforschung &amp; Strategie\" title=\"Food taste testing (2)\" srcset=\"https:\/\/www.sisinternational.com\/wp-content\/uploads\/2025\/08\/Food-taste-testing-2.jpg 1456w, https:\/\/www.sisinternational.com\/wp-content\/uploads\/2025\/08\/Food-taste-testing-2-300x168.jpg 300w, https:\/\/www.sisinternational.com\/wp-content\/uploads\/2025\/08\/Food-taste-testing-2-1024x574.jpg 1024w, https:\/\/www.sisinternational.com\/wp-content\/uploads\/2025\/08\/Food-taste-testing-2-768x430.jpg 768w, https:\/\/www.sisinternational.com\/wp-content\/uploads\/2025\/08\/Food-taste-testing-2-18x10.jpg 18w\" sizes=\"auto, (max-width: 1456px) 100vw, 1456px\"><\/figure>\n\n\n\n<p><\/p>\n\n\n\n<p>Die Fast-Food-Branche bleibt einer der sich am schnellsten entwickelnden Sektoren. Obwohl ihr Wachstum weltweit zu beobachten ist, ist ihre Entwicklung nicht nur das Ergebnis innovativer Men\u00fcs oder eing\u00e4ngiger Marketingkampagnen. Hinter den Kulissen spielt der sorgf\u00e4ltige Prozess der Marktforschung f\u00fcr Fast-Food-Franchises eine Schl\u00fcsselrolle bei der Gestaltung der Richtung dieser Branche.<\/p>\n\n\n\n<p>Das <a href=\"https:\/\/www.sisinternational.com\/de\/sachverstand\/branchen\/marktforschung-zur-markenneupositionierung-von-motorradern\/\" title=\"Marktforschung zur Markenneugestaltung f\u00fcr Motorr\u00e4der\"  data-wpil-monitor-id=\"4716\">Forschung<\/a> not only informs businesses about current market trends but also helps companies understand consumer preferences, regional tastes, and operational challenges, among other issues.<\/p>\n\n\n\n<h2 class=\"wp-block-heading\">Was ist Marktforschung f\u00fcr Fast-Food-Franchises?<\/h2>\n\n\n\n<p>Fast food <a class=\"wpil_keyword_link\" href=\"https:\/\/www.sisinternational.com\/de\/sachverstand\/branchen\/franchise-marktforschung\/\"   title=\"Franchise-Marktforschung\" data-wpil-keyword-link=\"linked\"  data-wpil-monitor-id=\"330\">Franchise-Marktforschung<\/a> provides franchises, investors, and stakeholders with detailed knowledge about the industry&#8217;s current landscape, potential growth areas, challenges, and emerging trends. This research encompasses various facets such as:<\/p>\n\n\n\n<ul class=\"wp-block-list\">\n<li><strong>Verbraucheranalyse:<\/strong> Verstehen Sie die Vorlieben, Gewohnheiten und Verhaltensweisen der Verbraucher. Dies kann alles umfassen, von ihren Lieblingsgerichten und Bestellmustern bis hin zu ihren Ansichten zur Nachhaltigkeit und gesundheitsbezogenen Entscheidungen bei Fast Food.<\/li>\n\n\n\n<li><strong>Wettbewerbsbewertung:<\/strong> Einblicke in die Vorgehensweise konkurrierender Franchiseunternehmen in Bezug auf Men\u00fcangebote, Marketingstrategien, Preise und Betriebstaktiken gewinnen. Dies hilft Franchisenehmern, L\u00fccken, Chancen und potenzielle Bedrohungen zu erkennen.<\/li>\n\n\n\n<li><strong>Betriebseffizienz:<\/strong> Bewertung der betrieblichen Aspekte der F\u00fchrung eines Fast-Food-Franchise, vom Lieferkettenmanagement bis hin zu Mitarbeiterschulungen und Kundendienstprotokollen.<\/li>\n\n\n\n<li><strong>Trend-Spotting:<\/strong> Identifizieren neuer Muster in der Branche, wie etwa technologische Innovationen bei der Auftragsabwicklung, die Umstellung auf pflanzliche Men\u00fcoptionen oder Nachhaltigkeitspraktiken.<\/li>\n\n\n\n<li><strong>Geografische und demografische Analyse:<\/strong> Verstehen Sie regionale Vorlieben und kulturelle Einfl\u00fcsse auf die Lebensmittelauswahl und sprechen Sie bestimmte demografische Segmente an.<\/li>\n\n\n\n<li><strong>\u00d6konomische Indikatoren:<\/strong> \u00dcberpr\u00fcfung umfassenderer wirtschaftlicher Faktoren, die sich auf die Fast-Food-Franchisebranche auswirken k\u00f6nnen, wie etwa die H\u00f6he des verf\u00fcgbaren Einkommens, die Besch\u00e4ftigungsquote und die allgemeine wirtschaftliche Gesundheit.<\/li>\n\n\n\n<li><strong>Regulatorisches Umfeld:<\/strong> Bleiben Sie \u00fcber lokale, regionale oder nationale Vorschriften auf dem Laufenden, die sich auf den Betrieb von Fast-Food-Franchises auswirken k\u00f6nnten, einschlie\u00dflich Gesundheitsrichtlinien, Umweltschutzauflagen und Arbeitsgesetzen.<\/li>\n<\/ul>\n\n\n\n<h2 class=\"wp-block-heading\">Warum Marktforschung f\u00fcr Fast-Food-Franchises im aktuellen Gesch\u00e4ftsumfeld so wichtig ist<\/h2>\n\n\n\n<figure class=\"gb-block-image gb-block-image-6ee815d7\"><img loading=\"lazy\" decoding=\"async\" width=\"1456\" height=\"816\" class=\"gb-image gb-image-6ee815d7\" src=\"https:\/\/www.sisinternational.com\/wp-content\/uploads\/2025\/08\/Food-taste-testing-15.jpg\" alt=\"SIS International Marktforschung &amp; Strategie\" title=\"Food taste testing (15)\" srcset=\"https:\/\/www.sisinternational.com\/wp-content\/uploads\/2025\/08\/Food-taste-testing-15.jpg 1456w, https:\/\/www.sisinternational.com\/wp-content\/uploads\/2025\/08\/Food-taste-testing-15-300x168.jpg 300w, https:\/\/www.sisinternational.com\/wp-content\/uploads\/2025\/08\/Food-taste-testing-15-1024x574.jpg 1024w, https:\/\/www.sisinternational.com\/wp-content\/uploads\/2025\/08\/Food-taste-testing-15-768x430.jpg 768w, https:\/\/www.sisinternational.com\/wp-content\/uploads\/2025\/08\/Food-taste-testing-15-18x10.jpg 18w\" sizes=\"auto, (max-width: 1456px) 100vw, 1456px\"><\/figure>\n\n\n\n<p><\/p>\n\n\n\n<p>In an industry as dynamic as the fast food sector, possessing an in-depth understanding of the market can be vital \u2013 and <a href=\"https:\/\/www.sisinternational.com\/de\/sachverstand\/branchen\/marktforschung-fur-fast-casual-restaurants\/\" title=\"Marktforschung f\u00fcr Fast-Casual-Restaurants\"  data-wpil-monitor-id=\"5936\">Marktforschung f\u00fcr Fast-Food-Franchises<\/a> offers a competitive edge that companies are capitalizing on such as:<\/p>\n\n\n\n<ul class=\"wp-block-list\">\n<li><strong>Informierte Entscheidungsfindung:<\/strong> Mit datengest\u00fctzten Erkenntnissen k\u00f6nnen Franchiseunternehmen strategische Entscheidungen in Bezug auf Standort, Men\u00fcangebot, Preisgestaltung und Marketing treffen. Durch das Verst\u00e4ndnis der Kundenpr\u00e4ferenzen und -verhaltensweisen k\u00f6nnen Franchiseunternehmen ihre Dienstleistungen besser an die Nachfrage anpassen.<\/li>\n\n\n\n<li><strong>Risikominderung:<\/strong> Marktforschung f\u00fcr Fast-Food-Franchises hilft dabei, potenzielle Herausforderungen zu identifizieren, von betrieblichen H\u00fcrden bis hin zu Ver\u00e4nderungen der Verbraucherpr\u00e4ferenzen. Durch die Vorwegnahme dieser Herausforderungen k\u00f6nnen Franchiseunternehmen Strategien zur Risikominimierung entwickeln.<\/li>\n\n\n\n<li><strong>Wachstumschancen erkennen:<\/strong> Durch Marktforschung im Bereich Fast-Food-Franchises k\u00f6nnen Franchiseunternehmen unerschlossene Regionen oder demografische Merkmale, neue Produktm\u00f6glichkeiten oder Serviceverbesserungen erkennen, die zu h\u00f6heren Ums\u00e4tzen f\u00fchren k\u00f6nnen.<\/li>\n\n\n\n<li><strong>Wettbewerbsvergleich:<\/strong> Durch die Bewertung der Strategien und Leistungen der Konkurrenz erhalten Franchiseunternehmen ein klareres Bild ihrer Marktpositionierung. So k\u00f6nnen sie ihre Alleinstellungsmerkmale und Verbesserungsbereiche identifizieren.<\/li>\n\n\n\n<li><strong>Ressourcenzuweisung:<\/strong> Wenn Franchiseunternehmen wissen, welche Produkte oder Dienstleistungen am beliebtesten sind oder welche Marketingstrategien die beste Kapitalrendite erzielen, k\u00f6nnen sie ihre Ressourcen effizient zuweisen.<\/li>\n\n\n\n<li><strong>Anpassung an Trends:<\/strong> Mithilfe der Marktforschung f\u00fcr Fast-Food-Franchises bleiben Franchisenehmer immer an der Spitze, indem sie neue Trends erkennen und sich darauf einstellen \u2013 seien es gesundheitsorientierte Men\u00fc\u00e4nderungen, technologische Fortschritte oder Nachhaltigkeitspraktiken.<\/li>\n\n\n\n<li><strong>Einhaltung gesetzlicher Vorschriften:<\/strong> Angesichts der sich st\u00e4ndig \u00e4ndernden Gesundheits-, Sicherheits- und Umweltvorschriften ist es wichtig, das regulatorische Umfeld zu verstehen. Marktforschung f\u00fcr Fast-Food-Franchises stellt sicher, dass Franchiseunternehmen die Vorschriften einhalten und potenzielle rechtliche Fallstricke vermeiden.<\/li>\n\n\n\n<li><strong>Steigerung der Kundenzufriedenheit:<\/strong> Durch das Verstehen und Reagieren auf Kundenfeedback k\u00f6nnen Franchiseunternehmen das allgemeine Kundenerlebnis verbessern und so die Loyalit\u00e4t ihrer Kunden erh\u00f6hen, positive Mundpropaganda verbreiten und Folgeauftr\u00e4ge generieren.<\/li>\n<\/ul>\n\n\n\n<h2 class=\"wp-block-heading\">Wichtige Akteure in der Fast-Food-Franchise-Branche<\/h2>\n\n\n\n<p>Die Fastfood-Franchise-Branche ist riesig und umfasst zahlreiche Akteure in verschiedenen Regionen der Welt. Einige wichtige Akteure haben es jedoch geschafft, eine bedeutende globale Pr\u00e4senz aufzubauen.<\/p>\n\n\n\n<ul class=\"wp-block-list\">\n<li><strong>MC Donalds:<\/strong> Dieser in den USA gegr\u00fcndete Riese ist zum Synonym f\u00fcr Fast Food geworden und in fast jeder Ecke der Welt vertreten (mit einigen Ausnahmen wie Bolivien).<\/li>\n\n\n\n<li><strong>KFC (Kentucky Fried Chicken):<\/strong> KFC ist auf H\u00fchnchen spezialisiert und in vielen L\u00e4ndern weltweit t\u00e4tig.<\/li>\n\n\n\n<li><strong>Burger King:<\/strong> Burger King, bekannt f\u00fcr seinen Whopper-Burger, ist ein weiterer bedeutender globaler Akteur in der Fast-Food-Branche.<\/li>\n\n\n\n<li><strong>U-Bahn:<\/strong> Mit seinem Schwerpunkt auf Sandwiches und Salaten hat sich Subway als globale Marke mit einer riesigen Anzahl an Filialen etabliert.<\/li>\n\n\n\n<li><strong>Dominos Pizza:<\/strong> Domino\u2018s ist auf Pizzalieferungen spezialisiert, verf\u00fcgt in vielen L\u00e4ndern \u00fcber eine starke Pr\u00e4senz und expandiert weiterhin.<\/li>\n\n\n\n<li><strong>Starbucks:<\/strong> Obwohl Starbucks eher f\u00fcr seinen Kaffee bekannt ist, bietet das Unternehmen auch eine Reihe von Nahrungsmitteln an und hat sich auf vielen globalen M\u00e4rkten zu einer dominierenden Kraft entwickelt.<\/li>\n<\/ul>\n\n\n\n<h2 class=\"wp-block-heading\">Chancen und Herausforderungen der Fast-Food-Franchise-Marktforschung<\/h2>\n\n\n\n<figure class=\"gb-block-image gb-block-image-581bdc5d\"><img loading=\"lazy\" decoding=\"async\" width=\"1456\" height=\"816\" class=\"gb-image gb-image-581bdc5d\" src=\"https:\/\/www.sisinternational.com\/wp-content\/uploads\/2025\/08\/Burger-3.jpg\" alt=\"SIS International Marktforschung &amp; Strategie\" title=\"Burger (3)\" srcset=\"https:\/\/www.sisinternational.com\/wp-content\/uploads\/2025\/08\/Burger-3.jpg 1456w, https:\/\/www.sisinternational.com\/wp-content\/uploads\/2025\/08\/Burger-3-300x168.jpg 300w, https:\/\/www.sisinternational.com\/wp-content\/uploads\/2025\/08\/Burger-3-1024x574.jpg 1024w, https:\/\/www.sisinternational.com\/wp-content\/uploads\/2025\/08\/Burger-3-768x430.jpg 768w, https:\/\/www.sisinternational.com\/wp-content\/uploads\/2025\/08\/Burger-3-18x10.jpg 18w\" sizes=\"auto, (max-width: 1456px) 100vw, 1456px\"><\/figure>\n\n\n\n<p><\/p>\n\n\n\n<p>Fast-Food-Franchises sind in vielen L\u00e4ndern der Welt zu einem festen Bestandteil geworden. Wenn Sie erw\u00e4gen, in ein Fast-Food-Franchise zu investieren oder ein solches zu gr\u00fcnden, ist Marktforschung unerl\u00e4sslich, um die Dynamik des lokalen Marktes, die Nachfrage, den Wettbewerb und mehr zu verstehen. Im Folgenden finden Sie die Chancen und Herausforderungen, die mit der Marktforschung f\u00fcr Fast-Food-Franchises verbunden sind:<\/p>\n\n\n\n<h3 class=\"wp-block-heading\">Gelegenheiten:<\/h3>\n\n\n\n<ul class=\"wp-block-list\">\n<li><strong>Identifizierung unerschlossener M\u00e4rkte:<\/strong> Durch umfassende Marktforschung k\u00f6nnen Unternehmer Regionen oder Orte identifizieren, in denen Nachfrage besteht, das Angebot jedoch begrenzt ist, was eine hervorragende Gelegenheit zur Er\u00f6ffnung eines Fast-Food-Gesch\u00e4fts darstellt.<\/li>\n\n\n\n<li><strong>Verbraucherpr\u00e4ferenzen:<\/strong> Durch Marktforschung im Bereich Fast-Food-Franchises lassen sich Erkenntnisse \u00fcber lokale Essenspr\u00e4ferenzen, Ern\u00e4hrungsbed\u00fcrfnisse und neue Trends gewinnen, sodass die Franchiseunternehmen ihre Men\u00fcs oder Marketingstrategien entsprechend anpassen k\u00f6nnen.<\/li>\n\n\n\n<li><strong>Preisoptimierung:<\/strong> Durch die Untersuchung des Durchschnittseinkommens, der Ausgabegewohnheiten und der Preissensibilit\u00e4t einer bestimmten Region k\u00f6nnen Franchiseunternehmen ihre Preisstrategien optimieren, um die Rentabilit\u00e4t zu maximieren.<\/li>\n\n\n\n<li><strong>Wettbewerbsvorteil:<\/strong> Eine umfassende Marktforschung im Bereich Fast-Food-Franchises kann die St\u00e4rken und Schw\u00e4chen der Konkurrenz aufzeigen, die ausgenutzt werden k\u00f6nnen, um einen Wettbewerbsvorteil zu erlangen.<\/li>\n\n\n\n<li><strong>Messen Sie die Marketingeffektivit\u00e4t:<\/strong> R\u00fcckmeldungen aus der Marktforschung k\u00f6nnen Franchiseunternehmen dabei helfen, ihre Werbekampagnen und Verkaufsf\u00f6rderungsma\u00dfnahmen zu optimieren.<\/li>\n<\/ul>\n\n\n\n<h3 class=\"wp-block-heading\">Herausforderungen:<\/h3>\n\n\n\n<figure class=\"gb-block-image gb-block-image-fa733508\"><img loading=\"lazy\" decoding=\"async\" width=\"1456\" height=\"816\" class=\"gb-image gb-image-fa733508\" src=\"https:\/\/www.sisinternational.com\/wp-content\/uploads\/2025\/08\/Food-taste-testing-13.jpg\" alt=\"SIS International Marktforschung &amp; Strategie\" title=\"Food taste testing (13)\" srcset=\"https:\/\/www.sisinternational.com\/wp-content\/uploads\/2025\/08\/Food-taste-testing-13.jpg 1456w, https:\/\/www.sisinternational.com\/wp-content\/uploads\/2025\/08\/Food-taste-testing-13-300x168.jpg 300w, https:\/\/www.sisinternational.com\/wp-content\/uploads\/2025\/08\/Food-taste-testing-13-1024x574.jpg 1024w, https:\/\/www.sisinternational.com\/wp-content\/uploads\/2025\/08\/Food-taste-testing-13-768x430.jpg 768w, https:\/\/www.sisinternational.com\/wp-content\/uploads\/2025\/08\/Food-taste-testing-13-18x10.jpg 18w\" sizes=\"auto, (max-width: 1456px) 100vw, 1456px\"><\/figure>\n\n\n\n<ul class=\"wp-block-list\">\n<li><strong>Dynamische Trends:<\/strong> Fast-Food-Vorlieben und -Trends k\u00f6nnen sich schnell \u00e4ndern, was es f\u00fcr die Marktforschung schwierig macht, auf dem neuesten Stand zu bleiben. Was heute beliebt ist, kann morgen schon veraltet sein.<\/li>\n\n\n\n<li><strong>Kulturelle Unterschiede:<\/strong> In der multinationalen Marktforschung kann das Verst\u00e4ndnis der lokalen Kulturen, Geschm\u00e4cker und Ern\u00e4hrungsgewohnheiten eine Herausforderung sein und erfordert oft lokales Fachwissen.<\/li>\n\n\n\n<li><strong>\u00dcbers\u00e4ttigung:<\/strong> In Gegenden mit einer gro\u00dfen Anzahl an Fastfood-Franchises kann es schwierig sein, zwischen Marken zu differenzieren und durch Marktforschung Alleinstellungsmerkmale zu identifizieren.<\/li>\n\n\n\n<li><strong>Gesetzliche und regulatorische \u00c4nderungen:<\/strong> Die Fast-Food-Branche steht vor regulatorischen Herausforderungen in Bezug auf Gesundheit, Umweltbelange oder Arbeitsfragen. Diesen Ver\u00e4nderungen durch Marktforschung f\u00fcr Fast-Food-Franchises immer einen Schritt voraus zu sein, ist eine Herausforderung, aber unerl\u00e4sslich.<\/li>\n\n\n\n<li><strong>Falsche Vorstellungen der Verbraucher:<\/strong> Es bestehen m\u00f6glicherweise Vorurteile oder Missverst\u00e4ndnisse gegen\u00fcber Fast Food, insbesondere in Bezug auf Gesundheit und Ern\u00e4hrung. Um diese Missverst\u00e4ndnisse zu verstehen und zu umgehen, bedarf es differenzierter Marktforschung.<\/li>\n<\/ul>","protected":false},"excerpt":{"rendered":"<p>Durch die Marktforschung f\u00fcr Fast-Food-Franchises erhalten Franchiseunternehmen, Investoren und Interessenvertreter Einblicke in einen der sich am schnellsten entwickelnden Sektoren.<\/p>","protected":false},"author":1,"featured_media":64705,"parent":14514,"menu_order":344,"comment_status":"closed","ping_status":"closed","template":"","meta":{"footnotes":""},"class_list":["post-43269","page","type-page","status-publish","has-post-thumbnail"],"_links":{"self":[{"href":"https:\/\/www.sisinternational.com\/de\/wp-json\/wp\/v2\/pages\/43269","targetHints":{"allow":["GET"]}}],"collection":[{"href":"https:\/\/www.sisinternational.com\/de\/wp-json\/wp\/v2\/pages"}],"about":[{"href":"https:\/\/www.sisinternational.com\/de\/wp-json\/wp\/v2\/types\/page"}],"author":[{"embeddable":true,"href":"https:\/\/www.sisinternational.com\/de\/wp-json\/wp\/v2\/users\/1"}],"replies":[{"embeddable":true,"href":"https:\/\/www.sisinternational.com\/de\/wp-json\/wp\/v2\/comments?post=43269"}],"version-history":[{"count":6,"href":"https:\/\/www.sisinternational.com\/de\/wp-json\/wp\/v2\/pages\/43269\/revisions"}],"predecessor-version":[{"id":79607,"href":"https:\/\/www.sisinternational.com\/de\/wp-json\/wp\/v2\/pages\/43269\/revisions\/79607"}],"up":[{"embeddable":true,"href":"https:\/\/www.sisinternational.com\/de\/wp-json\/wp\/v2\/pages\/14514"}],"wp:featuredmedia":[{"embeddable":true,"href":"https:\/\/www.sisinternational.com\/de\/wp-json\/wp\/v2\/media\/64705"}],"wp:attachment":[{"href":"https:\/\/www.sisinternational.com\/de\/wp-json\/wp\/v2\/media?parent=43269"}],"curies":[{"name":"wp","href":"https:\/\/api.w.org\/{rel}","templated":true}]}}