{"id":43265,"date":"2023-09-01T12:03:18","date_gmt":"2023-09-01T16:03:18","guid":{"rendered":"https:\/\/www.sisinternational.com\/?page_id=43265"},"modified":"2026-01-24T17:11:01","modified_gmt":"2026-01-24T22:11:01","slug":"franchise-marktforschungsberatungsunternehmen","status":"publish","type":"page","link":"https:\/\/www.sisinternational.com\/de\/sachverstand\/franchise-marktforschungsberatungsunternehmen\/","title":{"rendered":"Franchise-Marktforschungs- und Beratungsunternehmen"},"content":{"rendered":"<h1 class=\"wp-block-heading\">Franchise-Marktforschungs- und Beratungsunternehmen<\/h1>\n\n\n\n<figure class=\"gb-block-image gb-block-image-609c0433\"><img loading=\"lazy\" decoding=\"async\" width=\"1456\" height=\"816\" class=\"gb-image gb-image-609c0433\" src=\"https:\/\/www.sisinternational.com\/wp-content\/uploads\/2025\/08\/Franchise-1.jpg\" alt=\"SIS International Marktforschung &amp; Strategie\" title=\"Franchise (1)\" srcset=\"https:\/\/www.sisinternational.com\/wp-content\/uploads\/2025\/08\/Franchise-1.jpg 1456w, https:\/\/www.sisinternational.com\/wp-content\/uploads\/2025\/08\/Franchise-1-300x168.jpg 300w, https:\/\/www.sisinternational.com\/wp-content\/uploads\/2025\/08\/Franchise-1-1024x574.jpg 1024w, https:\/\/www.sisinternational.com\/wp-content\/uploads\/2025\/08\/Franchise-1-768x430.jpg 768w, https:\/\/www.sisinternational.com\/wp-content\/uploads\/2025\/08\/Franchise-1-18x10.jpg 18w\" sizes=\"auto, (max-width: 1456px) 100vw, 1456px\"><\/figure>\n\n\n\n<p><\/p>\n\n\n\n<p>Um Marken dabei zu helfen, die Herausforderungen der Expansion, der Konkurrenz und der sich schnell \u00e4ndernden Verbraucherpr\u00e4ferenzen zu meistern, k\u00f6nnte ein Franchise-Marktforschungs- und -Beratungsunternehmen die L\u00f6sung sein.<\/p>\n\n\n\n<p>Diese spezialisierten Firmen beraten Franchiseunternehmen mit einer Mischung aus sorgf\u00e4ltiger Recherche und strategischen Erkenntnissen. Ihre Rolle ist von unsch\u00e4tzbarem Wert, da sie die L\u00fccke zwischen Rohdaten und umsetzbaren Strategien schlie\u00dfen. Ob es um die Suche nach dem n\u00e4chsten lukrativen Standort oder die Prognose eines Markttrends geht, diese Unternehmen bieten das Fachwissen, das Franchiseunternehmen zu neuen H\u00f6hen verhilft.<\/p>\n\n\n\n<h2 class=\"wp-block-heading\">Vorteile der Beauftragung eines Franchise-Marktforschungs- und Beratungsunternehmens<\/h2>\n\n\n\n<p>Ein Beratungsunternehmen fungiert als strategischer Partner und bringt viele Vorteile mit sich, beispielsweise:<\/p>\n\n\n\n<ul class=\"wp-block-list\">\n<li><strong>Risikominderung:<\/strong> Durch das Verst\u00e4ndnis potenzieller Herausforderungen k\u00f6nnen Franchiseunternehmen Risiken vorhersehen, entsprechende Strategien entwickeln und so einen reibungsloseren Gesch\u00e4ftsbetrieb gew\u00e4hrleisten.<\/li>\n\n\n\n<li><strong>Wettbewerbsvorteil:<\/strong> Durch das Benchmarking der Konkurrenz erh\u00e4lt man Einblicke in die Aktivit\u00e4ten konkurrierender Marken und kann Franchiseunternehmen so klare Marktpositionen erarbeiten und sich einen Vorsprung vor der Konkurrenz verschaffen.<\/li>\n\n\n\n<li><strong>Operative Exzellenz:<\/strong> A <a class=\"wpil_keyword_link\" href=\"https:\/\/www.sisinternational.com\/de\/sachverstand\/branchen\/franchise-marktforschung\/\"   title=\"Franchise-Marktforschung\" data-wpil-keyword-link=\"linked\"  data-wpil-monitor-id=\"331\">Franchise-Marktforschung<\/a> and consulting company provides guidance on best practices, streamlining processes, enhancing efficiency, and ultimately boosting profitability.<\/li>\n\n\n\n<li><strong>Ma\u00dfgeschneiderte Marketingstrategien:<\/strong> Durch das Verst\u00e4ndnis spezifischer Marktsegmente, Kundenpr\u00e4ferenzen und regionaler Besonderheiten k\u00f6nnen Franchiseunternehmen Marketingkampagnen entwickeln, die bei ihrer Zielgruppe effektiver ankommen.<\/li>\n\n\n\n<li><strong>Zugang zu Branchenexperten:<\/strong> Ein Franchise-Marktforschungs- und Beratungsunternehmen verf\u00fcgt h\u00e4ufig \u00fcber eine Liste von Branchenexperten, die jahrelange Erfahrung und Kenntnisse mitbringen und so eine unsch\u00e4tzbare Beratung leisten.<\/li>\n\n\n\n<li><strong>Einsparma\u00dfnahmen:<\/strong> Durch effiziente Ressourcenzuweisung, Abfallreduzierung und strategische Planung k\u00f6nnen Franchiseunternehmen langfristig erhebliche Kosteneinsparungen erzielen.<\/li>\n\n\n\n<li><strong>Anpassungsf\u00e4higkeit an Trends:<\/strong> Indem man sich \u00fcber die Trends auf den Schwellenm\u00e4rkten auf dem Laufenden h\u00e4lt \u2013 sei es in den Bereichen Technologie, Verbraucherverhalten oder globale Ereignisse \u2013 stellt man sicher, dass Franchiseunternehmen relevant und anpassungsf\u00e4hig bleiben.<\/li>\n\n\n\n<li><strong>Einhaltung gesetzlicher Vorschriften:<\/strong> Beratungsunternehmen unterst\u00fctzen regelm\u00e4\u00dfig dabei, sich im komplizierten Netz von Vorschriften zurechtzufinden und sicherzustellen, dass Franchiseunternehmen die Vorschriften einhalten und potenzielle rechtliche Komplikationen vermeiden.<\/li>\n\n\n\n<li><strong>Schulung und Kompetenzentwicklung:<\/strong> Ein Franchise-Marktforschungs- und Beratungsunternehmen bietet Schulungsmodule zur Verbesserung der F\u00e4higkeiten der Mitarbeiter, vom Kundendienst bis zum Management, an und stellt so sicher, dass das Franchise optimal funktioniert.<\/li>\n\n\n\n<li><strong>Objektives Feedback:<\/strong> Ein externes Forschungs- und Beratungsunternehmen liefert unvoreingenommenes Feedback und Einsch\u00e4tzungen und erm\u00f6glicht so echte Selbstreflexion und Wachstum.<\/li>\n<\/ul>\n\n\n\n<h2 class=\"wp-block-heading\">Franchise-Marktforschungs- und Beratungsunternehmen: Neue Trends<\/h2>\n\n\n\n<figure class=\"gb-block-image gb-block-image-12a4442b\"><img loading=\"lazy\" decoding=\"async\" width=\"1456\" height=\"816\" class=\"gb-image gb-image-12a4442b\" src=\"https:\/\/www.sisinternational.com\/wp-content\/uploads\/2025\/08\/Franchise-3.jpg\" alt=\"SIS International Marktforschung &amp; Strategie\" title=\"Franchise (3)\" srcset=\"https:\/\/www.sisinternational.com\/wp-content\/uploads\/2025\/08\/Franchise-3.jpg 1456w, https:\/\/www.sisinternational.com\/wp-content\/uploads\/2025\/08\/Franchise-3-300x168.jpg 300w, https:\/\/www.sisinternational.com\/wp-content\/uploads\/2025\/08\/Franchise-3-1024x574.jpg 1024w, https:\/\/www.sisinternational.com\/wp-content\/uploads\/2025\/08\/Franchise-3-768x430.jpg 768w, https:\/\/www.sisinternational.com\/wp-content\/uploads\/2025\/08\/Franchise-3-18x10.jpg 18w\" sizes=\"auto, (max-width: 1456px) 100vw, 1456px\"><\/figure>\n\n\n\n<p><\/p>\n\n\n\n<p>Mit der Entwicklung der Gesch\u00e4ftslandschaft entwickelt sich auch der Bereich der Franchise-Marktforschung und -Beratung weiter. Diese Unternehmen bleiben \u00fcber die neuesten Entwicklungen auf dem Laufenden, um ihren Kunden relevante und umsetzbare Erkenntnisse zu liefern \u2013 und hier sind einige aufkommende Trends in diesem Sektor:<\/p>\n\n\n\n<ul class=\"wp-block-list\">\n<li><strong>Fokus auf Nachhaltigkeit:<\/strong> Es besteht ein zunehmender Bedarf an Forschung zu nachhaltigen Praktiken. Franchiseunternehmen m\u00f6chten die Einstellung der Verbraucher zum Thema Nachhaltigkeit verstehen und wissen, wie sie umweltfreundliche Praktiken integrieren k\u00f6nnen, um dieser Nachfrage gerecht zu werden.<\/li>\n\n\n\n<li><strong>Lokalisierte Strategien:<\/strong> Angesichts der Erkenntnis, dass es keine Einheitsl\u00f6sung gibt, wird zunehmend Wert auf die Entwicklung lokaler Strategien gelegt. Ein Franchise-Marktforschungs- und Beratungsunternehmen unterst\u00fctzt Marken dabei, ihre Angebote so anzupassen, dass sie mit der lokalen Kultur, den Geschm\u00e4ckern und Vorlieben in Einklang stehen.<\/li>\n\n\n\n<li><strong>Virtuelle Realit\u00e4t (VR) und Erweiterte Realit\u00e4t (AR):<\/strong> Diese Technologien spielen in der Marktforschung eine immer wichtigere Rolle. VR und AR erm\u00f6glichen immersive Kundenerlebnisse und Feedback-Sitzungen, sodass Franchiseunternehmen ihre Konzepte vor der physischen Einf\u00fchrung verfeinern k\u00f6nnen.<\/li>\n\n\n\n<li><strong>Diversifizierte Franchise-Modelle:<\/strong> Neben dem traditionellen Franchising gewinnen Modelle wie Mikro-Franchising und Social-Franchising an Bedeutung. Ein Franchise-Marktforschungs- und Beratungsunternehmen kann zu diesen alternativen Modellen beraten, insbesondere in Schwellenm\u00e4rkten.<\/li>\n\n\n\n<li><strong>E-Commerce- und Omni-Channel-Strategien:<\/strong> Mit dem Aufkommen des Online-Shoppings steigt auch der Bedarf, station\u00e4re Franchiseunternehmen mit digitalen Plattformen zu integrieren. Beratungsfirmen bieten jetzt Strategien an, um nahtlose Omnichannel-Erlebnisse zu gew\u00e4hrleisten.<\/li>\n\n\n\n<li><strong>Erlebnisorientierte Forschung:<\/strong> \u00dcber Produkte und Dienstleistungen hinaus r\u00fcckt das allgemeine Kundenerlebnis in den Mittelpunkt. Die Marktforschung befasst sich mit Faktoren wie Ambiente, Engagement und Erlebnisangeboten.<\/li>\n\n\n\n<li><strong>Datenschutz und Ethik:<\/strong> Da Daten in der Marktforschung eine zentrale Rolle spielen, wird zunehmend Wert auf die Gew\u00e4hrleistung des Datenschutzes und ethischer Forschungspraktiken unter Einhaltung globaler Standards und Vorschriften gelegt.<\/li>\n<\/ul>\n\n\n\n<h2 class=\"wp-block-heading\">Franchise-Marktforschungs- und Beratungsunternehmen: Zukunftsaussichten<\/h2>\n\n\n\n<figure class=\"gb-block-image gb-block-image-43030504\"><img loading=\"lazy\" decoding=\"async\" width=\"1456\" height=\"816\" class=\"gb-image gb-image-43030504\" src=\"https:\/\/www.sisinternational.com\/wp-content\/uploads\/2025\/08\/Franchise-4.jpg\" alt=\"SIS International Marktforschung &amp; Strategie\" title=\"Franchise (4)\" srcset=\"https:\/\/www.sisinternational.com\/wp-content\/uploads\/2025\/08\/Franchise-4.jpg 1456w, https:\/\/www.sisinternational.com\/wp-content\/uploads\/2025\/08\/Franchise-4-300x168.jpg 300w, https:\/\/www.sisinternational.com\/wp-content\/uploads\/2025\/08\/Franchise-4-1024x574.jpg 1024w, https:\/\/www.sisinternational.com\/wp-content\/uploads\/2025\/08\/Franchise-4-768x430.jpg 768w, https:\/\/www.sisinternational.com\/wp-content\/uploads\/2025\/08\/Franchise-4-18x10.jpg 18w\" sizes=\"auto, (max-width: 1456px) 100vw, 1456px\"><\/figure>\n\n\n\n<p><\/p>\n\n\n\n<p>In einer Welt des st\u00e4ndigen Wandels, in der Unternehmen unerm\u00fcdlich nach Innovation und Anpassung streben, wird die Rolle von Franchise-Marktforschungs- und Beratungsunternehmen immer wichtiger. Im Folgenden sind einige wichtige Trends und Prognosen aufgef\u00fchrt, die die Zukunftsaussichten dieser Unternehmen wahrscheinlich pr\u00e4gen werden:<\/p>\n\n\n\n<ul class=\"wp-block-list\">\n<li><strong>Hyperpersonalisierung:<\/strong> Durch den Zustrom von Big Data und maschinellem Lernen kann ein Franchise-Marktforschungs- und Beratungsunternehmen hochspezifische Erkenntnisse liefern und so den Weg f\u00fcr Franchiseunternehmen ebnen, hyperpersonalisierte Erlebnisse, Produkte und Dienstleistungen anzubieten.<\/li>\n\n\n\n<li><strong>Global vs. Lokal:<\/strong> As franchising expands globally, there will be a simultaneous pull toward localization. A Franchise market <a href=\"https:\/\/www.sisinternational.com\/de\/thin-slicing-im-marketing-eine-uberprufung-von-blink\/\" title=\"Thin-Slicing im Marketing: Buchbesprechung von \u201eBlink\u201c\"  data-wpil-monitor-id=\"1633\">research and consulting company will assist brands<\/a> in striking a balance, ensuring global brand consistency while catering to local tastes and sensibilities.<\/li>\n\n\n\n<li><strong>Intelligente Automatisierung:<\/strong> Fortschrittliche KI wird viele Forschungsprozesse automatisieren und so schnellere Durchlaufzeiten und genauere Vorhersagen gew\u00e4hrleisten. So k\u00f6nnen sich Berater st\u00e4rker auf Strategie und Umsetzung konzentrieren.<\/li>\n\n\n\n<li><strong>Nachhaltige und ethische Beratung:<\/strong> Die Nachfrage nach nachhaltigen Gesch\u00e4ftsmodellen wird steigen. Ein Franchise-Marktforschungs- und Beratungsunternehmen wird Franchiseunternehmen dabei unterst\u00fctzen, umweltfreundliche Praktiken, ethische Beschaffung und gesellschaftliches Engagement zu integrieren.<\/li>\n\n\n\n<li><strong>Ganzheitliche Gesch\u00e4ftsmodelle:<\/strong> \u00dcber gewinnorientierte Modelle hinaus wird es immer mehr Franchiseunternehmen geben, die sich auf ganzheitliche Vorteile konzentrieren, vom Gemeinwohl bis hin zu den Auswirkungen auf die Umwelt.<\/li>\n\n\n\n<li><strong>Dezentrales Franchise-Management:<\/strong> Mit den Fortschritten in der Blockchain wird es dezentralisierte Franchise-Managementsysteme geben, die Transparenz, Sicherheit und optimierte Abl\u00e4ufe bieten.<\/li>\n\n\n\n<li><strong>Resilienzplanung:<\/strong> Zuk\u00fcnftige Marktforschung und Beratung werden gro\u00dfen Wert auf die Entwicklung belastbarer Gesch\u00e4ftsmodelle legen und Franchiseunternehmen dabei unterst\u00fctzen, sich auf unvorhergesehene globale Ereignisse oder Marktst\u00f6rungen vorzubereiten.<\/li>\n\n\n\n<li><strong>Kollaborative \u00d6kosysteme:<\/strong> Beratungsfirmen werden sich von Dienstleistern zu Kooperationspartnern entwickeln und \u00d6kosysteme f\u00f6rdern, in denen Franchiseunternehmen, Lieferanten und sogar Wettbewerber zum gemeinsamen Wachstum zusammenarbeiten.<\/li>\n\n\n\n<li><strong>Ethische Datenpraktiken:<\/strong> Da Daten zum R\u00fcckgrat der Marktforschung werden, wird es strengere Vorschriften geben und ein h\u00f6herer Schwerpunkt wird auf eine ethische Datenerfassung, -speicherung und -analyse gelegt, um die Privatsph\u00e4re und das Vertrauen der Verbraucher zu gew\u00e4hrleisten.<\/li>\n\n\n\n<li><strong>Diversifiziertes Serviceangebot:<\/strong> Beratungsunternehmen werden ihr Leistungsangebot diversifizieren und sich auf Bereiche wie die psychische Gesundheit am Arbeitsplatz, Schulungen zur Technologieintegration und sogar Workshops zur kulturellen Sensibilit\u00e4t konzentrieren, um den umfassenderen Bed\u00fcrfnissen von Franchiseunternehmen gerecht zu werden.<\/li>\n\n\n\n<li><strong>Fokus auf geistiges und emotionales Engagement:<\/strong> The future will see a shift from transactional interactions to emotional engagements. A franchise market <a href=\"https:\/\/www.sisinternational.com\/de\/schockwerbung-und-schockmarketing\/\" title=\"Schockvertising und Schockmarketing\"  data-wpil-monitor-id=\"1971\">research and consulting company will assist brands<\/a> in crafting strategies that foster emotional connections with their audience.<\/li>\n<\/ul>\n\n\n\n<p><\/p>","protected":false},"excerpt":{"rendered":"<p>Ein Franchise-Marktforschungs- und Beratungsunternehmen k\u00f6nnte Marken dabei helfen, zu expandieren, wettbewerbsf\u00e4hig zu bleiben und sich an die ver\u00e4nderten Verbraucherpr\u00e4ferenzen anzupassen.<\/p>","protected":false},"author":1,"featured_media":63809,"parent":14514,"menu_order":343,"comment_status":"closed","ping_status":"closed","template":"","meta":{"footnotes":""},"class_list":["post-43265","page","type-page","status-publish","has-post-thumbnail"],"_links":{"self":[{"href":"https:\/\/www.sisinternational.com\/de\/wp-json\/wp\/v2\/pages\/43265","targetHints":{"allow":["GET"]}}],"collection":[{"href":"https:\/\/www.sisinternational.com\/de\/wp-json\/wp\/v2\/pages"}],"about":[{"href":"https:\/\/www.sisinternational.com\/de\/wp-json\/wp\/v2\/types\/page"}],"author":[{"embeddable":true,"href":"https:\/\/www.sisinternational.com\/de\/wp-json\/wp\/v2\/users\/1"}],"replies":[{"embeddable":true,"href":"https:\/\/www.sisinternational.com\/de\/wp-json\/wp\/v2\/comments?post=43265"}],"version-history":[{"count":6,"href":"https:\/\/www.sisinternational.com\/de\/wp-json\/wp\/v2\/pages\/43265\/revisions"}],"predecessor-version":[{"id":76340,"href":"https:\/\/www.sisinternational.com\/de\/wp-json\/wp\/v2\/pages\/43265\/revisions\/76340"}],"up":[{"embeddable":true,"href":"https:\/\/www.sisinternational.com\/de\/wp-json\/wp\/v2\/pages\/14514"}],"wp:featuredmedia":[{"embeddable":true,"href":"https:\/\/www.sisinternational.com\/de\/wp-json\/wp\/v2\/media\/63809"}],"wp:attachment":[{"href":"https:\/\/www.sisinternational.com\/de\/wp-json\/wp\/v2\/media?parent=43265"}],"curies":[{"name":"wp","href":"https:\/\/api.w.org\/{rel}","templated":true}]}}