{"id":43182,"date":"2023-08-22T09:28:18","date_gmt":"2023-08-22T13:28:18","guid":{"rendered":"https:\/\/www.sisinternational.com\/?page_id=43182"},"modified":"2026-01-26T18:47:05","modified_gmt":"2026-01-26T23:47:05","slug":"telemetrie-marktforschung","status":"publish","type":"page","link":"https:\/\/www.sisinternational.com\/de\/sachverstand\/telemetrie-marktforschung\/","title":{"rendered":"Telemetrie-Marktforschung"},"content":{"rendered":"<h1 class=\"wp-block-heading\">Telemetrie-Marktforschung<\/h1>\n\n\n\n<figure class=\"gb-block-image gb-block-image-ab1c3e47\"><img loading=\"lazy\" decoding=\"async\" width=\"1456\" height=\"816\" class=\"gb-image gb-image-ab1c3e47\" src=\"https:\/\/www.sisinternational.com\/wp-content\/uploads\/2025\/08\/Medical-dewvice-1.jpg\" alt=\"SIS International Marktforschung &amp; Strategie\" title=\"Medical dewvice (1)\" srcset=\"https:\/\/www.sisinternational.com\/wp-content\/uploads\/2025\/08\/Medical-dewvice-1.jpg 1456w, https:\/\/www.sisinternational.com\/wp-content\/uploads\/2025\/08\/Medical-dewvice-1-300x168.jpg 300w, https:\/\/www.sisinternational.com\/wp-content\/uploads\/2025\/08\/Medical-dewvice-1-1024x574.jpg 1024w, https:\/\/www.sisinternational.com\/wp-content\/uploads\/2025\/08\/Medical-dewvice-1-768x430.jpg 768w, https:\/\/www.sisinternational.com\/wp-content\/uploads\/2025\/08\/Medical-dewvice-1-18x10.jpg 18w\" sizes=\"auto, (max-width: 1456px) 100vw, 1456px\"><\/figure>\n\n\n\n<p><\/p>\n\n\n\n<p>Heutzutage ist der Bedarf an Echtzeitinformationen und Daten\u00fcbertragung in zahlreichen Branchen von gr\u00f6\u00dfter Bedeutung. Und die Telemetrie (der Prozess der Datenerfassung von entfernten Standorten und deren \u00dcbertragung an Empfangsstationen zur \u00dcberwachung und Analyse) hat sich zum R\u00fcckgrat der heutigen datengesteuerten Welt entwickelt.<\/p>\n\n\n\n<p>Daher wird die Marktforschung im Bereich Telemetrie von entscheidender Bedeutung, da Unternehmen das Potenzial dieser Technologie aussch\u00f6pfen, gleichzeitig aber auch ihre Komplexit\u00e4t bew\u00e4ltigen und das gesamte Potenzial aussch\u00f6pfen m\u00f6chten, das diese Technologie Unternehmen bieten kann.<\/p>\n\n\n\n<h2 class=\"wp-block-heading\">Telemetrie-Marktforschung: Eine eingehende Untersuchung<\/h2>\n\n\n\n<p>Telemetrie-Marktforschung ist der systematische Prozess der Erfassung, Analyse und Interpretation von Daten, die speziell mit der Telemetriebranche in Zusammenhang stehen. Telemetrie bezieht sich auf die automatische Messung und \u00dcbertragung von Daten von entfernten oder unzug\u00e4nglichen Quellen an Empfangsstationen zur \u00dcberwachung und Analyse.<\/p>\n\n\n\n<p>Da die Industrien immer st\u00e4rker vernetzt sind und auf Echtzeitdaten angewiesen sind, wird die Telemetrie zu einem unverzichtbaren Werkzeug f\u00fcr verschiedene Anwendungen, von der Gesundheitsversorgung und Automobilsystemen bis hin zu Versorgungsunternehmen und der Luft- und Raumfahrt. Angesichts der vielf\u00e4ltigen Einsatzm\u00f6glichkeiten zielt die Telemetrie-Marktforschung auf folgende Erkenntnisse ab:<\/p>\n\n\n\n<ul class=\"wp-block-list\">\n<li><strong>Marktdynamik:<\/strong> Dies umfasst die aktuelle Gr\u00f6\u00dfe des Telemetriemarktes, das prognostizierte Wachstum, die wichtigsten Akteure und potenzielle Marktst\u00f6rer.<\/li>\n\n\n\n<li><strong>Technologische Entwicklung:<\/strong> Verstehen der Fortschritte in der Telemetrietechnologie, einschlie\u00dflich Hardware, Software und Kommunikationsprotokolle.<\/li>\n\n\n\n<li><strong>Industrieanwendungen:<\/strong> Bestimmen Sie, welche Sektoren die Telemetrie am intensivsten nutzen, und identifizieren Sie neue Sektoren, die von ihrer Integration profitieren k\u00f6nnten.<\/li>\n\n\n\n<li><strong>Benutzeranforderungen und -pr\u00e4ferenzen:<\/strong> Bewerten, was Unternehmen und Endbenutzer von Telemetriel\u00f6sungen erwarten, einschlie\u00dflich Funktionen, Genauigkeit und Zuverl\u00e4ssigkeit.<\/li>\n\n\n\n<li><strong>Herausforderungen und Hindernisse:<\/strong> Identifying potential hurdles in the telemetry <a href=\"https:\/\/www.sisinternational.com\/de\/losungen\/ai-marktforschung-und-strategieberatung\/technologie-industrie-automatisierung-kunstliche-intelligenz-beratung\/\" title=\"Beratung zur Automatisierung der Technologiebranche und zu k\u00fcnstlicher Intelligenz\"  data-wpil-monitor-id=\"9522\">industry such as technological<\/a> challenges, regulatory issues, or data security concerns.<\/li>\n\n\n\n<li><strong>Chancen und Wachstumspotenzial:<\/strong> Erkennen neuer Trends, Innovationen und potenzieller Expansionsbereiche im Telemetriesektor.<\/li>\n\n\n\n<li><strong>Regulatorische Rahmenbedingungen:<\/strong> Das Verst\u00e4ndnis globaler und regionaler Vorschriften hinsichtlich Datenschutz, Sicherheit und Compliance ist von entscheidender Bedeutung.<\/li>\n\n\n\n<li><a href=\"https:\/\/www.sisinternational.com\/de\/so-fuhren-sie-eine-wettbewerbsanalyse-durch\/\" title=\"Wettbewerbsanalyse im Marketing\"  data-wpil-monitor-id=\"9518\">Competitive Analysis: Surveying the market<\/a> to pinpoint major players, their offerings, market share, and strategic approaches.<\/li>\n\n\n\n<li><strong>Wirtschaftliche Auswirkung:<\/strong> Messung des wirtschaftlichen Werts der Telemetriebranche in Bezug auf Umsatz und Besch\u00e4ftigung.<\/li>\n<\/ul>\n\n\n\n<h2 class=\"wp-block-heading\">Vorteile und Bedeutung der Telemetrie-Marktforschung<\/h2>\n\n\n\n<p>Market research specifically geared towards telemetry provides a wealth of insights that are invaluable to businesses and organizations. Here are the key <a href=\"https:\/\/www.sisinternational.com\/de\/losungen\/qualitative-quantitative-forschungslosungen\/quantitative-research-benefits\/\" title=\"Quantitative Research Benefits\"  data-wpil-monitor-id=\"9523\">benefits and importance of such research<\/a>:<\/p>\n\n\n\n<ul class=\"wp-block-list\">\n<li><strong>Informierte Entscheidungsfindung:<\/strong> Telemetrie-Marktforschung bietet genaue und aktuelle Daten zur Marktdynamik und erm\u00f6glicht es Unternehmen, fundierte strategische Entscheidungen zu treffen, die sich an Branchentrends und Verbraucherpr\u00e4ferenzen orientieren.<\/li>\n\n\n\n<li><strong>Identifizierung von Wachstumschancen:<\/strong> Eine umfassende Studie zu diesem Thema zeigt Bereiche mit ungenutztem Potenzial oder neue Einsatzm\u00f6glichkeiten der Telemetrie auf. Dies ist von unsch\u00e4tzbarem Wert f\u00fcr Unternehmen, die expandieren oder diversifizieren m\u00f6chten.<\/li>\n\n\n\n<li><strong>Wettbewerbslandschaften verstehen:<\/strong> Durch Telemetrie-Marktforschung werden die Hauptakteure sowie deren St\u00e4rken, Strategien und Marktanteile identifiziert. So k\u00f6nnen Unternehmen sich effektiv positionieren und Wettbewerbsbedrohungen erkennen.<\/li>\n\n\n\n<li><strong>Technologische Fortschritte:<\/strong> W\u00e4hrend sich die Technologie st\u00e4ndig weiterentwickelt, k\u00f6nnen durch Marktforschung die neuesten Innovationen und Fortschritte in der Telemetrie ermittelt werden. So k\u00f6nnen Unternehmen ihre Vorreiterrolle behalten und innovative L\u00f6sungen einf\u00fchren.<\/li>\n\n\n\n<li><strong>Risikominderung:<\/strong> Telemetrie-Marktforschung kann potenzielle Herausforderungen, regulatorische \u00c4nderungen oder Fallstricke aufzeigen. Diese Vorausschau hilft Unternehmen, diese Probleme pr\u00e4ventiv anzugehen und Risiken zu minimieren.<\/li>\n\n\n\n<li><strong>Einblicke f\u00fcr Verbraucher und Endbenutzer:<\/strong> Es befasst sich mit den Bed\u00fcrfnissen, Vorlieben und Schwachstellen der Endbenutzer. Diese Informationen sind f\u00fcr Unternehmen von entscheidender Bedeutung, um ihr Produktangebot zu verbessern und ihre L\u00f6sungen anzupassen.<\/li>\n\n\n\n<li><strong>Finanzprognosen:<\/strong> Businesses can make more accurate financial predictions and set budgets accordingly with <a href=\"https:\/\/www.sisinternational.com\/de\/global-beverage-market\/\" title=\"Global Beverage Market: Market Dynamics, Growth Projections &amp; Consumer Insights\"  data-wpil-monitor-id=\"9519\">insights into market growth<\/a>, potential revenue streams, and emerging sectors.<\/li>\n\n\n\n<li><strong>Einblicke in Vorschriften und Compliance:<\/strong> Bei der Telemetrie geht es oft um sensible Daten, die daher verschiedenen Vorschriften unterliegen. Daher kann die Marktforschung zur Telemetrie Einblicke in aktuelle und kommende Vorschriften geben und sicherstellen, dass Unternehmen die Vorschriften einhalten.<\/li>\n\n\n\n<li><strong>Tailored <a href=\"https:\/\/www.sisinternational.com\/de\/losungen\/b2b-unternehmensvertriebsmarktforschung\/\" title=\"B2B Enterprise Sales Marktforschung\"  data-wpil-monitor-id=\"9520\">Marketing and Sales<\/a> Strategies:<\/strong> Mit einem klaren Verst\u00e4ndnis des Marktes k\u00f6nnen Unternehmen ihre Marketing- und Verkaufsstrategien effektiver anpassen und das richtige Publikum mit der richtigen Botschaft ansprechen.<\/li>\n<\/ul>\n\n\n\n<h2 class=\"wp-block-heading\">Chancen und Herausforderungen in der Telemetrie-Marktforschung<\/h2>\n\n\n\n<p>Die M\u00f6glichkeit, Daten aus der Ferne zu erfassen und zu \u00fcbertragen, hat in vielen Branchen T\u00fcren f\u00fcr zahlreiche Innovationen und Verbesserungen ge\u00f6ffnet. Wie in jedem sich schnell entwickelnden Bereich gibt es jedoch auch in der Telemetrie-Marktforschung Chancen und Herausforderungen \u2013 und das Verst\u00e4ndnis dieser Nuancen kann Unternehmen und Stakeholdern einen deutlichen Wettbewerbsvorteil verschaffen.<\/p>\n\n\n\n<h3 class=\"wp-block-heading\">Gelegenheiten<\/h3>\n\n\n\n<ul class=\"wp-block-list\">\n<li><strong>Technologische Fortschritte:<\/strong> Das exponentielle Wachstum von IoT-Ger\u00e4ten (Internet of Things) ist eine wahre Goldgrube f\u00fcr Telemetrieanwendungen. Diese Ger\u00e4te sind in hohem Ma\u00dfe auf Echtzeit-Daten\u00fcbertragung und Fern\u00fcberwachung angewiesen, weshalb Telemetrie unverzichtbar ist. Ebenso versprechen 5G-Netzwerke eine schnellere und effizientere Daten\u00fcbertragung. Wenn L\u00e4nder 5G-Infrastrukturen einf\u00fchren, d\u00fcrfte der Telemetriemarkt enorm davon profitieren.<\/li>\n\n\n\n<li><strong>Vielf\u00e4ltige Branchenanwendungen:<\/strong> Au\u00dferhalb traditioneller Branchen wie der Luft- und Raumfahrt und der Verteidigung findet Telemetrie Anwendung im Gesundheitswesen (Telemedizin), in der Automobilindustrie (intelligente Autos), in der Landwirtschaft (Pr\u00e4zisionslandwirtschaft) und in der Versorgungswirtschaft (intelligente Stromnetze). Dar\u00fcber hinaus k\u00f6nnen Partnerschaften zwischen Technologieunternehmen, Anbietern von Telemetriel\u00f6sungen und branchenspezifischen Unternehmen zu ma\u00dfgeschneiderten, effizienteren L\u00f6sungen f\u00fchren.<\/li>\n\n\n\n<li><a href=\"https:\/\/www.sisinternational.com\/de\/billigflieger-in-der-luftfahrtindustrie\/\" title=\"Marktforschung f\u00fcr Billigflieger\"  data-wpil-monitor-id=\"9517\">Global Expansion: Emerging markets<\/a>, especially in the Asia-Pacific region, are mature enough for telemetry expansion, given their rapid industrialization and growing tech infrastructure.<\/li>\n<\/ul>\n\n\n\n<h3 class=\"wp-block-heading\">Herausforderungen<\/h3>\n\n\n\n<ul class=\"wp-block-list\">\n<li><strong>Regulatorische Rahmenbedingungen:<\/strong> Die Regierungen legen immer strengere Ma\u00dfst\u00e4be an die Daten\u00fcbertragung und den Datenschutz der Benutzer an. Die Akteure auf dem Telemetriemarkt m\u00fcssen sich st\u00e4ndig an diese sich \u00e4ndernden Vorschriften anpassen.<\/li>\n\n\n\n<li><strong>Schnelle technologische Entwicklung:<\/strong> Das rasante Tempo des technologischen Fortschritts f\u00fchrt dazu, dass Telemetriel\u00f6sungen schnell veralten k\u00f6nnen und st\u00e4ndige Upgrades und Forschung erfordern. Dar\u00fcber hinaus kann die Bereitstellung hochmoderner Telemetriesysteme kapitalintensiv sein, was kleine und mittlere Unternehmen m\u00f6glicherweise daran hindert, die neuesten L\u00f6sungen einzuf\u00fchren.<\/li>\n\n\n\n<li><strong>Qualifikationsl\u00fccke:<\/strong> The telemetry field requires specialized knowledge, and there is a growing need for skilled professionals who understand both the <a href=\"https:\/\/www.sisinternational.com\/de\/sachverstand\/branchen\/lebensmittel-und-getranketechnologie-marktforschung-lebensmitteltechnologie\/\" title=\"Marktforschung f\u00fcr Lebensmittel- und Getr\u00e4nketechnologie | Food Tech\"  data-wpil-monitor-id=\"9521\">technology and its market<\/a> implications. Furthermore, for businesses with existing infrastructures, integrating telemetry solutions without disrupting current operations can be intricate and challenging.<\/li>\n<\/ul>\n\n\n\n<h2 class=\"wp-block-heading\">Ausblick: Prognosen der Telemetrie-Marktforschung<\/h2>\n\n\n\n<ul class=\"wp-block-list\">\n<li><strong>Verbesserte Integration mit IoT:<\/strong> Da die Anzahl der IoT-Ger\u00e4te rasant zunimmt, wird die Telemetrie das R\u00fcckgrat dieses \u00d6kosystems sein und eine reibungslose Kommunikation und Daten\u00fcbertragung zwischen den Ger\u00e4ten gew\u00e4hrleisten. Unternehmen k\u00f6nnen mit einem exponentiellen Anstieg integrierter IoT-Telemetriel\u00f6sungen rechnen.<\/li>\n\n\n\n<li><strong>Erweiterte Echtzeitanalyse:<\/strong> Durch die Integration von KI und maschinellem Lernen werden Telemetriedaten in Echtzeit verarbeitet und bieten sofortige Erkenntnisse, Prognosen und Automatisierung, wodurch die Effizienz in allen Sektoren gesteigert wird.<\/li>\n\n\n\n<li><strong>Erweiterte Sicherheitsprotokolle:<\/strong> Angesichts der Bedenken hinsichtlich Datenschutzverletzungen wird die Telemetriebranche Fortschritte bei Verschl\u00fcsselung und Sicherheitsprotokollen erleben, die eine sicherere Daten\u00fcbertragung gew\u00e4hrleisten.<\/li>\n\n\n\n<li><strong>Wachstum in den Schwellenm\u00e4rkten:<\/strong> As technology infrastructure in regions like <a href=\"https:\/\/www.sisinternational.com\/de\/marktforschung-im-gesundheitswesen-emea\/\" title=\"Marktforschung im Gesundheitswesen in Europa\"  data-wpil-monitor-id=\"7037\">Afrika<\/a> and parts of Asia improves, there will be a surge in demand for telemetry solutions tailored to these markets&#8217; unique needs.<\/li>\n\n\n\n<li><strong>Weiterentwicklung der Automobil-Telemetrie:<\/strong> With the rise of autonomous vehicles, telemetry will become crucial in vehicle-to-vehicle and vehicle-to-infrastructure communications, ensuring <a href=\"https:\/\/www.sisinternational.com\/de\/sachverstand\/branchen\/marktforschung-zur-verkehrssicherheit\/\" title=\"Marktforschung zur Verkehrssicherheit\"  data-wpil-monitor-id=\"9524\">safety and efficiency on roads<\/a>.<\/li>\n\n\n\n<li><strong>Umweltfreundliche L\u00f6sungen:<\/strong> Da Nachhaltigkeit weltweit zu einer Priorit\u00e4t wird, bietet die Telemetrie L\u00f6sungen zur \u00dcberwachung und Verwaltung des Energieverbrauchs, des Wasserverbrauchs und anderer Ressourcen und f\u00f6rdert so umweltfreundlichere Praktiken.<\/li>\n<\/ul>","protected":false},"excerpt":{"rendered":"<p>Unter Telemetrie-Marktforschung versteht man die automatisierte Erfassung und \u00dcbertragung von Daten aus Remotequellen zur Analyse in der Telemetriebranche.<\/p>","protected":false},"author":1,"featured_media":63844,"parent":14514,"menu_order":340,"comment_status":"closed","ping_status":"closed","template":"","meta":{"footnotes":""},"class_list":["post-43182","page","type-page","status-publish","has-post-thumbnail"],"_links":{"self":[{"href":"https:\/\/www.sisinternational.com\/de\/wp-json\/wp\/v2\/pages\/43182","targetHints":{"allow":["GET"]}}],"collection":[{"href":"https:\/\/www.sisinternational.com\/de\/wp-json\/wp\/v2\/pages"}],"about":[{"href":"https:\/\/www.sisinternational.com\/de\/wp-json\/wp\/v2\/types\/page"}],"author":[{"embeddable":true,"href":"https:\/\/www.sisinternational.com\/de\/wp-json\/wp\/v2\/users\/1"}],"replies":[{"embeddable":true,"href":"https:\/\/www.sisinternational.com\/de\/wp-json\/wp\/v2\/comments?post=43182"}],"version-history":[{"count":5,"href":"https:\/\/www.sisinternational.com\/de\/wp-json\/wp\/v2\/pages\/43182\/revisions"}],"predecessor-version":[{"id":81587,"href":"https:\/\/www.sisinternational.com\/de\/wp-json\/wp\/v2\/pages\/43182\/revisions\/81587"}],"up":[{"embeddable":true,"href":"https:\/\/www.sisinternational.com\/de\/wp-json\/wp\/v2\/pages\/14514"}],"wp:featuredmedia":[{"embeddable":true,"href":"https:\/\/www.sisinternational.com\/de\/wp-json\/wp\/v2\/media\/63844"}],"wp:attachment":[{"href":"https:\/\/www.sisinternational.com\/de\/wp-json\/wp\/v2\/media?parent=43182"}],"curies":[{"name":"wp","href":"https:\/\/api.w.org\/{rel}","templated":true}]}}