{"id":43152,"date":"2023-08-21T21:36:24","date_gmt":"2023-08-22T01:36:24","guid":{"rendered":"https:\/\/www.sisinternational.com\/?page_id=43152"},"modified":"2026-01-26T18:30:39","modified_gmt":"2026-01-26T23:30:39","slug":"einkaufszentrum-umfrage-marktforschung","status":"publish","type":"page","link":"https:\/\/www.sisinternational.com\/de\/sachverstand\/einkaufszentrum-umfrage-marktforschung\/","title":{"rendered":"Mall-Umfrage Marktforschung"},"content":{"rendered":"<h1 class=\"wp-block-heading\">Mall-Umfrage Marktforschung<\/h1>\n\n\n\n<figure class=\"gb-block-image gb-block-image-624d12d4\"><img loading=\"lazy\" decoding=\"async\" width=\"1456\" height=\"816\" class=\"gb-image gb-image-624d12d4\" src=\"https:\/\/www.sisinternational.com\/wp-content\/uploads\/2025\/08\/Mall-survey-4.jpg\" alt=\"SIS International Marktforschung &amp; Strategie\" title=\"Mall survey (4)\" srcset=\"https:\/\/www.sisinternational.com\/wp-content\/uploads\/2025\/08\/Mall-survey-4.jpg 1456w, https:\/\/www.sisinternational.com\/wp-content\/uploads\/2025\/08\/Mall-survey-4-300x168.jpg 300w, https:\/\/www.sisinternational.com\/wp-content\/uploads\/2025\/08\/Mall-survey-4-1024x574.jpg 1024w, https:\/\/www.sisinternational.com\/wp-content\/uploads\/2025\/08\/Mall-survey-4-768x430.jpg 768w, https:\/\/www.sisinternational.com\/wp-content\/uploads\/2025\/08\/Mall-survey-4-18x10.jpg 18w\" sizes=\"auto, (max-width: 1456px) 100vw, 1456px\"><\/figure>\n\n\n\n<hr class=\"wp-block-separator has-alpha-channel-opacity is-style-dots\"\/>\n\n\n\n<p>Einkaufszentren sind Dreh- und Angelpunkte f\u00fcr Verbraucherinteraktionen und Handel. Sie sind nicht nur Orte zum Einkaufen; sie sind Erlebniszentren, in denen Verbraucher mit Marken in Kontakt treten. Daher ist es f\u00fcr Einkaufszentrumsbetreiber, Einzelh\u00e4ndler und Marken, die ihre Wirkung und Ertr\u00e4ge maximieren m\u00f6chten, von gr\u00f6\u00dfter Bedeutung, das Verbraucherverhalten, die Vorlieben und die Schwachstellen in diesen Einrichtungen zu verstehen.<\/p>\n\n\n\n<p>That&#8217;s why stakeholders rely on mall <a class=\"wpil_keyword_link\" href=\"https:\/\/www.sisinternational.com\/de\/losungen\/qualitative-quantitative-forschungslosungen\/umfrage-marktforschung\/\"   title=\"Umfrage Marktforschung\" data-wpil-keyword-link=\"linked\"  data-wpil-monitor-id=\"335\">Umfrage Marktforschung<\/a> to capture shoppers&#8217; motivations and desires. The feedback from these surveys helps in understanding the current state of affairs, forecasting emerging trends, and adapting to the ever-evolving retail landscape.<\/p>\n\n\n\n<h2 class=\"wp-block-heading\">Warum f\u00fchren Unternehmen Marktforschung in Einkaufszentren durch?<\/h2>\n\n\n\n<p>In the modern era of digitization and a significant shift towards online shopping, shopping malls are facing a real challenge. That&#8217;s why mall <a href=\"https:\/\/www.sisinternational.com\/de\/mitgliederbefragung-marktforschung\/\" title=\"Mitgliederbefragung Marktforschung\"  data-wpil-monitor-id=\"3590\">Umfrage Marktforschung<\/a> becomes pivotal in ensuring that these physical spaces remain relevant, vibrant, and profitable. Some benefits of this research are:<\/p>\n\n\n\n<ul class=\"wp-block-list\">\n<li><strong>Den Verbraucher verstehen:<\/strong> A deep understanding of the consumer lies at the heart of any successful retail strategy. What are their buying habits? Which amenities or services do they value most in a mall setting? By conducting mall surveys, businesses can tap into the mindset of their primary audience.<\/li>\n\n\n\n<li><strong>Optimierung des Einkaufserlebnisses:<\/strong> Feedback from surveys can help mall operators and retailers pinpoint areas for improvement. The insights gained can drive enhancements that directly uplift the shopper&#8217;s experience.<\/li>\n\n\n\n<li><strong>Anpassung an ver\u00e4nderte Trends:<\/strong> The retail industry is dynamic. What&#8217;s trending today might become obsolete tomorrow. Mall <a href=\"https:\/\/www.sisinternational.com\/de\/sachverstand\/branchen\/hotelumfrage-marktforschung\/\" title=\"Hotelumfrage Marktforschung\"  data-wpil-monitor-id=\"6259\">Umfrage Marktforschung<\/a> can help identify emerging trends, allowing businesses to stay ahead of the curve and adapt in real time.<\/li>\n\n\n\n<li><strong>Bewertung der Marketingbem\u00fchungen:<\/strong> Durch Umfragen l\u00e4sst sich die Wirksamkeit von Marketing- und Werbema\u00dfnahmen bewerten. So l\u00e4sst sich sicherstellen, dass sich Investitionen in diesen Bereichen bezahlt machen.<\/li>\n\n\n\n<li><strong>Risikominderung:<\/strong> Durch das Erkennen potenzieller Schwachstellen, Unzufriedenheitsbereiche oder betrieblicher Ineffizienzen durch Marktforschungsumfragen in Einkaufszentren k\u00f6nnen Einkaufszentren Probleme proaktiv angehen und so die mit Kundenunzufriedenheit oder Betriebsverlusten verbundenen Risiken minimieren.<\/li>\n\n\n\n<li><strong>Wettbewerbsf\u00e4hig bleiben:<\/strong> Differentiation is key in the competitive retail landscape. Through mall survey market research, malls can identify unique value propositions, tailor offerings, and curate experiences that set them apart from competitors.<\/li>\n\n\n\n<li><strong>Loyalit\u00e4t aufbauen:<\/strong> Wenn Sie mit Verbrauchern interagieren, ihr Feedback wertsch\u00e4tzen und auf der Grundlage ihrer Eingaben sichtbare \u00c4nderungen vornehmen, kann das ein Gef\u00fchl der Loyalit\u00e4t f\u00f6rdern. K\u00e4ufer kehren eher dorthin zur\u00fcck, wo sie sich geh\u00f6rt und wertgesch\u00e4tzt f\u00fchlen.<\/li>\n<\/ul>\n\n\n\n<h2 class=\"wp-block-heading\">M\u00f6glichkeiten der Marktforschung im Rahmen von Mall-Umfragen<\/h2>\n\n\n\n<figure class=\"gb-block-image gb-block-image-22c8c582\"><img loading=\"lazy\" decoding=\"async\" width=\"1456\" height=\"816\" class=\"gb-image gb-image-22c8c582\" src=\"https:\/\/www.sisinternational.com\/wp-content\/uploads\/2025\/08\/Mall-survey-2.jpg\" alt=\"SIS International Marktforschung &amp; Strategie\" title=\"Mall survey (2)\" srcset=\"https:\/\/www.sisinternational.com\/wp-content\/uploads\/2025\/08\/Mall-survey-2.jpg 1456w, https:\/\/www.sisinternational.com\/wp-content\/uploads\/2025\/08\/Mall-survey-2-300x168.jpg 300w, https:\/\/www.sisinternational.com\/wp-content\/uploads\/2025\/08\/Mall-survey-2-1024x574.jpg 1024w, https:\/\/www.sisinternational.com\/wp-content\/uploads\/2025\/08\/Mall-survey-2-768x430.jpg 768w, https:\/\/www.sisinternational.com\/wp-content\/uploads\/2025\/08\/Mall-survey-2-18x10.jpg 18w\" sizes=\"auto, (max-width: 1456px) 100vw, 1456px\"><\/figure>\n\n\n\n<p><\/p>\n\n\n\n<p>Der Bereich der Marktforschung in Einkaufszentren bietet zahlreiche M\u00f6glichkeiten. Da sich der Einzelhandel wandelt und die Rolle physischer Einkaufszentren sich weiterentwickelt, besteht ein zunehmender Bedarf an umfassenden Erkenntnissen, um sich in dieser dynamischen Landschaft zurechtzufinden. Hier sind einige der M\u00f6glichkeiten, die Stakeholder nutzen k\u00f6nnen:<\/p>\n\n\n\n<ul class=\"wp-block-list\">\n<li><strong>Technologische Integration:<\/strong> Dank des technologischen Fortschritts gibt es zahlreiche digitale Tools und Plattformen, die in Umfragen in Einkaufszentren integriert werden k\u00f6nnen, wie etwa KI-gesteuerte Analysen, Augmented-Reality-Umfragen (AR) oder sogar die Nutzung von Virtual Reality (VR), um potenzielle Erlebnisse in Einkaufszentren nachzubilden und auszuwerten.<\/li>\n\n\n\n<li><strong>Echtzeit-Feedback-Mechanismen:<\/strong> Einkaufszentren k\u00f6nnen Echtzeit-Feedbacksysteme einf\u00fchren, die es den Kunden erm\u00f6glichen, ihre Erfahrungen sofort mitzuteilen. Sofortiges Feedback kann zu schnellen Korrekturma\u00dfnahmen f\u00fchren und so das Einkaufserlebnis verbessern.<\/li>\n\n\n\n<li><strong>Personalisierungsm\u00f6glichkeiten:<\/strong> Durch die Analyse der Umfrageergebnisse k\u00f6nnen Einkaufszentren das Einkaufserlebnis an die individuellen Vorlieben der Kunden anpassen, beispielsweise durch personalisierte Werbeaktionen, Einladungen zu Veranstaltungen oder Vorteile aus Treueprogrammen.<\/li>\n\n\n\n<li><strong>Erlebnisorientierte Einkaufsanalyse:<\/strong> Einkaufszentren legen zunehmend Wert darauf, Erlebnisse zu bieten, die \u00fcber das reine Einkaufen hinausgehen. Umfragen k\u00f6nnen die Wirksamkeit und Attraktivit\u00e4t dieser Erlebnisse bewerten, egal ob es sich um Kunstinstallationen, Pop-up-Events, Workshops oder andere immersive Aktivit\u00e4ten handelt.<\/li>\n\n\n\n<li><strong>Online- und Offline-Integration:<\/strong> Es kann wichtig sein, zu verstehen, wie K\u00e4ufer zwischen Online- und Offline-Eink\u00e4ufen wechseln.<\/li>\n\n\n\n<li><strong>M\u00f6glichkeiten zur gemeinsamen Forschung:<\/strong> Einkaufszentren k\u00f6nnen mit Marken, Forschungseinrichtungen oder sogar Universit\u00e4ten zusammenarbeiten, um gemeinsame Studien durchzuf\u00fchren. Solche Kooperationen k\u00f6nnen vielf\u00e4ltiges Fachwissen einbringen und zu tieferen Erkenntnissen f\u00fchren.<\/li>\n<\/ul>\n\n\n\n<h2 class=\"wp-block-heading\">Herausforderungen bei der Marktforschung in Einkaufszentren<\/h2>\n\n\n\n<figure class=\"gb-block-image gb-block-image-0dafc84c\"><img loading=\"lazy\" decoding=\"async\" width=\"1456\" height=\"816\" class=\"gb-image gb-image-0dafc84c\" src=\"https:\/\/www.sisinternational.com\/wp-content\/uploads\/2025\/08\/Mall-survey-1.jpg\" alt=\"SIS International Marktforschung &amp; Strategie\" title=\"Mall survey (1)\" srcset=\"https:\/\/www.sisinternational.com\/wp-content\/uploads\/2025\/08\/Mall-survey-1.jpg 1456w, https:\/\/www.sisinternational.com\/wp-content\/uploads\/2025\/08\/Mall-survey-1-300x168.jpg 300w, https:\/\/www.sisinternational.com\/wp-content\/uploads\/2025\/08\/Mall-survey-1-1024x574.jpg 1024w, https:\/\/www.sisinternational.com\/wp-content\/uploads\/2025\/08\/Mall-survey-1-768x430.jpg 768w, https:\/\/www.sisinternational.com\/wp-content\/uploads\/2025\/08\/Mall-survey-1-18x10.jpg 18w\" sizes=\"auto, (max-width: 1456px) 100vw, 1456px\"><\/figure>\n\n\n\n<p><\/p>\n\n\n\n<p>Da sich die Einzelhandelslandschaft ver\u00e4ndert und das Verbraucherverhalten sich weiterentwickelt, stehen Forscher vor mehreren H\u00fcrden bei der Erfassung und Interpretation der ben\u00f6tigten Daten. Hier sind einige der wichtigsten Herausforderungen:<\/p>\n\n\n\n<ul class=\"wp-block-list\">\n<li><strong>Vielf\u00e4ltige Demografie:<\/strong> Einkaufszentren ziehen eine gro\u00dfe Bandbreite an Besuchern an, die unterschiedliche Altersgruppen, kulturelle Hintergr\u00fcnde, Einkommensklassen und Einkaufsvorlieben abdecken. Die Gestaltung einer Umfrage, die eine so vielf\u00e4ltige Bev\u00f6lkerungsgruppe anspricht, kann eine Herausforderung sein.<\/li>\n\n\n\n<li><strong>Ver\u00e4ndertes Verbraucherverhalten:<\/strong> Das Einkaufsverhalten der Verbraucher und ihre Erwartungen an den station\u00e4ren Einzelhandel entwickeln sich st\u00e4ndig weiter. Mit diesen Ver\u00e4nderungen Schritt zu halten und sicherzustellen, dass Umfragen weiterhin relevant bleiben, ist eine st\u00e4ndige Herausforderung.<\/li>\n\n\n\n<li><strong>Umfragem\u00fcdigkeit:<\/strong> K\u00e4ufer werden oft auf verschiedenen Plattformen mit Anfragen nach Feedback \u00fcberschwemmt. Dies kann zu Umfragem\u00fcdigkeit f\u00fchren, da die Befragten sich entweder daf\u00fcr entscheiden, nicht teilzunehmen oder \u00fcbereilte und wenig durchdachte Antworten geben.<\/li>\n\n\n\n<li><strong>Ethische \u00dcberlegungen:<\/strong> Der Schutz der Privatsph\u00e4re der Befragten, die Gew\u00e4hrleistung der Datensicherheit und die Verwaltung der Einwilligung nach erfolgter Aufkl\u00e4rung k\u00f6nnen Herausforderungen darstellen, insbesondere angesichts der strengen Datenschutzbestimmungen in vielen Regionen.<\/li>\n\n\n\n<li><strong>Zeitliche Variationen:<\/strong> Das Feedback der Verbraucher kann je nach Jahreszeit, Feiertagen, Werbeaktionen oder sogar Tageszeit variieren. Diese Schwankungen zu ber\u00fccksichtigen, um genaue Erkenntnisse zu gewinnen, kann schwierig sein.<\/li>\n\n\n\n<li><strong>Interpretation qualitativer Daten:<\/strong> W\u00e4hrend quantitative Daten eine einfachere Analyse erm\u00f6glichen, kann qualitatives Feedback, wie etwa offene Antworten, subjektiv und schwierig zu interpretieren und zu kategorisieren sein.<\/li>\n<\/ul>\n\n\n\n<div style=\"height:100px\" aria-hidden=\"true\" class=\"wp-block-spacer\"><\/div>\n\n\n<div class=\"gb-container gb-container-497dace3\">\n\n<div class=\"wp-block-group is-nowrap is-layout-flex wp-container-core-group-is-layout-ad2f72ca wp-block-group-is-layout-flex\"><div class=\"gb-container gb-container-5aed01c2\">\n\n<h3 class=\"gb-headline gb-headline-da10e16b gb-headline-text\">Ready to explore the insights that drive smarter decisions?<\/h3>\n\n\n\n<p class=\"has-base-3-color has-text-color has-link-color wp-elements-6feca161098eb3009a944b0807219eaf\">Contact our Research experts today.<\/p>\n\n\n\n<a class=\"gb-button gb-button-422680e1 smooth-scroll\" href=\"https:\/\/www.sisinternational.com\/de\/kontaktieren-sie-sis-international-market-research\/\" target=\"_blank\" rel=\"noopener noreferrer\" aria-label=\"Unser Leistungsspektrum\"><span class=\"gb-button-text\">kontaktiere uns<\/span><span class=\"gb-icon\"><svg aria-hidden=\"true\" role=\"img\" height=\"1em\" width=\"1em\" viewbox=\"0 0 256 512\" xmlns=\"http:\/\/www.w3.org\/2000\/svg\"><path fill=\"currentColor\" d=\"M224.3 273l-136 136c-9.4 9.4-24.6 9.4-33.9 0l-22.6-22.6c-9.4-9.4-9.4-24.6 0-33.9l96.4-96.4-96.4-96.4c-9.4-9.4-9.4-24.6 0-33.9L54.3 103c9.4-9.4 24.6-9.4 33.9 0l136 136c9.5 9.4 9.5 24.6.1 34z\"><\/path><\/svg><\/span><\/a>\n\n\n\n<p class=\"gb-headline gb-headline-c446f412 gb-headline-text\"><\/p>\n\n<\/div><\/div>\n\n<\/div>\n\n\n<div style=\"height:100px\" aria-hidden=\"true\" class=\"wp-block-spacer\"><\/div>\n\n\n\n<h2 class=\"wp-block-heading\">Die Zukunft<\/h2>\n\n\n\n<p>Mall survey market research is influenced by evolving consumer behaviors, technological advancements, and global economic dynamics. Here&#8217;s a vision of what the future may hold for this type of <a href=\"https:\/\/www.sisinternational.com\/de\/losungen\/ai-marktforschung-und-strategieberatung\/computer-vision-ki-marktforschung\/\" title=\"Marktforschung f\u00fcr Computer Vision-KI\"  data-wpil-monitor-id=\"6909\">Forschung<\/a> in the near future:<\/p>\n\n\n\n<ul class=\"wp-block-list\">\n<li><strong>Integration fortschrittlicher Technologien:<\/strong> KI und maschinelles Lernen (ML) werden genutzt, um gro\u00dfe Datenmengen schnell zu analysieren, Muster abzuleiten und zuk\u00fcnftiges Einkaufsverhalten vorherzusagen. Dar\u00fcber hinaus k\u00f6nnten AR und VR in Umfragen eingesetzt werden, um bestimmte Einkaufsszenarien nachzubilden, Reaktionen zu sammeln oder m\u00f6gliche Verbesserungen in Einkaufszentren zu bewerten.<\/li>\n\n\n\n<li><strong>Echtzeit-Datenanalyse:<\/strong> Da Einkaufszentren IoT-Ger\u00e4te und intelligente Technologien integrieren, wird die Datenerfassung und -analyse in Echtzeit immer h\u00e4ufiger zum Einsatz kommen. Dies k\u00f6nnte sofortige Einblicke in die Bewegungen, Verhaltensweisen und Vorlieben der K\u00e4ufer liefern.<\/li>\n\n\n\n<li><strong>Omnichannel-Feedback-Sammlung:<\/strong> \u00dcber die physischen Befragungen im Einkaufszentrum hinaus wird es eine nahtlose Integration von Online- und Offline-Feedbackmechanismen geben, die einen umfassenderen \u00dcberblick \u00fcber das Einkaufserlebnis der Kunden erm\u00f6glicht und so f\u00fcr die Marktstudie zu Einkaufszentren von gro\u00dfem Nutzen ist.<\/li>\n\n\n\n<li><strong>Personalisierte Befragung:<\/strong> Durch den Einsatz von KI und Datenanalyse werden Umfragen pers\u00f6nlicher gestaltet. Bestimmte K\u00e4ufersegmente werden mit ma\u00dfgeschneiderten Fragen angesprochen, um aussagekr\u00e4ftigere Erkenntnisse zu gewinnen.<\/li>\n\n\n\n<li><strong>Gemeinsame Forschungsinitiativen:<\/strong> Einkaufszentren k\u00f6nnten intensiv mit Marken, der Wissenschaft und sogar mit Stadtplanern zusammenarbeiten, um Erkenntnisse zu gewinnen, die nicht nur dem Einzelhandels-\u00d6kosystem, sondern der gesamten Gesellschaft zugutekommen.<\/li>\n\n\n\n<li><strong>Detaillierte demografische Studien:<\/strong> Das Verst\u00e4ndnis der Nuancen unterschiedlicher demografischer Gruppen, von der Generation Z bis zu den Babyboomern, von Einheimischen bis zu internationalen Touristen, wird von entscheidender Bedeutung sein. Dies wird zu tiefergehenden, segmentierten Forschungsinitiativen f\u00fchren.<\/li>\n<\/ul>\n\n\n<h2>Unser Standort in New York<\/h2>\n<p><!-- \/wp:post-content --> <!-- wp:html --> <iframe loading=\"lazy\" src=\"https:\/\/www.google.com\/maps\/embed?pb=!1m18!1m12!1m3!1d3022.976188376966!2d-73.99130312499956!3d40.740549471389315!2m3!1f0!2f0!3f0!3m2!1i1024!2i768!4f13.1!3m3!1m2!1s0x89c259a15798c731%3A0xd695d09bdd495f25!2s11%20E%2022nd%20St%20FL%202%2C%20New%20York%2C%20NY%2010010%2C%20USA!5e0!3m2!1sen!2spe!4v1726171763526!5m2!1sen!2spe\" width=\"600\" height=\"450\" allowfullscreen=\"allowfullscreen\" data-mce-fragment=\"1\"><\/iframe> <!-- \/wp:html --> <!-- wp:paragraph --><\/p>\n<h3 class=\"wp-block-heading\">11 E 22nd Street, Floor 2, New York, NY 10010 T: +1(212) 505-6805<\/h3>\n<hr \/>\n<h2><span style=\"font-weight: 400;\">\u00dcber SIS International<\/span><\/h2>\n<p><a href=\"https:\/\/www.sisinternational.com\/de\/\"><span style=\"font-weight: 400;\">SIS International<\/span><\/a><span style=\"font-weight: 400;\"> bietet quantitative, qualitative und strategische Forschung an. Wir liefern Daten, Tools, Strategien, Berichte und Erkenntnisse zur Entscheidungsfindung. Wir f\u00fchren auch Interviews, Umfragen, Fokusgruppen und andere Methoden und Ans\u00e4tze der Marktforschung durch.<\/span><a href=\"https:\/\/www.sisinternational.com\/de\/uber-sis-international-research\/contact-sis-international-market-research\/\"><span style=\"font-weight: 400;\"> Kontakt<\/span><\/a><span style=\"font-weight: 400;\"> f\u00fcr Ihr n\u00e4chstes Marktforschungsprojekt.<\/span><\/p>\n<h2>\u00a0<\/h2>","protected":false},"excerpt":{"rendered":"<p>Um sicherzustellen, dass Einkaufszentren relevant, lebendig und profitabel bleiben, ist eine Marktforschung im Rahmen von Einkaufszentren von entscheidender Bedeutung.<\/p>","protected":false},"author":1,"featured_media":63378,"parent":14514,"menu_order":333,"comment_status":"closed","ping_status":"closed","template":"","meta":{"footnotes":""},"class_list":["post-43152","page","type-page","status-publish","has-post-thumbnail"],"_links":{"self":[{"href":"https:\/\/www.sisinternational.com\/de\/wp-json\/wp\/v2\/pages\/43152","targetHints":{"allow":["GET"]}}],"collection":[{"href":"https:\/\/www.sisinternational.com\/de\/wp-json\/wp\/v2\/pages"}],"about":[{"href":"https:\/\/www.sisinternational.com\/de\/wp-json\/wp\/v2\/types\/page"}],"author":[{"embeddable":true,"href":"https:\/\/www.sisinternational.com\/de\/wp-json\/wp\/v2\/users\/1"}],"replies":[{"embeddable":true,"href":"https:\/\/www.sisinternational.com\/de\/wp-json\/wp\/v2\/comments?post=43152"}],"version-history":[{"count":9,"href":"https:\/\/www.sisinternational.com\/de\/wp-json\/wp\/v2\/pages\/43152\/revisions"}],"predecessor-version":[{"id":80480,"href":"https:\/\/www.sisinternational.com\/de\/wp-json\/wp\/v2\/pages\/43152\/revisions\/80480"}],"up":[{"embeddable":true,"href":"https:\/\/www.sisinternational.com\/de\/wp-json\/wp\/v2\/pages\/14514"}],"wp:featuredmedia":[{"embeddable":true,"href":"https:\/\/www.sisinternational.com\/de\/wp-json\/wp\/v2\/media\/63378"}],"wp:attachment":[{"href":"https:\/\/www.sisinternational.com\/de\/wp-json\/wp\/v2\/media?parent=43152"}],"curies":[{"name":"wp","href":"https:\/\/api.w.org\/{rel}","templated":true}]}}