{"id":43144,"date":"2023-08-21T17:41:53","date_gmt":"2023-08-21T21:41:53","guid":{"rendered":"https:\/\/www.sisinternational.com\/?page_id=43144"},"modified":"2026-03-12T11:37:27","modified_gmt":"2026-03-12T15:37:27","slug":"marktforschung-fur-industriegase","status":"publish","type":"page","link":"https:\/\/www.sisinternational.com\/de\/sachverstand\/industrielle-marktforschung\/marktforschung-fur-industriegase\/","title":{"rendered":"Marktforschung f\u00fcr Industriegase"},"content":{"rendered":"<h1 class=\"wp-block-heading\">Marktforschung f\u00fcr Industriegase<\/h1>\n\n\n\n<figure class=\"gb-block-image gb-block-image-2e0be489\"><img loading=\"lazy\" decoding=\"async\" width=\"1456\" height=\"816\" class=\"gb-image gb-image-2e0be489\" src=\"https:\/\/www.sisinternational.com\/wp-content\/uploads\/2025\/08\/Gas-station-4.jpg\" alt=\"SIS International Marktforschung &amp; Strategie\" title=\"Gas station (4)\" srcset=\"https:\/\/www.sisinternational.com\/wp-content\/uploads\/2025\/08\/Gas-station-4.jpg 1456w, https:\/\/www.sisinternational.com\/wp-content\/uploads\/2025\/08\/Gas-station-4-300x168.jpg 300w, https:\/\/www.sisinternational.com\/wp-content\/uploads\/2025\/08\/Gas-station-4-1024x574.jpg 1024w, https:\/\/www.sisinternational.com\/wp-content\/uploads\/2025\/08\/Gas-station-4-768x430.jpg 768w, https:\/\/www.sisinternational.com\/wp-content\/uploads\/2025\/08\/Gas-station-4-18x10.jpg 18w\" sizes=\"auto, (max-width: 1456px) 100vw, 1456px\"><\/figure>\n\n\n\n<hr class=\"wp-block-separator has-alpha-channel-opacity is-style-dots\"\/>\n\n\n\n<p>Sich in der Gasbranche zurechtzufinden, war nie einfach und war den H\u00f6hen und Tiefen des Marktes ausgeliefert. Um diese Branche zu verstehen, muss man daher ihren Puls genau kennen. Eine Aufgabe, bei der die Marktforschung f\u00fcr Industriegase eine entscheidende Rolle spielt.<\/p>\n\n\n\n<p>Im Rahmen dieser Untersuchung wird nicht nur die aktuelle Situation analysiert, sondern auch die zuk\u00fcnftige Entwicklung vorhergesehen. So erhalten die Beteiligten eine klare Vision f\u00fcr die Entwicklung von Strategien, Innovationen und Spitzenleistungen. Damit wird die Untersuchung zu einem entscheidenden Instrument f\u00fcr jedes Unternehmen, das in dieser wettbewerbsintensiven Branche erfolgreich sein m\u00f6chte.<\/p>\n\n\n\n<h2 class=\"wp-block-heading\">Bedeutung der Marktforschung f\u00fcr Industriegase<\/h2>\n\n\n\n<p>The industrial gas sector stands as a prime source of such dynamism. This is where the essence of industrial <a href=\"https:\/\/www.sisinternational.com\/de\/losungen\/marktforschung-fur-ol-und-gaspipelines\/\" title=\"\u00d6l- und Gaspipeline-Marktforschung\"  data-wpil-monitor-id=\"2145\">gas market research<\/a> comes into play, helping global companies to understand the ever-changing market and its possible future changes. In particular, some of its most important advantages include the following:<\/p>\n\n\n\n<ul class=\"wp-block-list\">\n<li><strong>Trends verstehen:<\/strong> Comprehensive industrial <a href=\"https:\/\/www.sisinternational.com\/de\/sachverstand\/branchen\/ol-und-gasmarktforschung\/\" title=\"\u00d6l- und Gasmarktforschung\"  data-wpil-monitor-id=\"3081\">gas market research<\/a> helps in identifying and understanding both macro and micro trends. It offers these insights regarding the rising demand for a specific gas in a particular industry \u2013 or technological innovation that could disrupt traditional supply chains.<\/li>\n\n\n\n<li><strong>Risikominderung:<\/strong> By providing a holistic view of the market, including potential challenges and barriers, <a href=\"https:\/\/www.sisinternational.com\/de\/sachverstand\/branchen\/marktforschung-in-der-fotoindustrie\/\" title=\"Marktforschung f\u00fcr die Fotoindustrie\"  data-wpil-monitor-id=\"3202\">Marktforschung f\u00fcr Industriegase<\/a> assists companies in risk assessment and mitigation strategies, making it easier for companies to assess their risks and invest in this sector.<\/li>\n\n\n\n<li><strong>Strategische Entscheidungsfindung:<\/strong> For businesses looking to invest, diversify, or even exit certain market segments, data-driven insights from <a href=\"https:\/\/www.sisinternational.com\/de\/sachverstand\/branchen\/marktforschung-im-industriedesign\/\" title=\"Marktforschung f\u00fcr Industriedesign\"  data-wpil-monitor-id=\"4157\">Marktforschung f\u00fcr Industriegase<\/a> are vital. They provide the basis for strategic decision-making and give clear guidance for future investments.<\/li>\n\n\n\n<li><strong>Zuk\u00fcnftige Anforderungen vorhersehen:<\/strong> Beyond understanding the current landscape, <a href=\"https:\/\/www.sisinternational.com\/de\/venezuela-oil-mining-industry-potential-strategic-forecast-2026-2036\/\" title=\"Venezuela Oil &amp; Mining Industry Potential: Strategic Forecast 2026-2036\"  data-wpil-monitor-id=\"1299\">Marktforschung f\u00fcr Industriegase<\/a> provides projections and forecasts. This forward-looking perspective is crucial for businesses to stay ahead of the curve, be it in terms of capacity expansion, R&amp;D, or exploring new markets.<\/li>\n<\/ul>\n\n\n\n<h2 class=\"wp-block-heading\">Hauptakteure und Wettbewerbsumfeld<\/h2>\n\n\n\n<p>Der Markt f\u00fcr Industriegase ist von einem lebhaften Wettbewerbsumfeld gepr\u00e4gt. Allerdings dominieren einige wenige multinationale Konzerne einen betr\u00e4chtlichen Teil des Marktes \u2013 auch wenn der Markt auch Platz f\u00fcr Nischenanbieter, regionale Gro\u00dfkonzerne und innovative Start-ups bietet.<\/p>\n\n\n\n<ul class=\"wp-block-list\">\n<li><strong>Air Liquide:<\/strong> Air Liquide ist ein globaler Riese mit Hauptsitz in Frankreich, der in \u00fcber 80 L\u00e4ndern vertreten ist und auf Gase, Technologien und Dienstleistungen f\u00fcr die Industrie und den Gesundheitssektor spezialisiert ist.<\/li>\n\n\n\n<li><strong>Linde PLC:<\/strong> Linde PLC ist einer der weltweit gr\u00f6\u00dften Industriegasekonzerne. Das Unternehmen verf\u00fcgt \u00fcber ein diversifiziertes Portfolio, das zahlreiche Branchen bedient, vom Gesundheitswesen bis zur Metallurgie.<\/li>\n\n\n\n<li><strong>Air Products &amp; Chemicals Inc.:<\/strong> Air Products ist ein f\u00fchrender Name im Industriegasesektor und bietet innovative L\u00f6sungen und ein ausgedehntes Vertriebsnetz.<\/li>\n\n\n\n<li><strong>Messer Group:<\/strong> Die Messer Group ist vor allem in Europa und Asien ein bekannter Name und auf verschiedene Gase spezialisiert, von medizinischem Sauerstoff bis hin zu Spezialgasen f\u00fcr die Elektronik.<\/li>\n\n\n\n<li><strong>Yingde-Gase:<\/strong> Als dominierender Akteur in China ist Yingde Gases in den letzten Jahrzehnten exponentiell gewachsen und unterstreicht damit das schnelle industrielle Wachstum im Asien-Pazifik-Raum.<\/li>\n<\/ul>\n\n\n\n<h2 class=\"wp-block-heading\">Markttreiber im Industriegasesektor<\/h2>\n\n\n\n<p>In the dynamic industrial gas sector, analyzing market drivers is critical to gauge current trajectories and forecast future trends. Among the most important ones to leverage in <a href=\"https:\/\/www.sisinternational.com\/de\/sachverstand\/branchen\/marktforschung-zur-industriellen-automatisierung\/\" title=\"Marktforschung f\u00fcr die industrielle Automatisierung\"  data-wpil-monitor-id=\"4814\">Marktforschung f\u00fcr Industriegase<\/a> are:<\/p>\n\n\n\n<ul class=\"wp-block-list\">\n<li><strong>Schnelle Industrialisierung:<\/strong> L\u00e4nder wie Indien, China, Brasilien und Teile S\u00fcdostasiens und Afrikas verzeichnen ein beschleunigtes industrielles Wachstum. Dieser Aufschwung f\u00fchrt zu einer verst\u00e4rkten Nachfrage nach Industriegasen in zahlreichen Sektoren. Angesichts der zunehmenden Urbanisierung und Infrastrukturprojekte besteht eine erhebliche Nachfrage nach Gasen im Baugewerbe, in der Metallurgie und verwandten Sektoren.<\/li>\n\n\n\n<li><strong>Vertriebs- und Speicherl\u00f6sungen:<\/strong> Technologische Fortschritte bei der Speicherung, dem Transport und der Verteilung stellen sicher, dass die Gase ihre Reinheit behalten und f\u00f6rdern das Marktwachstum.<\/li>\n\n\n\n<li><strong>Umweltfreundliche Technologien:<\/strong> Der globale Vorsto\u00df hin zu umweltfreundlicheren Technologien f\u00fchrt zu einer erh\u00f6hten Nachfrage nach Industriegasen im Bereich der erneuerbaren Energien, insbesondere nach Wasserstoff in Brennstoffzellen. Da die Industrie bestrebt ist, ihren CO2-Fu\u00dfabdruck zu reduzieren, werden Gase wie CO2 abgeschieden und gespeichert, was eine weitere M\u00f6glichkeit f\u00fcr Marktwachstum bietet.<\/li>\n\n\n\n<li><strong>K\u00fchlkettenlogistik:<\/strong> Das Wachstum der weltweiten Nahrungsmittelindustrie, insbesondere von Tiefk\u00fchlkost, hat den Bedarf an Gasen wie Stickstoff und CO2 zum Einfrieren und Transportieren erh\u00f6ht.<\/li>\n<\/ul>\n\n\n\n<h2 class=\"wp-block-heading\">Technologische Fortschritte in der Marktforschung f\u00fcr Industriegase<\/h2>\n\n\n\n<p>Die Marktforschung f\u00fcr Industriegase hat sich erheblich weiterentwickelt; verschiedene technologische Innovationen haben zur Verfeinerung ihrer Methoden und Verbesserung ihrer Ergebnisse beigetragen.<\/p>\n\n\n\n<ul class=\"wp-block-list\">\n<li><strong>Big Data und erweiterte Analysen:<\/strong> Angesichts der riesigen Datenmengen aus verschiedenen Quellen sind erweiterte Analysetools unverzichtbar geworden. Diese Tools analysieren Daten, heben Muster hervor und prognostizieren zuk\u00fcnftige Trends, wodurch eine pr\u00e4zisere Marktforschung gew\u00e4hrleistet wird.<\/li>\n\n\n\n<li><strong>K\u00fcnstliche Intelligenz (KI) und maschinelles Lernen (ML):<\/strong> Diese Technologien haben der Marktforschung f\u00fcr Industriegase eine beispiellose Weitsicht verliehen. KI- und ML-Modelle k\u00f6nnen Daten autonom interpretieren und Marktdynamiken vorhersagen.<\/li>\n\n\n\n<li><strong>Blockchain-Technologie:<\/strong> Beyond cryptocurrencies, blockchain offers a layer of transparency and <a href=\"https:\/\/www.sisinternational.com\/de\/sachverstand\/branchen\/sicherheitsmarktforschung\/\" title=\"Sicherheitsmarktforschung\"  data-wpil-monitor-id=\"6536\">security to industrial gas market research<\/a>. It guarantees data authenticity, builds confidence in research findings, and allows a secure platform for data exchanges among various stakeholders.<\/li>\n\n\n\n<li><strong>Internet der Dinge (IoT):<\/strong> In industrielle Gasinfrastrukturen integrierte IoT-Ger\u00e4te liefern einen kontinuierlichen Fluss von Echtzeitdaten. Diese Unmittelbarkeit stellt sicher, dass die Marktforschung aktuell bleibt und die neuesten Marktbedingungen und Trends widerspiegelt.<\/li>\n\n\n\n<li><strong>Virtuelle Realit\u00e4t (VR) und Erweiterte Realit\u00e4t (AR):<\/strong> Die Marktforschung f\u00fcr Industriegase nutzt VR und AR zur immersiven Datenvisualisierung. Durch die Umwandlung komplexer Datens\u00e4tze in interaktive 3D-Darstellungen verbessern diese Technologien das Datenverst\u00e4ndnis und erm\u00f6glichen umfassendere Erkenntnisse.<\/li>\n\n\n\n<li><strong>Kollaborative Plattformen und Tools:<\/strong> Da Forschung oft gemeinschaftliche Anstrengungen erfordert, sind moderne Werkzeuge und Plattformen erforderlich, die es Forschern an verschiedenen Standorten erm\u00f6glichen, zusammenzuarbeiten.<\/li>\n<\/ul>\n\n\n\n<h2 class=\"wp-block-heading\">Chancen und Herausforderungen der Industriegase-Marktforschung<\/h2>\n\n\n\n<p>Die Marktforschung f\u00fcr Industriegase ist voller Komplexit\u00e4ten und M\u00f6glichkeiten. Unternehmen, die nach Erkenntnissen suchen, um sich im Industriegasesektor zurechtzufinden, stehen vor zahlreichen Chancen und Herausforderungen, wie zum Beispiel:<\/p>\n\n\n\n<h3 class=\"wp-block-heading\">Gelegenheiten:<\/h3>\n\n\n\n<ul class=\"wp-block-list\">\n<li><a href=\"https:\/\/www.sisinternational.com\/de\/chancen-und-hindernisse-des-islamischen-bankwesens-fur-die-us-finanzbranche\/\" title=\"Islamic Banking: Chancen und Hindernisse f\u00fcr die US-Finanzbranche\"  data-wpil-monitor-id=\"6701\">Emerging Markets: Rapid industrialization<\/a> in developing economies offers lucrative opportunities for the industrial gas sector. Industrial gas market research can identify these untapped markets, providing a blueprint for expansion and growth.<\/li>\n\n\n\n<li><strong>Nachhaltigkeit und gr\u00fcne L\u00f6sungen:<\/strong> There is a growing global emphasis on sustainable practices. Research can guide <a href=\"https:\/\/www.sisinternational.com\/de\/smartphone\/\" title=\"Smartphone-Marktforschung\"  data-wpil-monitor-id=\"2899\">industries in innovating eco-friendly gas solutions<\/a>, catering to this rising demand and creating a competitive edge.<\/li>\n\n\n\n<li><strong>Vielf\u00e4ltige Einsatzm\u00f6glichkeiten:<\/strong> Industriegase finden Anwendung in Branchen wie Gesundheitswesen, Lebensmittel und Getr\u00e4nke sowie Elektronik. Daher kann eine gr\u00fcndliche Marktforschung neue Anwendungen aufdecken, den Markt erweitern und die Rentabilit\u00e4t steigern.<\/li>\n<\/ul>\n\n\n\n<h3 class=\"wp-block-heading\">Herausforderungen:<\/h3>\n\n\n\n<ul class=\"wp-block-list\">\n<li><strong>Regulierungs- und Compliance-Probleme:<\/strong> Angesichts der sich entwickelnden globalen Vorschriften wird es zu einer Herausforderung, die Vorschriften einzuhalten. Die Marktforschung f\u00fcr Industriegase muss mit diesen \u00c4nderungen Schritt halten und sicherstellen, dass Unternehmen die Vorschriften einhalten und gleichzeitig profitabel bleiben.<\/li>\n\n\n\n<li><strong>Volatile Marktdynamik:<\/strong> Faktoren wie geopolitische Spannungen oder Konjunkturabschw\u00fcnge k\u00f6nnen den Industriegasemarkt erheblich beeinflussen. Die Forschung muss diese Schwankungen vorhersagen und Unternehmen auf m\u00f6gliche Marktinstabilit\u00e4ten vorbereiten.<\/li>\n\n\n\n<li><strong>Komplexit\u00e4t der Lieferkette:<\/strong> The global nature of the industrial gas industry introduces supply chain intricacies. Market <a href=\"https:\/\/www.sisinternational.com\/de\/sachverstand\/branchen\/marktforschung-fur-drittanbieterlogistik\/\" title=\"Marktforschung f\u00fcr Drittanbieterlogistik\"  data-wpil-monitor-id=\"4771\">Forschung<\/a> must strategize optimal supply chain logistics, minimizing disruptions and maximizing efficiency.<\/li>\n\n\n\n<li><strong>Sicherheits-Bedenken:<\/strong> Industriegase bergen bei Produktion, Lagerung und Transport h\u00e4ufig Sicherheitsrisiken. Die Forschung muss Sicherheitsprotokolle und Innovationen umfassen, um sicherzustellen, dass Industriestandards eingehalten und Risiken minimiert werden.<\/li>\n\n\n\n<li><strong>Wettbewerbss\u00e4ttigung:<\/strong> Angesichts der zahlreichen Akteure auf dem Industriegasemarkt wird die Differenzierung zur Herausforderung. Die Marktforschung f\u00fcr Industriegase muss einzigartige Wertangebote identifizieren, die Unternehmen dabei helfen, sich in einem ges\u00e4ttigten Markt abzuheben.<\/li>\n<\/ul>\n\n\n\n<p><\/p>","protected":false},"excerpt":{"rendered":"<p>Im dynamischen Industriegassektor ist die Analyse der Markttreiber von entscheidender Bedeutung, um aktuelle Entwicklungen einzusch\u00e4tzen und zuk\u00fcnftige Trends vorherzusagen.<\/p>","protected":false},"author":1,"featured_media":63841,"parent":14181,"menu_order":332,"comment_status":"closed","ping_status":"closed","template":"","meta":{"footnotes":""},"class_list":["post-43144","page","type-page","status-publish","has-post-thumbnail"],"_links":{"self":[{"href":"https:\/\/www.sisinternational.com\/de\/wp-json\/wp\/v2\/pages\/43144","targetHints":{"allow":["GET"]}}],"collection":[{"href":"https:\/\/www.sisinternational.com\/de\/wp-json\/wp\/v2\/pages"}],"about":[{"href":"https:\/\/www.sisinternational.com\/de\/wp-json\/wp\/v2\/types\/page"}],"author":[{"embeddable":true,"href":"https:\/\/www.sisinternational.com\/de\/wp-json\/wp\/v2\/users\/1"}],"replies":[{"embeddable":true,"href":"https:\/\/www.sisinternational.com\/de\/wp-json\/wp\/v2\/comments?post=43144"}],"version-history":[{"count":14,"href":"https:\/\/www.sisinternational.com\/de\/wp-json\/wp\/v2\/pages\/43144\/revisions"}],"predecessor-version":[{"id":80281,"href":"https:\/\/www.sisinternational.com\/de\/wp-json\/wp\/v2\/pages\/43144\/revisions\/80281"}],"up":[{"embeddable":true,"href":"https:\/\/www.sisinternational.com\/de\/wp-json\/wp\/v2\/pages\/14181"}],"wp:featuredmedia":[{"embeddable":true,"href":"https:\/\/www.sisinternational.com\/de\/wp-json\/wp\/v2\/media\/63841"}],"wp:attachment":[{"href":"https:\/\/www.sisinternational.com\/de\/wp-json\/wp\/v2\/media?parent=43144"}],"curies":[{"name":"wp","href":"https:\/\/api.w.org\/{rel}","templated":true}]}}